{"id":4238,"date":"2024-01-15T01:34:01","date_gmt":"2024-01-15T01:34:01","guid":{"rendered":"https:\/\/longchangchemical.com\/?post_type=product&#038;p=4238"},"modified":"2025-12-22T02:02:52","modified_gmt":"2025-12-22T02:02:52","slug":"trehalose-cas-99-20-7","status":"publish","type":"product","link":"https:\/\/longchangchemical.com\/pt\/product\/trehalose-cas-99-20-7\/","title":{"rendered":"trealose cas 99-20-7"},"content":{"rendered":"<h2><strong>Propriedades t\u00edpicas da trealose<\/strong><\/h2>\n<table class=\"table-1\">\n<tbody>\n<tr>\n<td>Itens<\/td>\n<td>Especifica\u00e7\u00f5es<\/td>\n<\/tr>\n<tr>\n<td>Apar\u00eancia<\/td>\n<td>P\u00f3 branco<\/td>\n<\/tr>\n<tr>\n<td>Ensaio<\/td>\n<td>99%min<\/td>\n<\/tr>\n<tr>\n<td>Prazo de validade<\/td>\n<td>2 anos<\/td>\n<\/tr>\n<\/tbody>\n<\/table>\n<h2><strong>Uso de trealose<\/strong><\/h2>\n<ol>\n<li>Pode ser usado em cosm\u00e9ticos para a pele, como limpador facial, para inibir o ressecamento da pele<\/li>\n<li>Ele pode ser usado como ado\u00e7ante, melhorador de sabor e melhorador de qualidade para v\u00e1rias composi\u00e7\u00f5es, como batom, purificador oral e fragr\u00e2ncia oral.<\/li>\n<li>A trealose anidra pode ser usada como um agente desidratante para fosfolip\u00eddios e enzimas em cremes para a pele e similares.<\/li>\n<li><strong>Setor de alimentos:<\/strong> A trealose, com o n\u00famero CAS 99-20-7, \u00e9 comumente usada na ind\u00fastria aliment\u00edcia. Ela serve como ado\u00e7ante, real\u00e7ador de sabor e estabilizador em v\u00e1rios produtos aliment\u00edcios, inclusive itens de panifica\u00e7\u00e3o, confeitaria e bebidas.<\/li>\n<li><strong>Cosm\u00e9ticos e produtos para a pele:<\/strong> Esse composto encontra aplica\u00e7\u00f5es em cosm\u00e9ticos e produtos de cuidados com a pele. A trealose \u00e9 usada por suas propriedades hidratantes, contribuindo para a formula\u00e7\u00e3o de f\u00f3rmulas de cuidados com a pele, como cremes e lo\u00e7\u00f5es.<\/li>\n<li><strong>Produtos biofarmac\u00eauticos:<\/strong> A trealose \u00e9 utilizada no setor biofarmac\u00eautico. Ela \u00e9 usada como agente estabilizador de prote\u00ednas e outras biomol\u00e9culas, ajudando a manter sua estabilidade durante o armazenamento e o transporte.<\/li>\n<li><strong>Aplicativos m\u00e9dicos:<\/strong> Em determinadas aplica\u00e7\u00f5es m\u00e9dicas, a trealose pode ser usada. Ela \u00e9 estudada por seus benef\u00edcios potenciais em v\u00e1rias condi\u00e7\u00f5es m\u00e9dicas e aplica\u00e7\u00f5es terap\u00eauticas.<\/li>\n<\/ol>\n<h2><strong>Embalagem e envio de trealose<\/strong><\/h2>\n<p>Embalagem: 20 kg\/saco<\/p>\n<h2><strong>Armazenamento de TREHALOSE<\/strong><\/h2>\n<p>Armazenado em um local fresco e seco, longe da luz solar direta<\/p>\n<h2><strong><b>Entre em contato conosco agora!<\/b><\/strong><\/h2>\n<p><strong><b>Se precisar de COA, MSDS ou TDS, preencha suas informa\u00e7\u00f5es de contato no formul\u00e1rio abaixo. Normalmente, entraremos em contato em 24 horas. Voc\u00ea tamb\u00e9m pode me enviar um e-mail <span style=\"color: #0000ff;\"><a style=\"color: #0000ff;\" href=\"mailto:info@longchangchemical.com\">info@longchangchemical.com<\/a><\/span> durante o hor\u00e1rio comercial (das 8h30 \u00e0s 18h UTC+8 de segunda a s\u00e1bado) ou use o bate-papo ao vivo do site para obter uma resposta imediata.<\/b><\/strong><\/p>","protected":false},"excerpt":{"rendered":"<h2><strong>TrealoseDetalhes r\u00e1pidos<\/strong><\/h2>\n<p>Nome qu\u00edmico: Trealose<br \/>\nN\u00famero CAS: 99-20-7<br \/>\nF\u00f3rmula molecular: C12H22O11<\/p>\n<p>Estrutura qu\u00edmica\uff1a<img decoding=\"async\" title=\"image.png\" src=\"https:\/\/www.longchangchemical.com\/wp-content\/uploads\/product-details\/20200617325341.png\" alt=\"image.png\" \/><\/p>\n<p>Peso molecular: 342,3<\/p>\n<p>Apar\u00eancia: p\u00f3 branco<\/p>\n<p>Ensaio: 99%min<\/p>","protected":false},"featured_media":6452,"comment_status":"open","ping_status":"closed","template":"","meta":[],"product_brand":[],"product_cat":[69],"product_tag":[],"class_list":{"0":"post-4238","1":"product","2":"type-product","3":"status-publish","4":"has-post-thumbnail","6":"product_cat-catalysts-chemical-auxiliary-agents","8":"first","9":"instock","10":"shipping-taxable","11":"product-type-simple"},"yoast_head":"<!-- This site is optimized with the Yoast SEO plugin v25.3.1 - https:\/\/yoast.com\/wordpress\/plugins\/seo\/ -->\n<title>China Trehalose Manufacturer CAS 99-20-7 -Longchang Chemical<\/title>\n<meta name=\"description\" content=\"trehalose cas 99-20-7 is key product of Longchang Chemical. We provide best price. We are the leading manufacturer and supplier in China with the best quanlity and competitive price.\" \/>\n<meta name=\"robots\" content=\"index, follow, max-snippet:-1, max-image-preview:large, max-video-preview:-1\" \/>\n<link rel=\"canonical\" href=\"https:\/\/longchangchemical.com\/pt\/product\/trehalose-cas-99-20-7\/\" \/>\n<meta property=\"og:locale\" content=\"pt_BR\" \/>\n<meta property=\"og:type\" content=\"article\" \/>\n<meta property=\"og:title\" content=\"China Trehalose Manufacturer CAS 99-20-7 -Longchang Chemical\" \/>\n<meta property=\"og:description\" content=\"trehalose cas 99-20-7 is key product of Longchang Chemical. We provide best price. We are the leading manufacturer and supplier in China with the best quanlity and competitive price.\" \/>\n<meta property=\"og:url\" content=\"https:\/\/longchangchemical.com\/pt\/product\/trehalose-cas-99-20-7\/\" \/>\n<meta property=\"og:site_name\" content=\"Longchang Chemical\" \/>\n<meta property=\"article:modified_time\" content=\"2025-12-22T02:02:52+00:00\" \/>\n<meta property=\"og:image\" content=\"https:\/\/longchangchemical.com\/wp-content\/uploads\/2021\/01\/4-3.jpg\" \/>\n\t<meta property=\"og:image:width\" content=\"800\" \/>\n\t<meta property=\"og:image:height\" content=\"800\" \/>\n\t<meta property=\"og:image:type\" content=\"image\/jpeg\" \/>\n<meta name=\"twitter:card\" content=\"summary_large_image\" \/>\n<script type=\"application\/ld+json\" class=\"yoast-schema-graph\">{\"@context\":\"https:\/\/schema.org\",\"@graph\":[{\"@type\":\"WebPage\",\"@id\":\"https:\/\/longchangchemical.com\/product\/trehalose-cas-99-20-7\/\",\"url\":\"https:\/\/longchangchemical.com\/product\/trehalose-cas-99-20-7\/\",\"name\":\"China Trehalose Manufacturer CAS 99-20-7 -Longchang Chemical\",\"isPartOf\":{\"@id\":\"https:\/\/longchangchemical.com\/#website\"},\"primaryImageOfPage\":{\"@id\":\"https:\/\/longchangchemical.com\/product\/trehalose-cas-99-20-7\/#primaryimage\"},\"image\":{\"@id\":\"https:\/\/longchangchemical.com\/product\/trehalose-cas-99-20-7\/#primaryimage\"},\"thumbnailUrl\":\"https:\/\/longchangchemical.com\/wp-content\/uploads\/2021\/01\/4-3.jpg\",\"datePublished\":\"2024-01-15T01:34:01+00:00\",\"dateModified\":\"2025-12-22T02:02:52+00:00\",\"description\":\"trehalose cas 99-20-7 is key product of Longchang Chemical. We provide best price. We are the leading manufacturer and supplier in China with the best quanlity and competitive price.\",\"breadcrumb\":{\"@id\":\"https:\/\/longchangchemical.com\/product\/trehalose-cas-99-20-7\/#breadcrumb\"},\"inLanguage\":\"pt-BR\",\"potentialAction\":[{\"@type\":\"ReadAction\",\"target\":[\"https:\/\/longchangchemical.com\/product\/trehalose-cas-99-20-7\/\"]}]},{\"@type\":\"ImageObject\",\"inLanguage\":\"pt-BR\",\"@id\":\"https:\/\/longchangchemical.com\/product\/trehalose-cas-99-20-7\/#primaryimage\",\"url\":\"https:\/\/longchangchemical.com\/wp-content\/uploads\/2021\/01\/4-3.jpg\",\"contentUrl\":\"https:\/\/longchangchemical.com\/wp-content\/uploads\/2021\/01\/4-3.jpg\",\"width\":800,\"height\":800,\"caption\":\"trehalose cas 99-20-7\"},{\"@type\":\"BreadcrumbList\",\"@id\":\"https:\/\/longchangchemical.com\/product\/trehalose-cas-99-20-7\/#breadcrumb\",\"itemListElement\":[{\"@type\":\"ListItem\",\"position\":1,\"name\":\"Home\",\"item\":\"https:\/\/longchangchemical.com\/\"},{\"@type\":\"ListItem\",\"position\":2,\"name\":\"Products Longchang\",\"item\":\"https:\/\/longchangchemical.com\/product\/\"},{\"@type\":\"ListItem\",\"position\":3,\"name\":\"trehalose cas 99-20-7\"}]},{\"@type\":\"WebSite\",\"@id\":\"https:\/\/longchangchemical.com\/#website\",\"url\":\"https:\/\/longchangchemical.com\/\",\"name\":\"Longchang Chemical\",\"description\":\"China chemical manufacturer \uff06 supplier\",\"publisher\":{\"@id\":\"https:\/\/longchangchemical.com\/#organization\"},\"potentialAction\":[{\"@type\":\"SearchAction\",\"target\":{\"@type\":\"EntryPoint\",\"urlTemplate\":\"https:\/\/longchangchemical.com\/?s={search_term_string}\"},\"query-input\":{\"@type\":\"PropertyValueSpecification\",\"valueRequired\":true,\"valueName\":\"search_term_string\"}}],\"inLanguage\":\"pt-BR\"},{\"@type\":\"Organization\",\"@id\":\"https:\/\/longchangchemical.com\/#organization\",\"name\":\"Longchang Chemical\",\"url\":\"https:\/\/longchangchemical.com\/\",\"logo\":{\"@type\":\"ImageObject\",\"inLanguage\":\"pt-BR\",\"@id\":\"https:\/\/longchangchemical.com\/#\/schema\/logo\/image\/\",\"url\":\"https:\/\/longchangchemical.com\/wp-content\/uploads\/2020\/08\/cropped-longchang-logo.png\",\"contentUrl\":\"https:\/\/longchangchemical.com\/wp-content\/uploads\/2020\/08\/cropped-longchang-logo.png\",\"width\":512,\"height\":512,\"caption\":\"Longchang Chemical\"},\"image\":{\"@id\":\"https:\/\/longchangchemical.com\/#\/schema\/logo\/image\/\"}}]}<\/script>\n<!-- \/ Yoast SEO plugin. -->","yoast_head_json":{"title":"Fabricante de trealose na China CAS 99-20-7 - Longchang Chemical","description":"trehalose cas 99-20-7 \u00e9 o principal produto da Longchang Chemical. Oferecemos o melhor pre\u00e7o. Somos o principal fabricante e fornecedor da China, com a melhor qualidade e pre\u00e7o competitivo.","robots":{"index":"index","follow":"follow","max-snippet":"max-snippet:-1","max-image-preview":"max-image-preview:large","max-video-preview":"max-video-preview:-1"},"canonical":"https:\/\/longchangchemical.com\/pt\/product\/trehalose-cas-99-20-7\/","og_locale":"pt_BR","og_type":"article","og_title":"China Trehalose Manufacturer CAS 99-20-7 -Longchang Chemical","og_description":"trehalose cas 99-20-7 is key product of Longchang Chemical. We provide best price. We are the leading manufacturer and supplier in China with the best quanlity and competitive price.","og_url":"https:\/\/longchangchemical.com\/pt\/product\/trehalose-cas-99-20-7\/","og_site_name":"Longchang Chemical","article_modified_time":"2025-12-22T02:02:52+00:00","og_image":[{"width":800,"height":800,"url":"https:\/\/longchangchemical.com\/wp-content\/uploads\/2021\/01\/4-3.jpg","type":"image\/jpeg"}],"twitter_card":"summary_large_image","schema":{"@context":"https:\/\/schema.org","@graph":[{"@type":"WebPage","@id":"https:\/\/longchangchemical.com\/product\/trehalose-cas-99-20-7\/","url":"https:\/\/longchangchemical.com\/product\/trehalose-cas-99-20-7\/","name":"Fabricante de trealose na China CAS 99-20-7 - Longchang Chemical","isPartOf":{"@id":"https:\/\/longchangchemical.com\/#website"},"primaryImageOfPage":{"@id":"https:\/\/longchangchemical.com\/product\/trehalose-cas-99-20-7\/#primaryimage"},"image":{"@id":"https:\/\/longchangchemical.com\/product\/trehalose-cas-99-20-7\/#primaryimage"},"thumbnailUrl":"https:\/\/longchangchemical.com\/wp-content\/uploads\/2021\/01\/4-3.jpg","datePublished":"2024-01-15T01:34:01+00:00","dateModified":"2025-12-22T02:02:52+00:00","description":"trehalose cas 99-20-7 \u00e9 o principal produto da Longchang Chemical. Oferecemos o melhor pre\u00e7o. Somos o principal fabricante e fornecedor da China, com a melhor qualidade e pre\u00e7o competitivo.","breadcrumb":{"@id":"https:\/\/longchangchemical.com\/product\/trehalose-cas-99-20-7\/#breadcrumb"},"inLanguage":"pt-BR","potentialAction":[{"@type":"ReadAction","target":["https:\/\/longchangchemical.com\/product\/trehalose-cas-99-20-7\/"]}]},{"@type":"ImageObject","inLanguage":"pt-BR","@id":"https:\/\/longchangchemical.com\/product\/trehalose-cas-99-20-7\/#primaryimage","url":"https:\/\/longchangchemical.com\/wp-content\/uploads\/2021\/01\/4-3.jpg","contentUrl":"https:\/\/longchangchemical.com\/wp-content\/uploads\/2021\/01\/4-3.jpg","width":800,"height":800,"caption":"trehalose cas 99-20-7"},{"@type":"BreadcrumbList","@id":"https:\/\/longchangchemical.com\/product\/trehalose-cas-99-20-7\/#breadcrumb","itemListElement":[{"@type":"ListItem","position":1,"name":"Home","item":"https:\/\/longchangchemical.com\/"},{"@type":"ListItem","position":2,"name":"Products Longchang","item":"https:\/\/longchangchemical.com\/product\/"},{"@type":"ListItem","position":3,"name":"trehalose cas 99-20-7"}]},{"@type":"WebSite","@id":"https:\/\/longchangchemical.com\/#website","url":"https:\/\/longchangchemical.com\/","name":"Qu\u00edmica Longchang","description":"Fabricante de produtos qu\u00edmicos na China \uff06 fornecedor","publisher":{"@id":"https:\/\/longchangchemical.com\/#organization"},"potentialAction":[{"@type":"SearchAction","target":{"@type":"EntryPoint","urlTemplate":"https:\/\/longchangchemical.com\/?s={search_term_string}"},"query-input":{"@type":"PropertyValueSpecification","valueRequired":true,"valueName":"search_term_string"}}],"inLanguage":"pt-BR"},{"@type":"Organization","@id":"https:\/\/longchangchemical.com\/#organization","name":"Qu\u00edmica Longchang","url":"https:\/\/longchangchemical.com\/","logo":{"@type":"ImageObject","inLanguage":"pt-BR","@id":"https:\/\/longchangchemical.com\/#\/schema\/logo\/image\/","url":"https:\/\/longchangchemical.com\/wp-content\/uploads\/2020\/08\/cropped-longchang-logo.png","contentUrl":"https:\/\/longchangchemical.com\/wp-content\/uploads\/2020\/08\/cropped-longchang-logo.png","width":512,"height":512,"caption":"Longchang Chemical"},"image":{"@id":"https:\/\/longchangchemical.com\/#\/schema\/logo\/image\/"}}]}},"_links":{"self":[{"href":"https:\/\/longchangchemical.com\/pt\/wp-json\/wp\/v2\/product\/4238","targetHints":{"allow":["GET"]}}],"collection":[{"href":"https:\/\/longchangchemical.com\/pt\/wp-json\/wp\/v2\/product"}],"about":[{"href":"https:\/\/longchangchemical.com\/pt\/wp-json\/wp\/v2\/types\/product"}],"replies":[{"embeddable":true,"href":"https:\/\/longchangchemical.com\/pt\/wp-json\/wp\/v2\/comments?post=4238"}],"wp:featuredmedia":[{"embeddable":true,"href":"https:\/\/longchangchemical.com\/pt\/wp-json\/wp\/v2\/media\/6452"}],"wp:attachment":[{"href":"https:\/\/longchangchemical.com\/pt\/wp-json\/wp\/v2\/media?parent=4238"}],"wp:term":[{"taxonomy":"product_brand","embeddable":true,"href":"https:\/\/longchangchemical.com\/pt\/wp-json\/wp\/v2\/product_brand?post=4238"},{"taxonomy":"product_cat","embeddable":true,"href":"https:\/\/longchangchemical.com\/pt\/wp-json\/wp\/v2\/product_cat?post=4238"},{"taxonomy":"product_tag","embeddable":true,"href":"https:\/\/longchangchemical.com\/pt\/wp-json\/wp\/v2\/product_tag?post=4238"}],"curies":[{"name":"wp","href":"https:\/\/api.w.org\/{rel}","templated":true}]}}