{"id":4234,"date":"2024-01-15T01:48:21","date_gmt":"2024-01-15T01:48:21","guid":{"rendered":"https:\/\/longchangchemical.com\/?post_type=product&#038;p=4234"},"modified":"2025-12-22T01:52:14","modified_gmt":"2025-12-22T01:52:14","slug":"indole-cas-120-72-9","status":"publish","type":"product","link":"https:\/\/longchangchemical.com\/pt\/product\/indole-cas-120-72-9\/","title":{"rendered":"indole cas 120-72-9"},"content":{"rendered":"<h2><strong>Propriedades t\u00edpicas do indole<\/strong><\/h2>\n<table class=\"table-1\" cellspacing=\"0\">\n<tbody>\n<tr>\n<td>Item<\/td>\n<td>Especifica\u00e7\u00f5es<\/td>\n<\/tr>\n<tr>\n<td>Apar\u00eancia<\/td>\n<td>Cristal branco ou marrom<\/td>\n<\/tr>\n<tr>\n<td>Indole<\/td>\n<td>\u226599%<\/td>\n<\/tr>\n<tr>\n<td>Ponto de fus\u00e3o<\/td>\n<td>50\u2103-55\u2103<\/td>\n<\/tr>\n<\/tbody>\n<\/table>\n<h2><strong>Uso de indole<\/strong><\/h2>\n<p>\u00c9 usado principalmente como mat\u00e9ria-prima para especiarias, corantes, amino\u00e1cidos e pesticidas. Tamb\u00e9m \u00e9 uma especiaria e \u00e9 frequentemente usada em fragr\u00e2ncias di\u00e1rias, como jasmim, lil\u00e1s, l\u00f3tus e orqu\u00eddea.<\/p>\n<ol>\n<li><strong>S\u00edntese qu\u00edmica:<\/strong> O indole, com n\u00famero CAS 120-72-9, \u00e9 amplamente utilizado em s\u00edntese qu\u00edmica. Ele serve como um bloco de constru\u00e7\u00e3o vers\u00e1til na produ\u00e7\u00e3o de v\u00e1rios compostos org\u00e2nicos, incluindo produtos farmac\u00eauticos, agroqu\u00edmicos e especialidades qu\u00edmicas.<\/li>\n<li><strong>Setor de aromas e fragr\u00e2ncias:<\/strong> Esse composto encontra aplica\u00e7\u00f5es no setor de aromas e fragr\u00e2ncias. O indole contribui para a formula\u00e7\u00e3o de aromas e sabores espec\u00edficos, proporcionando um aroma distinto e caracter\u00edstico.<\/li>\n<li><strong>Intermedi\u00e1rios farmac\u00eauticos:<\/strong> O indole \u00e9 comumente empregado como um intermedi\u00e1rio na ind\u00fastria farmac\u00eautica. Ele \u00e9 utilizado na s\u00edntese de drogas e produtos farmac\u00eauticos, desempenhando um papel crucial na qu\u00edmica medicinal.<\/li>\n<li><strong>Pesquisa e desenvolvimento:<\/strong> Em atividades de pesquisa e desenvolvimento, o indole \u00e9 usado para v\u00e1rias an\u00e1lises e experimentos qu\u00edmicos. Sua natureza vers\u00e1til o torna valioso para a descoberta e o desenvolvimento de novos compostos.<\/li>\n<\/ol>\n<h2><strong>Embalagem e remessa de indole<\/strong><\/h2>\n<p>Embalagem: 25 kg\/tambor<\/p>\n<p>Entrega: por via mar\u00edtima\/a\u00e9rea<\/p>\n<h2><strong>Armazenamento de indole<\/strong><\/h2>\n<p>Evite umidade e chuva; mantenha-o em local seco e ventilado.<\/p>\n<h2><strong><b>Entre em contato conosco agora!<\/b><\/strong><\/h2>\n<h4><strong><b>Se precisar de COA, MSDS ou TDS, preencha suas informa\u00e7\u00f5es de contato no formul\u00e1rio abaixo. Normalmente, entraremos em contato em 24 horas. Voc\u00ea tamb\u00e9m pode me enviar um e-mail <span style=\"color: #0000ff;\"><a style=\"color: #0000ff;\" href=\"mailto:info@longchangchemical.com\">info@longchangchemical.com<\/a><\/span> durante o hor\u00e1rio comercial (das 8h30 \u00e0s 18h UTC+8 de segunda a s\u00e1bado) ou use o bate-papo ao vivo do site para obter uma resposta imediata.<\/b><\/strong><\/h4>","protected":false},"excerpt":{"rendered":"<h2><strong>Detalhes r\u00e1pidos do indole<\/strong><\/h2>\n<p>Nome qu\u00edmico: Indole<\/p>\n<p>N\u00famero CAS: 120-72-9<\/p>\n<p>F\u00f3rmula molecular: C8H7N<\/p>\n<p>Estrutura do indole:<img decoding=\"async\" title=\"Estrutura do indole\" src=\"https:\/\/www.longchangchemical.com\/wp-content\/uploads\/product-details\/20200612129287.png\" alt=\"Estrutura do indole\" width=\"200\" height=\"72\" border=\"0\" vspace=\"0\" \/><\/p>\n<p>Peso molecular: 117,15<\/p>\n<p>Apar\u00eancia: cristal branco ou marrom<\/p>\n<p>Ensaio: 99,5%min<\/p>","protected":false},"featured_media":6457,"comment_status":"open","ping_status":"closed","template":"","meta":[],"product_brand":[],"product_cat":[69],"product_tag":[],"class_list":{"0":"post-4234","1":"product","2":"type-product","3":"status-publish","4":"has-post-thumbnail","6":"product_cat-catalysts-chemical-auxiliary-agents","8":"first","9":"instock","10":"shipping-taxable","11":"product-type-simple"},"yoast_head":"<!-- This site is optimized with the Yoast SEO plugin v25.3.1 - https:\/\/yoast.com\/wordpress\/plugins\/seo\/ -->\n<title>China Indole Manufacturer CAS 120-72-9 -Longchang Chemical<\/title>\n<meta name=\"description\" content=\"indole cas 120-72-9 is key product of Longchang Chemical. We provide best price. We are the leading manufacturer and supplier in China with the best quanlity and competitive price.\" \/>\n<meta name=\"robots\" content=\"index, follow, max-snippet:-1, max-image-preview:large, max-video-preview:-1\" \/>\n<link rel=\"canonical\" href=\"https:\/\/longchangchemical.com\/pt\/product\/indole-cas-120-72-9\/\" \/>\n<meta property=\"og:locale\" content=\"pt_BR\" \/>\n<meta property=\"og:type\" content=\"article\" \/>\n<meta property=\"og:title\" content=\"China Indole Manufacturer CAS 120-72-9 -Longchang Chemical\" \/>\n<meta property=\"og:description\" content=\"indole cas 120-72-9 is key product of Longchang Chemical. We provide best price. We are the leading manufacturer and supplier in China with the best quanlity and competitive price.\" \/>\n<meta property=\"og:url\" content=\"https:\/\/longchangchemical.com\/pt\/product\/indole-cas-120-72-9\/\" \/>\n<meta property=\"og:site_name\" content=\"Longchang Chemical\" \/>\n<meta property=\"article:modified_time\" content=\"2025-12-22T01:52:14+00:00\" \/>\n<meta property=\"og:image\" content=\"https:\/\/longchangchemical.com\/wp-content\/uploads\/2021\/01\/2-4.jpg\" \/>\n\t<meta property=\"og:image:width\" content=\"800\" \/>\n\t<meta property=\"og:image:height\" content=\"800\" \/>\n\t<meta property=\"og:image:type\" content=\"image\/jpeg\" \/>\n<meta name=\"twitter:card\" content=\"summary_large_image\" \/>\n<script type=\"application\/ld+json\" class=\"yoast-schema-graph\">{\"@context\":\"https:\/\/schema.org\",\"@graph\":[{\"@type\":\"WebPage\",\"@id\":\"https:\/\/longchangchemical.com\/product\/indole-cas-120-72-9\/\",\"url\":\"https:\/\/longchangchemical.com\/product\/indole-cas-120-72-9\/\",\"name\":\"China Indole Manufacturer CAS 120-72-9 -Longchang Chemical\",\"isPartOf\":{\"@id\":\"https:\/\/longchangchemical.com\/#website\"},\"primaryImageOfPage\":{\"@id\":\"https:\/\/longchangchemical.com\/product\/indole-cas-120-72-9\/#primaryimage\"},\"image\":{\"@id\":\"https:\/\/longchangchemical.com\/product\/indole-cas-120-72-9\/#primaryimage\"},\"thumbnailUrl\":\"https:\/\/longchangchemical.com\/wp-content\/uploads\/2021\/01\/2-4.jpg\",\"datePublished\":\"2024-01-15T01:48:21+00:00\",\"dateModified\":\"2025-12-22T01:52:14+00:00\",\"description\":\"indole cas 120-72-9 is key product of Longchang Chemical. We provide best price. We are the leading manufacturer and supplier in China with the best quanlity and competitive price.\",\"breadcrumb\":{\"@id\":\"https:\/\/longchangchemical.com\/product\/indole-cas-120-72-9\/#breadcrumb\"},\"inLanguage\":\"pt-BR\",\"potentialAction\":[{\"@type\":\"ReadAction\",\"target\":[\"https:\/\/longchangchemical.com\/product\/indole-cas-120-72-9\/\"]}]},{\"@type\":\"ImageObject\",\"inLanguage\":\"pt-BR\",\"@id\":\"https:\/\/longchangchemical.com\/product\/indole-cas-120-72-9\/#primaryimage\",\"url\":\"https:\/\/longchangchemical.com\/wp-content\/uploads\/2021\/01\/2-4.jpg\",\"contentUrl\":\"https:\/\/longchangchemical.com\/wp-content\/uploads\/2021\/01\/2-4.jpg\",\"width\":800,\"height\":800,\"caption\":\"indole cas 120-72-9\"},{\"@type\":\"BreadcrumbList\",\"@id\":\"https:\/\/longchangchemical.com\/product\/indole-cas-120-72-9\/#breadcrumb\",\"itemListElement\":[{\"@type\":\"ListItem\",\"position\":1,\"name\":\"Home\",\"item\":\"https:\/\/longchangchemical.com\/\"},{\"@type\":\"ListItem\",\"position\":2,\"name\":\"Products Longchang\",\"item\":\"https:\/\/longchangchemical.com\/product\/\"},{\"@type\":\"ListItem\",\"position\":3,\"name\":\"indole cas 120-72-9\"}]},{\"@type\":\"WebSite\",\"@id\":\"https:\/\/longchangchemical.com\/#website\",\"url\":\"https:\/\/longchangchemical.com\/\",\"name\":\"Longchang Chemical\",\"description\":\"China chemical manufacturer \uff06 supplier\",\"publisher\":{\"@id\":\"https:\/\/longchangchemical.com\/#organization\"},\"potentialAction\":[{\"@type\":\"SearchAction\",\"target\":{\"@type\":\"EntryPoint\",\"urlTemplate\":\"https:\/\/longchangchemical.com\/?s={search_term_string}\"},\"query-input\":{\"@type\":\"PropertyValueSpecification\",\"valueRequired\":true,\"valueName\":\"search_term_string\"}}],\"inLanguage\":\"pt-BR\"},{\"@type\":\"Organization\",\"@id\":\"https:\/\/longchangchemical.com\/#organization\",\"name\":\"Longchang Chemical\",\"url\":\"https:\/\/longchangchemical.com\/\",\"logo\":{\"@type\":\"ImageObject\",\"inLanguage\":\"pt-BR\",\"@id\":\"https:\/\/longchangchemical.com\/#\/schema\/logo\/image\/\",\"url\":\"https:\/\/longchangchemical.com\/wp-content\/uploads\/2020\/08\/cropped-longchang-logo.png\",\"contentUrl\":\"https:\/\/longchangchemical.com\/wp-content\/uploads\/2020\/08\/cropped-longchang-logo.png\",\"width\":512,\"height\":512,\"caption\":\"Longchang Chemical\"},\"image\":{\"@id\":\"https:\/\/longchangchemical.com\/#\/schema\/logo\/image\/\"}}]}<\/script>\n<!-- \/ Yoast SEO plugin. -->","yoast_head_json":{"title":"Fabricante de indole na China CAS 120-72-9 -Longchang Chemical","description":"indole cas 120-72-9 \u00e9 o principal produto da Longchang Chemical. Oferecemos o melhor pre\u00e7o. Somos o principal fabricante e fornecedor da China, com a melhor qualidade e pre\u00e7o competitivo.","robots":{"index":"index","follow":"follow","max-snippet":"max-snippet:-1","max-image-preview":"max-image-preview:large","max-video-preview":"max-video-preview:-1"},"canonical":"https:\/\/longchangchemical.com\/pt\/product\/indole-cas-120-72-9\/","og_locale":"pt_BR","og_type":"article","og_title":"China Indole Manufacturer CAS 120-72-9 -Longchang Chemical","og_description":"indole cas 120-72-9 is key product of Longchang Chemical. We provide best price. We are the leading manufacturer and supplier in China with the best quanlity and competitive price.","og_url":"https:\/\/longchangchemical.com\/pt\/product\/indole-cas-120-72-9\/","og_site_name":"Longchang Chemical","article_modified_time":"2025-12-22T01:52:14+00:00","og_image":[{"width":800,"height":800,"url":"https:\/\/longchangchemical.com\/wp-content\/uploads\/2021\/01\/2-4.jpg","type":"image\/jpeg"}],"twitter_card":"summary_large_image","schema":{"@context":"https:\/\/schema.org","@graph":[{"@type":"WebPage","@id":"https:\/\/longchangchemical.com\/product\/indole-cas-120-72-9\/","url":"https:\/\/longchangchemical.com\/product\/indole-cas-120-72-9\/","name":"Fabricante de indole na China CAS 120-72-9 -Longchang Chemical","isPartOf":{"@id":"https:\/\/longchangchemical.com\/#website"},"primaryImageOfPage":{"@id":"https:\/\/longchangchemical.com\/product\/indole-cas-120-72-9\/#primaryimage"},"image":{"@id":"https:\/\/longchangchemical.com\/product\/indole-cas-120-72-9\/#primaryimage"},"thumbnailUrl":"https:\/\/longchangchemical.com\/wp-content\/uploads\/2021\/01\/2-4.jpg","datePublished":"2024-01-15T01:48:21+00:00","dateModified":"2025-12-22T01:52:14+00:00","description":"indole cas 120-72-9 \u00e9 o principal produto da Longchang Chemical. Oferecemos o melhor pre\u00e7o. Somos o principal fabricante e fornecedor da China, com a melhor qualidade e pre\u00e7o competitivo.","breadcrumb":{"@id":"https:\/\/longchangchemical.com\/product\/indole-cas-120-72-9\/#breadcrumb"},"inLanguage":"pt-BR","potentialAction":[{"@type":"ReadAction","target":["https:\/\/longchangchemical.com\/product\/indole-cas-120-72-9\/"]}]},{"@type":"ImageObject","inLanguage":"pt-BR","@id":"https:\/\/longchangchemical.com\/product\/indole-cas-120-72-9\/#primaryimage","url":"https:\/\/longchangchemical.com\/wp-content\/uploads\/2021\/01\/2-4.jpg","contentUrl":"https:\/\/longchangchemical.com\/wp-content\/uploads\/2021\/01\/2-4.jpg","width":800,"height":800,"caption":"indole cas 120-72-9"},{"@type":"BreadcrumbList","@id":"https:\/\/longchangchemical.com\/product\/indole-cas-120-72-9\/#breadcrumb","itemListElement":[{"@type":"ListItem","position":1,"name":"Home","item":"https:\/\/longchangchemical.com\/"},{"@type":"ListItem","position":2,"name":"Products Longchang","item":"https:\/\/longchangchemical.com\/product\/"},{"@type":"ListItem","position":3,"name":"indole cas 120-72-9"}]},{"@type":"WebSite","@id":"https:\/\/longchangchemical.com\/#website","url":"https:\/\/longchangchemical.com\/","name":"Qu\u00edmica Longchang","description":"Fabricante de produtos qu\u00edmicos na China \uff06 fornecedor","publisher":{"@id":"https:\/\/longchangchemical.com\/#organization"},"potentialAction":[{"@type":"SearchAction","target":{"@type":"EntryPoint","urlTemplate":"https:\/\/longchangchemical.com\/?s={search_term_string}"},"query-input":{"@type":"PropertyValueSpecification","valueRequired":true,"valueName":"search_term_string"}}],"inLanguage":"pt-BR"},{"@type":"Organization","@id":"https:\/\/longchangchemical.com\/#organization","name":"Qu\u00edmica Longchang","url":"https:\/\/longchangchemical.com\/","logo":{"@type":"ImageObject","inLanguage":"pt-BR","@id":"https:\/\/longchangchemical.com\/#\/schema\/logo\/image\/","url":"https:\/\/longchangchemical.com\/wp-content\/uploads\/2020\/08\/cropped-longchang-logo.png","contentUrl":"https:\/\/longchangchemical.com\/wp-content\/uploads\/2020\/08\/cropped-longchang-logo.png","width":512,"height":512,"caption":"Longchang Chemical"},"image":{"@id":"https:\/\/longchangchemical.com\/#\/schema\/logo\/image\/"}}]}},"_links":{"self":[{"href":"https:\/\/longchangchemical.com\/pt\/wp-json\/wp\/v2\/product\/4234","targetHints":{"allow":["GET"]}}],"collection":[{"href":"https:\/\/longchangchemical.com\/pt\/wp-json\/wp\/v2\/product"}],"about":[{"href":"https:\/\/longchangchemical.com\/pt\/wp-json\/wp\/v2\/types\/product"}],"replies":[{"embeddable":true,"href":"https:\/\/longchangchemical.com\/pt\/wp-json\/wp\/v2\/comments?post=4234"}],"wp:featuredmedia":[{"embeddable":true,"href":"https:\/\/longchangchemical.com\/pt\/wp-json\/wp\/v2\/media\/6457"}],"wp:attachment":[{"href":"https:\/\/longchangchemical.com\/pt\/wp-json\/wp\/v2\/media?parent=4234"}],"wp:term":[{"taxonomy":"product_brand","embeddable":true,"href":"https:\/\/longchangchemical.com\/pt\/wp-json\/wp\/v2\/product_brand?post=4234"},{"taxonomy":"product_cat","embeddable":true,"href":"https:\/\/longchangchemical.com\/pt\/wp-json\/wp\/v2\/product_cat?post=4234"},{"taxonomy":"product_tag","embeddable":true,"href":"https:\/\/longchangchemical.com\/pt\/wp-json\/wp\/v2\/product_tag?post=4234"}],"curies":[{"name":"wp","href":"https:\/\/api.w.org\/{rel}","templated":true}]}}