{"id":4230,"date":"2024-01-15T07:44:10","date_gmt":"2024-01-15T07:44:10","guid":{"rendered":"https:\/\/longchangchemical.com\/?post_type=product&#038;p=4230"},"modified":"2025-12-19T09:56:53","modified_gmt":"2025-12-19T09:56:53","slug":"chlorphenesin-cas-104-29-0","status":"publish","type":"product","link":"https:\/\/longchangchemical.com\/pt\/product\/chlorphenesin-cas-104-29-0\/","title":{"rendered":"clorofenesina cas 104-29-0"},"content":{"rendered":"<h2><strong>ClorfenesinaPropriedades t\u00edpicas<\/strong><\/h2>\n<table class=\"table-1\" cellspacing=\"0\">\n<tbody>\n<tr>\n<td><strong>Itens<\/strong><\/td>\n<td><strong>Especifica\u00e7\u00f5es<\/strong><\/td>\n<\/tr>\n<tr>\n<td>Apar\u00eancia<\/td>\n<td>P\u00f3 branco ou quase branco<\/td>\n<\/tr>\n<tr>\n<td>Ensaio<\/td>\n<td>\u226599%<\/td>\n<\/tr>\n<tr>\n<td>Ponto de fus\u00e3o<\/td>\n<td>77~825\u2103<\/td>\n<\/tr>\n<tr>\n<td>Clareza da solu\u00e7\u00e3o<\/td>\n<td>Incolor, sem mat\u00e9rias em suspens\u00e3o<\/td>\n<\/tr>\n<tr>\n<td>Ars\u00eanico<\/td>\n<td>\u22642 ppm<\/td>\n<\/tr>\n<tr>\n<td>P-Clorofenol<\/td>\n<td>\u226410 ppm<\/td>\n<\/tr>\n<tr>\n<td>Heavy metal<\/td>\n<td>\u226410 ppm<\/td>\n<\/tr>\n<tr>\n<td>Perda na secagem<\/td>\n<td>\u22640,5%<\/td>\n<\/tr>\n<tr>\n<td>Res\u00edduo de igni\u00e7\u00e3o<\/td>\n<td>\u22640,5%<\/td>\n<\/tr>\n<\/tbody>\n<\/table>\n<h2><strong>Uso da Clorfenesina<\/strong><\/h2>\n<p>O clorobenzoato \u00e9 usado principalmente como relaxante muscular e funciona bloqueando a transmiss\u00e3o de impulsos nervosos para o c\u00e9rebro. Em cosm\u00e9ticos, \u00e9 usado como conservante devido \u00e0s suas propriedades antif\u00fangicas e antibacterianas. Como conservante, ele evita que v\u00e1rios produtos enfrentem esses problemas, como altera\u00e7\u00f5es de viscosidade, altera\u00e7\u00f5es de pH, problemas de desemulsifica\u00e7\u00e3o, crescimento microbiano vis\u00edvel, altera\u00e7\u00f5es de cor e gera\u00e7\u00e3o de odor desagrad\u00e1vel. Al\u00e9m do problema nas unhas causado por fungos, esse ingrediente \u00e9 mais comumente usado em hidratantes faciais, cremes antienvelhecimento, protetores solares, bases, cremes para os olhos, produtos de limpeza, m\u00e1scaras e corretivos.<\/p>\n<p>Na medicina, as prepara\u00e7\u00f5es relacionadas \u00e0 clorfenona s\u00e3o agentes imunossupressores relacionados a ant\u00edgenos que inibem a libera\u00e7\u00e3o de histamina mediada por ige. O \u00e9ter clorof\u00eanico tamb\u00e9m \u00e9 um medicamento antif\u00fangico, adequado para antif\u00fangicos, bact\u00e9rias, mofo vaginal e tricomon\u00edase, e tem muitas formas farmac\u00eauticas de dosagem.<\/p>\n<p>Em termos de cosm\u00e9ticos, o \u00e9ter de clorofeno \u00e9 usado como bactericida cosm\u00e9tico no International Cosmetic Ingredient Dictionary and Handbook. O clorobenzoato pode resistir com efic\u00e1cia a bact\u00e9rias Gram-positivas e Gram-negativas, especialmente contra Aspergillus niger iml149007 e Penicillium chrysogenum imi87160 (fungos), tem forte atividade bactericida e um bom efeito inibit\u00f3rio sobre Candida albicans ncpf3179 e Saccharomyces cerevisiae ncpf3275 (levedura). Nos \u00faltimos dez anos, a clorfeniramina tem sido usada no exterior para fabricar pasta de dente farmac\u00eautica, esmalte de unha, sabonete, sab\u00e3o, xampu e produtos para cuidados com a pele.<\/p>\n<ol>\n<li><strong>Cosm\u00e9ticos e produtos para a pele:<\/strong> A clorfenesina, com o n\u00famero CAS 104-29-0, \u00e9 comumente usada em cosm\u00e9ticos e produtos de cuidados com a pele. Ela atua como conservante e agente antimicrobiano, contribuindo para a estabilidade e a seguran\u00e7a de v\u00e1rias formula\u00e7\u00f5es.<\/li>\n<li><strong>Produtos farmac\u00eauticos:<\/strong> Esse composto encontra aplica\u00e7\u00f5es no setor farmac\u00eautico. A clorfenesina \u00e9 usada em determinadas formula\u00e7\u00f5es de medicamentos, especialmente em medicamentos t\u00f3picos e pomadas.<\/li>\n<li><strong>Produtos de cuidados pessoais:<\/strong> A clorfenesina pode ser empregada em produtos de cuidados pessoais, como lo\u00e7\u00f5es, cremes e xampus. Suas propriedades antimicrobianas a tornam \u00fatil para preservar a integridade desses produtos.<\/li>\n<li><strong>Aplicativos m\u00e9dicos:<\/strong> Em aplica\u00e7\u00f5es m\u00e9dicas, a clorofenesina pode ser usada como ingrediente em determinados produtos de sa\u00fade, incluindo solu\u00e7\u00f5es antiss\u00e9pticas e formula\u00e7\u00f5es para tratamento de feridas.<\/li>\n<\/ol>\n<h2><strong>ClorfenesinaEmbalagem e envio<\/strong><\/h2>\n<p>25 kg\/tambor<\/p>\n<h2><strong><b>Entre em contato conosco agora!<\/b><\/strong><\/h2>\n<h4><strong><b>Se precisar de COA, MSDS ou TDS, preencha suas informa\u00e7\u00f5es de contato no formul\u00e1rio abaixo. Normalmente, entraremos em contato em 24 horas. Voc\u00ea tamb\u00e9m pode me enviar um e-mail <span style=\"color: #0000ff;\"><a style=\"color: #0000ff;\" href=\"mailto:info@longchangchemical.com\">info@longchangchemical.com<\/a><\/span> durante o hor\u00e1rio comercial (das 8h30 \u00e0s 18h UTC+8 de segunda a s\u00e1bado) ou use o bate-papo ao vivo do site para obter uma resposta imediata.<\/b><\/strong><\/h4>","protected":false},"excerpt":{"rendered":"<h2><strong>ClorfenesinaDetalhes r\u00e1pidos<\/strong><\/h2>\n<p>Nome qu\u00edmico: Clorfenesina<\/p>\n<p>N\u00famero CAS: 104-29-0<\/p>\n<p>F\u00f3rmula molecular:C9H11ClO3<\/p>\n<p>Peso molecular: 202,63<\/p>\n<p>Estrutura qu\u00edmica:<img decoding=\"async\" title=\"Estrutura da clorofenesina\" src=\"https:\/\/www.longchangchemical.com\/wp-content\/uploads\/product-details\/20200616156648.png\" alt=\"Estrutura da clorofenesina\" width=\"238\" height=\"60\" border=\"0\" vspace=\"0\" \/><\/p>\n<p>Apar\u00eancia: p\u00f3 branco ou quase branco<\/p>\n<p>Ensaio: \u226599.0%<\/p>","protected":false},"featured_media":6465,"comment_status":"open","ping_status":"closed","template":"","meta":[],"product_brand":[],"product_cat":[69],"product_tag":[],"class_list":{"0":"post-4230","1":"product","2":"type-product","3":"status-publish","4":"has-post-thumbnail","6":"product_cat-catalysts-chemical-auxiliary-agents","8":"first","9":"instock","10":"shipping-taxable","11":"product-type-simple"},"yoast_head":"<!-- This site is optimized with the Yoast SEO plugin v25.3.1 - https:\/\/yoast.com\/wordpress\/plugins\/seo\/ -->\n<title>China Chlorphenesin Manufacturer CAS 104-29-0 -Longchang Chemical<\/title>\n<meta name=\"description\" content=\"chlorphenesin cas 104-29-0 is key product of Longchang Chemical. We provide best price. We are the leading manufacturer and supplier in China with the best quanlity and competitive price.\" \/>\n<meta name=\"robots\" content=\"index, follow, max-snippet:-1, max-image-preview:large, max-video-preview:-1\" \/>\n<link rel=\"canonical\" href=\"https:\/\/longchangchemical.com\/pt\/product\/chlorphenesin-cas-104-29-0\/\" \/>\n<meta property=\"og:locale\" content=\"pt_BR\" \/>\n<meta property=\"og:type\" content=\"article\" \/>\n<meta property=\"og:title\" content=\"China Chlorphenesin Manufacturer CAS 104-29-0 -Longchang Chemical\" \/>\n<meta property=\"og:description\" content=\"chlorphenesin cas 104-29-0 is key product of Longchang Chemical. We provide best price. We are the leading manufacturer and supplier in China with the best quanlity and competitive price.\" \/>\n<meta property=\"og:url\" content=\"https:\/\/longchangchemical.com\/pt\/product\/chlorphenesin-cas-104-29-0\/\" \/>\n<meta property=\"og:site_name\" content=\"Longchang Chemical\" \/>\n<meta property=\"article:modified_time\" content=\"2025-12-19T09:56:53+00:00\" \/>\n<meta property=\"og:image\" content=\"https:\/\/longchangchemical.com\/wp-content\/uploads\/2021\/01\/5-5.jpg\" \/>\n\t<meta property=\"og:image:width\" content=\"800\" \/>\n\t<meta property=\"og:image:height\" content=\"800\" \/>\n\t<meta property=\"og:image:type\" content=\"image\/jpeg\" \/>\n<meta name=\"twitter:card\" content=\"summary_large_image\" \/>\n<script type=\"application\/ld+json\" class=\"yoast-schema-graph\">{\"@context\":\"https:\/\/schema.org\",\"@graph\":[{\"@type\":\"WebPage\",\"@id\":\"https:\/\/longchangchemical.com\/product\/chlorphenesin-cas-104-29-0\/\",\"url\":\"https:\/\/longchangchemical.com\/product\/chlorphenesin-cas-104-29-0\/\",\"name\":\"China Chlorphenesin Manufacturer CAS 104-29-0 -Longchang Chemical\",\"isPartOf\":{\"@id\":\"https:\/\/longchangchemical.com\/#website\"},\"primaryImageOfPage\":{\"@id\":\"https:\/\/longchangchemical.com\/product\/chlorphenesin-cas-104-29-0\/#primaryimage\"},\"image\":{\"@id\":\"https:\/\/longchangchemical.com\/product\/chlorphenesin-cas-104-29-0\/#primaryimage\"},\"thumbnailUrl\":\"https:\/\/longchangchemical.com\/wp-content\/uploads\/2021\/01\/5-5.jpg\",\"datePublished\":\"2024-01-15T07:44:10+00:00\",\"dateModified\":\"2025-12-19T09:56:53+00:00\",\"description\":\"chlorphenesin cas 104-29-0 is key product of Longchang Chemical. We provide best price. We are the leading manufacturer and supplier in China with the best quanlity and competitive price.\",\"breadcrumb\":{\"@id\":\"https:\/\/longchangchemical.com\/product\/chlorphenesin-cas-104-29-0\/#breadcrumb\"},\"inLanguage\":\"pt-BR\",\"potentialAction\":[{\"@type\":\"ReadAction\",\"target\":[\"https:\/\/longchangchemical.com\/product\/chlorphenesin-cas-104-29-0\/\"]}]},{\"@type\":\"ImageObject\",\"inLanguage\":\"pt-BR\",\"@id\":\"https:\/\/longchangchemical.com\/product\/chlorphenesin-cas-104-29-0\/#primaryimage\",\"url\":\"https:\/\/longchangchemical.com\/wp-content\/uploads\/2021\/01\/5-5.jpg\",\"contentUrl\":\"https:\/\/longchangchemical.com\/wp-content\/uploads\/2021\/01\/5-5.jpg\",\"width\":800,\"height\":800,\"caption\":\"chlorphenesin cas 104-29-0\"},{\"@type\":\"BreadcrumbList\",\"@id\":\"https:\/\/longchangchemical.com\/product\/chlorphenesin-cas-104-29-0\/#breadcrumb\",\"itemListElement\":[{\"@type\":\"ListItem\",\"position\":1,\"name\":\"Home\",\"item\":\"https:\/\/longchangchemical.com\/\"},{\"@type\":\"ListItem\",\"position\":2,\"name\":\"Products Longchang\",\"item\":\"https:\/\/longchangchemical.com\/product\/\"},{\"@type\":\"ListItem\",\"position\":3,\"name\":\"chlorphenesin cas 104-29-0\"}]},{\"@type\":\"WebSite\",\"@id\":\"https:\/\/longchangchemical.com\/#website\",\"url\":\"https:\/\/longchangchemical.com\/\",\"name\":\"Longchang Chemical\",\"description\":\"China chemical manufacturer \uff06 supplier\",\"publisher\":{\"@id\":\"https:\/\/longchangchemical.com\/#organization\"},\"potentialAction\":[{\"@type\":\"SearchAction\",\"target\":{\"@type\":\"EntryPoint\",\"urlTemplate\":\"https:\/\/longchangchemical.com\/?s={search_term_string}\"},\"query-input\":{\"@type\":\"PropertyValueSpecification\",\"valueRequired\":true,\"valueName\":\"search_term_string\"}}],\"inLanguage\":\"pt-BR\"},{\"@type\":\"Organization\",\"@id\":\"https:\/\/longchangchemical.com\/#organization\",\"name\":\"Longchang Chemical\",\"url\":\"https:\/\/longchangchemical.com\/\",\"logo\":{\"@type\":\"ImageObject\",\"inLanguage\":\"pt-BR\",\"@id\":\"https:\/\/longchangchemical.com\/#\/schema\/logo\/image\/\",\"url\":\"https:\/\/longchangchemical.com\/wp-content\/uploads\/2020\/08\/cropped-longchang-logo.png\",\"contentUrl\":\"https:\/\/longchangchemical.com\/wp-content\/uploads\/2020\/08\/cropped-longchang-logo.png\",\"width\":512,\"height\":512,\"caption\":\"Longchang Chemical\"},\"image\":{\"@id\":\"https:\/\/longchangchemical.com\/#\/schema\/logo\/image\/\"}}]}<\/script>\n<!-- \/ Yoast SEO plugin. -->","yoast_head_json":{"title":"Fabricante de clorofenesina CAS 104-29-0 - Longchang Chemical","description":"chlorphenesin cas 104-29-0 \u00e9 o principal produto da Longchang Chemical. Oferecemos o melhor pre\u00e7o. Somos o principal fabricante e fornecedor da China, com a melhor qualidade e pre\u00e7o competitivo.","robots":{"index":"index","follow":"follow","max-snippet":"max-snippet:-1","max-image-preview":"max-image-preview:large","max-video-preview":"max-video-preview:-1"},"canonical":"https:\/\/longchangchemical.com\/pt\/product\/chlorphenesin-cas-104-29-0\/","og_locale":"pt_BR","og_type":"article","og_title":"China Chlorphenesin Manufacturer CAS 104-29-0 -Longchang Chemical","og_description":"chlorphenesin cas 104-29-0 is key product of Longchang Chemical. We provide best price. We are the leading manufacturer and supplier in China with the best quanlity and competitive price.","og_url":"https:\/\/longchangchemical.com\/pt\/product\/chlorphenesin-cas-104-29-0\/","og_site_name":"Longchang Chemical","article_modified_time":"2025-12-19T09:56:53+00:00","og_image":[{"width":800,"height":800,"url":"https:\/\/longchangchemical.com\/wp-content\/uploads\/2021\/01\/5-5.jpg","type":"image\/jpeg"}],"twitter_card":"summary_large_image","schema":{"@context":"https:\/\/schema.org","@graph":[{"@type":"WebPage","@id":"https:\/\/longchangchemical.com\/product\/chlorphenesin-cas-104-29-0\/","url":"https:\/\/longchangchemical.com\/product\/chlorphenesin-cas-104-29-0\/","name":"Fabricante de clorofenesina CAS 104-29-0 - Longchang Chemical","isPartOf":{"@id":"https:\/\/longchangchemical.com\/#website"},"primaryImageOfPage":{"@id":"https:\/\/longchangchemical.com\/product\/chlorphenesin-cas-104-29-0\/#primaryimage"},"image":{"@id":"https:\/\/longchangchemical.com\/product\/chlorphenesin-cas-104-29-0\/#primaryimage"},"thumbnailUrl":"https:\/\/longchangchemical.com\/wp-content\/uploads\/2021\/01\/5-5.jpg","datePublished":"2024-01-15T07:44:10+00:00","dateModified":"2025-12-19T09:56:53+00:00","description":"chlorphenesin cas 104-29-0 \u00e9 o principal produto da Longchang Chemical. Oferecemos o melhor pre\u00e7o. Somos o principal fabricante e fornecedor da China, com a melhor qualidade e pre\u00e7o competitivo.","breadcrumb":{"@id":"https:\/\/longchangchemical.com\/product\/chlorphenesin-cas-104-29-0\/#breadcrumb"},"inLanguage":"pt-BR","potentialAction":[{"@type":"ReadAction","target":["https:\/\/longchangchemical.com\/product\/chlorphenesin-cas-104-29-0\/"]}]},{"@type":"ImageObject","inLanguage":"pt-BR","@id":"https:\/\/longchangchemical.com\/product\/chlorphenesin-cas-104-29-0\/#primaryimage","url":"https:\/\/longchangchemical.com\/wp-content\/uploads\/2021\/01\/5-5.jpg","contentUrl":"https:\/\/longchangchemical.com\/wp-content\/uploads\/2021\/01\/5-5.jpg","width":800,"height":800,"caption":"chlorphenesin cas 104-29-0"},{"@type":"BreadcrumbList","@id":"https:\/\/longchangchemical.com\/product\/chlorphenesin-cas-104-29-0\/#breadcrumb","itemListElement":[{"@type":"ListItem","position":1,"name":"Home","item":"https:\/\/longchangchemical.com\/"},{"@type":"ListItem","position":2,"name":"Products Longchang","item":"https:\/\/longchangchemical.com\/product\/"},{"@type":"ListItem","position":3,"name":"chlorphenesin cas 104-29-0"}]},{"@type":"WebSite","@id":"https:\/\/longchangchemical.com\/#website","url":"https:\/\/longchangchemical.com\/","name":"Qu\u00edmica Longchang","description":"Fabricante de produtos qu\u00edmicos na China \uff06 fornecedor","publisher":{"@id":"https:\/\/longchangchemical.com\/#organization"},"potentialAction":[{"@type":"SearchAction","target":{"@type":"EntryPoint","urlTemplate":"https:\/\/longchangchemical.com\/?s={search_term_string}"},"query-input":{"@type":"PropertyValueSpecification","valueRequired":true,"valueName":"search_term_string"}}],"inLanguage":"pt-BR"},{"@type":"Organization","@id":"https:\/\/longchangchemical.com\/#organization","name":"Qu\u00edmica Longchang","url":"https:\/\/longchangchemical.com\/","logo":{"@type":"ImageObject","inLanguage":"pt-BR","@id":"https:\/\/longchangchemical.com\/#\/schema\/logo\/image\/","url":"https:\/\/longchangchemical.com\/wp-content\/uploads\/2020\/08\/cropped-longchang-logo.png","contentUrl":"https:\/\/longchangchemical.com\/wp-content\/uploads\/2020\/08\/cropped-longchang-logo.png","width":512,"height":512,"caption":"Longchang Chemical"},"image":{"@id":"https:\/\/longchangchemical.com\/#\/schema\/logo\/image\/"}}]}},"_links":{"self":[{"href":"https:\/\/longchangchemical.com\/pt\/wp-json\/wp\/v2\/product\/4230","targetHints":{"allow":["GET"]}}],"collection":[{"href":"https:\/\/longchangchemical.com\/pt\/wp-json\/wp\/v2\/product"}],"about":[{"href":"https:\/\/longchangchemical.com\/pt\/wp-json\/wp\/v2\/types\/product"}],"replies":[{"embeddable":true,"href":"https:\/\/longchangchemical.com\/pt\/wp-json\/wp\/v2\/comments?post=4230"}],"wp:featuredmedia":[{"embeddable":true,"href":"https:\/\/longchangchemical.com\/pt\/wp-json\/wp\/v2\/media\/6465"}],"wp:attachment":[{"href":"https:\/\/longchangchemical.com\/pt\/wp-json\/wp\/v2\/media?parent=4230"}],"wp:term":[{"taxonomy":"product_brand","embeddable":true,"href":"https:\/\/longchangchemical.com\/pt\/wp-json\/wp\/v2\/product_brand?post=4230"},{"taxonomy":"product_cat","embeddable":true,"href":"https:\/\/longchangchemical.com\/pt\/wp-json\/wp\/v2\/product_cat?post=4230"},{"taxonomy":"product_tag","embeddable":true,"href":"https:\/\/longchangchemical.com\/pt\/wp-json\/wp\/v2\/product_tag?post=4230"}],"curies":[{"name":"wp","href":"https:\/\/api.w.org\/{rel}","templated":true}]}}