{"id":4222,"date":"2024-01-15T07:48:44","date_gmt":"2024-01-15T07:48:44","guid":{"rendered":"https:\/\/longchangchemical.com\/?post_type=product&#038;p=4222"},"modified":"2025-12-19T09:45:39","modified_gmt":"2025-12-19T09:45:39","slug":"sodium-xylenesulfonate-cas-1300-72-7","status":"publish","type":"product","link":"https:\/\/longchangchemical.com\/pt\/product\/sodium-xylenesulfonate-cas-1300-72-7\/","title":{"rendered":"xilenosulfonato de s\u00f3dio cas 1300-72-7"},"content":{"rendered":"<h2><strong>Propriedades t\u00edpicas do xilenossulfonato de s\u00f3dio<\/strong><\/h2>\n<table class=\"table-1\">\n<tbody>\n<tr>\n<td>Item<\/td>\n<td>Especifica\u00e7\u00f5es<\/td>\n<\/tr>\n<tr>\n<td>Apar\u00eancia<\/td>\n<td>P\u00f3 cristalino branco<\/td>\n<\/tr>\n<tr>\n<td>Pureza %<\/td>\n<td>\u226593.00<\/td>\n<\/tr>\n<tr>\n<td>\u00c1gua %<\/td>\n<td>\u22644.00<\/td>\n<\/tr>\n<tr>\n<td>Cloreto %<\/td>\n<td>\u22641.00<\/td>\n<\/tr>\n<tr>\n<td>Sal inorg\u00e2nico %<\/td>\n<td>\u22643.00<\/td>\n<\/tr>\n<tr>\n<td>PH (solu\u00e7\u00e3o de \u00e1gua 1%)<\/td>\n<td>7-10<\/td>\n<\/tr>\n<\/tbody>\n<\/table>\n<h2><strong>Aplica\u00e7\u00e3o do xilenossulfonato de s\u00f3dio<\/strong><\/h2>\n<p>amplamente utilizado na fabrica\u00e7\u00e3o de produtos de limpeza di\u00e1ria. \u00c9 um novo tipo de agente solubilizante altamente eficaz para detergentes de baixa toxicidade. A diferen\u00e7a entre o uso desse produto e o uso de solubilizadores tradicionais \u00e9 o uso de xileno. Os produtos de sulfonato de s\u00f3dio t\u00eam as caracter\u00edsticas de boa sensa\u00e7\u00e3o nas m\u00e3os, baixa irrita\u00e7\u00e3o e alta pureza do produto.<\/p>\n<ol>\n<li><strong>Aditivos para concreto:<\/strong> O xilenossulfonato de s\u00f3dio, com o n\u00famero CAS 1300-72-7, \u00e9 comumente usado como um aditivo para concreto. Ele atua como agente dispersante em formula\u00e7\u00f5es de concreto, melhorando a trabalhabilidade e reduzindo o teor de \u00e1gua.<\/li>\n<li><strong>Ind\u00fastria de detergentes:<\/strong> Esse composto encontra aplica\u00e7\u00f5es no setor de detergentes. O xilenossulfonato de s\u00f3dio \u00e9 usado como surfactante e agente umectante na formula\u00e7\u00e3o de detergentes, contribuindo para a efic\u00e1cia da limpeza.<\/li>\n<li><strong>Produtos qu\u00edmicos para campos petrol\u00edferos:<\/strong> No setor de petr\u00f3leo e g\u00e1s, o xilenossulfonato de s\u00f3dio \u00e9 empregado como um componente em determinados produtos qu\u00edmicos para campos petrol\u00edferos. Ele ajuda na formula\u00e7\u00e3o de lamas de perfura\u00e7\u00e3o e melhora o desempenho dos fluidos de perfura\u00e7\u00e3o.<\/li>\n<li><strong>Ind\u00fastria t\u00eaxtil:<\/strong> O xilenossulfonato de s\u00f3dio \u00e9 utilizado na ind\u00fastria t\u00eaxtil para processos de tingimento e impress\u00e3o. Ele atua como agente de nivelamento e dispersante, garantindo a distribui\u00e7\u00e3o uniforme das cores nos tecidos.<\/li>\n<\/ol>\n<h2><strong>Xilenossulfonato de s\u00f3dioEmbalagem e envio<\/strong><\/h2>\n<p>Sacos, 25 kg<\/p>\n<h2><strong>Armazenamento de xilenossulfonato de s\u00f3dio<\/strong><\/h2>\n<p>Baixa temperatura, seco, evitar luz solar direta.<\/p>\n<h2><strong><b>Entre em contato conosco agora!<\/b><\/strong><\/h2>\n<h4><strong><b>Se precisar de COA, MSDS ou TDS, preencha suas informa\u00e7\u00f5es de contato no formul\u00e1rio abaixo. Normalmente, entraremos em contato em 24 horas. Voc\u00ea tamb\u00e9m pode me enviar um e-mail <span style=\"color: #0000ff;\"><a style=\"color: #0000ff;\" href=\"mailto:info@longchangchemical.com\">info@longchangchemical.com<\/a><\/span> durante o hor\u00e1rio comercial (das 8h30 \u00e0s 18h UTC+8 de segunda a s\u00e1bado) ou use o bate-papo ao vivo do site para obter uma resposta imediata.<\/b><\/strong><\/h4>","protected":false},"excerpt":{"rendered":"<h2><strong>Xilenossulfonato de s\u00f3dio Detalhes r\u00e1pidos<\/strong><\/h2>\n<p>Nome qu\u00edmico: Xilenossulfonato de s\u00f3dio<br \/>\nN\u00famero CAS: 1300-72-7<br \/>\nF\u00f3rmula molecular: C8H9NaO3S<\/p>\n<p>Estrutura qu\u00edmica:<img decoding=\"async\" title=\"image.png\" src=\"https:\/\/www.longchangchemical.com\/wp-content\/uploads\/product-details\/20200617104796.png\" alt=\"image.png\" \/><\/p>\n<p>Peso molecular: 208,21<\/p>\n<p>Apar\u00eancia: P\u00f3 cristalino branco<\/p>\n<p>Ensaio\uff1a93%<\/p>","protected":false},"featured_media":6467,"comment_status":"open","ping_status":"closed","template":"","meta":[],"product_brand":[],"product_cat":[69],"product_tag":[],"class_list":{"0":"post-4222","1":"product","2":"type-product","3":"status-publish","4":"has-post-thumbnail","6":"product_cat-catalysts-chemical-auxiliary-agents","8":"first","9":"instock","10":"shipping-taxable","11":"product-type-simple"},"yoast_head":"<!-- This site is optimized with the Yoast SEO plugin v25.3.1 - https:\/\/yoast.com\/wordpress\/plugins\/seo\/ -->\n<title>China Sodium Xylenesulfonate Manufacturer CAS 1300-72-7 -Longchang Chemical<\/title>\n<meta name=\"description\" content=\"sodium xylenesulfonate cas 1300-72-7 is key product of Longchang Chemical. We provide best price. We are the leading manufacturer and supplier in China with the best quanlity and competitive price.\" \/>\n<meta name=\"robots\" content=\"index, follow, max-snippet:-1, max-image-preview:large, max-video-preview:-1\" \/>\n<link rel=\"canonical\" href=\"https:\/\/longchangchemical.com\/pt\/product\/sodium-xylenesulfonate-cas-1300-72-7\/\" \/>\n<meta property=\"og:locale\" content=\"pt_BR\" \/>\n<meta property=\"og:type\" content=\"article\" \/>\n<meta property=\"og:title\" content=\"China Sodium Xylenesulfonate Manufacturer CAS 1300-72-7 -Longchang Chemical\" \/>\n<meta property=\"og:description\" content=\"sodium xylenesulfonate cas 1300-72-7 is key product of Longchang Chemical. We provide best price. We are the leading manufacturer and supplier in China with the best quanlity and competitive price.\" \/>\n<meta property=\"og:url\" content=\"https:\/\/longchangchemical.com\/pt\/product\/sodium-xylenesulfonate-cas-1300-72-7\/\" \/>\n<meta property=\"og:site_name\" content=\"Longchang Chemical\" \/>\n<meta property=\"article:modified_time\" content=\"2025-12-19T09:45:39+00:00\" \/>\n<meta property=\"og:image\" content=\"https:\/\/longchangchemical.com\/wp-content\/uploads\/2021\/01\/7-4.jpg\" \/>\n\t<meta property=\"og:image:width\" content=\"800\" \/>\n\t<meta property=\"og:image:height\" content=\"800\" \/>\n\t<meta property=\"og:image:type\" content=\"image\/jpeg\" \/>\n<meta name=\"twitter:card\" content=\"summary_large_image\" \/>\n<script type=\"application\/ld+json\" class=\"yoast-schema-graph\">{\"@context\":\"https:\/\/schema.org\",\"@graph\":[{\"@type\":\"WebPage\",\"@id\":\"https:\/\/longchangchemical.com\/product\/sodium-xylenesulfonate-cas-1300-72-7\/\",\"url\":\"https:\/\/longchangchemical.com\/product\/sodium-xylenesulfonate-cas-1300-72-7\/\",\"name\":\"China Sodium Xylenesulfonate Manufacturer CAS 1300-72-7 -Longchang Chemical\",\"isPartOf\":{\"@id\":\"https:\/\/longchangchemical.com\/#website\"},\"primaryImageOfPage\":{\"@id\":\"https:\/\/longchangchemical.com\/product\/sodium-xylenesulfonate-cas-1300-72-7\/#primaryimage\"},\"image\":{\"@id\":\"https:\/\/longchangchemical.com\/product\/sodium-xylenesulfonate-cas-1300-72-7\/#primaryimage\"},\"thumbnailUrl\":\"https:\/\/longchangchemical.com\/wp-content\/uploads\/2021\/01\/7-4.jpg\",\"datePublished\":\"2024-01-15T07:48:44+00:00\",\"dateModified\":\"2025-12-19T09:45:39+00:00\",\"description\":\"sodium xylenesulfonate cas 1300-72-7 is key product of Longchang Chemical. We provide best price. We are the leading manufacturer and supplier in China with the best quanlity and competitive price.\",\"breadcrumb\":{\"@id\":\"https:\/\/longchangchemical.com\/product\/sodium-xylenesulfonate-cas-1300-72-7\/#breadcrumb\"},\"inLanguage\":\"pt-BR\",\"potentialAction\":[{\"@type\":\"ReadAction\",\"target\":[\"https:\/\/longchangchemical.com\/product\/sodium-xylenesulfonate-cas-1300-72-7\/\"]}]},{\"@type\":\"ImageObject\",\"inLanguage\":\"pt-BR\",\"@id\":\"https:\/\/longchangchemical.com\/product\/sodium-xylenesulfonate-cas-1300-72-7\/#primaryimage\",\"url\":\"https:\/\/longchangchemical.com\/wp-content\/uploads\/2021\/01\/7-4.jpg\",\"contentUrl\":\"https:\/\/longchangchemical.com\/wp-content\/uploads\/2021\/01\/7-4.jpg\",\"width\":800,\"height\":800,\"caption\":\"sodium xylenesulfonate cas 1300-72-7\"},{\"@type\":\"BreadcrumbList\",\"@id\":\"https:\/\/longchangchemical.com\/product\/sodium-xylenesulfonate-cas-1300-72-7\/#breadcrumb\",\"itemListElement\":[{\"@type\":\"ListItem\",\"position\":1,\"name\":\"Home\",\"item\":\"https:\/\/longchangchemical.com\/\"},{\"@type\":\"ListItem\",\"position\":2,\"name\":\"Products Longchang\",\"item\":\"https:\/\/longchangchemical.com\/product\/\"},{\"@type\":\"ListItem\",\"position\":3,\"name\":\"sodium xylenesulfonate cas 1300-72-7\"}]},{\"@type\":\"WebSite\",\"@id\":\"https:\/\/longchangchemical.com\/#website\",\"url\":\"https:\/\/longchangchemical.com\/\",\"name\":\"Longchang Chemical\",\"description\":\"China chemical manufacturer \uff06 supplier\",\"publisher\":{\"@id\":\"https:\/\/longchangchemical.com\/#organization\"},\"potentialAction\":[{\"@type\":\"SearchAction\",\"target\":{\"@type\":\"EntryPoint\",\"urlTemplate\":\"https:\/\/longchangchemical.com\/?s={search_term_string}\"},\"query-input\":{\"@type\":\"PropertyValueSpecification\",\"valueRequired\":true,\"valueName\":\"search_term_string\"}}],\"inLanguage\":\"pt-BR\"},{\"@type\":\"Organization\",\"@id\":\"https:\/\/longchangchemical.com\/#organization\",\"name\":\"Longchang Chemical\",\"url\":\"https:\/\/longchangchemical.com\/\",\"logo\":{\"@type\":\"ImageObject\",\"inLanguage\":\"pt-BR\",\"@id\":\"https:\/\/longchangchemical.com\/#\/schema\/logo\/image\/\",\"url\":\"https:\/\/longchangchemical.com\/wp-content\/uploads\/2020\/08\/cropped-longchang-logo.png\",\"contentUrl\":\"https:\/\/longchangchemical.com\/wp-content\/uploads\/2020\/08\/cropped-longchang-logo.png\",\"width\":512,\"height\":512,\"caption\":\"Longchang Chemical\"},\"image\":{\"@id\":\"https:\/\/longchangchemical.com\/#\/schema\/logo\/image\/\"}}]}<\/script>\n<!-- \/ Yoast SEO plugin. -->","yoast_head_json":{"title":"Fabricante de xilenossulfonato de s\u00f3dio na China CAS 1300-72-7 - Longchang Chemical","description":"O xilenosulfonato de s\u00f3dio cas 1300-72-7 \u00e9 o principal produto da Longchang Chemical. Oferecemos o melhor pre\u00e7o. Somos o principal fabricante e fornecedor da China, com a melhor qualidade e pre\u00e7o competitivo.","robots":{"index":"index","follow":"follow","max-snippet":"max-snippet:-1","max-image-preview":"max-image-preview:large","max-video-preview":"max-video-preview:-1"},"canonical":"https:\/\/longchangchemical.com\/pt\/product\/sodium-xylenesulfonate-cas-1300-72-7\/","og_locale":"pt_BR","og_type":"article","og_title":"China Sodium Xylenesulfonate Manufacturer CAS 1300-72-7 -Longchang Chemical","og_description":"sodium xylenesulfonate cas 1300-72-7 is key product of Longchang Chemical. We provide best price. We are the leading manufacturer and supplier in China with the best quanlity and competitive price.","og_url":"https:\/\/longchangchemical.com\/pt\/product\/sodium-xylenesulfonate-cas-1300-72-7\/","og_site_name":"Longchang Chemical","article_modified_time":"2025-12-19T09:45:39+00:00","og_image":[{"width":800,"height":800,"url":"https:\/\/longchangchemical.com\/wp-content\/uploads\/2021\/01\/7-4.jpg","type":"image\/jpeg"}],"twitter_card":"summary_large_image","schema":{"@context":"https:\/\/schema.org","@graph":[{"@type":"WebPage","@id":"https:\/\/longchangchemical.com\/product\/sodium-xylenesulfonate-cas-1300-72-7\/","url":"https:\/\/longchangchemical.com\/product\/sodium-xylenesulfonate-cas-1300-72-7\/","name":"Fabricante de xilenossulfonato de s\u00f3dio na China CAS 1300-72-7 - Longchang Chemical","isPartOf":{"@id":"https:\/\/longchangchemical.com\/#website"},"primaryImageOfPage":{"@id":"https:\/\/longchangchemical.com\/product\/sodium-xylenesulfonate-cas-1300-72-7\/#primaryimage"},"image":{"@id":"https:\/\/longchangchemical.com\/product\/sodium-xylenesulfonate-cas-1300-72-7\/#primaryimage"},"thumbnailUrl":"https:\/\/longchangchemical.com\/wp-content\/uploads\/2021\/01\/7-4.jpg","datePublished":"2024-01-15T07:48:44+00:00","dateModified":"2025-12-19T09:45:39+00:00","description":"O xilenosulfonato de s\u00f3dio cas 1300-72-7 \u00e9 o principal produto da Longchang Chemical. Oferecemos o melhor pre\u00e7o. Somos o principal fabricante e fornecedor da China, com a melhor qualidade e pre\u00e7o competitivo.","breadcrumb":{"@id":"https:\/\/longchangchemical.com\/product\/sodium-xylenesulfonate-cas-1300-72-7\/#breadcrumb"},"inLanguage":"pt-BR","potentialAction":[{"@type":"ReadAction","target":["https:\/\/longchangchemical.com\/product\/sodium-xylenesulfonate-cas-1300-72-7\/"]}]},{"@type":"ImageObject","inLanguage":"pt-BR","@id":"https:\/\/longchangchemical.com\/product\/sodium-xylenesulfonate-cas-1300-72-7\/#primaryimage","url":"https:\/\/longchangchemical.com\/wp-content\/uploads\/2021\/01\/7-4.jpg","contentUrl":"https:\/\/longchangchemical.com\/wp-content\/uploads\/2021\/01\/7-4.jpg","width":800,"height":800,"caption":"sodium xylenesulfonate cas 1300-72-7"},{"@type":"BreadcrumbList","@id":"https:\/\/longchangchemical.com\/product\/sodium-xylenesulfonate-cas-1300-72-7\/#breadcrumb","itemListElement":[{"@type":"ListItem","position":1,"name":"Home","item":"https:\/\/longchangchemical.com\/"},{"@type":"ListItem","position":2,"name":"Products Longchang","item":"https:\/\/longchangchemical.com\/product\/"},{"@type":"ListItem","position":3,"name":"sodium xylenesulfonate cas 1300-72-7"}]},{"@type":"WebSite","@id":"https:\/\/longchangchemical.com\/#website","url":"https:\/\/longchangchemical.com\/","name":"Qu\u00edmica Longchang","description":"Fabricante de produtos qu\u00edmicos na China \uff06 fornecedor","publisher":{"@id":"https:\/\/longchangchemical.com\/#organization"},"potentialAction":[{"@type":"SearchAction","target":{"@type":"EntryPoint","urlTemplate":"https:\/\/longchangchemical.com\/?s={search_term_string}"},"query-input":{"@type":"PropertyValueSpecification","valueRequired":true,"valueName":"search_term_string"}}],"inLanguage":"pt-BR"},{"@type":"Organization","@id":"https:\/\/longchangchemical.com\/#organization","name":"Qu\u00edmica Longchang","url":"https:\/\/longchangchemical.com\/","logo":{"@type":"ImageObject","inLanguage":"pt-BR","@id":"https:\/\/longchangchemical.com\/#\/schema\/logo\/image\/","url":"https:\/\/longchangchemical.com\/wp-content\/uploads\/2020\/08\/cropped-longchang-logo.png","contentUrl":"https:\/\/longchangchemical.com\/wp-content\/uploads\/2020\/08\/cropped-longchang-logo.png","width":512,"height":512,"caption":"Longchang Chemical"},"image":{"@id":"https:\/\/longchangchemical.com\/#\/schema\/logo\/image\/"}}]}},"_links":{"self":[{"href":"https:\/\/longchangchemical.com\/pt\/wp-json\/wp\/v2\/product\/4222","targetHints":{"allow":["GET"]}}],"collection":[{"href":"https:\/\/longchangchemical.com\/pt\/wp-json\/wp\/v2\/product"}],"about":[{"href":"https:\/\/longchangchemical.com\/pt\/wp-json\/wp\/v2\/types\/product"}],"replies":[{"embeddable":true,"href":"https:\/\/longchangchemical.com\/pt\/wp-json\/wp\/v2\/comments?post=4222"}],"wp:featuredmedia":[{"embeddable":true,"href":"https:\/\/longchangchemical.com\/pt\/wp-json\/wp\/v2\/media\/6467"}],"wp:attachment":[{"href":"https:\/\/longchangchemical.com\/pt\/wp-json\/wp\/v2\/media?parent=4222"}],"wp:term":[{"taxonomy":"product_brand","embeddable":true,"href":"https:\/\/longchangchemical.com\/pt\/wp-json\/wp\/v2\/product_brand?post=4222"},{"taxonomy":"product_cat","embeddable":true,"href":"https:\/\/longchangchemical.com\/pt\/wp-json\/wp\/v2\/product_cat?post=4222"},{"taxonomy":"product_tag","embeddable":true,"href":"https:\/\/longchangchemical.com\/pt\/wp-json\/wp\/v2\/product_tag?post=4222"}],"curies":[{"name":"wp","href":"https:\/\/api.w.org\/{rel}","templated":true}]}}