{"id":4207,"date":"2024-01-18T02:18:16","date_gmt":"2024-01-18T02:18:16","guid":{"rendered":"https:\/\/longchangchemical.com\/?post_type=product&#038;p=4207"},"modified":"2025-12-15T06:41:43","modified_gmt":"2025-12-15T06:41:43","slug":"thiophene-cas-110-02-1","status":"publish","type":"product","link":"https:\/\/longchangchemical.com\/pt\/product\/thiophene-cas-110-02-1\/","title":{"rendered":"CHLUMIFLEX\u00ae tiofeno cas 110-02-1"},"content":{"rendered":"<h2><strong>Propriedades t\u00edpicas do tiofeno<\/strong><\/h2>\n<table class=\"table-1\" cellspacing=\"1\">\n<tbody>\n<tr>\n<td>Item<\/td>\n<td>Especifica\u00e7\u00f5es<\/td>\n<\/tr>\n<tr>\n<td>Car\u00e1ter<\/td>\n<td>L\u00edquido transparente incolor<\/td>\n<\/tr>\n<tr>\n<td>Pureza WT PCT(G.C.)<\/td>\n<td>\u226599,9%<\/td>\n<\/tr>\n<tr>\n<td>Umidade<\/td>\n<td>\u22640,1 %<\/td>\n<\/tr>\n<\/tbody>\n<\/table>\n<h2><strong>Uso de tiofeno<\/strong><\/h2>\n<p>Tamb\u00e9m \u00e9 usado na s\u00edntese de cefalosporina e assim por diante. Tamb\u00e9m \u00e9 usado na produ\u00e7\u00e3o de corantes, resinas sint\u00e9ticas, solventes, etc.<\/p>\n<p>\u00c9 usado para a prepara\u00e7\u00e3o de medicamentos e corantes.<\/p>\n<p>Ele \u00e9 usado em produtos farmac\u00eauticos e plastificantes, etc. O tiofeno \u00e9 uma importante mat\u00e9ria-prima qu\u00edmica org\u00e2nica, que tem uma ampla gama de usos. \u00c9 usado principalmente em corantes, medicamentos e resinas. A s\u00edntese de um novo antibi\u00f3tico de amplo espectro pioneiro, a micina, \u00e9 um importante auxiliar farmac\u00eautico e qu\u00edmico, e tamb\u00e9m pode ser usada na produ\u00e7\u00e3o de filmes coloridos e fotografias especiais, na s\u00edntese de um reagente complexo para a extra\u00e7\u00e3o e separa\u00e7\u00e3o de ur\u00e2nio e outros metais.<\/p>\n<p>Usos como mat\u00e9rias-primas e plastificantes para os setores farmac\u00eautico, de corantes e de pl\u00e1sticos.<\/p>\n<p>\u00c9 usado principalmente como intermedi\u00e1rio da ind\u00fastria farmac\u00eautica para a prepara\u00e7\u00e3o de tiazida, pirimidina e outros medicamentos. Tamb\u00e9m \u00e9 usado como mat\u00e9ria-prima para resina sint\u00e9tica e ind\u00fastria de corantes. Tamb\u00e9m \u00e9 usado como solvente org\u00e2nico. Como reagente qu\u00edmico, \u00e9 usado como reagente padr\u00e3o para an\u00e1lise cromatogr\u00e1fica.<\/p>\n<p>Usado como solvente, material padr\u00e3o de an\u00e1lise cromatogr\u00e1fica e para s\u00edntese org\u00e2nica, resina, corantes e medicamentos.<\/p>\n<ol>\n<li><strong>Intermedi\u00e1rios qu\u00edmicos:<\/strong> O tiofeno, com n\u00famero CAS 110-02-1, \u00e9 amplamente utilizado como intermedi\u00e1rio qu\u00edmico na s\u00edntese de v\u00e1rios compostos org\u00e2nicos. Ele serve como um bloco de constru\u00e7\u00e3o na produ\u00e7\u00e3o de produtos farmac\u00eauticos, agroqu\u00edmicos e produtos qu\u00edmicos especiais.<\/li>\n<li><strong>Ind\u00fastria de pol\u00edmeros:<\/strong> Esse composto encontra aplica\u00e7\u00f5es no setor de pol\u00edmeros. O tiofeno \u00e9 usado na s\u00edntese de politiofenos, que s\u00e3o pol\u00edmeros condutores com aplica\u00e7\u00f5es em dispositivos eletr\u00f4nicos, como c\u00e9lulas solares org\u00e2nicas e diodos emissores de luz (LEDs).<\/li>\n<li><strong>Solvente:<\/strong> O tiofeno \u00e9 empregado como solvente em v\u00e1rios processos qu\u00edmicos. Suas propriedades exclusivas o tornam adequado para uso em determinadas rea\u00e7\u00f5es e extra\u00e7\u00f5es em laborat\u00f3rios e ambientes industriais.<\/li>\n<li><strong>Setor de aromas e fragr\u00e2ncias:<\/strong> No setor de aromas e fragr\u00e2ncias, o tiofeno \u00e9 utilizado como um componente na s\u00edntese de determinados compostos arom\u00e1ticos. Ele contribui para a cria\u00e7\u00e3o de aromas e sabores espec\u00edficos.<\/li>\n<\/ol>\n<h2><strong>Tiofeno<\/strong><strong>Embalagem<\/strong><\/h2>\n<p>Tambor de pl\u00e1stico, peso l\u00edquido: 200 kg por tambor<\/p>\n<h2><strong>Armazenamento de tiofeno<\/strong><\/h2>\n<p>Condi\u00e7\u00f5es de armazenamento: Deve ser armazenado em local fresco, seco e ventilado e protegido da luz. Prazo de validade: Dois anos com armazenamento adequado.<\/p>\n<h2><strong>Outro nome: <\/strong><\/h2>\n<p>Tiafeno;<\/p>\n<p>Thiofen;<\/p>\n<p>Thiofuram;<\/p>\n<p>Tiofurfurano;<\/p>\n<h2><strong><b>Entre em contato conosco agora!<\/b><\/strong><\/h2>\n<h4><strong><b>Se precisar de um pre\u00e7o, preencha suas informa\u00e7\u00f5es de contato no formul\u00e1rio abaixo. Normalmente, entraremos em contato dentro de 24 horas. Voc\u00ea tamb\u00e9m pode me enviar um e-mail <span style=\"color: #0000ff;\"><a style=\"color: #0000ff;\" href=\"mailto:info@longchangchemical.com\">info@longchangchemical.com<\/a><\/span> durante o hor\u00e1rio comercial (das 8h30 \u00e0s 18h UTC+8 de segunda a s\u00e1bado) ou use o bate-papo ao vivo do site para obter uma resposta imediata.<\/b><\/strong><\/h4>\n<p>&nbsp;<\/p>","protected":false},"excerpt":{"rendered":"<h2><strong>TiofenoDetalhes r\u00e1pidos<\/strong><\/h2>\n<p>Nome qu\u00edmico:Tiofeno<\/p>\n<p>CAS: 110-02-1<\/p>\n<p>F\u00f3rmula qu\u00edmica:C4H4S<\/p>\n<p>Peso molecular: 84,14<\/p>\n<p>Estrutura da mol\u00e9cula:<img decoding=\"async\" title=\"Estrutura do tiofeno\" src=\"https:\/\/www.longchangchemical.com\/wp-content\/uploads\/product-details\/20200616295430.png\" alt=\"Estrutura do tiofeno\" width=\"50\" height=\"49\" border=\"0\" vspace=\"0\" \/><\/p>\n<p>Apar\u00eancia: L\u00edquido transparente incolor<\/p>\n<p>Pureza: \u226599,9%<\/p>","protected":false},"featured_media":6512,"comment_status":"open","ping_status":"closed","template":"","meta":[],"product_brand":[],"product_cat":[111],"product_tag":[],"class_list":{"0":"post-4207","1":"product","2":"type-product","3":"status-publish","4":"has-post-thumbnail","6":"product_cat-plasticizer","8":"first","9":"instock","10":"shipping-taxable","11":"product-type-simple"},"yoast_head":"<!-- This site is optimized with the Yoast SEO plugin v25.3.1 - https:\/\/yoast.com\/wordpress\/plugins\/seo\/ -->\n<title>China Thiophene Manufacturer CAS 110-02-1 -Longchang Chemical<\/title>\n<meta name=\"description\" content=\"thiophene cas 110-02-1 is key product of Longchang Chemical. We provide best price. We are the leading manufacturer and supplier in China with the best quanlity and competitive price. Other Name:Thiaphene;\u00a0Thiofen;\u00a0Thiofuram;\u00a0Thiofurfuran;\u00a0\" \/>\n<meta name=\"robots\" content=\"index, follow, max-snippet:-1, max-image-preview:large, max-video-preview:-1\" \/>\n<link rel=\"canonical\" href=\"https:\/\/longchangchemical.com\/pt\/product\/thiophene-cas-110-02-1\/\" \/>\n<meta property=\"og:locale\" content=\"pt_BR\" \/>\n<meta property=\"og:type\" content=\"article\" \/>\n<meta property=\"og:title\" content=\"China Thiophene Manufacturer CAS 110-02-1 -Longchang Chemical\" \/>\n<meta property=\"og:description\" content=\"thiophene cas 110-02-1 is key product of Longchang Chemical. We provide best price. We are the leading manufacturer and supplier in China with the best quanlity and competitive price. Other Name:Thiaphene;\u00a0Thiofen;\u00a0Thiofuram;\u00a0Thiofurfuran;\u00a0\" \/>\n<meta property=\"og:url\" content=\"https:\/\/longchangchemical.com\/pt\/product\/thiophene-cas-110-02-1\/\" \/>\n<meta property=\"og:site_name\" content=\"Longchang Chemical\" \/>\n<meta property=\"article:modified_time\" content=\"2025-12-15T06:41:43+00:00\" \/>\n<meta property=\"og:image\" content=\"https:\/\/longchangchemical.com\/wp-content\/uploads\/2024\/01\/5-1.jpg\" \/>\n\t<meta property=\"og:image:width\" content=\"800\" \/>\n\t<meta property=\"og:image:height\" content=\"800\" \/>\n\t<meta property=\"og:image:type\" content=\"image\/jpeg\" \/>\n<meta name=\"twitter:card\" content=\"summary_large_image\" \/>\n<script type=\"application\/ld+json\" class=\"yoast-schema-graph\">{\"@context\":\"https:\/\/schema.org\",\"@graph\":[{\"@type\":\"WebPage\",\"@id\":\"https:\/\/longchangchemical.com\/product\/thiophene-cas-110-02-1\/\",\"url\":\"https:\/\/longchangchemical.com\/product\/thiophene-cas-110-02-1\/\",\"name\":\"China Thiophene Manufacturer CAS 110-02-1 -Longchang Chemical\",\"isPartOf\":{\"@id\":\"https:\/\/longchangchemical.com\/#website\"},\"primaryImageOfPage\":{\"@id\":\"https:\/\/longchangchemical.com\/product\/thiophene-cas-110-02-1\/#primaryimage\"},\"image\":{\"@id\":\"https:\/\/longchangchemical.com\/product\/thiophene-cas-110-02-1\/#primaryimage\"},\"thumbnailUrl\":\"https:\/\/longchangchemical.com\/wp-content\/uploads\/2024\/01\/5-1.jpg\",\"datePublished\":\"2024-01-18T02:18:16+00:00\",\"dateModified\":\"2025-12-15T06:41:43+00:00\",\"description\":\"thiophene cas 110-02-1 is key product of Longchang Chemical. We provide best price. We are the leading manufacturer and supplier in China with the best quanlity and competitive price. Other Name:Thiaphene;\u00a0Thiofen;\u00a0Thiofuram;\u00a0Thiofurfuran;\u00a0\",\"breadcrumb\":{\"@id\":\"https:\/\/longchangchemical.com\/product\/thiophene-cas-110-02-1\/#breadcrumb\"},\"inLanguage\":\"pt-BR\",\"potentialAction\":[{\"@type\":\"ReadAction\",\"target\":[\"https:\/\/longchangchemical.com\/product\/thiophene-cas-110-02-1\/\"]}]},{\"@type\":\"ImageObject\",\"inLanguage\":\"pt-BR\",\"@id\":\"https:\/\/longchangchemical.com\/product\/thiophene-cas-110-02-1\/#primaryimage\",\"url\":\"https:\/\/longchangchemical.com\/wp-content\/uploads\/2024\/01\/5-1.jpg\",\"contentUrl\":\"https:\/\/longchangchemical.com\/wp-content\/uploads\/2024\/01\/5-1.jpg\",\"width\":800,\"height\":800,\"caption\":\"thiophene cas 110-02-1\"},{\"@type\":\"BreadcrumbList\",\"@id\":\"https:\/\/longchangchemical.com\/product\/thiophene-cas-110-02-1\/#breadcrumb\",\"itemListElement\":[{\"@type\":\"ListItem\",\"position\":1,\"name\":\"Home\",\"item\":\"https:\/\/longchangchemical.com\/\"},{\"@type\":\"ListItem\",\"position\":2,\"name\":\"Products Longchang\",\"item\":\"https:\/\/longchangchemical.com\/product\/\"},{\"@type\":\"ListItem\",\"position\":3,\"name\":\"CHLUMIFLEX\u00ae thiophene cas 110-02-1\"}]},{\"@type\":\"WebSite\",\"@id\":\"https:\/\/longchangchemical.com\/#website\",\"url\":\"https:\/\/longchangchemical.com\/\",\"name\":\"Longchang Chemical\",\"description\":\"China chemical manufacturer \uff06 supplier\",\"publisher\":{\"@id\":\"https:\/\/longchangchemical.com\/#organization\"},\"potentialAction\":[{\"@type\":\"SearchAction\",\"target\":{\"@type\":\"EntryPoint\",\"urlTemplate\":\"https:\/\/longchangchemical.com\/?s={search_term_string}\"},\"query-input\":{\"@type\":\"PropertyValueSpecification\",\"valueRequired\":true,\"valueName\":\"search_term_string\"}}],\"inLanguage\":\"pt-BR\"},{\"@type\":\"Organization\",\"@id\":\"https:\/\/longchangchemical.com\/#organization\",\"name\":\"Longchang Chemical\",\"url\":\"https:\/\/longchangchemical.com\/\",\"logo\":{\"@type\":\"ImageObject\",\"inLanguage\":\"pt-BR\",\"@id\":\"https:\/\/longchangchemical.com\/#\/schema\/logo\/image\/\",\"url\":\"https:\/\/longchangchemical.com\/wp-content\/uploads\/2020\/08\/cropped-longchang-logo.png\",\"contentUrl\":\"https:\/\/longchangchemical.com\/wp-content\/uploads\/2020\/08\/cropped-longchang-logo.png\",\"width\":512,\"height\":512,\"caption\":\"Longchang Chemical\"},\"image\":{\"@id\":\"https:\/\/longchangchemical.com\/#\/schema\/logo\/image\/\"}}]}<\/script>\n<!-- \/ Yoast SEO plugin. -->","yoast_head_json":{"title":"Fabricante de tiofeno na China CAS 110-02-1 - Longchang Chemical","description":"thiophene cas 110-02-1 \u00e9 o principal produto da Longchang Chemical. Oferecemos o melhor pre\u00e7o. Somos o principal fabricante e fornecedor na China com a melhor qualidade e pre\u00e7o competitivo. Outros nomes:Tiafeno; Tiofeno; Tiofuram; Tiofurfurano;\u00a0","robots":{"index":"index","follow":"follow","max-snippet":"max-snippet:-1","max-image-preview":"max-image-preview:large","max-video-preview":"max-video-preview:-1"},"canonical":"https:\/\/longchangchemical.com\/pt\/product\/thiophene-cas-110-02-1\/","og_locale":"pt_BR","og_type":"article","og_title":"China Thiophene Manufacturer CAS 110-02-1 -Longchang Chemical","og_description":"thiophene cas 110-02-1 is key product of Longchang Chemical. We provide best price. We are the leading manufacturer and supplier in China with the best quanlity and competitive price. Other Name:Thiaphene;\u00a0Thiofen;\u00a0Thiofuram;\u00a0Thiofurfuran;\u00a0","og_url":"https:\/\/longchangchemical.com\/pt\/product\/thiophene-cas-110-02-1\/","og_site_name":"Longchang Chemical","article_modified_time":"2025-12-15T06:41:43+00:00","og_image":[{"width":800,"height":800,"url":"https:\/\/longchangchemical.com\/wp-content\/uploads\/2024\/01\/5-1.jpg","type":"image\/jpeg"}],"twitter_card":"summary_large_image","schema":{"@context":"https:\/\/schema.org","@graph":[{"@type":"WebPage","@id":"https:\/\/longchangchemical.com\/product\/thiophene-cas-110-02-1\/","url":"https:\/\/longchangchemical.com\/product\/thiophene-cas-110-02-1\/","name":"Fabricante de tiofeno na China CAS 110-02-1 - Longchang Chemical","isPartOf":{"@id":"https:\/\/longchangchemical.com\/#website"},"primaryImageOfPage":{"@id":"https:\/\/longchangchemical.com\/product\/thiophene-cas-110-02-1\/#primaryimage"},"image":{"@id":"https:\/\/longchangchemical.com\/product\/thiophene-cas-110-02-1\/#primaryimage"},"thumbnailUrl":"https:\/\/longchangchemical.com\/wp-content\/uploads\/2024\/01\/5-1.jpg","datePublished":"2024-01-18T02:18:16+00:00","dateModified":"2025-12-15T06:41:43+00:00","description":"thiophene cas 110-02-1 \u00e9 o principal produto da Longchang Chemical. Oferecemos o melhor pre\u00e7o. Somos o principal fabricante e fornecedor na China com a melhor qualidade e pre\u00e7o competitivo. Outros nomes:Tiafeno; Tiofeno; Tiofuram; Tiofurfurano;\u00a0","breadcrumb":{"@id":"https:\/\/longchangchemical.com\/product\/thiophene-cas-110-02-1\/#breadcrumb"},"inLanguage":"pt-BR","potentialAction":[{"@type":"ReadAction","target":["https:\/\/longchangchemical.com\/product\/thiophene-cas-110-02-1\/"]}]},{"@type":"ImageObject","inLanguage":"pt-BR","@id":"https:\/\/longchangchemical.com\/product\/thiophene-cas-110-02-1\/#primaryimage","url":"https:\/\/longchangchemical.com\/wp-content\/uploads\/2024\/01\/5-1.jpg","contentUrl":"https:\/\/longchangchemical.com\/wp-content\/uploads\/2024\/01\/5-1.jpg","width":800,"height":800,"caption":"thiophene cas 110-02-1"},{"@type":"BreadcrumbList","@id":"https:\/\/longchangchemical.com\/product\/thiophene-cas-110-02-1\/#breadcrumb","itemListElement":[{"@type":"ListItem","position":1,"name":"Home","item":"https:\/\/longchangchemical.com\/"},{"@type":"ListItem","position":2,"name":"Products Longchang","item":"https:\/\/longchangchemical.com\/product\/"},{"@type":"ListItem","position":3,"name":"CHLUMIFLEX\u00ae thiophene cas 110-02-1"}]},{"@type":"WebSite","@id":"https:\/\/longchangchemical.com\/#website","url":"https:\/\/longchangchemical.com\/","name":"Qu\u00edmica Longchang","description":"Fabricante de produtos qu\u00edmicos na China \uff06 fornecedor","publisher":{"@id":"https:\/\/longchangchemical.com\/#organization"},"potentialAction":[{"@type":"SearchAction","target":{"@type":"EntryPoint","urlTemplate":"https:\/\/longchangchemical.com\/?s={search_term_string}"},"query-input":{"@type":"PropertyValueSpecification","valueRequired":true,"valueName":"search_term_string"}}],"inLanguage":"pt-BR"},{"@type":"Organization","@id":"https:\/\/longchangchemical.com\/#organization","name":"Qu\u00edmica Longchang","url":"https:\/\/longchangchemical.com\/","logo":{"@type":"ImageObject","inLanguage":"pt-BR","@id":"https:\/\/longchangchemical.com\/#\/schema\/logo\/image\/","url":"https:\/\/longchangchemical.com\/wp-content\/uploads\/2020\/08\/cropped-longchang-logo.png","contentUrl":"https:\/\/longchangchemical.com\/wp-content\/uploads\/2020\/08\/cropped-longchang-logo.png","width":512,"height":512,"caption":"Longchang Chemical"},"image":{"@id":"https:\/\/longchangchemical.com\/#\/schema\/logo\/image\/"}}]}},"_links":{"self":[{"href":"https:\/\/longchangchemical.com\/pt\/wp-json\/wp\/v2\/product\/4207","targetHints":{"allow":["GET"]}}],"collection":[{"href":"https:\/\/longchangchemical.com\/pt\/wp-json\/wp\/v2\/product"}],"about":[{"href":"https:\/\/longchangchemical.com\/pt\/wp-json\/wp\/v2\/types\/product"}],"replies":[{"embeddable":true,"href":"https:\/\/longchangchemical.com\/pt\/wp-json\/wp\/v2\/comments?post=4207"}],"wp:featuredmedia":[{"embeddable":true,"href":"https:\/\/longchangchemical.com\/pt\/wp-json\/wp\/v2\/media\/6512"}],"wp:attachment":[{"href":"https:\/\/longchangchemical.com\/pt\/wp-json\/wp\/v2\/media?parent=4207"}],"wp:term":[{"taxonomy":"product_brand","embeddable":true,"href":"https:\/\/longchangchemical.com\/pt\/wp-json\/wp\/v2\/product_brand?post=4207"},{"taxonomy":"product_cat","embeddable":true,"href":"https:\/\/longchangchemical.com\/pt\/wp-json\/wp\/v2\/product_cat?post=4207"},{"taxonomy":"product_tag","embeddable":true,"href":"https:\/\/longchangchemical.com\/pt\/wp-json\/wp\/v2\/product_tag?post=4207"}],"curies":[{"name":"wp","href":"https:\/\/api.w.org\/{rel}","templated":true}]}}