{"id":4199,"date":"2024-01-18T03:29:55","date_gmt":"2024-01-18T03:29:55","guid":{"rendered":"https:\/\/longchangchemical.com\/?post_type=product&#038;p=4199"},"modified":"2025-12-17T04:12:19","modified_gmt":"2025-12-17T04:12:19","slug":"basic-red-5-cas-553-24-2","status":"publish","type":"product","link":"https:\/\/longchangchemical.com\/pt\/product\/basic-red-5-cas-553-24-2\/","title":{"rendered":"basic red 5 cas 553-24-2"},"content":{"rendered":"<h2><strong>Propriedades t\u00edpicas do Basic Red 5<\/strong><\/h2>\n<table class=\"table-1\" cellspacing=\"0\">\n<tbody>\n<tr>\n<td>Apar\u00eancia<\/td>\n<td>P\u00f3 verde escuro, marrom ou preto claro<\/td>\n<td>P\u00f3 verde escuro, marrom ou preto claro<\/td>\n<\/tr>\n<tr>\n<td>Dom\u00ednio da descolora\u00e7\u00e3o do PH<\/td>\n<td>6.8\uff08Vermelho\uff09\uff5e8.0\uff08Amarelo\uff09<\/td>\n<td>6.8\uff08Vermelho\uff09\uff5e8.0\uff08Amendoim\uff09<\/td>\n<\/tr>\n<tr>\n<td>Res\u00edduo de queima (calculado como sulfato)\u2264<\/td>\n<td>2<\/td>\n<td>1.2<\/td>\n<\/tr>\n<tr>\n<td>Teste de dissolu\u00e7\u00e3o em etanol Teste de sensibilidade<\/td>\n<td>Cumpre Cumpre<\/td>\n<td>Cumpre Cumpre<\/td>\n<\/tr>\n<\/tbody>\n<\/table>\n<h2><strong>Uso b\u00e1sico do Red 5<\/strong><\/h2>\n<p>1. Indicador \u00e1cido-base, corante biol\u00f3gico<\/p>\n<p>2. Indicador de alcalinidade para \u00e1gua, nitrito e urina<\/p>\n<p>3. Indicador de hidr\u00f3lise de gordura em histoqu\u00edmica<\/p>\n<p>4. Colora\u00e7\u00e3o de c\u00e9lulas nervosas com gr\u00e2nulos de Nissl<\/p>\n<p>5. Usado junto com o Jianna Green para colora\u00e7\u00e3o de corpos vivos in vitro<\/p>\n<p>6. Determina\u00e7\u00e3o fotom\u00e9trica de \u00edons iodeto<\/p>\n<p>7. Prepara\u00e7\u00e3o do papel de teste vermelho neutro<\/p>\n<h2><strong>Basic Red 5 Embalagem e envio<\/strong><\/h2>\n<p>Embalagem: 25 kg\/saco<\/p>\n<h2><strong>Armazenamento b\u00e1sico do Red 5<\/strong><\/h2>\n<p>Armazenado em um local fresco, seco e ventilado, longe do alcance de crian\u00e7as<\/p>\n<h2><strong><b>Entre em contato conosco agora!<\/b><\/strong><\/h2>\n<h4><strong><b>Se precisar de COA, MSDS ou TDS, preencha suas informa\u00e7\u00f5es de contato no formul\u00e1rio abaixo. Normalmente, entraremos em contato em 24 horas. Voc\u00ea tamb\u00e9m pode me enviar um e-mail <span style=\"color: #0000ff;\"><a style=\"color: #0000ff;\" href=\"mailto:info@longchangchemical.com\">info@longchangchemical.com<\/a><\/span> durante o hor\u00e1rio comercial (das 8h30 \u00e0s 18h UTC+8 de segunda a s\u00e1bado) ou use o bate-papo ao vivo do site para obter uma resposta imediata.<\/b><\/strong><\/h4>","protected":false},"excerpt":{"rendered":"<h2><strong>Detalhes do Basic Red 5<\/strong><\/h2>\n<p>Nome qu\u00edmico: Vermelho b\u00e1sico 5<\/p>\n<p>N\u00famero CAS: 553-24-2<\/p>\n<p>F\u00f3rmula molecular: C15H17ClN4<\/p>\n<p>Peso molecular: 288,77528<\/p>\n<p>Estrutura molecular:<img decoding=\"async\" title=\"Estrutura b\u00e1sica do Red 5\" src=\"https:\/\/www.longchangchemical.com\/wp-content\/uploads\/product-details\/20200611270254.png\" alt=\"Estrutura b\u00e1sica do Red 5\" width=\"220\" height=\"110\" border=\"0\" vspace=\"0\" \/><\/p>\n<p>Apar\u00eancia: verde escuro<\/p>","protected":false},"featured_media":6517,"comment_status":"open","ping_status":"closed","template":"","meta":[],"product_brand":[],"product_cat":[69],"product_tag":[],"class_list":{"0":"post-4199","1":"product","2":"type-product","3":"status-publish","4":"has-post-thumbnail","6":"product_cat-catalysts-chemical-auxiliary-agents","8":"first","9":"instock","10":"shipping-taxable","11":"product-type-simple"},"yoast_head":"<!-- This site is optimized with the Yoast SEO plugin v25.3.1 - https:\/\/yoast.com\/wordpress\/plugins\/seo\/ -->\n<title>China Basic Red 5 Manufacturer CAS 553-24-2 - Longchang Chemical<\/title>\n<meta name=\"description\" content=\"Basic Red 5 is a key product of Longchang Chemical. We provide the best price and are the leading manufacturer and supplier in China, known for the best quality and competitive prices.\" \/>\n<meta name=\"robots\" content=\"index, follow, max-snippet:-1, max-image-preview:large, max-video-preview:-1\" \/>\n<link rel=\"canonical\" href=\"https:\/\/longchangchemical.com\/pt\/product\/basic-red-5-cas-553-24-2\/\" \/>\n<meta property=\"og:locale\" content=\"pt_BR\" \/>\n<meta property=\"og:type\" content=\"article\" \/>\n<meta property=\"og:title\" content=\"China Basic Red 5 Manufacturer CAS 553-24-2 - Longchang Chemical\" \/>\n<meta property=\"og:description\" content=\"Basic Red 5 is a key product of Longchang Chemical. We provide the best price and are the leading manufacturer and supplier in China, known for the best quality and competitive prices.\" \/>\n<meta property=\"og:url\" content=\"https:\/\/longchangchemical.com\/pt\/product\/basic-red-5-cas-553-24-2\/\" \/>\n<meta property=\"og:site_name\" content=\"Longchang Chemical\" \/>\n<meta property=\"article:modified_time\" content=\"2025-12-17T04:12:19+00:00\" \/>\n<meta property=\"og:image\" content=\"https:\/\/longchangchemical.com\/wp-content\/uploads\/2021\/01\/4-6.jpg\" \/>\n\t<meta property=\"og:image:width\" content=\"800\" \/>\n\t<meta property=\"og:image:height\" content=\"800\" \/>\n\t<meta property=\"og:image:type\" content=\"image\/jpeg\" \/>\n<meta name=\"twitter:card\" content=\"summary_large_image\" \/>\n<script type=\"application\/ld+json\" class=\"yoast-schema-graph\">{\"@context\":\"https:\/\/schema.org\",\"@graph\":[{\"@type\":\"WebPage\",\"@id\":\"https:\/\/longchangchemical.com\/product\/basic-red-5-cas-553-24-2\/\",\"url\":\"https:\/\/longchangchemical.com\/product\/basic-red-5-cas-553-24-2\/\",\"name\":\"China Basic Red 5 Manufacturer CAS 553-24-2 - Longchang Chemical\",\"isPartOf\":{\"@id\":\"https:\/\/longchangchemical.com\/#website\"},\"primaryImageOfPage\":{\"@id\":\"https:\/\/longchangchemical.com\/product\/basic-red-5-cas-553-24-2\/#primaryimage\"},\"image\":{\"@id\":\"https:\/\/longchangchemical.com\/product\/basic-red-5-cas-553-24-2\/#primaryimage\"},\"thumbnailUrl\":\"https:\/\/longchangchemical.com\/wp-content\/uploads\/2021\/01\/4-6.jpg\",\"datePublished\":\"2024-01-18T03:29:55+00:00\",\"dateModified\":\"2025-12-17T04:12:19+00:00\",\"description\":\"Basic Red 5 is a key product of Longchang Chemical. We provide the best price and are the leading manufacturer and supplier in China, known for the best quality and competitive prices.\",\"breadcrumb\":{\"@id\":\"https:\/\/longchangchemical.com\/product\/basic-red-5-cas-553-24-2\/#breadcrumb\"},\"inLanguage\":\"pt-BR\",\"potentialAction\":[{\"@type\":\"ReadAction\",\"target\":[\"https:\/\/longchangchemical.com\/product\/basic-red-5-cas-553-24-2\/\"]}]},{\"@type\":\"ImageObject\",\"inLanguage\":\"pt-BR\",\"@id\":\"https:\/\/longchangchemical.com\/product\/basic-red-5-cas-553-24-2\/#primaryimage\",\"url\":\"https:\/\/longchangchemical.com\/wp-content\/uploads\/2021\/01\/4-6.jpg\",\"contentUrl\":\"https:\/\/longchangchemical.com\/wp-content\/uploads\/2021\/01\/4-6.jpg\",\"width\":800,\"height\":800,\"caption\":\"basic red 5 cas 553-24-2\"},{\"@type\":\"BreadcrumbList\",\"@id\":\"https:\/\/longchangchemical.com\/product\/basic-red-5-cas-553-24-2\/#breadcrumb\",\"itemListElement\":[{\"@type\":\"ListItem\",\"position\":1,\"name\":\"Home\",\"item\":\"https:\/\/longchangchemical.com\/\"},{\"@type\":\"ListItem\",\"position\":2,\"name\":\"Products Longchang\",\"item\":\"https:\/\/longchangchemical.com\/product\/\"},{\"@type\":\"ListItem\",\"position\":3,\"name\":\"basic red 5 cas 553-24-2\"}]},{\"@type\":\"WebSite\",\"@id\":\"https:\/\/longchangchemical.com\/#website\",\"url\":\"https:\/\/longchangchemical.com\/\",\"name\":\"Longchang Chemical\",\"description\":\"China chemical manufacturer \uff06 supplier\",\"publisher\":{\"@id\":\"https:\/\/longchangchemical.com\/#organization\"},\"potentialAction\":[{\"@type\":\"SearchAction\",\"target\":{\"@type\":\"EntryPoint\",\"urlTemplate\":\"https:\/\/longchangchemical.com\/?s={search_term_string}\"},\"query-input\":{\"@type\":\"PropertyValueSpecification\",\"valueRequired\":true,\"valueName\":\"search_term_string\"}}],\"inLanguage\":\"pt-BR\"},{\"@type\":\"Organization\",\"@id\":\"https:\/\/longchangchemical.com\/#organization\",\"name\":\"Longchang Chemical\",\"url\":\"https:\/\/longchangchemical.com\/\",\"logo\":{\"@type\":\"ImageObject\",\"inLanguage\":\"pt-BR\",\"@id\":\"https:\/\/longchangchemical.com\/#\/schema\/logo\/image\/\",\"url\":\"https:\/\/longchangchemical.com\/wp-content\/uploads\/2020\/08\/cropped-longchang-logo.png\",\"contentUrl\":\"https:\/\/longchangchemical.com\/wp-content\/uploads\/2020\/08\/cropped-longchang-logo.png\",\"width\":512,\"height\":512,\"caption\":\"Longchang Chemical\"},\"image\":{\"@id\":\"https:\/\/longchangchemical.com\/#\/schema\/logo\/image\/\"}}]}<\/script>\n<!-- \/ Yoast SEO plugin. -->","yoast_head_json":{"title":"Fabricante de vermelho b\u00e1sico 5 da China CAS 553-24-2 - Longchang Chemical","description":"O Basic Red 5 \u00e9 um produto-chave da Longchang Chemical. Oferecemos o melhor pre\u00e7o e somos o principal fabricante e fornecedor da China, conhecidos pela melhor qualidade e pre\u00e7os competitivos.","robots":{"index":"index","follow":"follow","max-snippet":"max-snippet:-1","max-image-preview":"max-image-preview:large","max-video-preview":"max-video-preview:-1"},"canonical":"https:\/\/longchangchemical.com\/pt\/product\/basic-red-5-cas-553-24-2\/","og_locale":"pt_BR","og_type":"article","og_title":"China Basic Red 5 Manufacturer CAS 553-24-2 - Longchang Chemical","og_description":"Basic Red 5 is a key product of Longchang Chemical. We provide the best price and are the leading manufacturer and supplier in China, known for the best quality and competitive prices.","og_url":"https:\/\/longchangchemical.com\/pt\/product\/basic-red-5-cas-553-24-2\/","og_site_name":"Longchang Chemical","article_modified_time":"2025-12-17T04:12:19+00:00","og_image":[{"width":800,"height":800,"url":"https:\/\/longchangchemical.com\/wp-content\/uploads\/2021\/01\/4-6.jpg","type":"image\/jpeg"}],"twitter_card":"summary_large_image","schema":{"@context":"https:\/\/schema.org","@graph":[{"@type":"WebPage","@id":"https:\/\/longchangchemical.com\/product\/basic-red-5-cas-553-24-2\/","url":"https:\/\/longchangchemical.com\/product\/basic-red-5-cas-553-24-2\/","name":"Fabricante de vermelho b\u00e1sico 5 da China CAS 553-24-2 - Longchang Chemical","isPartOf":{"@id":"https:\/\/longchangchemical.com\/#website"},"primaryImageOfPage":{"@id":"https:\/\/longchangchemical.com\/product\/basic-red-5-cas-553-24-2\/#primaryimage"},"image":{"@id":"https:\/\/longchangchemical.com\/product\/basic-red-5-cas-553-24-2\/#primaryimage"},"thumbnailUrl":"https:\/\/longchangchemical.com\/wp-content\/uploads\/2021\/01\/4-6.jpg","datePublished":"2024-01-18T03:29:55+00:00","dateModified":"2025-12-17T04:12:19+00:00","description":"O Basic Red 5 \u00e9 um produto-chave da Longchang Chemical. Oferecemos o melhor pre\u00e7o e somos o principal fabricante e fornecedor da China, conhecidos pela melhor qualidade e pre\u00e7os competitivos.","breadcrumb":{"@id":"https:\/\/longchangchemical.com\/product\/basic-red-5-cas-553-24-2\/#breadcrumb"},"inLanguage":"pt-BR","potentialAction":[{"@type":"ReadAction","target":["https:\/\/longchangchemical.com\/product\/basic-red-5-cas-553-24-2\/"]}]},{"@type":"ImageObject","inLanguage":"pt-BR","@id":"https:\/\/longchangchemical.com\/product\/basic-red-5-cas-553-24-2\/#primaryimage","url":"https:\/\/longchangchemical.com\/wp-content\/uploads\/2021\/01\/4-6.jpg","contentUrl":"https:\/\/longchangchemical.com\/wp-content\/uploads\/2021\/01\/4-6.jpg","width":800,"height":800,"caption":"basic red 5 cas 553-24-2"},{"@type":"BreadcrumbList","@id":"https:\/\/longchangchemical.com\/product\/basic-red-5-cas-553-24-2\/#breadcrumb","itemListElement":[{"@type":"ListItem","position":1,"name":"Home","item":"https:\/\/longchangchemical.com\/"},{"@type":"ListItem","position":2,"name":"Products Longchang","item":"https:\/\/longchangchemical.com\/product\/"},{"@type":"ListItem","position":3,"name":"basic red 5 cas 553-24-2"}]},{"@type":"WebSite","@id":"https:\/\/longchangchemical.com\/#website","url":"https:\/\/longchangchemical.com\/","name":"Qu\u00edmica Longchang","description":"Fabricante de produtos qu\u00edmicos na China \uff06 fornecedor","publisher":{"@id":"https:\/\/longchangchemical.com\/#organization"},"potentialAction":[{"@type":"SearchAction","target":{"@type":"EntryPoint","urlTemplate":"https:\/\/longchangchemical.com\/?s={search_term_string}"},"query-input":{"@type":"PropertyValueSpecification","valueRequired":true,"valueName":"search_term_string"}}],"inLanguage":"pt-BR"},{"@type":"Organization","@id":"https:\/\/longchangchemical.com\/#organization","name":"Qu\u00edmica Longchang","url":"https:\/\/longchangchemical.com\/","logo":{"@type":"ImageObject","inLanguage":"pt-BR","@id":"https:\/\/longchangchemical.com\/#\/schema\/logo\/image\/","url":"https:\/\/longchangchemical.com\/wp-content\/uploads\/2020\/08\/cropped-longchang-logo.png","contentUrl":"https:\/\/longchangchemical.com\/wp-content\/uploads\/2020\/08\/cropped-longchang-logo.png","width":512,"height":512,"caption":"Longchang Chemical"},"image":{"@id":"https:\/\/longchangchemical.com\/#\/schema\/logo\/image\/"}}]}},"_links":{"self":[{"href":"https:\/\/longchangchemical.com\/pt\/wp-json\/wp\/v2\/product\/4199","targetHints":{"allow":["GET"]}}],"collection":[{"href":"https:\/\/longchangchemical.com\/pt\/wp-json\/wp\/v2\/product"}],"about":[{"href":"https:\/\/longchangchemical.com\/pt\/wp-json\/wp\/v2\/types\/product"}],"replies":[{"embeddable":true,"href":"https:\/\/longchangchemical.com\/pt\/wp-json\/wp\/v2\/comments?post=4199"}],"wp:featuredmedia":[{"embeddable":true,"href":"https:\/\/longchangchemical.com\/pt\/wp-json\/wp\/v2\/media\/6517"}],"wp:attachment":[{"href":"https:\/\/longchangchemical.com\/pt\/wp-json\/wp\/v2\/media?parent=4199"}],"wp:term":[{"taxonomy":"product_brand","embeddable":true,"href":"https:\/\/longchangchemical.com\/pt\/wp-json\/wp\/v2\/product_brand?post=4199"},{"taxonomy":"product_cat","embeddable":true,"href":"https:\/\/longchangchemical.com\/pt\/wp-json\/wp\/v2\/product_cat?post=4199"},{"taxonomy":"product_tag","embeddable":true,"href":"https:\/\/longchangchemical.com\/pt\/wp-json\/wp\/v2\/product_tag?post=4199"}],"curies":[{"name":"wp","href":"https:\/\/api.w.org\/{rel}","templated":true}]}}