{"id":4194,"date":"2024-01-18T06:50:43","date_gmt":"2024-01-18T06:50:43","guid":{"rendered":"https:\/\/longchangchemical.com\/?post_type=product&#038;p=4194"},"modified":"2025-12-17T03:50:08","modified_gmt":"2025-12-17T03:50:08","slug":"246-trimethylbenzoyl-chloride-cas-938-18-1","status":"publish","type":"product","link":"https:\/\/longchangchemical.com\/pt\/product\/246-trimethylbenzoyl-chloride-cas-938-18-1\/","title":{"rendered":"Cloreto de 2,4,6-trimetilbenzo\u00edla cas 938-18-1"},"content":{"rendered":"<h2><strong>Propriedades t\u00edpicas do cloreto de 2,4,6-trimetilbenzo\u00edla<\/strong><\/h2>\n<table class=\"table-1\" cellspacing=\"0\">\n<tbody>\n<tr>\n<td>Nome<\/td>\n<td>Cloreto de mesito\u00edla\/cloreto de 2,4,6-trimetilbenzo\u00edla<\/td>\n<\/tr>\n<tr>\n<td>CAS NO.<\/td>\n<td>938-18-1<\/td>\n<\/tr>\n<tr>\n<td>Apar\u00eancia<\/td>\n<td>L\u00edquido incolor a amarelo p\u00e1lido<\/td>\n<\/tr>\n<tr>\n<td>Pureza<\/td>\n<td>99% M\u00ednimo<\/td>\n<\/tr>\n<tr>\n<td>B.P.<\/td>\n<td>143-146 \u00baC (60 mmHg)<\/td>\n<\/tr>\n<tr>\n<td>\u00cdndice de refra\u00e7\u00e3o<\/td>\n<td>1.528-1.53<\/td>\n<\/tr>\n<\/tbody>\n<\/table>\n<h2><strong>Cloreto de 2,4,6-trimetilbenzo\u00edlaUso<\/strong><\/h2>\n<p>Intermedi\u00e1rios de s\u00edntese org\u00e2nica como aditivos para pl\u00e1sticos e tintas.<\/p>\n<ol>\n<li><strong>S\u00edntese qu\u00edmica:<\/strong> O cloreto de 2,4,6-trimetilbenzo\u00edla, com n\u00famero CAS 938-18-1, \u00e9 amplamente utilizado em s\u00edntese qu\u00edmica, especificamente como agente benzoilante. Ele \u00e9 empregado em rea\u00e7\u00f5es que envolvem a introdu\u00e7\u00e3o de grupos benzo\u00edlicos em compostos org\u00e2nicos.<\/li>\n<li><strong>Ind\u00fastria de pol\u00edmeros:<\/strong> Esse composto tem aplica\u00e7\u00e3o na ind\u00fastria de pol\u00edmeros, onde \u00e9 usado como reagente na s\u00edntese de pol\u00edmeros e copol\u00edmeros. Ele contribui para a modifica\u00e7\u00e3o das propriedades do pol\u00edmero por meio da incorpora\u00e7\u00e3o de funcionalidades benzo\u00edlicas.<\/li>\n<li><strong>Produtos farmac\u00eauticos:<\/strong> O cloreto de 2,4,6-trimetilbenzo\u00edla \u00e9 utilizado na ind\u00fastria farmac\u00eautica para a s\u00edntese de v\u00e1rios intermedi\u00e1rios farmac\u00eauticos e ingredientes ativos. Ele serve como um bloco de constru\u00e7\u00e3o fundamental na produ\u00e7\u00e3o de determinados medicamentos.<\/li>\n<li><strong>Agroqu\u00edmicos:<\/strong> No campo dos agroqu\u00edmicos, esse composto \u00e9 empregado para a s\u00edntese de produtos agroqu\u00edmicos espec\u00edficos. Ele desempenha um papel no desenvolvimento de formula\u00e7\u00f5es agroqu\u00edmicas e ingredientes ativos.<\/li>\n<\/ol>\n<h2><strong>Cloreto de 2,4,6-trimetilbenzo\u00edlaEmbalagem e envio<\/strong><\/h2>\n<p>Embalagem: 25 kg\/tambor<\/p>\n<p>Entrega: entrega em 3 a 5 dias \u00fateis<\/p>\n<h2><strong>Cloreto de 2,4,6-trimetilbenzo\u00edlaArmazenamento<\/strong><\/h2>\n<p>Evitar a luz e o ressecamento.<\/p>\n<p>Medidas de primeiros socorros<\/p>\n<p>4.1Descri\u00e7\u00e3o das medidas de primeiros socorros necess\u00e1rias<\/p>\n<p>Recomenda\u00e7\u00f5es gerais<\/p>\n<p>Consulte um m\u00e9dico. Mostre esta ficha de dados de seguran\u00e7a ao m\u00e9dico que estiver atendendo.<\/p>\n<p>Se inalado<\/p>\n<p>Se a pessoa tiver respirado, leve-a para o ar fresco. Se n\u00e3o estiver respirando, fa\u00e7a respira\u00e7\u00e3o artificial. Consulte um m\u00e9dico.<\/p>\n<p>Em caso de contato com a pele<\/p>\n<p>Lave com sab\u00e3o e \u00e1gua em abund\u00e2ncia. Consulte um m\u00e9dico.<\/p>\n<p>Em caso de contato visual<\/p>\n<p>Enx\u00e1gue bem com \u00e1gua em abund\u00e2ncia por pelo menos 15 minutos e consulte um m\u00e9dico.<\/p>\n<p>Se ingerido<\/p>\n<p>Nunca d\u00ea nada por via oral a uma pessoa inconsciente. Enx\u00e1gue a boca com \u00e1gua. Consulte um m\u00e9dico.<\/p>\n<p>4.2Sintomas\/efeitos mais importantes, agudos e tardios<\/p>\n<p>N\u00e3o h\u00e1 dados dispon\u00edveis<\/p>\n<p>4.3Indica\u00e7\u00e3o de aten\u00e7\u00e3o m\u00e9dica imediata e tratamento especial necess\u00e1rio, se necess\u00e1rio<\/p>\n<p>N\u00e3o h\u00e1 dados dispon\u00edveis<\/p>\n<p>5. medidas de combate a inc\u00eandios<\/p>\n<p>5.1Meios de extin\u00e7\u00e3o<\/p>\n<p>Meios de extin\u00e7\u00e3o adequados<\/p>\n<p>Use spray de \u00e1gua, espuma resistente ao \u00e1lcool, p\u00f3 qu\u00edmico seco ou di\u00f3xido de carbono.<\/p>\n<p>5.2Perigos espec\u00edficos decorrentes do produto qu\u00edmico<\/p>\n<p>N\u00e3o h\u00e1 dados dispon\u00edveis<\/p>\n<p>5.3A\u00e7\u00f5es especiais de prote\u00e7\u00e3o para bombeiros<\/p>\n<p>Use um aparelho de respira\u00e7\u00e3o aut\u00f4noma para combate a inc\u00eandios, se necess\u00e1rio.<\/p>\n<p>6. medidas de libera\u00e7\u00e3o acidental<\/p>\n<p>6.1Precau\u00e7\u00f5es pessoais, equipamentos de prote\u00e7\u00e3o e procedimentos de emerg\u00eancia<\/p>\n<p>Use equipamento de prote\u00e7\u00e3o individual. Evite a forma\u00e7\u00e3o de poeira. Evite respirar vapores, n\u00e9voas ou gases. Garanta a ventila\u00e7\u00e3o adequada. Evacue o pessoal para \u00e1reas seguras. Evite respirar a poeira. Para prote\u00e7\u00e3o pessoal, consulte a se\u00e7\u00e3o 8.<\/p>\n<p>6.2Precau\u00e7\u00f5es ambientais<\/p>\n<p>Evite mais vazamentos ou derramamentos se for seguro faz\u00ea-lo. N\u00e3o deixe que o produto entre nos ralos. Deve-se evitar o descarte no meio ambiente.<\/p>\n<p>6.3M\u00e9todos e materiais para conten\u00e7\u00e3o e limpeza<\/p>\n<p>Recolher e providenciar o descarte. Varra e use uma p\u00e1. Mantenha em recipientes adequados e fechados para descarte.<\/p>\n<p>7. manuseio e armazenamento<\/p>\n<p>7.1Precau\u00e7\u00f5es para o manuseio seguro<\/p>\n<p>Evite o contato com a pele e os olhos. Evite a forma\u00e7\u00e3o de poeira e aeross\u00f3is. Evite a exposi\u00e7\u00e3o - obtenha instru\u00e7\u00f5es especiais antes de us\u00e1-lo. Providencie ventila\u00e7\u00e3o de exaust\u00e3o adequada nos locais onde houver forma\u00e7\u00e3o de poeira. Para precau\u00e7\u00f5es, consulte a se\u00e7\u00e3o 2.2.<\/p>\n<p>7.2Condi\u00e7\u00f5es para armazenamento seguro, incluindo quaisquer incompatibilidades<\/p>\n<p>Armazene em local fresco. Mantenha o recipiente bem fechado em um local seco e bem ventilado.<\/p>\n<p>8. controles de exposi\u00e7\u00e3o\/prote\u00e7\u00e3o pessoal<\/p>\n<p>8.1Par\u00e2metros de controle<\/p>\n<p>Valores-limite de exposi\u00e7\u00e3o ocupacional<\/p>\n<p>N\u00e3o h\u00e1 dados dispon\u00edveis<\/p>\n<p>Valores-limite biol\u00f3gicos<\/p>\n<p>N\u00e3o h\u00e1 dados dispon\u00edveis<\/p>\n<p>8.2Controles de engenharia apropriados<\/p>\n<p>Manuseie de acordo com as boas pr\u00e1ticas de higiene e seguran\u00e7a industrial. Lave as m\u00e3os antes dos intervalos e no final do dia de trabalho.<\/p>\n<p>8.3Medidas de prote\u00e7\u00e3o individual, como equipamento de prote\u00e7\u00e3o individual (EPI)<\/p>\n<p>Prote\u00e7\u00e3o para os olhos\/face<\/p>\n<p>\u00d3culos de seguran\u00e7a com prote\u00e7\u00e3o lateral em conformidade com a norma EN166. Use equipamentos de prote\u00e7\u00e3o ocular testados e aprovados de acordo com as normas governamentais apropriadas, como a NIOSH (EUA) ou a EN 166 (UE).<\/p>\n<p>Prote\u00e7\u00e3o da pele<\/p>\n<p>Use roupas imperme\u00e1veis. O tipo de equipamento de prote\u00e7\u00e3o deve ser selecionado de acordo com a concentra\u00e7\u00e3o e a quantidade da subst\u00e2ncia perigosa no local de trabalho espec\u00edfico. Manuseie com luvas. As luvas devem ser inspecionadas antes do uso. Use a t\u00e9cnica adequada de remo\u00e7\u00e3o de luvas (sem tocar na superf\u00edcie externa da luva) para evitar o contato da pele com este produto. Descarte as luvas contaminadas ap\u00f3s o uso de acordo com as leis aplic\u00e1veis e as boas pr\u00e1ticas de laborat\u00f3rio. Lave e seque as m\u00e3os. As luvas de prote\u00e7\u00e3o selecionadas devem satisfazer as especifica\u00e7\u00f5es da Diretiva da UE 89\/686\/EEC e a norma EN 374 derivada dela.<\/p>\n<p>Prote\u00e7\u00e3o respirat\u00f3ria<\/p>\n<p>Use m\u00e1scara contra poeira ao manusear grandes quantidades.<\/p>\n<p>Riscos t\u00e9rmicos<\/p>\n<p>N\u00e3o h\u00e1 dados dispon\u00edveis<\/p>\n<h2><strong><b>Entre em contato conosco agora!<\/b><\/strong><\/h2>\n<h4><strong><b>Se precisar de COA, MSDS ou TDS, preencha suas informa\u00e7\u00f5es de contato no formul\u00e1rio abaixo. Normalmente, entraremos em contato em 24 horas. Voc\u00ea tamb\u00e9m pode me enviar um e-mail <span style=\"color: #0000ff;\"><a style=\"color: #0000ff;\" href=\"mailto:info@longchangchemical.com\">info@longchangchemical.com<\/a><\/span> durante o hor\u00e1rio comercial (das 8h30 \u00e0s 18h UTC+8 de segunda a s\u00e1bado) ou use o bate-papo ao vivo do site para obter uma resposta imediata.<\/b><\/strong><\/h4>","protected":false},"excerpt":{"rendered":"<h2><strong>Detalhes r\u00e1pidos do cloreto de 2,4,6-trimetilbenzo\u00edla<\/strong><\/h2>\n<p>Nome qu\u00edmico: Cloreto de 2,4,6-trimetilbenzo\u00edla<\/p>\n<p>N\u00famero CAS: 938-18-1<\/p>\n<p>F\u00f3rmula molecular: C10H11ClO<\/p>\n<p>Peso molecular: 182,65<\/p>\n<p>Apar\u00eancia: L\u00edquido incolor a amarelo p\u00e1lido<\/p>\n<p>Ensaio: 99%<\/p>","protected":false},"featured_media":6523,"comment_status":"open","ping_status":"closed","template":"","meta":[],"product_brand":[],"product_cat":[69],"product_tag":[],"class_list":{"0":"post-4194","1":"product","2":"type-product","3":"status-publish","4":"has-post-thumbnail","6":"product_cat-catalysts-chemical-auxiliary-agents","8":"first","9":"instock","10":"shipping-taxable","11":"product-type-simple"},"yoast_head":"<!-- This site is optimized with the Yoast SEO plugin v25.3.1 - https:\/\/yoast.com\/wordpress\/plugins\/seo\/ -->\n<title>China 2,4,6-Trimethylbenzoyl Chloride Manufacturer CAS 938-18-1 - Longchang Chemical<\/title>\n<meta name=\"description\" content=\"2,4,6-Trimethylbenzoyl Chloride is a key product of Longchang Chemical. We provide the best price and are the leading manufacturer and supplier in China, known for the best quality and competitive prices.\" \/>\n<meta name=\"robots\" content=\"index, follow, max-snippet:-1, max-image-preview:large, max-video-preview:-1\" \/>\n<link rel=\"canonical\" href=\"https:\/\/longchangchemical.com\/pt\/product\/246-trimethylbenzoyl-chloride-cas-938-18-1\/\" \/>\n<meta property=\"og:locale\" content=\"pt_BR\" \/>\n<meta property=\"og:type\" content=\"article\" \/>\n<meta property=\"og:title\" content=\"China 2,4,6-Trimethylbenzoyl Chloride Manufacturer CAS 938-18-1 - Longchang Chemical\" \/>\n<meta property=\"og:description\" content=\"2,4,6-Trimethylbenzoyl Chloride is a key product of Longchang Chemical. We provide the best price and are the leading manufacturer and supplier in China, known for the best quality and competitive prices.\" \/>\n<meta property=\"og:url\" content=\"https:\/\/longchangchemical.com\/pt\/product\/246-trimethylbenzoyl-chloride-cas-938-18-1\/\" \/>\n<meta property=\"og:site_name\" content=\"Longchang Chemical\" \/>\n<meta property=\"article:modified_time\" content=\"2025-12-17T03:50:08+00:00\" \/>\n<meta property=\"og:image\" content=\"https:\/\/longchangchemical.com\/wp-content\/uploads\/2021\/01\/2-7.jpg\" \/>\n\t<meta property=\"og:image:width\" content=\"800\" \/>\n\t<meta property=\"og:image:height\" content=\"800\" \/>\n\t<meta property=\"og:image:type\" content=\"image\/jpeg\" \/>\n<meta name=\"twitter:card\" content=\"summary_large_image\" \/>\n<script type=\"application\/ld+json\" class=\"yoast-schema-graph\">{\"@context\":\"https:\/\/schema.org\",\"@graph\":[{\"@type\":\"WebPage\",\"@id\":\"https:\/\/longchangchemical.com\/product\/246-trimethylbenzoyl-chloride-cas-938-18-1\/\",\"url\":\"https:\/\/longchangchemical.com\/product\/246-trimethylbenzoyl-chloride-cas-938-18-1\/\",\"name\":\"China 2,4,6-Trimethylbenzoyl Chloride Manufacturer CAS 938-18-1 - Longchang Chemical\",\"isPartOf\":{\"@id\":\"https:\/\/longchangchemical.com\/#website\"},\"primaryImageOfPage\":{\"@id\":\"https:\/\/longchangchemical.com\/product\/246-trimethylbenzoyl-chloride-cas-938-18-1\/#primaryimage\"},\"image\":{\"@id\":\"https:\/\/longchangchemical.com\/product\/246-trimethylbenzoyl-chloride-cas-938-18-1\/#primaryimage\"},\"thumbnailUrl\":\"https:\/\/longchangchemical.com\/wp-content\/uploads\/2021\/01\/2-7.jpg\",\"datePublished\":\"2024-01-18T06:50:43+00:00\",\"dateModified\":\"2025-12-17T03:50:08+00:00\",\"description\":\"2,4,6-Trimethylbenzoyl Chloride is a key product of Longchang Chemical. We provide the best price and are the leading manufacturer and supplier in China, known for the best quality and competitive prices.\",\"breadcrumb\":{\"@id\":\"https:\/\/longchangchemical.com\/product\/246-trimethylbenzoyl-chloride-cas-938-18-1\/#breadcrumb\"},\"inLanguage\":\"pt-BR\",\"potentialAction\":[{\"@type\":\"ReadAction\",\"target\":[\"https:\/\/longchangchemical.com\/product\/246-trimethylbenzoyl-chloride-cas-938-18-1\/\"]}]},{\"@type\":\"ImageObject\",\"inLanguage\":\"pt-BR\",\"@id\":\"https:\/\/longchangchemical.com\/product\/246-trimethylbenzoyl-chloride-cas-938-18-1\/#primaryimage\",\"url\":\"https:\/\/longchangchemical.com\/wp-content\/uploads\/2021\/01\/2-7.jpg\",\"contentUrl\":\"https:\/\/longchangchemical.com\/wp-content\/uploads\/2021\/01\/2-7.jpg\",\"width\":800,\"height\":800,\"caption\":\"2,4,6-trimethylbenzoyl chloride cas 938-18-1\"},{\"@type\":\"BreadcrumbList\",\"@id\":\"https:\/\/longchangchemical.com\/product\/246-trimethylbenzoyl-chloride-cas-938-18-1\/#breadcrumb\",\"itemListElement\":[{\"@type\":\"ListItem\",\"position\":1,\"name\":\"Home\",\"item\":\"https:\/\/longchangchemical.com\/\"},{\"@type\":\"ListItem\",\"position\":2,\"name\":\"Products Longchang\",\"item\":\"https:\/\/longchangchemical.com\/product\/\"},{\"@type\":\"ListItem\",\"position\":3,\"name\":\"2,4,6-trimethylbenzoyl chloride cas 938-18-1\"}]},{\"@type\":\"WebSite\",\"@id\":\"https:\/\/longchangchemical.com\/#website\",\"url\":\"https:\/\/longchangchemical.com\/\",\"name\":\"Longchang Chemical\",\"description\":\"China chemical manufacturer \uff06 supplier\",\"publisher\":{\"@id\":\"https:\/\/longchangchemical.com\/#organization\"},\"potentialAction\":[{\"@type\":\"SearchAction\",\"target\":{\"@type\":\"EntryPoint\",\"urlTemplate\":\"https:\/\/longchangchemical.com\/?s={search_term_string}\"},\"query-input\":{\"@type\":\"PropertyValueSpecification\",\"valueRequired\":true,\"valueName\":\"search_term_string\"}}],\"inLanguage\":\"pt-BR\"},{\"@type\":\"Organization\",\"@id\":\"https:\/\/longchangchemical.com\/#organization\",\"name\":\"Longchang Chemical\",\"url\":\"https:\/\/longchangchemical.com\/\",\"logo\":{\"@type\":\"ImageObject\",\"inLanguage\":\"pt-BR\",\"@id\":\"https:\/\/longchangchemical.com\/#\/schema\/logo\/image\/\",\"url\":\"https:\/\/longchangchemical.com\/wp-content\/uploads\/2020\/08\/cropped-longchang-logo.png\",\"contentUrl\":\"https:\/\/longchangchemical.com\/wp-content\/uploads\/2020\/08\/cropped-longchang-logo.png\",\"width\":512,\"height\":512,\"caption\":\"Longchang Chemical\"},\"image\":{\"@id\":\"https:\/\/longchangchemical.com\/#\/schema\/logo\/image\/\"}}]}<\/script>\n<!-- \/ Yoast SEO plugin. -->","yoast_head_json":{"title":"Fabricante de cloreto de 2,4,6-trimetilbenzo\u00edla CAS 938-18-1 - Longchang Chemical","description":"O cloreto de 2,4,6-trimetilbenzo\u00edla \u00e9 um produto-chave da Longchang Chemical. Oferecemos o melhor pre\u00e7o e somos os principais fabricantes e fornecedores da China, conhecidos pela melhor qualidade e pre\u00e7os competitivos.","robots":{"index":"index","follow":"follow","max-snippet":"max-snippet:-1","max-image-preview":"max-image-preview:large","max-video-preview":"max-video-preview:-1"},"canonical":"https:\/\/longchangchemical.com\/pt\/product\/246-trimethylbenzoyl-chloride-cas-938-18-1\/","og_locale":"pt_BR","og_type":"article","og_title":"China 2,4,6-Trimethylbenzoyl Chloride Manufacturer CAS 938-18-1 - Longchang Chemical","og_description":"2,4,6-Trimethylbenzoyl Chloride is a key product of Longchang Chemical. We provide the best price and are the leading manufacturer and supplier in China, known for the best quality and competitive prices.","og_url":"https:\/\/longchangchemical.com\/pt\/product\/246-trimethylbenzoyl-chloride-cas-938-18-1\/","og_site_name":"Longchang Chemical","article_modified_time":"2025-12-17T03:50:08+00:00","og_image":[{"width":800,"height":800,"url":"https:\/\/longchangchemical.com\/wp-content\/uploads\/2021\/01\/2-7.jpg","type":"image\/jpeg"}],"twitter_card":"summary_large_image","schema":{"@context":"https:\/\/schema.org","@graph":[{"@type":"WebPage","@id":"https:\/\/longchangchemical.com\/product\/246-trimethylbenzoyl-chloride-cas-938-18-1\/","url":"https:\/\/longchangchemical.com\/product\/246-trimethylbenzoyl-chloride-cas-938-18-1\/","name":"Fabricante de cloreto de 2,4,6-trimetilbenzo\u00edla CAS 938-18-1 - Longchang Chemical","isPartOf":{"@id":"https:\/\/longchangchemical.com\/#website"},"primaryImageOfPage":{"@id":"https:\/\/longchangchemical.com\/product\/246-trimethylbenzoyl-chloride-cas-938-18-1\/#primaryimage"},"image":{"@id":"https:\/\/longchangchemical.com\/product\/246-trimethylbenzoyl-chloride-cas-938-18-1\/#primaryimage"},"thumbnailUrl":"https:\/\/longchangchemical.com\/wp-content\/uploads\/2021\/01\/2-7.jpg","datePublished":"2024-01-18T06:50:43+00:00","dateModified":"2025-12-17T03:50:08+00:00","description":"O cloreto de 2,4,6-trimetilbenzo\u00edla \u00e9 um produto-chave da Longchang Chemical. Oferecemos o melhor pre\u00e7o e somos os principais fabricantes e fornecedores da China, conhecidos pela melhor qualidade e pre\u00e7os competitivos.","breadcrumb":{"@id":"https:\/\/longchangchemical.com\/product\/246-trimethylbenzoyl-chloride-cas-938-18-1\/#breadcrumb"},"inLanguage":"pt-BR","potentialAction":[{"@type":"ReadAction","target":["https:\/\/longchangchemical.com\/product\/246-trimethylbenzoyl-chloride-cas-938-18-1\/"]}]},{"@type":"ImageObject","inLanguage":"pt-BR","@id":"https:\/\/longchangchemical.com\/product\/246-trimethylbenzoyl-chloride-cas-938-18-1\/#primaryimage","url":"https:\/\/longchangchemical.com\/wp-content\/uploads\/2021\/01\/2-7.jpg","contentUrl":"https:\/\/longchangchemical.com\/wp-content\/uploads\/2021\/01\/2-7.jpg","width":800,"height":800,"caption":"2,4,6-trimethylbenzoyl chloride cas 938-18-1"},{"@type":"BreadcrumbList","@id":"https:\/\/longchangchemical.com\/product\/246-trimethylbenzoyl-chloride-cas-938-18-1\/#breadcrumb","itemListElement":[{"@type":"ListItem","position":1,"name":"Home","item":"https:\/\/longchangchemical.com\/"},{"@type":"ListItem","position":2,"name":"Products Longchang","item":"https:\/\/longchangchemical.com\/product\/"},{"@type":"ListItem","position":3,"name":"2,4,6-trimethylbenzoyl chloride cas 938-18-1"}]},{"@type":"WebSite","@id":"https:\/\/longchangchemical.com\/#website","url":"https:\/\/longchangchemical.com\/","name":"Qu\u00edmica Longchang","description":"Fabricante de produtos qu\u00edmicos na China \uff06 fornecedor","publisher":{"@id":"https:\/\/longchangchemical.com\/#organization"},"potentialAction":[{"@type":"SearchAction","target":{"@type":"EntryPoint","urlTemplate":"https:\/\/longchangchemical.com\/?s={search_term_string}"},"query-input":{"@type":"PropertyValueSpecification","valueRequired":true,"valueName":"search_term_string"}}],"inLanguage":"pt-BR"},{"@type":"Organization","@id":"https:\/\/longchangchemical.com\/#organization","name":"Qu\u00edmica Longchang","url":"https:\/\/longchangchemical.com\/","logo":{"@type":"ImageObject","inLanguage":"pt-BR","@id":"https:\/\/longchangchemical.com\/#\/schema\/logo\/image\/","url":"https:\/\/longchangchemical.com\/wp-content\/uploads\/2020\/08\/cropped-longchang-logo.png","contentUrl":"https:\/\/longchangchemical.com\/wp-content\/uploads\/2020\/08\/cropped-longchang-logo.png","width":512,"height":512,"caption":"Longchang Chemical"},"image":{"@id":"https:\/\/longchangchemical.com\/#\/schema\/logo\/image\/"}}]}},"_links":{"self":[{"href":"https:\/\/longchangchemical.com\/pt\/wp-json\/wp\/v2\/product\/4194","targetHints":{"allow":["GET"]}}],"collection":[{"href":"https:\/\/longchangchemical.com\/pt\/wp-json\/wp\/v2\/product"}],"about":[{"href":"https:\/\/longchangchemical.com\/pt\/wp-json\/wp\/v2\/types\/product"}],"replies":[{"embeddable":true,"href":"https:\/\/longchangchemical.com\/pt\/wp-json\/wp\/v2\/comments?post=4194"}],"wp:featuredmedia":[{"embeddable":true,"href":"https:\/\/longchangchemical.com\/pt\/wp-json\/wp\/v2\/media\/6523"}],"wp:attachment":[{"href":"https:\/\/longchangchemical.com\/pt\/wp-json\/wp\/v2\/media?parent=4194"}],"wp:term":[{"taxonomy":"product_brand","embeddable":true,"href":"https:\/\/longchangchemical.com\/pt\/wp-json\/wp\/v2\/product_brand?post=4194"},{"taxonomy":"product_cat","embeddable":true,"href":"https:\/\/longchangchemical.com\/pt\/wp-json\/wp\/v2\/product_cat?post=4194"},{"taxonomy":"product_tag","embeddable":true,"href":"https:\/\/longchangchemical.com\/pt\/wp-json\/wp\/v2\/product_tag?post=4194"}],"curies":[{"name":"wp","href":"https:\/\/api.w.org\/{rel}","templated":true}]}}