{"id":4192,"date":"2024-01-18T07:04:22","date_gmt":"2024-01-18T07:04:22","guid":{"rendered":"https:\/\/longchangchemical.com\/?post_type=product&#038;p=4192"},"modified":"2025-12-17T03:39:27","modified_gmt":"2025-12-17T03:39:27","slug":"vanillin-cas-121-33-5","status":"publish","type":"product","link":"https:\/\/longchangchemical.com\/pt\/product\/vanillin-cas-121-33-5\/","title":{"rendered":"vanilina cas 121-33-5"},"content":{"rendered":"<h2><strong>Propriedades t\u00edpicas da vanilina<\/strong><\/h2>\n<table class=\"table-1\" cellspacing=\"0\">\n<tbody>\n<tr>\n<td>Item<\/td>\n<td>Especifica\u00e7\u00f5es<\/td>\n<\/tr>\n<tr>\n<td>Caracter\u00edsticas<\/td>\n<td>Branco aLightYellowCrystal<\/td>\n<\/tr>\n<tr>\n<td>Odor<\/td>\n<td>Caracter\u00edsticas da vanillia<\/td>\n<\/tr>\n<tr>\n<td>Solubilidade<\/td>\n<td>1g de vanilina sol\u00favel em 100ml de \u00e1gua, 3ml de etanol 70% ou 2ml de etanol 95% a 25\u2103, em 20ml de glicerol, em 20ml de \u00e1gua a 80\u2103, sol\u00favel em clorof\u00f3rmio, \u00e9ter<\/td>\n<\/tr>\n<tr>\n<td>Ponto de fus\u00e3o<\/td>\n<td>81.0-83.0\u2103<\/td>\n<\/tr>\n<tr>\n<td>Pureza (por GC)<\/td>\n<td>\u226599.50%<\/td>\n<\/tr>\n<tr>\n<td>Perda na secagem<\/td>\n<td>\u22640,5%<\/td>\n<\/tr>\n<tr>\n<td>Ars\u00eanico (como )<\/td>\n<td>\u22640,0003%<\/td>\n<\/tr>\n<tr>\n<td>Metal pesado (baseado em pb)<\/td>\n<td>\u22640,001%<\/td>\n<\/tr>\n<tr>\n<td>Res\u00edduo na igni\u00e7\u00e3o<\/td>\n<td>\u22640,05%<\/td>\n<\/tr>\n<\/tbody>\n<\/table>\n<h2><strong>Uso da vanilina<\/strong><\/h2>\n<p>Usado como aromatizante de alimentos, aromatizante di\u00e1rio e intermedi\u00e1rios farmac\u00eauticos.<\/p>\n<ol>\n<li><strong>Setor de alimentos:<\/strong> A vanilina, com o n\u00famero CAS 121-33-5, \u00e9 amplamente utilizada no setor aliment\u00edcio como agente aromatizante. Ela confere um sabor e aroma doce e agrad\u00e1vel de baunilha a uma variedade de produtos aliment\u00edcios, incluindo produtos de panifica\u00e7\u00e3o, confeitaria, bebidas e latic\u00ednios.<\/li>\n<li><strong>Perfumaria e fragr\u00e2ncias:<\/strong> Esse composto \u00e9 um ingrediente valioso no setor de perfumaria e fragr\u00e2ncias. Ele \u00e9 empregado para aprimorar e conferir notas de baunilha a uma ampla variedade de perfumes, col\u00f4nias e produtos de cuidados pessoais.<\/li>\n<li><strong>Produtos farmac\u00eauticos:<\/strong> A vanilina encontra aplica\u00e7\u00f5es no setor farmac\u00eautico como agente aromatizante para formula\u00e7\u00f5es medicinais. Ela \u00e9 usada para mascarar o sabor de determinados medicamentos e melhorar a palatabilidade geral dos produtos farmac\u00eauticos.<\/li>\n<li><strong>S\u00edntese qu\u00edmica:<\/strong> Al\u00e9m de sua fun\u00e7\u00e3o como agente aromatizante, a vanilina \u00e9 usada na s\u00edntese qu\u00edmica para a produ\u00e7\u00e3o de v\u00e1rios derivados e como material de partida para a s\u00edntese de outros compostos.<\/li>\n<\/ol>\n<h2><strong>Embalagem e remessa de vanilina<\/strong><\/h2>\n<p>Embalagem: 25 kg\/tambor<\/p>\n<h2><strong>Armazenamento de vanilina<\/strong><\/h2>\n<p>Ele deve ser selado e protegido da luz para ser armazenado em um local seco, fresco e bem ventilado.<\/p>","protected":false},"excerpt":{"rendered":"<h2><strong>Detalhes da vanilina<\/strong><\/h2>\n<p>Nome qu\u00edmico:Vanilina<\/p>\n<p>N\u00ba CAS: 121-33-5<\/p>\n<p>F\u00f3rmula molecular: C8H8O3<\/p>\n<p>Peso molecular: 152,15<\/p>\n<p>Estrutura molecular:<img decoding=\"async\" title=\"Estrutura da vanilina\" src=\"https:\/\/www.longchangchemical.com\/wp-content\/uploads\/product-details\/20200611155215.png\" alt=\"Estrutura da vanilina\" width=\"190\" height=\"137\" border=\"0\" vspace=\"0\" \/><\/p>\n<p>Apar\u00eancia: Cristal branco a amarelo claro<\/p>","protected":false},"featured_media":6525,"comment_status":"open","ping_status":"closed","template":"","meta":[],"product_brand":[],"product_cat":[69],"product_tag":[],"class_list":{"0":"post-4192","1":"product","2":"type-product","3":"status-publish","4":"has-post-thumbnail","6":"product_cat-catalysts-chemical-auxiliary-agents","8":"first","9":"instock","10":"shipping-taxable","11":"product-type-simple"},"yoast_head":"<!-- This site is optimized with the Yoast SEO plugin v25.3.1 - https:\/\/yoast.com\/wordpress\/plugins\/seo\/ -->\n<title>China Vanillin Manufacturer CAS 121-33-5 - Longchang Chemical<\/title>\n<meta name=\"description\" content=\"Vanillin is a key product of Longchang Chemical. We provide the best price and are the leading manufacturer and supplier in China, known for the best quality and competitive prices.\" \/>\n<meta name=\"robots\" content=\"index, follow, max-snippet:-1, max-image-preview:large, max-video-preview:-1\" \/>\n<link rel=\"canonical\" href=\"https:\/\/longchangchemical.com\/pt\/product\/vanillin-cas-121-33-5\/\" \/>\n<meta property=\"og:locale\" content=\"pt_BR\" \/>\n<meta property=\"og:type\" content=\"article\" \/>\n<meta property=\"og:title\" content=\"China Vanillin Manufacturer CAS 121-33-5 - Longchang Chemical\" \/>\n<meta property=\"og:description\" content=\"Vanillin is a key product of Longchang Chemical. We provide the best price and are the leading manufacturer and supplier in China, known for the best quality and competitive prices.\" \/>\n<meta property=\"og:url\" content=\"https:\/\/longchangchemical.com\/pt\/product\/vanillin-cas-121-33-5\/\" \/>\n<meta property=\"og:site_name\" content=\"Longchang Chemical\" \/>\n<meta property=\"article:modified_time\" content=\"2025-12-17T03:39:27+00:00\" \/>\n<meta property=\"og:image\" content=\"https:\/\/longchangchemical.com\/wp-content\/uploads\/2024\/01\/1-2.jpg\" \/>\n\t<meta property=\"og:image:width\" content=\"800\" \/>\n\t<meta property=\"og:image:height\" content=\"800\" \/>\n\t<meta property=\"og:image:type\" content=\"image\/jpeg\" \/>\n<meta name=\"twitter:card\" content=\"summary_large_image\" \/>\n<script type=\"application\/ld+json\" class=\"yoast-schema-graph\">{\"@context\":\"https:\/\/schema.org\",\"@graph\":[{\"@type\":\"WebPage\",\"@id\":\"https:\/\/longchangchemical.com\/product\/vanillin-cas-121-33-5\/\",\"url\":\"https:\/\/longchangchemical.com\/product\/vanillin-cas-121-33-5\/\",\"name\":\"China Vanillin Manufacturer CAS 121-33-5 - Longchang Chemical\",\"isPartOf\":{\"@id\":\"https:\/\/longchangchemical.com\/#website\"},\"primaryImageOfPage\":{\"@id\":\"https:\/\/longchangchemical.com\/product\/vanillin-cas-121-33-5\/#primaryimage\"},\"image\":{\"@id\":\"https:\/\/longchangchemical.com\/product\/vanillin-cas-121-33-5\/#primaryimage\"},\"thumbnailUrl\":\"https:\/\/longchangchemical.com\/wp-content\/uploads\/2024\/01\/1-2.jpg\",\"datePublished\":\"2024-01-18T07:04:22+00:00\",\"dateModified\":\"2025-12-17T03:39:27+00:00\",\"description\":\"Vanillin is a key product of Longchang Chemical. We provide the best price and are the leading manufacturer and supplier in China, known for the best quality and competitive prices.\",\"breadcrumb\":{\"@id\":\"https:\/\/longchangchemical.com\/product\/vanillin-cas-121-33-5\/#breadcrumb\"},\"inLanguage\":\"pt-BR\",\"potentialAction\":[{\"@type\":\"ReadAction\",\"target\":[\"https:\/\/longchangchemical.com\/product\/vanillin-cas-121-33-5\/\"]}]},{\"@type\":\"ImageObject\",\"inLanguage\":\"pt-BR\",\"@id\":\"https:\/\/longchangchemical.com\/product\/vanillin-cas-121-33-5\/#primaryimage\",\"url\":\"https:\/\/longchangchemical.com\/wp-content\/uploads\/2024\/01\/1-2.jpg\",\"contentUrl\":\"https:\/\/longchangchemical.com\/wp-content\/uploads\/2024\/01\/1-2.jpg\",\"width\":800,\"height\":800,\"caption\":\"vanillin cas 121-33-5\"},{\"@type\":\"BreadcrumbList\",\"@id\":\"https:\/\/longchangchemical.com\/product\/vanillin-cas-121-33-5\/#breadcrumb\",\"itemListElement\":[{\"@type\":\"ListItem\",\"position\":1,\"name\":\"Home\",\"item\":\"https:\/\/longchangchemical.com\/\"},{\"@type\":\"ListItem\",\"position\":2,\"name\":\"Products Longchang\",\"item\":\"https:\/\/longchangchemical.com\/product\/\"},{\"@type\":\"ListItem\",\"position\":3,\"name\":\"vanillin cas 121-33-5\"}]},{\"@type\":\"WebSite\",\"@id\":\"https:\/\/longchangchemical.com\/#website\",\"url\":\"https:\/\/longchangchemical.com\/\",\"name\":\"Longchang Chemical\",\"description\":\"China chemical manufacturer \uff06 supplier\",\"publisher\":{\"@id\":\"https:\/\/longchangchemical.com\/#organization\"},\"potentialAction\":[{\"@type\":\"SearchAction\",\"target\":{\"@type\":\"EntryPoint\",\"urlTemplate\":\"https:\/\/longchangchemical.com\/?s={search_term_string}\"},\"query-input\":{\"@type\":\"PropertyValueSpecification\",\"valueRequired\":true,\"valueName\":\"search_term_string\"}}],\"inLanguage\":\"pt-BR\"},{\"@type\":\"Organization\",\"@id\":\"https:\/\/longchangchemical.com\/#organization\",\"name\":\"Longchang Chemical\",\"url\":\"https:\/\/longchangchemical.com\/\",\"logo\":{\"@type\":\"ImageObject\",\"inLanguage\":\"pt-BR\",\"@id\":\"https:\/\/longchangchemical.com\/#\/schema\/logo\/image\/\",\"url\":\"https:\/\/longchangchemical.com\/wp-content\/uploads\/2020\/08\/cropped-longchang-logo.png\",\"contentUrl\":\"https:\/\/longchangchemical.com\/wp-content\/uploads\/2020\/08\/cropped-longchang-logo.png\",\"width\":512,\"height\":512,\"caption\":\"Longchang Chemical\"},\"image\":{\"@id\":\"https:\/\/longchangchemical.com\/#\/schema\/logo\/image\/\"}}]}<\/script>\n<!-- \/ Yoast SEO plugin. -->","yoast_head_json":{"title":"Fabricante de vanilina na China CAS 121-33-5 - Longchang Chemical","description":"A vanilina \u00e9 um produto-chave da Longchang Chemical. Oferecemos o melhor pre\u00e7o e somos os principais fabricantes e fornecedores da China, conhecidos pela melhor qualidade e pre\u00e7os competitivos.","robots":{"index":"index","follow":"follow","max-snippet":"max-snippet:-1","max-image-preview":"max-image-preview:large","max-video-preview":"max-video-preview:-1"},"canonical":"https:\/\/longchangchemical.com\/pt\/product\/vanillin-cas-121-33-5\/","og_locale":"pt_BR","og_type":"article","og_title":"China Vanillin Manufacturer CAS 121-33-5 - Longchang Chemical","og_description":"Vanillin is a key product of Longchang Chemical. We provide the best price and are the leading manufacturer and supplier in China, known for the best quality and competitive prices.","og_url":"https:\/\/longchangchemical.com\/pt\/product\/vanillin-cas-121-33-5\/","og_site_name":"Longchang Chemical","article_modified_time":"2025-12-17T03:39:27+00:00","og_image":[{"width":800,"height":800,"url":"https:\/\/longchangchemical.com\/wp-content\/uploads\/2024\/01\/1-2.jpg","type":"image\/jpeg"}],"twitter_card":"summary_large_image","schema":{"@context":"https:\/\/schema.org","@graph":[{"@type":"WebPage","@id":"https:\/\/longchangchemical.com\/product\/vanillin-cas-121-33-5\/","url":"https:\/\/longchangchemical.com\/product\/vanillin-cas-121-33-5\/","name":"Fabricante de vanilina na China CAS 121-33-5 - Longchang Chemical","isPartOf":{"@id":"https:\/\/longchangchemical.com\/#website"},"primaryImageOfPage":{"@id":"https:\/\/longchangchemical.com\/product\/vanillin-cas-121-33-5\/#primaryimage"},"image":{"@id":"https:\/\/longchangchemical.com\/product\/vanillin-cas-121-33-5\/#primaryimage"},"thumbnailUrl":"https:\/\/longchangchemical.com\/wp-content\/uploads\/2024\/01\/1-2.jpg","datePublished":"2024-01-18T07:04:22+00:00","dateModified":"2025-12-17T03:39:27+00:00","description":"A vanilina \u00e9 um produto-chave da Longchang Chemical. Oferecemos o melhor pre\u00e7o e somos os principais fabricantes e fornecedores da China, conhecidos pela melhor qualidade e pre\u00e7os competitivos.","breadcrumb":{"@id":"https:\/\/longchangchemical.com\/product\/vanillin-cas-121-33-5\/#breadcrumb"},"inLanguage":"pt-BR","potentialAction":[{"@type":"ReadAction","target":["https:\/\/longchangchemical.com\/product\/vanillin-cas-121-33-5\/"]}]},{"@type":"ImageObject","inLanguage":"pt-BR","@id":"https:\/\/longchangchemical.com\/product\/vanillin-cas-121-33-5\/#primaryimage","url":"https:\/\/longchangchemical.com\/wp-content\/uploads\/2024\/01\/1-2.jpg","contentUrl":"https:\/\/longchangchemical.com\/wp-content\/uploads\/2024\/01\/1-2.jpg","width":800,"height":800,"caption":"vanillin cas 121-33-5"},{"@type":"BreadcrumbList","@id":"https:\/\/longchangchemical.com\/product\/vanillin-cas-121-33-5\/#breadcrumb","itemListElement":[{"@type":"ListItem","position":1,"name":"Home","item":"https:\/\/longchangchemical.com\/"},{"@type":"ListItem","position":2,"name":"Products Longchang","item":"https:\/\/longchangchemical.com\/product\/"},{"@type":"ListItem","position":3,"name":"vanillin cas 121-33-5"}]},{"@type":"WebSite","@id":"https:\/\/longchangchemical.com\/#website","url":"https:\/\/longchangchemical.com\/","name":"Qu\u00edmica Longchang","description":"Fabricante de produtos qu\u00edmicos na China \uff06 fornecedor","publisher":{"@id":"https:\/\/longchangchemical.com\/#organization"},"potentialAction":[{"@type":"SearchAction","target":{"@type":"EntryPoint","urlTemplate":"https:\/\/longchangchemical.com\/?s={search_term_string}"},"query-input":{"@type":"PropertyValueSpecification","valueRequired":true,"valueName":"search_term_string"}}],"inLanguage":"pt-BR"},{"@type":"Organization","@id":"https:\/\/longchangchemical.com\/#organization","name":"Qu\u00edmica Longchang","url":"https:\/\/longchangchemical.com\/","logo":{"@type":"ImageObject","inLanguage":"pt-BR","@id":"https:\/\/longchangchemical.com\/#\/schema\/logo\/image\/","url":"https:\/\/longchangchemical.com\/wp-content\/uploads\/2020\/08\/cropped-longchang-logo.png","contentUrl":"https:\/\/longchangchemical.com\/wp-content\/uploads\/2020\/08\/cropped-longchang-logo.png","width":512,"height":512,"caption":"Longchang Chemical"},"image":{"@id":"https:\/\/longchangchemical.com\/#\/schema\/logo\/image\/"}}]}},"_links":{"self":[{"href":"https:\/\/longchangchemical.com\/pt\/wp-json\/wp\/v2\/product\/4192","targetHints":{"allow":["GET"]}}],"collection":[{"href":"https:\/\/longchangchemical.com\/pt\/wp-json\/wp\/v2\/product"}],"about":[{"href":"https:\/\/longchangchemical.com\/pt\/wp-json\/wp\/v2\/types\/product"}],"replies":[{"embeddable":true,"href":"https:\/\/longchangchemical.com\/pt\/wp-json\/wp\/v2\/comments?post=4192"}],"wp:featuredmedia":[{"embeddable":true,"href":"https:\/\/longchangchemical.com\/pt\/wp-json\/wp\/v2\/media\/6525"}],"wp:attachment":[{"href":"https:\/\/longchangchemical.com\/pt\/wp-json\/wp\/v2\/media?parent=4192"}],"wp:term":[{"taxonomy":"product_brand","embeddable":true,"href":"https:\/\/longchangchemical.com\/pt\/wp-json\/wp\/v2\/product_brand?post=4192"},{"taxonomy":"product_cat","embeddable":true,"href":"https:\/\/longchangchemical.com\/pt\/wp-json\/wp\/v2\/product_cat?post=4192"},{"taxonomy":"product_tag","embeddable":true,"href":"https:\/\/longchangchemical.com\/pt\/wp-json\/wp\/v2\/product_tag?post=4192"}],"curies":[{"name":"wp","href":"https:\/\/api.w.org\/{rel}","templated":true}]}}