{"id":4149,"date":"2021-05-26T08:42:37","date_gmt":"2021-05-26T08:42:37","guid":{"rendered":"https:\/\/longchangchemical.com\/?post_type=product&#038;p=4149"},"modified":"2025-12-22T08:10:08","modified_gmt":"2025-12-22T08:10:08","slug":"2-hea-cas-818-61-1","status":"publish","type":"product","link":"https:\/\/longchangchemical.com\/pt\/product\/2-hea-cas-818-61-1\/","title":{"rendered":"Acrilato de 2-hidroxietila CAS 818-61-1"},"content":{"rendered":"<h1><strong>Acrilato de 2-hidroxietila CAS 818-61-1<\/strong><\/h1>\n<table class=\"table-1\" cellspacing=\"0\">\n<tbody>\n<tr>\n<td>Item<\/td>\n<td>Especifica\u00e7\u00e3o<\/td>\n<\/tr>\n<tr>\n<td>Apar\u00eancia<\/td>\n<td>L\u00edquido incolor e transparente<\/td>\n<\/tr>\n<tr>\n<td>Gravidade espec\u00edfica\uff0820\/210F\uff09<\/td>\n<td>1.1098<\/td>\n<\/tr>\n<tr>\n<td>Ponto de congelamento<\/td>\n<td>\uff1c-70\u2103<\/td>\n<\/tr>\n<tr>\n<td>Ponto de ebuli\u00e7\u00e3o<\/td>\n<td>82\/5 mmHg<\/td>\n<\/tr>\n<tr>\n<td>Viscosidade<\/td>\n<td>5-15<\/td>\n<\/tr>\n<tr>\n<td>Ponto de fulgor<\/td>\n<td>99\u2103<\/td>\n<\/tr>\n<tr>\n<td>Ensaio (GC)<\/td>\n<td>91%,93%,95%,97%<\/td>\n<\/tr>\n<tr>\n<td>Teor de \u00e9steres<\/td>\n<td>99%min<\/td>\n<\/tr>\n<\/tbody>\n<\/table>\n<h2><\/h2>\n<h2><strong>Uso do acrilato de 2-hidroxietila<\/strong><\/h2>\n<h4>1. O acrilato de 2-hidroxietila \u00e9 usado principalmente como diluente reativo e agente de reticula\u00e7\u00e3o em sistemas de cura por radia\u00e7\u00e3o, e tamb\u00e9m pode ser usado como agente de reticula\u00e7\u00e3o de resina, modificador de pl\u00e1stico e borracha.<\/h4>\n<h4>2. O acrilato de 2-hidroxietila \u00e9 usado em vernizes para madeira, tintas de impress\u00e3o e adesivos.<\/h4>\n<h4>3. O acrilato de 2-hidroxietila \u00e9 usado principalmente na fabrica\u00e7\u00e3o de revestimentos acr\u00edlicos termoendurec\u00edveis, revestimentos acr\u00edlicos fotopolimeriz\u00e1veis, revestimentos fotossens\u00edveis, adesivos, agentes de tratamento t\u00eaxtil, processamento de papel, estabilizadores da qualidade da \u00e1gua e materiais polim\u00e9ricos. Ele tem a caracter\u00edstica de ser pouco utilizado, mas pode melhorar significativamente o desempenho do produto.<\/h4>\n<p>&nbsp;<\/p>\n<h2><strong>Embalagem e remessa de acrilato de 2-hidroxietila<\/strong><\/h2>\n<h4>Embalagem: 200 kg\/tambor; tambor IBC de 1000 kg<\/h4>\n<h4>Entrega: UN 2922<\/h4>\n<h4>Classe DG: 8 6.1 classe<\/h4>\n<p>&nbsp;<\/p>\n<h2><strong>Armazenamento de acrilato de 2-hidroxietila<\/strong><\/h2>\n<h4>Armazenado em um local fresco e seco, longe da luz solar direta.<\/h4>\n<p>&nbsp;<\/p>\n<h2><strong><b>Entre em contato conosco agora!<\/b><\/strong><\/h2>\n<h4><strong><b>Se precisar de COA, MSDS ou TDS, preencha suas informa\u00e7\u00f5es de contato no formul\u00e1rio abaixo. Normalmente, entraremos em contato em 24 horas. Voc\u00ea tamb\u00e9m pode me enviar um e-mail <span style=\"color: #0000ff;\"><a style=\"color: #0000ff;\" href=\"mailto:info@longchangchemical.com\">info@longchangchemical.com<\/a><\/span> durante o hor\u00e1rio comercial (das 8h30 \u00e0s 18h UTC+8 de segunda a s\u00e1bado) ou use o bate-papo ao vivo do site para obter uma resposta imediata.<\/b><\/strong><\/h4>\n<p><!--more--><\/p>\n<h2><strong>Qual \u00e9 o princ\u00edpio do acrilato de hidroxietila em produtos para cuidados com a pele?<\/strong><\/h2>\n<p>1. Hidrata\u00e7\u00e3o<br \/>\nO acrilato de hidroxietila pode ser adicionado a produtos de cuidados com a pele como um umectante, pode aumentar o teor de \u00e1gua da pele, melhorar a capacidade de hidrata\u00e7\u00e3o da pele, evitar o ressecamento da pele, rachaduras e outros problemas.<br \/>\n2. Antienvelhecimento<br \/>\nO hidroxietil acrilato pode reduzir as rugas e a flacidez da pele ao promover a produ\u00e7\u00e3o de col\u00e1geno, obtendo assim o efeito antienvelhecimento.<br \/>\n3. Melhoria da cor da pele<br \/>\nO hidroxietil acrilato pode promover o metabolismo do estrato c\u00f3rneo e acelerar a renova\u00e7\u00e3o da pele, melhorando assim a cor da pele e tornando-a mais brilhante e suave.<\/p>\n<p>A efic\u00e1cia do acrilato de hidroxietila em produtos para cuidados com a pele<br \/>\n1. Melhora a capacidade de hidrata\u00e7\u00e3o da pele: o hidroxietil acrilato tem excelentes propriedades hidratantes e \u00e9 particularmente eficaz para a pele seca.<br \/>\n2. Reduzir as rugas e a flacidez da pele: O acrilato de hidroxietila pode promover a gera\u00e7\u00e3o de col\u00e1geno, reduzir as rugas e a flacidez da pele, deixando-a mais firme.<br \/>\n3. Cor uniforme da pele: o acrilato de hidroxietila pode promover o metabolismo do estrato c\u00f3rneo, acelerar a renova\u00e7\u00e3o da pele, melhorando assim a cor da pele e reduzindo a apar\u00eancia da pigmenta\u00e7\u00e3o.<br \/>\n4. Calmante e relaxante: o acrilato de hidroxietil pode melhorar a ades\u00e3o da pele por meio dos detalhes, para evitar est\u00edmulos externos, de modo a obter o efeito de calmante e relaxante.<br \/>\nPrecau\u00e7\u00f5es<br \/>\n1. O hidroxietil acrilato \u00e9 adequado para uso na formula\u00e7\u00e3o de produtos para cuidados com a pele, mas n\u00e3o pode ser aplicado diretamente na pele para uso.<br \/>\n2. Ao usar produtos de cuidados com a pele, deve-se prestar aten\u00e7\u00e3o \u00e0 qualidade e \u00e0 aplicabilidade do produto para evitar rea\u00e7\u00f5es adversas devido a alergias na pele e outros motivos.<br \/>\n3. Se ocorrer irrita\u00e7\u00e3o da pele ou outro desconforto, interrompa o uso imediatamente e consulte um m\u00e9dico.<\/p>\n<h2><strong>Qual \u00e9 a quantidade adequada de adi\u00e7\u00e3o de acrilato de hidroxietila na polimeriza\u00e7\u00e3o em emuls\u00e3o?<\/strong><\/h2>\n<p>A quantidade de adi\u00e7\u00e3o adequada de acrilato de hidroxietila na polimeriza\u00e7\u00e3o em emuls\u00e3o \u00e9 1%-5%.<br \/>\nPrimeiro, o papel do acrilato de hidroxietila<br \/>\nO acrilato de hidroxietila \u00e9 um mon\u00f4mero \u00e0 base de \u00e1gua que pode ser adicionado \u00e0 polimeriza\u00e7\u00e3o em emuls\u00e3o para regular a taxa de rea\u00e7\u00e3o de polimeriza\u00e7\u00e3o e melhorar a qualidade da emuls\u00e3o. Especificamente, ele pode:<br \/>\n1. melhorar a estabilidade da emuls\u00e3o, evitar a quebra, a delamina\u00e7\u00e3o e outros fen\u00f4menos da emuls\u00e3o.<br \/>\n2. aumentar a taxa de polimeriza\u00e7\u00e3o da emuls\u00e3o, reduzir o tempo de rea\u00e7\u00e3o e melhorar a efici\u00eancia da produ\u00e7\u00e3o.<br \/>\n3. Melhorar as propriedades de forma\u00e7\u00e3o de filme do pol\u00edmero, tornando-o mais uniforme e suave.<br \/>\nSegundo, a quantidade adequada a ser adicionada<br \/>\nEmbora o acrilato de hidroxietila tenha muitos benef\u00edcios, a adi\u00e7\u00e3o excessiva levar\u00e1 a uma rea\u00e7\u00e3o de polimeriza\u00e7\u00e3o dif\u00edcil de controlar, afetando a qualidade do produto. Portanto, na polimeriza\u00e7\u00e3o em emuls\u00e3o, a quantidade adequada de aditivo varia de 1% a 5%. A quantidade espec\u00edfica de adi\u00e7\u00e3o deve ser ajustada de acordo com os diferentes sistemas e requisitos do produto. Se a quantidade adicionada for muito pequena, ela n\u00e3o aproveitar\u00e1 suas vantagens; se a quantidade adicionada for muito grande, poder\u00e1 afetar o controle da rea\u00e7\u00e3o de polimeriza\u00e7\u00e3o.<\/p>","protected":false},"excerpt":{"rendered":"<h4>Nome qu\u00edmico: Acrilato de 2-hidroxietila<\/h4>\n<h4>Outros nomes: Acrilato de 2-hidroxietila; 2-HEA; acrilato de hidroxietila; 2-acriloiloxi etanol; acrilato de etilenoglicol; \u00e9ster de 2-hidroxietila de \u00e1cido acr\u00edlico; monoacrilato de etilenoglicol<\/h4>\n<h4>N\u00famero CAS: 818-61-1<\/h4>\n<h4>F\u00f3rmula molecular: C5H8O3<\/h4>\n<h4>Estrutura qu\u00edmica:<img decoding=\"async\" title=\"Estrutura do acrilato de 2-hidroxietila\" src=\"https:\/\/www.longchangchemical.com\/wp-content\/uploads\/product-details\/20200617111470.png\" alt=\"Estrutura do acrilato de 2-hidroxietila\" width=\"202\" height=\"92\" border=\"0\" vspace=\"0\" \/><\/h4>\n<h4>Peso molecular: 116,12<\/h4>\n<h4>Apar\u00eancia: l\u00edquido incolor<\/h4>\n<h4>Ensaio: 91%\uff0c93%\uff0c95%\uff0c97%<\/h4>","protected":false},"featured_media":4633,"comment_status":"open","ping_status":"closed","template":"","meta":[],"product_brand":[],"product_cat":[69],"product_tag":[],"class_list":{"0":"post-4149","1":"product","2":"type-product","3":"status-publish","4":"has-post-thumbnail","6":"product_cat-catalysts-chemical-auxiliary-agents","8":"first","9":"instock","10":"shipping-taxable","11":"product-type-simple"},"yoast_head":"<!-- This site is optimized with the Yoast SEO plugin v25.3.1 - https:\/\/yoast.com\/wordpress\/plugins\/seo\/ -->\n<title>China 2-Hydroxyethyl acrylate Manufacturer \uff06 CAS 818-61-1 Supplier - Longchang chemical Co., Ltd.<\/title>\n<meta name=\"description\" content=\"Longchang Chemical is a leading manufacturer and supplier of 2-Hydroxyethyl acrylatein China. Buy 2-Hydroxyethyl acrylate in china. We can provide the best 2-Hydroxyethyl acrylate price. Other Name: 2-Hydroxyethyl acrylate; 2-HEA; Hydroxyethyl acrylate; 2-Acryloyloxy ethanol; Ethylene glycol acrylate; Acrylic acid 2-hydroxyethyl ester; Ethylene glycol monoacrylate\" \/>\n<meta name=\"robots\" content=\"index, follow, max-snippet:-1, max-image-preview:large, max-video-preview:-1\" \/>\n<link rel=\"canonical\" href=\"https:\/\/longchangchemical.com\/pt\/product\/2-hea-cas-818-61-1\/\" \/>\n<meta property=\"og:locale\" content=\"pt_BR\" \/>\n<meta property=\"og:type\" content=\"article\" \/>\n<meta property=\"og:title\" content=\"China 2-Hydroxyethyl acrylate Manufacturer \uff06 CAS 818-61-1 Supplier - Longchang chemical Co., Ltd.\" \/>\n<meta property=\"og:description\" content=\"Longchang Chemical is a leading manufacturer and supplier of 2-Hydroxyethyl acrylatein China. Buy 2-Hydroxyethyl acrylate in china. We can provide the best 2-Hydroxyethyl acrylate price. Other Name: 2-Hydroxyethyl acrylate; 2-HEA; Hydroxyethyl acrylate; 2-Acryloyloxy ethanol; Ethylene glycol acrylate; Acrylic acid 2-hydroxyethyl ester; Ethylene glycol monoacrylate\" \/>\n<meta property=\"og:url\" content=\"https:\/\/longchangchemical.com\/pt\/product\/2-hea-cas-818-61-1\/\" \/>\n<meta property=\"og:site_name\" content=\"Longchang Chemical\" \/>\n<meta property=\"article:modified_time\" content=\"2025-12-22T08:10:08+00:00\" \/>\n<meta property=\"og:image\" content=\"https:\/\/longchangchemical.com\/wp-content\/uploads\/2021\/01\/2-Hydroxyethyl-acrylate-Appearance.jpg\" \/>\n\t<meta property=\"og:image:width\" content=\"600\" \/>\n\t<meta property=\"og:image:height\" content=\"800\" \/>\n\t<meta property=\"og:image:type\" content=\"image\/jpeg\" \/>\n<meta name=\"twitter:card\" content=\"summary_large_image\" \/>\n<script type=\"application\/ld+json\" class=\"yoast-schema-graph\">{\"@context\":\"https:\/\/schema.org\",\"@graph\":[{\"@type\":\"WebPage\",\"@id\":\"https:\/\/longchangchemical.com\/product\/2-hea-cas-818-61-1\/\",\"url\":\"https:\/\/longchangchemical.com\/product\/2-hea-cas-818-61-1\/\",\"name\":\"China 2-Hydroxyethyl acrylate Manufacturer \uff06 CAS 818-61-1 Supplier - Longchang chemical Co., Ltd.\",\"isPartOf\":{\"@id\":\"https:\/\/longchangchemical.com\/#website\"},\"primaryImageOfPage\":{\"@id\":\"https:\/\/longchangchemical.com\/product\/2-hea-cas-818-61-1\/#primaryimage\"},\"image\":{\"@id\":\"https:\/\/longchangchemical.com\/product\/2-hea-cas-818-61-1\/#primaryimage\"},\"thumbnailUrl\":\"https:\/\/longchangchemical.com\/wp-content\/uploads\/2021\/01\/2-Hydroxyethyl-acrylate-Appearance.jpg\",\"datePublished\":\"2021-05-26T08:42:37+00:00\",\"dateModified\":\"2025-12-22T08:10:08+00:00\",\"description\":\"Longchang Chemical is a leading manufacturer and supplier of 2-Hydroxyethyl acrylatein China. Buy 2-Hydroxyethyl acrylate in china. We can provide the best 2-Hydroxyethyl acrylate price. Other Name: 2-Hydroxyethyl acrylate; 2-HEA; Hydroxyethyl acrylate; 2-Acryloyloxy ethanol; Ethylene glycol acrylate; Acrylic acid 2-hydroxyethyl ester; Ethylene glycol monoacrylate\",\"breadcrumb\":{\"@id\":\"https:\/\/longchangchemical.com\/product\/2-hea-cas-818-61-1\/#breadcrumb\"},\"inLanguage\":\"pt-BR\",\"potentialAction\":[{\"@type\":\"ReadAction\",\"target\":[\"https:\/\/longchangchemical.com\/product\/2-hea-cas-818-61-1\/\"]}]},{\"@type\":\"ImageObject\",\"inLanguage\":\"pt-BR\",\"@id\":\"https:\/\/longchangchemical.com\/product\/2-hea-cas-818-61-1\/#primaryimage\",\"url\":\"https:\/\/longchangchemical.com\/wp-content\/uploads\/2021\/01\/2-Hydroxyethyl-acrylate-Appearance.jpg\",\"contentUrl\":\"https:\/\/longchangchemical.com\/wp-content\/uploads\/2021\/01\/2-Hydroxyethyl-acrylate-Appearance.jpg\",\"width\":600,\"height\":800,\"caption\":\"Appearance\"},{\"@type\":\"BreadcrumbList\",\"@id\":\"https:\/\/longchangchemical.com\/product\/2-hea-cas-818-61-1\/#breadcrumb\",\"itemListElement\":[{\"@type\":\"ListItem\",\"position\":1,\"name\":\"Home\",\"item\":\"https:\/\/longchangchemical.com\/\"},{\"@type\":\"ListItem\",\"position\":2,\"name\":\"Products Longchang\",\"item\":\"https:\/\/longchangchemical.com\/product\/\"},{\"@type\":\"ListItem\",\"position\":3,\"name\":\"2-Hydroxyethyl acrylate CAS 818-61-1\"}]},{\"@type\":\"WebSite\",\"@id\":\"https:\/\/longchangchemical.com\/#website\",\"url\":\"https:\/\/longchangchemical.com\/\",\"name\":\"Longchang Chemical\",\"description\":\"China chemical manufacturer \uff06 supplier\",\"publisher\":{\"@id\":\"https:\/\/longchangchemical.com\/#organization\"},\"potentialAction\":[{\"@type\":\"SearchAction\",\"target\":{\"@type\":\"EntryPoint\",\"urlTemplate\":\"https:\/\/longchangchemical.com\/?s={search_term_string}\"},\"query-input\":{\"@type\":\"PropertyValueSpecification\",\"valueRequired\":true,\"valueName\":\"search_term_string\"}}],\"inLanguage\":\"pt-BR\"},{\"@type\":\"Organization\",\"@id\":\"https:\/\/longchangchemical.com\/#organization\",\"name\":\"Longchang Chemical\",\"url\":\"https:\/\/longchangchemical.com\/\",\"logo\":{\"@type\":\"ImageObject\",\"inLanguage\":\"pt-BR\",\"@id\":\"https:\/\/longchangchemical.com\/#\/schema\/logo\/image\/\",\"url\":\"https:\/\/longchangchemical.com\/wp-content\/uploads\/2020\/08\/cropped-longchang-logo.png\",\"contentUrl\":\"https:\/\/longchangchemical.com\/wp-content\/uploads\/2020\/08\/cropped-longchang-logo.png\",\"width\":512,\"height\":512,\"caption\":\"Longchang Chemical\"},\"image\":{\"@id\":\"https:\/\/longchangchemical.com\/#\/schema\/logo\/image\/\"}}]}<\/script>\n<!-- \/ Yoast SEO plugin. -->","yoast_head_json":{"title":"Fabricante de acrilato de 2-hidroxietila na China \uff06 CAS 818-61-1 Fornecedor - Longchang chemical Co., Ltd.","description":"A Longchang Chemical \u00e9 um dos principais fabricantes e fornecedores de acrilato de 2-hidroxietila na China. Compre acrilato de 2-hidroxietila na China. Podemos fornecer o melhor pre\u00e7o de acrilato de 2-hidroxietila. Outro nome: Acrilato de 2-hidroxietila; 2-HEA; acrilato de hidroxietila; 2-acriloiloxi etanol; acrilato de etilenoglicol; \u00e9ster de 2-hidroxietila do \u00e1cido acr\u00edlico; monoacrilato de etilenoglicol","robots":{"index":"index","follow":"follow","max-snippet":"max-snippet:-1","max-image-preview":"max-image-preview:large","max-video-preview":"max-video-preview:-1"},"canonical":"https:\/\/longchangchemical.com\/pt\/product\/2-hea-cas-818-61-1\/","og_locale":"pt_BR","og_type":"article","og_title":"China 2-Hydroxyethyl acrylate Manufacturer \uff06 CAS 818-61-1 Supplier - Longchang chemical Co., Ltd.","og_description":"Longchang Chemical is a leading manufacturer and supplier of 2-Hydroxyethyl acrylatein China. Buy 2-Hydroxyethyl acrylate in china. We can provide the best 2-Hydroxyethyl acrylate price. Other Name: 2-Hydroxyethyl acrylate; 2-HEA; Hydroxyethyl acrylate; 2-Acryloyloxy ethanol; Ethylene glycol acrylate; Acrylic acid 2-hydroxyethyl ester; Ethylene glycol monoacrylate","og_url":"https:\/\/longchangchemical.com\/pt\/product\/2-hea-cas-818-61-1\/","og_site_name":"Longchang Chemical","article_modified_time":"2025-12-22T08:10:08+00:00","og_image":[{"width":600,"height":800,"url":"https:\/\/longchangchemical.com\/wp-content\/uploads\/2021\/01\/2-Hydroxyethyl-acrylate-Appearance.jpg","type":"image\/jpeg"}],"twitter_card":"summary_large_image","schema":{"@context":"https:\/\/schema.org","@graph":[{"@type":"WebPage","@id":"https:\/\/longchangchemical.com\/product\/2-hea-cas-818-61-1\/","url":"https:\/\/longchangchemical.com\/product\/2-hea-cas-818-61-1\/","name":"Fabricante de acrilato de 2-hidroxietila na China \uff06 CAS 818-61-1 Fornecedor - Longchang chemical Co., Ltd.","isPartOf":{"@id":"https:\/\/longchangchemical.com\/#website"},"primaryImageOfPage":{"@id":"https:\/\/longchangchemical.com\/product\/2-hea-cas-818-61-1\/#primaryimage"},"image":{"@id":"https:\/\/longchangchemical.com\/product\/2-hea-cas-818-61-1\/#primaryimage"},"thumbnailUrl":"https:\/\/longchangchemical.com\/wp-content\/uploads\/2021\/01\/2-Hydroxyethyl-acrylate-Appearance.jpg","datePublished":"2021-05-26T08:42:37+00:00","dateModified":"2025-12-22T08:10:08+00:00","description":"A Longchang Chemical \u00e9 um dos principais fabricantes e fornecedores de acrilato de 2-hidroxietila na China. Compre acrilato de 2-hidroxietila na China. Podemos fornecer o melhor pre\u00e7o de acrilato de 2-hidroxietila. Outro nome: Acrilato de 2-hidroxietila; 2-HEA; acrilato de hidroxietila; 2-acriloiloxi etanol; acrilato de etilenoglicol; \u00e9ster de 2-hidroxietila do \u00e1cido acr\u00edlico; monoacrilato de etilenoglicol","breadcrumb":{"@id":"https:\/\/longchangchemical.com\/product\/2-hea-cas-818-61-1\/#breadcrumb"},"inLanguage":"pt-BR","potentialAction":[{"@type":"ReadAction","target":["https:\/\/longchangchemical.com\/product\/2-hea-cas-818-61-1\/"]}]},{"@type":"ImageObject","inLanguage":"pt-BR","@id":"https:\/\/longchangchemical.com\/product\/2-hea-cas-818-61-1\/#primaryimage","url":"https:\/\/longchangchemical.com\/wp-content\/uploads\/2021\/01\/2-Hydroxyethyl-acrylate-Appearance.jpg","contentUrl":"https:\/\/longchangchemical.com\/wp-content\/uploads\/2021\/01\/2-Hydroxyethyl-acrylate-Appearance.jpg","width":600,"height":800,"caption":"Appearance"},{"@type":"BreadcrumbList","@id":"https:\/\/longchangchemical.com\/product\/2-hea-cas-818-61-1\/#breadcrumb","itemListElement":[{"@type":"ListItem","position":1,"name":"Home","item":"https:\/\/longchangchemical.com\/"},{"@type":"ListItem","position":2,"name":"Products Longchang","item":"https:\/\/longchangchemical.com\/product\/"},{"@type":"ListItem","position":3,"name":"2-Hydroxyethyl acrylate CAS 818-61-1"}]},{"@type":"WebSite","@id":"https:\/\/longchangchemical.com\/#website","url":"https:\/\/longchangchemical.com\/","name":"Qu\u00edmica Longchang","description":"Fabricante de produtos qu\u00edmicos na China \uff06 fornecedor","publisher":{"@id":"https:\/\/longchangchemical.com\/#organization"},"potentialAction":[{"@type":"SearchAction","target":{"@type":"EntryPoint","urlTemplate":"https:\/\/longchangchemical.com\/?s={search_term_string}"},"query-input":{"@type":"PropertyValueSpecification","valueRequired":true,"valueName":"search_term_string"}}],"inLanguage":"pt-BR"},{"@type":"Organization","@id":"https:\/\/longchangchemical.com\/#organization","name":"Qu\u00edmica Longchang","url":"https:\/\/longchangchemical.com\/","logo":{"@type":"ImageObject","inLanguage":"pt-BR","@id":"https:\/\/longchangchemical.com\/#\/schema\/logo\/image\/","url":"https:\/\/longchangchemical.com\/wp-content\/uploads\/2020\/08\/cropped-longchang-logo.png","contentUrl":"https:\/\/longchangchemical.com\/wp-content\/uploads\/2020\/08\/cropped-longchang-logo.png","width":512,"height":512,"caption":"Longchang Chemical"},"image":{"@id":"https:\/\/longchangchemical.com\/#\/schema\/logo\/image\/"}}]}},"_links":{"self":[{"href":"https:\/\/longchangchemical.com\/pt\/wp-json\/wp\/v2\/product\/4149","targetHints":{"allow":["GET"]}}],"collection":[{"href":"https:\/\/longchangchemical.com\/pt\/wp-json\/wp\/v2\/product"}],"about":[{"href":"https:\/\/longchangchemical.com\/pt\/wp-json\/wp\/v2\/types\/product"}],"replies":[{"embeddable":true,"href":"https:\/\/longchangchemical.com\/pt\/wp-json\/wp\/v2\/comments?post=4149"}],"wp:featuredmedia":[{"embeddable":true,"href":"https:\/\/longchangchemical.com\/pt\/wp-json\/wp\/v2\/media\/4633"}],"wp:attachment":[{"href":"https:\/\/longchangchemical.com\/pt\/wp-json\/wp\/v2\/media?parent=4149"}],"wp:term":[{"taxonomy":"product_brand","embeddable":true,"href":"https:\/\/longchangchemical.com\/pt\/wp-json\/wp\/v2\/product_brand?post=4149"},{"taxonomy":"product_cat","embeddable":true,"href":"https:\/\/longchangchemical.com\/pt\/wp-json\/wp\/v2\/product_cat?post=4149"},{"taxonomy":"product_tag","embeddable":true,"href":"https:\/\/longchangchemical.com\/pt\/wp-json\/wp\/v2\/product_tag?post=4149"}],"curies":[{"name":"wp","href":"https:\/\/api.w.org\/{rel}","templated":true}]}}