{"id":4148,"date":"2021-02-08T08:41:46","date_gmt":"2021-02-08T08:41:46","guid":{"rendered":"https:\/\/longchangchemical.com\/?post_type=product&#038;p=4148"},"modified":"2021-12-17T10:52:16","modified_gmt":"2021-12-17T10:52:16","slug":"zinc-naphthenate-cas-12001-85-3","status":"publish","type":"product","link":"https:\/\/longchangchemical.com\/pt\/product\/zinc-naphthenate-cas-12001-85-3\/","title":{"rendered":"Naftenato de zinco CAS 12001-85-3"},"content":{"rendered":"<h1><strong>Naftenato de zinco CAS 12001-85-3<\/strong><\/h1>\n<table class=\"table-1\" cellspacing=\"0\">\n<tbody>\n<tr>\n<td>\n<h4>Itens<\/h4>\n<\/td>\n<td>\n<h4>Especifica\u00e7\u00f5es<\/h4>\n<\/td>\n<\/tr>\n<tr>\n<td>\n<h4>Apar\u00eancia<\/h4>\n<\/td>\n<td>\n<h4>L\u00edquido marrom, com um odor caracter\u00edstico<\/h4>\n<\/td>\n<\/tr>\n<tr>\n<td>\n<h4>Conte\u00fado de metal%<\/h4>\n<\/td>\n<td>\n<h4>8.0-8.2<\/h4>\n<\/td>\n<\/tr>\n<tr>\n<td>\n<h4>Densidade<\/h4>\n<\/td>\n<td>\n<h4>0,962 g\/ml a 25 \u2103 (lit.)<\/h4>\n<\/td>\n<\/tr>\n<tr>\n<td>\n<h4>Solubilidade<\/h4>\n<\/td>\n<td>\n<h4>Sol\u00favel em \u00f3leo, insol\u00favel em \u00e1gua<\/h4>\n<\/td>\n<\/tr>\n<\/tbody>\n<\/table>\n<p>&nbsp;<\/p>\n<h2><strong>Naftenato de zinco Uso<\/strong><\/h2>\n<h4>1. O naftenato de zinco \u00e9 usado principalmente como inibidor de corros\u00e3o e antiferrugem para produtos de metal. \u00c9 usado para preparar v\u00e1rios \u00f3leos e graxas antiferrugem. \u00c9 usado em combina\u00e7\u00e3o com sulfonato de petr\u00f3leo de b\u00e1rio para preparar \u00f3leo antiferrugem para ferro fundido.<\/h4>\n<h4>2. O naftenato de zinco pode ser usado como tinta para pintura e impress\u00e3o.<\/h4>\n<h4>3. O naftenato de zinco pode ser usado como secador de resina, agente umectante, inseticida, agente antif\u00fangico, conservante de madeira, etc.<\/h4>\n<h2><\/h2>\n<h2><strong>Embalagem e remessa de naftenato de zinco<\/strong><\/h2>\n<h4>Balde de metal de 200L, peso l\u00edquido de 180 kg.<\/h4>\n<p>&nbsp;<\/p>\n<h2><strong>Naftenato de zinco Armazenamento<\/strong><\/h2>\n<h4>Mantenha o lacre e mantenha-o em temperatura baixa e em condi\u00e7\u00f5es secas.<\/h4>\n<h4>Caracter\u00edsticas perigosas: Este produto \u00e9 inflam\u00e1vel quando exposto a chamas abertas e calor elevado. Ele se decomp\u00f5e em altas temperaturas e emite fuma\u00e7a t\u00f3xica.<br \/>\nProte\u00e7\u00e3o respirat\u00f3ria: deve ser usada uma m\u00e1scara.<br \/>\nProte\u00e7\u00e3o para os olhos: use \u00f3culos de prote\u00e7\u00e3o.<br \/>\nProte\u00e7\u00e3o do corpo: use macac\u00f5es antiest\u00e1ticos.<br \/>\nProte\u00e7\u00e3o das m\u00e3os: Use luvas de prote\u00e7\u00e3o.<\/h4>\n<h2><strong>Produtos da mesma s\u00e9rie<\/strong><\/h2>\n<table style=\"border-collapse: collapse; width: 256.52pt;\" border=\"0\" width=\"342\" cellspacing=\"0\" cellpadding=\"0\">\n<tbody>\n<tr style=\"height: 54.00pt;\">\n<td class=\"et2\" style=\"height: 54.00pt; width: 146.25pt;\" width=\"195\" height=\"72\"><a href=\"https:\/\/longchangchemical.com\/pt\/product\/naphthenic-acid-cas-1338-24-5\/\"><span style=\"color: #3366ff;\"><strong>\u00c1cido naft\u00eanico<\/strong><\/span><\/a><\/td>\n<td class=\"et2\" style=\"width: 110.25pt;\" width=\"147\"><a href=\"https:\/\/longchangchemical.com\/pt\/product\/naphthenic-acid-cas-1338-24-5\/\"><span style=\"color: #3366ff;\"><strong>1338-24-5<\/strong><\/span><\/a><\/td>\n<\/tr>\n<tr style=\"height: 54.00pt;\">\n<td class=\"et2\" style=\"height: 54.00pt; width: 146.25pt;\" width=\"195\" height=\"72\"><a href=\"https:\/\/longchangchemical.com\/pt\/product\/copper-naphthenate-cas-1338-02-9\/\"><span style=\"color: #3366ff;\"><strong>Naftenato de cobre<\/strong><\/span><\/a><\/td>\n<td class=\"et2\" style=\"width: 110.25pt;\" width=\"147\"><a href=\"https:\/\/longchangchemical.com\/pt\/product\/copper-naphthenate-cas-1338-02-9\/\"><span style=\"color: #3366ff;\"><strong>1338-02-9<\/strong><\/span><\/a><\/td>\n<\/tr>\n<tr style=\"height: 54.00pt;\">\n<td class=\"et3\" style=\"height: 54.00pt; width: 146.25pt;\" width=\"195\" height=\"72\"><span style=\"color: #3366ff;\"><strong>Naftenato de zinco<\/strong><\/span><\/td>\n<td class=\"et3\" style=\"width: 110.25pt;\" width=\"147\"><span style=\"color: #3366ff;\"><strong>12001-85-3<\/strong><\/span><\/td>\n<\/tr>\n<\/tbody>\n<\/table>\n<h2><\/h2>\n<h2><strong><b>Entre em contato conosco agora!<\/b><\/strong><\/h2>\n<h4><strong><b>Oferecemos servi\u00e7os personalizados e, normalmente, entraremos em contato com voc\u00ea dentro de 24 horas. Voc\u00ea tamb\u00e9m pode me enviar um e-mail para info@longchangchemical.com durante o hor\u00e1rio comercial (das 8h30 \u00e0s 18h UTC+8 de segunda a s\u00e1bado) ou usar o bate-papo ao vivo do site para obter uma resposta r\u00e1pida.<\/b><\/strong><\/h4>","protected":false},"excerpt":{"rendered":"<h4>Nome qu\u00edmico: Naftenato de zinco<\/h4>\n<h4>N\u00famero CAS: 12001-85-3<\/h4>\n<h4>F\u00f3rmula molecular: 2(C11H7O2).Zn<\/h4>\n<h4>Peso molecular: 319,71<\/h4>\n<h4>Apar\u00eancia: L\u00edquido marrom, com um odor caracter\u00edstico<\/h4>\n<h4>Ensaio: 8%<\/h4>","protected":false},"featured_media":4360,"comment_status":"open","ping_status":"closed","template":"","meta":[],"product_brand":[],"product_cat":[69],"product_tag":[],"class_list":{"0":"post-4148","1":"product","2":"type-product","3":"status-publish","4":"has-post-thumbnail","6":"product_cat-catalysts-chemical-auxiliary-agents","8":"first","9":"instock","10":"shipping-taxable","11":"product-type-simple"},"yoast_head":"<!-- This site is optimized with the Yoast SEO plugin v25.3.1 - https:\/\/yoast.com\/wordpress\/plugins\/seo\/ -->\n<title>China Zinc naphthenate Manufacturer \uff06 Supplier - Longchang chemical Co., Ltd.<\/title>\n<meta name=\"description\" content=\"Longchang Chemical is a leading manufacturer and supplier of Zinc naphthenate in China. Buy Zinc naphthenate in china. We can provide the best Zinc naphthenate price.\" \/>\n<meta name=\"robots\" content=\"index, follow, max-snippet:-1, max-image-preview:large, max-video-preview:-1\" \/>\n<link rel=\"canonical\" href=\"https:\/\/longchangchemical.com\/pt\/product\/zinc-naphthenate-cas-12001-85-3\/\" \/>\n<meta property=\"og:locale\" content=\"pt_BR\" \/>\n<meta property=\"og:type\" content=\"article\" \/>\n<meta property=\"og:title\" content=\"China Zinc naphthenate Manufacturer \uff06 Supplier - Longchang chemical Co., Ltd.\" \/>\n<meta property=\"og:description\" content=\"Longchang Chemical is a leading manufacturer and supplier of Zinc naphthenate in China. Buy Zinc naphthenate in china. We can provide the best Zinc naphthenate price.\" \/>\n<meta property=\"og:url\" content=\"https:\/\/longchangchemical.com\/pt\/product\/zinc-naphthenate-cas-12001-85-3\/\" \/>\n<meta property=\"og:site_name\" content=\"Longchang Chemical\" \/>\n<meta property=\"article:modified_time\" content=\"2021-12-17T10:52:16+00:00\" \/>\n<meta property=\"og:image\" content=\"https:\/\/longchangchemical.com\/wp-content\/uploads\/2021\/01\/Zinc-naphthenate-Appearance.jpg\" \/>\n\t<meta property=\"og:image:width\" content=\"600\" \/>\n\t<meta property=\"og:image:height\" content=\"800\" \/>\n\t<meta property=\"og:image:type\" content=\"image\/jpeg\" \/>\n<meta name=\"twitter:card\" content=\"summary_large_image\" \/>\n<script type=\"application\/ld+json\" class=\"yoast-schema-graph\">{\"@context\":\"https:\/\/schema.org\",\"@graph\":[{\"@type\":\"WebPage\",\"@id\":\"https:\/\/longchangchemical.com\/product\/zinc-naphthenate-cas-12001-85-3\/\",\"url\":\"https:\/\/longchangchemical.com\/product\/zinc-naphthenate-cas-12001-85-3\/\",\"name\":\"China Zinc naphthenate Manufacturer \uff06 Supplier - Longchang chemical Co., Ltd.\",\"isPartOf\":{\"@id\":\"https:\/\/longchangchemical.com\/#website\"},\"primaryImageOfPage\":{\"@id\":\"https:\/\/longchangchemical.com\/product\/zinc-naphthenate-cas-12001-85-3\/#primaryimage\"},\"image\":{\"@id\":\"https:\/\/longchangchemical.com\/product\/zinc-naphthenate-cas-12001-85-3\/#primaryimage\"},\"thumbnailUrl\":\"https:\/\/longchangchemical.com\/wp-content\/uploads\/2021\/01\/Zinc-naphthenate-Appearance.jpg\",\"datePublished\":\"2021-02-08T08:41:46+00:00\",\"dateModified\":\"2021-12-17T10:52:16+00:00\",\"description\":\"Longchang Chemical is a leading manufacturer and supplier of Zinc naphthenate in China. Buy Zinc naphthenate in china. We can provide the best Zinc naphthenate price.\",\"breadcrumb\":{\"@id\":\"https:\/\/longchangchemical.com\/product\/zinc-naphthenate-cas-12001-85-3\/#breadcrumb\"},\"inLanguage\":\"pt-BR\",\"potentialAction\":[{\"@type\":\"ReadAction\",\"target\":[\"https:\/\/longchangchemical.com\/product\/zinc-naphthenate-cas-12001-85-3\/\"]}]},{\"@type\":\"ImageObject\",\"inLanguage\":\"pt-BR\",\"@id\":\"https:\/\/longchangchemical.com\/product\/zinc-naphthenate-cas-12001-85-3\/#primaryimage\",\"url\":\"https:\/\/longchangchemical.com\/wp-content\/uploads\/2021\/01\/Zinc-naphthenate-Appearance.jpg\",\"contentUrl\":\"https:\/\/longchangchemical.com\/wp-content\/uploads\/2021\/01\/Zinc-naphthenate-Appearance.jpg\",\"width\":600,\"height\":800,\"caption\":\"Zinc naphthenate Appearance\"},{\"@type\":\"BreadcrumbList\",\"@id\":\"https:\/\/longchangchemical.com\/product\/zinc-naphthenate-cas-12001-85-3\/#breadcrumb\",\"itemListElement\":[{\"@type\":\"ListItem\",\"position\":1,\"name\":\"Home\",\"item\":\"https:\/\/longchangchemical.com\/\"},{\"@type\":\"ListItem\",\"position\":2,\"name\":\"Products Longchang\",\"item\":\"https:\/\/longchangchemical.com\/product\/\"},{\"@type\":\"ListItem\",\"position\":3,\"name\":\"Zinc naphthenate CAS 12001-85-3\"}]},{\"@type\":\"WebSite\",\"@id\":\"https:\/\/longchangchemical.com\/#website\",\"url\":\"https:\/\/longchangchemical.com\/\",\"name\":\"Longchang Chemical\",\"description\":\"China chemical manufacturer \uff06 supplier\",\"publisher\":{\"@id\":\"https:\/\/longchangchemical.com\/#organization\"},\"potentialAction\":[{\"@type\":\"SearchAction\",\"target\":{\"@type\":\"EntryPoint\",\"urlTemplate\":\"https:\/\/longchangchemical.com\/?s={search_term_string}\"},\"query-input\":{\"@type\":\"PropertyValueSpecification\",\"valueRequired\":true,\"valueName\":\"search_term_string\"}}],\"inLanguage\":\"pt-BR\"},{\"@type\":\"Organization\",\"@id\":\"https:\/\/longchangchemical.com\/#organization\",\"name\":\"Longchang Chemical\",\"url\":\"https:\/\/longchangchemical.com\/\",\"logo\":{\"@type\":\"ImageObject\",\"inLanguage\":\"pt-BR\",\"@id\":\"https:\/\/longchangchemical.com\/#\/schema\/logo\/image\/\",\"url\":\"https:\/\/longchangchemical.com\/wp-content\/uploads\/2020\/08\/cropped-longchang-logo.png\",\"contentUrl\":\"https:\/\/longchangchemical.com\/wp-content\/uploads\/2020\/08\/cropped-longchang-logo.png\",\"width\":512,\"height\":512,\"caption\":\"Longchang Chemical\"},\"image\":{\"@id\":\"https:\/\/longchangchemical.com\/#\/schema\/logo\/image\/\"}}]}<\/script>\n<!-- \/ Yoast SEO plugin. -->","yoast_head_json":{"title":"China Naftenato de zinco Fabricante \uff06 Fornecedor - Longchang chemical Co., Ltd.","description":"A Longchang Chemical \u00e9 um dos principais fabricantes e fornecedores de naftenato de zinco na China. Compre naftenato de zinco na China. Podemos oferecer o melhor pre\u00e7o de naftenato de zinco.","robots":{"index":"index","follow":"follow","max-snippet":"max-snippet:-1","max-image-preview":"max-image-preview:large","max-video-preview":"max-video-preview:-1"},"canonical":"https:\/\/longchangchemical.com\/pt\/product\/zinc-naphthenate-cas-12001-85-3\/","og_locale":"pt_BR","og_type":"article","og_title":"China Zinc naphthenate Manufacturer \uff06 Supplier - Longchang chemical Co., Ltd.","og_description":"Longchang Chemical is a leading manufacturer and supplier of Zinc naphthenate in China. Buy Zinc naphthenate in china. We can provide the best Zinc naphthenate price.","og_url":"https:\/\/longchangchemical.com\/pt\/product\/zinc-naphthenate-cas-12001-85-3\/","og_site_name":"Longchang Chemical","article_modified_time":"2021-12-17T10:52:16+00:00","og_image":[{"width":600,"height":800,"url":"https:\/\/longchangchemical.com\/wp-content\/uploads\/2021\/01\/Zinc-naphthenate-Appearance.jpg","type":"image\/jpeg"}],"twitter_card":"summary_large_image","schema":{"@context":"https:\/\/schema.org","@graph":[{"@type":"WebPage","@id":"https:\/\/longchangchemical.com\/product\/zinc-naphthenate-cas-12001-85-3\/","url":"https:\/\/longchangchemical.com\/product\/zinc-naphthenate-cas-12001-85-3\/","name":"China Naftenato de zinco Fabricante \uff06 Fornecedor - Longchang chemical Co., Ltd.","isPartOf":{"@id":"https:\/\/longchangchemical.com\/#website"},"primaryImageOfPage":{"@id":"https:\/\/longchangchemical.com\/product\/zinc-naphthenate-cas-12001-85-3\/#primaryimage"},"image":{"@id":"https:\/\/longchangchemical.com\/product\/zinc-naphthenate-cas-12001-85-3\/#primaryimage"},"thumbnailUrl":"https:\/\/longchangchemical.com\/wp-content\/uploads\/2021\/01\/Zinc-naphthenate-Appearance.jpg","datePublished":"2021-02-08T08:41:46+00:00","dateModified":"2021-12-17T10:52:16+00:00","description":"A Longchang Chemical \u00e9 um dos principais fabricantes e fornecedores de naftenato de zinco na China. Compre naftenato de zinco na China. Podemos oferecer o melhor pre\u00e7o de naftenato de zinco.","breadcrumb":{"@id":"https:\/\/longchangchemical.com\/product\/zinc-naphthenate-cas-12001-85-3\/#breadcrumb"},"inLanguage":"pt-BR","potentialAction":[{"@type":"ReadAction","target":["https:\/\/longchangchemical.com\/product\/zinc-naphthenate-cas-12001-85-3\/"]}]},{"@type":"ImageObject","inLanguage":"pt-BR","@id":"https:\/\/longchangchemical.com\/product\/zinc-naphthenate-cas-12001-85-3\/#primaryimage","url":"https:\/\/longchangchemical.com\/wp-content\/uploads\/2021\/01\/Zinc-naphthenate-Appearance.jpg","contentUrl":"https:\/\/longchangchemical.com\/wp-content\/uploads\/2021\/01\/Zinc-naphthenate-Appearance.jpg","width":600,"height":800,"caption":"Zinc naphthenate Appearance"},{"@type":"BreadcrumbList","@id":"https:\/\/longchangchemical.com\/product\/zinc-naphthenate-cas-12001-85-3\/#breadcrumb","itemListElement":[{"@type":"ListItem","position":1,"name":"Home","item":"https:\/\/longchangchemical.com\/"},{"@type":"ListItem","position":2,"name":"Products Longchang","item":"https:\/\/longchangchemical.com\/product\/"},{"@type":"ListItem","position":3,"name":"Zinc naphthenate CAS 12001-85-3"}]},{"@type":"WebSite","@id":"https:\/\/longchangchemical.com\/#website","url":"https:\/\/longchangchemical.com\/","name":"Qu\u00edmica Longchang","description":"Fabricante de produtos qu\u00edmicos na China \uff06 fornecedor","publisher":{"@id":"https:\/\/longchangchemical.com\/#organization"},"potentialAction":[{"@type":"SearchAction","target":{"@type":"EntryPoint","urlTemplate":"https:\/\/longchangchemical.com\/?s={search_term_string}"},"query-input":{"@type":"PropertyValueSpecification","valueRequired":true,"valueName":"search_term_string"}}],"inLanguage":"pt-BR"},{"@type":"Organization","@id":"https:\/\/longchangchemical.com\/#organization","name":"Qu\u00edmica Longchang","url":"https:\/\/longchangchemical.com\/","logo":{"@type":"ImageObject","inLanguage":"pt-BR","@id":"https:\/\/longchangchemical.com\/#\/schema\/logo\/image\/","url":"https:\/\/longchangchemical.com\/wp-content\/uploads\/2020\/08\/cropped-longchang-logo.png","contentUrl":"https:\/\/longchangchemical.com\/wp-content\/uploads\/2020\/08\/cropped-longchang-logo.png","width":512,"height":512,"caption":"Longchang Chemical"},"image":{"@id":"https:\/\/longchangchemical.com\/#\/schema\/logo\/image\/"}}]}},"_links":{"self":[{"href":"https:\/\/longchangchemical.com\/pt\/wp-json\/wp\/v2\/product\/4148","targetHints":{"allow":["GET"]}}],"collection":[{"href":"https:\/\/longchangchemical.com\/pt\/wp-json\/wp\/v2\/product"}],"about":[{"href":"https:\/\/longchangchemical.com\/pt\/wp-json\/wp\/v2\/types\/product"}],"replies":[{"embeddable":true,"href":"https:\/\/longchangchemical.com\/pt\/wp-json\/wp\/v2\/comments?post=4148"}],"wp:featuredmedia":[{"embeddable":true,"href":"https:\/\/longchangchemical.com\/pt\/wp-json\/wp\/v2\/media\/4360"}],"wp:attachment":[{"href":"https:\/\/longchangchemical.com\/pt\/wp-json\/wp\/v2\/media?parent=4148"}],"wp:term":[{"taxonomy":"product_brand","embeddable":true,"href":"https:\/\/longchangchemical.com\/pt\/wp-json\/wp\/v2\/product_brand?post=4148"},{"taxonomy":"product_cat","embeddable":true,"href":"https:\/\/longchangchemical.com\/pt\/wp-json\/wp\/v2\/product_cat?post=4148"},{"taxonomy":"product_tag","embeddable":true,"href":"https:\/\/longchangchemical.com\/pt\/wp-json\/wp\/v2\/product_tag?post=4148"}],"curies":[{"name":"wp","href":"https:\/\/api.w.org\/{rel}","templated":true}]}}