{"id":4136,"date":"2021-03-19T13:40:09","date_gmt":"2021-03-19T13:40:09","guid":{"rendered":"https:\/\/longchangchemical.com\/?post_type=product&#038;p=4136"},"modified":"2025-12-23T02:32:57","modified_gmt":"2025-12-23T02:32:57","slug":"cobalt-carbonate-cas-513-79-1","status":"publish","type":"product","link":"https:\/\/longchangchemical.com\/pt\/product\/cobalt-carbonate-cas-513-79-1\/","title":{"rendered":"Carbonato de cobalto CAS 513-79-1"},"content":{"rendered":"<h1><strong>Carbonato de cobalto CAS 513-79-1<\/strong><\/h1>\n<table class=\"table-1\" width=\"-76\" cellspacing=\"0\">\n<tbody>\n<tr>\n<td>\n<h4>Item<\/h4>\n<\/td>\n<td>\n<h4>Padr\u00e3o<\/h4>\n<\/td>\n<\/tr>\n<tr>\n<td>\n<h4>Apar\u00eancia<\/h4>\n<\/td>\n<td>\n<h4>P\u00f3 azul ou rosa<\/h4>\n<\/td>\n<\/tr>\n<tr>\n<td>\n<h4>Cobalto<\/h4>\n<\/td>\n<td>\n<h4>\u226547%<\/h4>\n<\/td>\n<\/tr>\n<tr>\n<td>\n<h4>N\u00edquel<\/h4>\n<\/td>\n<td>\n<h4>\u22640,01%<\/h4>\n<\/td>\n<\/tr>\n<tr>\n<td>\n<h4>Ferro<\/h4>\n<\/td>\n<td>\n<h4>\u22640,01%<\/h4>\n<\/td>\n<\/tr>\n<tr>\n<td>\n<h4>Magn\u00e9sio<\/h4>\n<\/td>\n<td>\n<h4>\u22640,01%<\/h4>\n<\/td>\n<\/tr>\n<tr>\n<td>\n<h4>C\u00e1lcio<\/h4>\n<\/td>\n<td>\n<h4>\u22640,01%<\/h4>\n<\/td>\n<\/tr>\n<\/tbody>\n<\/table>\n<p>&nbsp;<\/p>\n<h2><strong>Carbonato de cobalto Utiliza\u00e7\u00e3o<\/strong><\/h2>\n<h4>1. Este produto \u00e9 a mat\u00e9ria-prima para a produ\u00e7\u00e3o de \u00f3xido de cobalto.<br \/>\n2. Esse produto \u00e9 uma mat\u00e9ria-prima para a fabrica\u00e7\u00e3o de materiais de c\u00e1todo de bateria de l\u00edtio.<br \/>\n3. Esse produto \u00e9 usado como agente de colora\u00e7\u00e3o no setor de cer\u00e2mica.<br \/>\n4. Esse produto \u00e9 usado como agente de beneficiamento no setor de minera\u00e7\u00e3o.<br \/>\n5. No setor org\u00e2nico, esse produto \u00e9 usado para fabricar catalisadores, revestimentos de camuflagem e indicadores qu\u00edmicos de temperatura.<br \/>\n6. Na agricultura, esse produto \u00e9 usado como fertilizante de oligoelementos.<br \/>\n7. Esse produto \u00e9 usado como reagente anal\u00edtico em qu\u00edmica anal\u00edtica.<\/h4>\n<p>&nbsp;<\/p>\n<h2><strong>Embalagem e remessa de carbonato de cobalto<\/strong><\/h2>\n<h4>Embalagem: saco de tecido de 25 kg ou tambor de papel\u00e3o.<\/h4>\n<h4>Entrega: por via mar\u00edtima.<\/h4>\n<p>&nbsp;<\/p>\n<h2><strong>Produtos da mesma s\u00e9rie<\/strong><\/h2>\n<table style=\"border-collapse: collapse; width: 312.02pt;\" border=\"0\" width=\"416\" cellspacing=\"0\" cellpadding=\"0\">\n<tbody>\n<tr style=\"height: 54.00pt;\">\n<td class=\"et3\" style=\"height: 54.00pt; width: 201.75pt;\" width=\"269\" height=\"72\">\n<h4>Carbonato de cobalto<\/h4>\n<\/td>\n<td class=\"et3\" style=\"width: 110.25pt;\" width=\"147\">\n<h4>513-79-1<\/h4>\n<\/td>\n<\/tr>\n<tr style=\"height: 40.50pt;\">\n<td class=\"et4\" style=\"height: 40.50pt; width: 201.75pt;\" width=\"269\" height=\"54\">\n<h4><a href=\"https:\/\/longchangchemical.com\/pt\/product\/guanidine-carbonate-cas-593-85-1\/\"><span style=\"color: #3366ff;\">Carbonato de guanidina<\/span><\/a><\/h4>\n<\/td>\n<td class=\"et5\" style=\"width: 110.25pt;\" width=\"147\">\n<h4><span style=\"color: #000000;\">593-85-1<\/span><\/h4>\n<\/td>\n<\/tr>\n<tr style=\"height: 40.50pt;\">\n<td class=\"et6\" style=\"height: 40.50pt; width: 201.75pt;\" width=\"269\" height=\"54\">\n<h4><a href=\"https:\/\/longchangchemical.com\/pt\/product\/manganese-carbonate-cas-598-62-9\/\"><span style=\"color: #3366ff;\">Carbonato de mangan\u00eas<\/span><\/a><\/h4>\n<\/td>\n<td class=\"et6\" style=\"width: 110.25pt;\" width=\"147\">\n<h4><span style=\"color: #000000;\">598-62-9<\/span><\/h4>\n<\/td>\n<\/tr>\n<tr style=\"height: 40.50pt;\">\n<td class=\"et7\" style=\"height: 40.50pt;\" height=\"54\">\n<h4><a href=\"https:\/\/longchangchemical.com\/pt\/product\/ammonium-bicarbonate-cas-1066-33-7\/\"><span style=\"color: #3366ff;\">Bicarbonato de am\u00f4nio<\/span><\/a><\/h4>\n<\/td>\n<td class=\"et7\">\n<h4><span style=\"color: #000000;\">1066-33-7<\/span><\/h4>\n<\/td>\n<\/tr>\n<tr style=\"height: 40.50pt;\">\n<td class=\"et4\" style=\"height: 40.50pt; width: 201.75pt;\" width=\"269\" height=\"54\">\n<h4><a href=\"https:\/\/longchangchemical.com\/pt\/product\/caesium-carbonate-cas-534-17-8\/\"><span style=\"color: #3366ff;\">Carbonato de c\u00e9sio<\/span><\/a><\/h4>\n<\/td>\n<td class=\"et4\" style=\"width: 110.25pt;\" width=\"147\">\n<h4><span style=\"color: #000000;\">534-17-8<\/span><\/h4>\n<\/td>\n<\/tr>\n<tr style=\"height: 40.50pt;\">\n<td class=\"et8\" style=\"height: 40.50pt; width: 201.75pt;\" width=\"269\" height=\"54\">\n<h4><a href=\"https:\/\/longchangchemical.com\/pt\/product\/strontium-carbonate-cas-1633-05-2\/\"><span style=\"color: #3366ff;\">Carbonato de estr\u00f4ncio<\/span><\/a><\/h4>\n<\/td>\n<td class=\"et8\" style=\"width: 110.25pt;\" width=\"147\">\n<h4><span style=\"color: #000000;\">1633-05-2<\/span><\/h4>\n<\/td>\n<\/tr>\n<tr style=\"height: 40.50pt;\">\n<td class=\"et4\" style=\"height: 40.50pt; width: 201.75pt;\" width=\"269\" height=\"54\">\n<h4><a href=\"https:\/\/longchangchemical.com\/pt\/product\/carbohydrazide-cas-497-18-7\/\"><span style=\"color: #3366ff;\">Carbohidrazida<\/span><\/a><\/h4>\n<\/td>\n<td class=\"et4\" style=\"width: 110.25pt;\" width=\"147\">\n<h4><span style=\"color: #000000;\">497-18-7<\/span><\/h4>\n<\/td>\n<\/tr>\n<\/tbody>\n<\/table>\n<h2><strong><b>Entre em contato conosco agora!<\/b><\/strong><\/h2>\n<h4><strong><b>Oferecemos servi\u00e7os personalizados e, normalmente, entraremos em contato com voc\u00ea dentro de 24 horas. Voc\u00ea tamb\u00e9m pode me enviar um e-mail para info@longchangchemical.com durante o hor\u00e1rio comercial (das 8h30 \u00e0s 18h UTC+8 de segunda a s\u00e1bado) ou usar o bate-papo ao vivo do site para obter uma resposta r\u00e1pida.<\/b><\/strong><\/h4>","protected":false},"excerpt":{"rendered":"<h4>Nome qu\u00edmico: Carbonato de cobalto<\/h4>\n<h4>N\u00famero CAS: 513-79-1<\/h4>\n<h4>F\u00f3rmula molecular: CCoO3<\/h4>\n<h4>Estrutura qu\u00edmica:<img decoding=\"async\" title=\"Estrutura do carbonato de cobalto\" src=\"https:\/\/www.longchangchemical.com\/wp-content\/uploads\/product-details\/20200612233858.png\" alt=\"Estrutura do carbonato de cobalto\" width=\"51\" height=\"73\" border=\"0\" vspace=\"0\" \/><\/h4>\n<h4>Peso molecular: 118,94<\/h4>\n<h4>Apar\u00eancia: P\u00f3 azul ou rosa<\/h4>\n<h4>Ensaio: \u226547%<\/h4>","protected":false},"featured_media":4441,"comment_status":"open","ping_status":"closed","template":"","meta":[],"product_brand":[],"product_cat":[69],"product_tag":[],"class_list":{"0":"post-4136","1":"product","2":"type-product","3":"status-publish","4":"has-post-thumbnail","6":"product_cat-catalysts-chemical-auxiliary-agents","8":"first","9":"instock","10":"shipping-taxable","11":"product-type-simple"},"yoast_head":"<!-- This site is optimized with the Yoast SEO plugin v25.3.1 - https:\/\/yoast.com\/wordpress\/plugins\/seo\/ -->\n<title>China Cobalt carbonate Manufacturer \uff06 513-79-1 Supplier - Longchang chemical Co., Ltd.<\/title>\n<meta name=\"description\" content=\"Longchang Chemical is a leading manufacturer and supplier of Cobalt carbonate in China. Buy Cobalt carbonate in china. We can provide the best Cobalt carbonate price.\" \/>\n<meta name=\"robots\" content=\"index, follow, max-snippet:-1, max-image-preview:large, max-video-preview:-1\" \/>\n<link rel=\"canonical\" href=\"https:\/\/longchangchemical.com\/pt\/product\/cobalt-carbonate-cas-513-79-1\/\" \/>\n<meta property=\"og:locale\" content=\"pt_BR\" \/>\n<meta property=\"og:type\" content=\"article\" \/>\n<meta property=\"og:title\" content=\"China Cobalt carbonate Manufacturer \uff06 513-79-1 Supplier - Longchang chemical Co., Ltd.\" \/>\n<meta property=\"og:description\" content=\"Longchang Chemical is a leading manufacturer and supplier of Cobalt carbonate in China. Buy Cobalt carbonate in china. We can provide the best Cobalt carbonate price.\" \/>\n<meta property=\"og:url\" content=\"https:\/\/longchangchemical.com\/pt\/product\/cobalt-carbonate-cas-513-79-1\/\" \/>\n<meta property=\"og:site_name\" content=\"Longchang Chemical\" \/>\n<meta property=\"article:modified_time\" content=\"2025-12-23T02:32:57+00:00\" \/>\n<meta property=\"og:image\" content=\"https:\/\/longchangchemical.com\/wp-content\/uploads\/2021\/01\/Appearance-14.jpg\" \/>\n\t<meta property=\"og:image:width\" content=\"600\" \/>\n\t<meta property=\"og:image:height\" content=\"800\" \/>\n\t<meta property=\"og:image:type\" content=\"image\/jpeg\" \/>\n<meta name=\"twitter:card\" content=\"summary_large_image\" \/>\n<script type=\"application\/ld+json\" class=\"yoast-schema-graph\">{\"@context\":\"https:\/\/schema.org\",\"@graph\":[{\"@type\":\"WebPage\",\"@id\":\"https:\/\/longchangchemical.com\/product\/cobalt-carbonate-cas-513-79-1\/\",\"url\":\"https:\/\/longchangchemical.com\/product\/cobalt-carbonate-cas-513-79-1\/\",\"name\":\"China Cobalt carbonate Manufacturer \uff06 513-79-1 Supplier - Longchang chemical Co., Ltd.\",\"isPartOf\":{\"@id\":\"https:\/\/longchangchemical.com\/#website\"},\"primaryImageOfPage\":{\"@id\":\"https:\/\/longchangchemical.com\/product\/cobalt-carbonate-cas-513-79-1\/#primaryimage\"},\"image\":{\"@id\":\"https:\/\/longchangchemical.com\/product\/cobalt-carbonate-cas-513-79-1\/#primaryimage\"},\"thumbnailUrl\":\"https:\/\/longchangchemical.com\/wp-content\/uploads\/2021\/01\/Appearance-14.jpg\",\"datePublished\":\"2021-03-19T13:40:09+00:00\",\"dateModified\":\"2025-12-23T02:32:57+00:00\",\"description\":\"Longchang Chemical is a leading manufacturer and supplier of Cobalt carbonate in China. Buy Cobalt carbonate in china. We can provide the best Cobalt carbonate price.\",\"breadcrumb\":{\"@id\":\"https:\/\/longchangchemical.com\/product\/cobalt-carbonate-cas-513-79-1\/#breadcrumb\"},\"inLanguage\":\"pt-BR\",\"potentialAction\":[{\"@type\":\"ReadAction\",\"target\":[\"https:\/\/longchangchemical.com\/product\/cobalt-carbonate-cas-513-79-1\/\"]}]},{\"@type\":\"ImageObject\",\"inLanguage\":\"pt-BR\",\"@id\":\"https:\/\/longchangchemical.com\/product\/cobalt-carbonate-cas-513-79-1\/#primaryimage\",\"url\":\"https:\/\/longchangchemical.com\/wp-content\/uploads\/2021\/01\/Appearance-14.jpg\",\"contentUrl\":\"https:\/\/longchangchemical.com\/wp-content\/uploads\/2021\/01\/Appearance-14.jpg\",\"width\":600,\"height\":800,\"caption\":\"Appearance\"},{\"@type\":\"BreadcrumbList\",\"@id\":\"https:\/\/longchangchemical.com\/product\/cobalt-carbonate-cas-513-79-1\/#breadcrumb\",\"itemListElement\":[{\"@type\":\"ListItem\",\"position\":1,\"name\":\"Home\",\"item\":\"https:\/\/longchangchemical.com\/\"},{\"@type\":\"ListItem\",\"position\":2,\"name\":\"Products Longchang\",\"item\":\"https:\/\/longchangchemical.com\/product\/\"},{\"@type\":\"ListItem\",\"position\":3,\"name\":\"Cobalt carbonate CAS 513-79-1\"}]},{\"@type\":\"WebSite\",\"@id\":\"https:\/\/longchangchemical.com\/#website\",\"url\":\"https:\/\/longchangchemical.com\/\",\"name\":\"Longchang Chemical\",\"description\":\"China chemical manufacturer \uff06 supplier\",\"publisher\":{\"@id\":\"https:\/\/longchangchemical.com\/#organization\"},\"potentialAction\":[{\"@type\":\"SearchAction\",\"target\":{\"@type\":\"EntryPoint\",\"urlTemplate\":\"https:\/\/longchangchemical.com\/?s={search_term_string}\"},\"query-input\":{\"@type\":\"PropertyValueSpecification\",\"valueRequired\":true,\"valueName\":\"search_term_string\"}}],\"inLanguage\":\"pt-BR\"},{\"@type\":\"Organization\",\"@id\":\"https:\/\/longchangchemical.com\/#organization\",\"name\":\"Longchang Chemical\",\"url\":\"https:\/\/longchangchemical.com\/\",\"logo\":{\"@type\":\"ImageObject\",\"inLanguage\":\"pt-BR\",\"@id\":\"https:\/\/longchangchemical.com\/#\/schema\/logo\/image\/\",\"url\":\"https:\/\/longchangchemical.com\/wp-content\/uploads\/2020\/08\/cropped-longchang-logo.png\",\"contentUrl\":\"https:\/\/longchangchemical.com\/wp-content\/uploads\/2020\/08\/cropped-longchang-logo.png\",\"width\":512,\"height\":512,\"caption\":\"Longchang Chemical\"},\"image\":{\"@id\":\"https:\/\/longchangchemical.com\/#\/schema\/logo\/image\/\"}}]}<\/script>\n<!-- \/ Yoast SEO plugin. -->","yoast_head_json":{"title":"Fabricante de carbonato de cobalto na China \uff06 513-79-1 Fornecedor - Longchang chemical Co., Ltd.","description":"A Longchang Chemical \u00e9 um dos principais fabricantes e fornecedores de carbonato de cobalto na China. Compre carbonato de cobalto na China. Podemos oferecer o melhor pre\u00e7o de carbonato de cobalto.","robots":{"index":"index","follow":"follow","max-snippet":"max-snippet:-1","max-image-preview":"max-image-preview:large","max-video-preview":"max-video-preview:-1"},"canonical":"https:\/\/longchangchemical.com\/pt\/product\/cobalt-carbonate-cas-513-79-1\/","og_locale":"pt_BR","og_type":"article","og_title":"China Cobalt carbonate Manufacturer \uff06 513-79-1 Supplier - Longchang chemical Co., Ltd.","og_description":"Longchang Chemical is a leading manufacturer and supplier of Cobalt carbonate in China. Buy Cobalt carbonate in china. We can provide the best Cobalt carbonate price.","og_url":"https:\/\/longchangchemical.com\/pt\/product\/cobalt-carbonate-cas-513-79-1\/","og_site_name":"Longchang Chemical","article_modified_time":"2025-12-23T02:32:57+00:00","og_image":[{"width":600,"height":800,"url":"https:\/\/longchangchemical.com\/wp-content\/uploads\/2021\/01\/Appearance-14.jpg","type":"image\/jpeg"}],"twitter_card":"summary_large_image","schema":{"@context":"https:\/\/schema.org","@graph":[{"@type":"WebPage","@id":"https:\/\/longchangchemical.com\/product\/cobalt-carbonate-cas-513-79-1\/","url":"https:\/\/longchangchemical.com\/product\/cobalt-carbonate-cas-513-79-1\/","name":"Fabricante de carbonato de cobalto na China \uff06 513-79-1 Fornecedor - Longchang chemical Co., Ltd.","isPartOf":{"@id":"https:\/\/longchangchemical.com\/#website"},"primaryImageOfPage":{"@id":"https:\/\/longchangchemical.com\/product\/cobalt-carbonate-cas-513-79-1\/#primaryimage"},"image":{"@id":"https:\/\/longchangchemical.com\/product\/cobalt-carbonate-cas-513-79-1\/#primaryimage"},"thumbnailUrl":"https:\/\/longchangchemical.com\/wp-content\/uploads\/2021\/01\/Appearance-14.jpg","datePublished":"2021-03-19T13:40:09+00:00","dateModified":"2025-12-23T02:32:57+00:00","description":"A Longchang Chemical \u00e9 um dos principais fabricantes e fornecedores de carbonato de cobalto na China. Compre carbonato de cobalto na China. Podemos oferecer o melhor pre\u00e7o de carbonato de cobalto.","breadcrumb":{"@id":"https:\/\/longchangchemical.com\/product\/cobalt-carbonate-cas-513-79-1\/#breadcrumb"},"inLanguage":"pt-BR","potentialAction":[{"@type":"ReadAction","target":["https:\/\/longchangchemical.com\/product\/cobalt-carbonate-cas-513-79-1\/"]}]},{"@type":"ImageObject","inLanguage":"pt-BR","@id":"https:\/\/longchangchemical.com\/product\/cobalt-carbonate-cas-513-79-1\/#primaryimage","url":"https:\/\/longchangchemical.com\/wp-content\/uploads\/2021\/01\/Appearance-14.jpg","contentUrl":"https:\/\/longchangchemical.com\/wp-content\/uploads\/2021\/01\/Appearance-14.jpg","width":600,"height":800,"caption":"Appearance"},{"@type":"BreadcrumbList","@id":"https:\/\/longchangchemical.com\/product\/cobalt-carbonate-cas-513-79-1\/#breadcrumb","itemListElement":[{"@type":"ListItem","position":1,"name":"Home","item":"https:\/\/longchangchemical.com\/"},{"@type":"ListItem","position":2,"name":"Products Longchang","item":"https:\/\/longchangchemical.com\/product\/"},{"@type":"ListItem","position":3,"name":"Cobalt carbonate CAS 513-79-1"}]},{"@type":"WebSite","@id":"https:\/\/longchangchemical.com\/#website","url":"https:\/\/longchangchemical.com\/","name":"Qu\u00edmica Longchang","description":"Fabricante de produtos qu\u00edmicos na China \uff06 fornecedor","publisher":{"@id":"https:\/\/longchangchemical.com\/#organization"},"potentialAction":[{"@type":"SearchAction","target":{"@type":"EntryPoint","urlTemplate":"https:\/\/longchangchemical.com\/?s={search_term_string}"},"query-input":{"@type":"PropertyValueSpecification","valueRequired":true,"valueName":"search_term_string"}}],"inLanguage":"pt-BR"},{"@type":"Organization","@id":"https:\/\/longchangchemical.com\/#organization","name":"Qu\u00edmica Longchang","url":"https:\/\/longchangchemical.com\/","logo":{"@type":"ImageObject","inLanguage":"pt-BR","@id":"https:\/\/longchangchemical.com\/#\/schema\/logo\/image\/","url":"https:\/\/longchangchemical.com\/wp-content\/uploads\/2020\/08\/cropped-longchang-logo.png","contentUrl":"https:\/\/longchangchemical.com\/wp-content\/uploads\/2020\/08\/cropped-longchang-logo.png","width":512,"height":512,"caption":"Longchang Chemical"},"image":{"@id":"https:\/\/longchangchemical.com\/#\/schema\/logo\/image\/"}}]}},"_links":{"self":[{"href":"https:\/\/longchangchemical.com\/pt\/wp-json\/wp\/v2\/product\/4136","targetHints":{"allow":["GET"]}}],"collection":[{"href":"https:\/\/longchangchemical.com\/pt\/wp-json\/wp\/v2\/product"}],"about":[{"href":"https:\/\/longchangchemical.com\/pt\/wp-json\/wp\/v2\/types\/product"}],"replies":[{"embeddable":true,"href":"https:\/\/longchangchemical.com\/pt\/wp-json\/wp\/v2\/comments?post=4136"}],"wp:featuredmedia":[{"embeddable":true,"href":"https:\/\/longchangchemical.com\/pt\/wp-json\/wp\/v2\/media\/4441"}],"wp:attachment":[{"href":"https:\/\/longchangchemical.com\/pt\/wp-json\/wp\/v2\/media?parent=4136"}],"wp:term":[{"taxonomy":"product_brand","embeddable":true,"href":"https:\/\/longchangchemical.com\/pt\/wp-json\/wp\/v2\/product_brand?post=4136"},{"taxonomy":"product_cat","embeddable":true,"href":"https:\/\/longchangchemical.com\/pt\/wp-json\/wp\/v2\/product_cat?post=4136"},{"taxonomy":"product_tag","embeddable":true,"href":"https:\/\/longchangchemical.com\/pt\/wp-json\/wp\/v2\/product_tag?post=4136"}],"curies":[{"name":"wp","href":"https:\/\/api.w.org\/{rel}","templated":true}]}}