{"id":4115,"date":"2021-07-27T03:18:39","date_gmt":"2021-07-27T03:18:39","guid":{"rendered":"https:\/\/longchangchemical.com\/?post_type=product&#038;p=4115"},"modified":"2025-12-22T07:59:10","modified_gmt":"2025-12-22T07:59:10","slug":"cas-149249-91-2","status":"publish","type":"product","link":"https:\/\/longchangchemical.com\/pt\/product\/cas-149249-91-2\/","title":{"rendered":"(3r,4s)-1-benzoyl-4-phenyl-3-[(triethylsilyl)oxy]-2-azetidinone CAS 149249-91-2"},"content":{"rendered":"<h1><strong>(3R,4S)-1-Benzoil-4-fenil-3-[(trietilsilil)oxi]-2-azetidinona<\/strong><\/h1>\n<table class=\"table-1\" cellspacing=\"0\">\n<tbody>\n<tr>\n<td>\n<h4>Itens<\/h4>\n<\/td>\n<td>\n<h4>Resultado<\/h4>\n<\/td>\n<\/tr>\n<tr>\n<td>\n<h4>Apar\u00eancia<\/h4>\n<\/td>\n<td>\n<h4>\u00d3leo incolor ou amarelo-claro; p\u00f3 branco<\/h4>\n<\/td>\n<\/tr>\n<tr>\n<td>\n<h4>Identifica\u00e7\u00e3o (HPLC)<\/h4>\n<\/td>\n<td>\n<h4>O tempo de reten\u00e7\u00e3o do majoy<\/h4>\n<\/td>\n<\/tr>\n<tr>\n<td>\n<h4>\u00c1gua<\/h4>\n<\/td>\n<td>\n<h4>N\u00e3o mais que 1,0%<\/h4>\n<\/td>\n<\/tr>\n<tr>\n<td>\n<h4>Pureza<\/h4>\n<\/td>\n<td>\n<h4>N\u00e3o inferior a 95,0%<\/h4>\n<\/td>\n<\/tr>\n<\/tbody>\n<\/table>\n<p>&nbsp;<\/p>\n<h2><strong>(3R,4S)-1-Benzoil-4-fenil-3-[(trietilsilil)oxi]-2-azetidinona Utiliza\u00e7\u00e3o<\/strong><\/h2>\n<h4>\u00c9 o melhor medicamento antic\u00e2ncer natural que foi descoberto e tem sido amplamente utilizado no tratamento de c\u00e2ncer de mama, c\u00e2ncer de ov\u00e1rio e alguns c\u00e2nceres de cabe\u00e7a e pesco\u00e7o e c\u00e2ncer de pulm\u00e3o.<\/h4>\n<p>&nbsp;<\/p>\n<h2><strong>(3R,4S)-1-Benzoil-4-fenil-3-[(trietilsilil)oxi]-2-azetidinona Embalagem e remessa<\/strong><\/h2>\n<h4>Embalagem (\u00f3leo): 10g\/garrafa 100g\/garrafa 500g\/garrafa 1kg\/garrafa<\/h4>\n<h4>Embalagem (p\u00f3): 500g\/saco 100g\/saco 50g\/saco<\/h4>\n<p>&nbsp;<\/p>\n<p><strong>(3R,4S)-1-Benzoil-4-fenil-3-[(trietilsilil)oxi]-2-azetidinonaArmazenamento<\/strong><\/p>\n<h4>\u00d3leo: Armazenado em um local fresco, seco e ventilado, longe da luz solar e do calor<\/h4>\n<h4>P\u00f3: manter em 15\u2103.<\/h4>\n<p>&nbsp;<\/p>\n<h2><strong><b>Entre em contato conosco agora!<\/b><\/strong><\/h2>\n<h4><strong><b>Se precisar de COA, MSDS ou TDS, preencha suas informa\u00e7\u00f5es de contato no formul\u00e1rio abaixo. Normalmente, entraremos em contato em 24 horas. Voc\u00ea tamb\u00e9m pode me enviar um e-mail <span style=\"color: #0000ff;\"><a style=\"color: #0000ff;\" href=\"mailto:info@longchangchemical.com\">info@longchangchemical.com<\/a><\/span> durante o hor\u00e1rio comercial (das 8h30 \u00e0s 18h UTC+8 de segunda a s\u00e1bado) ou use o bate-papo ao vivo do site para obter uma resposta imediata.<\/b><\/strong><\/h4>","protected":false},"excerpt":{"rendered":"<h4>Nome qu\u00edmico: (3R,4S)-1-Benzoil-4-fenil-3-[(trietilsilil)oxi]-2-azetidinona<\/h4>\n<h4>N\u00famero CAS: 149249-91-2<\/h4>\n<h4>F\u00f3rmula molecular: C22H27NO3Si<\/h4>\n<h4>Peso molecular: 381,54<\/h4>\n<h4>Estrutura molecular:<img decoding=\"async\" title=\"Estrutura do PACLITAXEL SIDE CHAIN NO 2\" src=\"https:\/\/www.longchangchemical.com\/wp-content\/uploads\/product-details\/20200610249098.png\" alt=\"Estrutura do PACLITAXEL SIDE CHAIN NO 2\" width=\"117\" height=\"143\" border=\"0\" vspace=\"0\" \/><\/h4>\n<h4>Apar\u00eancia: \u00d3leo incolor ou amarelo p\u00e1lido; p\u00f3 branco<\/h4>","protected":false},"featured_media":4739,"comment_status":"open","ping_status":"closed","template":"","meta":[],"product_brand":[],"product_cat":[113],"product_tag":[],"class_list":{"0":"post-4115","1":"product","2":"type-product","3":"status-publish","4":"has-post-thumbnail","6":"product_cat-organic-intermediate","8":"first","9":"instock","10":"shipping-taxable","11":"product-type-simple"},"yoast_head":"<!-- This site is optimized with the Yoast SEO plugin v25.3.1 - https:\/\/yoast.com\/wordpress\/plugins\/seo\/ -->\n<title>China (3r,4s)-1-benzoyl-4-phenyl-3-[(triethylsilyl)oxy]-2-azetidinone manufacturer - Longchang Chemical<\/title>\n<meta name=\"description\" content=\"Longchang Chemical is a china Leading (3r,4s)-1-benzoyl-4-phenyl-3-[(triethylsilyl)oxy]-2-azetidinone manufacturer and supplier.\" \/>\n<meta name=\"robots\" content=\"index, follow, max-snippet:-1, max-image-preview:large, max-video-preview:-1\" \/>\n<link rel=\"canonical\" href=\"https:\/\/longchangchemical.com\/pt\/product\/cas-149249-91-2\/\" \/>\n<meta property=\"og:locale\" content=\"pt_BR\" \/>\n<meta property=\"og:type\" content=\"article\" \/>\n<meta property=\"og:title\" content=\"China (3r,4s)-1-benzoyl-4-phenyl-3-[(triethylsilyl)oxy]-2-azetidinone manufacturer - Longchang Chemical\" \/>\n<meta property=\"og:description\" content=\"Longchang Chemical is a china Leading (3r,4s)-1-benzoyl-4-phenyl-3-[(triethylsilyl)oxy]-2-azetidinone manufacturer and supplier.\" \/>\n<meta property=\"og:url\" content=\"https:\/\/longchangchemical.com\/pt\/product\/cas-149249-91-2\/\" \/>\n<meta property=\"og:site_name\" content=\"Longchang Chemical\" \/>\n<meta property=\"article:modified_time\" content=\"2025-12-22T07:59:10+00:00\" \/>\n<meta property=\"og:image\" content=\"https:\/\/longchangchemical.com\/wp-content\/uploads\/2021\/01\/149249-91-2-appearance.jpg\" \/>\n\t<meta property=\"og:image:width\" content=\"600\" \/>\n\t<meta property=\"og:image:height\" content=\"800\" \/>\n\t<meta property=\"og:image:type\" content=\"image\/jpeg\" \/>\n<meta name=\"twitter:card\" content=\"summary_large_image\" \/>\n<script type=\"application\/ld+json\" class=\"yoast-schema-graph\">{\"@context\":\"https:\/\/schema.org\",\"@graph\":[{\"@type\":\"WebPage\",\"@id\":\"https:\/\/longchangchemical.com\/product\/cas-149249-91-2\/\",\"url\":\"https:\/\/longchangchemical.com\/product\/cas-149249-91-2\/\",\"name\":\"China (3r,4s)-1-benzoyl-4-phenyl-3-[(triethylsilyl)oxy]-2-azetidinone manufacturer - Longchang Chemical\",\"isPartOf\":{\"@id\":\"https:\/\/longchangchemical.com\/#website\"},\"primaryImageOfPage\":{\"@id\":\"https:\/\/longchangchemical.com\/product\/cas-149249-91-2\/#primaryimage\"},\"image\":{\"@id\":\"https:\/\/longchangchemical.com\/product\/cas-149249-91-2\/#primaryimage\"},\"thumbnailUrl\":\"https:\/\/longchangchemical.com\/wp-content\/uploads\/2021\/01\/149249-91-2-appearance.jpg\",\"datePublished\":\"2021-07-27T03:18:39+00:00\",\"dateModified\":\"2025-12-22T07:59:10+00:00\",\"description\":\"Longchang Chemical is a china Leading (3r,4s)-1-benzoyl-4-phenyl-3-[(triethylsilyl)oxy]-2-azetidinone manufacturer and supplier.\",\"breadcrumb\":{\"@id\":\"https:\/\/longchangchemical.com\/product\/cas-149249-91-2\/#breadcrumb\"},\"inLanguage\":\"pt-BR\",\"potentialAction\":[{\"@type\":\"ReadAction\",\"target\":[\"https:\/\/longchangchemical.com\/product\/cas-149249-91-2\/\"]}]},{\"@type\":\"ImageObject\",\"inLanguage\":\"pt-BR\",\"@id\":\"https:\/\/longchangchemical.com\/product\/cas-149249-91-2\/#primaryimage\",\"url\":\"https:\/\/longchangchemical.com\/wp-content\/uploads\/2021\/01\/149249-91-2-appearance.jpg\",\"contentUrl\":\"https:\/\/longchangchemical.com\/wp-content\/uploads\/2021\/01\/149249-91-2-appearance.jpg\",\"width\":600,\"height\":800},{\"@type\":\"BreadcrumbList\",\"@id\":\"https:\/\/longchangchemical.com\/product\/cas-149249-91-2\/#breadcrumb\",\"itemListElement\":[{\"@type\":\"ListItem\",\"position\":1,\"name\":\"Home\",\"item\":\"https:\/\/longchangchemical.com\/\"},{\"@type\":\"ListItem\",\"position\":2,\"name\":\"Products Longchang\",\"item\":\"https:\/\/longchangchemical.com\/product\/\"},{\"@type\":\"ListItem\",\"position\":3,\"name\":\"(3r,4s)-1-benzoyl-4-phenyl-3-[(triethylsilyl)oxy]-2-azetidinone CAS 149249-91-2\"}]},{\"@type\":\"WebSite\",\"@id\":\"https:\/\/longchangchemical.com\/#website\",\"url\":\"https:\/\/longchangchemical.com\/\",\"name\":\"Longchang Chemical\",\"description\":\"China chemical manufacturer \uff06 supplier\",\"publisher\":{\"@id\":\"https:\/\/longchangchemical.com\/#organization\"},\"potentialAction\":[{\"@type\":\"SearchAction\",\"target\":{\"@type\":\"EntryPoint\",\"urlTemplate\":\"https:\/\/longchangchemical.com\/?s={search_term_string}\"},\"query-input\":{\"@type\":\"PropertyValueSpecification\",\"valueRequired\":true,\"valueName\":\"search_term_string\"}}],\"inLanguage\":\"pt-BR\"},{\"@type\":\"Organization\",\"@id\":\"https:\/\/longchangchemical.com\/#organization\",\"name\":\"Longchang Chemical\",\"url\":\"https:\/\/longchangchemical.com\/\",\"logo\":{\"@type\":\"ImageObject\",\"inLanguage\":\"pt-BR\",\"@id\":\"https:\/\/longchangchemical.com\/#\/schema\/logo\/image\/\",\"url\":\"https:\/\/longchangchemical.com\/wp-content\/uploads\/2020\/08\/cropped-longchang-logo.png\",\"contentUrl\":\"https:\/\/longchangchemical.com\/wp-content\/uploads\/2020\/08\/cropped-longchang-logo.png\",\"width\":512,\"height\":512,\"caption\":\"Longchang Chemical\"},\"image\":{\"@id\":\"https:\/\/longchangchemical.com\/#\/schema\/logo\/image\/\"}}]}<\/script>\n<!-- \/ Yoast SEO plugin. -->","yoast_head_json":{"title":"Fabricante de (3r,4s)-1-benzoil-4-fenil-3-[(trietilsilil)oxi]-2-azetidinona na China - Longchang Chemical","description":"A Longchang Chemical \u00e9 um fabricante e fornecedor l\u00edder na China de (3r,4s)-1-benzoil-4-fenil-3-[(trietilsilil)oxi]-2-azetidinona.","robots":{"index":"index","follow":"follow","max-snippet":"max-snippet:-1","max-image-preview":"max-image-preview:large","max-video-preview":"max-video-preview:-1"},"canonical":"https:\/\/longchangchemical.com\/pt\/product\/cas-149249-91-2\/","og_locale":"pt_BR","og_type":"article","og_title":"China (3r,4s)-1-benzoyl-4-phenyl-3-[(triethylsilyl)oxy]-2-azetidinone manufacturer - Longchang Chemical","og_description":"Longchang Chemical is a china Leading (3r,4s)-1-benzoyl-4-phenyl-3-[(triethylsilyl)oxy]-2-azetidinone manufacturer and supplier.","og_url":"https:\/\/longchangchemical.com\/pt\/product\/cas-149249-91-2\/","og_site_name":"Longchang Chemical","article_modified_time":"2025-12-22T07:59:10+00:00","og_image":[{"width":600,"height":800,"url":"https:\/\/longchangchemical.com\/wp-content\/uploads\/2021\/01\/149249-91-2-appearance.jpg","type":"image\/jpeg"}],"twitter_card":"summary_large_image","schema":{"@context":"https:\/\/schema.org","@graph":[{"@type":"WebPage","@id":"https:\/\/longchangchemical.com\/product\/cas-149249-91-2\/","url":"https:\/\/longchangchemical.com\/product\/cas-149249-91-2\/","name":"Fabricante de (3r,4s)-1-benzoil-4-fenil-3-[(trietilsilil)oxi]-2-azetidinona na China - Longchang Chemical","isPartOf":{"@id":"https:\/\/longchangchemical.com\/#website"},"primaryImageOfPage":{"@id":"https:\/\/longchangchemical.com\/product\/cas-149249-91-2\/#primaryimage"},"image":{"@id":"https:\/\/longchangchemical.com\/product\/cas-149249-91-2\/#primaryimage"},"thumbnailUrl":"https:\/\/longchangchemical.com\/wp-content\/uploads\/2021\/01\/149249-91-2-appearance.jpg","datePublished":"2021-07-27T03:18:39+00:00","dateModified":"2025-12-22T07:59:10+00:00","description":"A Longchang Chemical \u00e9 um fabricante e fornecedor l\u00edder na China de (3r,4s)-1-benzoil-4-fenil-3-[(trietilsilil)oxi]-2-azetidinona.","breadcrumb":{"@id":"https:\/\/longchangchemical.com\/product\/cas-149249-91-2\/#breadcrumb"},"inLanguage":"pt-BR","potentialAction":[{"@type":"ReadAction","target":["https:\/\/longchangchemical.com\/product\/cas-149249-91-2\/"]}]},{"@type":"ImageObject","inLanguage":"pt-BR","@id":"https:\/\/longchangchemical.com\/product\/cas-149249-91-2\/#primaryimage","url":"https:\/\/longchangchemical.com\/wp-content\/uploads\/2021\/01\/149249-91-2-appearance.jpg","contentUrl":"https:\/\/longchangchemical.com\/wp-content\/uploads\/2021\/01\/149249-91-2-appearance.jpg","width":600,"height":800},{"@type":"BreadcrumbList","@id":"https:\/\/longchangchemical.com\/product\/cas-149249-91-2\/#breadcrumb","itemListElement":[{"@type":"ListItem","position":1,"name":"Home","item":"https:\/\/longchangchemical.com\/"},{"@type":"ListItem","position":2,"name":"Products Longchang","item":"https:\/\/longchangchemical.com\/product\/"},{"@type":"ListItem","position":3,"name":"(3r,4s)-1-benzoyl-4-phenyl-3-[(triethylsilyl)oxy]-2-azetidinone CAS 149249-91-2"}]},{"@type":"WebSite","@id":"https:\/\/longchangchemical.com\/#website","url":"https:\/\/longchangchemical.com\/","name":"Qu\u00edmica Longchang","description":"Fabricante de produtos qu\u00edmicos na China \uff06 fornecedor","publisher":{"@id":"https:\/\/longchangchemical.com\/#organization"},"potentialAction":[{"@type":"SearchAction","target":{"@type":"EntryPoint","urlTemplate":"https:\/\/longchangchemical.com\/?s={search_term_string}"},"query-input":{"@type":"PropertyValueSpecification","valueRequired":true,"valueName":"search_term_string"}}],"inLanguage":"pt-BR"},{"@type":"Organization","@id":"https:\/\/longchangchemical.com\/#organization","name":"Qu\u00edmica Longchang","url":"https:\/\/longchangchemical.com\/","logo":{"@type":"ImageObject","inLanguage":"pt-BR","@id":"https:\/\/longchangchemical.com\/#\/schema\/logo\/image\/","url":"https:\/\/longchangchemical.com\/wp-content\/uploads\/2020\/08\/cropped-longchang-logo.png","contentUrl":"https:\/\/longchangchemical.com\/wp-content\/uploads\/2020\/08\/cropped-longchang-logo.png","width":512,"height":512,"caption":"Longchang Chemical"},"image":{"@id":"https:\/\/longchangchemical.com\/#\/schema\/logo\/image\/"}}]}},"_links":{"self":[{"href":"https:\/\/longchangchemical.com\/pt\/wp-json\/wp\/v2\/product\/4115","targetHints":{"allow":["GET"]}}],"collection":[{"href":"https:\/\/longchangchemical.com\/pt\/wp-json\/wp\/v2\/product"}],"about":[{"href":"https:\/\/longchangchemical.com\/pt\/wp-json\/wp\/v2\/types\/product"}],"replies":[{"embeddable":true,"href":"https:\/\/longchangchemical.com\/pt\/wp-json\/wp\/v2\/comments?post=4115"}],"wp:featuredmedia":[{"embeddable":true,"href":"https:\/\/longchangchemical.com\/pt\/wp-json\/wp\/v2\/media\/4739"}],"wp:attachment":[{"href":"https:\/\/longchangchemical.com\/pt\/wp-json\/wp\/v2\/media?parent=4115"}],"wp:term":[{"taxonomy":"product_brand","embeddable":true,"href":"https:\/\/longchangchemical.com\/pt\/wp-json\/wp\/v2\/product_brand?post=4115"},{"taxonomy":"product_cat","embeddable":true,"href":"https:\/\/longchangchemical.com\/pt\/wp-json\/wp\/v2\/product_cat?post=4115"},{"taxonomy":"product_tag","embeddable":true,"href":"https:\/\/longchangchemical.com\/pt\/wp-json\/wp\/v2\/product_tag?post=4115"}],"curies":[{"name":"wp","href":"https:\/\/api.w.org\/{rel}","templated":true}]}}