{"id":4096,"date":"2021-04-16T01:09:16","date_gmt":"2021-04-16T01:09:16","guid":{"rendered":"https:\/\/longchangchemical.com\/?post_type=product&#038;p=4096"},"modified":"2025-12-22T09:34:27","modified_gmt":"2025-12-22T09:34:27","slug":"bromocresol-purple-cas-115-40-2","status":"publish","type":"product","link":"https:\/\/longchangchemical.com\/pt\/product\/bromocresol-purple-cas-115-40-2\/","title":{"rendered":"Bromocresol p\u00farpura CAS 115-40-2"},"content":{"rendered":"<h1><strong>Bromocresol p\u00farpura CAS 115-40-2<\/strong><\/h1>\n<table class=\"table-1\" cellspacing=\"0\">\n<tbody>\n<tr>\n<td>\n<h4>Item<\/h4>\n<\/td>\n<td>\n<h4>Padr\u00e3o<\/h4>\n<\/td>\n<\/tr>\n<tr>\n<td>\n<h4>O comprimento de onda de absor\u00e7\u00e3o m\u00e1xima: \u03bb<sub>1<\/sub>\uff08PH 35,2\uff09nm<\/h4>\n<\/td>\n<td>\n<h4>427~431<\/h4>\n<\/td>\n<\/tr>\n<tr>\n<td>\n<h4>O comprimento de onda de absor\u00e7\u00e3o m\u00e1xima: \u03bb<sub>2<\/sub>(PH 56,8) nm<\/h4>\n<\/td>\n<td>\n<h4>588~590<\/h4>\n<\/td>\n<\/tr>\n<tr>\n<td>\n<h4>Coeficiente de absor\u00e7\u00e3o de massa\uff08L\/cm\u3002g\uff09\u03b1<sub>1<\/sub>(\u03bb<sub>1<\/sub>PH 5.2, amostra seca)<\/h4>\n<\/td>\n<td>\n<h4>40.5~45.0<\/h4>\n<\/td>\n<\/tr>\n<tr>\n<td>\n<h4>Coeficiente de absor\u00e7\u00e3o de massa\uff08L\/cm\u3002g\uff09\u03b1<sub>2<\/sub>\uff08\u03bb<sub>2<\/sub>PH 56,8,Amostra seca\uff09<\/h4>\n<\/td>\n<td>\n<h4>100.0~110.0<\/h4>\n<\/td>\n<\/tr>\n<tr>\n<td>\n<h4>Dom\u00ednio da descolora\u00e7\u00e3o do PH<\/h4>\n<\/td>\n<td>\n<h4>5.2\uff08amarelo\uff09~6.8\uff08roxo\uff09<\/h4>\n<\/td>\n<\/tr>\n<tr>\n<td>\n<h4>Teste de dissolu\u00e7\u00e3o de \u00e1lcali dilu\u00eddo<\/h4>\n<\/td>\n<td>\n<h4>Em conformidade<\/h4>\n<\/td>\n<\/tr>\n<tr>\n<td>\n<h4>Res\u00edduo na igni\u00e7\u00e3o (sulfato)<\/h4>\n<\/td>\n<td>\n<h4>0.1<\/h4>\n<\/td>\n<\/tr>\n<tr>\n<td>\n<h4>Perda na secagem<\/h4>\n<\/td>\n<td>\n<h4>0.5<\/h4>\n<\/td>\n<\/tr>\n<tr>\n<td>\n<h4>Apar\u00eancia<\/h4>\n<\/td>\n<td>\n<h4>Em conformidade<\/h4>\n<\/td>\n<\/tr>\n<\/tbody>\n<\/table>\n<p>&nbsp;<\/p>\n<h2><strong>Uso do Bromocresol Purple<\/strong><\/h2>\n<h4>1. O Bromocresol Purple pode ser usado como indicador para an\u00e1lises \u00e1cido-base, cromatogr\u00e1ficas e de titula\u00e7\u00e3o n\u00e3o aquosa.<\/h4>\n<h4>2. A faixa de pH do Bromocresol Purple: 5,2 (amarelo)-6,8 (roxo).<\/h4>\n<h4>3. O Bromocresol Purple pode ser usado como indicador de adsor\u00e7\u00e3o e padr\u00e3o interno para cromatografia de amino\u00e1cidos.<\/h4>\n<h4>4. O bromocresol purp\u00fareo pode ser usado para titula\u00e7\u00e3o de sal de prata do tiocianato e m\u00e9todo espectrofotom\u00e9trico para precipitar as prote\u00ednas do soro.<\/h4>\n<p>&nbsp;<\/p>\n<h2><strong>Embalagem e envio do Bromocresol Purple<\/strong><\/h2>\n<h4>Embalagem: 25 kg \/ tambor<\/h4>\n<h4>Entrega: por via expressa, mar\u00edtima ou a\u00e9rea<\/h4>\n<p>&nbsp;<\/p>\n<h2><strong>Armazenamento de Bromocresol Purple<\/strong><\/h2>\n<h4>Armazenado em um dep\u00f3sito fresco e ventilado.<\/h4>\n<p>&nbsp;<\/p>\n<h2><strong>Produtos da mesma s\u00e9rie<\/strong><\/h2>\n<table style=\"border-collapse: collapse; width: 178.53pt;\" border=\"0\" width=\"238\" cellspacing=\"0\" cellpadding=\"0\">\n<tbody>\n<tr style=\"height: 14.25pt;\">\n<td style=\"height: 14.25pt; width: 124.50pt;\" width=\"166\" height=\"19\">\n<h4>P\u00farpura de bromocresol<\/h4>\n<\/td>\n<td style=\"width: 54.00pt;\" width=\"72\">\n<h4>115-40-2<\/h4>\n<\/td>\n<\/tr>\n<tr style=\"height: 14.25pt;\">\n<td style=\"height: 14.25pt;\" height=\"19\">\n<h4><a href=\"https:\/\/longchangchemical.com\/pt\/product\/bromocresol-green-cas-76-60-8\/\"><span style=\"color: #0000ff;\">Verde bromocresol<\/span><\/a><\/h4>\n<\/td>\n<td>\n<h4>76-60-8<\/h4>\n<\/td>\n<\/tr>\n<\/tbody>\n<\/table>\n<h2><\/h2>\n<h2><strong><b>Entre em contato conosco agora!<\/b><\/strong><\/h2>\n<h4><strong><b>Se precisar de COA, MSDS ou TDS, preencha suas informa\u00e7\u00f5es de contato no formul\u00e1rio abaixo. Normalmente, entraremos em contato em 24 horas. Voc\u00ea tamb\u00e9m pode me enviar um e-mail <span style=\"color: #0000ff;\"><a style=\"color: #0000ff;\" href=\"mailto:info@longchangchemical.com\">info@longchangchemical.com<\/a><\/span> durante o hor\u00e1rio comercial (das 8h30 \u00e0s 18h UTC+8 de segunda a s\u00e1bado) ou use o bate-papo ao vivo do site para obter uma resposta imediata.<\/b><\/strong><\/h4>\n<p>&nbsp;<\/p>","protected":false},"excerpt":{"rendered":"<h4>Nome qu\u00edmico: Bromocresol Purple<\/h4>\n<h4>N\u00famero CAS:115-40-2<\/h4>\n<h4>F\u00f3rmula molecular: C21H16Br2O5S<\/h4>\n<h4>Peso molecular: 540,22<\/h4>\n<h4>Estrutura molecular:<img decoding=\"async\" title=\"Estrutura do Bromocresol Purple\" src=\"https:\/\/www.longchangchemical.com\/wp-content\/uploads\/product-details\/20200611033181.png\" alt=\"Estrutura do Bromocresol Purple\" width=\"123\" height=\"104\" border=\"0\" vspace=\"0\" \/><\/h4>\n<h4>Apar\u00eancia: cristal fino levemente amarelo<\/h4>","protected":false},"featured_media":4500,"comment_status":"open","ping_status":"closed","template":"","meta":[],"product_brand":[],"product_cat":[69],"product_tag":[],"class_list":{"0":"post-4096","1":"product","2":"type-product","3":"status-publish","4":"has-post-thumbnail","6":"product_cat-catalysts-chemical-auxiliary-agents","8":"first","9":"instock","10":"shipping-taxable","11":"product-type-simple"},"yoast_head":"<!-- This site is optimized with the Yoast SEO plugin v25.3.1 - https:\/\/yoast.com\/wordpress\/plugins\/seo\/ -->\n<title>China top Bromocresol purple manufacturer - Longchang Chemical<\/title>\n<meta name=\"description\" content=\"Longchang Chemical is a manufacturer and supplier of Bromocresol purple CAS 115-40-2 . We can provide the best Bromocresol purple price.\" \/>\n<meta name=\"robots\" content=\"index, follow, max-snippet:-1, max-image-preview:large, max-video-preview:-1\" \/>\n<link rel=\"canonical\" href=\"https:\/\/longchangchemical.com\/pt\/product\/bromocresol-purple-cas-115-40-2\/\" \/>\n<meta property=\"og:locale\" content=\"pt_BR\" \/>\n<meta property=\"og:type\" content=\"article\" \/>\n<meta property=\"og:title\" content=\"China top Bromocresol purple manufacturer - Longchang Chemical\" \/>\n<meta property=\"og:description\" content=\"Longchang Chemical is a manufacturer and supplier of Bromocresol purple CAS 115-40-2 . We can provide the best Bromocresol purple price.\" \/>\n<meta property=\"og:url\" content=\"https:\/\/longchangchemical.com\/pt\/product\/bromocresol-purple-cas-115-40-2\/\" \/>\n<meta property=\"og:site_name\" content=\"Longchang Chemical\" \/>\n<meta property=\"article:modified_time\" content=\"2025-12-22T09:34:27+00:00\" \/>\n<meta property=\"og:image\" content=\"https:\/\/longchangchemical.com\/wp-content\/uploads\/2021\/01\/Appearance-17.jpg\" \/>\n\t<meta property=\"og:image:width\" content=\"600\" \/>\n\t<meta property=\"og:image:height\" content=\"800\" \/>\n\t<meta property=\"og:image:type\" content=\"image\/jpeg\" \/>\n<meta name=\"twitter:card\" content=\"summary_large_image\" \/>\n<script type=\"application\/ld+json\" class=\"yoast-schema-graph\">{\"@context\":\"https:\/\/schema.org\",\"@graph\":[{\"@type\":\"WebPage\",\"@id\":\"https:\/\/longchangchemical.com\/product\/bromocresol-purple-cas-115-40-2\/\",\"url\":\"https:\/\/longchangchemical.com\/product\/bromocresol-purple-cas-115-40-2\/\",\"name\":\"China top Bromocresol purple manufacturer - Longchang Chemical\",\"isPartOf\":{\"@id\":\"https:\/\/longchangchemical.com\/#website\"},\"primaryImageOfPage\":{\"@id\":\"https:\/\/longchangchemical.com\/product\/bromocresol-purple-cas-115-40-2\/#primaryimage\"},\"image\":{\"@id\":\"https:\/\/longchangchemical.com\/product\/bromocresol-purple-cas-115-40-2\/#primaryimage\"},\"thumbnailUrl\":\"https:\/\/longchangchemical.com\/wp-content\/uploads\/2021\/01\/Appearance-17.jpg\",\"datePublished\":\"2021-04-16T01:09:16+00:00\",\"dateModified\":\"2025-12-22T09:34:27+00:00\",\"description\":\"Longchang Chemical is a manufacturer and supplier of Bromocresol purple CAS 115-40-2 . We can provide the best Bromocresol purple price.\",\"breadcrumb\":{\"@id\":\"https:\/\/longchangchemical.com\/product\/bromocresol-purple-cas-115-40-2\/#breadcrumb\"},\"inLanguage\":\"pt-BR\",\"potentialAction\":[{\"@type\":\"ReadAction\",\"target\":[\"https:\/\/longchangchemical.com\/product\/bromocresol-purple-cas-115-40-2\/\"]}]},{\"@type\":\"ImageObject\",\"inLanguage\":\"pt-BR\",\"@id\":\"https:\/\/longchangchemical.com\/product\/bromocresol-purple-cas-115-40-2\/#primaryimage\",\"url\":\"https:\/\/longchangchemical.com\/wp-content\/uploads\/2021\/01\/Appearance-17.jpg\",\"contentUrl\":\"https:\/\/longchangchemical.com\/wp-content\/uploads\/2021\/01\/Appearance-17.jpg\",\"width\":600,\"height\":800},{\"@type\":\"BreadcrumbList\",\"@id\":\"https:\/\/longchangchemical.com\/product\/bromocresol-purple-cas-115-40-2\/#breadcrumb\",\"itemListElement\":[{\"@type\":\"ListItem\",\"position\":1,\"name\":\"Home\",\"item\":\"https:\/\/longchangchemical.com\/\"},{\"@type\":\"ListItem\",\"position\":2,\"name\":\"Products Longchang\",\"item\":\"https:\/\/longchangchemical.com\/product\/\"},{\"@type\":\"ListItem\",\"position\":3,\"name\":\"Bromocresol purple CAS 115-40-2\"}]},{\"@type\":\"WebSite\",\"@id\":\"https:\/\/longchangchemical.com\/#website\",\"url\":\"https:\/\/longchangchemical.com\/\",\"name\":\"Longchang Chemical\",\"description\":\"China chemical manufacturer \uff06 supplier\",\"publisher\":{\"@id\":\"https:\/\/longchangchemical.com\/#organization\"},\"potentialAction\":[{\"@type\":\"SearchAction\",\"target\":{\"@type\":\"EntryPoint\",\"urlTemplate\":\"https:\/\/longchangchemical.com\/?s={search_term_string}\"},\"query-input\":{\"@type\":\"PropertyValueSpecification\",\"valueRequired\":true,\"valueName\":\"search_term_string\"}}],\"inLanguage\":\"pt-BR\"},{\"@type\":\"Organization\",\"@id\":\"https:\/\/longchangchemical.com\/#organization\",\"name\":\"Longchang Chemical\",\"url\":\"https:\/\/longchangchemical.com\/\",\"logo\":{\"@type\":\"ImageObject\",\"inLanguage\":\"pt-BR\",\"@id\":\"https:\/\/longchangchemical.com\/#\/schema\/logo\/image\/\",\"url\":\"https:\/\/longchangchemical.com\/wp-content\/uploads\/2020\/08\/cropped-longchang-logo.png\",\"contentUrl\":\"https:\/\/longchangchemical.com\/wp-content\/uploads\/2020\/08\/cropped-longchang-logo.png\",\"width\":512,\"height\":512,\"caption\":\"Longchang Chemical\"},\"image\":{\"@id\":\"https:\/\/longchangchemical.com\/#\/schema\/logo\/image\/\"}}]}<\/script>\n<!-- \/ Yoast SEO plugin. -->","yoast_head_json":{"title":"Maior fabricante de Bromocresol roxo da China - Longchang Chemical","description":"A Longchang Chemical \u00e9 um fabricante e fornecedor de Bromocresol purple CAS 115-40-2 . N\u00f3s podemos fornecer o melhor pre\u00e7o de Bromocresol purple.","robots":{"index":"index","follow":"follow","max-snippet":"max-snippet:-1","max-image-preview":"max-image-preview:large","max-video-preview":"max-video-preview:-1"},"canonical":"https:\/\/longchangchemical.com\/pt\/product\/bromocresol-purple-cas-115-40-2\/","og_locale":"pt_BR","og_type":"article","og_title":"China top Bromocresol purple manufacturer - Longchang Chemical","og_description":"Longchang Chemical is a manufacturer and supplier of Bromocresol purple CAS 115-40-2 . We can provide the best Bromocresol purple price.","og_url":"https:\/\/longchangchemical.com\/pt\/product\/bromocresol-purple-cas-115-40-2\/","og_site_name":"Longchang Chemical","article_modified_time":"2025-12-22T09:34:27+00:00","og_image":[{"width":600,"height":800,"url":"https:\/\/longchangchemical.com\/wp-content\/uploads\/2021\/01\/Appearance-17.jpg","type":"image\/jpeg"}],"twitter_card":"summary_large_image","schema":{"@context":"https:\/\/schema.org","@graph":[{"@type":"WebPage","@id":"https:\/\/longchangchemical.com\/product\/bromocresol-purple-cas-115-40-2\/","url":"https:\/\/longchangchemical.com\/product\/bromocresol-purple-cas-115-40-2\/","name":"Maior fabricante de Bromocresol roxo da China - Longchang Chemical","isPartOf":{"@id":"https:\/\/longchangchemical.com\/#website"},"primaryImageOfPage":{"@id":"https:\/\/longchangchemical.com\/product\/bromocresol-purple-cas-115-40-2\/#primaryimage"},"image":{"@id":"https:\/\/longchangchemical.com\/product\/bromocresol-purple-cas-115-40-2\/#primaryimage"},"thumbnailUrl":"https:\/\/longchangchemical.com\/wp-content\/uploads\/2021\/01\/Appearance-17.jpg","datePublished":"2021-04-16T01:09:16+00:00","dateModified":"2025-12-22T09:34:27+00:00","description":"A Longchang Chemical \u00e9 um fabricante e fornecedor de Bromocresol purple CAS 115-40-2 . N\u00f3s podemos fornecer o melhor pre\u00e7o de Bromocresol purple.","breadcrumb":{"@id":"https:\/\/longchangchemical.com\/product\/bromocresol-purple-cas-115-40-2\/#breadcrumb"},"inLanguage":"pt-BR","potentialAction":[{"@type":"ReadAction","target":["https:\/\/longchangchemical.com\/product\/bromocresol-purple-cas-115-40-2\/"]}]},{"@type":"ImageObject","inLanguage":"pt-BR","@id":"https:\/\/longchangchemical.com\/product\/bromocresol-purple-cas-115-40-2\/#primaryimage","url":"https:\/\/longchangchemical.com\/wp-content\/uploads\/2021\/01\/Appearance-17.jpg","contentUrl":"https:\/\/longchangchemical.com\/wp-content\/uploads\/2021\/01\/Appearance-17.jpg","width":600,"height":800},{"@type":"BreadcrumbList","@id":"https:\/\/longchangchemical.com\/product\/bromocresol-purple-cas-115-40-2\/#breadcrumb","itemListElement":[{"@type":"ListItem","position":1,"name":"Home","item":"https:\/\/longchangchemical.com\/"},{"@type":"ListItem","position":2,"name":"Products Longchang","item":"https:\/\/longchangchemical.com\/product\/"},{"@type":"ListItem","position":3,"name":"Bromocresol purple CAS 115-40-2"}]},{"@type":"WebSite","@id":"https:\/\/longchangchemical.com\/#website","url":"https:\/\/longchangchemical.com\/","name":"Qu\u00edmica Longchang","description":"Fabricante de produtos qu\u00edmicos na China \uff06 fornecedor","publisher":{"@id":"https:\/\/longchangchemical.com\/#organization"},"potentialAction":[{"@type":"SearchAction","target":{"@type":"EntryPoint","urlTemplate":"https:\/\/longchangchemical.com\/?s={search_term_string}"},"query-input":{"@type":"PropertyValueSpecification","valueRequired":true,"valueName":"search_term_string"}}],"inLanguage":"pt-BR"},{"@type":"Organization","@id":"https:\/\/longchangchemical.com\/#organization","name":"Qu\u00edmica Longchang","url":"https:\/\/longchangchemical.com\/","logo":{"@type":"ImageObject","inLanguage":"pt-BR","@id":"https:\/\/longchangchemical.com\/#\/schema\/logo\/image\/","url":"https:\/\/longchangchemical.com\/wp-content\/uploads\/2020\/08\/cropped-longchang-logo.png","contentUrl":"https:\/\/longchangchemical.com\/wp-content\/uploads\/2020\/08\/cropped-longchang-logo.png","width":512,"height":512,"caption":"Longchang Chemical"},"image":{"@id":"https:\/\/longchangchemical.com\/#\/schema\/logo\/image\/"}}]}},"_links":{"self":[{"href":"https:\/\/longchangchemical.com\/pt\/wp-json\/wp\/v2\/product\/4096","targetHints":{"allow":["GET"]}}],"collection":[{"href":"https:\/\/longchangchemical.com\/pt\/wp-json\/wp\/v2\/product"}],"about":[{"href":"https:\/\/longchangchemical.com\/pt\/wp-json\/wp\/v2\/types\/product"}],"replies":[{"embeddable":true,"href":"https:\/\/longchangchemical.com\/pt\/wp-json\/wp\/v2\/comments?post=4096"}],"wp:featuredmedia":[{"embeddable":true,"href":"https:\/\/longchangchemical.com\/pt\/wp-json\/wp\/v2\/media\/4500"}],"wp:attachment":[{"href":"https:\/\/longchangchemical.com\/pt\/wp-json\/wp\/v2\/media?parent=4096"}],"wp:term":[{"taxonomy":"product_brand","embeddable":true,"href":"https:\/\/longchangchemical.com\/pt\/wp-json\/wp\/v2\/product_brand?post=4096"},{"taxonomy":"product_cat","embeddable":true,"href":"https:\/\/longchangchemical.com\/pt\/wp-json\/wp\/v2\/product_cat?post=4096"},{"taxonomy":"product_tag","embeddable":true,"href":"https:\/\/longchangchemical.com\/pt\/wp-json\/wp\/v2\/product_tag?post=4096"}],"curies":[{"name":"wp","href":"https:\/\/api.w.org\/{rel}","templated":true}]}}