{"id":4002,"date":"2021-02-07T14:11:11","date_gmt":"2021-02-07T14:11:11","guid":{"rendered":"https:\/\/longchangchemical.com\/?post_type=product&#038;p=4002"},"modified":"2021-04-19T01:08:01","modified_gmt":"2021-04-19T01:08:01","slug":"amps-cas-15214-89-8","status":"publish","type":"product","link":"https:\/\/longchangchemical.com\/pt\/product\/amps-cas-15214-89-8\/","title":{"rendered":"\u00c1cido 2-Acrilamido-2-metilpropano sulf\u00f4nico \/ AMPS CAS 15214-89-8"},"content":{"rendered":"<h1>\u00c1cido 2-Acrilamido-2-metilpropano sulf\u00f4nico \/ AMPS CAS 15214-89-8<\/h1>\n<table class=\"table-1\">\n<tbody>\n<tr>\n<td width=\"291\">\n<h4>Itens<\/h4>\n<\/td>\n<td width=\"231\">\n<h4>Especifica\u00e7\u00f5es<\/h4>\n<\/td>\n<\/tr>\n<tr>\n<td width=\"291\">\n<h4>Apar\u00eancia<\/h4>\n<\/td>\n<td width=\"231\">\n<h4>\u00a0P\u00f3 de cristal branco<\/h4>\n<\/td>\n<\/tr>\n<tr>\n<td width=\"291\">\n<h4>Pureza (%)<\/h4>\n<\/td>\n<td width=\"231\">\n<h4>\u00a0\u226598.0<\/h4>\n<\/td>\n<\/tr>\n<tr>\n<td width=\"291\">\n<h4>Mat\u00e9ria n\u00e3o vol\u00e1til (%)<\/h4>\n<\/td>\n<td width=\"231\">\n<h4>\u00a0\u226599.0<\/h4>\n<\/td>\n<\/tr>\n<tr>\n<td width=\"291\">\n<h4>Teor de ferro (%)<\/h4>\n<\/td>\n<td width=\"231\">\n<h4>\u00a0\u22640.6<\/h4>\n<\/td>\n<\/tr>\n<tr>\n<td width=\"291\">\n<h4>Acidez (mgKOH\/g)<\/h4>\n<\/td>\n<td width=\"231\">\n<h4>\u00a0272-278<\/h4>\n<\/td>\n<\/tr>\n<tr>\n<td width=\"291\">\n<h4>Croma (solu\u00e7\u00e3o aquosa 25%), Co-Pt<\/h4>\n<\/td>\n<td width=\"231\">\n<h4>\u226420<\/h4>\n<\/td>\n<\/tr>\n<tr>\n<td width=\"291\">\n<h4>\u00c1gua(%)<\/h4>\n<\/td>\n<td width=\"231\">\n<h4>\u22640.2<\/h4>\n<\/td>\n<\/tr>\n<\/tbody>\n<\/table>\n<p>&nbsp;<\/p>\n<h2><strong>Uso do \u00e1cido 2-Acrilamido-2-Metilpropano sulf\u00f4nico<\/strong><\/h2>\n<h4>1. O \u00e1cido 2-acrilamido-2-metil-1-propano sulf\u00f4nico (AMPS) tem grupos polimeriz\u00e1veis de vinil e \u00e1cido sulf\u00f4nico hidrof\u00edlico na mol\u00e9cula. Ele pode ser combinado com mon\u00f4meros sol\u00faveis em \u00e1gua, como acrilonitrila e acrilamida. O estireno, o cloreto de vinila e outros mon\u00f4meros n\u00e3o sol\u00faveis em \u00e1gua.<\/h4>\n<h4>2. Introdu\u00e7\u00e3o de grupos hidrof\u00edlicos de \u00e1cido sulf\u00f4nico no pol\u00edmero para tornar as fibras, os filmes etc. higrosc\u00f3picos, perme\u00e1veis \u00e0 \u00e1gua e condutores.<\/h4>\n<h4>3. O AMPS pode ser usado no setor de papel e no tratamento de \u00e1guas residuais. Usado como modificador de revestimento, modificador de fibra e pol\u00edmero m\u00e9dico.<\/h4>\n<h4>4. O \u00e1cido 2-acrilamido-2-metilpropanossulf\u00f4nico pode ser homopolimerizado ou copolimerizado.<\/h4>\n<h4>5. O calor m\u00e9dio de polimeriza\u00e7\u00e3o do \u00e1cido 2-acrilamido-2-metilpropanossulf\u00f4nico em \u00e1gua \u00e9 de 22 kcal\/coolamida pode ser usado como meio de polimeriza\u00e7\u00e3o. Em geral, o persulfato de am\u00f4nio sol\u00favel em \u00e1gua, o per\u00f3xido de hidrog\u00eanio etc. s\u00e3o usados como iniciadores. O mon\u00f4mero comumente usado com \u00e1cido 2-acrilamido-2-metilpropanossulf\u00f4nico \u00e9 a acrilonitrila.<\/h4>\n<p>&nbsp;<\/p>\n<h2><strong>Pacote de \u00e1cido 2-Acrilamido-2-Metilpropano Sulf\u00f4nico<\/strong><\/h2>\n<h4>25 kg\/saco<\/h4>\n<p>&nbsp;<\/p>\n<h2><strong>Armazenamento de \u00e1cido 2-Acrilamido-2-Metilpropano sulf\u00f4nico<\/strong><\/h2>\n<h4>Local fresco, seco e ventilado.<\/h4>\n<p>&nbsp;<\/p>\n<h2><strong><b>Entre em contato conosco agora!<\/b><\/strong><\/h2>\n<h4><strong><b>Oferecemos servi\u00e7os personalizados e, normalmente, entraremos em contato com voc\u00ea dentro de 24 horas. Voc\u00ea tamb\u00e9m pode me enviar um e-mail para info@longchangchemical.com durante o hor\u00e1rio comercial (das 8h30 \u00e0s 18h UTC+8 de segunda a s\u00e1bado) ou usar o bate-papo ao vivo do site para obter uma resposta r\u00e1pida.<\/b><\/strong><\/h4>","protected":false},"excerpt":{"rendered":"<h4>Nome do produto: \u00c1cido 2-Acrilamido-2-Metilpropano Sulf\u00f4nico<\/h4>\n<h4>Outro nome: AMPS<\/h4>\n<h4>N\u00daMERO CAS: 15214-89-8<\/h4>\n<h4>F\u00f3rmula: C7H13N04S<\/h4>\n<h4>Estrutura qu\u00edmica:<img decoding=\"async\" title=\"Estrutura do \u00e1cido sulf\u00f4nico 2-Acrilamido-2-Metilpropano\" src=\"https:\/\/www.longchangchemical.com\/wp-content\/uploads\/product-details\/20200616331729.png\" alt=\"Estrutura do \u00e1cido sulf\u00f4nico 2-Acrilamido-2-Metilpropano\" width=\"127\" height=\"54\" border=\"0\" vspace=\"0\" \/><\/h4>\n<h4>Peso molecular: 183<\/h4>\n<h4>Ensaio: 98%<\/h4>","protected":false},"featured_media":4352,"comment_status":"open","ping_status":"closed","template":"","meta":[],"product_brand":[],"product_cat":[69],"product_tag":[],"class_list":{"0":"post-4002","1":"product","2":"type-product","3":"status-publish","4":"has-post-thumbnail","6":"product_cat-catalysts-chemical-auxiliary-agents","8":"first","9":"instock","10":"shipping-taxable","11":"product-type-simple"},"yoast_head":"<!-- This site is optimized with the Yoast SEO plugin v25.3.1 - https:\/\/yoast.com\/wordpress\/plugins\/seo\/ -->\n<title>China AMPS Manufacturer \uff06 15214-89-8 Supplier - Longchang chemical Co., Ltd.<\/title>\n<meta name=\"description\" content=\"Longchang Chemical is a leading manufacturer and supplier of 2-Acrylamido-2-Methylpropane Sulfonic Acid in China. Buy AMPS in china. We can provide the best AMPS price.\" \/>\n<meta name=\"robots\" content=\"index, follow, max-snippet:-1, max-image-preview:large, max-video-preview:-1\" \/>\n<link rel=\"canonical\" href=\"https:\/\/longchangchemical.com\/pt\/product\/amps-cas-15214-89-8\/\" \/>\n<meta property=\"og:locale\" content=\"pt_BR\" \/>\n<meta property=\"og:type\" content=\"article\" \/>\n<meta property=\"og:title\" content=\"China AMPS Manufacturer \uff06 15214-89-8 Supplier - Longchang chemical Co., Ltd.\" \/>\n<meta property=\"og:description\" content=\"Longchang Chemical is a leading manufacturer and supplier of 2-Acrylamido-2-Methylpropane Sulfonic Acid in China. Buy AMPS in china. We can provide the best AMPS price.\" \/>\n<meta property=\"og:url\" content=\"https:\/\/longchangchemical.com\/pt\/product\/amps-cas-15214-89-8\/\" \/>\n<meta property=\"og:site_name\" content=\"Longchang Chemical\" \/>\n<meta property=\"article:modified_time\" content=\"2021-04-19T01:08:01+00:00\" \/>\n<meta property=\"og:image\" content=\"https:\/\/longchangchemical.com\/wp-content\/uploads\/2021\/02\/AMPS-Appearance.jpg\" \/>\n\t<meta property=\"og:image:width\" content=\"600\" \/>\n\t<meta property=\"og:image:height\" content=\"800\" \/>\n\t<meta property=\"og:image:type\" content=\"image\/jpeg\" \/>\n<meta name=\"twitter:card\" content=\"summary_large_image\" \/>\n<script type=\"application\/ld+json\" class=\"yoast-schema-graph\">{\"@context\":\"https:\/\/schema.org\",\"@graph\":[{\"@type\":\"WebPage\",\"@id\":\"https:\/\/longchangchemical.com\/product\/amps-cas-15214-89-8\/\",\"url\":\"https:\/\/longchangchemical.com\/product\/amps-cas-15214-89-8\/\",\"name\":\"China AMPS Manufacturer \uff06 15214-89-8 Supplier - Longchang chemical Co., Ltd.\",\"isPartOf\":{\"@id\":\"https:\/\/longchangchemical.com\/#website\"},\"primaryImageOfPage\":{\"@id\":\"https:\/\/longchangchemical.com\/product\/amps-cas-15214-89-8\/#primaryimage\"},\"image\":{\"@id\":\"https:\/\/longchangchemical.com\/product\/amps-cas-15214-89-8\/#primaryimage\"},\"thumbnailUrl\":\"https:\/\/longchangchemical.com\/wp-content\/uploads\/2021\/02\/AMPS-Appearance.jpg\",\"datePublished\":\"2021-02-07T14:11:11+00:00\",\"dateModified\":\"2021-04-19T01:08:01+00:00\",\"description\":\"Longchang Chemical is a leading manufacturer and supplier of 2-Acrylamido-2-Methylpropane Sulfonic Acid in China. Buy AMPS in china. We can provide the best AMPS price.\",\"breadcrumb\":{\"@id\":\"https:\/\/longchangchemical.com\/product\/amps-cas-15214-89-8\/#breadcrumb\"},\"inLanguage\":\"pt-BR\",\"potentialAction\":[{\"@type\":\"ReadAction\",\"target\":[\"https:\/\/longchangchemical.com\/product\/amps-cas-15214-89-8\/\"]}]},{\"@type\":\"ImageObject\",\"inLanguage\":\"pt-BR\",\"@id\":\"https:\/\/longchangchemical.com\/product\/amps-cas-15214-89-8\/#primaryimage\",\"url\":\"https:\/\/longchangchemical.com\/wp-content\/uploads\/2021\/02\/AMPS-Appearance.jpg\",\"contentUrl\":\"https:\/\/longchangchemical.com\/wp-content\/uploads\/2021\/02\/AMPS-Appearance.jpg\",\"width\":600,\"height\":800,\"caption\":\"AMPS Appearance\"},{\"@type\":\"BreadcrumbList\",\"@id\":\"https:\/\/longchangchemical.com\/product\/amps-cas-15214-89-8\/#breadcrumb\",\"itemListElement\":[{\"@type\":\"ListItem\",\"position\":1,\"name\":\"Home\",\"item\":\"https:\/\/longchangchemical.com\/\"},{\"@type\":\"ListItem\",\"position\":2,\"name\":\"Products Longchang\",\"item\":\"https:\/\/longchangchemical.com\/product\/\"},{\"@type\":\"ListItem\",\"position\":3,\"name\":\"2-Acrylamido-2-methylpropane sulfonic acid \/ AMPS CAS 15214-89-8\"}]},{\"@type\":\"WebSite\",\"@id\":\"https:\/\/longchangchemical.com\/#website\",\"url\":\"https:\/\/longchangchemical.com\/\",\"name\":\"Longchang Chemical\",\"description\":\"China chemical manufacturer \uff06 supplier\",\"publisher\":{\"@id\":\"https:\/\/longchangchemical.com\/#organization\"},\"potentialAction\":[{\"@type\":\"SearchAction\",\"target\":{\"@type\":\"EntryPoint\",\"urlTemplate\":\"https:\/\/longchangchemical.com\/?s={search_term_string}\"},\"query-input\":{\"@type\":\"PropertyValueSpecification\",\"valueRequired\":true,\"valueName\":\"search_term_string\"}}],\"inLanguage\":\"pt-BR\"},{\"@type\":\"Organization\",\"@id\":\"https:\/\/longchangchemical.com\/#organization\",\"name\":\"Longchang Chemical\",\"url\":\"https:\/\/longchangchemical.com\/\",\"logo\":{\"@type\":\"ImageObject\",\"inLanguage\":\"pt-BR\",\"@id\":\"https:\/\/longchangchemical.com\/#\/schema\/logo\/image\/\",\"url\":\"https:\/\/longchangchemical.com\/wp-content\/uploads\/2020\/08\/cropped-longchang-logo.png\",\"contentUrl\":\"https:\/\/longchangchemical.com\/wp-content\/uploads\/2020\/08\/cropped-longchang-logo.png\",\"width\":512,\"height\":512,\"caption\":\"Longchang Chemical\"},\"image\":{\"@id\":\"https:\/\/longchangchemical.com\/#\/schema\/logo\/image\/\"}}]}<\/script>\n<!-- \/ Yoast SEO plugin. -->","yoast_head_json":{"title":"Fabricante de AMPS na China \uff06 15214-89-8 Fornecedor - Longchang chemical Co., Ltd.","description":"A Longchang Chemical \u00e9 l\u00edder na fabrica\u00e7\u00e3o e fornecimento de \u00c1cido 2-Acrilamido-2-Metilpropano Sulf\u00f4nico na China. Compre AMPS na China. Podemos oferecer o melhor pre\u00e7o de AMPS.","robots":{"index":"index","follow":"follow","max-snippet":"max-snippet:-1","max-image-preview":"max-image-preview:large","max-video-preview":"max-video-preview:-1"},"canonical":"https:\/\/longchangchemical.com\/pt\/product\/amps-cas-15214-89-8\/","og_locale":"pt_BR","og_type":"article","og_title":"China AMPS Manufacturer \uff06 15214-89-8 Supplier - Longchang chemical Co., Ltd.","og_description":"Longchang Chemical is a leading manufacturer and supplier of 2-Acrylamido-2-Methylpropane Sulfonic Acid in China. Buy AMPS in china. We can provide the best AMPS price.","og_url":"https:\/\/longchangchemical.com\/pt\/product\/amps-cas-15214-89-8\/","og_site_name":"Longchang Chemical","article_modified_time":"2021-04-19T01:08:01+00:00","og_image":[{"width":600,"height":800,"url":"https:\/\/longchangchemical.com\/wp-content\/uploads\/2021\/02\/AMPS-Appearance.jpg","type":"image\/jpeg"}],"twitter_card":"summary_large_image","schema":{"@context":"https:\/\/schema.org","@graph":[{"@type":"WebPage","@id":"https:\/\/longchangchemical.com\/product\/amps-cas-15214-89-8\/","url":"https:\/\/longchangchemical.com\/product\/amps-cas-15214-89-8\/","name":"Fabricante de AMPS na China \uff06 15214-89-8 Fornecedor - Longchang chemical Co., Ltd.","isPartOf":{"@id":"https:\/\/longchangchemical.com\/#website"},"primaryImageOfPage":{"@id":"https:\/\/longchangchemical.com\/product\/amps-cas-15214-89-8\/#primaryimage"},"image":{"@id":"https:\/\/longchangchemical.com\/product\/amps-cas-15214-89-8\/#primaryimage"},"thumbnailUrl":"https:\/\/longchangchemical.com\/wp-content\/uploads\/2021\/02\/AMPS-Appearance.jpg","datePublished":"2021-02-07T14:11:11+00:00","dateModified":"2021-04-19T01:08:01+00:00","description":"A Longchang Chemical \u00e9 l\u00edder na fabrica\u00e7\u00e3o e fornecimento de \u00c1cido 2-Acrilamido-2-Metilpropano Sulf\u00f4nico na China. Compre AMPS na China. Podemos oferecer o melhor pre\u00e7o de AMPS.","breadcrumb":{"@id":"https:\/\/longchangchemical.com\/product\/amps-cas-15214-89-8\/#breadcrumb"},"inLanguage":"pt-BR","potentialAction":[{"@type":"ReadAction","target":["https:\/\/longchangchemical.com\/product\/amps-cas-15214-89-8\/"]}]},{"@type":"ImageObject","inLanguage":"pt-BR","@id":"https:\/\/longchangchemical.com\/product\/amps-cas-15214-89-8\/#primaryimage","url":"https:\/\/longchangchemical.com\/wp-content\/uploads\/2021\/02\/AMPS-Appearance.jpg","contentUrl":"https:\/\/longchangchemical.com\/wp-content\/uploads\/2021\/02\/AMPS-Appearance.jpg","width":600,"height":800,"caption":"AMPS Appearance"},{"@type":"BreadcrumbList","@id":"https:\/\/longchangchemical.com\/product\/amps-cas-15214-89-8\/#breadcrumb","itemListElement":[{"@type":"ListItem","position":1,"name":"Home","item":"https:\/\/longchangchemical.com\/"},{"@type":"ListItem","position":2,"name":"Products Longchang","item":"https:\/\/longchangchemical.com\/product\/"},{"@type":"ListItem","position":3,"name":"2-Acrylamido-2-methylpropane sulfonic acid \/ AMPS CAS 15214-89-8"}]},{"@type":"WebSite","@id":"https:\/\/longchangchemical.com\/#website","url":"https:\/\/longchangchemical.com\/","name":"Qu\u00edmica Longchang","description":"Fabricante de produtos qu\u00edmicos na China \uff06 fornecedor","publisher":{"@id":"https:\/\/longchangchemical.com\/#organization"},"potentialAction":[{"@type":"SearchAction","target":{"@type":"EntryPoint","urlTemplate":"https:\/\/longchangchemical.com\/?s={search_term_string}"},"query-input":{"@type":"PropertyValueSpecification","valueRequired":true,"valueName":"search_term_string"}}],"inLanguage":"pt-BR"},{"@type":"Organization","@id":"https:\/\/longchangchemical.com\/#organization","name":"Qu\u00edmica Longchang","url":"https:\/\/longchangchemical.com\/","logo":{"@type":"ImageObject","inLanguage":"pt-BR","@id":"https:\/\/longchangchemical.com\/#\/schema\/logo\/image\/","url":"https:\/\/longchangchemical.com\/wp-content\/uploads\/2020\/08\/cropped-longchang-logo.png","contentUrl":"https:\/\/longchangchemical.com\/wp-content\/uploads\/2020\/08\/cropped-longchang-logo.png","width":512,"height":512,"caption":"Longchang Chemical"},"image":{"@id":"https:\/\/longchangchemical.com\/#\/schema\/logo\/image\/"}}]}},"_links":{"self":[{"href":"https:\/\/longchangchemical.com\/pt\/wp-json\/wp\/v2\/product\/4002","targetHints":{"allow":["GET"]}}],"collection":[{"href":"https:\/\/longchangchemical.com\/pt\/wp-json\/wp\/v2\/product"}],"about":[{"href":"https:\/\/longchangchemical.com\/pt\/wp-json\/wp\/v2\/types\/product"}],"replies":[{"embeddable":true,"href":"https:\/\/longchangchemical.com\/pt\/wp-json\/wp\/v2\/comments?post=4002"}],"wp:featuredmedia":[{"embeddable":true,"href":"https:\/\/longchangchemical.com\/pt\/wp-json\/wp\/v2\/media\/4352"}],"wp:attachment":[{"href":"https:\/\/longchangchemical.com\/pt\/wp-json\/wp\/v2\/media?parent=4002"}],"wp:term":[{"taxonomy":"product_brand","embeddable":true,"href":"https:\/\/longchangchemical.com\/pt\/wp-json\/wp\/v2\/product_brand?post=4002"},{"taxonomy":"product_cat","embeddable":true,"href":"https:\/\/longchangchemical.com\/pt\/wp-json\/wp\/v2\/product_cat?post=4002"},{"taxonomy":"product_tag","embeddable":true,"href":"https:\/\/longchangchemical.com\/pt\/wp-json\/wp\/v2\/product_tag?post=4002"}],"curies":[{"name":"wp","href":"https:\/\/api.w.org\/{rel}","templated":true}]}}