{"id":3919,"date":"2022-08-27T13:48:48","date_gmt":"2022-08-27T13:48:48","guid":{"rendered":"https:\/\/longchangchemical.com\/?post_type=product&#038;p=3919"},"modified":"2026-01-13T03:08:14","modified_gmt":"2026-01-13T03:08:14","slug":"sodium-p-styrenesulfonate-cas-2695-37-6","status":"publish","type":"product","link":"https:\/\/longchangchemical.com\/pt\/product\/sodium-p-styrenesulfonate-cas-2695-37-6\/","title":{"rendered":"p-estirenossulfonato de s\u00f3dio CAS 2695-37-6"},"content":{"rendered":"<h1><strong>p-estirenossulfonato de s\u00f3dio CAS 2695-37-6<\/strong><\/h1>\n<table class=\"table-1\" cellspacing=\"0\">\n<tbody>\n<tr>\n<td>Item<\/td>\n<td>Padr\u00e3o<\/td>\n<td>Resultados<\/td>\n<\/tr>\n<tr>\n<td>Apar\u00eancia<\/td>\n<td colspan=\"2\">Gr\u00e2nulos ou p\u00f3 de fluxo livre sem contamina\u00e7\u00e3o vis\u00edvel<\/td>\n<\/tr>\n<tr>\n<td>Atividade do vinil (como SSS) %<\/td>\n<td>89~100<\/td>\n<td>93.1<\/td>\n<\/tr>\n<tr>\n<td>\u00c1gua %<\/td>\n<td>8~12<\/td>\n<td>10.5<\/td>\n<\/tr>\n<tr>\n<td>Cor (1% APHA )(Hazen)<\/td>\n<td>\u226650<\/td>\n<td>15.0<\/td>\n<\/tr>\n<tr>\n<td>PH (solu\u00e7\u00e3o aquosa de 10%)<\/td>\n<td>7.5~11<\/td>\n<td>9.4<\/td>\n<\/tr>\n<tr>\n<td>Mat\u00e9ria filtr\u00e1vel %<\/td>\n<td>\u22660.06<\/td>\n<td>0.01<\/td>\n<\/tr>\n<tr>\n<td>Sulfato de s\u00f3dio %<\/td>\n<td>\u22660.8<\/td>\n<td>0.11<\/td>\n<\/tr>\n<tr>\n<td>Haletos %<\/td>\n<td>\u22666<\/td>\n<td>1.4<\/td>\n<\/tr>\n<tr>\n<td>Absor\u00e7\u00e3o de luz \/cm a 600 nm<\/td>\n<td>\u22660.035<\/td>\n<td>0.005<\/td>\n<\/tr>\n<tr>\n<td>Ferro ppm<\/td>\n<td>\u226615<\/td>\n<td>3<\/td>\n<\/tr>\n<\/tbody>\n<\/table>\n<p>&nbsp;<\/p>\n<h2><strong>Uso do p-estirenossulfonato de s\u00f3dio<\/strong><\/h2>\n<p>1. usado para preparar modificadores de tingimento para fibras de polipropileno e acr\u00edlicas, emulsificantes reativos, agentes preventivos carregados, como n\u00e1ilon, papel de registro, poli\u00e9ster, resina de troca de enxofre, etc.<\/p>\n<p>2. usado como o terceiro mon\u00f4mero para a produ\u00e7\u00e3o de fibra acr\u00edlica.<\/p>\n<p>3. melhoradores de tingimento (fibra de propileno, poli\u00e9ster, fibra de polipropileno, rayon), emulsificantes reativos, deslocamentos de polissulfeto (membranas de di\u00e1lise, baterias, membranas de corpos artificiais), agentes preventivos carregados (n\u00e1ilon, papel de grava\u00e7\u00e3o, poli\u00e9ster), resina de troca de enxofre (membrana), agentes de foto-realismo (microdiafragma), agente de brilho de galvaniza\u00e7\u00e3o.<\/p>\n<p>&nbsp;<\/p>\n<h2><strong>Embalagem e envio do p-estirenossulfonato de s\u00f3dio<\/strong><\/h2>\n<p>Embalagem: saco de 25 kg<\/p>\n<p>Entrega: por via a\u00e9rea, por via mar\u00edtima<\/p>\n<p>&nbsp;<\/p>\n<h2><strong>Armazenamento de p-estirenossulfonato de s\u00f3dio<\/strong><\/h2>\n<p>Armazenado em um local fresco e seco, longe da luz solar direta.<\/p>\n<h2><strong><b>Entre em contato conosco agora!<\/b><\/strong><\/h2>\n<h4><strong><b>Se precisar de COA, MSDS ou TDS, preencha suas informa\u00e7\u00f5es de contato no formul\u00e1rio abaixo. Normalmente, entraremos em contato em 24 horas. Voc\u00ea tamb\u00e9m pode me enviar um e-mail <span style=\"color: #0000ff;\"><a style=\"color: #0000ff;\" href=\"mailto:info@longchangchemical.com\">info@longchangchemical.com<\/a><\/span> durante o hor\u00e1rio comercial (das 8h30 \u00e0s 18h UTC+8 de segunda a s\u00e1bado) ou use o bate-papo ao vivo do site para obter uma resposta imediata.<\/b><\/strong><\/h4>","protected":false},"excerpt":{"rendered":"<p>Nome qu\u00edmico: P-estirenossulfonato de s\u00f3dio<br \/>\nN\u00famero CAS: 2695-37-6<br \/>\nF\u00f3rmula molecular:C8H7NaO3S<\/p>\n<p>Estrutura qu\u00edmica:<img decoding=\"async\" title=\"Estrutura do p-estirenossulfonato de s\u00f3dio\" src=\"https:\/\/www.longchangchemical.com\/wp-content\/uploads\/product-details\/20200616354375.png\" alt=\"Estrutura do p-estirenossulfonato de s\u00f3dio\" width=\"215\" height=\"144\" border=\"0\" vspace=\"0\" \/><\/p>\n<p>Peso molecular: 206,19<\/p>\n<p>Apar\u00eancia: gr\u00e2nulos ou p\u00f3 de fluxo livre sem contamina\u00e7\u00e3o vis\u00edvel<\/p>\n<p>Ensaio:90%<\/p>","protected":false},"featured_media":0,"comment_status":"open","ping_status":"closed","template":"","meta":[],"product_brand":[],"product_cat":[109],"product_tag":[],"class_list":{"0":"post-3919","1":"product","2":"type-product","3":"status-publish","5":"product_cat-water-treatment","7":"first","8":"instock","9":"shipping-taxable","10":"product-type-simple"},"yoast_head":"<!-- This site is optimized with the Yoast SEO plugin v25.3.1 - https:\/\/yoast.com\/wordpress\/plugins\/seo\/ -->\n<title>China sodium p-styrenesulfonate Manufacturer CAS 2695-37-6 supplier - Longchang Chemical<\/title>\n<meta name=\"description\" content=\"Longchang Chemical is China sodium p-styrenesulfonate Manufacturer CAS 2695-37-6 supplier.\" \/>\n<meta name=\"robots\" content=\"index, follow, max-snippet:-1, max-image-preview:large, max-video-preview:-1\" \/>\n<link rel=\"canonical\" href=\"https:\/\/longchangchemical.com\/pt\/product\/sodium-p-styrenesulfonate-cas-2695-37-6\/\" \/>\n<meta property=\"og:locale\" content=\"pt_BR\" \/>\n<meta property=\"og:type\" content=\"article\" \/>\n<meta property=\"og:title\" content=\"China sodium p-styrenesulfonate Manufacturer CAS 2695-37-6 supplier - Longchang Chemical\" \/>\n<meta property=\"og:description\" content=\"Longchang Chemical is China sodium p-styrenesulfonate Manufacturer CAS 2695-37-6 supplier.\" \/>\n<meta property=\"og:url\" content=\"https:\/\/longchangchemical.com\/pt\/product\/sodium-p-styrenesulfonate-cas-2695-37-6\/\" \/>\n<meta property=\"og:site_name\" content=\"Longchang Chemical\" \/>\n<meta property=\"article:modified_time\" content=\"2026-01-13T03:08:14+00:00\" \/>\n<meta property=\"og:image\" content=\"https:\/\/longchangchemical.com\/wp-content\/uploads\/2024\/02\/logo-jpeg.jpg\" \/>\n\t<meta property=\"og:image:width\" content=\"1000\" \/>\n\t<meta property=\"og:image:height\" content=\"1000\" \/>\n\t<meta property=\"og:image:type\" content=\"image\/jpeg\" \/>\n<meta name=\"twitter:card\" content=\"summary_large_image\" \/>\n<script type=\"application\/ld+json\" class=\"yoast-schema-graph\">{\"@context\":\"https:\/\/schema.org\",\"@graph\":[{\"@type\":\"WebPage\",\"@id\":\"https:\/\/longchangchemical.com\/product\/sodium-p-styrenesulfonate-cas-2695-37-6\/\",\"url\":\"https:\/\/longchangchemical.com\/product\/sodium-p-styrenesulfonate-cas-2695-37-6\/\",\"name\":\"China sodium p-styrenesulfonate Manufacturer CAS 2695-37-6 supplier - Longchang Chemical\",\"isPartOf\":{\"@id\":\"https:\/\/longchangchemical.com\/#website\"},\"datePublished\":\"2022-08-27T13:48:48+00:00\",\"dateModified\":\"2026-01-13T03:08:14+00:00\",\"description\":\"Longchang Chemical is China sodium p-styrenesulfonate Manufacturer CAS 2695-37-6 supplier.\",\"breadcrumb\":{\"@id\":\"https:\/\/longchangchemical.com\/product\/sodium-p-styrenesulfonate-cas-2695-37-6\/#breadcrumb\"},\"inLanguage\":\"pt-BR\",\"potentialAction\":[{\"@type\":\"ReadAction\",\"target\":[\"https:\/\/longchangchemical.com\/product\/sodium-p-styrenesulfonate-cas-2695-37-6\/\"]}]},{\"@type\":\"BreadcrumbList\",\"@id\":\"https:\/\/longchangchemical.com\/product\/sodium-p-styrenesulfonate-cas-2695-37-6\/#breadcrumb\",\"itemListElement\":[{\"@type\":\"ListItem\",\"position\":1,\"name\":\"Home\",\"item\":\"https:\/\/longchangchemical.com\/\"},{\"@type\":\"ListItem\",\"position\":2,\"name\":\"Products Longchang\",\"item\":\"https:\/\/longchangchemical.com\/product\/\"},{\"@type\":\"ListItem\",\"position\":3,\"name\":\"sodium p-styrenesulfonate CAS 2695-37-6\"}]},{\"@type\":\"WebSite\",\"@id\":\"https:\/\/longchangchemical.com\/#website\",\"url\":\"https:\/\/longchangchemical.com\/\",\"name\":\"Longchang Chemical\",\"description\":\"China chemical manufacturer \uff06 supplier\",\"publisher\":{\"@id\":\"https:\/\/longchangchemical.com\/#organization\"},\"potentialAction\":[{\"@type\":\"SearchAction\",\"target\":{\"@type\":\"EntryPoint\",\"urlTemplate\":\"https:\/\/longchangchemical.com\/?s={search_term_string}\"},\"query-input\":{\"@type\":\"PropertyValueSpecification\",\"valueRequired\":true,\"valueName\":\"search_term_string\"}}],\"inLanguage\":\"pt-BR\"},{\"@type\":\"Organization\",\"@id\":\"https:\/\/longchangchemical.com\/#organization\",\"name\":\"Longchang Chemical\",\"url\":\"https:\/\/longchangchemical.com\/\",\"logo\":{\"@type\":\"ImageObject\",\"inLanguage\":\"pt-BR\",\"@id\":\"https:\/\/longchangchemical.com\/#\/schema\/logo\/image\/\",\"url\":\"https:\/\/longchangchemical.com\/wp-content\/uploads\/2020\/08\/cropped-longchang-logo.png\",\"contentUrl\":\"https:\/\/longchangchemical.com\/wp-content\/uploads\/2020\/08\/cropped-longchang-logo.png\",\"width\":512,\"height\":512,\"caption\":\"Longchang Chemical\"},\"image\":{\"@id\":\"https:\/\/longchangchemical.com\/#\/schema\/logo\/image\/\"}}]}<\/script>\n<!-- \/ Yoast SEO plugin. -->","yoast_head_json":{"title":"Fabricante de p-estirenossulfonato de s\u00f3dio na China CAS 2695-37-6 - Longchang Chemical","description":"A Longchang Chemical \u00e9 um fornecedor chin\u00eas de p-estirenossulfonato de s\u00f3dio CAS 2695-37-6.","robots":{"index":"index","follow":"follow","max-snippet":"max-snippet:-1","max-image-preview":"max-image-preview:large","max-video-preview":"max-video-preview:-1"},"canonical":"https:\/\/longchangchemical.com\/pt\/product\/sodium-p-styrenesulfonate-cas-2695-37-6\/","og_locale":"pt_BR","og_type":"article","og_title":"China sodium p-styrenesulfonate Manufacturer CAS 2695-37-6 supplier - Longchang Chemical","og_description":"Longchang Chemical is China sodium p-styrenesulfonate Manufacturer CAS 2695-37-6 supplier.","og_url":"https:\/\/longchangchemical.com\/pt\/product\/sodium-p-styrenesulfonate-cas-2695-37-6\/","og_site_name":"Longchang Chemical","article_modified_time":"2026-01-13T03:08:14+00:00","og_image":[{"width":1000,"height":1000,"url":"https:\/\/longchangchemical.com\/wp-content\/uploads\/2024\/02\/logo-jpeg.jpg","type":"image\/jpeg"}],"twitter_card":"summary_large_image","schema":{"@context":"https:\/\/schema.org","@graph":[{"@type":"WebPage","@id":"https:\/\/longchangchemical.com\/product\/sodium-p-styrenesulfonate-cas-2695-37-6\/","url":"https:\/\/longchangchemical.com\/product\/sodium-p-styrenesulfonate-cas-2695-37-6\/","name":"Fabricante de p-estirenossulfonato de s\u00f3dio na China CAS 2695-37-6 - Longchang Chemical","isPartOf":{"@id":"https:\/\/longchangchemical.com\/#website"},"datePublished":"2022-08-27T13:48:48+00:00","dateModified":"2026-01-13T03:08:14+00:00","description":"A Longchang Chemical \u00e9 um fornecedor chin\u00eas de p-estirenossulfonato de s\u00f3dio CAS 2695-37-6.","breadcrumb":{"@id":"https:\/\/longchangchemical.com\/product\/sodium-p-styrenesulfonate-cas-2695-37-6\/#breadcrumb"},"inLanguage":"pt-BR","potentialAction":[{"@type":"ReadAction","target":["https:\/\/longchangchemical.com\/product\/sodium-p-styrenesulfonate-cas-2695-37-6\/"]}]},{"@type":"BreadcrumbList","@id":"https:\/\/longchangchemical.com\/product\/sodium-p-styrenesulfonate-cas-2695-37-6\/#breadcrumb","itemListElement":[{"@type":"ListItem","position":1,"name":"Home","item":"https:\/\/longchangchemical.com\/"},{"@type":"ListItem","position":2,"name":"Products Longchang","item":"https:\/\/longchangchemical.com\/product\/"},{"@type":"ListItem","position":3,"name":"sodium p-styrenesulfonate CAS 2695-37-6"}]},{"@type":"WebSite","@id":"https:\/\/longchangchemical.com\/#website","url":"https:\/\/longchangchemical.com\/","name":"Qu\u00edmica Longchang","description":"Fabricante de produtos qu\u00edmicos na China \uff06 fornecedor","publisher":{"@id":"https:\/\/longchangchemical.com\/#organization"},"potentialAction":[{"@type":"SearchAction","target":{"@type":"EntryPoint","urlTemplate":"https:\/\/longchangchemical.com\/?s={search_term_string}"},"query-input":{"@type":"PropertyValueSpecification","valueRequired":true,"valueName":"search_term_string"}}],"inLanguage":"pt-BR"},{"@type":"Organization","@id":"https:\/\/longchangchemical.com\/#organization","name":"Qu\u00edmica Longchang","url":"https:\/\/longchangchemical.com\/","logo":{"@type":"ImageObject","inLanguage":"pt-BR","@id":"https:\/\/longchangchemical.com\/#\/schema\/logo\/image\/","url":"https:\/\/longchangchemical.com\/wp-content\/uploads\/2020\/08\/cropped-longchang-logo.png","contentUrl":"https:\/\/longchangchemical.com\/wp-content\/uploads\/2020\/08\/cropped-longchang-logo.png","width":512,"height":512,"caption":"Longchang Chemical"},"image":{"@id":"https:\/\/longchangchemical.com\/#\/schema\/logo\/image\/"}}]}},"_links":{"self":[{"href":"https:\/\/longchangchemical.com\/pt\/wp-json\/wp\/v2\/product\/3919","targetHints":{"allow":["GET"]}}],"collection":[{"href":"https:\/\/longchangchemical.com\/pt\/wp-json\/wp\/v2\/product"}],"about":[{"href":"https:\/\/longchangchemical.com\/pt\/wp-json\/wp\/v2\/types\/product"}],"replies":[{"embeddable":true,"href":"https:\/\/longchangchemical.com\/pt\/wp-json\/wp\/v2\/comments?post=3919"}],"wp:attachment":[{"href":"https:\/\/longchangchemical.com\/pt\/wp-json\/wp\/v2\/media?parent=3919"}],"wp:term":[{"taxonomy":"product_brand","embeddable":true,"href":"https:\/\/longchangchemical.com\/pt\/wp-json\/wp\/v2\/product_brand?post=3919"},{"taxonomy":"product_cat","embeddable":true,"href":"https:\/\/longchangchemical.com\/pt\/wp-json\/wp\/v2\/product_cat?post=3919"},{"taxonomy":"product_tag","embeddable":true,"href":"https:\/\/longchangchemical.com\/pt\/wp-json\/wp\/v2\/product_tag?post=3919"}],"curies":[{"name":"wp","href":"https:\/\/api.w.org\/{rel}","templated":true}]}}