{"id":3819,"date":"2022-12-07T13:39:00","date_gmt":"2022-12-07T13:39:00","guid":{"rendered":"https:\/\/longchangchemical.com\/?post_type=product&#038;p=3819"},"modified":"2026-01-12T04:15:55","modified_gmt":"2026-01-12T04:15:55","slug":"syncat-dmcha-cas-98-94-2","status":"publish","type":"product","link":"https:\/\/longchangchemical.com\/pt\/product\/syncat-dmcha-cas-98-94-2\/","title":{"rendered":"DMCHA (PC-8) \/ n,n-dimetilciclohexilamina CAS 98-94-2"},"content":{"rendered":"<h1><strong>DMCHA (PC-8) \/ n,n-dimetilciclohexilamina CAS 98-94-2<\/strong><\/h1>\n<table class=\"table-1\" cellspacing=\"0\">\n<tbody>\n<tr>\n<td>Item<\/td>\n<td>Especifica\u00e7\u00f5es<\/td>\n<\/tr>\n<tr>\n<td>Apar\u00eancia<\/td>\n<td>L\u00edquido incolor<\/td>\n<\/tr>\n<tr>\n<td>Ensaio<\/td>\n<td>\u226599 %<\/td>\n<\/tr>\n<tr>\n<td>Umidade<\/td>\n<td>\u22640,5%<\/td>\n<\/tr>\n<tr>\n<td>Densidade<\/td>\n<td>0,85 g\/cm\u00b3<\/td>\n<\/tr>\n<tr>\n<td>Ponto de fulgor<\/td>\n<td>38,00 \u00b0C a 1.013,25 hPa<\/td>\n<\/tr>\n<tr>\n<td>Registro\/Processo<\/td>\n<td>2.01 @ 25 \u00b0C<\/td>\n<\/tr>\n<tr>\n<td>Solubilidade em \u00e1gua<\/td>\n<td>10,5 g\/L a 25 \u00b0C<\/td>\n<\/tr>\n<tr>\n<td>Press\u00e3o de vapor<\/td>\n<td>2,90 hPa a 20 \u00b0C<\/td>\n<\/tr>\n<\/tbody>\n<\/table>\n<p>&nbsp;<\/p>\n<p><strong>Descri\u00e7\u00e3o da N,N-Dimetilciclohexilamina<\/strong><\/p>\n<p>O PC-8 \u00e9 uma amina terci\u00e1ria usada principalmente para promover a rea\u00e7\u00e3o de uretano (poliol-isocianato) em uma ampla gama de aplica\u00e7\u00f5es de espuma r\u00edgida.<\/p>\n<p>Embalagem: 200L\/tambores.<\/p>\n<p>&nbsp;<\/p>\n<p><strong>N,N-Dimetilciclohexilamina Aplica\u00e7\u00e3o<\/strong><\/p>\n<p>1. O PC-8 \u00e9 recomendado para avalia\u00e7\u00e3o em uma ampla gama de espumas r\u00edgidas. Uma das principais aplica\u00e7\u00f5es s\u00e3o as espumas de isolamento, incluindo formula\u00e7\u00f5es de spray, slabstock, laminado de placa e refrigera\u00e7\u00e3o. O NT CAT PC-8 tamb\u00e9m \u00e9 usado na fabrica\u00e7\u00e3o de estruturas de m\u00f3veis de espuma r\u00edgida e pe\u00e7as decorativas. Ele pode ser misturado com o poliol ou dosado como um fluxo separado.<\/p>\n<p>2. O DMCHA pode ser usado em uma ampla variedade de espumas r\u00edgidas. Uma das principais aplica\u00e7\u00f5es \u00e9 a espuma de isolamento, incluindo formula\u00e7\u00f5es para sprays, placas, laminados e c\u00e2maras frigor\u00edficas. A N,N-Dimetilciclohexilamina tamb\u00e9m \u00e9 adequada para a fabrica\u00e7\u00e3o de espuma r\u00edgida para molduras de m\u00f3veis e pe\u00e7as decorativas. O catalisador usado em produtos de espuma r\u00edgida pode ser usado como catalisador principal sozinho, sem adi\u00e7\u00e3o de organoestanho, e tamb\u00e9m pode ser complementado por catalisadores da s\u00e9rie JD de acordo com os requisitos do processo e do produto. Esse produto tamb\u00e9m \u00e9 usado como intermedi\u00e1rio para aceleradores de borracha e fibras sint\u00e9ticas.<\/p>\n<p>&nbsp;<\/p>\n<p><strong>N,N-DimetilciclohexilaminaArmazenamento<\/strong><\/p>\n<p>Armazene em um dep\u00f3sito fresco e ventilado. Mantenha-o longe do fogo e de fontes de calor. Mantenha o cont\u00eainer fechado.<\/p>\n<p>&nbsp;<\/p>\n<h2><strong><b>Entre em contato conosco agora!<\/b><\/strong><\/h2>\n<h4><strong><b>Se precisar de COA, MSDS ou TDS, preencha suas informa\u00e7\u00f5es de contato no formul\u00e1rio abaixo. Normalmente, entraremos em contato em at\u00e9 24 horas.<\/b><\/strong> Voc\u00ea tamb\u00e9m pode me enviar um e-mail <a href=\"mailto:info@longchangchemical.com\"><span style=\"color: #0000ff;\">info@longchangchemical.com<\/span><\/a> durante o hor\u00e1rio comercial (das 8h30 \u00e0s 18h UTC+8 de segunda a s\u00e1bado) ou use o bate-papo ao vivo do site para obter uma resposta imediata.<\/h4>","protected":false},"excerpt":{"rendered":"<p>Nome do produto:N,N-Dimetilciclohexilamina<\/p>\n<p>Outros nomes:DMCHA;POLYCAT 8;Dimetilciclohexilamina;LupragenN101;TEGOAMINA DMCHA;JEFFCAT DMCHA;DABCO DMCHA;KAOLIZER 10;TOYOCAT DMCHA;NIAX C-8;KAOLIZER 10;PCCAT DMCHA;DESMORAPID 726-B;AminCat DMCHA<\/p>\n<p>N\u00famero CAS: 98-94-2<\/p>\n<p>F\u00f3rmula molecular: C8H17N<\/p>\n<p>Peso molecular: 127,23<\/p>\n<p>N,N-DimetilciclohexilaminaEstrutura:<img decoding=\"async\" title=\"Estrutura da N,N-dimetilciclohexilamina\" src=\"https:\/\/www.longchangchemical.com\/wp-content\/uploads\/product-details\/20200611108565.png\" alt=\"Estrutura da N,N-dimetilciclohexilamina\" width=\"75\" height=\"41\" border=\"0\" vspace=\"0\" \/><\/p>\n<p>Apar\u00eancia: L\u00edquido incolor<\/p>\n<p>Ensaio: \u226599 %<\/p>","protected":false},"featured_media":5918,"comment_status":"open","ping_status":"closed","template":"","meta":[],"product_brand":[],"product_cat":[119],"product_tag":[],"class_list":{"0":"post-3819","1":"product","2":"type-product","3":"status-publish","4":"has-post-thumbnail","6":"product_cat-synocat-polyurethane-catalyst","8":"first","9":"instock","10":"shipping-taxable","11":"product-type-simple"},"yoast_head":"<!-- This site is optimized with the Yoast SEO plugin v25.3.1 - https:\/\/yoast.com\/wordpress\/plugins\/seo\/ -->\n<title>PU Catalyst DMCHA \/N,N-Dimethylcyclohexylamine Manufacturer Cas 98-94-2 supplier - Longchang Chemical<\/title>\n<meta name=\"description\" content=\"DMCHA (REACH covered) can be used as PU Catalyst and is the key product of Longchang Chemical. We are the leading PU Catalyst manufacturer and supplier in China with the best quanlity and competitive price.\" \/>\n<meta name=\"robots\" content=\"index, follow, max-snippet:-1, max-image-preview:large, max-video-preview:-1\" \/>\n<link rel=\"canonical\" href=\"https:\/\/longchangchemical.com\/pt\/product\/syncat-dmcha-cas-98-94-2\/\" \/>\n<meta property=\"og:locale\" content=\"pt_BR\" \/>\n<meta property=\"og:type\" content=\"article\" \/>\n<meta property=\"og:title\" content=\"PU Catalyst DMCHA \/N,N-Dimethylcyclohexylamine Manufacturer Cas 98-94-2 supplier - Longchang Chemical\" \/>\n<meta property=\"og:description\" content=\"DMCHA (REACH covered) can be used as PU Catalyst and is the key product of Longchang Chemical. We are the leading PU Catalyst manufacturer and supplier in China with the best quanlity and competitive price.\" \/>\n<meta property=\"og:url\" content=\"https:\/\/longchangchemical.com\/pt\/product\/syncat-dmcha-cas-98-94-2\/\" \/>\n<meta property=\"og:site_name\" content=\"Longchang Chemical\" \/>\n<meta property=\"article:modified_time\" content=\"2026-01-12T04:15:55+00:00\" \/>\n<meta property=\"og:image\" content=\"https:\/\/longchangchemical.com\/wp-content\/uploads\/2022\/12\/Synocat\u00ae-DMCHA-PC-8-nn-dimethylcyclohexylamine-CAS-98-94-2.jpg\" \/>\n\t<meta property=\"og:image:width\" content=\"800\" \/>\n\t<meta property=\"og:image:height\" content=\"800\" \/>\n\t<meta property=\"og:image:type\" content=\"image\/jpeg\" \/>\n<meta name=\"twitter:card\" content=\"summary_large_image\" \/>\n<script type=\"application\/ld+json\" class=\"yoast-schema-graph\">{\"@context\":\"https:\/\/schema.org\",\"@graph\":[{\"@type\":\"WebPage\",\"@id\":\"https:\/\/longchangchemical.com\/product\/syncat-dmcha-cas-98-94-2\/\",\"url\":\"https:\/\/longchangchemical.com\/product\/syncat-dmcha-cas-98-94-2\/\",\"name\":\"PU Catalyst DMCHA \/N,N-Dimethylcyclohexylamine Manufacturer Cas 98-94-2 supplier - Longchang Chemical\",\"isPartOf\":{\"@id\":\"https:\/\/longchangchemical.com\/#website\"},\"primaryImageOfPage\":{\"@id\":\"https:\/\/longchangchemical.com\/product\/syncat-dmcha-cas-98-94-2\/#primaryimage\"},\"image\":{\"@id\":\"https:\/\/longchangchemical.com\/product\/syncat-dmcha-cas-98-94-2\/#primaryimage\"},\"thumbnailUrl\":\"https:\/\/longchangchemical.com\/wp-content\/uploads\/2022\/12\/Synocat\u00ae-DMCHA-PC-8-nn-dimethylcyclohexylamine-CAS-98-94-2.jpg\",\"datePublished\":\"2022-12-07T13:39:00+00:00\",\"dateModified\":\"2026-01-12T04:15:55+00:00\",\"description\":\"DMCHA (REACH covered) can be used as PU Catalyst and is the key product of Longchang Chemical. We are the leading PU Catalyst manufacturer and supplier in China with the best quanlity and competitive price.\",\"breadcrumb\":{\"@id\":\"https:\/\/longchangchemical.com\/product\/syncat-dmcha-cas-98-94-2\/#breadcrumb\"},\"inLanguage\":\"pt-BR\",\"potentialAction\":[{\"@type\":\"ReadAction\",\"target\":[\"https:\/\/longchangchemical.com\/product\/syncat-dmcha-cas-98-94-2\/\"]}]},{\"@type\":\"ImageObject\",\"inLanguage\":\"pt-BR\",\"@id\":\"https:\/\/longchangchemical.com\/product\/syncat-dmcha-cas-98-94-2\/#primaryimage\",\"url\":\"https:\/\/longchangchemical.com\/wp-content\/uploads\/2022\/12\/Synocat\u00ae-DMCHA-PC-8-nn-dimethylcyclohexylamine-CAS-98-94-2.jpg\",\"contentUrl\":\"https:\/\/longchangchemical.com\/wp-content\/uploads\/2022\/12\/Synocat\u00ae-DMCHA-PC-8-nn-dimethylcyclohexylamine-CAS-98-94-2.jpg\",\"width\":800,\"height\":800,\"caption\":\"DMCHA (PC-8) \/ n,n-dimethylcyclohexylamine CAS 98-94-2\"},{\"@type\":\"BreadcrumbList\",\"@id\":\"https:\/\/longchangchemical.com\/product\/syncat-dmcha-cas-98-94-2\/#breadcrumb\",\"itemListElement\":[{\"@type\":\"ListItem\",\"position\":1,\"name\":\"Home\",\"item\":\"https:\/\/longchangchemical.com\/\"},{\"@type\":\"ListItem\",\"position\":2,\"name\":\"Products Longchang\",\"item\":\"https:\/\/longchangchemical.com\/product\/\"},{\"@type\":\"ListItem\",\"position\":3,\"name\":\"DMCHA (PC-8) \/ n,n-dimethylcyclohexylamine CAS 98-94-2\"}]},{\"@type\":\"WebSite\",\"@id\":\"https:\/\/longchangchemical.com\/#website\",\"url\":\"https:\/\/longchangchemical.com\/\",\"name\":\"Longchang Chemical\",\"description\":\"China chemical manufacturer \uff06 supplier\",\"publisher\":{\"@id\":\"https:\/\/longchangchemical.com\/#organization\"},\"potentialAction\":[{\"@type\":\"SearchAction\",\"target\":{\"@type\":\"EntryPoint\",\"urlTemplate\":\"https:\/\/longchangchemical.com\/?s={search_term_string}\"},\"query-input\":{\"@type\":\"PropertyValueSpecification\",\"valueRequired\":true,\"valueName\":\"search_term_string\"}}],\"inLanguage\":\"pt-BR\"},{\"@type\":\"Organization\",\"@id\":\"https:\/\/longchangchemical.com\/#organization\",\"name\":\"Longchang Chemical\",\"url\":\"https:\/\/longchangchemical.com\/\",\"logo\":{\"@type\":\"ImageObject\",\"inLanguage\":\"pt-BR\",\"@id\":\"https:\/\/longchangchemical.com\/#\/schema\/logo\/image\/\",\"url\":\"https:\/\/longchangchemical.com\/wp-content\/uploads\/2020\/08\/cropped-longchang-logo.png\",\"contentUrl\":\"https:\/\/longchangchemical.com\/wp-content\/uploads\/2020\/08\/cropped-longchang-logo.png\",\"width\":512,\"height\":512,\"caption\":\"Longchang Chemical\"},\"image\":{\"@id\":\"https:\/\/longchangchemical.com\/#\/schema\/logo\/image\/\"}}]}<\/script>\n<!-- \/ Yoast SEO plugin. -->","yoast_head_json":{"title":"Catalisador de PU DMCHA \/N,N-Dimetilciclohexilamina Fabricante Cas 98-94-2 fornecedor - Longchang Chemical","description":"O DMCHA (coberto pelo REACH) pode ser usado como catalisador de PU e \u00e9 o principal produto da Longchang Chemical. Somos o principal fabricante e fornecedor de catalisador de PU na China, com a melhor qualidade e pre\u00e7o competitivo.","robots":{"index":"index","follow":"follow","max-snippet":"max-snippet:-1","max-image-preview":"max-image-preview:large","max-video-preview":"max-video-preview:-1"},"canonical":"https:\/\/longchangchemical.com\/pt\/product\/syncat-dmcha-cas-98-94-2\/","og_locale":"pt_BR","og_type":"article","og_title":"PU Catalyst DMCHA \/N,N-Dimethylcyclohexylamine Manufacturer Cas 98-94-2 supplier - Longchang Chemical","og_description":"DMCHA (REACH covered) can be used as PU Catalyst and is the key product of Longchang Chemical. We are the leading PU Catalyst manufacturer and supplier in China with the best quanlity and competitive price.","og_url":"https:\/\/longchangchemical.com\/pt\/product\/syncat-dmcha-cas-98-94-2\/","og_site_name":"Longchang Chemical","article_modified_time":"2026-01-12T04:15:55+00:00","og_image":[{"width":800,"height":800,"url":"https:\/\/longchangchemical.com\/wp-content\/uploads\/2022\/12\/Synocat\u00ae-DMCHA-PC-8-nn-dimethylcyclohexylamine-CAS-98-94-2.jpg","type":"image\/jpeg"}],"twitter_card":"summary_large_image","schema":{"@context":"https:\/\/schema.org","@graph":[{"@type":"WebPage","@id":"https:\/\/longchangchemical.com\/product\/syncat-dmcha-cas-98-94-2\/","url":"https:\/\/longchangchemical.com\/product\/syncat-dmcha-cas-98-94-2\/","name":"Catalisador de PU DMCHA \/N,N-Dimetilciclohexilamina Fabricante Cas 98-94-2 fornecedor - Longchang Chemical","isPartOf":{"@id":"https:\/\/longchangchemical.com\/#website"},"primaryImageOfPage":{"@id":"https:\/\/longchangchemical.com\/product\/syncat-dmcha-cas-98-94-2\/#primaryimage"},"image":{"@id":"https:\/\/longchangchemical.com\/product\/syncat-dmcha-cas-98-94-2\/#primaryimage"},"thumbnailUrl":"https:\/\/longchangchemical.com\/wp-content\/uploads\/2022\/12\/Synocat\u00ae-DMCHA-PC-8-nn-dimethylcyclohexylamine-CAS-98-94-2.jpg","datePublished":"2022-12-07T13:39:00+00:00","dateModified":"2026-01-12T04:15:55+00:00","description":"O DMCHA (coberto pelo REACH) pode ser usado como catalisador de PU e \u00e9 o principal produto da Longchang Chemical. Somos o principal fabricante e fornecedor de catalisador de PU na China, com a melhor qualidade e pre\u00e7o competitivo.","breadcrumb":{"@id":"https:\/\/longchangchemical.com\/product\/syncat-dmcha-cas-98-94-2\/#breadcrumb"},"inLanguage":"pt-BR","potentialAction":[{"@type":"ReadAction","target":["https:\/\/longchangchemical.com\/product\/syncat-dmcha-cas-98-94-2\/"]}]},{"@type":"ImageObject","inLanguage":"pt-BR","@id":"https:\/\/longchangchemical.com\/product\/syncat-dmcha-cas-98-94-2\/#primaryimage","url":"https:\/\/longchangchemical.com\/wp-content\/uploads\/2022\/12\/Synocat\u00ae-DMCHA-PC-8-nn-dimethylcyclohexylamine-CAS-98-94-2.jpg","contentUrl":"https:\/\/longchangchemical.com\/wp-content\/uploads\/2022\/12\/Synocat\u00ae-DMCHA-PC-8-nn-dimethylcyclohexylamine-CAS-98-94-2.jpg","width":800,"height":800,"caption":"DMCHA (PC-8) \/ n,n-dimethylcyclohexylamine CAS 98-94-2"},{"@type":"BreadcrumbList","@id":"https:\/\/longchangchemical.com\/product\/syncat-dmcha-cas-98-94-2\/#breadcrumb","itemListElement":[{"@type":"ListItem","position":1,"name":"Home","item":"https:\/\/longchangchemical.com\/"},{"@type":"ListItem","position":2,"name":"Products Longchang","item":"https:\/\/longchangchemical.com\/product\/"},{"@type":"ListItem","position":3,"name":"DMCHA (PC-8) \/ n,n-dimethylcyclohexylamine CAS 98-94-2"}]},{"@type":"WebSite","@id":"https:\/\/longchangchemical.com\/#website","url":"https:\/\/longchangchemical.com\/","name":"Qu\u00edmica Longchang","description":"Fabricante de produtos qu\u00edmicos na China \uff06 fornecedor","publisher":{"@id":"https:\/\/longchangchemical.com\/#organization"},"potentialAction":[{"@type":"SearchAction","target":{"@type":"EntryPoint","urlTemplate":"https:\/\/longchangchemical.com\/?s={search_term_string}"},"query-input":{"@type":"PropertyValueSpecification","valueRequired":true,"valueName":"search_term_string"}}],"inLanguage":"pt-BR"},{"@type":"Organization","@id":"https:\/\/longchangchemical.com\/#organization","name":"Qu\u00edmica Longchang","url":"https:\/\/longchangchemical.com\/","logo":{"@type":"ImageObject","inLanguage":"pt-BR","@id":"https:\/\/longchangchemical.com\/#\/schema\/logo\/image\/","url":"https:\/\/longchangchemical.com\/wp-content\/uploads\/2020\/08\/cropped-longchang-logo.png","contentUrl":"https:\/\/longchangchemical.com\/wp-content\/uploads\/2020\/08\/cropped-longchang-logo.png","width":512,"height":512,"caption":"Longchang Chemical"},"image":{"@id":"https:\/\/longchangchemical.com\/#\/schema\/logo\/image\/"}}]}},"_links":{"self":[{"href":"https:\/\/longchangchemical.com\/pt\/wp-json\/wp\/v2\/product\/3819","targetHints":{"allow":["GET"]}}],"collection":[{"href":"https:\/\/longchangchemical.com\/pt\/wp-json\/wp\/v2\/product"}],"about":[{"href":"https:\/\/longchangchemical.com\/pt\/wp-json\/wp\/v2\/types\/product"}],"replies":[{"embeddable":true,"href":"https:\/\/longchangchemical.com\/pt\/wp-json\/wp\/v2\/comments?post=3819"}],"wp:featuredmedia":[{"embeddable":true,"href":"https:\/\/longchangchemical.com\/pt\/wp-json\/wp\/v2\/media\/5918"}],"wp:attachment":[{"href":"https:\/\/longchangchemical.com\/pt\/wp-json\/wp\/v2\/media?parent=3819"}],"wp:term":[{"taxonomy":"product_brand","embeddable":true,"href":"https:\/\/longchangchemical.com\/pt\/wp-json\/wp\/v2\/product_brand?post=3819"},{"taxonomy":"product_cat","embeddable":true,"href":"https:\/\/longchangchemical.com\/pt\/wp-json\/wp\/v2\/product_cat?post=3819"},{"taxonomy":"product_tag","embeddable":true,"href":"https:\/\/longchangchemical.com\/pt\/wp-json\/wp\/v2\/product_tag?post=3819"}],"curies":[{"name":"wp","href":"https:\/\/api.w.org\/{rel}","templated":true}]}}