{"id":3799,"date":"2024-01-11T02:18:36","date_gmt":"2024-01-11T02:18:36","guid":{"rendered":"https:\/\/longchangchemical.com\/?post_type=product&#038;p=3799"},"modified":"2026-01-12T08:48:55","modified_gmt":"2026-01-12T08:48:55","slug":"chlorinatedpolypropylene-cas-68442-33-1","status":"publish","type":"product","link":"https:\/\/longchangchemical.com\/pt\/product\/chlorinatedpolypropylene-cas-68442-33-1\/","title":{"rendered":"Resinas Soresyn\u00ae CPP \/ Polipropileno Clorado CAS 68442-33-1"},"content":{"rendered":"<h1><strong>Resinas Soresyn\u00ae CPP \/ Polipropileno Clorado CAS 68442-33-1<\/strong><\/h1>\n<table border=\"1\" cellspacing=\"0\">\n<tbody>\n<tr>\n<td valign=\"center\" width=\"142\">\n<p class=\"\" align=\"center\"><b>Tipo NO.<\/b><\/p>\n<\/td>\n<td valign=\"center\" width=\"133\">\n<p class=\"\" align=\"center\"><b>CPP AG30<\/b><\/p>\n<\/td>\n<td valign=\"center\" width=\"114\">\n<p class=\"\" align=\"center\"><b>CPP AG26<\/b><\/p>\n<\/td>\n<td valign=\"center\" width=\"142\">\n<p class=\"\" align=\"center\"><b>CPP EG40<\/b><\/p>\n<\/td>\n<\/tr>\n<tr>\n<td valign=\"center\" width=\"142\">\n<p class=\"\" align=\"center\">Apar\u00eancia<\/p>\n<\/td>\n<td valign=\"center\" width=\"133\">\n<p class=\"\" align=\"center\">Granulado amarelado<\/p>\n<\/td>\n<td valign=\"center\" width=\"114\">\n<p class=\"\" align=\"center\">Granulado amarelado<\/p>\n<\/td>\n<td valign=\"center\" width=\"142\">\n<p class=\"\" align=\"center\">Granulado amarelo<\/p>\n<\/td>\n<\/tr>\n<tr>\n<td valign=\"center\" width=\"142\">\n<p class=\"\" align=\"center\">Conte\u00fado de Cl %<\/p>\n<\/td>\n<td valign=\"center\" width=\"133\">\n<p class=\"\" align=\"center\">28\u00a0~\u00a035<\/p>\n<\/td>\n<td valign=\"center\" width=\"114\">\n<p class=\"\" align=\"center\">25 ~ 28<\/p>\n<\/td>\n<td valign=\"center\" width=\"142\">\n<p class=\"\" align=\"center\">36 ~ 41<\/p>\n<\/td>\n<\/tr>\n<tr>\n<td valign=\"center\" width=\"142\">\n<p class=\"\" align=\"center\">Viscosidade mPa.s\/25\u00b0C<\/p>\n<\/td>\n<td valign=\"center\" width=\"133\">\n<p class=\"\" align=\"center\">250 ~ 500<\/p>\n<\/td>\n<td valign=\"center\" width=\"114\">\n<p class=\"\" align=\"center\">100 ~ 500<\/p>\n<\/td>\n<td valign=\"center\" width=\"142\">\n<p class=\"\" align=\"center\">100 ~\u00a0500<\/p>\n<\/td>\n<\/tr>\n<tr>\n<td valign=\"center\" width=\"142\">\n<p class=\"\" align=\"center\">Valor de PH<\/p>\n<\/td>\n<td valign=\"center\" width=\"133\">\n<p class=\"\" align=\"center\">4.5 ~ 7<\/p>\n<\/td>\n<td valign=\"center\" width=\"114\">\n<p class=\"\" align=\"center\">4.5 ~ 7<\/p>\n<\/td>\n<td valign=\"center\" width=\"142\">\n<p class=\"\" align=\"center\">4.5 ~ 7<\/p>\n<\/td>\n<\/tr>\n<tr>\n<td valign=\"center\" width=\"142\">\n<p class=\"\" align=\"center\">Solvente recomendado<\/p>\n<\/td>\n<td valign=\"center\" width=\"133\">\n<p class=\"\" align=\"center\">Tolueno<\/p>\n<\/td>\n<td valign=\"center\" width=\"114\">\n<p class=\"\" align=\"center\">Tolueno<\/p>\n<\/td>\n<td valign=\"center\" width=\"142\">\n<p class=\"\" align=\"center\">\u00c9ster, cetona,<\/p>\n<p class=\"\" align=\"center\">Etilciclohexano<\/p>\n<p class=\"\" align=\"center\">Ou solvente misto<\/p>\n<\/td>\n<\/tr>\n<\/tbody>\n<\/table>\n<div><\/div>\n<div>\n<table border=\"1\" cellspacing=\"0\">\n<tbody>\n<tr>\n<td valign=\"center\" width=\"142\">\n<p class=\"\" align=\"center\"><b>Tipo NO.<\/b><\/p>\n<\/td>\n<td valign=\"center\" width=\"142\">\n<p class=\"\" align=\"center\"><b>CPM-16<\/b><\/p>\n<\/td>\n<td valign=\"center\" width=\"124\">\n<p class=\"\" align=\"center\"><b>CPM-22<\/b><\/p>\n<\/td>\n<td valign=\"center\" width=\"124\">\n<p class=\"\" align=\"center\"><b>CPP<\/b><b>\u00a0AP<\/b><\/p>\n<\/td>\n<\/tr>\n<tr>\n<td valign=\"center\" width=\"142\">\n<p class=\"\" align=\"center\">Apar\u00eancia<\/p>\n<\/td>\n<td valign=\"center\" width=\"142\">\n<p class=\"\" align=\"center\">Granulado amarelado<\/p>\n<\/td>\n<td valign=\"center\" width=\"124\">\n<p class=\"\" align=\"center\">Granulado amarelado<\/p>\n<\/td>\n<td valign=\"center\" width=\"124\">\n<p class=\"\" align=\"center\">P\u00f3 branco<\/p>\n<\/td>\n<\/tr>\n<tr>\n<td valign=\"center\" width=\"142\">\n<p class=\"\" align=\"center\">Conte\u00fado de Cl %<\/p>\n<\/td>\n<td valign=\"center\" width=\"142\">\n<p class=\"\" align=\"center\">14\u00a0~\u00a018<\/p>\n<\/td>\n<td valign=\"center\" width=\"124\">\n<p class=\"\" align=\"center\">18\u00a0~\u00a024<\/p>\n<\/td>\n<td valign=\"center\" width=\"124\">\n<p class=\"\" align=\"center\">30 ~ 33<\/p>\n<\/td>\n<\/tr>\n<tr>\n<td valign=\"center\" width=\"142\">\n<p class=\"\" align=\"center\">Viscosidade mPa.s\/25\u00b0C<\/p>\n<\/td>\n<td valign=\"center\" width=\"142\">\n<p class=\"\" align=\"center\">10\u00a0~\u00a0200<\/p>\n<\/td>\n<td valign=\"center\" width=\"124\">\n<p class=\"\" align=\"center\">10\u00a0~\u00a0200<\/p>\n<\/td>\n<td valign=\"center\" width=\"124\">\n<p class=\"\" align=\"center\">250 ~ 350<\/p>\n<\/td>\n<\/tr>\n<tr>\n<td valign=\"center\" width=\"142\">\n<p class=\"\" align=\"center\">Valor de PH<\/p>\n<\/td>\n<td valign=\"center\" width=\"142\">\n<p class=\"\" align=\"center\">4.5\u00a0~\u00a07<\/p>\n<\/td>\n<td valign=\"center\" width=\"124\">\n<p class=\"\" align=\"center\">4.5\u00a0~\u00a07<\/p>\n<\/td>\n<td valign=\"center\" width=\"124\">\n<p class=\"\" align=\"center\">6 ~ 8<\/p>\n<\/td>\n<\/tr>\n<tr>\n<td valign=\"center\" width=\"142\">\n<p class=\"\" align=\"center\">Solvente recomendado<\/p>\n<\/td>\n<td valign=\"center\" width=\"142\">\n<p class=\"\" align=\"center\">\u00c9ster, cetona,<\/p>\n<p class=\"\" align=\"center\">Etilciclohexano<\/p>\n<p class=\"\" align=\"center\">Ou solvente misto<\/p>\n<\/td>\n<td valign=\"center\" width=\"124\">\n<p class=\"\" align=\"center\">\u00a0\u00c9ster, cetona,<\/p>\n<p class=\"\" align=\"center\">Etilciclohexano<\/p>\n<p class=\"\" align=\"center\">Ou solvente misto<\/p>\n<\/td>\n<td valign=\"center\" width=\"124\">\n<p class=\"\" align=\"center\">Tolueno<\/p>\n<\/td>\n<\/tr>\n<\/tbody>\n<\/table>\n<\/div>\n<p><strong>Uso de polipropileno clorado<\/strong><\/p>\n<p>1. Ades\u00e3o A resina CPP promotora de ades\u00e3o tem excelente ades\u00e3o a materiais PP, PE, EPDM e TPO.<\/p>\n<p>2. N\u00e3o \u00e9 t\u00f3xico, n\u00e3o tem odor e n\u00e3o deixa res\u00edduos de solvente. \u00c9 resistente \u00e0 \u00e1gua, a \u00e1cidos e a \u00e1lcalis. A tinta composta produzida pela CPP tem desempenho est\u00e1vel e boa propriedade de filmagem.<\/p>\n<p class=\"\">3. A resina PP clorada sol\u00favel em solvente Soresyn\u00ae \u00e9 usada como a principal resina da tinta de impress\u00e3o para impress\u00e3o em talhe doce em filme BOPP (polipropileno orientado biaxialmente).<\/p>\n<p class=\"\">4. A resina Soresyn\u00ae CPP pode ser usada como revestimento para filme BOPP e como adesivo para filme PP de camada dupla ou papel coberto com filme PP no setor de embalagens.<\/p>\n<p class=\"\">5. Nossa resina de polipropileno cpp \u00e9 usada como adesivo para revestimentos em perfis de polipropileno.<\/p>\n<p>&nbsp;<\/p>\n<p><strong>Embalagem e envio de polipropileno clorado<\/strong><\/p>\n<p>Embalagem: saco ou caixa de 25 kg<\/p>\n<p>Entrega: dentro de 5 a 7 dias \u00fateis<\/p>\n<p><strong>Armazenamento de polipropileno clorado<\/strong><\/p>\n<p>O armaz\u00e9m tem ar-condicionado e \u00e9 seco.<\/p>\n<h2><strong>Entre em contato conosco agora!<\/strong><\/h2>\n<p><strong>Se precisar de um pre\u00e7o, preencha suas informa\u00e7\u00f5es de contato no formul\u00e1rio abaixo. Normalmente, entraremos em contato dentro de 24 horas. Voc\u00ea tamb\u00e9m pode me enviar um e-mail <a href=\"mailto:info@longchangchemical.com\">info@longchangchemical.com<\/a>\u00a0durante o hor\u00e1rio comercial (das 8h30 \u00e0s 18h UTC+8 de segunda a s\u00e1bado) ou use o bate-papo ao vivo do site para obter uma resposta imediata.<\/strong><\/p>","protected":false},"excerpt":{"rendered":"<p>Nome qu\u00edmico:POLIPROPILENO,CLORINADO<\/p>\n<p>N\u00famero CAS: 68442-33-1<\/p>\n<p>F\u00f3rmula molecular: C8H15Cl<\/p>\n<p>Peso molecular: 146,6577<\/p>\n<p>Estrutura molecular:<img decoding=\"async\" title=\"POLIPROPILENO, CLORINADO Estrutura\" src=\"https:\/\/www.longchangchemical.com\/wp-content\/uploads\/product-details\/20200611247186.png\" alt=\"POLIPROPILENO, CLORINADO Estrutura\" width=\"114\" height=\"245\" border=\"0\" vspace=\"0\" \/><\/p>\n<p>Apar\u00eancia: Branco a bege Pequenos artigos<\/p>","protected":false},"featured_media":0,"comment_status":"open","ping_status":"closed","template":"","meta":[],"product_brand":[],"product_cat":[116],"product_tag":[],"class_list":{"0":"post-3799","1":"product","2":"type-product","3":"status-publish","5":"product_cat-soresyn-resin","7":"first","8":"instock","9":"shipping-taxable","10":"product-type-simple"},"yoast_head":"<!-- This site is optimized with the Yoast SEO plugin v25.3.1 - https:\/\/yoast.com\/wordpress\/plugins\/seo\/ -->\n<title>China CPP Resins \/ Chlorinated Polypropylene Manufacturer | CAS 68442-33-1 Factory and supplier - Longchang Chemical<\/title>\n<meta name=\"description\" content=\"Soresyn\u00ae CPP Resins \/ Chlorinated Polypropylene CAS 68442-33-1 is a key product of Longchang Chemical. We provide the best price. We are the leading manufacturer in China with the best quality and competitive price.\" \/>\n<meta name=\"robots\" content=\"index, follow, max-snippet:-1, max-image-preview:large, max-video-preview:-1\" \/>\n<link rel=\"canonical\" href=\"https:\/\/longchangchemical.com\/pt\/product\/chlorinatedpolypropylene-cas-68442-33-1\/\" \/>\n<meta property=\"og:locale\" content=\"pt_BR\" \/>\n<meta property=\"og:type\" content=\"article\" \/>\n<meta property=\"og:title\" content=\"China CPP Resins \/ Chlorinated Polypropylene Manufacturer | CAS 68442-33-1 Factory and supplier - Longchang Chemical\" \/>\n<meta property=\"og:description\" content=\"Soresyn\u00ae CPP Resins \/ Chlorinated Polypropylene CAS 68442-33-1 is a key product of Longchang Chemical. We provide the best price. We are the leading manufacturer in China with the best quality and competitive price.\" \/>\n<meta property=\"og:url\" content=\"https:\/\/longchangchemical.com\/pt\/product\/chlorinatedpolypropylene-cas-68442-33-1\/\" \/>\n<meta property=\"og:site_name\" content=\"Longchang Chemical\" \/>\n<meta property=\"article:modified_time\" content=\"2026-01-12T08:48:55+00:00\" \/>\n<meta property=\"og:image\" content=\"https:\/\/longchangchemical.com\/wp-content\/uploads\/2024\/02\/logo-jpeg.jpg\" \/>\n\t<meta property=\"og:image:width\" content=\"1000\" \/>\n\t<meta property=\"og:image:height\" content=\"1000\" \/>\n\t<meta property=\"og:image:type\" content=\"image\/jpeg\" \/>\n<meta name=\"twitter:card\" content=\"summary_large_image\" \/>\n<script type=\"application\/ld+json\" class=\"yoast-schema-graph\">{\"@context\":\"https:\/\/schema.org\",\"@graph\":[{\"@type\":\"WebPage\",\"@id\":\"https:\/\/longchangchemical.com\/product\/chlorinatedpolypropylene-cas-68442-33-1\/\",\"url\":\"https:\/\/longchangchemical.com\/product\/chlorinatedpolypropylene-cas-68442-33-1\/\",\"name\":\"China CPP Resins \/ Chlorinated Polypropylene Manufacturer | CAS 68442-33-1 Factory and supplier - Longchang Chemical\",\"isPartOf\":{\"@id\":\"https:\/\/longchangchemical.com\/#website\"},\"datePublished\":\"2024-01-11T02:18:36+00:00\",\"dateModified\":\"2026-01-12T08:48:55+00:00\",\"description\":\"Soresyn\u00ae CPP Resins \/ Chlorinated Polypropylene CAS 68442-33-1 is a key product of Longchang Chemical. We provide the best price. We are the leading manufacturer in China with the best quality and competitive price.\",\"breadcrumb\":{\"@id\":\"https:\/\/longchangchemical.com\/product\/chlorinatedpolypropylene-cas-68442-33-1\/#breadcrumb\"},\"inLanguage\":\"pt-BR\",\"potentialAction\":[{\"@type\":\"ReadAction\",\"target\":[\"https:\/\/longchangchemical.com\/product\/chlorinatedpolypropylene-cas-68442-33-1\/\"]}]},{\"@type\":\"BreadcrumbList\",\"@id\":\"https:\/\/longchangchemical.com\/product\/chlorinatedpolypropylene-cas-68442-33-1\/#breadcrumb\",\"itemListElement\":[{\"@type\":\"ListItem\",\"position\":1,\"name\":\"Home\",\"item\":\"https:\/\/longchangchemical.com\/\"},{\"@type\":\"ListItem\",\"position\":2,\"name\":\"Products Longchang\",\"item\":\"https:\/\/longchangchemical.com\/product\/\"},{\"@type\":\"ListItem\",\"position\":3,\"name\":\"Soresyn\u00ae CPP Resins \/ Chlorinated Polypropylene CAS 68442-33-1\"}]},{\"@type\":\"WebSite\",\"@id\":\"https:\/\/longchangchemical.com\/#website\",\"url\":\"https:\/\/longchangchemical.com\/\",\"name\":\"Longchang Chemical\",\"description\":\"China chemical manufacturer \uff06 supplier\",\"publisher\":{\"@id\":\"https:\/\/longchangchemical.com\/#organization\"},\"potentialAction\":[{\"@type\":\"SearchAction\",\"target\":{\"@type\":\"EntryPoint\",\"urlTemplate\":\"https:\/\/longchangchemical.com\/?s={search_term_string}\"},\"query-input\":{\"@type\":\"PropertyValueSpecification\",\"valueRequired\":true,\"valueName\":\"search_term_string\"}}],\"inLanguage\":\"pt-BR\"},{\"@type\":\"Organization\",\"@id\":\"https:\/\/longchangchemical.com\/#organization\",\"name\":\"Longchang Chemical\",\"url\":\"https:\/\/longchangchemical.com\/\",\"logo\":{\"@type\":\"ImageObject\",\"inLanguage\":\"pt-BR\",\"@id\":\"https:\/\/longchangchemical.com\/#\/schema\/logo\/image\/\",\"url\":\"https:\/\/longchangchemical.com\/wp-content\/uploads\/2020\/08\/cropped-longchang-logo.png\",\"contentUrl\":\"https:\/\/longchangchemical.com\/wp-content\/uploads\/2020\/08\/cropped-longchang-logo.png\",\"width\":512,\"height\":512,\"caption\":\"Longchang Chemical\"},\"image\":{\"@id\":\"https:\/\/longchangchemical.com\/#\/schema\/logo\/image\/\"}}]}<\/script>\n<!-- \/ Yoast SEO plugin. -->","yoast_head_json":{"title":"Fabricante de resinas CPP \/ polipropileno clorado na China - F\u00e1brica e fornecedor CAS 68442-33-1 - Longchang Chemical","description":"Soresyn\u00ae CPP Resins \/ Chlorinated Polypropylene CAS 68442-33-1 \u00e9 um produto-chave da Longchang Chemical. Oferecemos o melhor pre\u00e7o. Somos o principal fabricante na China, com a melhor qualidade e pre\u00e7o competitivo.","robots":{"index":"index","follow":"follow","max-snippet":"max-snippet:-1","max-image-preview":"max-image-preview:large","max-video-preview":"max-video-preview:-1"},"canonical":"https:\/\/longchangchemical.com\/pt\/product\/chlorinatedpolypropylene-cas-68442-33-1\/","og_locale":"pt_BR","og_type":"article","og_title":"China CPP Resins \/ Chlorinated Polypropylene Manufacturer | CAS 68442-33-1 Factory and supplier - Longchang Chemical","og_description":"Soresyn\u00ae CPP Resins \/ Chlorinated Polypropylene CAS 68442-33-1 is a key product of Longchang Chemical. We provide the best price. We are the leading manufacturer in China with the best quality and competitive price.","og_url":"https:\/\/longchangchemical.com\/pt\/product\/chlorinatedpolypropylene-cas-68442-33-1\/","og_site_name":"Longchang Chemical","article_modified_time":"2026-01-12T08:48:55+00:00","og_image":[{"width":1000,"height":1000,"url":"https:\/\/longchangchemical.com\/wp-content\/uploads\/2024\/02\/logo-jpeg.jpg","type":"image\/jpeg"}],"twitter_card":"summary_large_image","schema":{"@context":"https:\/\/schema.org","@graph":[{"@type":"WebPage","@id":"https:\/\/longchangchemical.com\/product\/chlorinatedpolypropylene-cas-68442-33-1\/","url":"https:\/\/longchangchemical.com\/product\/chlorinatedpolypropylene-cas-68442-33-1\/","name":"Fabricante de resinas CPP \/ polipropileno clorado na China - F\u00e1brica e fornecedor CAS 68442-33-1 - Longchang Chemical","isPartOf":{"@id":"https:\/\/longchangchemical.com\/#website"},"datePublished":"2024-01-11T02:18:36+00:00","dateModified":"2026-01-12T08:48:55+00:00","description":"Soresyn\u00ae CPP Resins \/ Chlorinated Polypropylene CAS 68442-33-1 \u00e9 um produto-chave da Longchang Chemical. Oferecemos o melhor pre\u00e7o. Somos o principal fabricante na China, com a melhor qualidade e pre\u00e7o competitivo.","breadcrumb":{"@id":"https:\/\/longchangchemical.com\/product\/chlorinatedpolypropylene-cas-68442-33-1\/#breadcrumb"},"inLanguage":"pt-BR","potentialAction":[{"@type":"ReadAction","target":["https:\/\/longchangchemical.com\/product\/chlorinatedpolypropylene-cas-68442-33-1\/"]}]},{"@type":"BreadcrumbList","@id":"https:\/\/longchangchemical.com\/product\/chlorinatedpolypropylene-cas-68442-33-1\/#breadcrumb","itemListElement":[{"@type":"ListItem","position":1,"name":"Home","item":"https:\/\/longchangchemical.com\/"},{"@type":"ListItem","position":2,"name":"Products Longchang","item":"https:\/\/longchangchemical.com\/product\/"},{"@type":"ListItem","position":3,"name":"Soresyn\u00ae CPP Resins \/ Chlorinated Polypropylene CAS 68442-33-1"}]},{"@type":"WebSite","@id":"https:\/\/longchangchemical.com\/#website","url":"https:\/\/longchangchemical.com\/","name":"Qu\u00edmica Longchang","description":"Fabricante de produtos qu\u00edmicos na China \uff06 fornecedor","publisher":{"@id":"https:\/\/longchangchemical.com\/#organization"},"potentialAction":[{"@type":"SearchAction","target":{"@type":"EntryPoint","urlTemplate":"https:\/\/longchangchemical.com\/?s={search_term_string}"},"query-input":{"@type":"PropertyValueSpecification","valueRequired":true,"valueName":"search_term_string"}}],"inLanguage":"pt-BR"},{"@type":"Organization","@id":"https:\/\/longchangchemical.com\/#organization","name":"Qu\u00edmica Longchang","url":"https:\/\/longchangchemical.com\/","logo":{"@type":"ImageObject","inLanguage":"pt-BR","@id":"https:\/\/longchangchemical.com\/#\/schema\/logo\/image\/","url":"https:\/\/longchangchemical.com\/wp-content\/uploads\/2020\/08\/cropped-longchang-logo.png","contentUrl":"https:\/\/longchangchemical.com\/wp-content\/uploads\/2020\/08\/cropped-longchang-logo.png","width":512,"height":512,"caption":"Longchang Chemical"},"image":{"@id":"https:\/\/longchangchemical.com\/#\/schema\/logo\/image\/"}}]}},"_links":{"self":[{"href":"https:\/\/longchangchemical.com\/pt\/wp-json\/wp\/v2\/product\/3799","targetHints":{"allow":["GET"]}}],"collection":[{"href":"https:\/\/longchangchemical.com\/pt\/wp-json\/wp\/v2\/product"}],"about":[{"href":"https:\/\/longchangchemical.com\/pt\/wp-json\/wp\/v2\/types\/product"}],"replies":[{"embeddable":true,"href":"https:\/\/longchangchemical.com\/pt\/wp-json\/wp\/v2\/comments?post=3799"}],"wp:attachment":[{"href":"https:\/\/longchangchemical.com\/pt\/wp-json\/wp\/v2\/media?parent=3799"}],"wp:term":[{"taxonomy":"product_brand","embeddable":true,"href":"https:\/\/longchangchemical.com\/pt\/wp-json\/wp\/v2\/product_brand?post=3799"},{"taxonomy":"product_cat","embeddable":true,"href":"https:\/\/longchangchemical.com\/pt\/wp-json\/wp\/v2\/product_cat?post=3799"},{"taxonomy":"product_tag","embeddable":true,"href":"https:\/\/longchangchemical.com\/pt\/wp-json\/wp\/v2\/product_tag?post=3799"}],"curies":[{"name":"wp","href":"https:\/\/api.w.org\/{rel}","templated":true}]}}