{"id":3764,"date":"2021-09-25T10:43:43","date_gmt":"2021-09-25T10:43:43","guid":{"rendered":"https:\/\/longchangchemical.com\/?post_type=product&#038;p=3764"},"modified":"2025-12-22T07:36:41","modified_gmt":"2025-12-22T07:36:41","slug":"ascorbyl-tetraisopalmitate","status":"publish","type":"product","link":"https:\/\/longchangchemical.com\/pt\/product\/ascorbyl-tetraisopalmitate\/","title":{"rendered":"Tetraisopalmitato de ascorbila CAS 183476-82-6"},"content":{"rendered":"<h1><strong>Tetraisopalmitato de ascorbila CAS 183476-82-6<\/strong><\/h1>\n<table class=\"table-1\">\n<tbody>\n<tr>\n<td>Itens<\/td>\n<td>Especifica\u00e7\u00f5es<\/td>\n<\/tr>\n<tr>\n<td>Apar\u00eancia<\/td>\n<td>L\u00edquido incolor a amarelo claro com uma cor caracter\u00edstica fraca<\/td>\n<\/tr>\n<tr>\n<td>Conte\u00fado<\/td>\n<td>\u226598%<\/td>\n<\/tr>\n<tr>\n<td>Cor\uff08APHA)<\/td>\n<td>100max<\/td>\n<\/tr>\n<tr>\n<td>Densidade<\/td>\n<td>0.930-0.943<\/td>\n<\/tr>\n<tr>\n<td>\u00cdndice de refra\u00e7\u00e3o\uff0825\u2103\uff09<\/td>\n<td>1.459-1.465<\/td>\n<\/tr>\n<tr>\n<td>Metais pesados<\/td>\n<td>M\u00e1ximo de 20 ppm<\/td>\n<\/tr>\n<tr>\n<td>Ars\u00eanico<\/td>\n<td>2ppm M\u00e1ximo<\/td>\n<\/tr>\n<\/tbody>\n<\/table>\n<p>&nbsp;<\/p>\n<h2><strong>O que \u00e9 tetraisopalmitato de ascorbila?<\/strong><\/h2>\n<p>\u00c9 um l\u00edquido incolor a amarelo-claro, tamb\u00e9m conhecido como ASCORBYL TETRA-2-HEXYLDECANOATE, frequentemente usado na ind\u00fastria cosm\u00e9tica e farmac\u00eautica.<\/p>\n<p>&nbsp;<\/p>\n<h2><strong>Ascorbyl tetraisopalmitate Aplica\u00e7\u00e3o:<\/strong><\/h2>\n<p>&nbsp;<\/p>\n<h4>1. Excelente absor\u00e7\u00e3o transd\u00e9rmica<\/h4>\n<h4>2. Inibir a atividade da tirosinase intracelular e a produ\u00e7\u00e3o de melanina<\/h4>\n<h4>3. reduzir o dano celular \/ DNA induzido por UV (anti-UV \/ antiestresse)<\/h4>\n<h4>4. Para evitar a peroxida\u00e7\u00e3o lip\u00eddica e o envelhecimento qu\u00edmico da pele (antioxidante)<\/h4>\n<h4>5. Possui boa solubilidade em \u00f3leos cosm\u00e9ticos comuns<\/h4>\n<h4>6. atividade semelhante \u00e0 do refrigerante (antioxidante)<\/h4>\n<h4>7. s\u00edntese de col\u00e1geno e prote\u00e7\u00e3o do col\u00e1geno (antienvelhecimento)<\/h4>\n<h4>8. est\u00e1vel ao calor e \u00e0 oxida\u00e7\u00e3o<\/h4>\n<p>&nbsp;<\/p>\n<h2><strong>Armazenamento de tetraisopalmitato de ascorbila<\/strong><\/h2>\n<p>Mantido em um dep\u00f3sito seco e limpo, com boa ventila\u00e7\u00e3o.<\/p>\n<p>Evite a exposi\u00e7\u00e3o \u00e0 luz e ao aquecimento.<\/p>\n<p>Proteger o produto contra vazamentos, chuva e insola\u00e7\u00e3o durante o transporte.<\/p>\n<p>&nbsp;<\/p>\n<h2><strong><b>Entre em contato conosco agora!<\/b><\/strong><\/h2>\n<h4><strong><b>Se precisar de COA, MSDS ou TDS, preencha suas informa\u00e7\u00f5es de contato no formul\u00e1rio abaixo. Normalmente, entraremos em contato em 24 horas. Voc\u00ea tamb\u00e9m pode me enviar um e-mail <span style=\"color: #0000ff;\"><a style=\"color: #0000ff;\" href=\"mailto:info@longchangchemical.com\">info@longchangchemical.com<\/a><\/span> durante o hor\u00e1rio comercial (das 8h30 \u00e0s 18h UTC+8 de segunda a s\u00e1bado) ou use o bate-papo ao vivo do site para obter uma resposta imediata.<\/b><\/strong><\/h4>","protected":false},"excerpt":{"rendered":"<h4>Nome qu\u00edmico: Tetraisopalmitato de ascorbila<\/h4>\n<h4>Nome comercial: NIKKOL VC-IP; L-ascorbyl 2,3,5,6-tetrakis(2-hexylalkanoate); L-ascorbyl 2,3,5,6-tetrakis(2-hexyldecanoate)<\/h4>\n<h4>N\u00famero CAS: 183476-82-6<\/h4>\n<h4>F\u00f3rmula molecular: C70H128O10<\/h4>\n<h4>Estrutura qu\u00edmica:<img decoding=\"async\" title=\"image.png\" src=\"https:\/\/www.longchangchemical.com\/wp-content\/uploads\/product-details\/20200617069078.png\" alt=\"image.png\" width=\"289\" height=\"107\" \/><\/h4>\n<h4>Peso molecular: 1129,76<\/h4>\n<h4>Apar\u00eancia: L\u00edquido incolor a amarelo claro<\/h4>\n<h4>Ensaio\uff1a98%<\/h4>","protected":false},"featured_media":4650,"comment_status":"open","ping_status":"closed","template":"","meta":[],"product_brand":[],"product_cat":[113],"product_tag":[],"class_list":{"0":"post-3764","1":"product","2":"type-product","3":"status-publish","4":"has-post-thumbnail","6":"product_cat-organic-intermediate","8":"first","9":"instock","10":"shipping-taxable","11":"product-type-simple"},"yoast_head":"<!-- This site is optimized with the Yoast SEO plugin v25.3.1 - https:\/\/yoast.com\/wordpress\/plugins\/seo\/ -->\n<title>China Ascorbyl tetraisopalmitate CAS 183476-82-6 manufacturer - Longchang chemical<\/title>\n<meta name=\"description\" content=\"Longchang chemical Co., ltd. is china Ascorbyl tetraisopalmitate manufacturer and CAS 183476-82-6 supplier. We provide the best Ascorbyl tetraisopalmitate price.\" \/>\n<meta name=\"robots\" content=\"index, follow, max-snippet:-1, max-image-preview:large, max-video-preview:-1\" \/>\n<link rel=\"canonical\" href=\"https:\/\/longchangchemical.com\/pt\/product\/ascorbyl-tetraisopalmitate\/\" \/>\n<meta property=\"og:locale\" content=\"pt_BR\" \/>\n<meta property=\"og:type\" content=\"article\" \/>\n<meta property=\"og:title\" content=\"China Ascorbyl tetraisopalmitate CAS 183476-82-6 manufacturer - Longchang chemical\" \/>\n<meta property=\"og:description\" content=\"Longchang chemical Co., ltd. is china Ascorbyl tetraisopalmitate manufacturer and CAS 183476-82-6 supplier. We provide the best Ascorbyl tetraisopalmitate price.\" \/>\n<meta property=\"og:url\" content=\"https:\/\/longchangchemical.com\/pt\/product\/ascorbyl-tetraisopalmitate\/\" \/>\n<meta property=\"og:site_name\" content=\"Longchang Chemical\" \/>\n<meta property=\"article:modified_time\" content=\"2025-12-22T07:36:41+00:00\" \/>\n<meta property=\"og:image\" content=\"https:\/\/longchangchemical.com\/wp-content\/uploads\/2021\/06\/Appearance.jpg\" \/>\n\t<meta property=\"og:image:width\" content=\"600\" \/>\n\t<meta property=\"og:image:height\" content=\"800\" \/>\n\t<meta property=\"og:image:type\" content=\"image\/jpeg\" \/>\n<meta name=\"twitter:card\" content=\"summary_large_image\" \/>\n<script type=\"application\/ld+json\" class=\"yoast-schema-graph\">{\"@context\":\"https:\/\/schema.org\",\"@graph\":[{\"@type\":\"WebPage\",\"@id\":\"https:\/\/longchangchemical.com\/product\/ascorbyl-tetraisopalmitate\/\",\"url\":\"https:\/\/longchangchemical.com\/product\/ascorbyl-tetraisopalmitate\/\",\"name\":\"China Ascorbyl tetraisopalmitate CAS 183476-82-6 manufacturer - Longchang chemical\",\"isPartOf\":{\"@id\":\"https:\/\/longchangchemical.com\/#website\"},\"primaryImageOfPage\":{\"@id\":\"https:\/\/longchangchemical.com\/product\/ascorbyl-tetraisopalmitate\/#primaryimage\"},\"image\":{\"@id\":\"https:\/\/longchangchemical.com\/product\/ascorbyl-tetraisopalmitate\/#primaryimage\"},\"thumbnailUrl\":\"https:\/\/longchangchemical.com\/wp-content\/uploads\/2021\/06\/Appearance.jpg\",\"datePublished\":\"2021-09-25T10:43:43+00:00\",\"dateModified\":\"2025-12-22T07:36:41+00:00\",\"description\":\"Longchang chemical Co., ltd. is china Ascorbyl tetraisopalmitate manufacturer and CAS 183476-82-6 supplier. We provide the best Ascorbyl tetraisopalmitate price.\",\"breadcrumb\":{\"@id\":\"https:\/\/longchangchemical.com\/product\/ascorbyl-tetraisopalmitate\/#breadcrumb\"},\"inLanguage\":\"pt-BR\",\"potentialAction\":[{\"@type\":\"ReadAction\",\"target\":[\"https:\/\/longchangchemical.com\/product\/ascorbyl-tetraisopalmitate\/\"]}]},{\"@type\":\"ImageObject\",\"inLanguage\":\"pt-BR\",\"@id\":\"https:\/\/longchangchemical.com\/product\/ascorbyl-tetraisopalmitate\/#primaryimage\",\"url\":\"https:\/\/longchangchemical.com\/wp-content\/uploads\/2021\/06\/Appearance.jpg\",\"contentUrl\":\"https:\/\/longchangchemical.com\/wp-content\/uploads\/2021\/06\/Appearance.jpg\",\"width\":600,\"height\":800,\"caption\":\"Appearance\"},{\"@type\":\"BreadcrumbList\",\"@id\":\"https:\/\/longchangchemical.com\/product\/ascorbyl-tetraisopalmitate\/#breadcrumb\",\"itemListElement\":[{\"@type\":\"ListItem\",\"position\":1,\"name\":\"Home\",\"item\":\"https:\/\/longchangchemical.com\/\"},{\"@type\":\"ListItem\",\"position\":2,\"name\":\"Products Longchang\",\"item\":\"https:\/\/longchangchemical.com\/product\/\"},{\"@type\":\"ListItem\",\"position\":3,\"name\":\"Ascorbyl tetraisopalmitate CAS 183476-82-6\"}]},{\"@type\":\"WebSite\",\"@id\":\"https:\/\/longchangchemical.com\/#website\",\"url\":\"https:\/\/longchangchemical.com\/\",\"name\":\"Longchang Chemical\",\"description\":\"China chemical manufacturer \uff06 supplier\",\"publisher\":{\"@id\":\"https:\/\/longchangchemical.com\/#organization\"},\"potentialAction\":[{\"@type\":\"SearchAction\",\"target\":{\"@type\":\"EntryPoint\",\"urlTemplate\":\"https:\/\/longchangchemical.com\/?s={search_term_string}\"},\"query-input\":{\"@type\":\"PropertyValueSpecification\",\"valueRequired\":true,\"valueName\":\"search_term_string\"}}],\"inLanguage\":\"pt-BR\"},{\"@type\":\"Organization\",\"@id\":\"https:\/\/longchangchemical.com\/#organization\",\"name\":\"Longchang Chemical\",\"url\":\"https:\/\/longchangchemical.com\/\",\"logo\":{\"@type\":\"ImageObject\",\"inLanguage\":\"pt-BR\",\"@id\":\"https:\/\/longchangchemical.com\/#\/schema\/logo\/image\/\",\"url\":\"https:\/\/longchangchemical.com\/wp-content\/uploads\/2020\/08\/cropped-longchang-logo.png\",\"contentUrl\":\"https:\/\/longchangchemical.com\/wp-content\/uploads\/2020\/08\/cropped-longchang-logo.png\",\"width\":512,\"height\":512,\"caption\":\"Longchang Chemical\"},\"image\":{\"@id\":\"https:\/\/longchangchemical.com\/#\/schema\/logo\/image\/\"}}]}<\/script>\n<!-- \/ Yoast SEO plugin. -->","yoast_head_json":{"title":"Fabricante de tetraisopalmitato de ascorbila CAS 183476-82-6 na China - Longchang chemical","description":"Longchang chemical Co., ltd. \u00e9 fabricante e fornecedor de Ascorbyl tetraisopalmitate CAS 183476-82-6 na China. Oferecemos o melhor pre\u00e7o de Ascorbyl tetraisopalmitate.","robots":{"index":"index","follow":"follow","max-snippet":"max-snippet:-1","max-image-preview":"max-image-preview:large","max-video-preview":"max-video-preview:-1"},"canonical":"https:\/\/longchangchemical.com\/pt\/product\/ascorbyl-tetraisopalmitate\/","og_locale":"pt_BR","og_type":"article","og_title":"China Ascorbyl tetraisopalmitate CAS 183476-82-6 manufacturer - Longchang chemical","og_description":"Longchang chemical Co., ltd. is china Ascorbyl tetraisopalmitate manufacturer and CAS 183476-82-6 supplier. We provide the best Ascorbyl tetraisopalmitate price.","og_url":"https:\/\/longchangchemical.com\/pt\/product\/ascorbyl-tetraisopalmitate\/","og_site_name":"Longchang Chemical","article_modified_time":"2025-12-22T07:36:41+00:00","og_image":[{"width":600,"height":800,"url":"https:\/\/longchangchemical.com\/wp-content\/uploads\/2021\/06\/Appearance.jpg","type":"image\/jpeg"}],"twitter_card":"summary_large_image","schema":{"@context":"https:\/\/schema.org","@graph":[{"@type":"WebPage","@id":"https:\/\/longchangchemical.com\/product\/ascorbyl-tetraisopalmitate\/","url":"https:\/\/longchangchemical.com\/product\/ascorbyl-tetraisopalmitate\/","name":"Fabricante de tetraisopalmitato de ascorbila CAS 183476-82-6 na China - Longchang chemical","isPartOf":{"@id":"https:\/\/longchangchemical.com\/#website"},"primaryImageOfPage":{"@id":"https:\/\/longchangchemical.com\/product\/ascorbyl-tetraisopalmitate\/#primaryimage"},"image":{"@id":"https:\/\/longchangchemical.com\/product\/ascorbyl-tetraisopalmitate\/#primaryimage"},"thumbnailUrl":"https:\/\/longchangchemical.com\/wp-content\/uploads\/2021\/06\/Appearance.jpg","datePublished":"2021-09-25T10:43:43+00:00","dateModified":"2025-12-22T07:36:41+00:00","description":"Longchang chemical Co., ltd. \u00e9 fabricante e fornecedor de Ascorbyl tetraisopalmitate CAS 183476-82-6 na China. Oferecemos o melhor pre\u00e7o de Ascorbyl tetraisopalmitate.","breadcrumb":{"@id":"https:\/\/longchangchemical.com\/product\/ascorbyl-tetraisopalmitate\/#breadcrumb"},"inLanguage":"pt-BR","potentialAction":[{"@type":"ReadAction","target":["https:\/\/longchangchemical.com\/product\/ascorbyl-tetraisopalmitate\/"]}]},{"@type":"ImageObject","inLanguage":"pt-BR","@id":"https:\/\/longchangchemical.com\/product\/ascorbyl-tetraisopalmitate\/#primaryimage","url":"https:\/\/longchangchemical.com\/wp-content\/uploads\/2021\/06\/Appearance.jpg","contentUrl":"https:\/\/longchangchemical.com\/wp-content\/uploads\/2021\/06\/Appearance.jpg","width":600,"height":800,"caption":"Appearance"},{"@type":"BreadcrumbList","@id":"https:\/\/longchangchemical.com\/product\/ascorbyl-tetraisopalmitate\/#breadcrumb","itemListElement":[{"@type":"ListItem","position":1,"name":"Home","item":"https:\/\/longchangchemical.com\/"},{"@type":"ListItem","position":2,"name":"Products Longchang","item":"https:\/\/longchangchemical.com\/product\/"},{"@type":"ListItem","position":3,"name":"Ascorbyl tetraisopalmitate CAS 183476-82-6"}]},{"@type":"WebSite","@id":"https:\/\/longchangchemical.com\/#website","url":"https:\/\/longchangchemical.com\/","name":"Qu\u00edmica Longchang","description":"Fabricante de produtos qu\u00edmicos na China \uff06 fornecedor","publisher":{"@id":"https:\/\/longchangchemical.com\/#organization"},"potentialAction":[{"@type":"SearchAction","target":{"@type":"EntryPoint","urlTemplate":"https:\/\/longchangchemical.com\/?s={search_term_string}"},"query-input":{"@type":"PropertyValueSpecification","valueRequired":true,"valueName":"search_term_string"}}],"inLanguage":"pt-BR"},{"@type":"Organization","@id":"https:\/\/longchangchemical.com\/#organization","name":"Qu\u00edmica Longchang","url":"https:\/\/longchangchemical.com\/","logo":{"@type":"ImageObject","inLanguage":"pt-BR","@id":"https:\/\/longchangchemical.com\/#\/schema\/logo\/image\/","url":"https:\/\/longchangchemical.com\/wp-content\/uploads\/2020\/08\/cropped-longchang-logo.png","contentUrl":"https:\/\/longchangchemical.com\/wp-content\/uploads\/2020\/08\/cropped-longchang-logo.png","width":512,"height":512,"caption":"Longchang Chemical"},"image":{"@id":"https:\/\/longchangchemical.com\/#\/schema\/logo\/image\/"}}]}},"_links":{"self":[{"href":"https:\/\/longchangchemical.com\/pt\/wp-json\/wp\/v2\/product\/3764","targetHints":{"allow":["GET"]}}],"collection":[{"href":"https:\/\/longchangchemical.com\/pt\/wp-json\/wp\/v2\/product"}],"about":[{"href":"https:\/\/longchangchemical.com\/pt\/wp-json\/wp\/v2\/types\/product"}],"replies":[{"embeddable":true,"href":"https:\/\/longchangchemical.com\/pt\/wp-json\/wp\/v2\/comments?post=3764"}],"wp:featuredmedia":[{"embeddable":true,"href":"https:\/\/longchangchemical.com\/pt\/wp-json\/wp\/v2\/media\/4650"}],"wp:attachment":[{"href":"https:\/\/longchangchemical.com\/pt\/wp-json\/wp\/v2\/media?parent=3764"}],"wp:term":[{"taxonomy":"product_brand","embeddable":true,"href":"https:\/\/longchangchemical.com\/pt\/wp-json\/wp\/v2\/product_brand?post=3764"},{"taxonomy":"product_cat","embeddable":true,"href":"https:\/\/longchangchemical.com\/pt\/wp-json\/wp\/v2\/product_cat?post=3764"},{"taxonomy":"product_tag","embeddable":true,"href":"https:\/\/longchangchemical.com\/pt\/wp-json\/wp\/v2\/product_tag?post=3764"}],"curies":[{"name":"wp","href":"https:\/\/api.w.org\/{rel}","templated":true}]}}