{"id":3739,"date":"2021-05-10T13:56:46","date_gmt":"2021-05-10T13:56:46","guid":{"rendered":"https:\/\/longchangchemical.com\/?post_type=product&#038;p=3739"},"modified":"2025-12-22T08:31:57","modified_gmt":"2025-12-22T08:31:57","slug":"cas-27905-45-9","status":"publish","type":"product","link":"https:\/\/longchangchemical.com\/pt\/product\/cas-27905-45-9\/","title":{"rendered":"Acrilato de 1H,1H,2H,2H-Heptadecafluorodecila CAS 27905-45-9"},"content":{"rendered":"<h1><strong>Acrilato de 1H,1H,2H,2H-Heptadecafluorodecila CAS 27905-45-9<\/strong><\/h1>\n<table>\n<tbody>\n<tr>\n<td width=\"180\">\n<h4>Item<\/h4>\n<\/td>\n<td width=\"265\">\n<h4>Especifica\u00e7\u00f5es<\/h4>\n<\/td>\n<td width=\"176\">\n<h4>Resultados<\/h4>\n<\/td>\n<\/tr>\n<tr>\n<td width=\"180\">\n<h4>Caracter\u00edsticas<\/h4>\n<\/td>\n<td width=\"265\">\n<h4>L\u00edquido incolor e transparente<\/h4>\n<\/td>\n<td width=\"176\">\n<h4>Em conformidade<\/h4>\n<\/td>\n<\/tr>\n<tr>\n<td width=\"180\">\n<h4>Ensaio<\/h4>\n<\/td>\n<td width=\"265\">\n<h4>\u226598%<\/h4>\n<\/td>\n<td width=\"176\">\n<h4>98.5%<\/h4>\n<\/td>\n<\/tr>\n<tr>\n<td width=\"180\">\n<h4>Identifica\u00e7\u00e3o<\/h4>\n<\/td>\n<td width=\"265\">\n<h4>Positivo<\/h4>\n<\/td>\n<td width=\"176\">\n<h4>Positivo<\/h4>\n<\/td>\n<\/tr>\n<tr>\n<td width=\"180\">\n<h4>Per\u00f3xido<\/h4>\n<\/td>\n<td width=\"265\">\n<h4>\u226450ppm<\/h4>\n<\/td>\n<td width=\"176\">\n<h4>3,50ppm<\/h4>\n<\/td>\n<\/tr>\n<tr>\n<td width=\"180\">\n<h4>\u00c1gua<\/h4>\n<\/td>\n<td width=\"265\">\n<h4>\u2264300ppm<\/h4>\n<\/td>\n<td width=\"176\">\n<h4>57,50ppm<\/h4>\n<\/td>\n<\/tr>\n<tr>\n<td width=\"180\">\n<h4>Conclus\u00e3o<\/h4>\n<\/td>\n<td colspan=\"2\" width=\"441\">\n<h4>Os resultados est\u00e3o em conformidade com os padr\u00f5es da empresa<\/h4>\n<\/td>\n<\/tr>\n<\/tbody>\n<\/table>\n<p>&nbsp;<\/p>\n<h2><strong>Acrilato de 1H,1H,2H,2H-Heptadecafluorodecila<\/strong><strong> Uso<\/strong><\/h2>\n<h4>1. O acrilato de perfluorooctil etila \u00e9 um reagente usado para sintetizar revestimentos de pol\u00edmeros hidrof\u00f3bicos e tamb\u00e9m \u00e9 um pincel de pol\u00edmero usado para controlar a lubrifica\u00e7\u00e3o da superf\u00edcie.<\/h4>\n<h4>2. O acrilato de perfluorooctil etila \u00e9 um derivado de \u00e9ster org\u00e2nico que pode ser usado como intermedi\u00e1rio de fl\u00faor org\u00e2nico e \u00e9 amplamente utilizado nas \u00e1reas de t\u00eaxteis, revestimentos e fluorossurfactantes.<\/h4>\n<p>&nbsp;<\/p>\n<h2><strong>Acrilato de 1H,1H,2H,2H-Heptadecafluorodecila<\/strong><strong>\u00a0<\/strong><strong>Embalagem e remessa<\/strong><\/h2>\n<h4>Tambor de 25 kg \/ 250 kg.<\/h4>\n<p>&nbsp;<\/p>\n<h2><strong>Acrilato de 1H,1H,2H,2H-Heptadecafluorodecila<\/strong><strong>\u00a0Armazenamento<\/strong><\/h2>\n<h4>Mantenha-o em um local bem fechado, resistente \u00e0 luz, seco e fresco.<\/h4>\n<p>&nbsp;<\/p>\n<h2><strong>Produtos da mesma s\u00e9rie<\/strong><\/h2>\n<table style=\"border-collapse: collapse; width: 312.02pt;\" border=\"0\" width=\"416\" cellspacing=\"0\" cellpadding=\"0\">\n<tbody>\n<tr style=\"height: 67.50pt;\">\n<td class=\"et2\" style=\"height: 67.50pt; width: 201.75pt;\" width=\"269\" height=\"90\">\n<h4><a href=\"https:\/\/longchangchemical.com\/pt\/product\/cas-17527-29-6\/\"><span style=\"color: #0000ff;\"><span class=\"font1\">ACRILATO DE 1H,1H,2H,2H-PERFLUOROOCTILO<\/span><span class=\"font3\">\uff1b<\/span><span class=\"font1\">2-(Perfluorohexil)Acrilato de etila<\/span><\/span><\/a><\/h4>\n<\/td>\n<td class=\"et2\" style=\"width: 110.25pt;\" width=\"147\">\n<h4><span style=\"color: #0000ff;\">17527-29-6<\/span><\/h4>\n<\/td>\n<\/tr>\n<tr style=\"height: 67.50pt;\">\n<td class=\"et3\" style=\"height: 67.50pt; width: 201.75pt;\" width=\"269\" height=\"90\">\n<h4>Acrilato de 1H,1H,2H,2H-Heptadecafluorodecil; acrilato de perfluorooctilo; acrilato de 2-(perfluorooctilo) etilo<\/h4>\n<\/td>\n<td class=\"et3\" style=\"width: 110.25pt;\" width=\"147\">\n<h4>27905-45-9<\/h4>\n<\/td>\n<\/tr>\n<\/tbody>\n<\/table>\n<h2><\/h2>\n<h2><strong><b>Entre em contato conosco agora!<\/b><\/strong><\/h2>\n<h4><strong><b>Se voc\u00ea preencher o formul\u00e1rio abaixo e indicar que precisa de COA, MSDS ou TDS, geralmente entraremos em contato em 24 horas. Voc\u00ea tamb\u00e9m pode me enviar um e-mail <a href=\"mailto:info@longchangchemical.com\">info@longchangchemical.com<\/a> durante o hor\u00e1rio comercial (das 8h30 \u00e0s 18h UTC+8 de segunda a s\u00e1bado) ou use o bate-papo ao vivo do site para obter uma resposta imediata.<\/b><\/strong><\/h4>\n<p>&nbsp;<\/p>","protected":false},"excerpt":{"rendered":"<h4>Nome qu\u00edmico: Acrilato de 1H,1H,2H,2H-Heptadecafluorodecila<\/h4>\n<h4>N\u00famero CAS: 27905-45-9<\/h4>\n<h4>F\u00f3rmula molecular: C13H7F17O2<\/h4>\n<h4>Estrutura qu\u00edmica:<img decoding=\"async\" title=\"image.png\" src=\"https:\/\/www.longchangchemical.com\/wp-content\/uploads\/product-details\/20200617158433.png\" alt=\"image.png\" \/><\/h4>\n<h4>Peso molecular: 518,17<\/h4>\n<h4>Apar\u00eancia: L\u00edquido transparente<\/h4>\n<h4>Ensaio: 98%min<\/h4>","protected":false},"featured_media":4603,"comment_status":"open","ping_status":"closed","template":"","meta":[],"product_brand":[],"product_cat":[113],"product_tag":[],"class_list":{"0":"post-3739","1":"product","2":"type-product","3":"status-publish","4":"has-post-thumbnail","6":"product_cat-organic-intermediate","8":"first","9":"instock","10":"shipping-taxable","11":"product-type-simple"},"yoast_head":"<!-- This site is optimized with the Yoast SEO plugin v25.3.1 - https:\/\/yoast.com\/wordpress\/plugins\/seo\/ -->\n<title>China 1H,1H,2H,2H-Heptadecafluorodecyl acrylate Manufacturer \uff06 CAS 27905-45-9 Supplier - Longchang chemical Co., Ltd.<\/title>\n<meta name=\"description\" content=\"Longchang Chemical is a leading manufacturer and supplier of 1H,1H,2H,2H-Heptadecafluorodecyl acrylate in China. Buy perfluorooctylethyl acrylate in china. We can provide the best 2-(perfluorooctyl) ethyl acrylate price.\" \/>\n<meta name=\"robots\" content=\"index, follow, max-snippet:-1, max-image-preview:large, max-video-preview:-1\" \/>\n<link rel=\"canonical\" href=\"https:\/\/longchangchemical.com\/pt\/product\/cas-27905-45-9\/\" \/>\n<meta property=\"og:locale\" content=\"pt_BR\" \/>\n<meta property=\"og:type\" content=\"article\" \/>\n<meta property=\"og:title\" content=\"China 1H,1H,2H,2H-Heptadecafluorodecyl acrylate Manufacturer \uff06 CAS 27905-45-9 Supplier - Longchang chemical Co., Ltd.\" \/>\n<meta property=\"og:description\" content=\"Longchang Chemical is a leading manufacturer and supplier of 1H,1H,2H,2H-Heptadecafluorodecyl acrylate in China. Buy perfluorooctylethyl acrylate in china. We can provide the best 2-(perfluorooctyl) ethyl acrylate price.\" \/>\n<meta property=\"og:url\" content=\"https:\/\/longchangchemical.com\/pt\/product\/cas-27905-45-9\/\" \/>\n<meta property=\"og:site_name\" content=\"Longchang Chemical\" \/>\n<meta property=\"article:modified_time\" content=\"2025-12-22T08:31:57+00:00\" \/>\n<meta property=\"og:image\" content=\"https:\/\/longchangchemical.com\/wp-content\/uploads\/2021\/01\/Appearance-22.jpg\" \/>\n\t<meta property=\"og:image:width\" content=\"600\" \/>\n\t<meta property=\"og:image:height\" content=\"800\" \/>\n\t<meta property=\"og:image:type\" content=\"image\/jpeg\" \/>\n<meta name=\"twitter:card\" content=\"summary_large_image\" \/>\n<script type=\"application\/ld+json\" class=\"yoast-schema-graph\">{\"@context\":\"https:\/\/schema.org\",\"@graph\":[{\"@type\":\"WebPage\",\"@id\":\"https:\/\/longchangchemical.com\/product\/cas-27905-45-9\/\",\"url\":\"https:\/\/longchangchemical.com\/product\/cas-27905-45-9\/\",\"name\":\"China 1H,1H,2H,2H-Heptadecafluorodecyl acrylate Manufacturer \uff06 CAS 27905-45-9 Supplier - Longchang chemical Co., Ltd.\",\"isPartOf\":{\"@id\":\"https:\/\/longchangchemical.com\/#website\"},\"primaryImageOfPage\":{\"@id\":\"https:\/\/longchangchemical.com\/product\/cas-27905-45-9\/#primaryimage\"},\"image\":{\"@id\":\"https:\/\/longchangchemical.com\/product\/cas-27905-45-9\/#primaryimage\"},\"thumbnailUrl\":\"https:\/\/longchangchemical.com\/wp-content\/uploads\/2021\/01\/Appearance-22.jpg\",\"datePublished\":\"2021-05-10T13:56:46+00:00\",\"dateModified\":\"2025-12-22T08:31:57+00:00\",\"description\":\"Longchang Chemical is a leading manufacturer and supplier of 1H,1H,2H,2H-Heptadecafluorodecyl acrylate in China. Buy perfluorooctylethyl acrylate in china. We can provide the best 2-(perfluorooctyl) ethyl acrylate price.\",\"breadcrumb\":{\"@id\":\"https:\/\/longchangchemical.com\/product\/cas-27905-45-9\/#breadcrumb\"},\"inLanguage\":\"pt-BR\",\"potentialAction\":[{\"@type\":\"ReadAction\",\"target\":[\"https:\/\/longchangchemical.com\/product\/cas-27905-45-9\/\"]}]},{\"@type\":\"ImageObject\",\"inLanguage\":\"pt-BR\",\"@id\":\"https:\/\/longchangchemical.com\/product\/cas-27905-45-9\/#primaryimage\",\"url\":\"https:\/\/longchangchemical.com\/wp-content\/uploads\/2021\/01\/Appearance-22.jpg\",\"contentUrl\":\"https:\/\/longchangchemical.com\/wp-content\/uploads\/2021\/01\/Appearance-22.jpg\",\"width\":600,\"height\":800,\"caption\":\"perfluorooctylethyl acrylate Appearance\"},{\"@type\":\"BreadcrumbList\",\"@id\":\"https:\/\/longchangchemical.com\/product\/cas-27905-45-9\/#breadcrumb\",\"itemListElement\":[{\"@type\":\"ListItem\",\"position\":1,\"name\":\"Home\",\"item\":\"https:\/\/longchangchemical.com\/\"},{\"@type\":\"ListItem\",\"position\":2,\"name\":\"Products Longchang\",\"item\":\"https:\/\/longchangchemical.com\/product\/\"},{\"@type\":\"ListItem\",\"position\":3,\"name\":\"1H,1H,2H,2H-Heptadecafluorodecyl Acrylate CAS 27905-45-9\"}]},{\"@type\":\"WebSite\",\"@id\":\"https:\/\/longchangchemical.com\/#website\",\"url\":\"https:\/\/longchangchemical.com\/\",\"name\":\"Longchang Chemical\",\"description\":\"China chemical manufacturer \uff06 supplier\",\"publisher\":{\"@id\":\"https:\/\/longchangchemical.com\/#organization\"},\"potentialAction\":[{\"@type\":\"SearchAction\",\"target\":{\"@type\":\"EntryPoint\",\"urlTemplate\":\"https:\/\/longchangchemical.com\/?s={search_term_string}\"},\"query-input\":{\"@type\":\"PropertyValueSpecification\",\"valueRequired\":true,\"valueName\":\"search_term_string\"}}],\"inLanguage\":\"pt-BR\"},{\"@type\":\"Organization\",\"@id\":\"https:\/\/longchangchemical.com\/#organization\",\"name\":\"Longchang Chemical\",\"url\":\"https:\/\/longchangchemical.com\/\",\"logo\":{\"@type\":\"ImageObject\",\"inLanguage\":\"pt-BR\",\"@id\":\"https:\/\/longchangchemical.com\/#\/schema\/logo\/image\/\",\"url\":\"https:\/\/longchangchemical.com\/wp-content\/uploads\/2020\/08\/cropped-longchang-logo.png\",\"contentUrl\":\"https:\/\/longchangchemical.com\/wp-content\/uploads\/2020\/08\/cropped-longchang-logo.png\",\"width\":512,\"height\":512,\"caption\":\"Longchang Chemical\"},\"image\":{\"@id\":\"https:\/\/longchangchemical.com\/#\/schema\/logo\/image\/\"}}]}<\/script>\n<!-- \/ Yoast SEO plugin. -->","yoast_head_json":{"title":"China 1H,1H,2H,2H-Heptadecafluorodecil acrilato Fabricante \uff06 CAS 27905-45-9 Fornecedor - Longchang chemical Co.","description":"A Longchang Chemical \u00e9 um fabricante e fornecedor l\u00edder de acrilato de 1H,1H,2H,2H-Heptadecafluorodecila na China. Compre acrilato de perfluorooctilo na China. Podemos oferecer o melhor pre\u00e7o de acrilato de 2-(perfluorooctilo) etila.","robots":{"index":"index","follow":"follow","max-snippet":"max-snippet:-1","max-image-preview":"max-image-preview:large","max-video-preview":"max-video-preview:-1"},"canonical":"https:\/\/longchangchemical.com\/pt\/product\/cas-27905-45-9\/","og_locale":"pt_BR","og_type":"article","og_title":"China 1H,1H,2H,2H-Heptadecafluorodecyl acrylate Manufacturer \uff06 CAS 27905-45-9 Supplier - Longchang chemical Co., Ltd.","og_description":"Longchang Chemical is a leading manufacturer and supplier of 1H,1H,2H,2H-Heptadecafluorodecyl acrylate in China. Buy perfluorooctylethyl acrylate in china. We can provide the best 2-(perfluorooctyl) ethyl acrylate price.","og_url":"https:\/\/longchangchemical.com\/pt\/product\/cas-27905-45-9\/","og_site_name":"Longchang Chemical","article_modified_time":"2025-12-22T08:31:57+00:00","og_image":[{"width":600,"height":800,"url":"https:\/\/longchangchemical.com\/wp-content\/uploads\/2021\/01\/Appearance-22.jpg","type":"image\/jpeg"}],"twitter_card":"summary_large_image","schema":{"@context":"https:\/\/schema.org","@graph":[{"@type":"WebPage","@id":"https:\/\/longchangchemical.com\/product\/cas-27905-45-9\/","url":"https:\/\/longchangchemical.com\/product\/cas-27905-45-9\/","name":"China 1H,1H,2H,2H-Heptadecafluorodecil acrilato Fabricante \uff06 CAS 27905-45-9 Fornecedor - Longchang chemical Co.","isPartOf":{"@id":"https:\/\/longchangchemical.com\/#website"},"primaryImageOfPage":{"@id":"https:\/\/longchangchemical.com\/product\/cas-27905-45-9\/#primaryimage"},"image":{"@id":"https:\/\/longchangchemical.com\/product\/cas-27905-45-9\/#primaryimage"},"thumbnailUrl":"https:\/\/longchangchemical.com\/wp-content\/uploads\/2021\/01\/Appearance-22.jpg","datePublished":"2021-05-10T13:56:46+00:00","dateModified":"2025-12-22T08:31:57+00:00","description":"A Longchang Chemical \u00e9 um fabricante e fornecedor l\u00edder de acrilato de 1H,1H,2H,2H-Heptadecafluorodecila na China. Compre acrilato de perfluorooctilo na China. Podemos oferecer o melhor pre\u00e7o de acrilato de 2-(perfluorooctilo) etila.","breadcrumb":{"@id":"https:\/\/longchangchemical.com\/product\/cas-27905-45-9\/#breadcrumb"},"inLanguage":"pt-BR","potentialAction":[{"@type":"ReadAction","target":["https:\/\/longchangchemical.com\/product\/cas-27905-45-9\/"]}]},{"@type":"ImageObject","inLanguage":"pt-BR","@id":"https:\/\/longchangchemical.com\/product\/cas-27905-45-9\/#primaryimage","url":"https:\/\/longchangchemical.com\/wp-content\/uploads\/2021\/01\/Appearance-22.jpg","contentUrl":"https:\/\/longchangchemical.com\/wp-content\/uploads\/2021\/01\/Appearance-22.jpg","width":600,"height":800,"caption":"perfluorooctylethyl acrylate Appearance"},{"@type":"BreadcrumbList","@id":"https:\/\/longchangchemical.com\/product\/cas-27905-45-9\/#breadcrumb","itemListElement":[{"@type":"ListItem","position":1,"name":"Home","item":"https:\/\/longchangchemical.com\/"},{"@type":"ListItem","position":2,"name":"Products Longchang","item":"https:\/\/longchangchemical.com\/product\/"},{"@type":"ListItem","position":3,"name":"1H,1H,2H,2H-Heptadecafluorodecyl Acrylate CAS 27905-45-9"}]},{"@type":"WebSite","@id":"https:\/\/longchangchemical.com\/#website","url":"https:\/\/longchangchemical.com\/","name":"Qu\u00edmica Longchang","description":"Fabricante de produtos qu\u00edmicos na China \uff06 fornecedor","publisher":{"@id":"https:\/\/longchangchemical.com\/#organization"},"potentialAction":[{"@type":"SearchAction","target":{"@type":"EntryPoint","urlTemplate":"https:\/\/longchangchemical.com\/?s={search_term_string}"},"query-input":{"@type":"PropertyValueSpecification","valueRequired":true,"valueName":"search_term_string"}}],"inLanguage":"pt-BR"},{"@type":"Organization","@id":"https:\/\/longchangchemical.com\/#organization","name":"Qu\u00edmica Longchang","url":"https:\/\/longchangchemical.com\/","logo":{"@type":"ImageObject","inLanguage":"pt-BR","@id":"https:\/\/longchangchemical.com\/#\/schema\/logo\/image\/","url":"https:\/\/longchangchemical.com\/wp-content\/uploads\/2020\/08\/cropped-longchang-logo.png","contentUrl":"https:\/\/longchangchemical.com\/wp-content\/uploads\/2020\/08\/cropped-longchang-logo.png","width":512,"height":512,"caption":"Longchang Chemical"},"image":{"@id":"https:\/\/longchangchemical.com\/#\/schema\/logo\/image\/"}}]}},"_links":{"self":[{"href":"https:\/\/longchangchemical.com\/pt\/wp-json\/wp\/v2\/product\/3739","targetHints":{"allow":["GET"]}}],"collection":[{"href":"https:\/\/longchangchemical.com\/pt\/wp-json\/wp\/v2\/product"}],"about":[{"href":"https:\/\/longchangchemical.com\/pt\/wp-json\/wp\/v2\/types\/product"}],"replies":[{"embeddable":true,"href":"https:\/\/longchangchemical.com\/pt\/wp-json\/wp\/v2\/comments?post=3739"}],"wp:featuredmedia":[{"embeddable":true,"href":"https:\/\/longchangchemical.com\/pt\/wp-json\/wp\/v2\/media\/4603"}],"wp:attachment":[{"href":"https:\/\/longchangchemical.com\/pt\/wp-json\/wp\/v2\/media?parent=3739"}],"wp:term":[{"taxonomy":"product_brand","embeddable":true,"href":"https:\/\/longchangchemical.com\/pt\/wp-json\/wp\/v2\/product_brand?post=3739"},{"taxonomy":"product_cat","embeddable":true,"href":"https:\/\/longchangchemical.com\/pt\/wp-json\/wp\/v2\/product_cat?post=3739"},{"taxonomy":"product_tag","embeddable":true,"href":"https:\/\/longchangchemical.com\/pt\/wp-json\/wp\/v2\/product_tag?post=3739"}],"curies":[{"name":"wp","href":"https:\/\/api.w.org\/{rel}","templated":true}]}}