{"id":3720,"date":"2023-05-18T13:22:11","date_gmt":"2023-05-18T13:22:11","guid":{"rendered":"https:\/\/longchangchemical.com\/?post_type=product&#038;p=3720"},"modified":"2026-01-09T06:40:13","modified_gmt":"2026-01-09T06:40:13","slug":"cas-5466-77-3","status":"publish","type":"product","link":"https:\/\/longchangchemical.com\/pt\/product\/cas-5466-77-3\/","title":{"rendered":"CHLUMIUV\u00ae Octyl 4-methoxycinnamate cas 5466-77-3"},"content":{"rendered":"<p>&nbsp;<\/p>\n<table class=\"table-1\" cellspacing=\"0\">\n<tbody>\n<tr>\n<td><strong>Item<\/strong><\/td>\n<td><strong>Especifica\u00e7\u00e3o<\/strong><\/td>\n<td><strong>Item<\/strong><\/td>\n<td><strong>Especifica\u00e7\u00e3o<\/strong><\/td>\n<\/tr>\n<tr>\n<td>Apar\u00eancia<\/td>\n<td>L\u00edquido incolor ou amarelo claro<\/td>\n<td>Valor de per\u00f3xido<\/td>\n<td>1,0mg\/kg M\u00e1x.<\/td>\n<\/tr>\n<tr>\n<td>Odor<\/td>\n<td>Muito fraco, caracter\u00edstico<\/td>\n<td>Cor (Hazen)<\/td>\n<td>70 M\u00e1ximo<\/td>\n<\/tr>\n<tr>\n<td>A Identifica\u00e7\u00e3o IR 197F<\/td>\n<td>Deve estar em conformidade<\/td>\n<td>A 1%\/1cm (310nm em etanol)<\/td>\n<td>850 min<\/td>\n<\/tr>\n<tr>\n<td>B Identifica\u00e7\u00e3o UV 197U<\/td>\n<td>Deve estar em conformidade<\/td>\n<td>Ensaio<\/td>\n<td>98.0%~108.0%<\/td>\n<\/tr>\n<tr>\n<td>Acidez<\/td>\n<td>N\u00e3o mais do que 0,8 ml de NaOH 0,1N consumido<\/td>\n<td>Pureza (GC)<\/td>\n<td>98.0% M\u00ednimo<\/td>\n<\/tr>\n<tr>\n<td>Valor de acidez<\/td>\n<td>\u22641,0mg KOH\/g<\/td>\n<td>Impureza individual<\/td>\n<td>0,5g\/100g M\u00e1x.<\/td>\n<\/tr>\n<tr>\n<td>Gravidade espec\u00edfica<\/td>\n<td>1.005-1.013<\/td>\n<td>Impurezas totais<\/td>\n<td>2,0g\/100g M\u00e1x.<\/td>\n<\/tr>\n<tr>\n<td>\u00cdndice de refra\u00e7\u00e3o<\/td>\n<td>1.542-1.548<\/td>\n<td><\/td>\n<td><\/td>\n<\/tr>\n<\/tbody>\n<\/table>\n<p><strong>Uso do 4-metoxicinamato de octila<\/strong><\/p>\n<p>1. Absorvedor de UV sol\u00favel em \u00f3leo UV-B amplamente utilizado no mundo; excelente seguran\u00e7a, aprovado em todo o mundo; f\u00e1cil de aplicar em uma variedade de formula\u00e7\u00f5es de protetor solar.<\/p>\n<p>2. Usado como agente antienvelhecimento para pl\u00e1sticos e tintas e como absorvedor de ultravioleta na ind\u00fastria.<\/p>\n<p>&nbsp;<\/p>\n<p><strong>Embalagem de 4-metoxicinamato de octila<\/strong><\/p>\n<p>200kgs por tambor 1x20FCL carregam 80 tambores com paletes, totalizando 16000kgs<\/p>\n<p>25kgs por tambor, 32 tambores em um palete (800kgs), carga total de 1x20FCL 16000kgs<\/p>\n<p>Mas esse pequeno tambor s\u00f3 pode fornecer de 1 a 2 tambores para pedidos de amostra.<\/p>\n<h2><strong>Entre em contato conosco agora!<\/strong><\/h2>\n<p><strong>Se voc\u00ea precisar de COA, MSDS ou TDS de <span style=\"color: #00ccff;\"><a style=\"color: #00ccff;\" href=\"https:\/\/longchangchemical.com\/pt\/product-category\/lcsorb-uv-absorber\/\">Absorvedor de UV lcsorb<\/a><\/span>Preencha suas informa\u00e7\u00f5es de contato no formul\u00e1rio abaixo. Normalmente, entraremos em contato dentro de 24 horas. Voc\u00ea tamb\u00e9m pode me enviar um e-mail <span style=\"color: #00ccff;\"><a style=\"color: #00ccff;\" href=\"mailto:info@longchangchemical.com\">info@longchangchemical.com<\/a> <\/span>durante o hor\u00e1rio comercial (das 8h30 \u00e0s 18h UTC+8 de segunda a s\u00e1bado) ou use o bate-papo ao vivo do site para obter uma resposta imediata.<\/strong><\/p>","protected":false},"excerpt":{"rendered":"<p>Nome qu\u00edmico: 4-metoxicinamato de octila<\/p>\n<p>CAS: 5466-77-3<\/p>\n<p>F\u00f3rmula molecular: C18H26O3<\/p>\n<p>Peso molecular: 290,4<\/p>\n<p>Estrutura qu\u00edmica:<img decoding=\"async\" title=\"Estrutura do 4-metoxicinamato de octila\" src=\"https:\/\/www.longchangchemical.com\/wp-content\/uploads\/product-details\/20200616109869.png\" alt=\"Estrutura do 4-metoxicinamato de octila\" width=\"161\" height=\"127\" border=\"0\" vspace=\"0\" \/><\/p>\n<p>Apar\u00eancia: L\u00edquido incolor a amarelo claro<\/p>\n<p>Ensaio: 95,0%~105%<\/p>","protected":false},"featured_media":7935,"comment_status":"open","ping_status":"closed","template":"","meta":[],"product_brand":[],"product_cat":[139],"product_tag":[],"class_list":{"0":"post-3720","1":"product","2":"type-product","3":"status-publish","4":"has-post-thumbnail","6":"product_cat-lcsorb-uv-absorber","8":"first","9":"instock","10":"shipping-taxable","11":"product-type-simple"},"yoast_head":"<!-- This site is optimized with the Yoast SEO plugin v25.3.1 - https:\/\/yoast.com\/wordpress\/plugins\/seo\/ -->\n<title>China CHLUMIUV\u00ae Octyl 4-methoxycinnamate cas 5466-77-3 Manufacturer - Longchang Chemical<\/title>\n<meta name=\"description\" content=\"CHLUMIUV\u00ae Octyl 4-methoxycinnamate cas 5466-77-3 is a key product of Longchang Chemical. We provide the best price. We are the leading manufacturer in China with the best quality and competitive price.\" \/>\n<meta name=\"robots\" content=\"index, follow, max-snippet:-1, max-image-preview:large, max-video-preview:-1\" \/>\n<link rel=\"canonical\" href=\"https:\/\/longchangchemical.com\/pt\/product\/cas-5466-77-3\/\" \/>\n<meta property=\"og:locale\" content=\"pt_BR\" \/>\n<meta property=\"og:type\" content=\"article\" \/>\n<meta property=\"og:title\" content=\"China CHLUMIUV\u00ae Octyl 4-methoxycinnamate cas 5466-77-3 Manufacturer - Longchang Chemical\" \/>\n<meta property=\"og:description\" content=\"CHLUMIUV\u00ae Octyl 4-methoxycinnamate cas 5466-77-3 is a key product of Longchang Chemical. We provide the best price. We are the leading manufacturer in China with the best quality and competitive price.\" \/>\n<meta property=\"og:url\" content=\"https:\/\/longchangchemical.com\/pt\/product\/cas-5466-77-3\/\" \/>\n<meta property=\"og:site_name\" content=\"Longchang Chemical\" \/>\n<meta property=\"article:modified_time\" content=\"2026-01-09T06:40:13+00:00\" \/>\n<meta property=\"og:image\" content=\"https:\/\/longchangchemical.com\/wp-content\/uploads\/2023\/05\/5466-77-3.jpg\" \/>\n\t<meta property=\"og:image:width\" content=\"600\" \/>\n\t<meta property=\"og:image:height\" content=\"600\" \/>\n\t<meta property=\"og:image:type\" content=\"image\/jpeg\" \/>\n<meta name=\"twitter:card\" content=\"summary_large_image\" \/>\n<script type=\"application\/ld+json\" class=\"yoast-schema-graph\">{\"@context\":\"https:\/\/schema.org\",\"@graph\":[{\"@type\":\"WebPage\",\"@id\":\"https:\/\/longchangchemical.com\/product\/cas-5466-77-3\/\",\"url\":\"https:\/\/longchangchemical.com\/product\/cas-5466-77-3\/\",\"name\":\"China CHLUMIUV\u00ae Octyl 4-methoxycinnamate cas 5466-77-3 Manufacturer - Longchang Chemical\",\"isPartOf\":{\"@id\":\"https:\/\/longchangchemical.com\/#website\"},\"primaryImageOfPage\":{\"@id\":\"https:\/\/longchangchemical.com\/product\/cas-5466-77-3\/#primaryimage\"},\"image\":{\"@id\":\"https:\/\/longchangchemical.com\/product\/cas-5466-77-3\/#primaryimage\"},\"thumbnailUrl\":\"https:\/\/longchangchemical.com\/wp-content\/uploads\/2023\/05\/5466-77-3.jpg\",\"datePublished\":\"2023-05-18T13:22:11+00:00\",\"dateModified\":\"2026-01-09T06:40:13+00:00\",\"description\":\"CHLUMIUV\u00ae Octyl 4-methoxycinnamate cas 5466-77-3 is a key product of Longchang Chemical. We provide the best price. We are the leading manufacturer in China with the best quality and competitive price.\",\"breadcrumb\":{\"@id\":\"https:\/\/longchangchemical.com\/product\/cas-5466-77-3\/#breadcrumb\"},\"inLanguage\":\"pt-BR\",\"potentialAction\":[{\"@type\":\"ReadAction\",\"target\":[\"https:\/\/longchangchemical.com\/product\/cas-5466-77-3\/\"]}]},{\"@type\":\"ImageObject\",\"inLanguage\":\"pt-BR\",\"@id\":\"https:\/\/longchangchemical.com\/product\/cas-5466-77-3\/#primaryimage\",\"url\":\"https:\/\/longchangchemical.com\/wp-content\/uploads\/2023\/05\/5466-77-3.jpg\",\"contentUrl\":\"https:\/\/longchangchemical.com\/wp-content\/uploads\/2023\/05\/5466-77-3.jpg\",\"width\":600,\"height\":600},{\"@type\":\"BreadcrumbList\",\"@id\":\"https:\/\/longchangchemical.com\/product\/cas-5466-77-3\/#breadcrumb\",\"itemListElement\":[{\"@type\":\"ListItem\",\"position\":1,\"name\":\"Home\",\"item\":\"https:\/\/longchangchemical.com\/\"},{\"@type\":\"ListItem\",\"position\":2,\"name\":\"Products Longchang\",\"item\":\"https:\/\/longchangchemical.com\/product\/\"},{\"@type\":\"ListItem\",\"position\":3,\"name\":\"CHLUMIUV\u00ae Octyl 4-methoxycinnamate cas 5466-77-3\"}]},{\"@type\":\"WebSite\",\"@id\":\"https:\/\/longchangchemical.com\/#website\",\"url\":\"https:\/\/longchangchemical.com\/\",\"name\":\"Longchang Chemical\",\"description\":\"China chemical manufacturer \uff06 supplier\",\"publisher\":{\"@id\":\"https:\/\/longchangchemical.com\/#organization\"},\"potentialAction\":[{\"@type\":\"SearchAction\",\"target\":{\"@type\":\"EntryPoint\",\"urlTemplate\":\"https:\/\/longchangchemical.com\/?s={search_term_string}\"},\"query-input\":{\"@type\":\"PropertyValueSpecification\",\"valueRequired\":true,\"valueName\":\"search_term_string\"}}],\"inLanguage\":\"pt-BR\"},{\"@type\":\"Organization\",\"@id\":\"https:\/\/longchangchemical.com\/#organization\",\"name\":\"Longchang Chemical\",\"url\":\"https:\/\/longchangchemical.com\/\",\"logo\":{\"@type\":\"ImageObject\",\"inLanguage\":\"pt-BR\",\"@id\":\"https:\/\/longchangchemical.com\/#\/schema\/logo\/image\/\",\"url\":\"https:\/\/longchangchemical.com\/wp-content\/uploads\/2020\/08\/cropped-longchang-logo.png\",\"contentUrl\":\"https:\/\/longchangchemical.com\/wp-content\/uploads\/2020\/08\/cropped-longchang-logo.png\",\"width\":512,\"height\":512,\"caption\":\"Longchang Chemical\"},\"image\":{\"@id\":\"https:\/\/longchangchemical.com\/#\/schema\/logo\/image\/\"}}]}<\/script>\n<!-- \/ Yoast SEO plugin. -->","yoast_head_json":{"title":"China CHLUMIUV\u00ae Octyl 4-methoxycinnamate cas 5466-77-3 Fabricante - Longchang Chemical","description":"CHLUMIUV\u00ae Octyl 4-methoxycinnamate cas 5466-77-3 \u00e9 um produto-chave da Longchang Chemical. Oferecemos o melhor pre\u00e7o. Somos o fabricante l\u00edder na China, com a melhor qualidade e pre\u00e7o competitivo.","robots":{"index":"index","follow":"follow","max-snippet":"max-snippet:-1","max-image-preview":"max-image-preview:large","max-video-preview":"max-video-preview:-1"},"canonical":"https:\/\/longchangchemical.com\/pt\/product\/cas-5466-77-3\/","og_locale":"pt_BR","og_type":"article","og_title":"China CHLUMIUV\u00ae Octyl 4-methoxycinnamate cas 5466-77-3 Manufacturer - Longchang Chemical","og_description":"CHLUMIUV\u00ae Octyl 4-methoxycinnamate cas 5466-77-3 is a key product of Longchang Chemical. We provide the best price. We are the leading manufacturer in China with the best quality and competitive price.","og_url":"https:\/\/longchangchemical.com\/pt\/product\/cas-5466-77-3\/","og_site_name":"Longchang Chemical","article_modified_time":"2026-01-09T06:40:13+00:00","og_image":[{"width":600,"height":600,"url":"https:\/\/longchangchemical.com\/wp-content\/uploads\/2023\/05\/5466-77-3.jpg","type":"image\/jpeg"}],"twitter_card":"summary_large_image","schema":{"@context":"https:\/\/schema.org","@graph":[{"@type":"WebPage","@id":"https:\/\/longchangchemical.com\/product\/cas-5466-77-3\/","url":"https:\/\/longchangchemical.com\/product\/cas-5466-77-3\/","name":"China CHLUMIUV\u00ae Octyl 4-methoxycinnamate cas 5466-77-3 Fabricante - Longchang Chemical","isPartOf":{"@id":"https:\/\/longchangchemical.com\/#website"},"primaryImageOfPage":{"@id":"https:\/\/longchangchemical.com\/product\/cas-5466-77-3\/#primaryimage"},"image":{"@id":"https:\/\/longchangchemical.com\/product\/cas-5466-77-3\/#primaryimage"},"thumbnailUrl":"https:\/\/longchangchemical.com\/wp-content\/uploads\/2023\/05\/5466-77-3.jpg","datePublished":"2023-05-18T13:22:11+00:00","dateModified":"2026-01-09T06:40:13+00:00","description":"CHLUMIUV\u00ae Octyl 4-methoxycinnamate cas 5466-77-3 \u00e9 um produto-chave da Longchang Chemical. Oferecemos o melhor pre\u00e7o. Somos o fabricante l\u00edder na China, com a melhor qualidade e pre\u00e7o competitivo.","breadcrumb":{"@id":"https:\/\/longchangchemical.com\/product\/cas-5466-77-3\/#breadcrumb"},"inLanguage":"pt-BR","potentialAction":[{"@type":"ReadAction","target":["https:\/\/longchangchemical.com\/product\/cas-5466-77-3\/"]}]},{"@type":"ImageObject","inLanguage":"pt-BR","@id":"https:\/\/longchangchemical.com\/product\/cas-5466-77-3\/#primaryimage","url":"https:\/\/longchangchemical.com\/wp-content\/uploads\/2023\/05\/5466-77-3.jpg","contentUrl":"https:\/\/longchangchemical.com\/wp-content\/uploads\/2023\/05\/5466-77-3.jpg","width":600,"height":600},{"@type":"BreadcrumbList","@id":"https:\/\/longchangchemical.com\/product\/cas-5466-77-3\/#breadcrumb","itemListElement":[{"@type":"ListItem","position":1,"name":"Home","item":"https:\/\/longchangchemical.com\/"},{"@type":"ListItem","position":2,"name":"Products Longchang","item":"https:\/\/longchangchemical.com\/product\/"},{"@type":"ListItem","position":3,"name":"CHLUMIUV\u00ae Octyl 4-methoxycinnamate cas 5466-77-3"}]},{"@type":"WebSite","@id":"https:\/\/longchangchemical.com\/#website","url":"https:\/\/longchangchemical.com\/","name":"Qu\u00edmica Longchang","description":"Fabricante de produtos qu\u00edmicos na China \uff06 fornecedor","publisher":{"@id":"https:\/\/longchangchemical.com\/#organization"},"potentialAction":[{"@type":"SearchAction","target":{"@type":"EntryPoint","urlTemplate":"https:\/\/longchangchemical.com\/?s={search_term_string}"},"query-input":{"@type":"PropertyValueSpecification","valueRequired":true,"valueName":"search_term_string"}}],"inLanguage":"pt-BR"},{"@type":"Organization","@id":"https:\/\/longchangchemical.com\/#organization","name":"Qu\u00edmica Longchang","url":"https:\/\/longchangchemical.com\/","logo":{"@type":"ImageObject","inLanguage":"pt-BR","@id":"https:\/\/longchangchemical.com\/#\/schema\/logo\/image\/","url":"https:\/\/longchangchemical.com\/wp-content\/uploads\/2020\/08\/cropped-longchang-logo.png","contentUrl":"https:\/\/longchangchemical.com\/wp-content\/uploads\/2020\/08\/cropped-longchang-logo.png","width":512,"height":512,"caption":"Longchang Chemical"},"image":{"@id":"https:\/\/longchangchemical.com\/#\/schema\/logo\/image\/"}}]}},"_links":{"self":[{"href":"https:\/\/longchangchemical.com\/pt\/wp-json\/wp\/v2\/product\/3720","targetHints":{"allow":["GET"]}}],"collection":[{"href":"https:\/\/longchangchemical.com\/pt\/wp-json\/wp\/v2\/product"}],"about":[{"href":"https:\/\/longchangchemical.com\/pt\/wp-json\/wp\/v2\/types\/product"}],"replies":[{"embeddable":true,"href":"https:\/\/longchangchemical.com\/pt\/wp-json\/wp\/v2\/comments?post=3720"}],"wp:featuredmedia":[{"embeddable":true,"href":"https:\/\/longchangchemical.com\/pt\/wp-json\/wp\/v2\/media\/7935"}],"wp:attachment":[{"href":"https:\/\/longchangchemical.com\/pt\/wp-json\/wp\/v2\/media?parent=3720"}],"wp:term":[{"taxonomy":"product_brand","embeddable":true,"href":"https:\/\/longchangchemical.com\/pt\/wp-json\/wp\/v2\/product_brand?post=3720"},{"taxonomy":"product_cat","embeddable":true,"href":"https:\/\/longchangchemical.com\/pt\/wp-json\/wp\/v2\/product_cat?post=3720"},{"taxonomy":"product_tag","embeddable":true,"href":"https:\/\/longchangchemical.com\/pt\/wp-json\/wp\/v2\/product_tag?post=3720"}],"curies":[{"name":"wp","href":"https:\/\/api.w.org\/{rel}","templated":true}]}}