{"id":3701,"date":"2021-04-25T07:03:26","date_gmt":"2021-04-25T07:03:26","guid":{"rendered":"https:\/\/longchangchemical.com\/?post_type=product&#038;p=3701"},"modified":"2026-05-08T02:59:35","modified_gmt":"2026-05-08T02:59:35","slug":"methylisothiazolinone-cas-2682-20-4","status":"publish","type":"product","link":"https:\/\/longchangchemical.com\/pt\/product\/methylisothiazolinone-cas-2682-20-4\/","title":{"rendered":"2-Metil-4-Isotiazolina-3-Cetona | Metilisotiazolinona CAS 2682-20-4"},"content":{"rendered":"<h2><strong>2-Metil-4-Isotiazolina-3-Cetona | Metilisotiazolinona CAS 2682-20-4<\/strong><\/h2>\n<table>\n<tbody>\n<tr>\n<td width=\"242\">\n<h4><strong><b>Item<\/b><\/strong><\/h4>\n<\/td>\n<td width=\"231\">\n<h4><strong><b>Especifica\u00e7\u00f5es<\/b><\/strong><\/h4>\n<\/td>\n<td width=\"227\">\n<h4><strong><b>Resultados<\/b><\/strong><\/h4>\n<\/td>\n<\/tr>\n<tr>\n<td width=\"242\">\n<h4>Apar\u00eancia<\/h4>\n<\/td>\n<td width=\"231\">\n<h4>P\u00f3 cristalino branco ou quase branco<\/h4>\n<\/td>\n<td width=\"227\">\n<h4>Em conformidade<\/h4>\n<\/td>\n<\/tr>\n<tr>\n<td width=\"242\">\n<h4>Ensaio %<\/h4>\n<\/td>\n<td width=\"231\">\n<h4>\u226599<\/h4>\n<\/td>\n<td width=\"227\">\n<h4>99.58<\/h4>\n<\/td>\n<\/tr>\n<tr>\n<td width=\"242\">\n<h4>Conclus\u00e3o<\/h4>\n<\/td>\n<td colspan=\"2\" width=\"458\">\n<h4>Os resultados est\u00e3o em conformidade com os padr\u00f5es da empresa<\/h4>\n<\/td>\n<\/tr>\n<\/tbody>\n<\/table>\n<p>&nbsp;<\/p>\n<h2><strong>Uso da metilisotiazolinona<\/strong><\/h2>\n<h4>1. A metilisotiazolinona \u00e9 um novo tipo de fungicida importado da Europa para o meu pa\u00eds.<\/h4>\n<h4>2. A mat\u00e9ria org\u00e2nica isotiazolinona pode inibir o crescimento e a reprodu\u00e7\u00e3o de v\u00e1rios microrganismos (como bact\u00e9rias, fungos, leveduras etc.) e \u00e9 um fungicida de amplo espectro amplamente utilizado.<\/h4>\n<h4>3. Em compara\u00e7\u00e3o com outros tipos de fungicidas, a metilisotiazolinona tem as vantagens do efeito \u00f3bvio e da velocidade de a\u00e7\u00e3o r\u00e1pida no controle do crescimento e do metabolismo dos microrganismos e na preven\u00e7\u00e3o da forma\u00e7\u00e3o de biofilmes.<\/h4>\n<h4>4. Em cosm\u00e9ticos, a atividade da metilisotiazolinona \u00e9 bastante alta, e a durabilidade \u00e9 muito boa. Devido \u00e0 sua alta seguran\u00e7a, ela pode ser promovida em produtos residentes. Cremes faciais, protetores solares para cuidados com a pele e len\u00e7os de papel, toalhas pequenas e xampus anticaspa t\u00eam um grande potencial de mercado. A metilisotiazolinona \u00e9 amplamente adicionada a cosm\u00e9ticos e produtos de cuidados pessoais para prolongar a vida \u00fatil.<\/h4>\n<p>&nbsp;<\/p>\n<h2><strong>Embalagem e envio da metilisotiazolinona<\/strong><\/h2>\n<h4>Embalagem: 1 kg\/saco; 25 kg\/saco\/tambor<\/h4>\n<h4>Entrega: por via mar\u00edtima\/a\u00e9rea, DHL ou Fedex.<\/h4>\n<p>&nbsp;<\/p>\n<h2><strong>Armazenamento de metilisotiazolinona<\/strong><\/h2>\n<h4>Este produto deve ser armazenado em um recipiente ou tanque fresco, seco e vedado. O dep\u00f3sito de armazenamento deve ser limpo, ventilado e inspecionado regularmente, em baixa temperatura e seco, por um ano a 25\u00b0C.<\/h4>\n<p>&nbsp;<\/p>\n<h2><strong>Produtos da mesma s\u00e9rie<\/strong><\/h2>\n<table style=\"border-collapse: collapse; width: 312.02pt;\" border=\"0\" width=\"416\" cellspacing=\"0\" cellpadding=\"0\">\n<tbody>\n<tr style=\"height: 54.00pt;\">\n<td class=\"et2\" style=\"height: 54.00pt; width: 201.75pt;\" width=\"269\" height=\"72\">\n<h4><a href=\"https:\/\/longchangchemical.com\/pt\/product\/isothiazolinones-cmit-mit-cas-26172-55-4\/\"><span style=\"color: #0000ff;\">Isotiazolinonas \/ CMIT-MIT<\/span><\/a><\/h4>\n<\/td>\n<td class=\"et2\" style=\"width: 110.25pt;\" width=\"147\">\n<h4>26172-55-4<\/h4>\n<\/td>\n<\/tr>\n<tr style=\"height: 40.50pt;\">\n<td class=\"et2\" style=\"height: 40.50pt; width: 201.75pt;\" width=\"269\" height=\"54\">\n<h4>Metilisotiazolinona<\/h4>\n<\/td>\n<td class=\"et2\" style=\"width: 110.25pt;\" width=\"147\">\n<h4>2682-20-4<\/h4>\n<\/td>\n<\/tr>\n<\/tbody>\n<\/table>\n<h2><\/h2>\n<h2><strong><b>Entre em contato conosco agora!<\/b><\/strong><\/h2>\n<h4><strong><b>Oferecemos servi\u00e7os personalizados e, normalmente, entraremos em contato com voc\u00ea dentro de 24 horas. Voc\u00ea tamb\u00e9m pode me enviar um e-mail para info@longchangchemical.com durante o hor\u00e1rio comercial (das 8h30 \u00e0s 18h UTC+8 de segunda a s\u00e1bado) ou usar o bate-papo ao vivo do site para obter uma resposta r\u00e1pida.<\/b><\/strong><\/h4>\n<p>&nbsp;<\/p>","protected":false},"excerpt":{"rendered":"<h4>Nome qu\u00edmico: 2-Metil-4-Isotiazolina-3-Cetona (MIT)<\/h4>\n<h4>Nome do produto: Metilisotiazolinona<\/h4>\n<h4>N\u00famero CAS: 2682-20-4<\/h4>\n<h4>F\u00f3rmula molecular: C4H5NOS<\/h4>\n<h4>Peso molecular: 115,15<\/h4>\n<h4>Estrutura qu\u00edmica:<img decoding=\"async\" title=\"Estrutura da 2-metil-4-isotiazolina-3-cetona (MIT CAS 2682-20-4)\" src=\"https:\/\/www.longchangchemical.com\/wp-content\/uploads\/product-details\/20200612029756.png\" alt=\"Estrutura da 2-metil-4-isotiazolina-3-cetona (MIT CAS 2682-20-4)\" width=\"200\" height=\"74\" border=\"0\" vspace=\"0\" \/><\/h4>\n<h4>Apar\u00eancia: P\u00f3 cristalino branco ou quase branco<\/h4>\n<h4>Ensaio: 99%<\/h4>","protected":false},"featured_media":4548,"comment_status":"open","ping_status":"closed","template":"","meta":[],"product_brand":[],"product_cat":[69,109],"product_tag":[],"class_list":{"0":"post-3701","1":"product","2":"type-product","3":"status-publish","4":"has-post-thumbnail","6":"product_cat-catalysts-chemical-auxiliary-agents","7":"product_cat-water-treatment","9":"first","10":"instock","11":"shipping-taxable","12":"product-type-simple"},"yoast_head":"<!-- This site is optimized with the Yoast SEO plugin v25.3.1 - https:\/\/yoast.com\/wordpress\/plugins\/seo\/ -->\n<title>China Methylisothiazolinone Manufacturer \uff06 Supplier - Longchang chemical Co., Ltd.<\/title>\n<meta name=\"description\" content=\"Longchang Chemical is a leading manufacturer and supplier of Methylisothiazolinone in China. Buy Methylisothiazolinone in china. We can provide the best Methylisothiazolinone price.\" \/>\n<meta name=\"robots\" content=\"index, follow, max-snippet:-1, max-image-preview:large, max-video-preview:-1\" \/>\n<link rel=\"canonical\" href=\"https:\/\/longchangchemical.com\/pt\/product\/methylisothiazolinone-cas-2682-20-4\/\" \/>\n<meta property=\"og:locale\" content=\"pt_BR\" \/>\n<meta property=\"og:type\" content=\"article\" \/>\n<meta property=\"og:title\" content=\"China Methylisothiazolinone Manufacturer \uff06 Supplier - Longchang chemical Co., Ltd.\" \/>\n<meta property=\"og:description\" content=\"Longchang Chemical is a leading manufacturer and supplier of Methylisothiazolinone in China. Buy Methylisothiazolinone in china. We can provide the best Methylisothiazolinone price.\" \/>\n<meta property=\"og:url\" content=\"https:\/\/longchangchemical.com\/pt\/product\/methylisothiazolinone-cas-2682-20-4\/\" \/>\n<meta property=\"og:site_name\" content=\"Longchang Chemical\" \/>\n<meta property=\"article:modified_time\" content=\"2026-05-08T02:59:35+00:00\" \/>\n<meta property=\"og:image\" content=\"https:\/\/longchangchemical.com\/wp-content\/uploads\/2021\/01\/2-Methyl-4-Isothiazolin-3-Ketone-Appearance.jpg\" \/>\n\t<meta property=\"og:image:width\" content=\"600\" \/>\n\t<meta property=\"og:image:height\" content=\"800\" \/>\n\t<meta property=\"og:image:type\" content=\"image\/jpeg\" \/>\n<meta name=\"twitter:card\" content=\"summary_large_image\" \/>\n<script type=\"application\/ld+json\" class=\"yoast-schema-graph\">{\"@context\":\"https:\/\/schema.org\",\"@graph\":[{\"@type\":\"WebPage\",\"@id\":\"https:\/\/longchangchemical.com\/product\/methylisothiazolinone-cas-2682-20-4\/\",\"url\":\"https:\/\/longchangchemical.com\/product\/methylisothiazolinone-cas-2682-20-4\/\",\"name\":\"China Methylisothiazolinone Manufacturer \uff06 Supplier - Longchang chemical Co., Ltd.\",\"isPartOf\":{\"@id\":\"https:\/\/longchangchemical.com\/#website\"},\"primaryImageOfPage\":{\"@id\":\"https:\/\/longchangchemical.com\/product\/methylisothiazolinone-cas-2682-20-4\/#primaryimage\"},\"image\":{\"@id\":\"https:\/\/longchangchemical.com\/product\/methylisothiazolinone-cas-2682-20-4\/#primaryimage\"},\"thumbnailUrl\":\"https:\/\/longchangchemical.com\/wp-content\/uploads\/2021\/01\/2-Methyl-4-Isothiazolin-3-Ketone-Appearance.jpg\",\"datePublished\":\"2021-04-25T07:03:26+00:00\",\"dateModified\":\"2026-05-08T02:59:35+00:00\",\"description\":\"Longchang Chemical is a leading manufacturer and supplier of Methylisothiazolinone in China. Buy Methylisothiazolinone in china. We can provide the best Methylisothiazolinone price.\",\"breadcrumb\":{\"@id\":\"https:\/\/longchangchemical.com\/product\/methylisothiazolinone-cas-2682-20-4\/#breadcrumb\"},\"inLanguage\":\"pt-BR\",\"potentialAction\":[{\"@type\":\"ReadAction\",\"target\":[\"https:\/\/longchangchemical.com\/product\/methylisothiazolinone-cas-2682-20-4\/\"]}]},{\"@type\":\"ImageObject\",\"inLanguage\":\"pt-BR\",\"@id\":\"https:\/\/longchangchemical.com\/product\/methylisothiazolinone-cas-2682-20-4\/#primaryimage\",\"url\":\"https:\/\/longchangchemical.com\/wp-content\/uploads\/2021\/01\/2-Methyl-4-Isothiazolin-3-Ketone-Appearance.jpg\",\"contentUrl\":\"https:\/\/longchangchemical.com\/wp-content\/uploads\/2021\/01\/2-Methyl-4-Isothiazolin-3-Ketone-Appearance.jpg\",\"width\":600,\"height\":800},{\"@type\":\"BreadcrumbList\",\"@id\":\"https:\/\/longchangchemical.com\/product\/methylisothiazolinone-cas-2682-20-4\/#breadcrumb\",\"itemListElement\":[{\"@type\":\"ListItem\",\"position\":1,\"name\":\"Home\",\"item\":\"https:\/\/longchangchemical.com\/\"},{\"@type\":\"ListItem\",\"position\":2,\"name\":\"Products Longchang\",\"item\":\"https:\/\/longchangchemical.com\/product\/\"},{\"@type\":\"ListItem\",\"position\":3,\"name\":\"2-Methyl-4-Isothiazolin-3-Ketone | Methylisothiazolinone CAS 2682-20-4\"}]},{\"@type\":\"WebSite\",\"@id\":\"https:\/\/longchangchemical.com\/#website\",\"url\":\"https:\/\/longchangchemical.com\/\",\"name\":\"Longchang Chemical\",\"description\":\"China chemical manufacturer \uff06 supplier\",\"publisher\":{\"@id\":\"https:\/\/longchangchemical.com\/#organization\"},\"potentialAction\":[{\"@type\":\"SearchAction\",\"target\":{\"@type\":\"EntryPoint\",\"urlTemplate\":\"https:\/\/longchangchemical.com\/?s={search_term_string}\"},\"query-input\":{\"@type\":\"PropertyValueSpecification\",\"valueRequired\":true,\"valueName\":\"search_term_string\"}}],\"inLanguage\":\"pt-BR\"},{\"@type\":\"Organization\",\"@id\":\"https:\/\/longchangchemical.com\/#organization\",\"name\":\"Longchang Chemical\",\"url\":\"https:\/\/longchangchemical.com\/\",\"logo\":{\"@type\":\"ImageObject\",\"inLanguage\":\"pt-BR\",\"@id\":\"https:\/\/longchangchemical.com\/#\/schema\/logo\/image\/\",\"url\":\"https:\/\/longchangchemical.com\/wp-content\/uploads\/2020\/08\/cropped-longchang-logo.png\",\"contentUrl\":\"https:\/\/longchangchemical.com\/wp-content\/uploads\/2020\/08\/cropped-longchang-logo.png\",\"width\":512,\"height\":512,\"caption\":\"Longchang Chemical\"},\"image\":{\"@id\":\"https:\/\/longchangchemical.com\/#\/schema\/logo\/image\/\"}}]}<\/script>\n<!-- \/ Yoast SEO plugin. -->","yoast_head_json":{"title":"China Methylisothiazolinone Fabricante \uff06 Fornecedor - Longchang chemical Co., Ltd.","description":"Longchang Chemical \u00e9 um fabricante e fornecedor l\u00edder de Methylisothiazolinone na China. Compre Methylisothiazolinone na China. N\u00f3s podemos fornecer o melhor pre\u00e7o de Methylisothiazolinone.","robots":{"index":"index","follow":"follow","max-snippet":"max-snippet:-1","max-image-preview":"max-image-preview:large","max-video-preview":"max-video-preview:-1"},"canonical":"https:\/\/longchangchemical.com\/pt\/product\/methylisothiazolinone-cas-2682-20-4\/","og_locale":"pt_BR","og_type":"article","og_title":"China Methylisothiazolinone Manufacturer \uff06 Supplier - Longchang chemical Co., Ltd.","og_description":"Longchang Chemical is a leading manufacturer and supplier of Methylisothiazolinone in China. Buy Methylisothiazolinone in china. We can provide the best Methylisothiazolinone price.","og_url":"https:\/\/longchangchemical.com\/pt\/product\/methylisothiazolinone-cas-2682-20-4\/","og_site_name":"Longchang Chemical","article_modified_time":"2026-05-08T02:59:35+00:00","og_image":[{"width":600,"height":800,"url":"https:\/\/longchangchemical.com\/wp-content\/uploads\/2021\/01\/2-Methyl-4-Isothiazolin-3-Ketone-Appearance.jpg","type":"image\/jpeg"}],"twitter_card":"summary_large_image","schema":{"@context":"https:\/\/schema.org","@graph":[{"@type":"WebPage","@id":"https:\/\/longchangchemical.com\/product\/methylisothiazolinone-cas-2682-20-4\/","url":"https:\/\/longchangchemical.com\/product\/methylisothiazolinone-cas-2682-20-4\/","name":"China Methylisothiazolinone Fabricante \uff06 Fornecedor - Longchang chemical Co., Ltd.","isPartOf":{"@id":"https:\/\/longchangchemical.com\/#website"},"primaryImageOfPage":{"@id":"https:\/\/longchangchemical.com\/product\/methylisothiazolinone-cas-2682-20-4\/#primaryimage"},"image":{"@id":"https:\/\/longchangchemical.com\/product\/methylisothiazolinone-cas-2682-20-4\/#primaryimage"},"thumbnailUrl":"https:\/\/longchangchemical.com\/wp-content\/uploads\/2021\/01\/2-Methyl-4-Isothiazolin-3-Ketone-Appearance.jpg","datePublished":"2021-04-25T07:03:26+00:00","dateModified":"2026-05-08T02:59:35+00:00","description":"Longchang Chemical \u00e9 um fabricante e fornecedor l\u00edder de Methylisothiazolinone na China. Compre Methylisothiazolinone na China. N\u00f3s podemos fornecer o melhor pre\u00e7o de Methylisothiazolinone.","breadcrumb":{"@id":"https:\/\/longchangchemical.com\/product\/methylisothiazolinone-cas-2682-20-4\/#breadcrumb"},"inLanguage":"pt-BR","potentialAction":[{"@type":"ReadAction","target":["https:\/\/longchangchemical.com\/product\/methylisothiazolinone-cas-2682-20-4\/"]}]},{"@type":"ImageObject","inLanguage":"pt-BR","@id":"https:\/\/longchangchemical.com\/product\/methylisothiazolinone-cas-2682-20-4\/#primaryimage","url":"https:\/\/longchangchemical.com\/wp-content\/uploads\/2021\/01\/2-Methyl-4-Isothiazolin-3-Ketone-Appearance.jpg","contentUrl":"https:\/\/longchangchemical.com\/wp-content\/uploads\/2021\/01\/2-Methyl-4-Isothiazolin-3-Ketone-Appearance.jpg","width":600,"height":800},{"@type":"BreadcrumbList","@id":"https:\/\/longchangchemical.com\/product\/methylisothiazolinone-cas-2682-20-4\/#breadcrumb","itemListElement":[{"@type":"ListItem","position":1,"name":"Home","item":"https:\/\/longchangchemical.com\/"},{"@type":"ListItem","position":2,"name":"Products Longchang","item":"https:\/\/longchangchemical.com\/product\/"},{"@type":"ListItem","position":3,"name":"2-Methyl-4-Isothiazolin-3-Ketone | Methylisothiazolinone CAS 2682-20-4"}]},{"@type":"WebSite","@id":"https:\/\/longchangchemical.com\/#website","url":"https:\/\/longchangchemical.com\/","name":"Qu\u00edmica Longchang","description":"Fabricante de produtos qu\u00edmicos na China \uff06 fornecedor","publisher":{"@id":"https:\/\/longchangchemical.com\/#organization"},"potentialAction":[{"@type":"SearchAction","target":{"@type":"EntryPoint","urlTemplate":"https:\/\/longchangchemical.com\/?s={search_term_string}"},"query-input":{"@type":"PropertyValueSpecification","valueRequired":true,"valueName":"search_term_string"}}],"inLanguage":"pt-BR"},{"@type":"Organization","@id":"https:\/\/longchangchemical.com\/#organization","name":"Qu\u00edmica Longchang","url":"https:\/\/longchangchemical.com\/","logo":{"@type":"ImageObject","inLanguage":"pt-BR","@id":"https:\/\/longchangchemical.com\/#\/schema\/logo\/image\/","url":"https:\/\/longchangchemical.com\/wp-content\/uploads\/2020\/08\/cropped-longchang-logo.png","contentUrl":"https:\/\/longchangchemical.com\/wp-content\/uploads\/2020\/08\/cropped-longchang-logo.png","width":512,"height":512,"caption":"Longchang Chemical"},"image":{"@id":"https:\/\/longchangchemical.com\/#\/schema\/logo\/image\/"}}]}},"_links":{"self":[{"href":"https:\/\/longchangchemical.com\/pt\/wp-json\/wp\/v2\/product\/3701","targetHints":{"allow":["GET"]}}],"collection":[{"href":"https:\/\/longchangchemical.com\/pt\/wp-json\/wp\/v2\/product"}],"about":[{"href":"https:\/\/longchangchemical.com\/pt\/wp-json\/wp\/v2\/types\/product"}],"replies":[{"embeddable":true,"href":"https:\/\/longchangchemical.com\/pt\/wp-json\/wp\/v2\/comments?post=3701"}],"wp:featuredmedia":[{"embeddable":true,"href":"https:\/\/longchangchemical.com\/pt\/wp-json\/wp\/v2\/media\/4548"}],"wp:attachment":[{"href":"https:\/\/longchangchemical.com\/pt\/wp-json\/wp\/v2\/media?parent=3701"}],"wp:term":[{"taxonomy":"product_brand","embeddable":true,"href":"https:\/\/longchangchemical.com\/pt\/wp-json\/wp\/v2\/product_brand?post=3701"},{"taxonomy":"product_cat","embeddable":true,"href":"https:\/\/longchangchemical.com\/pt\/wp-json\/wp\/v2\/product_cat?post=3701"},{"taxonomy":"product_tag","embeddable":true,"href":"https:\/\/longchangchemical.com\/pt\/wp-json\/wp\/v2\/product_tag?post=3701"}],"curies":[{"name":"wp","href":"https:\/\/api.w.org\/{rel}","templated":true}]}}