{"id":3661,"date":"2024-05-15T02:46:16","date_gmt":"2024-05-15T02:46:16","guid":{"rendered":"https:\/\/longchangchemical.com\/?post_type=product&#038;p=3661"},"modified":"2025-12-16T09:39:36","modified_gmt":"2025-12-16T09:39:36","slug":"hydroxypinacolone-retinoate-cas-893412-73-2","status":"publish","type":"product","link":"https:\/\/longchangchemical.com\/pt\/product\/hydroxypinacolone-retinoate-cas-893412-73-2\/","title":{"rendered":"retinoato de hidroxipinacolona cas 893412-73-2"},"content":{"rendered":"<h1><strong>retinoato de hidroxipinacolona cas 893412-73-2<\/strong><\/h1>\n<p>&nbsp;<\/p>\n<table class=\"table-1\" cellspacing=\"0\">\n<tbody>\n<tr>\n<td>Apar\u00eancia<\/td>\n<td>P\u00f3 ou cristal amarelo<\/td>\n<\/tr>\n<tr>\n<td>Identificar<\/td>\n<td>Em conformidade<\/td>\n<\/tr>\n<tr>\n<td>solubilidade<\/td>\n<td>N\u00e3o se dissolve na \u00e1gua<\/td>\n<\/tr>\n<tr>\n<td>Res\u00edduo na igni\u00e7\u00e3o<\/td>\n<td>\u22640,1%<\/td>\n<\/tr>\n<tr>\n<td>Heavy metal<\/td>\n<td>\u226420ppm<\/td>\n<\/tr>\n<tr>\n<td>Ensaio<\/td>\n<td>\u226595.0%<\/td>\n<\/tr>\n<tr>\n<td>Apar\u00eancia<\/td>\n<td>P\u00f3 ou cristal amarelo<\/td>\n<\/tr>\n<tr>\n<td>Identificar<\/td>\n<td>Em conformidade<\/td>\n<\/tr>\n<\/tbody>\n<\/table>\n<p>&nbsp;<\/p>\n<p>&nbsp;<\/p>\n<p><strong>Uso do Hydroxypinacolone Retinoate<\/strong><\/p>\n<p><strong>O retinoato de hidroxipinacolona \u00e9 um derivado do retinol com a fun\u00e7\u00e3o de regular o metabolismo da epiderme e do estrato c\u00f3rneo, que pode ser usado para antienvelhecimento, reduzir a seborreia, clarear a pigmenta\u00e7\u00e3o epid\u00e9rmica e desempenhar um papel na preven\u00e7\u00e3o do envelhecimento da pele, preven\u00e7\u00e3o da acne e clareamento e clareamento de manchas. Ele garante o efeito potente do retinol, ao mesmo tempo em que reduz bastante sua irrita\u00e7\u00e3o, e atualmente \u00e9 usado para antienvelhecimento e preven\u00e7\u00e3o de surtos de acne.<\/strong><\/p>\n<p>1. Remo\u00e7\u00e3o de acne<br \/>\n2. antirrugas<br \/>\n3. clarear a cor da pele<br \/>\nQuantidade de aditivo: 0,1 ~ 0,3%<\/p>\n<p><strong>Embalagem e envio do Hydroxypinacolone Retinoate<\/strong><\/p>\n<p>Embalagem: G\/Saco de folha de alum\u00ednio<\/p>\n<p><strong>Armazenamento de retinoato de hidroxipinacolona<\/strong><\/p>\n<p>Armazene em um dep\u00f3sito fresco e ventilado. A temperatura de armazenamento n\u00e3o deve exceder 37 \u00b0C. Deve ser armazenado separadamente de oxidantes e produtos qu\u00edmicos comest\u00edveis e evitar o armazenamento misto.<\/p>\n<h2><span style=\"color: #000000;\"><strong><b>Entre em contato conosco agora!<\/b><\/strong><\/span><\/h2>\n<h4><span style=\"color: #000000;\"><strong><b>Se precisar do Price, preencha suas informa\u00e7\u00f5es de contato no formul\u00e1rio abaixo. Normalmente, entraremos em contato dentro de 24 horas. Voc\u00ea tamb\u00e9m pode me enviar um e-mail <span style=\"color: #00ffff;\"><a style=\"color: #00ffff;\" href=\"mailto:info@longchangchemical.com\">info@longchangchemical.com<\/a><\/span> durante o hor\u00e1rio comercial (das 8h30 \u00e0s 18h UTC+8 de segunda a s\u00e1bado) ou use o bate-papo ao vivo do site para obter uma resposta imediata.<\/b><\/strong><\/span><\/h4>\n<p><!--more--><\/p>\n<h2><strong>Novas alternativas ao Retinol<\/strong><\/h2>\n<p>O retinoato de cobre hidroxipinacol, abreviado como HPR, \u00e9 um novo derivado retinoide. Ele \u00e9 formado pela esterifica\u00e7\u00e3o do \u00e1cido retinoico e da pequena mol\u00e9cula pinacol. Ao contr\u00e1rio de outros derivados do \u00e1cido retin\u00f3ico, o HPR ret\u00e9m o grupo de efic\u00e1cia do \u00e1cido retin\u00f3ico e n\u00e3o precisa ser convertido em \u00e1cido retin\u00f3ico, de modo que pode agir diretamente no receptor do \u00e1cido retin\u00f3ico e desempenhar um papel, e seu efeito no antienvelhecimento \u00e9 semelhante ao do \u00e1cido retin\u00f3ico totalmente trans. Este artigo descrever\u00e1 algumas de suas vantagens de uso.<\/p>\n<p>Retinoato de hidroxipinacolona<\/p>\n<p>Mais gentil.<br \/>\nOs cientistas compararam os efeitos de v\u00e1rias vitaminas A (incluindo HPR, \u00e1cido trans retinoico, retinol, retinalde\u00eddo e palmitato de retinila) em termos de antienvelhecimento e irrita\u00e7\u00e3o em um modelo in vitro de pele humana. Esse estudo constatou que o HPR induziu uma inflama\u00e7\u00e3o mais fraca (marcada por IL-1\u03b1) do que o \u00e1cido retinoico. A citotoxicidade tamb\u00e9m foi menor em uma concentra\u00e7\u00e3o 10 vezes maior. Portanto, o HPR \u00e9 uma alternativa mais est\u00e1vel e mais suave ao \u00e1cido retinoico e pode ser usado em cosm\u00e9ticos.<\/p>\n<p>Mais eficaz<br \/>\nAntirrugas<br \/>\nCom o uso do produto contendo retinoide hidroxipinacolona, as imagens do volume das covinhas, das rugas e das linhas finas tiradas localmente dos indiv\u00edduos nos dias 0 (W0), 14 (W14) e 28 (W28) permitem observar que, ap\u00f3s o uso da amostra contendo o soro WL-HPR1130 por 2 semanas e 4 semanas, o volume das covinhas do canto dos olhos dos indiv\u00edduos, as rugas e as linhas finas mudaram significativamente, mostrando uma tend\u00eancia de diminui\u00e7\u00e3o.<\/p>\n<p>Promove o metabolismo da queratina<br \/>\nO retinoato de hidroxipinacolona (HPR) reduz os poros e a aspereza da pele, acelerando o metabolismo da queratina, permitindo que os queratin\u00f3citos se diferenciem adequadamente e promovendo a s\u00edntese de lip\u00eddios intersticiais, o que resulta em uma pele mais lisa e uniforme.<\/p>\n<p>O HPR reduz as espinhas por meio do metabolismo da queratina, reduz o bloqueio da abertura folicular e inibe a secre\u00e7\u00e3o de \u00f3leo pelas gl\u00e2ndulas seb\u00e1ceas, reduzindo assim os surtos de acne e conseguindo suprimir e eliminar a inflama\u00e7\u00e3o da pele. Ele tamb\u00e9m pode clarear a pele por meio do metabolismo da queratina, acelerando a descarga de melan\u00f3citos e reduzindo a produ\u00e7\u00e3o de melan\u00f3citos.<\/p>\n<p>Mais est\u00e1vel<br \/>\nOs pesquisadores testaram a fotossensibilidade dos an\u00e1logos da vitamina A e, de todas as vitaminas A testadas, o palmitato de retinol (Rpal) e o betacaroteno (\u03b2cal) foram mais facilmente fotodegradados, degradando-se quase completamente ap\u00f3s uma semana de exposi\u00e7\u00e3o \u00e0 luz, enquanto o palmitato de retinolona hidroxipinacolona (HPR) degradou-se em apenas 40% ap\u00f3s uma semana. Em m\u00e9dia, a exposi\u00e7\u00e3o \u00e0 luz teve o menor efeito sobre a estabilidade do HPR de todas as vitaminas A testadas.<\/p>\n<p>Al\u00e9m disso, de acordo com os dados experimentais do artigo, o HPR permaneceu muito est\u00e1vel na formula\u00e7\u00e3o (essencialmente inalterado em rela\u00e7\u00e3o ao conte\u00fado inicial de 95%) em um teste de estabilidade simulado de longo prazo (6 meses a 25\u00b0C e umidade de 60%) e em um teste de estabilidade acelerado (40\u00b0C, ambiente exposto a UV). Para v\u00e1rios outros derivados de classe A, foi demonstrada uma degrada\u00e7\u00e3o significativa.<\/p>\n<p>Resumo<br \/>\nO retinoato de hidroxipinacolona tem um efeito direto, que pode se ligar diretamente ao receptor de \u00e1cido retinoico sem processo de convers\u00e3o e tem um r\u00e1pido in\u00edcio de a\u00e7\u00e3o; com um pequeno peso molecular, tem a vantagem de ser mais facilmente absorvido por via transd\u00e9rmica, baixa irrita\u00e7\u00e3o, alta atividade e alta estabilidade, o que n\u00e3o s\u00f3 \u00e9 melhor em termos de efic\u00e1cia do que o retinol tradicional, mas tamb\u00e9m melhor em termos de seguran\u00e7a, e tem um grande potencial de aplica\u00e7\u00e3o.<\/p>","protected":false},"excerpt":{"rendered":"<p>Nome qu\u00edmico: Retinoato de hidroxipinacolona<\/p>\n<p>N\u00famero CAS: 893412-73-2<\/p>\n<p>F\u00f3rmula molecular: C26H38O3<\/p>\n<p>Peso molecular: 398,57812<\/p>\n<p>Estrutura molecular:<img decoding=\"async\" title=\"Retinoato de hidroxipinacolona CAS 893412-73-2\" src=\"https:\/\/www.longchangchemical.com\/wp-content\/uploads\/product-details\/20200603325600.png\" alt=\"Retinoato de hidroxipinacolona CAS 893412-73-2\" width=\"409\" height=\"200\" \/><\/p>\n<p>Apar\u00eancia: p\u00f3 ou cristal amarelo<\/p>\n<p>&nbsp;<\/p>","protected":false},"featured_media":0,"comment_status":"open","ping_status":"closed","template":"","meta":[],"product_brand":[],"product_cat":[103],"product_tag":[],"class_list":{"0":"post-3661","1":"product","2":"type-product","3":"status-publish","5":"product_cat-cosmetic-additives","7":"first","8":"instock","9":"shipping-taxable","10":"product-type-simple"},"yoast_head":"<!-- This site is optimized with the Yoast SEO plugin v25.3.1 - https:\/\/yoast.com\/wordpress\/plugins\/seo\/ -->\n<title>China hydroxypinacolone retinoate cas 893412-73-2 manufacturer - Longchang Chemical<\/title>\n<meta name=\"description\" content=\"hydroxypinacolone retinoate cas 893412-73-2 is key product of LongChang Chemical. We provide best price. We are the leading manufacturer in China with the best quanlity and competitive price.\" \/>\n<meta name=\"robots\" content=\"index, follow, max-snippet:-1, max-image-preview:large, max-video-preview:-1\" \/>\n<link rel=\"canonical\" href=\"https:\/\/longchangchemical.com\/pt\/product\/hydroxypinacolone-retinoate-cas-893412-73-2\/\" \/>\n<meta property=\"og:locale\" content=\"pt_BR\" \/>\n<meta property=\"og:type\" content=\"article\" \/>\n<meta property=\"og:title\" content=\"China hydroxypinacolone retinoate cas 893412-73-2 manufacturer - Longchang Chemical\" \/>\n<meta property=\"og:description\" content=\"hydroxypinacolone retinoate cas 893412-73-2 is key product of LongChang Chemical. We provide best price. We are the leading manufacturer in China with the best quanlity and competitive price.\" \/>\n<meta property=\"og:url\" content=\"https:\/\/longchangchemical.com\/pt\/product\/hydroxypinacolone-retinoate-cas-893412-73-2\/\" \/>\n<meta property=\"og:site_name\" content=\"Longchang Chemical\" \/>\n<meta property=\"article:modified_time\" content=\"2025-12-16T09:39:36+00:00\" \/>\n<meta property=\"og:image\" content=\"https:\/\/longchangchemical.com\/wp-content\/uploads\/2024\/02\/logo-jpeg.jpg\" \/>\n\t<meta property=\"og:image:width\" content=\"1000\" \/>\n\t<meta property=\"og:image:height\" content=\"1000\" \/>\n\t<meta property=\"og:image:type\" content=\"image\/jpeg\" \/>\n<meta name=\"twitter:card\" content=\"summary_large_image\" \/>\n<script type=\"application\/ld+json\" class=\"yoast-schema-graph\">{\"@context\":\"https:\/\/schema.org\",\"@graph\":[{\"@type\":\"WebPage\",\"@id\":\"https:\/\/longchangchemical.com\/product\/hydroxypinacolone-retinoate-cas-893412-73-2\/\",\"url\":\"https:\/\/longchangchemical.com\/product\/hydroxypinacolone-retinoate-cas-893412-73-2\/\",\"name\":\"China hydroxypinacolone retinoate cas 893412-73-2 manufacturer - Longchang Chemical\",\"isPartOf\":{\"@id\":\"https:\/\/longchangchemical.com\/#website\"},\"datePublished\":\"2024-05-15T02:46:16+00:00\",\"dateModified\":\"2025-12-16T09:39:36+00:00\",\"description\":\"hydroxypinacolone retinoate cas 893412-73-2 is key product of LongChang Chemical. We provide best price. We are the leading manufacturer in China with the best quanlity and competitive price.\",\"breadcrumb\":{\"@id\":\"https:\/\/longchangchemical.com\/product\/hydroxypinacolone-retinoate-cas-893412-73-2\/#breadcrumb\"},\"inLanguage\":\"pt-BR\",\"potentialAction\":[{\"@type\":\"ReadAction\",\"target\":[\"https:\/\/longchangchemical.com\/product\/hydroxypinacolone-retinoate-cas-893412-73-2\/\"]}]},{\"@type\":\"BreadcrumbList\",\"@id\":\"https:\/\/longchangchemical.com\/product\/hydroxypinacolone-retinoate-cas-893412-73-2\/#breadcrumb\",\"itemListElement\":[{\"@type\":\"ListItem\",\"position\":1,\"name\":\"Home\",\"item\":\"https:\/\/longchangchemical.com\/\"},{\"@type\":\"ListItem\",\"position\":2,\"name\":\"Products Longchang\",\"item\":\"https:\/\/longchangchemical.com\/product\/\"},{\"@type\":\"ListItem\",\"position\":3,\"name\":\"hydroxypinacolone retinoate cas 893412-73-2\"}]},{\"@type\":\"WebSite\",\"@id\":\"https:\/\/longchangchemical.com\/#website\",\"url\":\"https:\/\/longchangchemical.com\/\",\"name\":\"Longchang Chemical\",\"description\":\"China chemical manufacturer \uff06 supplier\",\"publisher\":{\"@id\":\"https:\/\/longchangchemical.com\/#organization\"},\"potentialAction\":[{\"@type\":\"SearchAction\",\"target\":{\"@type\":\"EntryPoint\",\"urlTemplate\":\"https:\/\/longchangchemical.com\/?s={search_term_string}\"},\"query-input\":{\"@type\":\"PropertyValueSpecification\",\"valueRequired\":true,\"valueName\":\"search_term_string\"}}],\"inLanguage\":\"pt-BR\"},{\"@type\":\"Organization\",\"@id\":\"https:\/\/longchangchemical.com\/#organization\",\"name\":\"Longchang Chemical\",\"url\":\"https:\/\/longchangchemical.com\/\",\"logo\":{\"@type\":\"ImageObject\",\"inLanguage\":\"pt-BR\",\"@id\":\"https:\/\/longchangchemical.com\/#\/schema\/logo\/image\/\",\"url\":\"https:\/\/longchangchemical.com\/wp-content\/uploads\/2020\/08\/cropped-longchang-logo.png\",\"contentUrl\":\"https:\/\/longchangchemical.com\/wp-content\/uploads\/2020\/08\/cropped-longchang-logo.png\",\"width\":512,\"height\":512,\"caption\":\"Longchang Chemical\"},\"image\":{\"@id\":\"https:\/\/longchangchemical.com\/#\/schema\/logo\/image\/\"}}]}<\/script>\n<!-- \/ Yoast SEO plugin. -->","yoast_head_json":{"title":"Fabricante de retinoato de hidroxipinacolona cas 893412-73-2 na China - Longchang Chemical","description":"O retinoato de hidroxipinacolona cas 893412-73-2 \u00e9 o principal produto da LongChang Chemical. Oferecemos o melhor pre\u00e7o. Somos o principal fabricante da China, com a melhor qualidade e pre\u00e7o competitivo.","robots":{"index":"index","follow":"follow","max-snippet":"max-snippet:-1","max-image-preview":"max-image-preview:large","max-video-preview":"max-video-preview:-1"},"canonical":"https:\/\/longchangchemical.com\/pt\/product\/hydroxypinacolone-retinoate-cas-893412-73-2\/","og_locale":"pt_BR","og_type":"article","og_title":"China hydroxypinacolone retinoate cas 893412-73-2 manufacturer - Longchang Chemical","og_description":"hydroxypinacolone retinoate cas 893412-73-2 is key product of LongChang Chemical. We provide best price. We are the leading manufacturer in China with the best quanlity and competitive price.","og_url":"https:\/\/longchangchemical.com\/pt\/product\/hydroxypinacolone-retinoate-cas-893412-73-2\/","og_site_name":"Longchang Chemical","article_modified_time":"2025-12-16T09:39:36+00:00","og_image":[{"width":1000,"height":1000,"url":"https:\/\/longchangchemical.com\/wp-content\/uploads\/2024\/02\/logo-jpeg.jpg","type":"image\/jpeg"}],"twitter_card":"summary_large_image","schema":{"@context":"https:\/\/schema.org","@graph":[{"@type":"WebPage","@id":"https:\/\/longchangchemical.com\/product\/hydroxypinacolone-retinoate-cas-893412-73-2\/","url":"https:\/\/longchangchemical.com\/product\/hydroxypinacolone-retinoate-cas-893412-73-2\/","name":"Fabricante de retinoato de hidroxipinacolona cas 893412-73-2 na China - Longchang Chemical","isPartOf":{"@id":"https:\/\/longchangchemical.com\/#website"},"datePublished":"2024-05-15T02:46:16+00:00","dateModified":"2025-12-16T09:39:36+00:00","description":"O retinoato de hidroxipinacolona cas 893412-73-2 \u00e9 o principal produto da LongChang Chemical. Oferecemos o melhor pre\u00e7o. Somos o principal fabricante da China, com a melhor qualidade e pre\u00e7o competitivo.","breadcrumb":{"@id":"https:\/\/longchangchemical.com\/product\/hydroxypinacolone-retinoate-cas-893412-73-2\/#breadcrumb"},"inLanguage":"pt-BR","potentialAction":[{"@type":"ReadAction","target":["https:\/\/longchangchemical.com\/product\/hydroxypinacolone-retinoate-cas-893412-73-2\/"]}]},{"@type":"BreadcrumbList","@id":"https:\/\/longchangchemical.com\/product\/hydroxypinacolone-retinoate-cas-893412-73-2\/#breadcrumb","itemListElement":[{"@type":"ListItem","position":1,"name":"Home","item":"https:\/\/longchangchemical.com\/"},{"@type":"ListItem","position":2,"name":"Products Longchang","item":"https:\/\/longchangchemical.com\/product\/"},{"@type":"ListItem","position":3,"name":"hydroxypinacolone retinoate cas 893412-73-2"}]},{"@type":"WebSite","@id":"https:\/\/longchangchemical.com\/#website","url":"https:\/\/longchangchemical.com\/","name":"Qu\u00edmica Longchang","description":"Fabricante de produtos qu\u00edmicos na China \uff06 fornecedor","publisher":{"@id":"https:\/\/longchangchemical.com\/#organization"},"potentialAction":[{"@type":"SearchAction","target":{"@type":"EntryPoint","urlTemplate":"https:\/\/longchangchemical.com\/?s={search_term_string}"},"query-input":{"@type":"PropertyValueSpecification","valueRequired":true,"valueName":"search_term_string"}}],"inLanguage":"pt-BR"},{"@type":"Organization","@id":"https:\/\/longchangchemical.com\/#organization","name":"Qu\u00edmica Longchang","url":"https:\/\/longchangchemical.com\/","logo":{"@type":"ImageObject","inLanguage":"pt-BR","@id":"https:\/\/longchangchemical.com\/#\/schema\/logo\/image\/","url":"https:\/\/longchangchemical.com\/wp-content\/uploads\/2020\/08\/cropped-longchang-logo.png","contentUrl":"https:\/\/longchangchemical.com\/wp-content\/uploads\/2020\/08\/cropped-longchang-logo.png","width":512,"height":512,"caption":"Longchang Chemical"},"image":{"@id":"https:\/\/longchangchemical.com\/#\/schema\/logo\/image\/"}}]}},"_links":{"self":[{"href":"https:\/\/longchangchemical.com\/pt\/wp-json\/wp\/v2\/product\/3661","targetHints":{"allow":["GET"]}}],"collection":[{"href":"https:\/\/longchangchemical.com\/pt\/wp-json\/wp\/v2\/product"}],"about":[{"href":"https:\/\/longchangchemical.com\/pt\/wp-json\/wp\/v2\/types\/product"}],"replies":[{"embeddable":true,"href":"https:\/\/longchangchemical.com\/pt\/wp-json\/wp\/v2\/comments?post=3661"}],"wp:attachment":[{"href":"https:\/\/longchangchemical.com\/pt\/wp-json\/wp\/v2\/media?parent=3661"}],"wp:term":[{"taxonomy":"product_brand","embeddable":true,"href":"https:\/\/longchangchemical.com\/pt\/wp-json\/wp\/v2\/product_brand?post=3661"},{"taxonomy":"product_cat","embeddable":true,"href":"https:\/\/longchangchemical.com\/pt\/wp-json\/wp\/v2\/product_cat?post=3661"},{"taxonomy":"product_tag","embeddable":true,"href":"https:\/\/longchangchemical.com\/pt\/wp-json\/wp\/v2\/product_tag?post=3661"}],"curies":[{"name":"wp","href":"https:\/\/api.w.org\/{rel}","templated":true}]}}