{"id":3655,"date":"2021-04-21T10:00:25","date_gmt":"2021-04-21T10:00:25","guid":{"rendered":"https:\/\/longchangchemical.com\/?post_type=product&#038;p=3655"},"modified":"2025-12-22T09:26:12","modified_gmt":"2025-12-22T09:26:12","slug":"benzyl-nicotinate-cas-94-44-0","status":"publish","type":"product","link":"https:\/\/longchangchemical.com\/pt\/product\/benzyl-nicotinate-cas-94-44-0\/","title":{"rendered":"Nicotinato de benzila CAS 94-44-0"},"content":{"rendered":"<h1><strong>Nicotinato de benzila CAS 94-44-0<\/strong><\/h1>\n<table class=\"table-1\" cellspacing=\"0\" cellpadding=\"0\">\n<tbody>\n<tr>\n<td>\n<h4>Item<\/h4>\n<\/td>\n<td>\n<h4>Especifica\u00e7\u00f5es<\/h4>\n<\/td>\n<\/tr>\n<tr>\n<td>\n<h4>Apar\u00eancia<\/h4>\n<\/td>\n<td>\n<h4>Cristal ou l\u00edquido incolor a amarelo.<\/h4>\n<\/td>\n<\/tr>\n<tr>\n<td>\n<h4>Umidade<\/h4>\n<\/td>\n<td>\n<h4>\u22640,5%<\/h4>\n<\/td>\n<\/tr>\n<tr>\n<td>\n<h4>Pureza<\/h4>\n<\/td>\n<td>\n<h4>\u226598%<\/h4>\n<\/td>\n<\/tr>\n<tr>\n<td>\n<h4>Ponto de fus\u00e3o<\/h4>\n<\/td>\n<td>\n<h4>22-24\u2103<\/h4>\n<\/td>\n<\/tr>\n<tr>\n<td>\n<h4>Metais pesados<\/h4>\n<\/td>\n<td>\n<h4>N\/A<\/h4>\n<\/td>\n<\/tr>\n<\/tbody>\n<\/table>\n<p>&nbsp;<\/p>\n<h2><strong>Uso do nicotinato de benzila<\/strong><\/h2>\n<h4>1. O nicotinato de benzila \u00e9 o principal componente dos comprimidos de compostos energ\u00e9ticos para o f\u00edgado e a ves\u00edcula biliar. \u00c9 um l\u00edquido oleoso que promove a secre\u00e7\u00e3o de bile e protege o f\u00edgado. Ele pode transportar a gordura do f\u00edgado para o dep\u00f3sito de gordura extra-hep\u00e1tica. \u00c9 eficaz para o f\u00edgado causado pelo alcoolismo. A destrui\u00e7\u00e3o celular tem um efeito inibit\u00f3rio \u00f3bvio.<\/h4>\n<h4>2. No setor de cosm\u00e9ticos, a maioria dos cremes de massagem comuns \u00e9 cara e tem grandes efeitos colaterais. Eles n\u00e3o t\u00eam nenhuma fun\u00e7\u00e3o \u00f3bvia na promo\u00e7\u00e3o da circula\u00e7\u00e3o linf\u00e1tica e sangu\u00ednea e na elimina\u00e7\u00e3o de c\u00e9lulas mortas da pele. O objetivo do creme de massagem com nicotinato de benzila \u00e9 oferecer uma maneira de ajudar a promover a circula\u00e7\u00e3o linf\u00e1tica e sangu\u00ednea, eliminar as c\u00e9lulas mortas antigas da pele e ser adequado para massagem de maquiagem para aliviar a fadiga.<\/h4>\n<p>&nbsp;<\/p>\n<h2><strong>Embalagem de nicotinato de benzila<\/strong><\/h2>\n<h4>1KG\/tambor; 25Kg\/tambor ou de acordo com sua necessidade.<\/h4>\n<p>&nbsp;<\/p>\n<h2><strong>Produtos da mesma s\u00e9rie<\/strong><\/h2>\n<table style=\"border-collapse: collapse; width: 312.02pt;\" border=\"0\" width=\"416\" cellspacing=\"0\" cellpadding=\"0\">\n<tbody>\n<tr style=\"height: 54.00pt;\">\n<td class=\"et3\" style=\"height: 54.00pt; width: 201.75pt;\" width=\"269\" height=\"72\">\n<h4>Nicotinato de benzila<\/h4>\n<\/td>\n<td class=\"et3\" style=\"width: 110.25pt;\" width=\"147\">\n<h4>94-44-0<\/h4>\n<\/td>\n<\/tr>\n<tr style=\"height: 54.00pt;\">\n<td class=\"et4\" style=\"height: 54.00pt; width: 201.75pt;\" width=\"269\" height=\"72\">\n<h4><a href=\"https:\/\/longchangchemical.com\/pt\/product\/methyl-nicotinate-cas-93-60-7\/\"><span style=\"color: #0000ff;\">Nicotinato de metila<\/span><\/a><\/h4>\n<\/td>\n<td class=\"et4\" style=\"width: 110.25pt;\" width=\"147\">\n<h4><span style=\"color: #0000ff;\">93-60-7<\/span><\/h4>\n<\/td>\n<\/tr>\n<\/tbody>\n<\/table>\n<h2><strong><b>Entre em contato conosco agora!<\/b><\/strong><\/h2>\n<h4><strong><b>Se precisar de COA, MSDS ou TDS, preencha suas informa\u00e7\u00f5es de contato no formul\u00e1rio abaixo. Normalmente, entraremos em contato em 24 horas. Voc\u00ea tamb\u00e9m pode me enviar um e-mail <span style=\"color: #0000ff;\"><a style=\"color: #0000ff;\" href=\"mailto:info@longchangchemical.com\">info@longchangchemical.com<\/a><\/span> durante o hor\u00e1rio comercial (das 8h30 \u00e0s 18h UTC+8 de segunda a s\u00e1bado) ou use o bate-papo ao vivo do site para obter uma resposta imediata.<\/b><\/strong><\/h4>","protected":false},"excerpt":{"rendered":"<h4>Nome qu\u00edmico: Nicotinato de benzila<\/h4>\n<h4>CAS: 94-44-0<\/h4>\n<h4>F\u00f3rmula molecular:C13H11NO2<\/h4>\n<h4>Peso molecular: 213,23<\/h4>\n<h4>Estrutura qu\u00edmica:<img decoding=\"async\" title=\"Estrutura do nicotinato de benzila\" src=\"https:\/\/www.longchangchemical.com\/wp-content\/uploads\/product-details\/20200616074062.png\" alt=\"Estrutura do nicotinato de benzila\" width=\"145\" height=\"70\" border=\"0\" vspace=\"0\" \/><\/h4>\n<h4>Apar\u00eancia: L\u00edquido amarelado claro<\/h4>\n<h4>Pureza: 98%<\/h4>","protected":false},"featured_media":4507,"comment_status":"open","ping_status":"closed","template":"","meta":[],"product_brand":[],"product_cat":[69],"product_tag":[],"class_list":{"0":"post-3655","1":"product","2":"type-product","3":"status-publish","4":"has-post-thumbnail","6":"product_cat-catalysts-chemical-auxiliary-agents","8":"first","9":"instock","10":"shipping-taxable","11":"product-type-simple"},"yoast_head":"<!-- This site is optimized with the Yoast SEO plugin v25.3.1 - https:\/\/yoast.com\/wordpress\/plugins\/seo\/ -->\n<title>China Benzyl nicotinate Manufacturer \uff06 CAS 94-44-0 Supplier - Longchang chemical Co., Ltd.<\/title>\n<meta name=\"description\" content=\"Longchang Chemical is a leading manufacturer and supplier of Benzyl nicotinate in China. Buy Benzyl nicotinate in china. We can provide the best Benzyl nicotinate price.\" \/>\n<meta name=\"robots\" content=\"index, follow, max-snippet:-1, max-image-preview:large, max-video-preview:-1\" \/>\n<link rel=\"canonical\" href=\"https:\/\/longchangchemical.com\/pt\/product\/benzyl-nicotinate-cas-94-44-0\/\" \/>\n<meta property=\"og:locale\" content=\"pt_BR\" \/>\n<meta property=\"og:type\" content=\"article\" \/>\n<meta property=\"og:title\" content=\"China Benzyl nicotinate Manufacturer \uff06 CAS 94-44-0 Supplier - Longchang chemical Co., Ltd.\" \/>\n<meta property=\"og:description\" content=\"Longchang Chemical is a leading manufacturer and supplier of Benzyl nicotinate in China. Buy Benzyl nicotinate in china. We can provide the best Benzyl nicotinate price.\" \/>\n<meta property=\"og:url\" content=\"https:\/\/longchangchemical.com\/pt\/product\/benzyl-nicotinate-cas-94-44-0\/\" \/>\n<meta property=\"og:site_name\" content=\"Longchang Chemical\" \/>\n<meta property=\"article:modified_time\" content=\"2025-12-22T09:26:12+00:00\" \/>\n<meta property=\"og:image\" content=\"https:\/\/longchangchemical.com\/wp-content\/uploads\/2021\/01\/Benzyl-nicotinate-Appearance.jpg\" \/>\n\t<meta property=\"og:image:width\" content=\"600\" \/>\n\t<meta property=\"og:image:height\" content=\"800\" \/>\n\t<meta property=\"og:image:type\" content=\"image\/jpeg\" \/>\n<meta name=\"twitter:card\" content=\"summary_large_image\" \/>\n<script type=\"application\/ld+json\" class=\"yoast-schema-graph\">{\"@context\":\"https:\/\/schema.org\",\"@graph\":[{\"@type\":\"WebPage\",\"@id\":\"https:\/\/longchangchemical.com\/product\/benzyl-nicotinate-cas-94-44-0\/\",\"url\":\"https:\/\/longchangchemical.com\/product\/benzyl-nicotinate-cas-94-44-0\/\",\"name\":\"China Benzyl nicotinate Manufacturer \uff06 CAS 94-44-0 Supplier - Longchang chemical Co., Ltd.\",\"isPartOf\":{\"@id\":\"https:\/\/longchangchemical.com\/#website\"},\"primaryImageOfPage\":{\"@id\":\"https:\/\/longchangchemical.com\/product\/benzyl-nicotinate-cas-94-44-0\/#primaryimage\"},\"image\":{\"@id\":\"https:\/\/longchangchemical.com\/product\/benzyl-nicotinate-cas-94-44-0\/#primaryimage\"},\"thumbnailUrl\":\"https:\/\/longchangchemical.com\/wp-content\/uploads\/2021\/01\/Benzyl-nicotinate-Appearance.jpg\",\"datePublished\":\"2021-04-21T10:00:25+00:00\",\"dateModified\":\"2025-12-22T09:26:12+00:00\",\"description\":\"Longchang Chemical is a leading manufacturer and supplier of Benzyl nicotinate in China. Buy Benzyl nicotinate in china. We can provide the best Benzyl nicotinate price.\",\"breadcrumb\":{\"@id\":\"https:\/\/longchangchemical.com\/product\/benzyl-nicotinate-cas-94-44-0\/#breadcrumb\"},\"inLanguage\":\"pt-BR\",\"potentialAction\":[{\"@type\":\"ReadAction\",\"target\":[\"https:\/\/longchangchemical.com\/product\/benzyl-nicotinate-cas-94-44-0\/\"]}]},{\"@type\":\"ImageObject\",\"inLanguage\":\"pt-BR\",\"@id\":\"https:\/\/longchangchemical.com\/product\/benzyl-nicotinate-cas-94-44-0\/#primaryimage\",\"url\":\"https:\/\/longchangchemical.com\/wp-content\/uploads\/2021\/01\/Benzyl-nicotinate-Appearance.jpg\",\"contentUrl\":\"https:\/\/longchangchemical.com\/wp-content\/uploads\/2021\/01\/Benzyl-nicotinate-Appearance.jpg\",\"width\":600,\"height\":800,\"caption\":\"Benzyl-nicotinate-Appearance\"},{\"@type\":\"BreadcrumbList\",\"@id\":\"https:\/\/longchangchemical.com\/product\/benzyl-nicotinate-cas-94-44-0\/#breadcrumb\",\"itemListElement\":[{\"@type\":\"ListItem\",\"position\":1,\"name\":\"Home\",\"item\":\"https:\/\/longchangchemical.com\/\"},{\"@type\":\"ListItem\",\"position\":2,\"name\":\"Products Longchang\",\"item\":\"https:\/\/longchangchemical.com\/product\/\"},{\"@type\":\"ListItem\",\"position\":3,\"name\":\"Benzyl nicotinate CAS 94-44-0\"}]},{\"@type\":\"WebSite\",\"@id\":\"https:\/\/longchangchemical.com\/#website\",\"url\":\"https:\/\/longchangchemical.com\/\",\"name\":\"Longchang Chemical\",\"description\":\"China chemical manufacturer \uff06 supplier\",\"publisher\":{\"@id\":\"https:\/\/longchangchemical.com\/#organization\"},\"potentialAction\":[{\"@type\":\"SearchAction\",\"target\":{\"@type\":\"EntryPoint\",\"urlTemplate\":\"https:\/\/longchangchemical.com\/?s={search_term_string}\"},\"query-input\":{\"@type\":\"PropertyValueSpecification\",\"valueRequired\":true,\"valueName\":\"search_term_string\"}}],\"inLanguage\":\"pt-BR\"},{\"@type\":\"Organization\",\"@id\":\"https:\/\/longchangchemical.com\/#organization\",\"name\":\"Longchang Chemical\",\"url\":\"https:\/\/longchangchemical.com\/\",\"logo\":{\"@type\":\"ImageObject\",\"inLanguage\":\"pt-BR\",\"@id\":\"https:\/\/longchangchemical.com\/#\/schema\/logo\/image\/\",\"url\":\"https:\/\/longchangchemical.com\/wp-content\/uploads\/2020\/08\/cropped-longchang-logo.png\",\"contentUrl\":\"https:\/\/longchangchemical.com\/wp-content\/uploads\/2020\/08\/cropped-longchang-logo.png\",\"width\":512,\"height\":512,\"caption\":\"Longchang Chemical\"},\"image\":{\"@id\":\"https:\/\/longchangchemical.com\/#\/schema\/logo\/image\/\"}}]}<\/script>\n<!-- \/ Yoast SEO plugin. -->","yoast_head_json":{"title":"Fabricante de nicotinato de benzila na China \uff06 CAS 94-44-0 Fornecedor - Longchang chemical Co., Ltd.","description":"A Longchang Chemical \u00e9 um dos principais fabricantes e fornecedores de nicotinato de benzila na China. Compre nicotinato de benzila na China. Podemos oferecer o melhor pre\u00e7o de nicotinato de benzila.","robots":{"index":"index","follow":"follow","max-snippet":"max-snippet:-1","max-image-preview":"max-image-preview:large","max-video-preview":"max-video-preview:-1"},"canonical":"https:\/\/longchangchemical.com\/pt\/product\/benzyl-nicotinate-cas-94-44-0\/","og_locale":"pt_BR","og_type":"article","og_title":"China Benzyl nicotinate Manufacturer \uff06 CAS 94-44-0 Supplier - Longchang chemical Co., Ltd.","og_description":"Longchang Chemical is a leading manufacturer and supplier of Benzyl nicotinate in China. Buy Benzyl nicotinate in china. We can provide the best Benzyl nicotinate price.","og_url":"https:\/\/longchangchemical.com\/pt\/product\/benzyl-nicotinate-cas-94-44-0\/","og_site_name":"Longchang Chemical","article_modified_time":"2025-12-22T09:26:12+00:00","og_image":[{"width":600,"height":800,"url":"https:\/\/longchangchemical.com\/wp-content\/uploads\/2021\/01\/Benzyl-nicotinate-Appearance.jpg","type":"image\/jpeg"}],"twitter_card":"summary_large_image","schema":{"@context":"https:\/\/schema.org","@graph":[{"@type":"WebPage","@id":"https:\/\/longchangchemical.com\/product\/benzyl-nicotinate-cas-94-44-0\/","url":"https:\/\/longchangchemical.com\/product\/benzyl-nicotinate-cas-94-44-0\/","name":"Fabricante de nicotinato de benzila na China \uff06 CAS 94-44-0 Fornecedor - Longchang chemical Co., Ltd.","isPartOf":{"@id":"https:\/\/longchangchemical.com\/#website"},"primaryImageOfPage":{"@id":"https:\/\/longchangchemical.com\/product\/benzyl-nicotinate-cas-94-44-0\/#primaryimage"},"image":{"@id":"https:\/\/longchangchemical.com\/product\/benzyl-nicotinate-cas-94-44-0\/#primaryimage"},"thumbnailUrl":"https:\/\/longchangchemical.com\/wp-content\/uploads\/2021\/01\/Benzyl-nicotinate-Appearance.jpg","datePublished":"2021-04-21T10:00:25+00:00","dateModified":"2025-12-22T09:26:12+00:00","description":"A Longchang Chemical \u00e9 um dos principais fabricantes e fornecedores de nicotinato de benzila na China. Compre nicotinato de benzila na China. Podemos oferecer o melhor pre\u00e7o de nicotinato de benzila.","breadcrumb":{"@id":"https:\/\/longchangchemical.com\/product\/benzyl-nicotinate-cas-94-44-0\/#breadcrumb"},"inLanguage":"pt-BR","potentialAction":[{"@type":"ReadAction","target":["https:\/\/longchangchemical.com\/product\/benzyl-nicotinate-cas-94-44-0\/"]}]},{"@type":"ImageObject","inLanguage":"pt-BR","@id":"https:\/\/longchangchemical.com\/product\/benzyl-nicotinate-cas-94-44-0\/#primaryimage","url":"https:\/\/longchangchemical.com\/wp-content\/uploads\/2021\/01\/Benzyl-nicotinate-Appearance.jpg","contentUrl":"https:\/\/longchangchemical.com\/wp-content\/uploads\/2021\/01\/Benzyl-nicotinate-Appearance.jpg","width":600,"height":800,"caption":"Benzyl-nicotinate-Appearance"},{"@type":"BreadcrumbList","@id":"https:\/\/longchangchemical.com\/product\/benzyl-nicotinate-cas-94-44-0\/#breadcrumb","itemListElement":[{"@type":"ListItem","position":1,"name":"Home","item":"https:\/\/longchangchemical.com\/"},{"@type":"ListItem","position":2,"name":"Products Longchang","item":"https:\/\/longchangchemical.com\/product\/"},{"@type":"ListItem","position":3,"name":"Benzyl nicotinate CAS 94-44-0"}]},{"@type":"WebSite","@id":"https:\/\/longchangchemical.com\/#website","url":"https:\/\/longchangchemical.com\/","name":"Qu\u00edmica Longchang","description":"Fabricante de produtos qu\u00edmicos na China \uff06 fornecedor","publisher":{"@id":"https:\/\/longchangchemical.com\/#organization"},"potentialAction":[{"@type":"SearchAction","target":{"@type":"EntryPoint","urlTemplate":"https:\/\/longchangchemical.com\/?s={search_term_string}"},"query-input":{"@type":"PropertyValueSpecification","valueRequired":true,"valueName":"search_term_string"}}],"inLanguage":"pt-BR"},{"@type":"Organization","@id":"https:\/\/longchangchemical.com\/#organization","name":"Qu\u00edmica Longchang","url":"https:\/\/longchangchemical.com\/","logo":{"@type":"ImageObject","inLanguage":"pt-BR","@id":"https:\/\/longchangchemical.com\/#\/schema\/logo\/image\/","url":"https:\/\/longchangchemical.com\/wp-content\/uploads\/2020\/08\/cropped-longchang-logo.png","contentUrl":"https:\/\/longchangchemical.com\/wp-content\/uploads\/2020\/08\/cropped-longchang-logo.png","width":512,"height":512,"caption":"Longchang Chemical"},"image":{"@id":"https:\/\/longchangchemical.com\/#\/schema\/logo\/image\/"}}]}},"_links":{"self":[{"href":"https:\/\/longchangchemical.com\/pt\/wp-json\/wp\/v2\/product\/3655","targetHints":{"allow":["GET"]}}],"collection":[{"href":"https:\/\/longchangchemical.com\/pt\/wp-json\/wp\/v2\/product"}],"about":[{"href":"https:\/\/longchangchemical.com\/pt\/wp-json\/wp\/v2\/types\/product"}],"replies":[{"embeddable":true,"href":"https:\/\/longchangchemical.com\/pt\/wp-json\/wp\/v2\/comments?post=3655"}],"wp:featuredmedia":[{"embeddable":true,"href":"https:\/\/longchangchemical.com\/pt\/wp-json\/wp\/v2\/media\/4507"}],"wp:attachment":[{"href":"https:\/\/longchangchemical.com\/pt\/wp-json\/wp\/v2\/media?parent=3655"}],"wp:term":[{"taxonomy":"product_brand","embeddable":true,"href":"https:\/\/longchangchemical.com\/pt\/wp-json\/wp\/v2\/product_brand?post=3655"},{"taxonomy":"product_cat","embeddable":true,"href":"https:\/\/longchangchemical.com\/pt\/wp-json\/wp\/v2\/product_cat?post=3655"},{"taxonomy":"product_tag","embeddable":true,"href":"https:\/\/longchangchemical.com\/pt\/wp-json\/wp\/v2\/product_tag?post=3655"}],"curies":[{"name":"wp","href":"https:\/\/api.w.org\/{rel}","templated":true}]}}