{"id":3648,"date":"2021-10-09T13:36:05","date_gmt":"2021-10-09T13:36:05","guid":{"rendered":"https:\/\/longchangchemical.com\/?post_type=product&#038;p=3648"},"modified":"2026-05-08T02:59:40","modified_gmt":"2026-05-08T02:59:40","slug":"phenolphthalein-cas-77-09-8","status":"publish","type":"product","link":"https:\/\/longchangchemical.com\/pt\/product\/phenolphthalein-cas-77-09-8\/","title":{"rendered":"Fenolftale\u00edna CAS 77-09-8"},"content":{"rendered":"<h2><strong>Fenolftale\u00edna CAS 77-09-8<\/strong><\/h2>\n<table class=\"table-1\" cellspacing=\"0\">\n<tbody>\n<tr>\n<td><strong>Item<\/strong><\/td>\n<td><strong>Especifica\u00e7\u00f5es<\/strong><\/td>\n<\/tr>\n<tr>\n<td>Caracter\u00edsticas<\/td>\n<td>Um p\u00f3 branco ou quase branco, praticamente insol\u00favel em \u00e1gua, sol\u00favel em \u00e1lcool.<\/td>\n<\/tr>\n<tr>\n<td>Ponto de fus\u00e3o<\/td>\n<td>Ele derrete a cerca de 260 \u2103<\/td>\n<\/tr>\n<tr>\n<td>Identifica\u00e7\u00e3o<\/td>\n<td>A\uff1aPositivo B\uff1aPositivo<\/td>\n<\/tr>\n<tr>\n<td>Apar\u00eancia da solu\u00e7\u00e3o<\/td>\n<td>A solu\u00e7\u00e3o \u00e9 l\u00edmpida e n\u00e3o apresenta colora\u00e7\u00e3o mais intensa do que a solu\u00e7\u00e3o de refer\u00eancia Y7<\/td>\n<\/tr>\n<tr>\n<td>Subst\u00e2ncias relacionadas<\/td>\n<td>Menos de 0,5%<\/td>\n<\/tr>\n<tr>\n<td>Metais pesados<\/td>\n<td>N\u00e3o superior a 0,001%<\/td>\n<\/tr>\n<tr>\n<td>Acidez ou alcalinidade<\/td>\n<td>Em conformidade<\/td>\n<\/tr>\n<tr>\n<td>Cloretos<\/td>\n<td>N\u00e3o mais que 0,01%<\/td>\n<\/tr>\n<tr>\n<td>Sulfatos<\/td>\n<td>N\u00e3o mais que 0,02%<\/td>\n<\/tr>\n<tr>\n<td>Perda na secagem<\/td>\n<td>N\u00e3o mais que 0,5%<\/td>\n<\/tr>\n<tr>\n<td>Cinzas sulfatadas<\/td>\n<td>N\u00e3o mais que 0,1%<\/td>\n<\/tr>\n<tr>\n<td>Ensaio<\/td>\n<td>98.0%-101.0%(C<sub>2<\/sub>OHi<sub>4<\/sub>O<sub>4<\/sub>)<\/td>\n<\/tr>\n<tr>\n<td rowspan=\"6\">Microorganismos<\/td>\n<td>TPC&lt;1000cfu\/g<\/td>\n<\/tr>\n<tr>\n<td>Y e M &lt;100cfu\/g<\/td>\n<\/tr>\n<tr>\n<td>E-coli - ausente<\/td>\n<\/tr>\n<tr>\n<td>Staphylococcus Aureus - Ausente<\/td>\n<\/tr>\n<tr>\n<td>Pseudomonas Aeruginosa - Ausente<\/td>\n<\/tr>\n<tr>\n<td>Albicans Saccharomyces-Absent<\/td>\n<\/tr>\n<\/tbody>\n<\/table>\n<p>&nbsp;<\/p>\n<h2><strong>Uso da fenolftale\u00edna<\/strong><\/h2>\n<p>1. A fenolftale\u00edna \u00e9 um \u00e1cido org\u00e2nico fraco. Apresenta cristais finos brancos ou ligeiramente amarelados em temperatura ambiente. \u00c9 inodoro e ins\u00edpido. \u00c9 pouco sol\u00favel em \u00e1gua, mas facilmente sol\u00favel em \u00e1lcool (etanol) e \u00e9ter. Dissolvido em solu\u00e7\u00e3o alco\u00f3lica para fazer indicador \u00e1cido-base, \u00e9 incolor em solu\u00e7\u00e3o \u00e1cida, vermelho em solu\u00e7\u00e3o de soda c\u00e1ustica ou solu\u00e7\u00e3o de carbonato de metal alcalino, mas se estiver em solu\u00e7\u00e3o alcalina concentrada, gerar\u00e1 trimetal incolor. Devido a essa caracter\u00edstica, ele \u00e9 frequentemente usado como um indicador de titula\u00e7\u00e3o \u00e1cido-base em laborat\u00f3rios. A faixa de cores do valor de PH \u00e9 de 8,2~10,0, de incolor a vermelho. Quando o reagente de fenolftale\u00edna \u00e9 pingado na \u00e1gua ou em uma solu\u00e7\u00e3o aquosa neutra e \u00e1cida, aparece uma turbidez branca. Isso ocorre porque o \u00e1lcool \u00e9 facilmente sol\u00favel em \u00e1gua e a fenolftale\u00edna, que \u00e9 pouco sol\u00favel em \u00e1gua, precipita no reagente.<\/p>\n<p>2. Ingredientes farmac\u00eauticos: A fenolftale\u00edna \u00e9 usada como laxante farmac\u00eautico leve para constipa\u00e7\u00e3o habitual e persistente. Est\u00e1 dispon\u00edvel em comprimidos, suposit\u00f3rios e outras formas de dosagem, principalmente no c\u00f3lon, por meio da decomposi\u00e7\u00e3o do corpo para formar sais de s\u00f3dio sol\u00faveis, estimular o plexo nervoso na parede intestinal, de modo que o peristaltismo aumente e promova a defeca\u00e7\u00e3o.<br \/>\n3. S\u00edntese org\u00e2nica: A fenolftale\u00edna tamb\u00e9m \u00e9 usada na s\u00edntese de pl\u00e1sticos, especialmente na s\u00edntese de pol\u00edmeros de cetona de poliaril\u00e9ter poliaril\u00e9ter cetona de diazanafetona. Esses pol\u00edmeros t\u00eam boa resist\u00eancia ao calor, resist\u00eancia \u00e0 \u00e1gua, resist\u00eancia qu\u00edmica, resist\u00eancia ao envelhecimento por calor e processamento e modelagem, feitos de fibras, revestimentos e compostos, e s\u00e3o amplamente utilizados em aparelhos el\u00e9tricos e eletr\u00f4nicos, m\u00e1quinas e equipamentos, transporte, aeroespacial, engenharia de energia at\u00f4mica, militar e outros campos.<\/p>\n<p>4. An\u00e1lise qu\u00edmica: A fenolftale\u00edna pode ser usada como um end\u00f3crino para a determina\u00e7\u00e3o local da acidez principal e detec\u00e7\u00e3o de \u00edons de magn\u00e9sio. A fenolftale\u00edna, como endocrinador, pode indicar a concentra\u00e7\u00e3o do \u00e1cido chin\u00eas. Na detec\u00e7\u00e3o de \u00edons de magn\u00e9sio, a fenolftale\u00edna pode indicar a presen\u00e7a e a concentra\u00e7\u00e3o de \u00edons de magn\u00e9sio.<\/p>\n<p>5. Trilhas bioqu\u00edmicas: A fenolftale\u00edna pode ser usada como um identificador para alguns testes bioqu\u00edmicos para detectar a presen\u00e7a ou aus\u00eancia de caracter\u00edsticas, por exemplo, detec\u00e7\u00e3o da presen\u00e7a de rea\u00e7\u00f5es enzim\u00e1ticas e atividade metab\u00f3lica.<\/p>\n<p>6. Produtos farmac\u00eauticos e pigmentos: A fenolftale\u00edna pode ser preparada como um composto sint\u00e9tico para alguns pigmentos e produtos organofarmac\u00eauticos. Ela pode ser usada como uma prepara\u00e7\u00e3o para dar cores diferentes a rolos e outros materiais.<\/p>\n<h2><strong>Fenolftale\u00ednaEmbalagem e envio<\/strong><\/h2>\n<p>Tambor de fibra, 25 kg<\/p>\n<p>&nbsp;<\/p>\n<h2><strong>Armazenamento de fenolftale\u00edna<\/strong><\/h2>\n<p>Armazene em um local fresco e seco.<\/p>\n<p>&nbsp;<\/p>\n<h2><strong><b>Entre em contato conosco agora!<\/b><\/strong><\/h2>\n<h4><strong><b>Se precisar de COA, MSDS ou TDS, preencha suas informa\u00e7\u00f5es de contato no formul\u00e1rio abaixo. Normalmente, entraremos em contato em 24 horas. Voc\u00ea tamb\u00e9m pode me enviar um e-mail <span style=\"color: #0000ff;\"><a style=\"color: #0000ff;\" href=\"mailto:info@longchangchemical.com\">info@longchangchemical.com<\/a><\/span> durante o hor\u00e1rio comercial (das 8h30 \u00e0s 18h UTC+8 de segunda a s\u00e1bado) ou use o bate-papo ao vivo do site para obter uma resposta imediata.<\/b><\/strong><\/h4>","protected":false},"excerpt":{"rendered":"<h4>Nome qu\u00edmico: Fenolftale\u00edna<\/h4>\n<h4>N\u00famero CAS: 77-09-8<\/h4>\n<h4>F\u00f3rmula molecular: C20H14O4<\/h4>\n<h4>Estrutura qu\u00edmica:<img decoding=\"async\" title=\"Estrutura da fenolftale\u00edna\" src=\"https:\/\/www.longchangchemical.com\/wp-content\/uploads\/product-details\/20200615068865.png\" alt=\"Estrutura da fenolftale\u00edna\" width=\"193\" height=\"168\" border=\"0\" vspace=\"0\" \/><\/h4>\n<h4>Peso molecular: 318,32<\/h4>\n<h4>Apar\u00eancia: Um p\u00f3 branco, praticamente insol\u00favel em \u00e1gua, sol\u00favel em \u00e1lcool.<\/h4>\n<h4>Ensaio: 98.0%-101.0%(C2OHi4O4)<\/h4>","protected":false},"featured_media":4377,"comment_status":"open","ping_status":"closed","template":"","meta":[],"product_brand":[],"product_cat":[69],"product_tag":[],"class_list":{"0":"post-3648","1":"product","2":"type-product","3":"status-publish","4":"has-post-thumbnail","6":"product_cat-catalysts-chemical-auxiliary-agents","8":"first","9":"instock","10":"shipping-taxable","11":"product-type-simple"},"yoast_head":"<!-- This site is optimized with the Yoast SEO plugin v25.3.1 - https:\/\/yoast.com\/wordpress\/plugins\/seo\/ -->\n<title>China Phenolphthalein manufacturer - Longchang Chemical Co., Ltd.<\/title>\n<meta name=\"description\" content=\"China Phenolphthalein cas 77-09-8 manufacturer and suplier.\" \/>\n<meta name=\"robots\" content=\"index, follow, max-snippet:-1, max-image-preview:large, max-video-preview:-1\" \/>\n<link rel=\"canonical\" href=\"https:\/\/longchangchemical.com\/pt\/product\/phenolphthalein-cas-77-09-8\/\" \/>\n<meta property=\"og:locale\" content=\"pt_BR\" \/>\n<meta property=\"og:type\" content=\"article\" \/>\n<meta property=\"og:title\" content=\"China Phenolphthalein manufacturer - Longchang Chemical Co., Ltd.\" \/>\n<meta property=\"og:description\" content=\"China Phenolphthalein cas 77-09-8 manufacturer and suplier.\" \/>\n<meta property=\"og:url\" content=\"https:\/\/longchangchemical.com\/pt\/product\/phenolphthalein-cas-77-09-8\/\" \/>\n<meta property=\"og:site_name\" content=\"Longchang Chemical\" \/>\n<meta property=\"article:modified_time\" content=\"2026-05-08T02:59:40+00:00\" \/>\n<meta property=\"og:image\" content=\"https:\/\/longchangchemical.com\/wp-content\/uploads\/2021\/02\/Calcium-citrate-Appearance.jpg\" \/>\n\t<meta property=\"og:image:width\" content=\"600\" \/>\n\t<meta property=\"og:image:height\" content=\"800\" \/>\n\t<meta property=\"og:image:type\" content=\"image\/jpeg\" \/>\n<meta name=\"twitter:card\" content=\"summary_large_image\" \/>\n<script type=\"application\/ld+json\" class=\"yoast-schema-graph\">{\"@context\":\"https:\/\/schema.org\",\"@graph\":[{\"@type\":\"WebPage\",\"@id\":\"https:\/\/longchangchemical.com\/product\/phenolphthalein-cas-77-09-8\/\",\"url\":\"https:\/\/longchangchemical.com\/product\/phenolphthalein-cas-77-09-8\/\",\"name\":\"China Phenolphthalein manufacturer - Longchang Chemical Co., Ltd.\",\"isPartOf\":{\"@id\":\"https:\/\/longchangchemical.com\/#website\"},\"primaryImageOfPage\":{\"@id\":\"https:\/\/longchangchemical.com\/product\/phenolphthalein-cas-77-09-8\/#primaryimage\"},\"image\":{\"@id\":\"https:\/\/longchangchemical.com\/product\/phenolphthalein-cas-77-09-8\/#primaryimage\"},\"thumbnailUrl\":\"https:\/\/longchangchemical.com\/wp-content\/uploads\/2021\/02\/Calcium-citrate-Appearance.jpg\",\"datePublished\":\"2021-10-09T13:36:05+00:00\",\"dateModified\":\"2026-05-08T02:59:40+00:00\",\"description\":\"China Phenolphthalein cas 77-09-8 manufacturer and suplier.\",\"breadcrumb\":{\"@id\":\"https:\/\/longchangchemical.com\/product\/phenolphthalein-cas-77-09-8\/#breadcrumb\"},\"inLanguage\":\"pt-BR\",\"potentialAction\":[{\"@type\":\"ReadAction\",\"target\":[\"https:\/\/longchangchemical.com\/product\/phenolphthalein-cas-77-09-8\/\"]}]},{\"@type\":\"ImageObject\",\"inLanguage\":\"pt-BR\",\"@id\":\"https:\/\/longchangchemical.com\/product\/phenolphthalein-cas-77-09-8\/#primaryimage\",\"url\":\"https:\/\/longchangchemical.com\/wp-content\/uploads\/2021\/02\/Calcium-citrate-Appearance.jpg\",\"contentUrl\":\"https:\/\/longchangchemical.com\/wp-content\/uploads\/2021\/02\/Calcium-citrate-Appearance.jpg\",\"width\":600,\"height\":800,\"caption\":\"Calcium citrate Appearance\"},{\"@type\":\"BreadcrumbList\",\"@id\":\"https:\/\/longchangchemical.com\/product\/phenolphthalein-cas-77-09-8\/#breadcrumb\",\"itemListElement\":[{\"@type\":\"ListItem\",\"position\":1,\"name\":\"Home\",\"item\":\"https:\/\/longchangchemical.com\/\"},{\"@type\":\"ListItem\",\"position\":2,\"name\":\"Products Longchang\",\"item\":\"https:\/\/longchangchemical.com\/product\/\"},{\"@type\":\"ListItem\",\"position\":3,\"name\":\"Phenolphthalein CAS 77-09-8\"}]},{\"@type\":\"WebSite\",\"@id\":\"https:\/\/longchangchemical.com\/#website\",\"url\":\"https:\/\/longchangchemical.com\/\",\"name\":\"Longchang Chemical\",\"description\":\"China chemical manufacturer \uff06 supplier\",\"publisher\":{\"@id\":\"https:\/\/longchangchemical.com\/#organization\"},\"potentialAction\":[{\"@type\":\"SearchAction\",\"target\":{\"@type\":\"EntryPoint\",\"urlTemplate\":\"https:\/\/longchangchemical.com\/?s={search_term_string}\"},\"query-input\":{\"@type\":\"PropertyValueSpecification\",\"valueRequired\":true,\"valueName\":\"search_term_string\"}}],\"inLanguage\":\"pt-BR\"},{\"@type\":\"Organization\",\"@id\":\"https:\/\/longchangchemical.com\/#organization\",\"name\":\"Longchang Chemical\",\"url\":\"https:\/\/longchangchemical.com\/\",\"logo\":{\"@type\":\"ImageObject\",\"inLanguage\":\"pt-BR\",\"@id\":\"https:\/\/longchangchemical.com\/#\/schema\/logo\/image\/\",\"url\":\"https:\/\/longchangchemical.com\/wp-content\/uploads\/2020\/08\/cropped-longchang-logo.png\",\"contentUrl\":\"https:\/\/longchangchemical.com\/wp-content\/uploads\/2020\/08\/cropped-longchang-logo.png\",\"width\":512,\"height\":512,\"caption\":\"Longchang Chemical\"},\"image\":{\"@id\":\"https:\/\/longchangchemical.com\/#\/schema\/logo\/image\/\"}}]}<\/script>\n<!-- \/ Yoast SEO plugin. -->","yoast_head_json":{"title":"Fabricante de fenolftale\u00edna na China - Longchang Chemical Co., Ltd.","description":"Fabricante e fornecedor de Phenolphthalein cas 77-09-8 na China.","robots":{"index":"index","follow":"follow","max-snippet":"max-snippet:-1","max-image-preview":"max-image-preview:large","max-video-preview":"max-video-preview:-1"},"canonical":"https:\/\/longchangchemical.com\/pt\/product\/phenolphthalein-cas-77-09-8\/","og_locale":"pt_BR","og_type":"article","og_title":"China Phenolphthalein manufacturer - Longchang Chemical Co., Ltd.","og_description":"China Phenolphthalein cas 77-09-8 manufacturer and suplier.","og_url":"https:\/\/longchangchemical.com\/pt\/product\/phenolphthalein-cas-77-09-8\/","og_site_name":"Longchang Chemical","article_modified_time":"2026-05-08T02:59:40+00:00","og_image":[{"width":600,"height":800,"url":"https:\/\/longchangchemical.com\/wp-content\/uploads\/2021\/02\/Calcium-citrate-Appearance.jpg","type":"image\/jpeg"}],"twitter_card":"summary_large_image","schema":{"@context":"https:\/\/schema.org","@graph":[{"@type":"WebPage","@id":"https:\/\/longchangchemical.com\/product\/phenolphthalein-cas-77-09-8\/","url":"https:\/\/longchangchemical.com\/product\/phenolphthalein-cas-77-09-8\/","name":"Fabricante de fenolftale\u00edna na China - Longchang Chemical Co., Ltd.","isPartOf":{"@id":"https:\/\/longchangchemical.com\/#website"},"primaryImageOfPage":{"@id":"https:\/\/longchangchemical.com\/product\/phenolphthalein-cas-77-09-8\/#primaryimage"},"image":{"@id":"https:\/\/longchangchemical.com\/product\/phenolphthalein-cas-77-09-8\/#primaryimage"},"thumbnailUrl":"https:\/\/longchangchemical.com\/wp-content\/uploads\/2021\/02\/Calcium-citrate-Appearance.jpg","datePublished":"2021-10-09T13:36:05+00:00","dateModified":"2026-05-08T02:59:40+00:00","description":"Fabricante e fornecedor de Phenolphthalein cas 77-09-8 na China.","breadcrumb":{"@id":"https:\/\/longchangchemical.com\/product\/phenolphthalein-cas-77-09-8\/#breadcrumb"},"inLanguage":"pt-BR","potentialAction":[{"@type":"ReadAction","target":["https:\/\/longchangchemical.com\/product\/phenolphthalein-cas-77-09-8\/"]}]},{"@type":"ImageObject","inLanguage":"pt-BR","@id":"https:\/\/longchangchemical.com\/product\/phenolphthalein-cas-77-09-8\/#primaryimage","url":"https:\/\/longchangchemical.com\/wp-content\/uploads\/2021\/02\/Calcium-citrate-Appearance.jpg","contentUrl":"https:\/\/longchangchemical.com\/wp-content\/uploads\/2021\/02\/Calcium-citrate-Appearance.jpg","width":600,"height":800,"caption":"Calcium citrate Appearance"},{"@type":"BreadcrumbList","@id":"https:\/\/longchangchemical.com\/product\/phenolphthalein-cas-77-09-8\/#breadcrumb","itemListElement":[{"@type":"ListItem","position":1,"name":"Home","item":"https:\/\/longchangchemical.com\/"},{"@type":"ListItem","position":2,"name":"Products Longchang","item":"https:\/\/longchangchemical.com\/product\/"},{"@type":"ListItem","position":3,"name":"Phenolphthalein CAS 77-09-8"}]},{"@type":"WebSite","@id":"https:\/\/longchangchemical.com\/#website","url":"https:\/\/longchangchemical.com\/","name":"Qu\u00edmica Longchang","description":"Fabricante de produtos qu\u00edmicos na China \uff06 fornecedor","publisher":{"@id":"https:\/\/longchangchemical.com\/#organization"},"potentialAction":[{"@type":"SearchAction","target":{"@type":"EntryPoint","urlTemplate":"https:\/\/longchangchemical.com\/?s={search_term_string}"},"query-input":{"@type":"PropertyValueSpecification","valueRequired":true,"valueName":"search_term_string"}}],"inLanguage":"pt-BR"},{"@type":"Organization","@id":"https:\/\/longchangchemical.com\/#organization","name":"Qu\u00edmica Longchang","url":"https:\/\/longchangchemical.com\/","logo":{"@type":"ImageObject","inLanguage":"pt-BR","@id":"https:\/\/longchangchemical.com\/#\/schema\/logo\/image\/","url":"https:\/\/longchangchemical.com\/wp-content\/uploads\/2020\/08\/cropped-longchang-logo.png","contentUrl":"https:\/\/longchangchemical.com\/wp-content\/uploads\/2020\/08\/cropped-longchang-logo.png","width":512,"height":512,"caption":"Longchang Chemical"},"image":{"@id":"https:\/\/longchangchemical.com\/#\/schema\/logo\/image\/"}}]}},"_links":{"self":[{"href":"https:\/\/longchangchemical.com\/pt\/wp-json\/wp\/v2\/product\/3648","targetHints":{"allow":["GET"]}}],"collection":[{"href":"https:\/\/longchangchemical.com\/pt\/wp-json\/wp\/v2\/product"}],"about":[{"href":"https:\/\/longchangchemical.com\/pt\/wp-json\/wp\/v2\/types\/product"}],"replies":[{"embeddable":true,"href":"https:\/\/longchangchemical.com\/pt\/wp-json\/wp\/v2\/comments?post=3648"}],"wp:featuredmedia":[{"embeddable":true,"href":"https:\/\/longchangchemical.com\/pt\/wp-json\/wp\/v2\/media\/4377"}],"wp:attachment":[{"href":"https:\/\/longchangchemical.com\/pt\/wp-json\/wp\/v2\/media?parent=3648"}],"wp:term":[{"taxonomy":"product_brand","embeddable":true,"href":"https:\/\/longchangchemical.com\/pt\/wp-json\/wp\/v2\/product_brand?post=3648"},{"taxonomy":"product_cat","embeddable":true,"href":"https:\/\/longchangchemical.com\/pt\/wp-json\/wp\/v2\/product_cat?post=3648"},{"taxonomy":"product_tag","embeddable":true,"href":"https:\/\/longchangchemical.com\/pt\/wp-json\/wp\/v2\/product_tag?post=3648"}],"curies":[{"name":"wp","href":"https:\/\/api.w.org\/{rel}","templated":true}]}}