{"id":3643,"date":"2021-05-18T08:10:14","date_gmt":"2021-05-18T08:10:14","guid":{"rendered":"https:\/\/longchangchemical.com\/?post_type=product&#038;p=3643"},"modified":"2025-12-22T08:18:24","modified_gmt":"2025-12-22T08:18:24","slug":"d-lactide-cas-13076-17-0","status":"publish","type":"product","link":"https:\/\/longchangchemical.com\/pt\/product\/d-lactide-cas-13076-17-0\/","title":{"rendered":"D-Lactide CAS 13076-17-0"},"content":{"rendered":"<h1><strong>D-Lactide CAS 13076-17-0<\/strong><\/h1>\n<table class=\"table-1\" cellspacing=\"0\">\n<tbody>\n<tr>\n<td>\n<h4>Item<\/h4>\n<\/td>\n<td>\n<h4>Padr\u00e3o<\/h4>\n<\/td>\n<td>\n<h4>Resultados<\/h4>\n<\/td>\n<\/tr>\n<tr>\n<td>\n<h4>Apar\u00eancia<\/h4>\n<\/td>\n<td>\n<h4>Cristais brancos<\/h4>\n<\/td>\n<td>\n<h4>Cristais brancos<\/h4>\n<\/td>\n<\/tr>\n<tr>\n<td>\n<h4>Ponto de fus\u00e3o (\u2103)<\/h4>\n<\/td>\n<td>\n<h4>96-99<\/h4>\n<\/td>\n<td>\n<h4>97<\/h4>\n<\/td>\n<\/tr>\n<tr>\n<td>\n<h4>Conte\u00fado de \u00e1gua\uff0c%<\/h4>\n<\/td>\n<td>\n<h4>\u22640.4<\/h4>\n<\/td>\n<td>\n<h4>0.12<\/h4>\n<\/td>\n<\/tr>\n<tr>\n<td>\n<h4>Teor de metais pesados (ppm)<\/h4>\n<\/td>\n<td>\n<h4>\u22645<\/h4>\n<\/td>\n<td>\n<h4>\u22645<\/h4>\n<\/td>\n<\/tr>\n<tr>\n<td>\n<h4>\u00c1cido livre<\/h4>\n<\/td>\n<td>\n<h4>\u22640.1<\/h4>\n<\/td>\n<td>\n<h4>0.056<\/h4>\n<\/td>\n<\/tr>\n<tr>\n<td>\n<h4>Ash,%<\/h4>\n<\/td>\n<td>\n<h4>\u22640.05<\/h4>\n<\/td>\n<td>\n<h4>0.035<\/h4>\n<\/td>\n<\/tr>\n<tr>\n<td>\n<h4>Pureza,%<\/h4>\n<\/td>\n<td>\n<h4>\u226599.5<\/h4>\n<\/td>\n<td>\n<h4>\u226599.5<\/h4>\n<\/td>\n<\/tr>\n<tr>\n<td>\n<h4>Rota\u00e7\u00e3o \u00f3ptica (diclorometano, 25 \u00b0 C)<\/h4>\n<\/td>\n<td>\n<h4>260\uff5e265\u00b0<\/h4>\n<\/td>\n<td>\n<h4>262\u00b0<\/h4>\n<\/td>\n<\/tr>\n<tr>\n<td>\n<h4>Conclus\u00e3o<\/h4>\n<\/td>\n<td colspan=\"2\">\n<h4>Qualificado<\/h4>\n<\/td>\n<\/tr>\n<\/tbody>\n<\/table>\n<p>&nbsp;<\/p>\n<h2><strong>Uso do D-LACTIDE<\/strong><\/h2>\n<h4>O D-(+)-propionil \u00e9ster cruzado \u00e9 um di\u00e9ster c\u00edclico do \u00e1cido l\u00e1tico, um subproduto produzido pelos sarc\u00f4meros musculares e pelas c\u00e9lulas vermelhas do sangue quando o corpo decomp\u00f5e os carboidratos para obter energia em n\u00edveis baixos de oxig\u00eanio. Um catalisador adequado pode ser usado para polimerizar o \u00e9ster propion\u00edlico em \u00e1cido polil\u00e1tico, resultando em um material com propriedades \u00fateis.<\/h4>\n<h4><\/h4>\n<h2><strong>Armazenamento de D-LACTIDE<\/strong><\/h2>\n<h4>1. Esta s\u00e9rie de produtos \u00e9 composta por materiais biodegrad\u00e1veis. Evite o contato com \u00e1gua, subst\u00e2ncias \u00e1cidas, subst\u00e2ncias alcalinas, reagentes alco\u00f3licos e outros reagentes que possam causar a degrada\u00e7\u00e3o do produto durante o armazenamento.<\/h4>\n<h4>2. Essa s\u00e9rie de produtos deve ser selada e armazenada em local seco e de baixa temperatura (geladeira congelando a -20 graus) durante o armazenamento e deve ser selada com um selador (os produtos restantes ap\u00f3s o uso n\u00e3o devem ser embalados e armazenados em sacos ziplock).<\/h4>\n<h4>3. Quando estiver em uso, retire-o da geladeira e coloque-o em temperatura ambiente e aguarde at\u00e9 que a temperatura atinja a temperatura ambiente para limpar a umidade condensada na superf\u00edcie do saco de embalagem antes de abrir (a umidade do ar se condensar\u00e1 na superf\u00edcie do produto e degradar\u00e1 o produto quando ele for retirado da geladeira sem temperatura constante e aberto). A umidade do ar do ambiente durante o uso deve ser inferior a 35% para evitar que os produtos restantes fiquem \u00famidos e afetem a qualidade do produto.<\/h4>\n<h2><strong>Embalagem de D-LACTIDE<\/strong><\/h2>\n<h4>500g\/saco ou 1kg\/saco ou 25kg\/tambor.<\/h4>\n<p>&nbsp;<\/p>\n<h2><strong>Como distinguir D-LACTIDE e L-LACTIDE?<\/strong><\/h2>\n<h4>1. Os cristais em forma de agulha do L-lact\u00eddeo e do D-lact\u00eddeo s\u00e3o iguais, e o ponto de fus\u00e3o \u00e9 o mesmo, e a apar\u00eancia \u00e9 indistingu\u00edvel. A forma rac\u00eamica pode ser distinguida pela apar\u00eancia, n\u00e3o \u00e9 em forma de agulha e o ponto de fus\u00e3o \u00e9 diferente.<br \/>\n2. O magnetismo nuclear e o infravermelho n\u00e3o podem ser distinguidos, a rota\u00e7\u00e3o \u00f3ptica pode ser distinguida, o lado esquerdo \u00e9 negativo, o lado direito \u00e9 positivo, a racemiza\u00e7\u00e3o n\u00e3o tem rota\u00e7\u00e3o \u00f3ptica<\/h4>\n<p>&nbsp;<\/p>\n<h2><strong>Produtos da mesma s\u00e9rie<\/strong><\/h2>\n<table style=\"border-collapse: collapse; width: 312.02pt;\" border=\"0\" width=\"416\" cellspacing=\"0\" cellpadding=\"0\">\n<tbody>\n<tr style=\"height: 40.50pt;\">\n<td class=\"et2\" style=\"height: 40.50pt; width: 201.75pt;\" width=\"269\" height=\"54\">\n<h4>D-LACTIDE<\/h4>\n<\/td>\n<td class=\"et2\" style=\"width: 110.25pt;\" width=\"147\">\n<h4>13076-17-0<\/h4>\n<\/td>\n<\/tr>\n<tr style=\"height: 40.50pt;\">\n<td class=\"et2\" style=\"height: 40.50pt; width: 201.75pt;\" width=\"269\" height=\"54\">\n<h4><a href=\"https:\/\/longchangchemical.com\/pt\/product\/l-lactide-cas-4511-42-6\/\"><span style=\"color: #0000ff;\">L-LACTIDE<\/span><\/a><\/h4>\n<\/td>\n<td class=\"et2\" style=\"width: 110.25pt;\" width=\"147\">\n<h4>4511-42-6<\/h4>\n<\/td>\n<\/tr>\n<\/tbody>\n<\/table>\n<h2><\/h2>\n<h2><strong><b>Entre em contato conosco agora!<\/b><\/strong><\/h2>\n<h4><strong><b>Se precisar de COA, MSDS ou TDS, preencha o formul\u00e1rio abaixo. Normalmente, entraremos em contato dentro de 24 horas. Voc\u00ea tamb\u00e9m pode me enviar um e-mail <span style=\"color: #0000ff;\"><a style=\"color: #0000ff;\" href=\"mailto:info@longchangchemical.com\">info@longchangchemical.com<\/a><\/span> durante o hor\u00e1rio comercial (das 8h30 \u00e0s 18h UTC+8 de segunda a s\u00e1bado) ou use o bate-papo ao vivo do site para obter uma resposta imediata.<\/b><\/strong><\/h4>\n<p>&nbsp;<\/p>","protected":false},"excerpt":{"rendered":"<h4>Nome do produto: D-LACTIDE<\/h4>\n<h4>N\u00famero CAS: 13076-17-0<\/h4>\n<h4>F\u00f3rmula molecular: C6H8O4<\/h4>\n<h4>Peso molecular: 144,13<\/h4>\n<h4>Estrutura qu\u00edmica\uff1a<img decoding=\"async\" title=\"D-LACT\u00cdDEO CAS 13076-17-0\" src=\"https:\/\/www.longchangchemical.com\/wp-content\/uploads\/product-details\/20200617061310.png\" alt=\"D-LACT\u00cdDEO CAS 13076-17-0\" \/><\/h4>\n<h4>Apar\u00eancia: Cristais brancos<\/h4>","protected":false},"featured_media":4625,"comment_status":"open","ping_status":"closed","template":"","meta":[],"product_brand":[],"product_cat":[69],"product_tag":[],"class_list":{"0":"post-3643","1":"product","2":"type-product","3":"status-publish","4":"has-post-thumbnail","6":"product_cat-catalysts-chemical-auxiliary-agents","8":"first","9":"instock","10":"shipping-taxable","11":"product-type-simple"},"yoast_head":"<!-- This site is optimized with the Yoast SEO plugin v25.3.1 - https:\/\/yoast.com\/wordpress\/plugins\/seo\/ -->\n<title>China D-Lactide Manufacturer \uff06 13076-17-0 Supplier - Longchang chemical Co., Ltd.<\/title>\n<meta name=\"description\" content=\"Longchang Chemical is a leading manufacturer and supplier of D-Lactide in China. Buy D-Lactide in china. We can provide the best D-Lactide price.\" \/>\n<meta name=\"robots\" content=\"index, follow, max-snippet:-1, max-image-preview:large, max-video-preview:-1\" \/>\n<link rel=\"canonical\" href=\"https:\/\/longchangchemical.com\/pt\/product\/d-lactide-cas-13076-17-0\/\" \/>\n<meta property=\"og:locale\" content=\"pt_BR\" \/>\n<meta property=\"og:type\" content=\"article\" \/>\n<meta property=\"og:title\" content=\"China D-Lactide Manufacturer \uff06 13076-17-0 Supplier - Longchang chemical Co., Ltd.\" \/>\n<meta property=\"og:description\" content=\"Longchang Chemical is a leading manufacturer and supplier of D-Lactide in China. Buy D-Lactide in china. We can provide the best D-Lactide price.\" \/>\n<meta property=\"og:url\" content=\"https:\/\/longchangchemical.com\/pt\/product\/d-lactide-cas-13076-17-0\/\" \/>\n<meta property=\"og:site_name\" content=\"Longchang Chemical\" \/>\n<meta property=\"article:modified_time\" content=\"2025-12-22T08:18:24+00:00\" \/>\n<meta property=\"og:image\" content=\"https:\/\/longchangchemical.com\/wp-content\/uploads\/2021\/01\/Appearance-26.jpg\" \/>\n\t<meta property=\"og:image:width\" content=\"600\" \/>\n\t<meta property=\"og:image:height\" content=\"800\" \/>\n\t<meta property=\"og:image:type\" content=\"image\/jpeg\" \/>\n<meta name=\"twitter:card\" content=\"summary_large_image\" \/>\n<script type=\"application\/ld+json\" class=\"yoast-schema-graph\">{\"@context\":\"https:\/\/schema.org\",\"@graph\":[{\"@type\":\"WebPage\",\"@id\":\"https:\/\/longchangchemical.com\/product\/d-lactide-cas-13076-17-0\/\",\"url\":\"https:\/\/longchangchemical.com\/product\/d-lactide-cas-13076-17-0\/\",\"name\":\"China D-Lactide Manufacturer \uff06 13076-17-0 Supplier - Longchang chemical Co., Ltd.\",\"isPartOf\":{\"@id\":\"https:\/\/longchangchemical.com\/#website\"},\"primaryImageOfPage\":{\"@id\":\"https:\/\/longchangchemical.com\/product\/d-lactide-cas-13076-17-0\/#primaryimage\"},\"image\":{\"@id\":\"https:\/\/longchangchemical.com\/product\/d-lactide-cas-13076-17-0\/#primaryimage\"},\"thumbnailUrl\":\"https:\/\/longchangchemical.com\/wp-content\/uploads\/2021\/01\/Appearance-26.jpg\",\"datePublished\":\"2021-05-18T08:10:14+00:00\",\"dateModified\":\"2025-12-22T08:18:24+00:00\",\"description\":\"Longchang Chemical is a leading manufacturer and supplier of D-Lactide in China. Buy D-Lactide in china. We can provide the best D-Lactide price.\",\"breadcrumb\":{\"@id\":\"https:\/\/longchangchemical.com\/product\/d-lactide-cas-13076-17-0\/#breadcrumb\"},\"inLanguage\":\"pt-BR\",\"potentialAction\":[{\"@type\":\"ReadAction\",\"target\":[\"https:\/\/longchangchemical.com\/product\/d-lactide-cas-13076-17-0\/\"]}]},{\"@type\":\"ImageObject\",\"inLanguage\":\"pt-BR\",\"@id\":\"https:\/\/longchangchemical.com\/product\/d-lactide-cas-13076-17-0\/#primaryimage\",\"url\":\"https:\/\/longchangchemical.com\/wp-content\/uploads\/2021\/01\/Appearance-26.jpg\",\"contentUrl\":\"https:\/\/longchangchemical.com\/wp-content\/uploads\/2021\/01\/Appearance-26.jpg\",\"width\":600,\"height\":800},{\"@type\":\"BreadcrumbList\",\"@id\":\"https:\/\/longchangchemical.com\/product\/d-lactide-cas-13076-17-0\/#breadcrumb\",\"itemListElement\":[{\"@type\":\"ListItem\",\"position\":1,\"name\":\"Home\",\"item\":\"https:\/\/longchangchemical.com\/\"},{\"@type\":\"ListItem\",\"position\":2,\"name\":\"Products Longchang\",\"item\":\"https:\/\/longchangchemical.com\/product\/\"},{\"@type\":\"ListItem\",\"position\":3,\"name\":\"D-Lactide CAS 13076-17-0\"}]},{\"@type\":\"WebSite\",\"@id\":\"https:\/\/longchangchemical.com\/#website\",\"url\":\"https:\/\/longchangchemical.com\/\",\"name\":\"Longchang Chemical\",\"description\":\"China chemical manufacturer \uff06 supplier\",\"publisher\":{\"@id\":\"https:\/\/longchangchemical.com\/#organization\"},\"potentialAction\":[{\"@type\":\"SearchAction\",\"target\":{\"@type\":\"EntryPoint\",\"urlTemplate\":\"https:\/\/longchangchemical.com\/?s={search_term_string}\"},\"query-input\":{\"@type\":\"PropertyValueSpecification\",\"valueRequired\":true,\"valueName\":\"search_term_string\"}}],\"inLanguage\":\"pt-BR\"},{\"@type\":\"Organization\",\"@id\":\"https:\/\/longchangchemical.com\/#organization\",\"name\":\"Longchang Chemical\",\"url\":\"https:\/\/longchangchemical.com\/\",\"logo\":{\"@type\":\"ImageObject\",\"inLanguage\":\"pt-BR\",\"@id\":\"https:\/\/longchangchemical.com\/#\/schema\/logo\/image\/\",\"url\":\"https:\/\/longchangchemical.com\/wp-content\/uploads\/2020\/08\/cropped-longchang-logo.png\",\"contentUrl\":\"https:\/\/longchangchemical.com\/wp-content\/uploads\/2020\/08\/cropped-longchang-logo.png\",\"width\":512,\"height\":512,\"caption\":\"Longchang Chemical\"},\"image\":{\"@id\":\"https:\/\/longchangchemical.com\/#\/schema\/logo\/image\/\"}}]}<\/script>\n<!-- \/ Yoast SEO plugin. -->","yoast_head_json":{"title":"Fabricante de D-Lactide na China \uff06 13076-17-0 Fornecedor - Longchang chemical Co., Ltd.","description":"A Longchang Chemical \u00e9 um dos principais fabricantes e fornecedores de D-Lactide na China. Compre D-Lactide na China. Podemos oferecer o melhor pre\u00e7o de D-Lactide.","robots":{"index":"index","follow":"follow","max-snippet":"max-snippet:-1","max-image-preview":"max-image-preview:large","max-video-preview":"max-video-preview:-1"},"canonical":"https:\/\/longchangchemical.com\/pt\/product\/d-lactide-cas-13076-17-0\/","og_locale":"pt_BR","og_type":"article","og_title":"China D-Lactide Manufacturer \uff06 13076-17-0 Supplier - Longchang chemical Co., Ltd.","og_description":"Longchang Chemical is a leading manufacturer and supplier of D-Lactide in China. Buy D-Lactide in china. We can provide the best D-Lactide price.","og_url":"https:\/\/longchangchemical.com\/pt\/product\/d-lactide-cas-13076-17-0\/","og_site_name":"Longchang Chemical","article_modified_time":"2025-12-22T08:18:24+00:00","og_image":[{"width":600,"height":800,"url":"https:\/\/longchangchemical.com\/wp-content\/uploads\/2021\/01\/Appearance-26.jpg","type":"image\/jpeg"}],"twitter_card":"summary_large_image","schema":{"@context":"https:\/\/schema.org","@graph":[{"@type":"WebPage","@id":"https:\/\/longchangchemical.com\/product\/d-lactide-cas-13076-17-0\/","url":"https:\/\/longchangchemical.com\/product\/d-lactide-cas-13076-17-0\/","name":"Fabricante de D-Lactide na China \uff06 13076-17-0 Fornecedor - Longchang chemical Co., Ltd.","isPartOf":{"@id":"https:\/\/longchangchemical.com\/#website"},"primaryImageOfPage":{"@id":"https:\/\/longchangchemical.com\/product\/d-lactide-cas-13076-17-0\/#primaryimage"},"image":{"@id":"https:\/\/longchangchemical.com\/product\/d-lactide-cas-13076-17-0\/#primaryimage"},"thumbnailUrl":"https:\/\/longchangchemical.com\/wp-content\/uploads\/2021\/01\/Appearance-26.jpg","datePublished":"2021-05-18T08:10:14+00:00","dateModified":"2025-12-22T08:18:24+00:00","description":"A Longchang Chemical \u00e9 um dos principais fabricantes e fornecedores de D-Lactide na China. Compre D-Lactide na China. Podemos oferecer o melhor pre\u00e7o de D-Lactide.","breadcrumb":{"@id":"https:\/\/longchangchemical.com\/product\/d-lactide-cas-13076-17-0\/#breadcrumb"},"inLanguage":"pt-BR","potentialAction":[{"@type":"ReadAction","target":["https:\/\/longchangchemical.com\/product\/d-lactide-cas-13076-17-0\/"]}]},{"@type":"ImageObject","inLanguage":"pt-BR","@id":"https:\/\/longchangchemical.com\/product\/d-lactide-cas-13076-17-0\/#primaryimage","url":"https:\/\/longchangchemical.com\/wp-content\/uploads\/2021\/01\/Appearance-26.jpg","contentUrl":"https:\/\/longchangchemical.com\/wp-content\/uploads\/2021\/01\/Appearance-26.jpg","width":600,"height":800},{"@type":"BreadcrumbList","@id":"https:\/\/longchangchemical.com\/product\/d-lactide-cas-13076-17-0\/#breadcrumb","itemListElement":[{"@type":"ListItem","position":1,"name":"Home","item":"https:\/\/longchangchemical.com\/"},{"@type":"ListItem","position":2,"name":"Products Longchang","item":"https:\/\/longchangchemical.com\/product\/"},{"@type":"ListItem","position":3,"name":"D-Lactide CAS 13076-17-0"}]},{"@type":"WebSite","@id":"https:\/\/longchangchemical.com\/#website","url":"https:\/\/longchangchemical.com\/","name":"Qu\u00edmica Longchang","description":"Fabricante de produtos qu\u00edmicos na China \uff06 fornecedor","publisher":{"@id":"https:\/\/longchangchemical.com\/#organization"},"potentialAction":[{"@type":"SearchAction","target":{"@type":"EntryPoint","urlTemplate":"https:\/\/longchangchemical.com\/?s={search_term_string}"},"query-input":{"@type":"PropertyValueSpecification","valueRequired":true,"valueName":"search_term_string"}}],"inLanguage":"pt-BR"},{"@type":"Organization","@id":"https:\/\/longchangchemical.com\/#organization","name":"Qu\u00edmica Longchang","url":"https:\/\/longchangchemical.com\/","logo":{"@type":"ImageObject","inLanguage":"pt-BR","@id":"https:\/\/longchangchemical.com\/#\/schema\/logo\/image\/","url":"https:\/\/longchangchemical.com\/wp-content\/uploads\/2020\/08\/cropped-longchang-logo.png","contentUrl":"https:\/\/longchangchemical.com\/wp-content\/uploads\/2020\/08\/cropped-longchang-logo.png","width":512,"height":512,"caption":"Longchang Chemical"},"image":{"@id":"https:\/\/longchangchemical.com\/#\/schema\/logo\/image\/"}}]}},"_links":{"self":[{"href":"https:\/\/longchangchemical.com\/pt\/wp-json\/wp\/v2\/product\/3643","targetHints":{"allow":["GET"]}}],"collection":[{"href":"https:\/\/longchangchemical.com\/pt\/wp-json\/wp\/v2\/product"}],"about":[{"href":"https:\/\/longchangchemical.com\/pt\/wp-json\/wp\/v2\/types\/product"}],"replies":[{"embeddable":true,"href":"https:\/\/longchangchemical.com\/pt\/wp-json\/wp\/v2\/comments?post=3643"}],"wp:featuredmedia":[{"embeddable":true,"href":"https:\/\/longchangchemical.com\/pt\/wp-json\/wp\/v2\/media\/4625"}],"wp:attachment":[{"href":"https:\/\/longchangchemical.com\/pt\/wp-json\/wp\/v2\/media?parent=3643"}],"wp:term":[{"taxonomy":"product_brand","embeddable":true,"href":"https:\/\/longchangchemical.com\/pt\/wp-json\/wp\/v2\/product_brand?post=3643"},{"taxonomy":"product_cat","embeddable":true,"href":"https:\/\/longchangchemical.com\/pt\/wp-json\/wp\/v2\/product_cat?post=3643"},{"taxonomy":"product_tag","embeddable":true,"href":"https:\/\/longchangchemical.com\/pt\/wp-json\/wp\/v2\/product_tag?post=3643"}],"curies":[{"name":"wp","href":"https:\/\/api.w.org\/{rel}","templated":true}]}}