{"id":3640,"date":"2021-05-19T08:06:14","date_gmt":"2021-05-19T08:06:14","guid":{"rendered":"https:\/\/longchangchemical.com\/?post_type=product&#038;p=3640"},"modified":"2025-12-22T08:13:53","modified_gmt":"2025-12-22T08:13:53","slug":"l-lactide-cas-4511-42-6","status":"publish","type":"product","link":"https:\/\/longchangchemical.com\/pt\/product\/l-lactide-cas-4511-42-6\/","title":{"rendered":"L-lact\u00eddeo CAS 4511-42-6"},"content":{"rendered":"<h1><strong>L-lact\u00eddeo CAS 4511-42-6<\/strong><\/h1>\n<table>\n<tbody>\n<tr>\n<td width=\"257\">\n<h4><strong>Item<\/strong><\/h4>\n<\/td>\n<td width=\"216\">\n<h4><strong>Especifica\u00e7\u00f5es<\/strong><\/h4>\n<\/td>\n<td width=\"227\">\n<h4><strong>Resultados<\/strong><\/h4>\n<\/td>\n<\/tr>\n<tr>\n<td width=\"257\">\n<h4>Ensaio (C<sub>12<\/sub>H<sub>8<\/sub>N<sub>2<\/sub>-H<sub>2<\/sub>O)<\/h4>\n<\/td>\n<td width=\"216\">\n<h4>\u226599.0%<\/h4>\n<\/td>\n<td width=\"227\">\n<h4>99.6%<\/h4>\n<\/td>\n<\/tr>\n<tr>\n<td width=\"257\">\n<h4>Apar\u00eancia<\/h4>\n<\/td>\n<td width=\"216\">\n<h4>L\u00edquido branco a amarelo claro<\/h4>\n<\/td>\n<td width=\"227\">\n<h4>L\u00edquido branco a amarelo claro<\/h4>\n<\/td>\n<\/tr>\n<tr>\n<td width=\"257\">\n<h4>Conclus\u00e3o<\/h4>\n<\/td>\n<td colspan=\"2\" width=\"443\">\n<h4>Os resultados est\u00e3o em conformidade com os padr\u00f5es empresariais<\/h4>\n<\/td>\n<\/tr>\n<\/tbody>\n<\/table>\n<h2><strong>Uso do L-Lactide<\/strong><\/h2>\n<h4>1. O L-lact\u00eddeo tem muitos usos, principalmente em suturas cir\u00fargicas, odontologia, oftalmologia, sistemas farmac\u00eauticos de libera\u00e7\u00e3o controlada, pele artificial, vasos sangu\u00edneos artificiais, preenchimentos parciais de defeitos em ossos e tecidos moles, stents bioabsorv\u00edveis e outras \u00e1reas m\u00e9dicas.<\/h4>\n<h4>2. A baixa concentra\u00e7\u00e3o da aplica\u00e7\u00e3o externa pode melhorar o metabolismo da pele, acelerar a divis\u00e3o dos queratin\u00f3citos e fazer com que os queratin\u00f3citos acumulados caiam. Tamb\u00e9m pode aumentar o teor de \u00e1gua dos queratin\u00f3citos e da derme, aumentar o n\u00famero de mucopolissacar\u00eddeos, fibras de col\u00e1geno e fibras el\u00e1sticas na derme, aumentar a espessura da derme e dilatar os capilares superficiais para melhorar a textura da pele. Usado para pele seca, prurido em idosos, etc.<\/h4>\n<p>&nbsp;<\/p>\n<h2><strong>Embalagem e envio de L-Lactide<\/strong><\/h2>\n<h4>Embalagem: 1 kg\/saco; 5 kg\/saco ou conforme a demanda<\/h4>\n<h4>Entrega: 10 a 15 dias ap\u00f3s o recebimento do pagamento.<\/h4>\n<p>&nbsp;<\/p>\n<h2><strong>Armazenamento de L-lact\u00eddeos<\/strong><\/h2>\n<h4>Armazene refrigerado e protegido da luz.<\/h4>\n<p>&nbsp;<\/p>\n<h2>Biocompatibilidade do L-lact\u00eddeo<\/h2>\n<h4>O L-Lactide \u00e9 um importante material de pol\u00edmero biodegrad\u00e1vel. Ele se caracteriza pela absor\u00e7\u00e3o n\u00e3o t\u00f3xica, n\u00e3o irritante, biodegrad\u00e1vel, alta resist\u00eancia, boa plasticidade e f\u00e1cil processamento e forma\u00e7\u00e3o. O ciclo de degrada\u00e7\u00e3o \u00e9 de 2 a 12 meses. O ciclo de degrada\u00e7\u00e3o tamb\u00e9m pode ser alterado de acordo com a adi\u00e7\u00e3o de modificadores. O PLLA sofre decomposi\u00e7\u00e3o enzim\u00e1tica no organismo e, por fim, forma di\u00f3xido de carbono e \u00e1gua, o que tem boa biocompatibilidade.<\/h4>\n<p>&nbsp;<\/p>\n<h2><strong>Produtos da mesma s\u00e9rie<\/strong><\/h2>\n<table style=\"border-collapse: collapse; width: 312.02pt;\" border=\"0\" width=\"416\" cellspacing=\"0\" cellpadding=\"0\">\n<tbody>\n<tr style=\"height: 40.50pt;\">\n<td class=\"et2\" style=\"height: 40.50pt; width: 201.75pt;\" width=\"269\" height=\"54\">\n<h4><a href=\"https:\/\/longchangchemical.com\/pt\/product\/d-lactide-cas-13076-17-0\/\"><span style=\"color: #0000ff;\">D-LACTIDE<\/span><\/a><\/h4>\n<\/td>\n<td class=\"et2\" style=\"width: 110.25pt;\" width=\"147\">\n<h4>13076-17-0<\/h4>\n<\/td>\n<\/tr>\n<tr style=\"height: 40.50pt;\">\n<td class=\"et2\" style=\"height: 40.50pt; width: 201.75pt;\" width=\"269\" height=\"54\">\n<h4><span style=\"color: #000000;\">L-LACTIDE<\/span><\/h4>\n<\/td>\n<td class=\"et2\" style=\"width: 110.25pt;\" width=\"147\">\n<h4>4511-42-6<\/h4>\n<\/td>\n<\/tr>\n<\/tbody>\n<\/table>\n<h2><\/h2>\n<h2><strong><b>Entre em contato conosco agora!<\/b><\/strong><\/h2>\n<h4><strong><b>Se precisar de COA, MSDS ou TDS, preencha o formul\u00e1rio abaixo. Normalmente, entraremos em contato dentro de 24 horas. Voc\u00ea tamb\u00e9m pode me enviar um e-mail <span style=\"color: #0000ff;\"><a style=\"color: #0000ff;\" href=\"mailto:info@longchangchemical.com\">info@longchangchemical.com<\/a><\/span> durante o hor\u00e1rio comercial (das 8h30 \u00e0s 18h UTC+8 de segunda a s\u00e1bado) ou use o bate-papo ao vivo do site para obter uma resposta imediata.<\/b><\/strong><\/h4>","protected":false},"excerpt":{"rendered":"<h4>Nome qu\u00edmico: L-Lactide<\/h4>\n<h4>N\u00famero CAS: 4511-42-6<\/h4>\n<h4>F\u00f3rmula molecular: C6H8O4<\/h4>\n<h4>Peso molecular: 144,13<\/h4>\n<h4>Estrutura qu\u00edmica:<img decoding=\"async\" title=\"Estrutura do L-Lactide\" src=\"https:\/\/www.longchangchemical.com\/wp-content\/uploads\/product-details\/20200612162229.png\" alt=\"Estrutura do L-Lactide\" width=\"129\" height=\"77\" border=\"0\" vspace=\"0\" \/><\/h4>\n<h4>Apar\u00eancia: p\u00f3 branco<\/h4>\n<h4>Ensaio: 99%<\/h4>","protected":false},"featured_media":4625,"comment_status":"open","ping_status":"closed","template":"","meta":[],"product_brand":[],"product_cat":[69],"product_tag":[],"class_list":{"0":"post-3640","1":"product","2":"type-product","3":"status-publish","4":"has-post-thumbnail","6":"product_cat-catalysts-chemical-auxiliary-agents","8":"first","9":"instock","10":"shipping-taxable","11":"product-type-simple"},"yoast_head":"<!-- This site is optimized with the Yoast SEO plugin v25.3.1 - https:\/\/yoast.com\/wordpress\/plugins\/seo\/ -->\n<title>China l-lactide Manufacturer \uff06 Supplier - Longchang chemical Co., Ltd.<\/title>\n<meta name=\"description\" content=\"Longchang Chemical is a leading manufacturer and supplier of l-lactide in China. Buy l-lactide in china. We can provide the best l-lactide price.\" \/>\n<meta name=\"robots\" content=\"index, follow, max-snippet:-1, max-image-preview:large, max-video-preview:-1\" \/>\n<link rel=\"canonical\" href=\"https:\/\/longchangchemical.com\/pt\/product\/l-lactide-cas-4511-42-6\/\" \/>\n<meta property=\"og:locale\" content=\"pt_BR\" \/>\n<meta property=\"og:type\" content=\"article\" \/>\n<meta property=\"og:title\" content=\"China l-lactide Manufacturer \uff06 Supplier - Longchang chemical Co., Ltd.\" \/>\n<meta property=\"og:description\" content=\"Longchang Chemical is a leading manufacturer and supplier of l-lactide in China. Buy l-lactide in china. We can provide the best l-lactide price.\" \/>\n<meta property=\"og:url\" content=\"https:\/\/longchangchemical.com\/pt\/product\/l-lactide-cas-4511-42-6\/\" \/>\n<meta property=\"og:site_name\" content=\"Longchang Chemical\" \/>\n<meta property=\"article:modified_time\" content=\"2025-12-22T08:13:53+00:00\" \/>\n<meta property=\"og:image\" content=\"https:\/\/longchangchemical.com\/wp-content\/uploads\/2021\/01\/Appearance-26.jpg\" \/>\n\t<meta property=\"og:image:width\" content=\"600\" \/>\n\t<meta property=\"og:image:height\" content=\"800\" \/>\n\t<meta property=\"og:image:type\" content=\"image\/jpeg\" \/>\n<meta name=\"twitter:card\" content=\"summary_large_image\" \/>\n<script type=\"application\/ld+json\" class=\"yoast-schema-graph\">{\"@context\":\"https:\/\/schema.org\",\"@graph\":[{\"@type\":\"WebPage\",\"@id\":\"https:\/\/longchangchemical.com\/product\/l-lactide-cas-4511-42-6\/\",\"url\":\"https:\/\/longchangchemical.com\/product\/l-lactide-cas-4511-42-6\/\",\"name\":\"China l-lactide Manufacturer \uff06 Supplier - Longchang chemical Co., Ltd.\",\"isPartOf\":{\"@id\":\"https:\/\/longchangchemical.com\/#website\"},\"primaryImageOfPage\":{\"@id\":\"https:\/\/longchangchemical.com\/product\/l-lactide-cas-4511-42-6\/#primaryimage\"},\"image\":{\"@id\":\"https:\/\/longchangchemical.com\/product\/l-lactide-cas-4511-42-6\/#primaryimage\"},\"thumbnailUrl\":\"https:\/\/longchangchemical.com\/wp-content\/uploads\/2021\/01\/Appearance-26.jpg\",\"datePublished\":\"2021-05-19T08:06:14+00:00\",\"dateModified\":\"2025-12-22T08:13:53+00:00\",\"description\":\"Longchang Chemical is a leading manufacturer and supplier of l-lactide in China. Buy l-lactide in china. We can provide the best l-lactide price.\",\"breadcrumb\":{\"@id\":\"https:\/\/longchangchemical.com\/product\/l-lactide-cas-4511-42-6\/#breadcrumb\"},\"inLanguage\":\"pt-BR\",\"potentialAction\":[{\"@type\":\"ReadAction\",\"target\":[\"https:\/\/longchangchemical.com\/product\/l-lactide-cas-4511-42-6\/\"]}]},{\"@type\":\"ImageObject\",\"inLanguage\":\"pt-BR\",\"@id\":\"https:\/\/longchangchemical.com\/product\/l-lactide-cas-4511-42-6\/#primaryimage\",\"url\":\"https:\/\/longchangchemical.com\/wp-content\/uploads\/2021\/01\/Appearance-26.jpg\",\"contentUrl\":\"https:\/\/longchangchemical.com\/wp-content\/uploads\/2021\/01\/Appearance-26.jpg\",\"width\":600,\"height\":800},{\"@type\":\"BreadcrumbList\",\"@id\":\"https:\/\/longchangchemical.com\/product\/l-lactide-cas-4511-42-6\/#breadcrumb\",\"itemListElement\":[{\"@type\":\"ListItem\",\"position\":1,\"name\":\"Home\",\"item\":\"https:\/\/longchangchemical.com\/\"},{\"@type\":\"ListItem\",\"position\":2,\"name\":\"Products Longchang\",\"item\":\"https:\/\/longchangchemical.com\/product\/\"},{\"@type\":\"ListItem\",\"position\":3,\"name\":\"L-lactide CAS 4511-42-6\"}]},{\"@type\":\"WebSite\",\"@id\":\"https:\/\/longchangchemical.com\/#website\",\"url\":\"https:\/\/longchangchemical.com\/\",\"name\":\"Longchang Chemical\",\"description\":\"China chemical manufacturer \uff06 supplier\",\"publisher\":{\"@id\":\"https:\/\/longchangchemical.com\/#organization\"},\"potentialAction\":[{\"@type\":\"SearchAction\",\"target\":{\"@type\":\"EntryPoint\",\"urlTemplate\":\"https:\/\/longchangchemical.com\/?s={search_term_string}\"},\"query-input\":{\"@type\":\"PropertyValueSpecification\",\"valueRequired\":true,\"valueName\":\"search_term_string\"}}],\"inLanguage\":\"pt-BR\"},{\"@type\":\"Organization\",\"@id\":\"https:\/\/longchangchemical.com\/#organization\",\"name\":\"Longchang Chemical\",\"url\":\"https:\/\/longchangchemical.com\/\",\"logo\":{\"@type\":\"ImageObject\",\"inLanguage\":\"pt-BR\",\"@id\":\"https:\/\/longchangchemical.com\/#\/schema\/logo\/image\/\",\"url\":\"https:\/\/longchangchemical.com\/wp-content\/uploads\/2020\/08\/cropped-longchang-logo.png\",\"contentUrl\":\"https:\/\/longchangchemical.com\/wp-content\/uploads\/2020\/08\/cropped-longchang-logo.png\",\"width\":512,\"height\":512,\"caption\":\"Longchang Chemical\"},\"image\":{\"@id\":\"https:\/\/longchangchemical.com\/#\/schema\/logo\/image\/\"}}]}<\/script>\n<!-- \/ Yoast SEO plugin. -->","yoast_head_json":{"title":"Fabricante de l-lact\u00eddeo da China \uff06 Fornecedor - Longchang chemical Co., Ltd.","description":"A Longchang Chemical \u00e9 um dos principais fabricantes e fornecedores de l-lact\u00eddeo na China. Compre l-lact\u00eddeo na China. Podemos oferecer o melhor pre\u00e7o de l-lact\u00eddeo.","robots":{"index":"index","follow":"follow","max-snippet":"max-snippet:-1","max-image-preview":"max-image-preview:large","max-video-preview":"max-video-preview:-1"},"canonical":"https:\/\/longchangchemical.com\/pt\/product\/l-lactide-cas-4511-42-6\/","og_locale":"pt_BR","og_type":"article","og_title":"China l-lactide Manufacturer \uff06 Supplier - Longchang chemical Co., Ltd.","og_description":"Longchang Chemical is a leading manufacturer and supplier of l-lactide in China. Buy l-lactide in china. We can provide the best l-lactide price.","og_url":"https:\/\/longchangchemical.com\/pt\/product\/l-lactide-cas-4511-42-6\/","og_site_name":"Longchang Chemical","article_modified_time":"2025-12-22T08:13:53+00:00","og_image":[{"width":600,"height":800,"url":"https:\/\/longchangchemical.com\/wp-content\/uploads\/2021\/01\/Appearance-26.jpg","type":"image\/jpeg"}],"twitter_card":"summary_large_image","schema":{"@context":"https:\/\/schema.org","@graph":[{"@type":"WebPage","@id":"https:\/\/longchangchemical.com\/product\/l-lactide-cas-4511-42-6\/","url":"https:\/\/longchangchemical.com\/product\/l-lactide-cas-4511-42-6\/","name":"Fabricante de l-lact\u00eddeo da China \uff06 Fornecedor - Longchang chemical Co., Ltd.","isPartOf":{"@id":"https:\/\/longchangchemical.com\/#website"},"primaryImageOfPage":{"@id":"https:\/\/longchangchemical.com\/product\/l-lactide-cas-4511-42-6\/#primaryimage"},"image":{"@id":"https:\/\/longchangchemical.com\/product\/l-lactide-cas-4511-42-6\/#primaryimage"},"thumbnailUrl":"https:\/\/longchangchemical.com\/wp-content\/uploads\/2021\/01\/Appearance-26.jpg","datePublished":"2021-05-19T08:06:14+00:00","dateModified":"2025-12-22T08:13:53+00:00","description":"A Longchang Chemical \u00e9 um dos principais fabricantes e fornecedores de l-lact\u00eddeo na China. Compre l-lact\u00eddeo na China. Podemos oferecer o melhor pre\u00e7o de l-lact\u00eddeo.","breadcrumb":{"@id":"https:\/\/longchangchemical.com\/product\/l-lactide-cas-4511-42-6\/#breadcrumb"},"inLanguage":"pt-BR","potentialAction":[{"@type":"ReadAction","target":["https:\/\/longchangchemical.com\/product\/l-lactide-cas-4511-42-6\/"]}]},{"@type":"ImageObject","inLanguage":"pt-BR","@id":"https:\/\/longchangchemical.com\/product\/l-lactide-cas-4511-42-6\/#primaryimage","url":"https:\/\/longchangchemical.com\/wp-content\/uploads\/2021\/01\/Appearance-26.jpg","contentUrl":"https:\/\/longchangchemical.com\/wp-content\/uploads\/2021\/01\/Appearance-26.jpg","width":600,"height":800},{"@type":"BreadcrumbList","@id":"https:\/\/longchangchemical.com\/product\/l-lactide-cas-4511-42-6\/#breadcrumb","itemListElement":[{"@type":"ListItem","position":1,"name":"Home","item":"https:\/\/longchangchemical.com\/"},{"@type":"ListItem","position":2,"name":"Products Longchang","item":"https:\/\/longchangchemical.com\/product\/"},{"@type":"ListItem","position":3,"name":"L-lactide CAS 4511-42-6"}]},{"@type":"WebSite","@id":"https:\/\/longchangchemical.com\/#website","url":"https:\/\/longchangchemical.com\/","name":"Qu\u00edmica Longchang","description":"Fabricante de produtos qu\u00edmicos na China \uff06 fornecedor","publisher":{"@id":"https:\/\/longchangchemical.com\/#organization"},"potentialAction":[{"@type":"SearchAction","target":{"@type":"EntryPoint","urlTemplate":"https:\/\/longchangchemical.com\/?s={search_term_string}"},"query-input":{"@type":"PropertyValueSpecification","valueRequired":true,"valueName":"search_term_string"}}],"inLanguage":"pt-BR"},{"@type":"Organization","@id":"https:\/\/longchangchemical.com\/#organization","name":"Qu\u00edmica Longchang","url":"https:\/\/longchangchemical.com\/","logo":{"@type":"ImageObject","inLanguage":"pt-BR","@id":"https:\/\/longchangchemical.com\/#\/schema\/logo\/image\/","url":"https:\/\/longchangchemical.com\/wp-content\/uploads\/2020\/08\/cropped-longchang-logo.png","contentUrl":"https:\/\/longchangchemical.com\/wp-content\/uploads\/2020\/08\/cropped-longchang-logo.png","width":512,"height":512,"caption":"Longchang Chemical"},"image":{"@id":"https:\/\/longchangchemical.com\/#\/schema\/logo\/image\/"}}]}},"_links":{"self":[{"href":"https:\/\/longchangchemical.com\/pt\/wp-json\/wp\/v2\/product\/3640","targetHints":{"allow":["GET"]}}],"collection":[{"href":"https:\/\/longchangchemical.com\/pt\/wp-json\/wp\/v2\/product"}],"about":[{"href":"https:\/\/longchangchemical.com\/pt\/wp-json\/wp\/v2\/types\/product"}],"replies":[{"embeddable":true,"href":"https:\/\/longchangchemical.com\/pt\/wp-json\/wp\/v2\/comments?post=3640"}],"wp:featuredmedia":[{"embeddable":true,"href":"https:\/\/longchangchemical.com\/pt\/wp-json\/wp\/v2\/media\/4625"}],"wp:attachment":[{"href":"https:\/\/longchangchemical.com\/pt\/wp-json\/wp\/v2\/media?parent=3640"}],"wp:term":[{"taxonomy":"product_brand","embeddable":true,"href":"https:\/\/longchangchemical.com\/pt\/wp-json\/wp\/v2\/product_brand?post=3640"},{"taxonomy":"product_cat","embeddable":true,"href":"https:\/\/longchangchemical.com\/pt\/wp-json\/wp\/v2\/product_cat?post=3640"},{"taxonomy":"product_tag","embeddable":true,"href":"https:\/\/longchangchemical.com\/pt\/wp-json\/wp\/v2\/product_tag?post=3640"}],"curies":[{"name":"wp","href":"https:\/\/api.w.org\/{rel}","templated":true}]}}