{"id":3623,"date":"2021-04-24T06:06:16","date_gmt":"2021-04-24T06:06:16","guid":{"rendered":"https:\/\/longchangchemical.com\/?post_type=product&#038;p=3623"},"modified":"2025-12-22T09:18:58","modified_gmt":"2025-12-22T09:18:58","slug":"cas-21679-31-2","status":"publish","type":"product","link":"https:\/\/longchangchemical.com\/pt\/product\/cas-21679-31-2\/","title":{"rendered":"Acetilacetonato de cromo(iii) CAS 21679-31-2"},"content":{"rendered":"<h1><strong>Acetilacetonato de cromo(iii) CAS 21679-31-2<\/strong><\/h1>\n<table class=\"table-1\" cellspacing=\"0\">\n<tbody>\n<tr>\n<td>\n<h4>Apar\u00eancia<\/h4>\n<\/td>\n<td>\n<h4>P\u00f3 com boa fluidez<\/h4>\n<\/td>\n<\/tr>\n<tr>\n<td>\n<h4>Apar\u00eancia<\/h4>\n<\/td>\n<td>\n<h4>P\u00f3 de cristal vermelho p\u00farpura escuro<\/h4>\n<\/td>\n<\/tr>\n<tr>\n<td>\n<h4>Ensaio%<\/h4>\n<\/td>\n<td>\n<h4>\u226598.0<\/h4>\n<\/td>\n<\/tr>\n<tr>\n<td>\n<h4>Cr,%<\/h4>\n<\/td>\n<td>\n<h4>\u226514.7<\/h4>\n<\/td>\n<\/tr>\n<tr>\n<td>\n<h4>Ponto de fus\u00e3o<\/h4>\n<\/td>\n<td>\n<h4>212\u2103<\/h4>\n<\/td>\n<\/tr>\n<\/tbody>\n<\/table>\n<p>&nbsp;<\/p>\n<h2>O que \u00e9 acetilacetonato de cromo (III)?<\/h2>\n<h4>Como um importante intermedi\u00e1rio qu\u00edmico, o acetilacetonato de cromo tem propriedades f\u00edsicas e qu\u00edmicas exclusivas. \u00c9 um p\u00f3 cristalino roxo, insol\u00favel em \u00e1gua, sol\u00favel em tolueno e \u00e1cido ac\u00e9tico.<\/h4>\n<p>&nbsp;<\/p>\n<h2><strong>Acetilacetonato de cromo(III) Uso<\/strong><\/h2>\n<h4>1. O acetilacetonato de cromo (III) pode ser usado como um catalisador de s\u00edntese org\u00e2nica, por exemplo, para oxidar o metacrilato ou para modificar as caracter\u00edsticas da superf\u00edcie do poliuretano s\u00f3lido.<\/h4>\n<h4>2. O acetilacetonato de cromo (III) pode ser usado como agente de reticula\u00e7\u00e3o de resina e agente de cura, deposi\u00e7\u00e3o qu\u00edmica para preparar cromo, \u00f3xido de cromo e filme de nitreto de cromo, catalisador de polimeriza\u00e7\u00e3o de olefinas de baixo carbono, adsorvente qu\u00edmico, etc.<\/h4>\n<h4>3. Al\u00e9m disso, tamb\u00e9m \u00e9 poss\u00edvel observar que ele participa da s\u00edntese e da modifica\u00e7\u00e3o de materiais funcionais, da prepara\u00e7\u00e3o de nanop\u00f3s e como suplemento para elementos alimentares medicinais.<\/h4>\n<p>&nbsp;<\/p>\n<h2><strong>Embalagem e envio de acetilacetonato de cromo (III)<\/strong><\/h2>\n<h4>Embalagem: 1 kg\/garrafa; 25 kg\/torre<\/h4>\n<p>&nbsp;<\/p>\n<h2><strong>Produtos da mesma s\u00e9rie<\/strong><\/h2>\n<table style=\"border-collapse: collapse; width: 312.02pt;\" border=\"0\" width=\"416\" cellspacing=\"0\" cellpadding=\"0\">\n<tbody>\n<tr style=\"height: 67.50pt;\">\n<td class=\"et3\" style=\"height: 67.50pt; width: 201.75pt;\" width=\"269\" height=\"90\">\n<h4>Acetilacetonato de cromo(III)<\/h4>\n<\/td>\n<td class=\"et3\" style=\"width: 110.25pt;\" width=\"147\">\n<h4>21679-31-2<\/h4>\n<\/td>\n<\/tr>\n<tr style=\"height: 40.50pt;\">\n<td class=\"et4\" style=\"height: 40.50pt; width: 201.75pt;\" width=\"269\" height=\"54\">\n<h4><a href=\"https:\/\/longchangchemical.com\/pt\/product\/ferric-acetylacetonate\/\"><span style=\"color: #0000ff;\">Acetilacetonato f\u00e9rrico<\/span><\/a><\/h4>\n<\/td>\n<td class=\"et4\" style=\"width: 110.25pt;\" width=\"147\">\n<h4>14024-18-1<\/h4>\n<\/td>\n<\/tr>\n<\/tbody>\n<\/table>\n<h2><\/h2>\n<h2><strong>Acetilacetonato de cromo(III) Armazenamento<\/strong><\/h2>\n<h4>Mantenha o recipiente bem fechado em um local seco e bem ventilado.<\/h4>\n<h4>Armazene em local fresco.<\/h4>\n<p>&nbsp;<\/p>\n<h2><strong><b>Entre em contato conosco agora!<\/b><\/strong><\/h2>\n<h4><strong><b>Oferecemos servi\u00e7os personalizados e, normalmente, entraremos em contato com voc\u00ea dentro de 24 horas. Voc\u00ea tamb\u00e9m pode me enviar um e-mail para info@longchangchemical.com durante o hor\u00e1rio comercial (das 8h30 \u00e0s 18h UTC+8 de segunda a s\u00e1bado) ou usar o bate-papo ao vivo do site para obter uma resposta r\u00e1pida.<\/b><\/strong><\/h4>\n<p>&nbsp;<\/p>","protected":false},"excerpt":{"rendered":"<h4>Nome qu\u00edmico: Acetilacetonato de cromo(III)<\/h4>\n<h4>N\u00famero CAS: 21679-31-2<\/h4>\n<h4>F\u00f3rmula molecular: C15H21CrO6<\/h4>\n<h4>Peso molecular: 349,32<\/h4>\n<h4>Estrutura molecular:<img decoding=\"async\" title=\"Estrutura do acetilacetonato de cromo (III)\" src=\"https:\/\/www.longchangchemical.com\/wp-content\/uploads\/product-details\/20200610056003.png\" alt=\"Estrutura do acetilacetonato de cromo (III)\" width=\"138\" height=\"122\" border=\"0\" vspace=\"0\" \/><\/h4>\n<h4>Apar\u00eancia: p\u00f3 cristalino vermelho-p\u00farpura escuro<\/h4>","protected":false},"featured_media":4538,"comment_status":"open","ping_status":"closed","template":"","meta":[],"product_brand":[],"product_cat":[69],"product_tag":[],"class_list":{"0":"post-3623","1":"product","2":"type-product","3":"status-publish","4":"has-post-thumbnail","6":"product_cat-catalysts-chemical-auxiliary-agents","8":"first","9":"instock","10":"shipping-taxable","11":"product-type-simple"},"yoast_head":"<!-- This site is optimized with the Yoast SEO plugin v25.3.1 - https:\/\/yoast.com\/wordpress\/plugins\/seo\/ -->\n<title>China Chromium(III) acetylacetonate Manufacturer \uff06 Supplier - Longchang chemical Co., Ltd.<\/title>\n<meta name=\"description\" content=\"Longchang Chemical is a leading manufacturer and supplier of Chromium(III) acetylacetonate in China. Buy Chromium(III) acetylacetonate in china. We can provide the best Chromium(III) acetylacetonate price.\" \/>\n<meta name=\"robots\" content=\"index, follow, max-snippet:-1, max-image-preview:large, max-video-preview:-1\" \/>\n<link rel=\"canonical\" href=\"https:\/\/longchangchemical.com\/pt\/product\/cas-21679-31-2\/\" \/>\n<meta property=\"og:locale\" content=\"pt_BR\" \/>\n<meta property=\"og:type\" content=\"article\" \/>\n<meta property=\"og:title\" content=\"China Chromium(III) acetylacetonate Manufacturer \uff06 Supplier - Longchang chemical Co., Ltd.\" \/>\n<meta property=\"og:description\" content=\"Longchang Chemical is a leading manufacturer and supplier of Chromium(III) acetylacetonate in China. Buy Chromium(III) acetylacetonate in china. We can provide the best Chromium(III) acetylacetonate price.\" \/>\n<meta property=\"og:url\" content=\"https:\/\/longchangchemical.com\/pt\/product\/cas-21679-31-2\/\" \/>\n<meta property=\"og:site_name\" content=\"Longchang Chemical\" \/>\n<meta property=\"article:modified_time\" content=\"2025-12-22T09:18:58+00:00\" \/>\n<meta property=\"og:image\" content=\"https:\/\/longchangchemical.com\/wp-content\/uploads\/2021\/01\/ChromiumIII-acetylacetonate-Appearance.jpg\" \/>\n\t<meta property=\"og:image:width\" content=\"600\" \/>\n\t<meta property=\"og:image:height\" content=\"800\" \/>\n\t<meta property=\"og:image:type\" content=\"image\/jpeg\" \/>\n<meta name=\"twitter:card\" content=\"summary_large_image\" \/>\n<script type=\"application\/ld+json\" class=\"yoast-schema-graph\">{\"@context\":\"https:\/\/schema.org\",\"@graph\":[{\"@type\":\"WebPage\",\"@id\":\"https:\/\/longchangchemical.com\/product\/cas-21679-31-2\/\",\"url\":\"https:\/\/longchangchemical.com\/product\/cas-21679-31-2\/\",\"name\":\"China Chromium(III) acetylacetonate Manufacturer \uff06 Supplier - Longchang chemical Co., Ltd.\",\"isPartOf\":{\"@id\":\"https:\/\/longchangchemical.com\/#website\"},\"primaryImageOfPage\":{\"@id\":\"https:\/\/longchangchemical.com\/product\/cas-21679-31-2\/#primaryimage\"},\"image\":{\"@id\":\"https:\/\/longchangchemical.com\/product\/cas-21679-31-2\/#primaryimage\"},\"thumbnailUrl\":\"https:\/\/longchangchemical.com\/wp-content\/uploads\/2021\/01\/ChromiumIII-acetylacetonate-Appearance.jpg\",\"datePublished\":\"2021-04-24T06:06:16+00:00\",\"dateModified\":\"2025-12-22T09:18:58+00:00\",\"description\":\"Longchang Chemical is a leading manufacturer and supplier of Chromium(III) acetylacetonate in China. Buy Chromium(III) acetylacetonate in china. We can provide the best Chromium(III) acetylacetonate price.\",\"breadcrumb\":{\"@id\":\"https:\/\/longchangchemical.com\/product\/cas-21679-31-2\/#breadcrumb\"},\"inLanguage\":\"pt-BR\",\"potentialAction\":[{\"@type\":\"ReadAction\",\"target\":[\"https:\/\/longchangchemical.com\/product\/cas-21679-31-2\/\"]}]},{\"@type\":\"ImageObject\",\"inLanguage\":\"pt-BR\",\"@id\":\"https:\/\/longchangchemical.com\/product\/cas-21679-31-2\/#primaryimage\",\"url\":\"https:\/\/longchangchemical.com\/wp-content\/uploads\/2021\/01\/ChromiumIII-acetylacetonate-Appearance.jpg\",\"contentUrl\":\"https:\/\/longchangchemical.com\/wp-content\/uploads\/2021\/01\/ChromiumIII-acetylacetonate-Appearance.jpg\",\"width\":600,\"height\":800},{\"@type\":\"BreadcrumbList\",\"@id\":\"https:\/\/longchangchemical.com\/product\/cas-21679-31-2\/#breadcrumb\",\"itemListElement\":[{\"@type\":\"ListItem\",\"position\":1,\"name\":\"Home\",\"item\":\"https:\/\/longchangchemical.com\/\"},{\"@type\":\"ListItem\",\"position\":2,\"name\":\"Products Longchang\",\"item\":\"https:\/\/longchangchemical.com\/product\/\"},{\"@type\":\"ListItem\",\"position\":3,\"name\":\"Chromium(iii) acetylacetonate CAS 21679-31-2\"}]},{\"@type\":\"WebSite\",\"@id\":\"https:\/\/longchangchemical.com\/#website\",\"url\":\"https:\/\/longchangchemical.com\/\",\"name\":\"Longchang Chemical\",\"description\":\"China chemical manufacturer \uff06 supplier\",\"publisher\":{\"@id\":\"https:\/\/longchangchemical.com\/#organization\"},\"potentialAction\":[{\"@type\":\"SearchAction\",\"target\":{\"@type\":\"EntryPoint\",\"urlTemplate\":\"https:\/\/longchangchemical.com\/?s={search_term_string}\"},\"query-input\":{\"@type\":\"PropertyValueSpecification\",\"valueRequired\":true,\"valueName\":\"search_term_string\"}}],\"inLanguage\":\"pt-BR\"},{\"@type\":\"Organization\",\"@id\":\"https:\/\/longchangchemical.com\/#organization\",\"name\":\"Longchang Chemical\",\"url\":\"https:\/\/longchangchemical.com\/\",\"logo\":{\"@type\":\"ImageObject\",\"inLanguage\":\"pt-BR\",\"@id\":\"https:\/\/longchangchemical.com\/#\/schema\/logo\/image\/\",\"url\":\"https:\/\/longchangchemical.com\/wp-content\/uploads\/2020\/08\/cropped-longchang-logo.png\",\"contentUrl\":\"https:\/\/longchangchemical.com\/wp-content\/uploads\/2020\/08\/cropped-longchang-logo.png\",\"width\":512,\"height\":512,\"caption\":\"Longchang Chemical\"},\"image\":{\"@id\":\"https:\/\/longchangchemical.com\/#\/schema\/logo\/image\/\"}}]}<\/script>\n<!-- \/ Yoast SEO plugin. -->","yoast_head_json":{"title":"China Acetilacetonato de cromo (III) Fabricante \uff06 Fornecedor - Longchang chemical Co., Ltd.","description":"A Longchang Chemical \u00e9 um fabricante e fornecedor l\u00edder de acetilacetonato de cromo (III) na China. Compre Acetilacetonato de Cromo (III) na China. Podemos oferecer o melhor pre\u00e7o de acetilacetonato de cromo (III).","robots":{"index":"index","follow":"follow","max-snippet":"max-snippet:-1","max-image-preview":"max-image-preview:large","max-video-preview":"max-video-preview:-1"},"canonical":"https:\/\/longchangchemical.com\/pt\/product\/cas-21679-31-2\/","og_locale":"pt_BR","og_type":"article","og_title":"China Chromium(III) acetylacetonate Manufacturer \uff06 Supplier - Longchang chemical Co., Ltd.","og_description":"Longchang Chemical is a leading manufacturer and supplier of Chromium(III) acetylacetonate in China. Buy Chromium(III) acetylacetonate in china. We can provide the best Chromium(III) acetylacetonate price.","og_url":"https:\/\/longchangchemical.com\/pt\/product\/cas-21679-31-2\/","og_site_name":"Longchang Chemical","article_modified_time":"2025-12-22T09:18:58+00:00","og_image":[{"width":600,"height":800,"url":"https:\/\/longchangchemical.com\/wp-content\/uploads\/2021\/01\/ChromiumIII-acetylacetonate-Appearance.jpg","type":"image\/jpeg"}],"twitter_card":"summary_large_image","schema":{"@context":"https:\/\/schema.org","@graph":[{"@type":"WebPage","@id":"https:\/\/longchangchemical.com\/product\/cas-21679-31-2\/","url":"https:\/\/longchangchemical.com\/product\/cas-21679-31-2\/","name":"China Acetilacetonato de cromo (III) Fabricante \uff06 Fornecedor - Longchang chemical Co., Ltd.","isPartOf":{"@id":"https:\/\/longchangchemical.com\/#website"},"primaryImageOfPage":{"@id":"https:\/\/longchangchemical.com\/product\/cas-21679-31-2\/#primaryimage"},"image":{"@id":"https:\/\/longchangchemical.com\/product\/cas-21679-31-2\/#primaryimage"},"thumbnailUrl":"https:\/\/longchangchemical.com\/wp-content\/uploads\/2021\/01\/ChromiumIII-acetylacetonate-Appearance.jpg","datePublished":"2021-04-24T06:06:16+00:00","dateModified":"2025-12-22T09:18:58+00:00","description":"A Longchang Chemical \u00e9 um fabricante e fornecedor l\u00edder de acetilacetonato de cromo (III) na China. Compre Acetilacetonato de Cromo (III) na China. Podemos oferecer o melhor pre\u00e7o de acetilacetonato de cromo (III).","breadcrumb":{"@id":"https:\/\/longchangchemical.com\/product\/cas-21679-31-2\/#breadcrumb"},"inLanguage":"pt-BR","potentialAction":[{"@type":"ReadAction","target":["https:\/\/longchangchemical.com\/product\/cas-21679-31-2\/"]}]},{"@type":"ImageObject","inLanguage":"pt-BR","@id":"https:\/\/longchangchemical.com\/product\/cas-21679-31-2\/#primaryimage","url":"https:\/\/longchangchemical.com\/wp-content\/uploads\/2021\/01\/ChromiumIII-acetylacetonate-Appearance.jpg","contentUrl":"https:\/\/longchangchemical.com\/wp-content\/uploads\/2021\/01\/ChromiumIII-acetylacetonate-Appearance.jpg","width":600,"height":800},{"@type":"BreadcrumbList","@id":"https:\/\/longchangchemical.com\/product\/cas-21679-31-2\/#breadcrumb","itemListElement":[{"@type":"ListItem","position":1,"name":"Home","item":"https:\/\/longchangchemical.com\/"},{"@type":"ListItem","position":2,"name":"Products Longchang","item":"https:\/\/longchangchemical.com\/product\/"},{"@type":"ListItem","position":3,"name":"Chromium(iii) acetylacetonate CAS 21679-31-2"}]},{"@type":"WebSite","@id":"https:\/\/longchangchemical.com\/#website","url":"https:\/\/longchangchemical.com\/","name":"Qu\u00edmica Longchang","description":"Fabricante de produtos qu\u00edmicos na China \uff06 fornecedor","publisher":{"@id":"https:\/\/longchangchemical.com\/#organization"},"potentialAction":[{"@type":"SearchAction","target":{"@type":"EntryPoint","urlTemplate":"https:\/\/longchangchemical.com\/?s={search_term_string}"},"query-input":{"@type":"PropertyValueSpecification","valueRequired":true,"valueName":"search_term_string"}}],"inLanguage":"pt-BR"},{"@type":"Organization","@id":"https:\/\/longchangchemical.com\/#organization","name":"Qu\u00edmica Longchang","url":"https:\/\/longchangchemical.com\/","logo":{"@type":"ImageObject","inLanguage":"pt-BR","@id":"https:\/\/longchangchemical.com\/#\/schema\/logo\/image\/","url":"https:\/\/longchangchemical.com\/wp-content\/uploads\/2020\/08\/cropped-longchang-logo.png","contentUrl":"https:\/\/longchangchemical.com\/wp-content\/uploads\/2020\/08\/cropped-longchang-logo.png","width":512,"height":512,"caption":"Longchang Chemical"},"image":{"@id":"https:\/\/longchangchemical.com\/#\/schema\/logo\/image\/"}}]}},"_links":{"self":[{"href":"https:\/\/longchangchemical.com\/pt\/wp-json\/wp\/v2\/product\/3623","targetHints":{"allow":["GET"]}}],"collection":[{"href":"https:\/\/longchangchemical.com\/pt\/wp-json\/wp\/v2\/product"}],"about":[{"href":"https:\/\/longchangchemical.com\/pt\/wp-json\/wp\/v2\/types\/product"}],"replies":[{"embeddable":true,"href":"https:\/\/longchangchemical.com\/pt\/wp-json\/wp\/v2\/comments?post=3623"}],"wp:featuredmedia":[{"embeddable":true,"href":"https:\/\/longchangchemical.com\/pt\/wp-json\/wp\/v2\/media\/4538"}],"wp:attachment":[{"href":"https:\/\/longchangchemical.com\/pt\/wp-json\/wp\/v2\/media?parent=3623"}],"wp:term":[{"taxonomy":"product_brand","embeddable":true,"href":"https:\/\/longchangchemical.com\/pt\/wp-json\/wp\/v2\/product_brand?post=3623"},{"taxonomy":"product_cat","embeddable":true,"href":"https:\/\/longchangchemical.com\/pt\/wp-json\/wp\/v2\/product_cat?post=3623"},{"taxonomy":"product_tag","embeddable":true,"href":"https:\/\/longchangchemical.com\/pt\/wp-json\/wp\/v2\/product_tag?post=3623"}],"curies":[{"name":"wp","href":"https:\/\/api.w.org\/{rel}","templated":true}]}}