{"id":3590,"date":"2021-04-25T02:48:07","date_gmt":"2021-04-25T02:48:07","guid":{"rendered":"https:\/\/longchangchemical.com\/?post_type=product&#038;p=3590"},"modified":"2026-05-08T02:59:35","modified_gmt":"2026-05-08T02:59:35","slug":"isothiazolinones-cmit-mit-cas-26172-55-4","status":"publish","type":"product","link":"https:\/\/longchangchemical.com\/pt\/product\/isothiazolinones-cmit-mit-cas-26172-55-4\/","title":{"rendered":"Isotiazolinonas \/ CMIT-MIT CAS 26172-55-4"},"content":{"rendered":"<h2><strong>Isotiazolinonas \/ CMIT-MIT CAS 26172-55-4<\/strong><\/h2>\n<table class=\"table-1\" width=\"568\">\n<tbody>\n<tr>\n<td valign=\"center\" width=\"284\">\n<h4>Itens<\/h4>\n<\/td>\n<td valign=\"center\" width=\"284\">\n<h4>Especifica\u00e7\u00f5es<\/h4>\n<\/td>\n<\/tr>\n<tr>\n<td valign=\"center\" width=\"284\">\n<h4>Apar\u00eancia<\/h4>\n<\/td>\n<td valign=\"center\" width=\"284\">\n<h4>L\u00edquido levemente amarelado<\/h4>\n<\/td>\n<\/tr>\n<tr>\n<td valign=\"center\" width=\"284\">\n<h4>Total de ativos Conte\u00fado<\/h4>\n<\/td>\n<td valign=\"center\" width=\"284\">\n<h4>14.0-15.0%<\/h4>\n<\/td>\n<\/tr>\n<tr>\n<td valign=\"top\" width=\"284\">\n<h4>Cloro<\/h4>\n<\/td>\n<td valign=\"center\" width=\"284\">\n<h4>3 - 5%<\/h4>\n<\/td>\n<\/tr>\n<tr>\n<td valign=\"top\" width=\"284\">\n<h4>Valor de PH<\/h4>\n<\/td>\n<td valign=\"center\" width=\"284\">\n<h4>1.0-4.0<\/h4>\n<\/td>\n<\/tr>\n<tr>\n<td valign=\"top\" width=\"284\">\n<h4>Gravidade espec\u00edfica\/25C<\/h4>\n<\/td>\n<td valign=\"center\" width=\"284\">\n<h4>1.26-1.32<\/h4>\n<\/td>\n<\/tr>\n<\/tbody>\n<\/table>\n<p>&nbsp;<\/p>\n<h2><strong>O que \u00e9 o CMIT-MIT?<\/strong><\/h2>\n<h4>O CMIT-MIT \u00e9 um agente de tratamento de \u00e1gua com excelente desempenho e boa miscibilidade. Ele pode ser misc\u00edvel com v\u00e1rios inibidores de corros\u00e3o, como cloro, inibidores de incrusta\u00e7\u00e3o e dispersantes, a maioria dos surfactantes ani\u00f4nicos, cati\u00f4nicos e n\u00e3o i\u00f4nicos, e circula no mercado. O produto geralmente \u00e9 uma mistura de 5-cloro-2-metil-4-isotiazolin-3-ona (CMI) e 2-metil-4-isotiazolin-3-ona (MI), mas tamb\u00e9m \u00e9 adicionado nitrito de metal ou nitrato de metal para melhorar a estabilidade e evitar a decomposi\u00e7\u00e3o. O mecanismo de a\u00e7\u00e3o da isotiazolinona \u00e9 quebrar a liga\u00e7\u00e3o entre as bact\u00e9rias e as prote\u00ednas das algas para matar. Ap\u00f3s o contato com os microrganismos, ela pode inibir de forma r\u00e1pida e irrevers\u00edvel o seu crescimento, levando \u00e0 morte das c\u00e9lulas microbianas, e tem um forte efeito inibit\u00f3rio e de elimina\u00e7\u00e3o de bact\u00e9rias comuns (bact\u00e9rias redutoras de sulfato, bact\u00e9rias formadoras de lodo), fungos (bact\u00e9rias oxidantes de ferro, bolores, leveduras), algas, etc.<\/h4>\n<h2><strong>Uso do CMIT-MIT<\/strong><\/h2>\n<h4>1. O CMIT-MIT \u00e9 usado para tratar a \u00e1gua de circula\u00e7\u00e3o industrial, que tem o efeito de esteriliza\u00e7\u00e3o e elimina\u00e7\u00e3o de algas.<\/h4>\n<h4>2. O CMIT-MIT \u00e9 um antiss\u00e9ptico geral e antiss\u00e9ptico, que pode matar eficazmente algas, bact\u00e9rias e fungos.<\/h4>\n<h4>3. O CMIT-MIT pode ser amplamente utilizado em \u00e1gua de resfriamento industrial, \u00e1gua de tanques de campos de petr\u00f3leo, ind\u00fastria de papel, tubula\u00e7\u00f5es, tintas, tintas, borracha, cosm\u00e9ticos, filmes fotossens\u00edveis e ind\u00fastrias de detergentes.<\/h4>\n<h4>4. A dosagem eficaz do CMIT-MIT \u00e9 pequena, n\u00e3o t\u00f3xica e n\u00e3o poluente. \u00c9 f\u00e1cil de misturar em v\u00e1rias formula\u00e7\u00f5es. A faixa de pH \u00e9 ampla. Depois que a concentra\u00e7\u00e3o \u00e9 dilu\u00edda, ele \u00e9 facilmente biodegradado em subst\u00e2ncias n\u00e3o t\u00f3xicas e n\u00e3o poluentes.<\/h4>\n<p>&nbsp;<\/p>\n<h2><strong>Embalagem e remessa CMIT-MIT<\/strong><\/h2>\n<h4>Embalagem: 1 kg\/garrafa; 250 kg\/tambor<\/h4>\n<h4>Pertencente \u00e0 8\u00aa classe de produtos perigosos, UN 1760 8\/PG 2<\/h4>\n<p>&nbsp;<\/p>\n<h2><strong>Armazenamento CMIT-MIT<\/strong><\/h2>\n<h4>Armazenado em um local fresco e seco, longe da luz solar direta e da \u00e1gua.<\/h4>\n<p>&nbsp;<\/p>\n<h2><strong>Produtos da mesma s\u00e9rie<\/strong><\/h2>\n<table style=\"border-collapse: collapse; width: 312.02pt;\" border=\"0\" width=\"416\" cellspacing=\"0\" cellpadding=\"0\">\n<tbody>\n<tr style=\"height: 54.00pt;\">\n<td class=\"et2\" style=\"height: 54.00pt; width: 201.75pt;\" width=\"269\" height=\"72\">\n<h4>Isotiazolinonas \/ CMIT-MIT<\/h4>\n<\/td>\n<td class=\"et2\" style=\"width: 110.25pt;\" width=\"147\">\n<h4>26172-55-4<\/h4>\n<\/td>\n<\/tr>\n<tr style=\"height: 40.50pt;\">\n<td class=\"et2\" style=\"height: 40.50pt; width: 201.75pt;\" width=\"269\" height=\"54\">\n<h4><a href=\"https:\/\/longchangchemical.com\/pt\/product\/methylisothiazolinone-cas-2682-20-4\/\"><span style=\"color: #0000ff;\">Metilisotiazolinona<\/span><\/a><\/h4>\n<\/td>\n<td class=\"et2\" style=\"width: 110.25pt;\" width=\"147\">\n<h4>2682-20-4<\/h4>\n<\/td>\n<\/tr>\n<\/tbody>\n<\/table>\n<h2><\/h2>\n<h2><strong><b>Entre em contato conosco agora!<\/b><\/strong><\/h2>\n<h4><strong><b>Oferecemos servi\u00e7os personalizados e, normalmente, entraremos em contato com voc\u00ea dentro de 24 horas. Voc\u00ea tamb\u00e9m pode me enviar um e-mail para info@longchangchemical.com durante o hor\u00e1rio comercial (das 8h30 \u00e0s 18h UTC+8 de segunda a s\u00e1bado) ou usar o bate-papo ao vivo do site para obter uma resposta r\u00e1pida.<\/b><\/strong><\/h4>\n<p>&nbsp;<\/p>","protected":false},"excerpt":{"rendered":"<h4>Nome qu\u00edmico: CMIT-MIT<\/h4>\n<h4>Outro nome: Isotiazolinonas<\/h4>\n<h4>N\u00famero CAS: 26172-55-4<\/h4>\n<h4>F\u00f3rmula molecular: C4H4ClNOS<\/h4>\n<h4>Estrutura qu\u00edmica:<img decoding=\"async\" title=\"image.png\" src=\"https:\/\/www.longchangchemical.com\/wp-content\/uploads\/product-details\/20200617162489.png\" alt=\"image.png\" \/><\/h4>\n<h4>Peso molecular: 149,6<\/h4>\n<h4>Apar\u00eancia: L\u00edquido levemente amarelado<\/h4>\n<h4>Ensaio: 14%<\/h4>","protected":false},"featured_media":4545,"comment_status":"open","ping_status":"closed","template":"","meta":[],"product_brand":[],"product_cat":[69,109],"product_tag":[],"class_list":{"0":"post-3590","1":"product","2":"type-product","3":"status-publish","4":"has-post-thumbnail","6":"product_cat-catalysts-chemical-auxiliary-agents","7":"product_cat-water-treatment","9":"first","10":"instock","11":"shipping-taxable","12":"product-type-simple"},"yoast_head":"<!-- This site is optimized with the Yoast SEO plugin v25.3.1 - https:\/\/yoast.com\/wordpress\/plugins\/seo\/ -->\n<title>China Isothiazolinones | CMIT-MIT Manufacturer \uff06 Supplier - Longchang chemical Co., Ltd.<\/title>\n<meta name=\"description\" content=\"Longchang Chemical is a leading manufacturer and supplier of CMIT-MIT in China. Buy Isothiazolinones in china. We can provide the best CMIT-MIT price.\" \/>\n<meta name=\"robots\" content=\"index, follow, max-snippet:-1, max-image-preview:large, max-video-preview:-1\" \/>\n<link rel=\"canonical\" href=\"https:\/\/longchangchemical.com\/pt\/product\/isothiazolinones-cmit-mit-cas-26172-55-4\/\" \/>\n<meta property=\"og:locale\" content=\"pt_BR\" \/>\n<meta property=\"og:type\" content=\"article\" \/>\n<meta property=\"og:title\" content=\"China Isothiazolinones | CMIT-MIT Manufacturer \uff06 Supplier - Longchang chemical Co., Ltd.\" \/>\n<meta property=\"og:description\" content=\"Longchang Chemical is a leading manufacturer and supplier of CMIT-MIT in China. Buy Isothiazolinones in china. We can provide the best CMIT-MIT price.\" \/>\n<meta property=\"og:url\" content=\"https:\/\/longchangchemical.com\/pt\/product\/isothiazolinones-cmit-mit-cas-26172-55-4\/\" \/>\n<meta property=\"og:site_name\" content=\"Longchang Chemical\" \/>\n<meta property=\"article:modified_time\" content=\"2026-05-08T02:59:35+00:00\" \/>\n<meta property=\"og:image\" content=\"https:\/\/longchangchemical.com\/wp-content\/uploads\/2021\/01\/Isothiazolinones-Appearance.jpg\" \/>\n\t<meta property=\"og:image:width\" content=\"600\" \/>\n\t<meta property=\"og:image:height\" content=\"800\" \/>\n\t<meta property=\"og:image:type\" content=\"image\/jpeg\" \/>\n<meta name=\"twitter:card\" content=\"summary_large_image\" \/>\n<script type=\"application\/ld+json\" class=\"yoast-schema-graph\">{\"@context\":\"https:\/\/schema.org\",\"@graph\":[{\"@type\":\"WebPage\",\"@id\":\"https:\/\/longchangchemical.com\/product\/isothiazolinones-cmit-mit-cas-26172-55-4\/\",\"url\":\"https:\/\/longchangchemical.com\/product\/isothiazolinones-cmit-mit-cas-26172-55-4\/\",\"name\":\"China Isothiazolinones | CMIT-MIT Manufacturer \uff06 Supplier - Longchang chemical Co., Ltd.\",\"isPartOf\":{\"@id\":\"https:\/\/longchangchemical.com\/#website\"},\"primaryImageOfPage\":{\"@id\":\"https:\/\/longchangchemical.com\/product\/isothiazolinones-cmit-mit-cas-26172-55-4\/#primaryimage\"},\"image\":{\"@id\":\"https:\/\/longchangchemical.com\/product\/isothiazolinones-cmit-mit-cas-26172-55-4\/#primaryimage\"},\"thumbnailUrl\":\"https:\/\/longchangchemical.com\/wp-content\/uploads\/2021\/01\/Isothiazolinones-Appearance.jpg\",\"datePublished\":\"2021-04-25T02:48:07+00:00\",\"dateModified\":\"2026-05-08T02:59:35+00:00\",\"description\":\"Longchang Chemical is a leading manufacturer and supplier of CMIT-MIT in China. Buy Isothiazolinones in china. We can provide the best CMIT-MIT price.\",\"breadcrumb\":{\"@id\":\"https:\/\/longchangchemical.com\/product\/isothiazolinones-cmit-mit-cas-26172-55-4\/#breadcrumb\"},\"inLanguage\":\"pt-BR\",\"potentialAction\":[{\"@type\":\"ReadAction\",\"target\":[\"https:\/\/longchangchemical.com\/product\/isothiazolinones-cmit-mit-cas-26172-55-4\/\"]}]},{\"@type\":\"ImageObject\",\"inLanguage\":\"pt-BR\",\"@id\":\"https:\/\/longchangchemical.com\/product\/isothiazolinones-cmit-mit-cas-26172-55-4\/#primaryimage\",\"url\":\"https:\/\/longchangchemical.com\/wp-content\/uploads\/2021\/01\/Isothiazolinones-Appearance.jpg\",\"contentUrl\":\"https:\/\/longchangchemical.com\/wp-content\/uploads\/2021\/01\/Isothiazolinones-Appearance.jpg\",\"width\":600,\"height\":800,\"caption\":\"Isothiazolinones Appearance\"},{\"@type\":\"BreadcrumbList\",\"@id\":\"https:\/\/longchangchemical.com\/product\/isothiazolinones-cmit-mit-cas-26172-55-4\/#breadcrumb\",\"itemListElement\":[{\"@type\":\"ListItem\",\"position\":1,\"name\":\"Home\",\"item\":\"https:\/\/longchangchemical.com\/\"},{\"@type\":\"ListItem\",\"position\":2,\"name\":\"Products Longchang\",\"item\":\"https:\/\/longchangchemical.com\/product\/\"},{\"@type\":\"ListItem\",\"position\":3,\"name\":\"Isothiazolinones \/ CMIT-MIT CAS 26172-55-4\"}]},{\"@type\":\"WebSite\",\"@id\":\"https:\/\/longchangchemical.com\/#website\",\"url\":\"https:\/\/longchangchemical.com\/\",\"name\":\"Longchang Chemical\",\"description\":\"China chemical manufacturer \uff06 supplier\",\"publisher\":{\"@id\":\"https:\/\/longchangchemical.com\/#organization\"},\"potentialAction\":[{\"@type\":\"SearchAction\",\"target\":{\"@type\":\"EntryPoint\",\"urlTemplate\":\"https:\/\/longchangchemical.com\/?s={search_term_string}\"},\"query-input\":{\"@type\":\"PropertyValueSpecification\",\"valueRequired\":true,\"valueName\":\"search_term_string\"}}],\"inLanguage\":\"pt-BR\"},{\"@type\":\"Organization\",\"@id\":\"https:\/\/longchangchemical.com\/#organization\",\"name\":\"Longchang Chemical\",\"url\":\"https:\/\/longchangchemical.com\/\",\"logo\":{\"@type\":\"ImageObject\",\"inLanguage\":\"pt-BR\",\"@id\":\"https:\/\/longchangchemical.com\/#\/schema\/logo\/image\/\",\"url\":\"https:\/\/longchangchemical.com\/wp-content\/uploads\/2020\/08\/cropped-longchang-logo.png\",\"contentUrl\":\"https:\/\/longchangchemical.com\/wp-content\/uploads\/2020\/08\/cropped-longchang-logo.png\",\"width\":512,\"height\":512,\"caption\":\"Longchang Chemical\"},\"image\":{\"@id\":\"https:\/\/longchangchemical.com\/#\/schema\/logo\/image\/\"}}]}<\/script>\n<!-- \/ Yoast SEO plugin. -->","yoast_head_json":{"title":"China Isotiazolinonas | CMIT-MIT Fabricante \uff06 Fornecedor - Longchang chemical Co., Ltd.","description":"A Longchang Chemical \u00e9 um fabricante e fornecedor l\u00edder de CMIT-MIT na China. Compre isotiazolinonas na China. Podemos fornecer o melhor pre\u00e7o de CMIT-MIT.","robots":{"index":"index","follow":"follow","max-snippet":"max-snippet:-1","max-image-preview":"max-image-preview:large","max-video-preview":"max-video-preview:-1"},"canonical":"https:\/\/longchangchemical.com\/pt\/product\/isothiazolinones-cmit-mit-cas-26172-55-4\/","og_locale":"pt_BR","og_type":"article","og_title":"China Isothiazolinones | CMIT-MIT Manufacturer \uff06 Supplier - Longchang chemical Co., Ltd.","og_description":"Longchang Chemical is a leading manufacturer and supplier of CMIT-MIT in China. Buy Isothiazolinones in china. We can provide the best CMIT-MIT price.","og_url":"https:\/\/longchangchemical.com\/pt\/product\/isothiazolinones-cmit-mit-cas-26172-55-4\/","og_site_name":"Longchang Chemical","article_modified_time":"2026-05-08T02:59:35+00:00","og_image":[{"width":600,"height":800,"url":"https:\/\/longchangchemical.com\/wp-content\/uploads\/2021\/01\/Isothiazolinones-Appearance.jpg","type":"image\/jpeg"}],"twitter_card":"summary_large_image","schema":{"@context":"https:\/\/schema.org","@graph":[{"@type":"WebPage","@id":"https:\/\/longchangchemical.com\/product\/isothiazolinones-cmit-mit-cas-26172-55-4\/","url":"https:\/\/longchangchemical.com\/product\/isothiazolinones-cmit-mit-cas-26172-55-4\/","name":"China Isotiazolinonas | CMIT-MIT Fabricante \uff06 Fornecedor - Longchang chemical Co., Ltd.","isPartOf":{"@id":"https:\/\/longchangchemical.com\/#website"},"primaryImageOfPage":{"@id":"https:\/\/longchangchemical.com\/product\/isothiazolinones-cmit-mit-cas-26172-55-4\/#primaryimage"},"image":{"@id":"https:\/\/longchangchemical.com\/product\/isothiazolinones-cmit-mit-cas-26172-55-4\/#primaryimage"},"thumbnailUrl":"https:\/\/longchangchemical.com\/wp-content\/uploads\/2021\/01\/Isothiazolinones-Appearance.jpg","datePublished":"2021-04-25T02:48:07+00:00","dateModified":"2026-05-08T02:59:35+00:00","description":"A Longchang Chemical \u00e9 um fabricante e fornecedor l\u00edder de CMIT-MIT na China. Compre isotiazolinonas na China. Podemos fornecer o melhor pre\u00e7o de CMIT-MIT.","breadcrumb":{"@id":"https:\/\/longchangchemical.com\/product\/isothiazolinones-cmit-mit-cas-26172-55-4\/#breadcrumb"},"inLanguage":"pt-BR","potentialAction":[{"@type":"ReadAction","target":["https:\/\/longchangchemical.com\/product\/isothiazolinones-cmit-mit-cas-26172-55-4\/"]}]},{"@type":"ImageObject","inLanguage":"pt-BR","@id":"https:\/\/longchangchemical.com\/product\/isothiazolinones-cmit-mit-cas-26172-55-4\/#primaryimage","url":"https:\/\/longchangchemical.com\/wp-content\/uploads\/2021\/01\/Isothiazolinones-Appearance.jpg","contentUrl":"https:\/\/longchangchemical.com\/wp-content\/uploads\/2021\/01\/Isothiazolinones-Appearance.jpg","width":600,"height":800,"caption":"Isothiazolinones Appearance"},{"@type":"BreadcrumbList","@id":"https:\/\/longchangchemical.com\/product\/isothiazolinones-cmit-mit-cas-26172-55-4\/#breadcrumb","itemListElement":[{"@type":"ListItem","position":1,"name":"Home","item":"https:\/\/longchangchemical.com\/"},{"@type":"ListItem","position":2,"name":"Products Longchang","item":"https:\/\/longchangchemical.com\/product\/"},{"@type":"ListItem","position":3,"name":"Isothiazolinones \/ CMIT-MIT CAS 26172-55-4"}]},{"@type":"WebSite","@id":"https:\/\/longchangchemical.com\/#website","url":"https:\/\/longchangchemical.com\/","name":"Qu\u00edmica Longchang","description":"Fabricante de produtos qu\u00edmicos na China \uff06 fornecedor","publisher":{"@id":"https:\/\/longchangchemical.com\/#organization"},"potentialAction":[{"@type":"SearchAction","target":{"@type":"EntryPoint","urlTemplate":"https:\/\/longchangchemical.com\/?s={search_term_string}"},"query-input":{"@type":"PropertyValueSpecification","valueRequired":true,"valueName":"search_term_string"}}],"inLanguage":"pt-BR"},{"@type":"Organization","@id":"https:\/\/longchangchemical.com\/#organization","name":"Qu\u00edmica Longchang","url":"https:\/\/longchangchemical.com\/","logo":{"@type":"ImageObject","inLanguage":"pt-BR","@id":"https:\/\/longchangchemical.com\/#\/schema\/logo\/image\/","url":"https:\/\/longchangchemical.com\/wp-content\/uploads\/2020\/08\/cropped-longchang-logo.png","contentUrl":"https:\/\/longchangchemical.com\/wp-content\/uploads\/2020\/08\/cropped-longchang-logo.png","width":512,"height":512,"caption":"Longchang Chemical"},"image":{"@id":"https:\/\/longchangchemical.com\/#\/schema\/logo\/image\/"}}]}},"_links":{"self":[{"href":"https:\/\/longchangchemical.com\/pt\/wp-json\/wp\/v2\/product\/3590","targetHints":{"allow":["GET"]}}],"collection":[{"href":"https:\/\/longchangchemical.com\/pt\/wp-json\/wp\/v2\/product"}],"about":[{"href":"https:\/\/longchangchemical.com\/pt\/wp-json\/wp\/v2\/types\/product"}],"replies":[{"embeddable":true,"href":"https:\/\/longchangchemical.com\/pt\/wp-json\/wp\/v2\/comments?post=3590"}],"wp:featuredmedia":[{"embeddable":true,"href":"https:\/\/longchangchemical.com\/pt\/wp-json\/wp\/v2\/media\/4545"}],"wp:attachment":[{"href":"https:\/\/longchangchemical.com\/pt\/wp-json\/wp\/v2\/media?parent=3590"}],"wp:term":[{"taxonomy":"product_brand","embeddable":true,"href":"https:\/\/longchangchemical.com\/pt\/wp-json\/wp\/v2\/product_brand?post=3590"},{"taxonomy":"product_cat","embeddable":true,"href":"https:\/\/longchangchemical.com\/pt\/wp-json\/wp\/v2\/product_cat?post=3590"},{"taxonomy":"product_tag","embeddable":true,"href":"https:\/\/longchangchemical.com\/pt\/wp-json\/wp\/v2\/product_tag?post=3590"}],"curies":[{"name":"wp","href":"https:\/\/api.w.org\/{rel}","templated":true}]}}