{"id":3578,"date":"2021-03-21T13:53:40","date_gmt":"2021-03-21T13:53:40","guid":{"rendered":"https:\/\/longchangchemical.com\/?post_type=product&#038;p=3578"},"modified":"2025-12-23T02:22:33","modified_gmt":"2025-12-23T02:22:33","slug":"guanidine-carbonate-cas-593-85-1","status":"publish","type":"product","link":"https:\/\/longchangchemical.com\/pt\/product\/guanidine-carbonate-cas-593-85-1\/","title":{"rendered":"Carbonato de guanidina CAS 593-85-1"},"content":{"rendered":"<h1><strong>Carbonato de guanidina CAS 593-85-1<\/strong><\/h1>\n<table class=\"table-1\" cellspacing=\"0\">\n<tbody>\n<tr>\n<td>\n<h4><strong>Item<\/strong><\/h4>\n<\/td>\n<td>\n<h4><strong>Especifica\u00e7\u00f5es<\/strong><\/h4>\n<\/td>\n<td>\n<h4><strong>Resultados<\/strong><\/h4>\n<\/td>\n<\/tr>\n<tr>\n<td>\n<h4>Pureza<\/h4>\n<\/td>\n<td>\n<h4>99%Min<\/h4>\n<\/td>\n<td>\n<h4>99.46%<\/h4>\n<\/td>\n<\/tr>\n<tr>\n<td>\n<h4>Umidade<\/h4>\n<\/td>\n<td>\n<h4>0,2Max<\/h4>\n<\/td>\n<td>\n<h4>0.15%<\/h4>\n<\/td>\n<\/tr>\n<tr>\n<td>\n<h4>Teor de cinzas<\/h4>\n<\/td>\n<td>\n<h4>0,4Max<\/h4>\n<\/td>\n<td>\n<h4>0.34%<\/h4>\n<\/td>\n<\/tr>\n<tr>\n<td>\n<h4>Solu\u00e7\u00e3o( 20% aq)<\/h4>\n<\/td>\n<td>\n<h4>transparente<\/h4>\n<\/td>\n<td>\n<h4>Em conformidade<\/h4>\n<\/td>\n<\/tr>\n<tr>\n<td>\n<h4>Valor de PH (4%)<\/h4>\n<\/td>\n<td>\n<h4>11.4\u00b10.4<\/h4>\n<\/td>\n<td>\n<h4>11.42<\/h4>\n<\/td>\n<\/tr>\n<tr>\n<td>\n<h4>Conclus\u00e3o<\/h4>\n<\/td>\n<td colspan=\"2\">\n<h4>Os resultados est\u00e3o em conformidade com os padr\u00f5es da empresa<\/h4>\n<\/td>\n<\/tr>\n<\/tbody>\n<\/table>\n<p>&nbsp;<\/p>\n<h2><strong>Uso do carbonato de guanidina<\/strong><\/h2>\n<h4>1. o carbonato de guanidina \u00e9 um produto qu\u00edmico fino org\u00e2nico extremamente vers\u00e1til, usado principalmente na s\u00edntese de retardadores de chama, floculantes, agentes espumantes e sulfonamidas.<\/h4>\n<h4>2. O carbonato de guanidina tamb\u00e9m \u00e9 usado como sinergista para detergentes sint\u00e9ticos e como mat\u00e9ria-prima para cosm\u00e9ticos de alta qualidade.<\/h4>\n<h4>3. O carbonato de guanidina \u00e9 usado como precipitante na determina\u00e7\u00e3o do peso de zinco, c\u00e1dmio e mangan\u00eas, bem como na separa\u00e7\u00e3o de magn\u00e9sio em metais alcalinos e s\u00edntese org\u00e2nica.<\/h4>\n<h4>4. O carbonato de guanidina pode ser usado para preparar antioxidantes, estabilizadores de resina e reguladores de pH de resina de amino\u00e1cidos.<\/h4>\n<p>&nbsp;<\/p>\n<h2><strong>Embalagem e remessa de carbonato de guanidina<\/strong><\/h2>\n<h4>Saco, 25 kg\/saco.<\/h4>\n<p>&nbsp;<\/p>\n<h2><strong>Armazenamento de carbonato de guanidina<\/strong><\/h2>\n<h4>Armazenamento em um ambiente escuro, fresco, ventilado e seco.<\/h4>\n<p>&nbsp;<\/p>\n<h2><strong>Produtos da mesma s\u00e9rie<\/strong><\/h2>\n<table style=\"border-collapse: collapse; width: 312.02pt;\" border=\"0\" width=\"416\" cellspacing=\"0\" cellpadding=\"0\">\n<tbody>\n<tr style=\"height: 54.00pt;\">\n<td class=\"et3\" style=\"height: 54.00pt; width: 201.75pt;\" width=\"269\" height=\"72\">\n<h4><a href=\"https:\/\/longchangchemical.com\/pt\/product\/cobalt-carbonate-cas-513-79-1\/\"><span style=\"color: #3366ff;\">Carbonato de cobalto<\/span><\/a><\/h4>\n<\/td>\n<td class=\"et3\" style=\"width: 110.25pt;\" width=\"147\">\n<h4><a href=\"https:\/\/longchangchemical.com\/pt\/product\/cobalt-carbonate-cas-513-79-1\/\"><span style=\"color: #3366ff;\">513-79-1<\/span><\/a><\/h4>\n<\/td>\n<\/tr>\n<tr style=\"height: 40.50pt;\">\n<td class=\"et4\" style=\"height: 40.50pt; width: 201.75pt;\" width=\"269\" height=\"54\">\n<h4>Carbonato de guanidina<\/h4>\n<\/td>\n<td class=\"et5\" style=\"width: 110.25pt;\" width=\"147\">\n<h4>593-85-1<\/h4>\n<\/td>\n<\/tr>\n<tr style=\"height: 40.50pt;\">\n<td class=\"et6\" style=\"height: 40.50pt; width: 201.75pt;\" width=\"269\" height=\"54\">\n<h4><a href=\"https:\/\/longchangchemical.com\/pt\/product\/manganese-carbonate-cas-598-62-9\/\"><span style=\"color: #3366ff;\">Carbonato de mangan\u00eas<\/span><\/a><\/h4>\n<\/td>\n<td class=\"et6\" style=\"width: 110.25pt;\" width=\"147\">\n<h4>598-62-9<\/h4>\n<\/td>\n<\/tr>\n<tr style=\"height: 40.50pt;\">\n<td class=\"et7\" style=\"height: 40.50pt;\" height=\"54\">\n<h4><a href=\"https:\/\/longchangchemical.com\/pt\/product\/ammonium-bicarbonate-cas-1066-33-7\/\"><span style=\"color: #3366ff;\">Bicarbonato de am\u00f4nio<\/span><\/a><\/h4>\n<\/td>\n<td class=\"et7\">\n<h4>1066-33-7<\/h4>\n<\/td>\n<\/tr>\n<tr style=\"height: 40.50pt;\">\n<td class=\"et4\" style=\"height: 40.50pt; width: 201.75pt;\" width=\"269\" height=\"54\">\n<h4><a href=\"https:\/\/longchangchemical.com\/pt\/product\/caesium-carbonate-cas-534-17-8\/\"><span style=\"color: #3366ff;\">Carbonato de c\u00e9sio<\/span><\/a><\/h4>\n<\/td>\n<td class=\"et4\" style=\"width: 110.25pt;\" width=\"147\">\n<h4>534-17-8<\/h4>\n<\/td>\n<\/tr>\n<tr style=\"height: 40.50pt;\">\n<td class=\"et8\" style=\"height: 40.50pt; width: 201.75pt;\" width=\"269\" height=\"54\">\n<h4><a href=\"https:\/\/longchangchemical.com\/pt\/product\/strontium-carbonate-cas-1633-05-2\/\"><span style=\"color: #3366ff;\">Carbonato de estr\u00f4ncio<\/span><\/a><\/h4>\n<\/td>\n<td class=\"et8\" style=\"width: 110.25pt;\" width=\"147\">\n<h4>1633-05-2<\/h4>\n<\/td>\n<\/tr>\n<tr style=\"height: 40.50pt;\">\n<td class=\"et4\" style=\"height: 40.50pt; width: 201.75pt;\" width=\"269\" height=\"54\">\n<h4><a href=\"https:\/\/longchangchemical.com\/pt\/product\/carbohydrazide-cas-497-18-7\/\"><span style=\"color: #3366ff;\">Carbohidrazida<\/span><\/a><\/h4>\n<\/td>\n<td class=\"et4\" style=\"width: 110.25pt;\" width=\"147\">\n<h4>497-18-7<\/h4>\n<\/td>\n<\/tr>\n<\/tbody>\n<\/table>\n<h2><\/h2>\n<h2><strong><b>Entre em contato conosco agora!<\/b><\/strong><\/h2>\n<h4><strong><b>Se precisar de um pre\u00e7o, preencha suas informa\u00e7\u00f5es de contato no formul\u00e1rio abaixo. Normalmente, entraremos em contato dentro de 24 horas. Voc\u00ea tamb\u00e9m pode me enviar um e-mail <span style=\"color: #0000ff;\"><a style=\"color: #0000ff;\" href=\"mailto:info@longchangchemical.com\">info@longchangchemical.com<\/a><\/span> durante o hor\u00e1rio comercial (das 8h30 \u00e0s 18h UTC+8 de segunda a s\u00e1bado) ou use o bate-papo ao vivo do site para obter uma resposta imediata.<\/b><\/strong><\/h4>","protected":false},"excerpt":{"rendered":"<h4>Nome qu\u00edmico: Carbonato de guanidina<\/h4>\n<p><strong>Outros nomes: Carbonato de guanidina; carbonato de aminometanamidina; carbonato de diguanid\u00ednio; carbonato de guanidina<\/strong><\/p>\n<h4>N\u00famero CAS: 593-85-1<\/h4>\n<h4>F\u00f3rmula molecular: C2H7N3O3<\/h4>\n<h4>Estrutura qu\u00edmica:<img decoding=\"async\" title=\"Estrutura do carbonato de guanidina\" src=\"https:\/\/www.longchangchemical.com\/wp-content\/uploads\/product-details\/20200617028995.png\" alt=\"Estrutura do carbonato de guanidina\" width=\"145\" height=\"117\" border=\"0\" vspace=\"0\" \/><\/h4>\n<h4>Peso molecular: 121,1<\/h4>\n<h4>Apar\u00eancia: P\u00f3 branco<\/h4>\n<h4>Ensaio: 99%min<\/h4>","protected":false},"featured_media":4444,"comment_status":"open","ping_status":"closed","template":"","meta":[],"product_brand":[],"product_cat":[69],"product_tag":[],"class_list":{"0":"post-3578","1":"product","2":"type-product","3":"status-publish","4":"has-post-thumbnail","6":"product_cat-catalysts-chemical-auxiliary-agents","8":"first","9":"instock","10":"shipping-taxable","11":"product-type-simple"},"yoast_head":"<!-- This site is optimized with the Yoast SEO plugin v25.3.1 - https:\/\/yoast.com\/wordpress\/plugins\/seo\/ -->\n<title>China Guanidine carbonate Manufacturer \uff06 593-85-1 Supplier - Longchang chemical Co., Ltd.<\/title>\n<meta name=\"description\" content=\"Longchang Chemical is a leading manufacturer and supplier of Guanidine carbonatein China. Buy Guanidine carbonate in china. We can provide the best Guanidine carbonate price. Other Name: Guanidine carbonate; Aminomethanamidine carbonate; Diguanidinium carbonate; Guanidine Carbonate\" \/>\n<meta name=\"robots\" content=\"index, follow, max-snippet:-1, max-image-preview:large, max-video-preview:-1\" \/>\n<link rel=\"canonical\" href=\"https:\/\/longchangchemical.com\/pt\/product\/guanidine-carbonate-cas-593-85-1\/\" \/>\n<meta property=\"og:locale\" content=\"pt_BR\" \/>\n<meta property=\"og:type\" content=\"article\" \/>\n<meta property=\"og:title\" content=\"China Guanidine carbonate Manufacturer \uff06 593-85-1 Supplier - Longchang chemical Co., Ltd.\" \/>\n<meta property=\"og:description\" content=\"Longchang Chemical is a leading manufacturer and supplier of Guanidine carbonatein China. Buy Guanidine carbonate in china. We can provide the best Guanidine carbonate price. Other Name: Guanidine carbonate; Aminomethanamidine carbonate; Diguanidinium carbonate; Guanidine Carbonate\" \/>\n<meta property=\"og:url\" content=\"https:\/\/longchangchemical.com\/pt\/product\/guanidine-carbonate-cas-593-85-1\/\" \/>\n<meta property=\"og:site_name\" content=\"Longchang Chemical\" \/>\n<meta property=\"article:modified_time\" content=\"2025-12-23T02:22:33+00:00\" \/>\n<meta property=\"og:image\" content=\"https:\/\/longchangchemical.com\/wp-content\/uploads\/2021\/01\/Guanidine-carbonate-Appearance.jpg\" \/>\n\t<meta property=\"og:image:width\" content=\"600\" \/>\n\t<meta property=\"og:image:height\" content=\"800\" \/>\n\t<meta property=\"og:image:type\" content=\"image\/jpeg\" \/>\n<meta name=\"twitter:card\" content=\"summary_large_image\" \/>\n<script type=\"application\/ld+json\" class=\"yoast-schema-graph\">{\"@context\":\"https:\/\/schema.org\",\"@graph\":[{\"@type\":\"WebPage\",\"@id\":\"https:\/\/longchangchemical.com\/product\/guanidine-carbonate-cas-593-85-1\/\",\"url\":\"https:\/\/longchangchemical.com\/product\/guanidine-carbonate-cas-593-85-1\/\",\"name\":\"China Guanidine carbonate Manufacturer \uff06 593-85-1 Supplier - Longchang chemical Co., Ltd.\",\"isPartOf\":{\"@id\":\"https:\/\/longchangchemical.com\/#website\"},\"primaryImageOfPage\":{\"@id\":\"https:\/\/longchangchemical.com\/product\/guanidine-carbonate-cas-593-85-1\/#primaryimage\"},\"image\":{\"@id\":\"https:\/\/longchangchemical.com\/product\/guanidine-carbonate-cas-593-85-1\/#primaryimage\"},\"thumbnailUrl\":\"https:\/\/longchangchemical.com\/wp-content\/uploads\/2021\/01\/Guanidine-carbonate-Appearance.jpg\",\"datePublished\":\"2021-03-21T13:53:40+00:00\",\"dateModified\":\"2025-12-23T02:22:33+00:00\",\"description\":\"Longchang Chemical is a leading manufacturer and supplier of Guanidine carbonatein China. Buy Guanidine carbonate in china. We can provide the best Guanidine carbonate price. Other Name: Guanidine carbonate; Aminomethanamidine carbonate; Diguanidinium carbonate; Guanidine Carbonate\",\"breadcrumb\":{\"@id\":\"https:\/\/longchangchemical.com\/product\/guanidine-carbonate-cas-593-85-1\/#breadcrumb\"},\"inLanguage\":\"pt-BR\",\"potentialAction\":[{\"@type\":\"ReadAction\",\"target\":[\"https:\/\/longchangchemical.com\/product\/guanidine-carbonate-cas-593-85-1\/\"]}]},{\"@type\":\"ImageObject\",\"inLanguage\":\"pt-BR\",\"@id\":\"https:\/\/longchangchemical.com\/product\/guanidine-carbonate-cas-593-85-1\/#primaryimage\",\"url\":\"https:\/\/longchangchemical.com\/wp-content\/uploads\/2021\/01\/Guanidine-carbonate-Appearance.jpg\",\"contentUrl\":\"https:\/\/longchangchemical.com\/wp-content\/uploads\/2021\/01\/Guanidine-carbonate-Appearance.jpg\",\"width\":600,\"height\":800,\"caption\":\"Carbohydrazide Appearance\"},{\"@type\":\"BreadcrumbList\",\"@id\":\"https:\/\/longchangchemical.com\/product\/guanidine-carbonate-cas-593-85-1\/#breadcrumb\",\"itemListElement\":[{\"@type\":\"ListItem\",\"position\":1,\"name\":\"Home\",\"item\":\"https:\/\/longchangchemical.com\/\"},{\"@type\":\"ListItem\",\"position\":2,\"name\":\"Products Longchang\",\"item\":\"https:\/\/longchangchemical.com\/product\/\"},{\"@type\":\"ListItem\",\"position\":3,\"name\":\"Guanidine carbonate CAS 593-85-1\"}]},{\"@type\":\"WebSite\",\"@id\":\"https:\/\/longchangchemical.com\/#website\",\"url\":\"https:\/\/longchangchemical.com\/\",\"name\":\"Longchang Chemical\",\"description\":\"China chemical manufacturer \uff06 supplier\",\"publisher\":{\"@id\":\"https:\/\/longchangchemical.com\/#organization\"},\"potentialAction\":[{\"@type\":\"SearchAction\",\"target\":{\"@type\":\"EntryPoint\",\"urlTemplate\":\"https:\/\/longchangchemical.com\/?s={search_term_string}\"},\"query-input\":{\"@type\":\"PropertyValueSpecification\",\"valueRequired\":true,\"valueName\":\"search_term_string\"}}],\"inLanguage\":\"pt-BR\"},{\"@type\":\"Organization\",\"@id\":\"https:\/\/longchangchemical.com\/#organization\",\"name\":\"Longchang Chemical\",\"url\":\"https:\/\/longchangchemical.com\/\",\"logo\":{\"@type\":\"ImageObject\",\"inLanguage\":\"pt-BR\",\"@id\":\"https:\/\/longchangchemical.com\/#\/schema\/logo\/image\/\",\"url\":\"https:\/\/longchangchemical.com\/wp-content\/uploads\/2020\/08\/cropped-longchang-logo.png\",\"contentUrl\":\"https:\/\/longchangchemical.com\/wp-content\/uploads\/2020\/08\/cropped-longchang-logo.png\",\"width\":512,\"height\":512,\"caption\":\"Longchang Chemical\"},\"image\":{\"@id\":\"https:\/\/longchangchemical.com\/#\/schema\/logo\/image\/\"}}]}<\/script>\n<!-- \/ Yoast SEO plugin. -->","yoast_head_json":{"title":"Fabricante de carbonato de guanidina na China \uff06 593-85-1 Fornecedor - Longchang chemical Co., Ltd.","description":"A Longchang Chemical \u00e9 um fabricante e fornecedor l\u00edder de carbonato de guanidina na China. Compre carbonato de guanidina na China. Podemos fornecer o melhor pre\u00e7o de carbonato de guanidina. Outros nomes: Carbonato de guanidina; Carbonato de aminometanamidina; Carbonato de diguanid\u00ednio; Carbonato de guanidina","robots":{"index":"index","follow":"follow","max-snippet":"max-snippet:-1","max-image-preview":"max-image-preview:large","max-video-preview":"max-video-preview:-1"},"canonical":"https:\/\/longchangchemical.com\/pt\/product\/guanidine-carbonate-cas-593-85-1\/","og_locale":"pt_BR","og_type":"article","og_title":"China Guanidine carbonate Manufacturer \uff06 593-85-1 Supplier - Longchang chemical Co., Ltd.","og_description":"Longchang Chemical is a leading manufacturer and supplier of Guanidine carbonatein China. Buy Guanidine carbonate in china. We can provide the best Guanidine carbonate price. Other Name: Guanidine carbonate; Aminomethanamidine carbonate; Diguanidinium carbonate; Guanidine Carbonate","og_url":"https:\/\/longchangchemical.com\/pt\/product\/guanidine-carbonate-cas-593-85-1\/","og_site_name":"Longchang Chemical","article_modified_time":"2025-12-23T02:22:33+00:00","og_image":[{"width":600,"height":800,"url":"https:\/\/longchangchemical.com\/wp-content\/uploads\/2021\/01\/Guanidine-carbonate-Appearance.jpg","type":"image\/jpeg"}],"twitter_card":"summary_large_image","schema":{"@context":"https:\/\/schema.org","@graph":[{"@type":"WebPage","@id":"https:\/\/longchangchemical.com\/product\/guanidine-carbonate-cas-593-85-1\/","url":"https:\/\/longchangchemical.com\/product\/guanidine-carbonate-cas-593-85-1\/","name":"Fabricante de carbonato de guanidina na China \uff06 593-85-1 Fornecedor - Longchang chemical Co., Ltd.","isPartOf":{"@id":"https:\/\/longchangchemical.com\/#website"},"primaryImageOfPage":{"@id":"https:\/\/longchangchemical.com\/product\/guanidine-carbonate-cas-593-85-1\/#primaryimage"},"image":{"@id":"https:\/\/longchangchemical.com\/product\/guanidine-carbonate-cas-593-85-1\/#primaryimage"},"thumbnailUrl":"https:\/\/longchangchemical.com\/wp-content\/uploads\/2021\/01\/Guanidine-carbonate-Appearance.jpg","datePublished":"2021-03-21T13:53:40+00:00","dateModified":"2025-12-23T02:22:33+00:00","description":"A Longchang Chemical \u00e9 um fabricante e fornecedor l\u00edder de carbonato de guanidina na China. Compre carbonato de guanidina na China. Podemos fornecer o melhor pre\u00e7o de carbonato de guanidina. Outros nomes: Carbonato de guanidina; Carbonato de aminometanamidina; Carbonato de diguanid\u00ednio; Carbonato de guanidina","breadcrumb":{"@id":"https:\/\/longchangchemical.com\/product\/guanidine-carbonate-cas-593-85-1\/#breadcrumb"},"inLanguage":"pt-BR","potentialAction":[{"@type":"ReadAction","target":["https:\/\/longchangchemical.com\/product\/guanidine-carbonate-cas-593-85-1\/"]}]},{"@type":"ImageObject","inLanguage":"pt-BR","@id":"https:\/\/longchangchemical.com\/product\/guanidine-carbonate-cas-593-85-1\/#primaryimage","url":"https:\/\/longchangchemical.com\/wp-content\/uploads\/2021\/01\/Guanidine-carbonate-Appearance.jpg","contentUrl":"https:\/\/longchangchemical.com\/wp-content\/uploads\/2021\/01\/Guanidine-carbonate-Appearance.jpg","width":600,"height":800,"caption":"Carbohydrazide Appearance"},{"@type":"BreadcrumbList","@id":"https:\/\/longchangchemical.com\/product\/guanidine-carbonate-cas-593-85-1\/#breadcrumb","itemListElement":[{"@type":"ListItem","position":1,"name":"Home","item":"https:\/\/longchangchemical.com\/"},{"@type":"ListItem","position":2,"name":"Products Longchang","item":"https:\/\/longchangchemical.com\/product\/"},{"@type":"ListItem","position":3,"name":"Guanidine carbonate CAS 593-85-1"}]},{"@type":"WebSite","@id":"https:\/\/longchangchemical.com\/#website","url":"https:\/\/longchangchemical.com\/","name":"Qu\u00edmica Longchang","description":"Fabricante de produtos qu\u00edmicos na China \uff06 fornecedor","publisher":{"@id":"https:\/\/longchangchemical.com\/#organization"},"potentialAction":[{"@type":"SearchAction","target":{"@type":"EntryPoint","urlTemplate":"https:\/\/longchangchemical.com\/?s={search_term_string}"},"query-input":{"@type":"PropertyValueSpecification","valueRequired":true,"valueName":"search_term_string"}}],"inLanguage":"pt-BR"},{"@type":"Organization","@id":"https:\/\/longchangchemical.com\/#organization","name":"Qu\u00edmica Longchang","url":"https:\/\/longchangchemical.com\/","logo":{"@type":"ImageObject","inLanguage":"pt-BR","@id":"https:\/\/longchangchemical.com\/#\/schema\/logo\/image\/","url":"https:\/\/longchangchemical.com\/wp-content\/uploads\/2020\/08\/cropped-longchang-logo.png","contentUrl":"https:\/\/longchangchemical.com\/wp-content\/uploads\/2020\/08\/cropped-longchang-logo.png","width":512,"height":512,"caption":"Longchang Chemical"},"image":{"@id":"https:\/\/longchangchemical.com\/#\/schema\/logo\/image\/"}}]}},"_links":{"self":[{"href":"https:\/\/longchangchemical.com\/pt\/wp-json\/wp\/v2\/product\/3578","targetHints":{"allow":["GET"]}}],"collection":[{"href":"https:\/\/longchangchemical.com\/pt\/wp-json\/wp\/v2\/product"}],"about":[{"href":"https:\/\/longchangchemical.com\/pt\/wp-json\/wp\/v2\/types\/product"}],"replies":[{"embeddable":true,"href":"https:\/\/longchangchemical.com\/pt\/wp-json\/wp\/v2\/comments?post=3578"}],"wp:featuredmedia":[{"embeddable":true,"href":"https:\/\/longchangchemical.com\/pt\/wp-json\/wp\/v2\/media\/4444"}],"wp:attachment":[{"href":"https:\/\/longchangchemical.com\/pt\/wp-json\/wp\/v2\/media?parent=3578"}],"wp:term":[{"taxonomy":"product_brand","embeddable":true,"href":"https:\/\/longchangchemical.com\/pt\/wp-json\/wp\/v2\/product_brand?post=3578"},{"taxonomy":"product_cat","embeddable":true,"href":"https:\/\/longchangchemical.com\/pt\/wp-json\/wp\/v2\/product_cat?post=3578"},{"taxonomy":"product_tag","embeddable":true,"href":"https:\/\/longchangchemical.com\/pt\/wp-json\/wp\/v2\/product_tag?post=3578"}],"curies":[{"name":"wp","href":"https:\/\/api.w.org\/{rel}","templated":true}]}}