{"id":3571,"date":"2021-04-12T13:15:05","date_gmt":"2021-04-12T13:15:05","guid":{"rendered":"https:\/\/longchangchemical.com\/?post_type=product&#038;p=3571"},"modified":"2025-12-22T09:42:12","modified_gmt":"2025-12-22T09:42:12","slug":"candelilla-wax-cas-8006-44-8","status":"publish","type":"product","link":"https:\/\/longchangchemical.com\/pt\/product\/candelilla-wax-cas-8006-44-8\/","title":{"rendered":"Cera de candelila CAS 8006-44-8"},"content":{"rendered":"<h1><strong>Cera de candelila CAS 8006-44-8<\/strong><\/h1>\n<table class=\"table-1\" cellspacing=\"0\">\n<tbody>\n<tr>\n<td>\n<h4>Item<\/h4>\n<\/td>\n<td>\n<h4>Especifica\u00e7\u00f5es<\/h4>\n<\/td>\n<\/tr>\n<tr>\n<td>\n<h4>Ponto de congelamento<\/h4>\n<\/td>\n<td>\n<h4>67,0 (term\u00f4metro girat\u00f3rio)<\/h4>\n<\/td>\n<\/tr>\n<tr>\n<td>\n<h4>Valor de acidez<\/h4>\n<\/td>\n<td>\n<h4>16,79 mg KOH\/g<\/h4>\n<\/td>\n<\/tr>\n<tr>\n<td>\n<h4>Valor da P\u00e1scoa<\/h4>\n<\/td>\n<td>\n<h4>39,56 mg KOH\/g<\/h4>\n<\/td>\n<\/tr>\n<tr>\n<td>\n<h4>Valor de saponifica\u00e7\u00e3o<\/h4>\n<\/td>\n<td>\n<h4>56,35 mg KOH\/g<\/h4>\n<\/td>\n<\/tr>\n<\/tbody>\n<\/table>\n<h2><\/h2>\n<h2><strong>Uso da cera de candelila<\/strong><\/h2>\n<h4>1. A cera de candelila refere-se a uma cera vegetal marrom extra\u00edda de uma grama que cresce no Texas e no M\u00e9xico. Ela fica atr\u00e1s apenas da cera de carna\u00faba em termos de dureza, e sua temperatura de fus\u00e3o est\u00e1 entre 67 e 71. Assim como a cera de carna\u00faba, a cera de candelila \u00e9 usada para aumentar a dureza da cera quando misturada a outros ingredientes, mas seu efeito de endurecimento n\u00e3o \u00e9 t\u00e3o bom quanto o da cera de carna\u00faba.<\/h4>\n<h4>2.  Esse produto pode ser usado como agente de decora\u00e7\u00e3o de superf\u00edcie e lubrificante, e pode ser usado para fazer papel de cera de abelha.<\/h4>\n<h2><\/h2>\n<h2><strong>Embalagem e remessa de cera de candelila<\/strong><\/h2>\n<h4>Embalagem: 25 kg\/saco<\/h4>\n<p>&nbsp;<\/p>\n<h2><strong>Armazenamento de cera de candelila<\/strong><\/h2>\n<h4>Armazenado em um dep\u00f3sito escuro, fresco e seco.<\/h4>\n<p>&nbsp;<\/p>\n<h2><strong><b>Entre em contato conosco agora!<\/b><\/strong><\/h2>\n<h4><strong><b>Oferecemos servi\u00e7os personalizados e, normalmente, entraremos em contato com voc\u00ea dentro de 24 horas. Voc\u00ea tamb\u00e9m pode me enviar um e-mail para info@longchangchemical.com durante o hor\u00e1rio comercial (das 8h30 \u00e0s 18h UTC+8 de segunda a s\u00e1bado) ou usar o bate-papo ao vivo do site para obter uma resposta r\u00e1pida.<\/b><\/strong><\/h4>","protected":false},"excerpt":{"rendered":"<h4>Nome qu\u00edmico: Cera de candelila<\/h4>\n<h4>N\u00famero CAS: 8006-44-8<\/h4>\n<h4>F\u00f3rmula molecular: C31H64<\/h4>\n<h4>Peso molecular: 436,840<\/h4>\n<h4>Apar\u00eancia: flocos amarelos<\/h4>","protected":false},"featured_media":4491,"comment_status":"open","ping_status":"closed","template":"","meta":[],"product_brand":[],"product_cat":[69],"product_tag":[],"class_list":{"0":"post-3571","1":"product","2":"type-product","3":"status-publish","4":"has-post-thumbnail","6":"product_cat-catalysts-chemical-auxiliary-agents","8":"first","9":"instock","10":"shipping-taxable","11":"product-type-simple"},"yoast_head":"<!-- This site is optimized with the Yoast SEO plugin v25.3.1 - https:\/\/yoast.com\/wordpress\/plugins\/seo\/ -->\n<title>China Candelilla wax Manufacturer \uff06 Supplier - Longchang chemical Co., Ltd.<\/title>\n<meta name=\"description\" content=\"Longchang Chemical is a leading manufacturer and supplier of Candelilla wax in China. Buy Candelilla wax in china. We can provide the best Candelilla wax price.\" \/>\n<meta name=\"robots\" content=\"index, follow, max-snippet:-1, max-image-preview:large, max-video-preview:-1\" \/>\n<link rel=\"canonical\" href=\"https:\/\/longchangchemical.com\/pt\/product\/candelilla-wax-cas-8006-44-8\/\" \/>\n<meta property=\"og:locale\" content=\"pt_BR\" \/>\n<meta property=\"og:type\" content=\"article\" \/>\n<meta property=\"og:title\" content=\"China Candelilla wax Manufacturer \uff06 Supplier - Longchang chemical Co., Ltd.\" \/>\n<meta property=\"og:description\" content=\"Longchang Chemical is a leading manufacturer and supplier of Candelilla wax in China. Buy Candelilla wax in china. We can provide the best Candelilla wax price.\" \/>\n<meta property=\"og:url\" content=\"https:\/\/longchangchemical.com\/pt\/product\/candelilla-wax-cas-8006-44-8\/\" \/>\n<meta property=\"og:site_name\" content=\"Longchang Chemical\" \/>\n<meta property=\"article:modified_time\" content=\"2025-12-22T09:42:12+00:00\" \/>\n<meta property=\"og:image\" content=\"https:\/\/longchangchemical.com\/wp-content\/uploads\/2021\/01\/Appearance-16.jpg\" \/>\n\t<meta property=\"og:image:width\" content=\"600\" \/>\n\t<meta property=\"og:image:height\" content=\"800\" \/>\n\t<meta property=\"og:image:type\" content=\"image\/jpeg\" \/>\n<meta name=\"twitter:card\" content=\"summary_large_image\" \/>\n<script type=\"application\/ld+json\" class=\"yoast-schema-graph\">{\"@context\":\"https:\/\/schema.org\",\"@graph\":[{\"@type\":\"WebPage\",\"@id\":\"https:\/\/longchangchemical.com\/product\/candelilla-wax-cas-8006-44-8\/\",\"url\":\"https:\/\/longchangchemical.com\/product\/candelilla-wax-cas-8006-44-8\/\",\"name\":\"China Candelilla wax Manufacturer \uff06 Supplier - Longchang chemical Co., Ltd.\",\"isPartOf\":{\"@id\":\"https:\/\/longchangchemical.com\/#website\"},\"primaryImageOfPage\":{\"@id\":\"https:\/\/longchangchemical.com\/product\/candelilla-wax-cas-8006-44-8\/#primaryimage\"},\"image\":{\"@id\":\"https:\/\/longchangchemical.com\/product\/candelilla-wax-cas-8006-44-8\/#primaryimage\"},\"thumbnailUrl\":\"https:\/\/longchangchemical.com\/wp-content\/uploads\/2021\/01\/Appearance-16.jpg\",\"datePublished\":\"2021-04-12T13:15:05+00:00\",\"dateModified\":\"2025-12-22T09:42:12+00:00\",\"description\":\"Longchang Chemical is a leading manufacturer and supplier of Candelilla wax in China. Buy Candelilla wax in china. We can provide the best Candelilla wax price.\",\"breadcrumb\":{\"@id\":\"https:\/\/longchangchemical.com\/product\/candelilla-wax-cas-8006-44-8\/#breadcrumb\"},\"inLanguage\":\"pt-BR\",\"potentialAction\":[{\"@type\":\"ReadAction\",\"target\":[\"https:\/\/longchangchemical.com\/product\/candelilla-wax-cas-8006-44-8\/\"]}]},{\"@type\":\"ImageObject\",\"inLanguage\":\"pt-BR\",\"@id\":\"https:\/\/longchangchemical.com\/product\/candelilla-wax-cas-8006-44-8\/#primaryimage\",\"url\":\"https:\/\/longchangchemical.com\/wp-content\/uploads\/2021\/01\/Appearance-16.jpg\",\"contentUrl\":\"https:\/\/longchangchemical.com\/wp-content\/uploads\/2021\/01\/Appearance-16.jpg\",\"width\":600,\"height\":800,\"caption\":\"Candelilla wax Appearance\"},{\"@type\":\"BreadcrumbList\",\"@id\":\"https:\/\/longchangchemical.com\/product\/candelilla-wax-cas-8006-44-8\/#breadcrumb\",\"itemListElement\":[{\"@type\":\"ListItem\",\"position\":1,\"name\":\"Home\",\"item\":\"https:\/\/longchangchemical.com\/\"},{\"@type\":\"ListItem\",\"position\":2,\"name\":\"Products Longchang\",\"item\":\"https:\/\/longchangchemical.com\/product\/\"},{\"@type\":\"ListItem\",\"position\":3,\"name\":\"Candelilla wax CAS 8006-44-8\"}]},{\"@type\":\"WebSite\",\"@id\":\"https:\/\/longchangchemical.com\/#website\",\"url\":\"https:\/\/longchangchemical.com\/\",\"name\":\"Longchang Chemical\",\"description\":\"China chemical manufacturer \uff06 supplier\",\"publisher\":{\"@id\":\"https:\/\/longchangchemical.com\/#organization\"},\"potentialAction\":[{\"@type\":\"SearchAction\",\"target\":{\"@type\":\"EntryPoint\",\"urlTemplate\":\"https:\/\/longchangchemical.com\/?s={search_term_string}\"},\"query-input\":{\"@type\":\"PropertyValueSpecification\",\"valueRequired\":true,\"valueName\":\"search_term_string\"}}],\"inLanguage\":\"pt-BR\"},{\"@type\":\"Organization\",\"@id\":\"https:\/\/longchangchemical.com\/#organization\",\"name\":\"Longchang Chemical\",\"url\":\"https:\/\/longchangchemical.com\/\",\"logo\":{\"@type\":\"ImageObject\",\"inLanguage\":\"pt-BR\",\"@id\":\"https:\/\/longchangchemical.com\/#\/schema\/logo\/image\/\",\"url\":\"https:\/\/longchangchemical.com\/wp-content\/uploads\/2020\/08\/cropped-longchang-logo.png\",\"contentUrl\":\"https:\/\/longchangchemical.com\/wp-content\/uploads\/2020\/08\/cropped-longchang-logo.png\",\"width\":512,\"height\":512,\"caption\":\"Longchang Chemical\"},\"image\":{\"@id\":\"https:\/\/longchangchemical.com\/#\/schema\/logo\/image\/\"}}]}<\/script>\n<!-- \/ Yoast SEO plugin. -->","yoast_head_json":{"title":"Fabricante de cera de candelila da China \uff06 Fornecedor - Longchang chemical Co., Ltd.","description":"A Longchang Chemical \u00e9 um dos principais fabricantes e fornecedores de cera de candelila na China. Compre cera de Candelilla na China. Podemos oferecer o melhor pre\u00e7o de cera de candelila.","robots":{"index":"index","follow":"follow","max-snippet":"max-snippet:-1","max-image-preview":"max-image-preview:large","max-video-preview":"max-video-preview:-1"},"canonical":"https:\/\/longchangchemical.com\/pt\/product\/candelilla-wax-cas-8006-44-8\/","og_locale":"pt_BR","og_type":"article","og_title":"China Candelilla wax Manufacturer \uff06 Supplier - Longchang chemical Co., Ltd.","og_description":"Longchang Chemical is a leading manufacturer and supplier of Candelilla wax in China. Buy Candelilla wax in china. We can provide the best Candelilla wax price.","og_url":"https:\/\/longchangchemical.com\/pt\/product\/candelilla-wax-cas-8006-44-8\/","og_site_name":"Longchang Chemical","article_modified_time":"2025-12-22T09:42:12+00:00","og_image":[{"width":600,"height":800,"url":"https:\/\/longchangchemical.com\/wp-content\/uploads\/2021\/01\/Appearance-16.jpg","type":"image\/jpeg"}],"twitter_card":"summary_large_image","schema":{"@context":"https:\/\/schema.org","@graph":[{"@type":"WebPage","@id":"https:\/\/longchangchemical.com\/product\/candelilla-wax-cas-8006-44-8\/","url":"https:\/\/longchangchemical.com\/product\/candelilla-wax-cas-8006-44-8\/","name":"Fabricante de cera de candelila da China \uff06 Fornecedor - Longchang chemical Co., Ltd.","isPartOf":{"@id":"https:\/\/longchangchemical.com\/#website"},"primaryImageOfPage":{"@id":"https:\/\/longchangchemical.com\/product\/candelilla-wax-cas-8006-44-8\/#primaryimage"},"image":{"@id":"https:\/\/longchangchemical.com\/product\/candelilla-wax-cas-8006-44-8\/#primaryimage"},"thumbnailUrl":"https:\/\/longchangchemical.com\/wp-content\/uploads\/2021\/01\/Appearance-16.jpg","datePublished":"2021-04-12T13:15:05+00:00","dateModified":"2025-12-22T09:42:12+00:00","description":"A Longchang Chemical \u00e9 um dos principais fabricantes e fornecedores de cera de candelila na China. Compre cera de Candelilla na China. Podemos oferecer o melhor pre\u00e7o de cera de candelila.","breadcrumb":{"@id":"https:\/\/longchangchemical.com\/product\/candelilla-wax-cas-8006-44-8\/#breadcrumb"},"inLanguage":"pt-BR","potentialAction":[{"@type":"ReadAction","target":["https:\/\/longchangchemical.com\/product\/candelilla-wax-cas-8006-44-8\/"]}]},{"@type":"ImageObject","inLanguage":"pt-BR","@id":"https:\/\/longchangchemical.com\/product\/candelilla-wax-cas-8006-44-8\/#primaryimage","url":"https:\/\/longchangchemical.com\/wp-content\/uploads\/2021\/01\/Appearance-16.jpg","contentUrl":"https:\/\/longchangchemical.com\/wp-content\/uploads\/2021\/01\/Appearance-16.jpg","width":600,"height":800,"caption":"Candelilla wax Appearance"},{"@type":"BreadcrumbList","@id":"https:\/\/longchangchemical.com\/product\/candelilla-wax-cas-8006-44-8\/#breadcrumb","itemListElement":[{"@type":"ListItem","position":1,"name":"Home","item":"https:\/\/longchangchemical.com\/"},{"@type":"ListItem","position":2,"name":"Products Longchang","item":"https:\/\/longchangchemical.com\/product\/"},{"@type":"ListItem","position":3,"name":"Candelilla wax CAS 8006-44-8"}]},{"@type":"WebSite","@id":"https:\/\/longchangchemical.com\/#website","url":"https:\/\/longchangchemical.com\/","name":"Qu\u00edmica Longchang","description":"Fabricante de produtos qu\u00edmicos na China \uff06 fornecedor","publisher":{"@id":"https:\/\/longchangchemical.com\/#organization"},"potentialAction":[{"@type":"SearchAction","target":{"@type":"EntryPoint","urlTemplate":"https:\/\/longchangchemical.com\/?s={search_term_string}"},"query-input":{"@type":"PropertyValueSpecification","valueRequired":true,"valueName":"search_term_string"}}],"inLanguage":"pt-BR"},{"@type":"Organization","@id":"https:\/\/longchangchemical.com\/#organization","name":"Qu\u00edmica Longchang","url":"https:\/\/longchangchemical.com\/","logo":{"@type":"ImageObject","inLanguage":"pt-BR","@id":"https:\/\/longchangchemical.com\/#\/schema\/logo\/image\/","url":"https:\/\/longchangchemical.com\/wp-content\/uploads\/2020\/08\/cropped-longchang-logo.png","contentUrl":"https:\/\/longchangchemical.com\/wp-content\/uploads\/2020\/08\/cropped-longchang-logo.png","width":512,"height":512,"caption":"Longchang Chemical"},"image":{"@id":"https:\/\/longchangchemical.com\/#\/schema\/logo\/image\/"}}]}},"_links":{"self":[{"href":"https:\/\/longchangchemical.com\/pt\/wp-json\/wp\/v2\/product\/3571","targetHints":{"allow":["GET"]}}],"collection":[{"href":"https:\/\/longchangchemical.com\/pt\/wp-json\/wp\/v2\/product"}],"about":[{"href":"https:\/\/longchangchemical.com\/pt\/wp-json\/wp\/v2\/types\/product"}],"replies":[{"embeddable":true,"href":"https:\/\/longchangchemical.com\/pt\/wp-json\/wp\/v2\/comments?post=3571"}],"wp:featuredmedia":[{"embeddable":true,"href":"https:\/\/longchangchemical.com\/pt\/wp-json\/wp\/v2\/media\/4491"}],"wp:attachment":[{"href":"https:\/\/longchangchemical.com\/pt\/wp-json\/wp\/v2\/media?parent=3571"}],"wp:term":[{"taxonomy":"product_brand","embeddable":true,"href":"https:\/\/longchangchemical.com\/pt\/wp-json\/wp\/v2\/product_brand?post=3571"},{"taxonomy":"product_cat","embeddable":true,"href":"https:\/\/longchangchemical.com\/pt\/wp-json\/wp\/v2\/product_cat?post=3571"},{"taxonomy":"product_tag","embeddable":true,"href":"https:\/\/longchangchemical.com\/pt\/wp-json\/wp\/v2\/product_tag?post=3571"}],"curies":[{"name":"wp","href":"https:\/\/api.w.org\/{rel}","templated":true}]}}