{"id":3552,"date":"2021-02-08T08:09:47","date_gmt":"2021-02-08T08:09:47","guid":{"rendered":"https:\/\/longchangchemical.com\/?post_type=product&#038;p=3552"},"modified":"2025-12-23T07:46:45","modified_gmt":"2025-12-23T07:46:45","slug":"naphthenic-acid-cas-1338-24-5","status":"publish","type":"product","link":"https:\/\/longchangchemical.com\/pt\/product\/naphthenic-acid-cas-1338-24-5\/","title":{"rendered":"\u00c1cido naft\u00eanico CAS 1338-24-5"},"content":{"rendered":"<h1><strong>\u00c1cido naft\u00eanico CAS 1338-24-5<\/strong><\/h1>\n<h2><b>COA de \u00e1cido naft\u00eanico<\/b><\/h2>\n<table class=\"table-1\" cellspacing=\"0\">\n<tbody>\n<tr>\n<td>\n<h4><strong>Item<\/strong><\/h4>\n<\/td>\n<td>\n<h4><strong>Resultados<\/strong><\/h4>\n<\/td>\n<\/tr>\n<tr>\n<td>\n<h4>Apar\u00eancia<\/h4>\n<\/td>\n<td>\n<h4>L\u00edquido amarelo claro ou laranja<\/h4>\n<\/td>\n<\/tr>\n<tr>\n<td>\n<h4>valor de acidez (mg\/KOH\/g)<\/h4>\n<\/td>\n<td>\n<h4>200 min<\/h4>\n<\/td>\n<\/tr>\n<tr>\n<td>\n<h4>Ensaio \uff08m\/m\uff09%<\/h4>\n<\/td>\n<td>\n<h4>\u2265 70 %<\/h4>\n<\/td>\n<\/tr>\n<tr>\n<td>\n<h4>Gravidade espec\u00edfica \uff0820\u2103\uff09<\/h4>\n<\/td>\n<td>\n<h4>0.92<\/h4>\n<\/td>\n<\/tr>\n<tr>\n<td>\n<h4>Viscosidade\uff0840\u2103\uff09<\/h4>\n<\/td>\n<td>\n<h4>25<\/h4>\n<\/td>\n<\/tr>\n<tr>\n<td>\n<h4>Cor (ferro-cobalto)<\/h4>\n<\/td>\n<td>\n<h4>12-14<\/h4>\n<\/td>\n<\/tr>\n<tr>\n<td>\n<h4>Conclus\u00e3o<\/h4>\n<\/td>\n<td>\n<h4>Os resultados est\u00e3o em conformidade com os padr\u00f5es empresariais<\/h4>\n<\/td>\n<\/tr>\n<\/tbody>\n<\/table>\n<p>&nbsp;<\/p>\n<h2>O que \u00e9 \u00e1cido naft\u00eanico?<\/h2>\n<h4>O \u00e1cido naft\u00eanico \u00e9 um l\u00edquido de cor escura com odor desagrad\u00e1vel. O \u00e1cido naft\u00eanico \u00e9 insol\u00favel em \u00e1gua. O \u00e1cido naft\u00eanico queima, embora possa exigir algum esfor\u00e7o para entrar em combust\u00e3o. O principal perigo \u00e9 a amea\u00e7a ao meio ambiente. Medidas imediatas devem ser tomadas para limitar sua dissemina\u00e7\u00e3o no meio ambiente. Como o \u00e1cido naft\u00eanico \u00e9 um l\u00edquido, ele pode penetrar facilmente no solo e contaminar as \u00e1guas subterr\u00e2neas e os c\u00f3rregos pr\u00f3ximos. O \u00e1cido naft\u00eanico \u00e9 usado para fabricar secadores de tinta, detergentes e solventes.<\/h4>\n<p>&nbsp;<\/p>\n<h2><strong class=\"\">Naft\u00eanico<\/strong><strong> uso de \u00e1cido<\/strong><\/h2>\n<h4>1. O \u00e1cido naft\u00eanico \u00e9 usado como secador de tinta, aditivos biol\u00f3gicos, etc.<\/h4>\n<h4>2. O \u00e1cido naft\u00eanico \u00e9 usado como mat\u00e9ria-prima para a produ\u00e7\u00e3o de naftenatos e como agente de secagem para revestimentos. Tamb\u00e9m \u00e9 usado para anticorros\u00e3o de madeira e cabos.<\/h4>\n<h4>3. O \u00e1cido naft\u00eanico \u00e9 usado para produzir v\u00e1rios naftenatos.<\/h4>\n<p>&nbsp;<\/p>\n<h2><strong class=\"\">Naft\u00eanico<\/strong><strong>\u00a0embalagem \u00e1cida e remessa<\/strong><\/h2>\n<h4>200 kg de tambor de ferro<\/h4>\n<h4>Entrega: dentro de 5 a 7 dias \u00fateis.<\/h4>\n<p>&nbsp;<\/p>\n<h2><strong>Produtos da mesma s\u00e9rie<\/strong><\/h2>\n<table style=\"border-collapse: collapse; width: 256.52pt;\" border=\"0\" width=\"342\" cellspacing=\"0\" cellpadding=\"0\">\n<tbody>\n<tr style=\"height: 54.00pt;\">\n<td class=\"et2\" style=\"height: 54.00pt; width: 146.25pt;\" width=\"195\" height=\"72\"><strong><span style=\"color: #3366ff;\">\u00c1cido naft\u00eanico<\/span><\/strong><\/td>\n<td class=\"et2\" style=\"width: 110.25pt;\" width=\"147\"><strong><span style=\"color: #3366ff;\">1338-24-5<\/span><\/strong><\/td>\n<\/tr>\n<tr style=\"height: 54.00pt;\">\n<td class=\"et2\" style=\"height: 54.00pt; width: 146.25pt;\" width=\"195\" height=\"72\"><a href=\"https:\/\/longchangchemical.com\/pt\/product\/copper-naphthenate-cas-1338-02-9\/\"><strong><span style=\"color: #3366ff;\">Naftenato de cobre<\/span><\/strong><\/a><\/td>\n<td class=\"et2\" style=\"width: 110.25pt;\" width=\"147\"><a href=\"https:\/\/longchangchemical.com\/pt\/product\/copper-naphthenate-cas-1338-02-9\/\"><strong><span style=\"color: #3366ff;\">1338-02-9<\/span><\/strong><\/a><\/td>\n<\/tr>\n<tr style=\"height: 54.00pt;\">\n<td class=\"et3\" style=\"height: 54.00pt; width: 146.25pt;\" width=\"195\" height=\"72\"><a href=\"https:\/\/longchangchemical.com\/pt\/product\/zinc-naphthenate-cas-12001-85-3\/\"><strong><span style=\"color: #3366ff;\">Naftenato de zinco<\/span><\/strong><\/a><\/td>\n<td class=\"et3\" style=\"width: 110.25pt;\" width=\"147\"><a href=\"https:\/\/longchangchemical.com\/pt\/product\/zinc-naphthenate-cas-12001-85-3\/\"><strong><span style=\"color: #3366ff;\">12001-85-3<\/span><\/strong><\/a><\/td>\n<\/tr>\n<\/tbody>\n<\/table>\n<h2><strong><b>Entre em contato conosco agora!<\/b><\/strong><\/h2>\n<h4><strong><b>Oferecemos servi\u00e7os personalizados e, normalmente, entraremos em contato com voc\u00ea dentro de 24 horas. Voc\u00ea tamb\u00e9m pode me enviar um e-mail para info@longchangchemical.com durante o hor\u00e1rio comercial (das 8h30 \u00e0s 18h UTC+8 de segunda a s\u00e1bado) ou usar o bate-papo ao vivo do site para obter uma resposta r\u00e1pida.<\/b><\/strong><\/h4>","protected":false},"excerpt":{"rendered":"<h4>Nome qu\u00edmico: \u00c1cido naft\u00eanico<\/h4>\n<h4>CAS: 1338-24-5<\/h4>\n<h4>F\u00f3rmula molecular: C7H10O2<\/h4>\n<h4>Peso molecular: 126,154<\/h4>\n<h4>Apar\u00eancia: L\u00edquido amarelo claro ou laranja<\/h4>","protected":false},"featured_media":4355,"comment_status":"open","ping_status":"closed","template":"","meta":[],"product_brand":[],"product_cat":[69],"product_tag":[],"class_list":{"0":"post-3552","1":"product","2":"type-product","3":"status-publish","4":"has-post-thumbnail","6":"product_cat-catalysts-chemical-auxiliary-agents","8":"first","9":"instock","10":"shipping-taxable","11":"product-type-simple"},"yoast_head":"<!-- This site is optimized with the Yoast SEO plugin v25.3.1 - https:\/\/yoast.com\/wordpress\/plugins\/seo\/ -->\n<title>China Naphthenic acid Manufacturer \uff06 1338-24-5 Supplier - Longchang chemical Co., Ltd.<\/title>\n<meta name=\"description\" content=\"Longchang Chemical is a leading manufacturer and supplier of Naphthenic acid in China. Buy Naphthenic acid in china. We can provide the best Naphthenic acid price.\" \/>\n<meta name=\"robots\" content=\"index, follow, max-snippet:-1, max-image-preview:large, max-video-preview:-1\" \/>\n<link rel=\"canonical\" href=\"https:\/\/longchangchemical.com\/pt\/product\/naphthenic-acid-cas-1338-24-5\/\" \/>\n<meta property=\"og:locale\" content=\"pt_BR\" \/>\n<meta property=\"og:type\" content=\"article\" \/>\n<meta property=\"og:title\" content=\"China Naphthenic acid Manufacturer \uff06 1338-24-5 Supplier - Longchang chemical Co., Ltd.\" \/>\n<meta property=\"og:description\" content=\"Longchang Chemical is a leading manufacturer and supplier of Naphthenic acid in China. Buy Naphthenic acid in china. We can provide the best Naphthenic acid price.\" \/>\n<meta property=\"og:url\" content=\"https:\/\/longchangchemical.com\/pt\/product\/naphthenic-acid-cas-1338-24-5\/\" \/>\n<meta property=\"og:site_name\" content=\"Longchang Chemical\" \/>\n<meta property=\"article:modified_time\" content=\"2025-12-23T07:46:45+00:00\" \/>\n<meta property=\"og:image\" content=\"https:\/\/longchangchemical.com\/wp-content\/uploads\/2021\/01\/Naphthenic-acid-Appearance.jpg\" \/>\n\t<meta property=\"og:image:width\" content=\"600\" \/>\n\t<meta property=\"og:image:height\" content=\"800\" \/>\n\t<meta property=\"og:image:type\" content=\"image\/jpeg\" \/>\n<meta name=\"twitter:card\" content=\"summary_large_image\" \/>\n<script type=\"application\/ld+json\" class=\"yoast-schema-graph\">{\"@context\":\"https:\/\/schema.org\",\"@graph\":[{\"@type\":\"WebPage\",\"@id\":\"https:\/\/longchangchemical.com\/product\/naphthenic-acid-cas-1338-24-5\/\",\"url\":\"https:\/\/longchangchemical.com\/product\/naphthenic-acid-cas-1338-24-5\/\",\"name\":\"China Naphthenic acid Manufacturer \uff06 1338-24-5 Supplier - Longchang chemical Co., Ltd.\",\"isPartOf\":{\"@id\":\"https:\/\/longchangchemical.com\/#website\"},\"primaryImageOfPage\":{\"@id\":\"https:\/\/longchangchemical.com\/product\/naphthenic-acid-cas-1338-24-5\/#primaryimage\"},\"image\":{\"@id\":\"https:\/\/longchangchemical.com\/product\/naphthenic-acid-cas-1338-24-5\/#primaryimage\"},\"thumbnailUrl\":\"https:\/\/longchangchemical.com\/wp-content\/uploads\/2021\/01\/Naphthenic-acid-Appearance.jpg\",\"datePublished\":\"2021-02-08T08:09:47+00:00\",\"dateModified\":\"2025-12-23T07:46:45+00:00\",\"description\":\"Longchang Chemical is a leading manufacturer and supplier of Naphthenic acid in China. Buy Naphthenic acid in china. We can provide the best Naphthenic acid price.\",\"breadcrumb\":{\"@id\":\"https:\/\/longchangchemical.com\/product\/naphthenic-acid-cas-1338-24-5\/#breadcrumb\"},\"inLanguage\":\"pt-BR\",\"potentialAction\":[{\"@type\":\"ReadAction\",\"target\":[\"https:\/\/longchangchemical.com\/product\/naphthenic-acid-cas-1338-24-5\/\"]}]},{\"@type\":\"ImageObject\",\"inLanguage\":\"pt-BR\",\"@id\":\"https:\/\/longchangchemical.com\/product\/naphthenic-acid-cas-1338-24-5\/#primaryimage\",\"url\":\"https:\/\/longchangchemical.com\/wp-content\/uploads\/2021\/01\/Naphthenic-acid-Appearance.jpg\",\"contentUrl\":\"https:\/\/longchangchemical.com\/wp-content\/uploads\/2021\/01\/Naphthenic-acid-Appearance.jpg\",\"width\":600,\"height\":800,\"caption\":\"Naphthenic acid Appearance\"},{\"@type\":\"BreadcrumbList\",\"@id\":\"https:\/\/longchangchemical.com\/product\/naphthenic-acid-cas-1338-24-5\/#breadcrumb\",\"itemListElement\":[{\"@type\":\"ListItem\",\"position\":1,\"name\":\"Home\",\"item\":\"https:\/\/longchangchemical.com\/\"},{\"@type\":\"ListItem\",\"position\":2,\"name\":\"Products Longchang\",\"item\":\"https:\/\/longchangchemical.com\/product\/\"},{\"@type\":\"ListItem\",\"position\":3,\"name\":\"Naphthenic acid CAS 1338-24-5\"}]},{\"@type\":\"WebSite\",\"@id\":\"https:\/\/longchangchemical.com\/#website\",\"url\":\"https:\/\/longchangchemical.com\/\",\"name\":\"Longchang Chemical\",\"description\":\"China chemical manufacturer \uff06 supplier\",\"publisher\":{\"@id\":\"https:\/\/longchangchemical.com\/#organization\"},\"potentialAction\":[{\"@type\":\"SearchAction\",\"target\":{\"@type\":\"EntryPoint\",\"urlTemplate\":\"https:\/\/longchangchemical.com\/?s={search_term_string}\"},\"query-input\":{\"@type\":\"PropertyValueSpecification\",\"valueRequired\":true,\"valueName\":\"search_term_string\"}}],\"inLanguage\":\"pt-BR\"},{\"@type\":\"Organization\",\"@id\":\"https:\/\/longchangchemical.com\/#organization\",\"name\":\"Longchang Chemical\",\"url\":\"https:\/\/longchangchemical.com\/\",\"logo\":{\"@type\":\"ImageObject\",\"inLanguage\":\"pt-BR\",\"@id\":\"https:\/\/longchangchemical.com\/#\/schema\/logo\/image\/\",\"url\":\"https:\/\/longchangchemical.com\/wp-content\/uploads\/2020\/08\/cropped-longchang-logo.png\",\"contentUrl\":\"https:\/\/longchangchemical.com\/wp-content\/uploads\/2020\/08\/cropped-longchang-logo.png\",\"width\":512,\"height\":512,\"caption\":\"Longchang Chemical\"},\"image\":{\"@id\":\"https:\/\/longchangchemical.com\/#\/schema\/logo\/image\/\"}}]}<\/script>\n<!-- \/ Yoast SEO plugin. -->","yoast_head_json":{"title":"Fabricante de \u00e1cido naft\u00eanico na China \uff06 1338-24-5 Fornecedor - Longchang chemical Co., Ltd.","description":"A Longchang Chemical \u00e9 um dos principais fabricantes e fornecedores de \u00e1cido naft\u00eanico na China. Compre \u00e1cido naft\u00eanico na China. Podemos fornecer o melhor pre\u00e7o de \u00e1cido naft\u00eanico.","robots":{"index":"index","follow":"follow","max-snippet":"max-snippet:-1","max-image-preview":"max-image-preview:large","max-video-preview":"max-video-preview:-1"},"canonical":"https:\/\/longchangchemical.com\/pt\/product\/naphthenic-acid-cas-1338-24-5\/","og_locale":"pt_BR","og_type":"article","og_title":"China Naphthenic acid Manufacturer \uff06 1338-24-5 Supplier - Longchang chemical Co., Ltd.","og_description":"Longchang Chemical is a leading manufacturer and supplier of Naphthenic acid in China. Buy Naphthenic acid in china. We can provide the best Naphthenic acid price.","og_url":"https:\/\/longchangchemical.com\/pt\/product\/naphthenic-acid-cas-1338-24-5\/","og_site_name":"Longchang Chemical","article_modified_time":"2025-12-23T07:46:45+00:00","og_image":[{"width":600,"height":800,"url":"https:\/\/longchangchemical.com\/wp-content\/uploads\/2021\/01\/Naphthenic-acid-Appearance.jpg","type":"image\/jpeg"}],"twitter_card":"summary_large_image","schema":{"@context":"https:\/\/schema.org","@graph":[{"@type":"WebPage","@id":"https:\/\/longchangchemical.com\/product\/naphthenic-acid-cas-1338-24-5\/","url":"https:\/\/longchangchemical.com\/product\/naphthenic-acid-cas-1338-24-5\/","name":"Fabricante de \u00e1cido naft\u00eanico na China \uff06 1338-24-5 Fornecedor - Longchang chemical Co., Ltd.","isPartOf":{"@id":"https:\/\/longchangchemical.com\/#website"},"primaryImageOfPage":{"@id":"https:\/\/longchangchemical.com\/product\/naphthenic-acid-cas-1338-24-5\/#primaryimage"},"image":{"@id":"https:\/\/longchangchemical.com\/product\/naphthenic-acid-cas-1338-24-5\/#primaryimage"},"thumbnailUrl":"https:\/\/longchangchemical.com\/wp-content\/uploads\/2021\/01\/Naphthenic-acid-Appearance.jpg","datePublished":"2021-02-08T08:09:47+00:00","dateModified":"2025-12-23T07:46:45+00:00","description":"A Longchang Chemical \u00e9 um dos principais fabricantes e fornecedores de \u00e1cido naft\u00eanico na China. Compre \u00e1cido naft\u00eanico na China. Podemos fornecer o melhor pre\u00e7o de \u00e1cido naft\u00eanico.","breadcrumb":{"@id":"https:\/\/longchangchemical.com\/product\/naphthenic-acid-cas-1338-24-5\/#breadcrumb"},"inLanguage":"pt-BR","potentialAction":[{"@type":"ReadAction","target":["https:\/\/longchangchemical.com\/product\/naphthenic-acid-cas-1338-24-5\/"]}]},{"@type":"ImageObject","inLanguage":"pt-BR","@id":"https:\/\/longchangchemical.com\/product\/naphthenic-acid-cas-1338-24-5\/#primaryimage","url":"https:\/\/longchangchemical.com\/wp-content\/uploads\/2021\/01\/Naphthenic-acid-Appearance.jpg","contentUrl":"https:\/\/longchangchemical.com\/wp-content\/uploads\/2021\/01\/Naphthenic-acid-Appearance.jpg","width":600,"height":800,"caption":"Naphthenic acid Appearance"},{"@type":"BreadcrumbList","@id":"https:\/\/longchangchemical.com\/product\/naphthenic-acid-cas-1338-24-5\/#breadcrumb","itemListElement":[{"@type":"ListItem","position":1,"name":"Home","item":"https:\/\/longchangchemical.com\/"},{"@type":"ListItem","position":2,"name":"Products Longchang","item":"https:\/\/longchangchemical.com\/product\/"},{"@type":"ListItem","position":3,"name":"Naphthenic acid CAS 1338-24-5"}]},{"@type":"WebSite","@id":"https:\/\/longchangchemical.com\/#website","url":"https:\/\/longchangchemical.com\/","name":"Qu\u00edmica Longchang","description":"Fabricante de produtos qu\u00edmicos na China \uff06 fornecedor","publisher":{"@id":"https:\/\/longchangchemical.com\/#organization"},"potentialAction":[{"@type":"SearchAction","target":{"@type":"EntryPoint","urlTemplate":"https:\/\/longchangchemical.com\/?s={search_term_string}"},"query-input":{"@type":"PropertyValueSpecification","valueRequired":true,"valueName":"search_term_string"}}],"inLanguage":"pt-BR"},{"@type":"Organization","@id":"https:\/\/longchangchemical.com\/#organization","name":"Qu\u00edmica Longchang","url":"https:\/\/longchangchemical.com\/","logo":{"@type":"ImageObject","inLanguage":"pt-BR","@id":"https:\/\/longchangchemical.com\/#\/schema\/logo\/image\/","url":"https:\/\/longchangchemical.com\/wp-content\/uploads\/2020\/08\/cropped-longchang-logo.png","contentUrl":"https:\/\/longchangchemical.com\/wp-content\/uploads\/2020\/08\/cropped-longchang-logo.png","width":512,"height":512,"caption":"Longchang Chemical"},"image":{"@id":"https:\/\/longchangchemical.com\/#\/schema\/logo\/image\/"}}]}},"_links":{"self":[{"href":"https:\/\/longchangchemical.com\/pt\/wp-json\/wp\/v2\/product\/3552","targetHints":{"allow":["GET"]}}],"collection":[{"href":"https:\/\/longchangchemical.com\/pt\/wp-json\/wp\/v2\/product"}],"about":[{"href":"https:\/\/longchangchemical.com\/pt\/wp-json\/wp\/v2\/types\/product"}],"replies":[{"embeddable":true,"href":"https:\/\/longchangchemical.com\/pt\/wp-json\/wp\/v2\/comments?post=3552"}],"wp:featuredmedia":[{"embeddable":true,"href":"https:\/\/longchangchemical.com\/pt\/wp-json\/wp\/v2\/media\/4355"}],"wp:attachment":[{"href":"https:\/\/longchangchemical.com\/pt\/wp-json\/wp\/v2\/media?parent=3552"}],"wp:term":[{"taxonomy":"product_brand","embeddable":true,"href":"https:\/\/longchangchemical.com\/pt\/wp-json\/wp\/v2\/product_brand?post=3552"},{"taxonomy":"product_cat","embeddable":true,"href":"https:\/\/longchangchemical.com\/pt\/wp-json\/wp\/v2\/product_cat?post=3552"},{"taxonomy":"product_tag","embeddable":true,"href":"https:\/\/longchangchemical.com\/pt\/wp-json\/wp\/v2\/product_tag?post=3552"}],"curies":[{"name":"wp","href":"https:\/\/api.w.org\/{rel}","templated":true}]}}