{"id":3550,"date":"2023-11-14T09:21:13","date_gmt":"2023-11-14T09:21:13","guid":{"rendered":"https:\/\/longchangchemical.com\/?post_type=product&#038;p=3550"},"modified":"2025-12-15T06:46:28","modified_gmt":"2025-12-15T06:46:28","slug":"ammonium-polyphosphate-cas-68333-79-9","status":"publish","type":"product","link":"https:\/\/longchangchemical.com\/pt\/product\/ammonium-polyphosphate-cas-68333-79-9\/","title":{"rendered":"CHLUMIFLEX\u00ae APP \/ Polifosfato de am\u00f4nio CAS 68333-79-9"},"content":{"rendered":"<p>&nbsp;<\/p>\n<table class=\"table-1\" cellspacing=\"0\">\n<tbody>\n<tr>\n<td>Apar\u00eancia<\/td>\n<td>P\u00f3 branco<\/td>\n<td>P\u00f3 branco<\/td>\n<\/tr>\n<tr>\n<td>P<sub>2<\/sub>O<sub>5<\/sub><\/td>\n<td>\u226571%<\/td>\n<td>71.15%<\/td>\n<\/tr>\n<tr>\n<td>N<\/td>\n<td>\u226514%<\/td>\n<td>14.48%<\/td>\n<\/tr>\n<tr>\n<td>pH (25\u2103 10%A solu\u00e7\u00e3o aquosa)<\/td>\n<td>5.0-7.5<\/td>\n<td>6.49<\/td>\n<\/tr>\n<tr>\n<td>Solubilidade (25\u2103101TP3Solu\u00e7\u00e3o aquosa)<\/td>\n<td>\u22640,5%<\/td>\n<td>0.37%<\/td>\n<\/tr>\n<tr>\n<td>Viscosidade (25\u2103101TP3Solu\u00e7\u00e3o aquosa)<\/td>\n<td>\u2264100m Pa.s<\/td>\n<td>70<\/td>\n<\/tr>\n<tr>\n<td>n<\/td>\n<td>\u22651000<\/td>\n<td>Em conformidade<\/td>\n<\/tr>\n<tr>\n<td>Tamanho do gr\u00e3o<\/td>\n<td>10-16\u03bc m<\/td>\n<td>Em conformidade<\/td>\n<\/tr>\n<tr>\n<td>Tamanho da part\u00edcula (D50)<\/td>\n<td>6,0-15,0\u03bc m<\/td>\n<td>10.93<\/td>\n<\/tr>\n<\/tbody>\n<\/table>\n<p><strong>Uso do polifosfato de am\u00f4nio<\/strong><\/p>\n<p>1. Usado como retardante de chamas para fibras retardantes de chamas, madeira, pl\u00e1sticos, revestimentos \u00e0 prova de fogo, etc.<\/p>\n<p>2. Pode ser usado como fertilizante. Usos Aditivo inorg\u00e2nico retardador de chama, usado na fabrica\u00e7\u00e3o de revestimentos retardadores de chama, pl\u00e1sticos retardadores de chama e produtos de borracha retardadores de chama, etc. Usos Melhorador de tecidos;<\/p>\n<p>3. Emulsificante; estabilizador; agente quelante; alimento de levedura; auxiliar de decapagem; agente de liga\u00e7\u00e3o de \u00e1gua. Usado em queijos, etc.<\/p>\n<p>&nbsp;<\/p>\n<p><strong>Embalagem e envio de polifosfato de am\u00f4nio<\/strong><\/p>\n<p>Embalagem: 25 kg\/saco<\/p>\n<p>&nbsp;<\/p>\n<p><strong>Armazenamento de polifosfato de am\u00f4nio<\/strong><\/p>\n<p>Armazenado em um local fresco, seco e ventilado, longe da luz solar.<\/p>\n<h2><strong><b>Entre em contato conosco agora!<\/b><\/strong><\/h2>\n<h4><strong><b>Se precisar de COA, MSDS ou TDS, preencha suas informa\u00e7\u00f5es de contato no formul\u00e1rio abaixo. Normalmente, entraremos em contato em 24 horas. Voc\u00ea tamb\u00e9m pode me enviar um e-mail\u00a0<a href=\"mailto:info@longchangchemical.com\"><span style=\"color: #00ccff;\">info@longchangchemical.com<\/span><\/a>\u00a0durante o hor\u00e1rio comercial (das 8h30 \u00e0s 18h UTC+8 de segunda a s\u00e1bado) ou use o bate-papo ao vivo do site para obter uma resposta imediata.<\/b><\/strong><\/h4>","protected":false},"excerpt":{"rendered":"<p>Nome qu\u00edmico: Polifosfato de am\u00f4nio<\/p>\n<p>N\u00famero CAS: 68333-79-9<\/p>\n<p>F\u00f3rmula molecular: H12N3O4P<\/p>\n<p>Peso molecular: 149,086741<\/p>\n<p>&nbsp;<\/p>\n<p>Estrutura molecular:<img decoding=\"async\" title=\"Estrutura do polifosfato de am\u00f4nio\" src=\"https:\/\/www.longchangchemical.com\/wp-content\/uploads\/product-details\/20200611224447.png\" alt=\"Estrutura do polifosfato de am\u00f4nio\" width=\"180\" height=\"179\" border=\"0\" vspace=\"0\" \/><\/p>\n<p>Apar\u00eancia: p\u00f3 branco<\/p>\n<p>Ensaio:71%min<\/p>","protected":false},"featured_media":6286,"comment_status":"open","ping_status":"closed","template":"","meta":[],"product_brand":[],"product_cat":[111],"product_tag":[],"class_list":{"0":"post-3550","1":"product","2":"type-product","3":"status-publish","4":"has-post-thumbnail","6":"product_cat-plasticizer","8":"first","9":"instock","10":"shipping-taxable","11":"product-type-simple"},"yoast_head":"<!-- This site is optimized with the Yoast SEO plugin v25.3.1 - https:\/\/yoast.com\/wordpress\/plugins\/seo\/ -->\n<title>China CHLUMIFLEX\u00ae APP \/ Ammonium Polyphosphate CAS 68333-79-9 Manufacturer - Longchang Chemical<\/title>\n<meta name=\"description\" content=\"CHLUMIFLEX\u00ae APP \/ Ammonium Polyphosphate CAS 68333-79-9 is a key product of Longchang Chemical. We provide the best price. We are the leading manufacturer in China with the best quality and competitive price.\" \/>\n<meta name=\"robots\" content=\"index, follow, max-snippet:-1, max-image-preview:large, max-video-preview:-1\" \/>\n<link rel=\"canonical\" href=\"https:\/\/longchangchemical.com\/pt\/product\/ammonium-polyphosphate-cas-68333-79-9\/\" \/>\n<meta property=\"og:locale\" content=\"pt_BR\" \/>\n<meta property=\"og:type\" content=\"article\" \/>\n<meta property=\"og:title\" content=\"China CHLUMIFLEX\u00ae APP \/ Ammonium Polyphosphate CAS 68333-79-9 Manufacturer - Longchang Chemical\" \/>\n<meta property=\"og:description\" content=\"CHLUMIFLEX\u00ae APP \/ Ammonium Polyphosphate CAS 68333-79-9 is a key product of Longchang Chemical. We provide the best price. We are the leading manufacturer in China with the best quality and competitive price.\" \/>\n<meta property=\"og:url\" content=\"https:\/\/longchangchemical.com\/pt\/product\/ammonium-polyphosphate-cas-68333-79-9\/\" \/>\n<meta property=\"og:site_name\" content=\"Longchang Chemical\" \/>\n<meta property=\"article:modified_time\" content=\"2025-12-15T06:46:28+00:00\" \/>\n<meta property=\"og:image\" content=\"https:\/\/longchangchemical.com\/wp-content\/uploads\/2021\/01\/Ammonium-Polyphosphate.gif\" \/>\n\t<meta property=\"og:image:width\" content=\"327\" \/>\n\t<meta property=\"og:image:height\" content=\"325\" \/>\n\t<meta property=\"og:image:type\" content=\"image\/gif\" \/>\n<meta name=\"twitter:card\" content=\"summary_large_image\" \/>\n<script type=\"application\/ld+json\" class=\"yoast-schema-graph\">{\"@context\":\"https:\/\/schema.org\",\"@graph\":[{\"@type\":\"WebPage\",\"@id\":\"https:\/\/longchangchemical.com\/product\/ammonium-polyphosphate-cas-68333-79-9\/\",\"url\":\"https:\/\/longchangchemical.com\/product\/ammonium-polyphosphate-cas-68333-79-9\/\",\"name\":\"China CHLUMIFLEX\u00ae APP \/ Ammonium Polyphosphate CAS 68333-79-9 Manufacturer - Longchang Chemical\",\"isPartOf\":{\"@id\":\"https:\/\/longchangchemical.com\/#website\"},\"primaryImageOfPage\":{\"@id\":\"https:\/\/longchangchemical.com\/product\/ammonium-polyphosphate-cas-68333-79-9\/#primaryimage\"},\"image\":{\"@id\":\"https:\/\/longchangchemical.com\/product\/ammonium-polyphosphate-cas-68333-79-9\/#primaryimage\"},\"thumbnailUrl\":\"https:\/\/longchangchemical.com\/wp-content\/uploads\/2021\/01\/Ammonium-Polyphosphate.gif\",\"datePublished\":\"2023-11-14T09:21:13+00:00\",\"dateModified\":\"2025-12-15T06:46:28+00:00\",\"description\":\"CHLUMIFLEX\u00ae APP \/ Ammonium Polyphosphate CAS 68333-79-9 is a key product of Longchang Chemical. We provide the best price. We are the leading manufacturer in China with the best quality and competitive price.\",\"breadcrumb\":{\"@id\":\"https:\/\/longchangchemical.com\/product\/ammonium-polyphosphate-cas-68333-79-9\/#breadcrumb\"},\"inLanguage\":\"pt-BR\",\"potentialAction\":[{\"@type\":\"ReadAction\",\"target\":[\"https:\/\/longchangchemical.com\/product\/ammonium-polyphosphate-cas-68333-79-9\/\"]}]},{\"@type\":\"ImageObject\",\"inLanguage\":\"pt-BR\",\"@id\":\"https:\/\/longchangchemical.com\/product\/ammonium-polyphosphate-cas-68333-79-9\/#primaryimage\",\"url\":\"https:\/\/longchangchemical.com\/wp-content\/uploads\/2021\/01\/Ammonium-Polyphosphate.gif\",\"contentUrl\":\"https:\/\/longchangchemical.com\/wp-content\/uploads\/2021\/01\/Ammonium-Polyphosphate.gif\",\"width\":327,\"height\":325},{\"@type\":\"BreadcrumbList\",\"@id\":\"https:\/\/longchangchemical.com\/product\/ammonium-polyphosphate-cas-68333-79-9\/#breadcrumb\",\"itemListElement\":[{\"@type\":\"ListItem\",\"position\":1,\"name\":\"Home\",\"item\":\"https:\/\/longchangchemical.com\/\"},{\"@type\":\"ListItem\",\"position\":2,\"name\":\"Products Longchang\",\"item\":\"https:\/\/longchangchemical.com\/product\/\"},{\"@type\":\"ListItem\",\"position\":3,\"name\":\"CHLUMIFLEX\u00ae APP \/ Ammonium Polyphosphate CAS 68333-79-9\"}]},{\"@type\":\"WebSite\",\"@id\":\"https:\/\/longchangchemical.com\/#website\",\"url\":\"https:\/\/longchangchemical.com\/\",\"name\":\"Longchang Chemical\",\"description\":\"China chemical manufacturer \uff06 supplier\",\"publisher\":{\"@id\":\"https:\/\/longchangchemical.com\/#organization\"},\"potentialAction\":[{\"@type\":\"SearchAction\",\"target\":{\"@type\":\"EntryPoint\",\"urlTemplate\":\"https:\/\/longchangchemical.com\/?s={search_term_string}\"},\"query-input\":{\"@type\":\"PropertyValueSpecification\",\"valueRequired\":true,\"valueName\":\"search_term_string\"}}],\"inLanguage\":\"pt-BR\"},{\"@type\":\"Organization\",\"@id\":\"https:\/\/longchangchemical.com\/#organization\",\"name\":\"Longchang Chemical\",\"url\":\"https:\/\/longchangchemical.com\/\",\"logo\":{\"@type\":\"ImageObject\",\"inLanguage\":\"pt-BR\",\"@id\":\"https:\/\/longchangchemical.com\/#\/schema\/logo\/image\/\",\"url\":\"https:\/\/longchangchemical.com\/wp-content\/uploads\/2020\/08\/cropped-longchang-logo.png\",\"contentUrl\":\"https:\/\/longchangchemical.com\/wp-content\/uploads\/2020\/08\/cropped-longchang-logo.png\",\"width\":512,\"height\":512,\"caption\":\"Longchang Chemical\"},\"image\":{\"@id\":\"https:\/\/longchangchemical.com\/#\/schema\/logo\/image\/\"}}]}<\/script>\n<!-- \/ Yoast SEO plugin. -->","yoast_head_json":{"title":"China CHLUMIFLEX\u00ae APP \/ Polifosfato de am\u00f4nio CAS 68333-79-9 Fabricante - Longchang Chemical","description":"CHLUMIFLEX\u00ae APP \/ Polifosfato de am\u00f4nio CAS 68333-79-9 \u00e9 um produto-chave da Longchang Chemical. Oferecemos o melhor pre\u00e7o. Somos o principal fabricante na China, com a melhor qualidade e pre\u00e7o competitivo.","robots":{"index":"index","follow":"follow","max-snippet":"max-snippet:-1","max-image-preview":"max-image-preview:large","max-video-preview":"max-video-preview:-1"},"canonical":"https:\/\/longchangchemical.com\/pt\/product\/ammonium-polyphosphate-cas-68333-79-9\/","og_locale":"pt_BR","og_type":"article","og_title":"China CHLUMIFLEX\u00ae APP \/ Ammonium Polyphosphate CAS 68333-79-9 Manufacturer - Longchang Chemical","og_description":"CHLUMIFLEX\u00ae APP \/ Ammonium Polyphosphate CAS 68333-79-9 is a key product of Longchang Chemical. We provide the best price. We are the leading manufacturer in China with the best quality and competitive price.","og_url":"https:\/\/longchangchemical.com\/pt\/product\/ammonium-polyphosphate-cas-68333-79-9\/","og_site_name":"Longchang Chemical","article_modified_time":"2025-12-15T06:46:28+00:00","og_image":[{"width":327,"height":325,"url":"https:\/\/longchangchemical.com\/wp-content\/uploads\/2021\/01\/Ammonium-Polyphosphate.gif","type":"image\/gif"}],"twitter_card":"summary_large_image","schema":{"@context":"https:\/\/schema.org","@graph":[{"@type":"WebPage","@id":"https:\/\/longchangchemical.com\/product\/ammonium-polyphosphate-cas-68333-79-9\/","url":"https:\/\/longchangchemical.com\/product\/ammonium-polyphosphate-cas-68333-79-9\/","name":"China CHLUMIFLEX\u00ae APP \/ Polifosfato de am\u00f4nio CAS 68333-79-9 Fabricante - Longchang Chemical","isPartOf":{"@id":"https:\/\/longchangchemical.com\/#website"},"primaryImageOfPage":{"@id":"https:\/\/longchangchemical.com\/product\/ammonium-polyphosphate-cas-68333-79-9\/#primaryimage"},"image":{"@id":"https:\/\/longchangchemical.com\/product\/ammonium-polyphosphate-cas-68333-79-9\/#primaryimage"},"thumbnailUrl":"https:\/\/longchangchemical.com\/wp-content\/uploads\/2021\/01\/Ammonium-Polyphosphate.gif","datePublished":"2023-11-14T09:21:13+00:00","dateModified":"2025-12-15T06:46:28+00:00","description":"CHLUMIFLEX\u00ae APP \/ Polifosfato de am\u00f4nio CAS 68333-79-9 \u00e9 um produto-chave da Longchang Chemical. Oferecemos o melhor pre\u00e7o. Somos o principal fabricante na China, com a melhor qualidade e pre\u00e7o competitivo.","breadcrumb":{"@id":"https:\/\/longchangchemical.com\/product\/ammonium-polyphosphate-cas-68333-79-9\/#breadcrumb"},"inLanguage":"pt-BR","potentialAction":[{"@type":"ReadAction","target":["https:\/\/longchangchemical.com\/product\/ammonium-polyphosphate-cas-68333-79-9\/"]}]},{"@type":"ImageObject","inLanguage":"pt-BR","@id":"https:\/\/longchangchemical.com\/product\/ammonium-polyphosphate-cas-68333-79-9\/#primaryimage","url":"https:\/\/longchangchemical.com\/wp-content\/uploads\/2021\/01\/Ammonium-Polyphosphate.gif","contentUrl":"https:\/\/longchangchemical.com\/wp-content\/uploads\/2021\/01\/Ammonium-Polyphosphate.gif","width":327,"height":325},{"@type":"BreadcrumbList","@id":"https:\/\/longchangchemical.com\/product\/ammonium-polyphosphate-cas-68333-79-9\/#breadcrumb","itemListElement":[{"@type":"ListItem","position":1,"name":"Home","item":"https:\/\/longchangchemical.com\/"},{"@type":"ListItem","position":2,"name":"Products Longchang","item":"https:\/\/longchangchemical.com\/product\/"},{"@type":"ListItem","position":3,"name":"CHLUMIFLEX\u00ae APP \/ Ammonium Polyphosphate CAS 68333-79-9"}]},{"@type":"WebSite","@id":"https:\/\/longchangchemical.com\/#website","url":"https:\/\/longchangchemical.com\/","name":"Qu\u00edmica Longchang","description":"Fabricante de produtos qu\u00edmicos na China \uff06 fornecedor","publisher":{"@id":"https:\/\/longchangchemical.com\/#organization"},"potentialAction":[{"@type":"SearchAction","target":{"@type":"EntryPoint","urlTemplate":"https:\/\/longchangchemical.com\/?s={search_term_string}"},"query-input":{"@type":"PropertyValueSpecification","valueRequired":true,"valueName":"search_term_string"}}],"inLanguage":"pt-BR"},{"@type":"Organization","@id":"https:\/\/longchangchemical.com\/#organization","name":"Qu\u00edmica Longchang","url":"https:\/\/longchangchemical.com\/","logo":{"@type":"ImageObject","inLanguage":"pt-BR","@id":"https:\/\/longchangchemical.com\/#\/schema\/logo\/image\/","url":"https:\/\/longchangchemical.com\/wp-content\/uploads\/2020\/08\/cropped-longchang-logo.png","contentUrl":"https:\/\/longchangchemical.com\/wp-content\/uploads\/2020\/08\/cropped-longchang-logo.png","width":512,"height":512,"caption":"Longchang Chemical"},"image":{"@id":"https:\/\/longchangchemical.com\/#\/schema\/logo\/image\/"}}]}},"_links":{"self":[{"href":"https:\/\/longchangchemical.com\/pt\/wp-json\/wp\/v2\/product\/3550","targetHints":{"allow":["GET"]}}],"collection":[{"href":"https:\/\/longchangchemical.com\/pt\/wp-json\/wp\/v2\/product"}],"about":[{"href":"https:\/\/longchangchemical.com\/pt\/wp-json\/wp\/v2\/types\/product"}],"replies":[{"embeddable":true,"href":"https:\/\/longchangchemical.com\/pt\/wp-json\/wp\/v2\/comments?post=3550"}],"wp:featuredmedia":[{"embeddable":true,"href":"https:\/\/longchangchemical.com\/pt\/wp-json\/wp\/v2\/media\/6286"}],"wp:attachment":[{"href":"https:\/\/longchangchemical.com\/pt\/wp-json\/wp\/v2\/media?parent=3550"}],"wp:term":[{"taxonomy":"product_brand","embeddable":true,"href":"https:\/\/longchangchemical.com\/pt\/wp-json\/wp\/v2\/product_brand?post=3550"},{"taxonomy":"product_cat","embeddable":true,"href":"https:\/\/longchangchemical.com\/pt\/wp-json\/wp\/v2\/product_cat?post=3550"},{"taxonomy":"product_tag","embeddable":true,"href":"https:\/\/longchangchemical.com\/pt\/wp-json\/wp\/v2\/product_tag?post=3550"}],"curies":[{"name":"wp","href":"https:\/\/api.w.org\/{rel}","templated":true}]}}