{"id":3539,"date":"2021-02-07T13:51:07","date_gmt":"2021-02-07T13:51:07","guid":{"rendered":"https:\/\/longchangchemical.com\/?post_type=product&#038;p=3539"},"modified":"2025-12-23T07:41:56","modified_gmt":"2025-12-23T07:41:56","slug":"cocoamine-cas-61788-46-3","status":"publish","type":"product","link":"https:\/\/longchangchemical.com\/pt\/product\/cocoamine-cas-61788-46-3\/","title":{"rendered":"Cocoamina CAS 61788-46-3"},"content":{"rendered":"<h1>Cocoamina CAS 61788-46-3<\/h1>\n<table class=\"table-1\" cellspacing=\"0\">\n<tbody>\n<tr>\n<td valign=\"top\" width=\"193\">\n<h4>Apar\u00eancia<\/h4>\n<h4><\/h4>\n<\/td>\n<td valign=\"top\" width=\"163\">\n<h4>L\u00edquido incolor<\/h4>\n<h4><\/h4>\n<\/td>\n<td valign=\"top\" width=\"171\">\n<h4>L\u00edquido incolor<\/h4>\n<h4><\/h4>\n<\/td>\n<td valign=\"top\" width=\"171\"><\/td>\n<\/tr>\n<tr>\n<td valign=\"top\" width=\"193\">\n<h4>Valor total de amina<\/h4>\n<h4><\/h4>\n<\/td>\n<td valign=\"top\" width=\"163\">\n<h4>265-295mg\/g<\/h4>\n<h4><\/h4>\n<\/td>\n<td valign=\"top\" width=\"171\">\n<h4>292,49mg\/g<\/h4>\n<h4><\/h4>\n<\/td>\n<td valign=\"top\" width=\"171\">\n<h4>A.O.C.S Tf1b-64<\/h4>\n<\/td>\n<\/tr>\n<tr>\n<td valign=\"top\" width=\"193\">\n<h4>Pureza<\/h4>\n<h4><\/h4>\n<\/td>\n<td valign=\"top\" width=\"163\">\n<h4>&gt; 98%<\/h4>\n<\/td>\n<td valign=\"top\" width=\"171\">\n<h4>98.79%<\/h4>\n<\/td>\n<td valign=\"top\" width=\"171\">\n<h4>A.O.C.S Tg2a-64<\/h4>\n<\/td>\n<\/tr>\n<tr>\n<td valign=\"top\" width=\"193\">\n<h4>Valor de iodo\/100g<\/h4>\n<\/td>\n<td valign=\"top\" width=\"163\">\n<h4>&lt; 12<\/h4>\n<\/td>\n<td valign=\"top\" width=\"171\">\n<h4>4.54<\/h4>\n<\/td>\n<td valign=\"top\" width=\"171\">\n<h4>A.O.C.S Cc14-59<\/h4>\n<\/td>\n<\/tr>\n<tr>\n<td valign=\"top\" width=\"193\">\n<h4>T\u00edtulo<\/h4>\n<\/td>\n<td valign=\"top\" width=\"163\">\n<h4>13-23<\/h4>\n<\/td>\n<td valign=\"top\" width=\"171\">\n<h4>18.2<\/h4>\n<\/td>\n<td valign=\"top\" width=\"171\">\n<h4>A.O.C.S Td1b-64<\/h4>\n<\/td>\n<\/tr>\n<tr>\n<td valign=\"top\" width=\"193\">\n<h4>Cor (Hazen)<\/h4>\n<\/td>\n<td valign=\"top\" width=\"163\">\n<h4>&lt; 30<\/h4>\n<\/td>\n<td valign=\"top\" width=\"171\">\n<h4>12<\/h4>\n<\/td>\n<td valign=\"top\" width=\"171\">\n<h4>A.O.C.S Tf1b-64<\/h4>\n<\/td>\n<\/tr>\n<tr>\n<td valign=\"top\" width=\"193\">\n<h4>Umidade<\/h4>\n<\/td>\n<td valign=\"top\" width=\"163\">\n<h4>&lt; 0,3%<\/h4>\n<\/td>\n<td valign=\"top\" width=\"171\">\n<h4>0.03%<\/h4>\n<\/td>\n<td valign=\"top\" width=\"171\">\n<h4>A.O.C.S Tf3a-64<\/h4>\n<\/td>\n<\/tr>\n<\/tbody>\n<\/table>\n<p>&nbsp;<\/p>\n<h2><strong>Uso de Cocoamina<\/strong><\/h2>\n<h4>1. Esse produto pode ser usado para sintetizar surfactantes cati\u00f4nicos.<\/h4>\n<h4>2. Pode ser usado como emulsificante, agente antiest\u00e1tico, agente umectante, dispersante, etc. na ind\u00fastria de cosm\u00e9ticos.<\/h4>\n<h4>3. Pode ser usado em pesticidas, fungicidas, corantes e pigmentos em outros setores.<\/h4>\n<p>&nbsp;<\/p>\n<h2><strong>Embalagem e remessa de Cocoamina<\/strong><\/h2>\n<h4>Embalagem: 160 kg\/tambor<\/h4>\n<p>&nbsp;<\/p>\n<h2><strong>Armazenamento de Cocoamina<\/strong><\/h2>\n<h4>Ele deve ser colocado em local fresco e seco.<\/h4>\n<p>&nbsp;<\/p>\n<h2><strong><b>Entre em contato conosco agora!<\/b><\/strong><\/h2>\n<h4><strong><b>Oferecemos servi\u00e7os personalizados e, normalmente, entraremos em contato com voc\u00ea dentro de 24 horas. Voc\u00ea tamb\u00e9m pode me enviar um e-mail para info@longchangchemical.com durante o hor\u00e1rio comercial (das 8h30 \u00e0s 18h UTC+8 de segunda a s\u00e1bado) ou usar o bate-papo ao vivo do site para obter uma resposta r\u00e1pida.<\/b><\/strong><\/h4>","protected":false},"excerpt":{"rendered":"<h4>Nome qu\u00edmico: COCOAMINA<\/h4>\n<h4>N\u00famero CAS: 61788-46-3<\/h4>\n<h4>F\u00f3rmula molecular: C38H46N2O8<\/h4>\n<h4>Apar\u00eancia: L\u00edquido transparente incolor<\/h4>\n<h4>Ensaio: \u226598\uff05.<\/h4>","protected":false},"featured_media":4350,"comment_status":"open","ping_status":"closed","template":"","meta":[],"product_brand":[],"product_cat":[69],"product_tag":[],"class_list":{"0":"post-3539","1":"product","2":"type-product","3":"status-publish","4":"has-post-thumbnail","6":"product_cat-catalysts-chemical-auxiliary-agents","8":"first","9":"instock","10":"shipping-taxable","11":"product-type-simple"},"yoast_head":"<!-- This site is optimized with the Yoast SEO plugin v25.3.1 - https:\/\/yoast.com\/wordpress\/plugins\/seo\/ -->\n<title>China COCOAMINE Manufacturer \uff06 61788-46-3 Supplier - Longchang chemical Co., Ltd.<\/title>\n<meta name=\"description\" content=\"Longchang Chemical is a leading manufacturer and supplier of COCOAMINE in China. Buy COCOAMINE in china. We can provide the best COCOAMINE price.\" \/>\n<meta name=\"robots\" content=\"index, follow, max-snippet:-1, max-image-preview:large, max-video-preview:-1\" \/>\n<link rel=\"canonical\" href=\"https:\/\/longchangchemical.com\/pt\/product\/cocoamine-cas-61788-46-3\/\" \/>\n<meta property=\"og:locale\" content=\"pt_BR\" \/>\n<meta property=\"og:type\" content=\"article\" \/>\n<meta property=\"og:title\" content=\"China COCOAMINE Manufacturer \uff06 61788-46-3 Supplier - Longchang chemical Co., Ltd.\" \/>\n<meta property=\"og:description\" content=\"Longchang Chemical is a leading manufacturer and supplier of COCOAMINE in China. Buy COCOAMINE in china. We can provide the best COCOAMINE price.\" \/>\n<meta property=\"og:url\" content=\"https:\/\/longchangchemical.com\/pt\/product\/cocoamine-cas-61788-46-3\/\" \/>\n<meta property=\"og:site_name\" content=\"Longchang Chemical\" \/>\n<meta property=\"article:modified_time\" content=\"2025-12-23T07:41:56+00:00\" \/>\n<meta property=\"og:image\" content=\"https:\/\/longchangchemical.com\/wp-content\/uploads\/2021\/01\/COCOAMINE-Appearance.jpg\" \/>\n\t<meta property=\"og:image:width\" content=\"600\" \/>\n\t<meta property=\"og:image:height\" content=\"800\" \/>\n\t<meta property=\"og:image:type\" content=\"image\/jpeg\" \/>\n<meta name=\"twitter:card\" content=\"summary_large_image\" \/>\n<script type=\"application\/ld+json\" class=\"yoast-schema-graph\">{\"@context\":\"https:\/\/schema.org\",\"@graph\":[{\"@type\":\"WebPage\",\"@id\":\"https:\/\/longchangchemical.com\/product\/cocoamine-cas-61788-46-3\/\",\"url\":\"https:\/\/longchangchemical.com\/product\/cocoamine-cas-61788-46-3\/\",\"name\":\"China COCOAMINE Manufacturer \uff06 61788-46-3 Supplier - Longchang chemical Co., Ltd.\",\"isPartOf\":{\"@id\":\"https:\/\/longchangchemical.com\/#website\"},\"primaryImageOfPage\":{\"@id\":\"https:\/\/longchangchemical.com\/product\/cocoamine-cas-61788-46-3\/#primaryimage\"},\"image\":{\"@id\":\"https:\/\/longchangchemical.com\/product\/cocoamine-cas-61788-46-3\/#primaryimage\"},\"thumbnailUrl\":\"https:\/\/longchangchemical.com\/wp-content\/uploads\/2021\/01\/COCOAMINE-Appearance.jpg\",\"datePublished\":\"2021-02-07T13:51:07+00:00\",\"dateModified\":\"2025-12-23T07:41:56+00:00\",\"description\":\"Longchang Chemical is a leading manufacturer and supplier of COCOAMINE in China. Buy COCOAMINE in china. We can provide the best COCOAMINE price.\",\"breadcrumb\":{\"@id\":\"https:\/\/longchangchemical.com\/product\/cocoamine-cas-61788-46-3\/#breadcrumb\"},\"inLanguage\":\"pt-BR\",\"potentialAction\":[{\"@type\":\"ReadAction\",\"target\":[\"https:\/\/longchangchemical.com\/product\/cocoamine-cas-61788-46-3\/\"]}]},{\"@type\":\"ImageObject\",\"inLanguage\":\"pt-BR\",\"@id\":\"https:\/\/longchangchemical.com\/product\/cocoamine-cas-61788-46-3\/#primaryimage\",\"url\":\"https:\/\/longchangchemical.com\/wp-content\/uploads\/2021\/01\/COCOAMINE-Appearance.jpg\",\"contentUrl\":\"https:\/\/longchangchemical.com\/wp-content\/uploads\/2021\/01\/COCOAMINE-Appearance.jpg\",\"width\":600,\"height\":800,\"caption\":\"Appearance\"},{\"@type\":\"BreadcrumbList\",\"@id\":\"https:\/\/longchangchemical.com\/product\/cocoamine-cas-61788-46-3\/#breadcrumb\",\"itemListElement\":[{\"@type\":\"ListItem\",\"position\":1,\"name\":\"Home\",\"item\":\"https:\/\/longchangchemical.com\/\"},{\"@type\":\"ListItem\",\"position\":2,\"name\":\"Products Longchang\",\"item\":\"https:\/\/longchangchemical.com\/product\/\"},{\"@type\":\"ListItem\",\"position\":3,\"name\":\"Cocoamine CAS 61788-46-3\"}]},{\"@type\":\"WebSite\",\"@id\":\"https:\/\/longchangchemical.com\/#website\",\"url\":\"https:\/\/longchangchemical.com\/\",\"name\":\"Longchang Chemical\",\"description\":\"China chemical manufacturer \uff06 supplier\",\"publisher\":{\"@id\":\"https:\/\/longchangchemical.com\/#organization\"},\"potentialAction\":[{\"@type\":\"SearchAction\",\"target\":{\"@type\":\"EntryPoint\",\"urlTemplate\":\"https:\/\/longchangchemical.com\/?s={search_term_string}\"},\"query-input\":{\"@type\":\"PropertyValueSpecification\",\"valueRequired\":true,\"valueName\":\"search_term_string\"}}],\"inLanguage\":\"pt-BR\"},{\"@type\":\"Organization\",\"@id\":\"https:\/\/longchangchemical.com\/#organization\",\"name\":\"Longchang Chemical\",\"url\":\"https:\/\/longchangchemical.com\/\",\"logo\":{\"@type\":\"ImageObject\",\"inLanguage\":\"pt-BR\",\"@id\":\"https:\/\/longchangchemical.com\/#\/schema\/logo\/image\/\",\"url\":\"https:\/\/longchangchemical.com\/wp-content\/uploads\/2020\/08\/cropped-longchang-logo.png\",\"contentUrl\":\"https:\/\/longchangchemical.com\/wp-content\/uploads\/2020\/08\/cropped-longchang-logo.png\",\"width\":512,\"height\":512,\"caption\":\"Longchang Chemical\"},\"image\":{\"@id\":\"https:\/\/longchangchemical.com\/#\/schema\/logo\/image\/\"}}]}<\/script>\n<!-- \/ Yoast SEO plugin. -->","yoast_head_json":{"title":"Fabricante de COCOAMINA na China \uff06 61788-46-3 Fornecedor - Longchang chemical Co., Ltd.","description":"A Longchang Chemical \u00e9 um dos principais fabricantes e fornecedores de COCOAMINE na China. Compre COCOAMINE na China. Podemos oferecer o melhor pre\u00e7o de COCOAMINE.","robots":{"index":"index","follow":"follow","max-snippet":"max-snippet:-1","max-image-preview":"max-image-preview:large","max-video-preview":"max-video-preview:-1"},"canonical":"https:\/\/longchangchemical.com\/pt\/product\/cocoamine-cas-61788-46-3\/","og_locale":"pt_BR","og_type":"article","og_title":"China COCOAMINE Manufacturer \uff06 61788-46-3 Supplier - Longchang chemical Co., Ltd.","og_description":"Longchang Chemical is a leading manufacturer and supplier of COCOAMINE in China. Buy COCOAMINE in china. We can provide the best COCOAMINE price.","og_url":"https:\/\/longchangchemical.com\/pt\/product\/cocoamine-cas-61788-46-3\/","og_site_name":"Longchang Chemical","article_modified_time":"2025-12-23T07:41:56+00:00","og_image":[{"width":600,"height":800,"url":"https:\/\/longchangchemical.com\/wp-content\/uploads\/2021\/01\/COCOAMINE-Appearance.jpg","type":"image\/jpeg"}],"twitter_card":"summary_large_image","schema":{"@context":"https:\/\/schema.org","@graph":[{"@type":"WebPage","@id":"https:\/\/longchangchemical.com\/product\/cocoamine-cas-61788-46-3\/","url":"https:\/\/longchangchemical.com\/product\/cocoamine-cas-61788-46-3\/","name":"Fabricante de COCOAMINA na China \uff06 61788-46-3 Fornecedor - Longchang chemical Co., Ltd.","isPartOf":{"@id":"https:\/\/longchangchemical.com\/#website"},"primaryImageOfPage":{"@id":"https:\/\/longchangchemical.com\/product\/cocoamine-cas-61788-46-3\/#primaryimage"},"image":{"@id":"https:\/\/longchangchemical.com\/product\/cocoamine-cas-61788-46-3\/#primaryimage"},"thumbnailUrl":"https:\/\/longchangchemical.com\/wp-content\/uploads\/2021\/01\/COCOAMINE-Appearance.jpg","datePublished":"2021-02-07T13:51:07+00:00","dateModified":"2025-12-23T07:41:56+00:00","description":"A Longchang Chemical \u00e9 um dos principais fabricantes e fornecedores de COCOAMINE na China. Compre COCOAMINE na China. Podemos oferecer o melhor pre\u00e7o de COCOAMINE.","breadcrumb":{"@id":"https:\/\/longchangchemical.com\/product\/cocoamine-cas-61788-46-3\/#breadcrumb"},"inLanguage":"pt-BR","potentialAction":[{"@type":"ReadAction","target":["https:\/\/longchangchemical.com\/product\/cocoamine-cas-61788-46-3\/"]}]},{"@type":"ImageObject","inLanguage":"pt-BR","@id":"https:\/\/longchangchemical.com\/product\/cocoamine-cas-61788-46-3\/#primaryimage","url":"https:\/\/longchangchemical.com\/wp-content\/uploads\/2021\/01\/COCOAMINE-Appearance.jpg","contentUrl":"https:\/\/longchangchemical.com\/wp-content\/uploads\/2021\/01\/COCOAMINE-Appearance.jpg","width":600,"height":800,"caption":"Appearance"},{"@type":"BreadcrumbList","@id":"https:\/\/longchangchemical.com\/product\/cocoamine-cas-61788-46-3\/#breadcrumb","itemListElement":[{"@type":"ListItem","position":1,"name":"Home","item":"https:\/\/longchangchemical.com\/"},{"@type":"ListItem","position":2,"name":"Products Longchang","item":"https:\/\/longchangchemical.com\/product\/"},{"@type":"ListItem","position":3,"name":"Cocoamine CAS 61788-46-3"}]},{"@type":"WebSite","@id":"https:\/\/longchangchemical.com\/#website","url":"https:\/\/longchangchemical.com\/","name":"Qu\u00edmica Longchang","description":"Fabricante de produtos qu\u00edmicos na China \uff06 fornecedor","publisher":{"@id":"https:\/\/longchangchemical.com\/#organization"},"potentialAction":[{"@type":"SearchAction","target":{"@type":"EntryPoint","urlTemplate":"https:\/\/longchangchemical.com\/?s={search_term_string}"},"query-input":{"@type":"PropertyValueSpecification","valueRequired":true,"valueName":"search_term_string"}}],"inLanguage":"pt-BR"},{"@type":"Organization","@id":"https:\/\/longchangchemical.com\/#organization","name":"Qu\u00edmica Longchang","url":"https:\/\/longchangchemical.com\/","logo":{"@type":"ImageObject","inLanguage":"pt-BR","@id":"https:\/\/longchangchemical.com\/#\/schema\/logo\/image\/","url":"https:\/\/longchangchemical.com\/wp-content\/uploads\/2020\/08\/cropped-longchang-logo.png","contentUrl":"https:\/\/longchangchemical.com\/wp-content\/uploads\/2020\/08\/cropped-longchang-logo.png","width":512,"height":512,"caption":"Longchang Chemical"},"image":{"@id":"https:\/\/longchangchemical.com\/#\/schema\/logo\/image\/"}}]}},"_links":{"self":[{"href":"https:\/\/longchangchemical.com\/pt\/wp-json\/wp\/v2\/product\/3539","targetHints":{"allow":["GET"]}}],"collection":[{"href":"https:\/\/longchangchemical.com\/pt\/wp-json\/wp\/v2\/product"}],"about":[{"href":"https:\/\/longchangchemical.com\/pt\/wp-json\/wp\/v2\/types\/product"}],"replies":[{"embeddable":true,"href":"https:\/\/longchangchemical.com\/pt\/wp-json\/wp\/v2\/comments?post=3539"}],"wp:featuredmedia":[{"embeddable":true,"href":"https:\/\/longchangchemical.com\/pt\/wp-json\/wp\/v2\/media\/4350"}],"wp:attachment":[{"href":"https:\/\/longchangchemical.com\/pt\/wp-json\/wp\/v2\/media?parent=3539"}],"wp:term":[{"taxonomy":"product_brand","embeddable":true,"href":"https:\/\/longchangchemical.com\/pt\/wp-json\/wp\/v2\/product_brand?post=3539"},{"taxonomy":"product_cat","embeddable":true,"href":"https:\/\/longchangchemical.com\/pt\/wp-json\/wp\/v2\/product_cat?post=3539"},{"taxonomy":"product_tag","embeddable":true,"href":"https:\/\/longchangchemical.com\/pt\/wp-json\/wp\/v2\/product_tag?post=3539"}],"curies":[{"name":"wp","href":"https:\/\/api.w.org\/{rel}","templated":true}]}}