{"id":3538,"date":"2021-02-07T13:21:35","date_gmt":"2021-02-07T13:21:35","guid":{"rendered":"https:\/\/longchangchemical.com\/?post_type=product&#038;p=3538"},"modified":"2025-04-01T07:40:27","modified_gmt":"2025-04-01T07:40:27","slug":"4-hydroxy-tempo-cas-2226-96-2","status":"publish","type":"product","link":"https:\/\/longchangchemical.com\/pt\/product\/4-hydroxy-tempo-cas-2226-96-2\/","title":{"rendered":"CHLUMINIT\u00ae 701 \/ Inibidor de polimeriza\u00e7\u00e3o 701 \/ 4-Hydroxy-tempo CAS 2226-96-2"},"content":{"rendered":"<h2>Inibidor de polimeriza\u00e7\u00e3o 701 \/ 4-Hydroxy-tempo CAS 2226-96-2<\/h2>\n<table class=\"table-1\" cellspacing=\"0\">\n<tbody>\n<tr>\n<td valign=\"center\" width=\"266\">\n<h4><strong>Item<\/strong><\/h4>\n<\/td>\n<td valign=\"center\" width=\"300\">\n<h4><strong>Especifica\u00e7\u00f5es<\/strong><\/h4>\n<\/td>\n<\/tr>\n<tr>\n<td valign=\"center\" width=\"266\">\n<h4>Apar\u00eancia<\/h4>\n<\/td>\n<td valign=\"center\" width=\"300\">\n<h4>Flocos de laranja escuro<\/h4>\n<\/td>\n<\/tr>\n<tr>\n<td valign=\"center\" width=\"266\">\n<h4>Cinza<\/h4>\n<\/td>\n<td valign=\"center\" width=\"300\">\n<h4>0,10%max<\/h4>\n<\/td>\n<\/tr>\n<tr>\n<td valign=\"center\" width=\"266\">\n<h4>Ensaio (GC)<\/h4>\n<\/td>\n<td valign=\"center\" width=\"300\">\n<h4>99,0%min<\/h4>\n<\/td>\n<\/tr>\n<tr>\n<td valign=\"center\" width=\"266\">\n<h4>Ponto de fus\u00e3o<\/h4>\n<\/td>\n<td valign=\"center\" width=\"300\">\n<h4>70.0~72.0\u2103<\/h4>\n<\/td>\n<\/tr>\n<tr>\n<td valign=\"center\" width=\"266\">\n<h4>Teor de \u00e1gua<\/h4>\n<\/td>\n<td valign=\"center\" width=\"300\">\n<h4>0,50%max<\/h4>\n<\/td>\n<\/tr>\n<tr>\n<td valign=\"center\" width=\"266\">\n<h4>Tolueno insol\u00favel<\/h4>\n<\/td>\n<td valign=\"center\" width=\"300\">\n<h4>0.5%<\/h4>\n<\/td>\n<\/tr>\n<\/tbody>\n<\/table>\n<p>&nbsp;<\/p>\n<p>&nbsp;<\/p>\n<h2><strong>Uso do 4-Hydroxy TEMPO<\/strong><\/h2>\n<h4>1. O inibidor 701 tem um bom efeito inibit\u00f3rio sobre acrilatos, metacrilatos, \u00e1cido acr\u00edlico, acrilonitrila, estireno e butadieno.<\/h4>\n<h4>2. Seu desempenho de inibi\u00e7\u00e3o de polimeriza\u00e7\u00e3o \u00e9 melhor do que o de fen\u00f3is, aminas arom\u00e1ticas, \u00e9teres, quinonas e compostos nitro e outros inibidores de polimeriza\u00e7\u00e3o, podendo substituir a hidroquinona, e seu efeito de inibi\u00e7\u00e3o de polimeriza\u00e7\u00e3o \u00e9 cerca de 4 vezes maior do que o da hidroquinona.<\/h4>\n<h4>3. O inibidor 701 \u00e9 usado para evitar a autopolimeriza\u00e7\u00e3o de mon\u00f4meros de olefinas durante a produ\u00e7\u00e3o, a separa\u00e7\u00e3o, o refino, o armazenamento ou o transporte, e para controlar e ajustar o grau de polimeriza\u00e7\u00e3o de olefinas e seus derivados.<\/h4>\n<h4>4. O inibidor de polimeriza\u00e7\u00e3o 701 \u00e9 usado como um marcador de spin para estudar compostos biol\u00f3gicos e pol\u00edmeros; um reagente de marca\u00e7\u00e3o de spin \u00e9 usado para identificar os locais de liga\u00e7\u00e3o dos antagonistas e agonistas do receptor NK1 e tamb\u00e9m pode ser usado para o m\u00e9todo de espectroscopia de resson\u00e2ncia de spin de el\u00e9trons para determinar a produ\u00e7\u00e3o de esp\u00e9cies reativas de oxig\u00eanio no mioc\u00e1rdio;<\/h4>\n<h4>5. O TEMPOL pode proteger as c\u00e9lulas que superexpressam o CYP2E1 contra os danos t\u00f3xicos do \u00e1cido araquid\u00f4nico; pode ser usado para preparar derivados de TEMPO marcados com fl\u00faor a partir do \u00e9ter propin\u00edlico derivatizado de TEMPO e subsequente rea\u00e7\u00e3o de \"clique\" com fluoroazida;<\/h4>\n<h4>6. O inibidor 701 \u00e9 usado como um catalisador de alta efici\u00eancia na rea\u00e7\u00e3o de oxida\u00e7\u00e3o do \u00e1lcool com o agente alvejante<\/h4>\n<p>&nbsp;<\/p>\n<h2><strong>Pacote 4-Hydroxy TEMPO<\/strong><\/h2>\n<h4>Tambor de fibra com saco de filme de polietileno de alta press\u00e3o dentro de 25 kg\/tambor, tamb\u00e9m pode ser embalado de acordo com o contrato do cliente.<\/h4>\n<p>&nbsp;<\/p>\n<h2><strong>Armazenamento de 4-hidroxi TEMPO<\/strong><\/h2>\n<h4>\u00c9 f\u00e1cil de absorver umidade. Precisa ser armazenado em condi\u00e7\u00f5es herm\u00e9ticas e secas. Deve ser mantido intacto e armazenado em um dep\u00f3sito ventilado e organizado para evitar que seja armazenado com outros produtos qu\u00edmicos \u00e1cidos.<\/h4>\n<p>&nbsp;<\/p>\n<h2><strong><b>Entre em contato conosco agora!<\/b><\/strong><\/h2>\n<h4><strong><b>Se precisar de COA, MSDS ou TDS, preencha suas informa\u00e7\u00f5es de contato no formul\u00e1rio abaixo. Normalmente, entraremos em contato em at\u00e9 24 horas.<\/b><\/strong><strong><b>\u00a0Voc\u00ea tamb\u00e9m pode me enviar um e-mail <span style=\"color: #3366ff;\"><a style=\"color: #3366ff;\" href=\"mailto:info@longchangchemical.com\">info@longchangchemical.com<\/a><\/span> durante o hor\u00e1rio comercial (das 8h30 \u00e0s 18h UTC+8 de segunda a s\u00e1bado) ou use o bate-papo ao vivo do site para obter uma resposta imediata.<\/b><\/strong><\/h4>","protected":false},"excerpt":{"rendered":"<h4>Nome do produto:4-Hydroxy TEMPO<\/h4>\n<h4>CASNo.: 2226-96-2<\/h4>\n<h4>F\u00f3rmula molecular:C9H18NO2<\/h4>\n<h4>Peso molecular: 172,24<\/h4>\n<h4>Estrutura qu\u00edmica:<img decoding=\"async\" title=\"Estrutura do 4-hidroxi TEMPO\" src=\"https:\/\/www.longchangchemical.com\/wp-content\/uploads\/product-details\/20200616326347.png\" alt=\"Estrutura do 4-hidroxi TEMPO\" width=\"108\" height=\"77\" border=\"0\" vspace=\"0\" \/><\/h4>\n<h4>Apar\u00eancia: Flocos laranja-escuros<\/h4>\n<h4>Ensaio: 99,8%<\/h4>\n<h4>Propriedades: Sol\u00favel em etanol, benzeno e outros solventes org\u00e2nicos, sol\u00favel em \u00e1gua.<\/h4>","protected":false},"featured_media":4736,"comment_status":"open","ping_status":"closed","template":"","meta":[],"product_brand":[],"product_cat":[186],"product_tag":[],"class_list":{"0":"post-3538","1":"product","2":"type-product","3":"status-publish","4":"has-post-thumbnail","6":"product_cat-polymerization-inhibitor","8":"first","9":"instock","10":"shipping-taxable","11":"product-type-simple"},"yoast_head":"<!-- This site is optimized with the Yoast SEO plugin v25.3.1 - https:\/\/yoast.com\/wordpress\/plugins\/seo\/ -->\n<title>China Polymerization inhibitor 701 \/ 4-Hydroxy-TEMPO Manufacturer \uff06 Supplier - Longchang chemical Co., Ltd.<\/title>\n<meta name=\"description\" content=\"Longchang Chemical is a leading manufacturer and supplier of 4-Hydroxy-TEMPO in China. Buy 4-Hydroxy-2,2,6,6-tetramethyl-piperidinooxy in china. We can provide the best 4-Hydroxy-TEMPO price.\" \/>\n<meta name=\"robots\" content=\"index, follow, max-snippet:-1, max-image-preview:large, max-video-preview:-1\" \/>\n<link rel=\"canonical\" href=\"https:\/\/longchangchemical.com\/pt\/product\/4-hydroxy-tempo-cas-2226-96-2\/\" \/>\n<meta property=\"og:locale\" content=\"pt_BR\" \/>\n<meta property=\"og:type\" content=\"article\" \/>\n<meta property=\"og:title\" content=\"China Polymerization inhibitor 701 \/ 4-Hydroxy-TEMPO Manufacturer \uff06 Supplier - Longchang chemical Co., Ltd.\" \/>\n<meta property=\"og:description\" content=\"Longchang Chemical is a leading manufacturer and supplier of 4-Hydroxy-TEMPO in China. Buy 4-Hydroxy-2,2,6,6-tetramethyl-piperidinooxy in china. We can provide the best 4-Hydroxy-TEMPO price.\" \/>\n<meta property=\"og:url\" content=\"https:\/\/longchangchemical.com\/pt\/product\/4-hydroxy-tempo-cas-2226-96-2\/\" \/>\n<meta property=\"og:site_name\" content=\"Longchang Chemical\" \/>\n<meta property=\"article:modified_time\" content=\"2025-04-01T07:40:27+00:00\" \/>\n<meta property=\"og:image\" content=\"https:\/\/longchangchemical.com\/wp-content\/uploads\/2021\/02\/4-Hydroxy-tempo-Appearance.jpg\" \/>\n\t<meta property=\"og:image:width\" content=\"600\" \/>\n\t<meta property=\"og:image:height\" content=\"800\" \/>\n\t<meta property=\"og:image:type\" content=\"image\/jpeg\" \/>\n<meta name=\"twitter:card\" content=\"summary_large_image\" \/>\n<script type=\"application\/ld+json\" class=\"yoast-schema-graph\">{\"@context\":\"https:\/\/schema.org\",\"@graph\":[{\"@type\":\"WebPage\",\"@id\":\"https:\/\/longchangchemical.com\/product\/4-hydroxy-tempo-cas-2226-96-2\/\",\"url\":\"https:\/\/longchangchemical.com\/product\/4-hydroxy-tempo-cas-2226-96-2\/\",\"name\":\"China Polymerization inhibitor 701 \/ 4-Hydroxy-TEMPO Manufacturer \uff06 Supplier - Longchang chemical Co., Ltd.\",\"isPartOf\":{\"@id\":\"https:\/\/longchangchemical.com\/#website\"},\"primaryImageOfPage\":{\"@id\":\"https:\/\/longchangchemical.com\/product\/4-hydroxy-tempo-cas-2226-96-2\/#primaryimage\"},\"image\":{\"@id\":\"https:\/\/longchangchemical.com\/product\/4-hydroxy-tempo-cas-2226-96-2\/#primaryimage\"},\"thumbnailUrl\":\"https:\/\/longchangchemical.com\/wp-content\/uploads\/2021\/02\/4-Hydroxy-tempo-Appearance.jpg\",\"datePublished\":\"2021-02-07T13:21:35+00:00\",\"dateModified\":\"2025-04-01T07:40:27+00:00\",\"description\":\"Longchang Chemical is a leading manufacturer and supplier of 4-Hydroxy-TEMPO in China. Buy 4-Hydroxy-2,2,6,6-tetramethyl-piperidinooxy in china. We can provide the best 4-Hydroxy-TEMPO price.\",\"breadcrumb\":{\"@id\":\"https:\/\/longchangchemical.com\/product\/4-hydroxy-tempo-cas-2226-96-2\/#breadcrumb\"},\"inLanguage\":\"pt-BR\",\"potentialAction\":[{\"@type\":\"ReadAction\",\"target\":[\"https:\/\/longchangchemical.com\/product\/4-hydroxy-tempo-cas-2226-96-2\/\"]}]},{\"@type\":\"ImageObject\",\"inLanguage\":\"pt-BR\",\"@id\":\"https:\/\/longchangchemical.com\/product\/4-hydroxy-tempo-cas-2226-96-2\/#primaryimage\",\"url\":\"https:\/\/longchangchemical.com\/wp-content\/uploads\/2021\/02\/4-Hydroxy-tempo-Appearance.jpg\",\"contentUrl\":\"https:\/\/longchangchemical.com\/wp-content\/uploads\/2021\/02\/4-Hydroxy-tempo-Appearance.jpg\",\"width\":600,\"height\":800},{\"@type\":\"BreadcrumbList\",\"@id\":\"https:\/\/longchangchemical.com\/product\/4-hydroxy-tempo-cas-2226-96-2\/#breadcrumb\",\"itemListElement\":[{\"@type\":\"ListItem\",\"position\":1,\"name\":\"Home\",\"item\":\"https:\/\/longchangchemical.com\/\"},{\"@type\":\"ListItem\",\"position\":2,\"name\":\"Products Longchang\",\"item\":\"https:\/\/longchangchemical.com\/product\/\"},{\"@type\":\"ListItem\",\"position\":3,\"name\":\"CHLUMINIT\u00ae 701 \/ Polymerization inhibitor 701 \/ 4-Hydroxy-tempo CAS 2226-96-2\"}]},{\"@type\":\"WebSite\",\"@id\":\"https:\/\/longchangchemical.com\/#website\",\"url\":\"https:\/\/longchangchemical.com\/\",\"name\":\"Longchang Chemical\",\"description\":\"China chemical manufacturer \uff06 supplier\",\"publisher\":{\"@id\":\"https:\/\/longchangchemical.com\/#organization\"},\"potentialAction\":[{\"@type\":\"SearchAction\",\"target\":{\"@type\":\"EntryPoint\",\"urlTemplate\":\"https:\/\/longchangchemical.com\/?s={search_term_string}\"},\"query-input\":{\"@type\":\"PropertyValueSpecification\",\"valueRequired\":true,\"valueName\":\"search_term_string\"}}],\"inLanguage\":\"pt-BR\"},{\"@type\":\"Organization\",\"@id\":\"https:\/\/longchangchemical.com\/#organization\",\"name\":\"Longchang Chemical\",\"url\":\"https:\/\/longchangchemical.com\/\",\"logo\":{\"@type\":\"ImageObject\",\"inLanguage\":\"pt-BR\",\"@id\":\"https:\/\/longchangchemical.com\/#\/schema\/logo\/image\/\",\"url\":\"https:\/\/longchangchemical.com\/wp-content\/uploads\/2020\/08\/cropped-longchang-logo.png\",\"contentUrl\":\"https:\/\/longchangchemical.com\/wp-content\/uploads\/2020\/08\/cropped-longchang-logo.png\",\"width\":512,\"height\":512,\"caption\":\"Longchang Chemical\"},\"image\":{\"@id\":\"https:\/\/longchangchemical.com\/#\/schema\/logo\/image\/\"}}]}<\/script>\n<!-- \/ Yoast SEO plugin. -->","yoast_head_json":{"title":"China Inibidor de polimeriza\u00e7\u00e3o 701 \/ 4-Hidroxi-TEMPO Fabricante \uff06 Fornecedor - Longchang chemical Co., Ltd.","description":"A Longchang Chemical \u00e9 um fabricante e fornecedor l\u00edder de 4-Hydroxy-TEMPO na China. Compre 4-Hydroxy-2,2,6,6-tetramethyl-piperidinooxy na China. Podemos oferecer o melhor pre\u00e7o de 4-Hydroxy-TEMPO.","robots":{"index":"index","follow":"follow","max-snippet":"max-snippet:-1","max-image-preview":"max-image-preview:large","max-video-preview":"max-video-preview:-1"},"canonical":"https:\/\/longchangchemical.com\/pt\/product\/4-hydroxy-tempo-cas-2226-96-2\/","og_locale":"pt_BR","og_type":"article","og_title":"China Polymerization inhibitor 701 \/ 4-Hydroxy-TEMPO Manufacturer \uff06 Supplier - Longchang chemical Co., Ltd.","og_description":"Longchang Chemical is a leading manufacturer and supplier of 4-Hydroxy-TEMPO in China. Buy 4-Hydroxy-2,2,6,6-tetramethyl-piperidinooxy in china. We can provide the best 4-Hydroxy-TEMPO price.","og_url":"https:\/\/longchangchemical.com\/pt\/product\/4-hydroxy-tempo-cas-2226-96-2\/","og_site_name":"Longchang Chemical","article_modified_time":"2025-04-01T07:40:27+00:00","og_image":[{"width":600,"height":800,"url":"https:\/\/longchangchemical.com\/wp-content\/uploads\/2021\/02\/4-Hydroxy-tempo-Appearance.jpg","type":"image\/jpeg"}],"twitter_card":"summary_large_image","schema":{"@context":"https:\/\/schema.org","@graph":[{"@type":"WebPage","@id":"https:\/\/longchangchemical.com\/product\/4-hydroxy-tempo-cas-2226-96-2\/","url":"https:\/\/longchangchemical.com\/product\/4-hydroxy-tempo-cas-2226-96-2\/","name":"China Inibidor de polimeriza\u00e7\u00e3o 701 \/ 4-Hidroxi-TEMPO Fabricante \uff06 Fornecedor - Longchang chemical Co., Ltd.","isPartOf":{"@id":"https:\/\/longchangchemical.com\/#website"},"primaryImageOfPage":{"@id":"https:\/\/longchangchemical.com\/product\/4-hydroxy-tempo-cas-2226-96-2\/#primaryimage"},"image":{"@id":"https:\/\/longchangchemical.com\/product\/4-hydroxy-tempo-cas-2226-96-2\/#primaryimage"},"thumbnailUrl":"https:\/\/longchangchemical.com\/wp-content\/uploads\/2021\/02\/4-Hydroxy-tempo-Appearance.jpg","datePublished":"2021-02-07T13:21:35+00:00","dateModified":"2025-04-01T07:40:27+00:00","description":"A Longchang Chemical \u00e9 um fabricante e fornecedor l\u00edder de 4-Hydroxy-TEMPO na China. Compre 4-Hydroxy-2,2,6,6-tetramethyl-piperidinooxy na China. Podemos oferecer o melhor pre\u00e7o de 4-Hydroxy-TEMPO.","breadcrumb":{"@id":"https:\/\/longchangchemical.com\/product\/4-hydroxy-tempo-cas-2226-96-2\/#breadcrumb"},"inLanguage":"pt-BR","potentialAction":[{"@type":"ReadAction","target":["https:\/\/longchangchemical.com\/product\/4-hydroxy-tempo-cas-2226-96-2\/"]}]},{"@type":"ImageObject","inLanguage":"pt-BR","@id":"https:\/\/longchangchemical.com\/product\/4-hydroxy-tempo-cas-2226-96-2\/#primaryimage","url":"https:\/\/longchangchemical.com\/wp-content\/uploads\/2021\/02\/4-Hydroxy-tempo-Appearance.jpg","contentUrl":"https:\/\/longchangchemical.com\/wp-content\/uploads\/2021\/02\/4-Hydroxy-tempo-Appearance.jpg","width":600,"height":800},{"@type":"BreadcrumbList","@id":"https:\/\/longchangchemical.com\/product\/4-hydroxy-tempo-cas-2226-96-2\/#breadcrumb","itemListElement":[{"@type":"ListItem","position":1,"name":"Home","item":"https:\/\/longchangchemical.com\/"},{"@type":"ListItem","position":2,"name":"Products Longchang","item":"https:\/\/longchangchemical.com\/product\/"},{"@type":"ListItem","position":3,"name":"CHLUMINIT\u00ae 701 \/ Polymerization inhibitor 701 \/ 4-Hydroxy-tempo CAS 2226-96-2"}]},{"@type":"WebSite","@id":"https:\/\/longchangchemical.com\/#website","url":"https:\/\/longchangchemical.com\/","name":"Qu\u00edmica Longchang","description":"Fabricante de produtos qu\u00edmicos na China \uff06 fornecedor","publisher":{"@id":"https:\/\/longchangchemical.com\/#organization"},"potentialAction":[{"@type":"SearchAction","target":{"@type":"EntryPoint","urlTemplate":"https:\/\/longchangchemical.com\/?s={search_term_string}"},"query-input":{"@type":"PropertyValueSpecification","valueRequired":true,"valueName":"search_term_string"}}],"inLanguage":"pt-BR"},{"@type":"Organization","@id":"https:\/\/longchangchemical.com\/#organization","name":"Qu\u00edmica Longchang","url":"https:\/\/longchangchemical.com\/","logo":{"@type":"ImageObject","inLanguage":"pt-BR","@id":"https:\/\/longchangchemical.com\/#\/schema\/logo\/image\/","url":"https:\/\/longchangchemical.com\/wp-content\/uploads\/2020\/08\/cropped-longchang-logo.png","contentUrl":"https:\/\/longchangchemical.com\/wp-content\/uploads\/2020\/08\/cropped-longchang-logo.png","width":512,"height":512,"caption":"Longchang Chemical"},"image":{"@id":"https:\/\/longchangchemical.com\/#\/schema\/logo\/image\/"}}]}},"_links":{"self":[{"href":"https:\/\/longchangchemical.com\/pt\/wp-json\/wp\/v2\/product\/3538","targetHints":{"allow":["GET"]}}],"collection":[{"href":"https:\/\/longchangchemical.com\/pt\/wp-json\/wp\/v2\/product"}],"about":[{"href":"https:\/\/longchangchemical.com\/pt\/wp-json\/wp\/v2\/types\/product"}],"replies":[{"embeddable":true,"href":"https:\/\/longchangchemical.com\/pt\/wp-json\/wp\/v2\/comments?post=3538"}],"wp:featuredmedia":[{"embeddable":true,"href":"https:\/\/longchangchemical.com\/pt\/wp-json\/wp\/v2\/media\/4736"}],"wp:attachment":[{"href":"https:\/\/longchangchemical.com\/pt\/wp-json\/wp\/v2\/media?parent=3538"}],"wp:term":[{"taxonomy":"product_brand","embeddable":true,"href":"https:\/\/longchangchemical.com\/pt\/wp-json\/wp\/v2\/product_brand?post=3538"},{"taxonomy":"product_cat","embeddable":true,"href":"https:\/\/longchangchemical.com\/pt\/wp-json\/wp\/v2\/product_cat?post=3538"},{"taxonomy":"product_tag","embeddable":true,"href":"https:\/\/longchangchemical.com\/pt\/wp-json\/wp\/v2\/product_tag?post=3538"}],"curies":[{"name":"wp","href":"https:\/\/api.w.org\/{rel}","templated":true}]}}