{"id":3514,"date":"2021-01-21T12:22:49","date_gmt":"2021-01-21T12:22:49","guid":{"rendered":"https:\/\/longchangchemical.com\/?post_type=product&#038;p=3514"},"modified":"2025-12-23T06:19:56","modified_gmt":"2025-12-23T06:19:56","slug":"cysteamine-hydrochloride-cas-156-57-0","status":"publish","type":"product","link":"https:\/\/longchangchemical.com\/pt\/product\/cysteamine-hydrochloride-cas-156-57-0\/","title":{"rendered":"cloridrato de cisteamina CAS 156-57-0"},"content":{"rendered":"<h1><strong>cloridrato de cisteamina CAS 156-57-0<\/strong><\/h1>\n<p>&nbsp;<\/p>\n<table class=\"table-1\">\n<tbody>\n<tr>\n<td colspan=\"3\" rowspan=\"3\">\n<h4>Item<\/h4>\n<\/td>\n<td colspan=\"2\">\n<h4>Valor<\/h4>\n<\/td>\n<\/tr>\n<tr>\n<td colspan=\"2\"><\/td>\n<\/tr>\n<tr>\n<td>\n<h4>P\u00f3 s\u00f3lido<\/h4>\n<\/td>\n<td>\n<h4>Solu\u00e7\u00e3o 75%<\/h4>\n<\/td>\n<\/tr>\n<tr>\n<td colspan=\"3\">\n<h4>Apar\u00eancia<\/h4>\n<\/td>\n<td>\n<h4>p\u00f3 cristalino branco<\/h4>\n<\/td>\n<td>\n<h4>l\u00edquido incolor e transparente<\/h4>\n<\/td>\n<\/tr>\n<tr>\n<td colspan=\"3\">\n<h4>identifica\u00e7\u00e3o<\/h4>\n<\/td>\n<td>\n<h4>rea\u00e7\u00e3o positiva<\/h4>\n<\/td>\n<td>\n<h4>rea\u00e7\u00e3o positiva<\/h4>\n<\/td>\n<\/tr>\n<tr>\n<td rowspan=\"7\">\n<h4>Pureza<\/h4>\n<\/td>\n<td>\n<h4>Ponto de fus\u00e3o<\/h4>\n<\/td>\n<td colspan=\"2\">\n<h4>65.0-70.0\u00b0C<\/h4>\n<\/td>\n<td>\n<h4>N\/A<\/h4>\n<\/td>\n<\/tr>\n<tr>\n<td>\n<h4>PH<\/h4>\n<\/td>\n<td colspan=\"2\">\n<h4>3.3-5.0<\/h4>\n<\/td>\n<td>\n<h4>4.0-5.0<\/h4>\n<\/td>\n<\/tr>\n<tr>\n<td>\n<h4>Perda no seco<\/h4>\n<\/td>\n<td colspan=\"2\">\n<h4>n\u00e3o \u00e9 superior a 0,5%<\/h4>\n<\/td>\n<td>\n<h4>N\/A<\/h4>\n<\/td>\n<\/tr>\n<tr>\n<td>\n<h4>Carne pesada<\/h4>\n<\/td>\n<td colspan=\"2\">\n<h4>n\u00e3o \u00e9 superior a 0,002%<\/h4>\n<\/td>\n<td>\n<h4>n\u00e3o \u00e9 superior a 0,002%<\/h4>\n<\/td>\n<\/tr>\n<tr>\n<td>\n<h4>Sal f\u00e9rrico<\/h4>\n<\/td>\n<td colspan=\"2\">\n<h4>n\u00e3o \u00e9 superior a 1ppm<\/h4>\n<\/td>\n<td>\n<h4>n\u00e3o \u00e9 superior a 1ppm<\/h4>\n<\/td>\n<\/tr>\n<tr>\n<td>\n<h4>Sulfato<\/h4>\n<\/td>\n<td colspan=\"2\">\n<h4>n\u00e3o \u00e9 superior a 0,01%<\/h4>\n<\/td>\n<td>\n<h4>n\u00e3o \u00e9 superior a 0,01%<\/h4>\n<\/td>\n<\/tr>\n<tr>\n<td>\n<h4>Res\u00edduo na igni\u00e7\u00e3o<\/h4>\n<\/td>\n<td colspan=\"2\">\n<h4>n\u00e3o \u00e9 superior a 0,1%<\/h4>\n<\/td>\n<td>\n<h4>N\/A<\/h4>\n<\/td>\n<\/tr>\n<tr>\n<td colspan=\"3\">\n<h4>Ensaio<\/h4>\n<\/td>\n<td>\n<h4>o ensaio de C2H7NS-HCl<\/h4>\n<h4>n\u00e3o deve ser inferior a 99,0%<\/h4>\n<\/td>\n<td>\n<h4>o ensaio de C2H7NS-HCl<\/h4>\n<h4>n\u00e3o deve ser inferior a 75,0%<\/h4>\n<\/td>\n<\/tr>\n<\/tbody>\n<\/table>\n<p>&nbsp;<\/p>\n<h2><strong>Cloridrato de cisteamina <\/strong><strong>Uso<\/strong><\/h2>\n<h4><span class=\"JLqJ4b ChMk0b\" data-language-for-alternatives=\"en\" data-language-to-translate-into=\"auto\" data-phrase-index=\"0\">1. Usado na ind\u00fastria aliment\u00edcia como agente azedo, agente de reten\u00e7\u00e3o de cor, conservante e estabilizador de emulsifica\u00e7\u00e3o para gema de ovo, etc.<\/span><\/h4>\n<h4><span class=\"JLqJ4b ChMk0b\" data-language-for-alternatives=\"en\" data-language-to-translate-into=\"auto\" data-phrase-index=\"2\">2. Usado no setor farmac\u00eautico para pesquisa bioqu\u00edmica, preven\u00e7\u00e3o e tratamento de doen\u00e7as causadas por radia\u00e7\u00e3o, bem como reagentes bioqu\u00edmicos, agentes complexantes para \u00edons de metais pesados, etc.<\/span><\/h4>\n<h4><span class=\"JLqJ4b ChMk0b\" data-language-for-alternatives=\"en\" data-language-to-translate-into=\"auto\" data-phrase-index=\"4\">3. No setor farmac\u00eautico, \u00e9 um intermedi\u00e1rio da ranitidina e da cimetidina, e tamb\u00e9m pode ser usado como ant\u00eddoto para envenenamento por paracetamol.<\/span><\/h4>\n<h4><\/h4>\n<h2><strong>Cloridrato de cisteamina <\/strong><strong>Embalagem<\/strong><\/h2>\n<h4>25 kg (99,0%) em caixa de papel\u00e3o revestida com saco PE de camada dupla, o saco \u00e9 preenchido com nitrog\u00eanio para prote\u00e7\u00e3o.<br \/>\n75% soulition: 200 kg em tambor de pl\u00e1stico e o tambor \u00e9 preenchido com nitrog\u00eanio para prote\u00e7\u00e3o.<\/h4>\n<p>&nbsp;<\/p>\n<h2><strong>Cloridrato de cisteamina <\/strong><strong>Armazenamento<\/strong><\/h2>\n<h4>Ele deve ser armazenado em local seco e fresco, longe de insola\u00e7\u00e3o, umidade e \u00edons met\u00e1licos.<\/h4>\n<p>&nbsp;<\/p>\n<h2><strong><b>Entre em contato conosco agora!<\/b><\/strong><\/h2>\n<h4><strong><b>Se precisar de COA, MSDS ou TDS, preencha suas informa\u00e7\u00f5es de contato no formul\u00e1rio abaixo. Normalmente, entraremos em contato em 24 horas. Voc\u00ea tamb\u00e9m pode me enviar um e-mail <span style=\"color: #0000ff;\"><a style=\"color: #0000ff;\" href=\"mailto:info@longchangchemical.com\">info@longchangchemical.com<\/a><\/span> durante o hor\u00e1rio comercial (das 8h30 \u00e0s 18h UTC+8 de segunda a s\u00e1bado) ou use o bate-papo ao vivo do site para obter uma resposta imediata.<\/b><\/strong><\/h4>","protected":false},"excerpt":{"rendered":"<p>Nome qu\u00edmico: Cloridrato de cisteamina<\/p>\n<p>N\u00famero CAS: 156-57-0<\/p>\n<p>F\u00f3rmula molecular: C2H8ClNS<\/p>\n<p>Estrutura qu\u00edmica:<img decoding=\"async\" title=\"image.png\" src=\"https:\/\/www.longchangchemical.com\/wp-content\/uploads\/product-details\/20200617304300.png\" alt=\"image.png\" \/><\/p>\n<p>Peso molecular: 113,61<\/p>\n<p>Apar\u00eancia: P\u00f3 cristalino branco (s\u00f3lido) l\u00edquido incolor e transparente (l\u00edquido)<\/p>\n<p>Ensaio: 99% (s\u00f3lido) , 75% solu\u00e7\u00e3o (l\u00edquido)<\/p>","protected":false},"featured_media":4302,"comment_status":"open","ping_status":"closed","template":"","meta":[],"product_brand":[],"product_cat":[69],"product_tag":[],"class_list":{"0":"post-3514","1":"product","2":"type-product","3":"status-publish","4":"has-post-thumbnail","6":"product_cat-catalysts-chemical-auxiliary-agents","8":"first","9":"instock","10":"shipping-taxable","11":"product-type-simple"},"yoast_head":"<!-- This site is optimized with the Yoast SEO plugin v25.3.1 - https:\/\/yoast.com\/wordpress\/plugins\/seo\/ -->\n<title>China Cysteamine hydrochloride Manufacturer \uff06 Supplier - Longchang chemical Co., Ltd.<\/title>\n<meta name=\"description\" content=\"Longchang Chemical is a leading manufacturer and supplier of Cysteamine hydrochloride in China. Buy Cysteamine hydrochloride in china. We can provide the best Cysteamine hydrochloride price.\" \/>\n<meta name=\"robots\" content=\"index, follow, max-snippet:-1, max-image-preview:large, max-video-preview:-1\" \/>\n<link rel=\"canonical\" href=\"https:\/\/longchangchemical.com\/pt\/product\/cysteamine-hydrochloride-cas-156-57-0\/\" \/>\n<meta property=\"og:locale\" content=\"pt_BR\" \/>\n<meta property=\"og:type\" content=\"article\" \/>\n<meta property=\"og:title\" content=\"China Cysteamine hydrochloride Manufacturer \uff06 Supplier - Longchang chemical Co., Ltd.\" \/>\n<meta property=\"og:description\" content=\"Longchang Chemical is a leading manufacturer and supplier of Cysteamine hydrochloride in China. Buy Cysteamine hydrochloride in china. We can provide the best Cysteamine hydrochloride price.\" \/>\n<meta property=\"og:url\" content=\"https:\/\/longchangchemical.com\/pt\/product\/cysteamine-hydrochloride-cas-156-57-0\/\" \/>\n<meta property=\"og:site_name\" content=\"Longchang Chemical\" \/>\n<meta property=\"article:modified_time\" content=\"2025-12-23T06:19:56+00:00\" \/>\n<meta property=\"og:image\" content=\"https:\/\/longchangchemical.com\/wp-content\/uploads\/2021\/01\/Appearance-5.jpg\" \/>\n\t<meta property=\"og:image:width\" content=\"600\" \/>\n\t<meta property=\"og:image:height\" content=\"800\" \/>\n\t<meta property=\"og:image:type\" content=\"image\/jpeg\" \/>\n<meta name=\"twitter:card\" content=\"summary_large_image\" \/>\n<script type=\"application\/ld+json\" class=\"yoast-schema-graph\">{\"@context\":\"https:\/\/schema.org\",\"@graph\":[{\"@type\":\"WebPage\",\"@id\":\"https:\/\/longchangchemical.com\/product\/cysteamine-hydrochloride-cas-156-57-0\/\",\"url\":\"https:\/\/longchangchemical.com\/product\/cysteamine-hydrochloride-cas-156-57-0\/\",\"name\":\"China Cysteamine hydrochloride Manufacturer \uff06 Supplier - Longchang chemical Co., Ltd.\",\"isPartOf\":{\"@id\":\"https:\/\/longchangchemical.com\/#website\"},\"primaryImageOfPage\":{\"@id\":\"https:\/\/longchangchemical.com\/product\/cysteamine-hydrochloride-cas-156-57-0\/#primaryimage\"},\"image\":{\"@id\":\"https:\/\/longchangchemical.com\/product\/cysteamine-hydrochloride-cas-156-57-0\/#primaryimage\"},\"thumbnailUrl\":\"https:\/\/longchangchemical.com\/wp-content\/uploads\/2021\/01\/Appearance-5.jpg\",\"datePublished\":\"2021-01-21T12:22:49+00:00\",\"dateModified\":\"2025-12-23T06:19:56+00:00\",\"description\":\"Longchang Chemical is a leading manufacturer and supplier of Cysteamine hydrochloride in China. Buy Cysteamine hydrochloride in china. We can provide the best Cysteamine hydrochloride price.\",\"breadcrumb\":{\"@id\":\"https:\/\/longchangchemical.com\/product\/cysteamine-hydrochloride-cas-156-57-0\/#breadcrumb\"},\"inLanguage\":\"pt-BR\",\"potentialAction\":[{\"@type\":\"ReadAction\",\"target\":[\"https:\/\/longchangchemical.com\/product\/cysteamine-hydrochloride-cas-156-57-0\/\"]}]},{\"@type\":\"ImageObject\",\"inLanguage\":\"pt-BR\",\"@id\":\"https:\/\/longchangchemical.com\/product\/cysteamine-hydrochloride-cas-156-57-0\/#primaryimage\",\"url\":\"https:\/\/longchangchemical.com\/wp-content\/uploads\/2021\/01\/Appearance-5.jpg\",\"contentUrl\":\"https:\/\/longchangchemical.com\/wp-content\/uploads\/2021\/01\/Appearance-5.jpg\",\"width\":600,\"height\":800,\"caption\":\"Cysteamine hydrochloride Appearance\"},{\"@type\":\"BreadcrumbList\",\"@id\":\"https:\/\/longchangchemical.com\/product\/cysteamine-hydrochloride-cas-156-57-0\/#breadcrumb\",\"itemListElement\":[{\"@type\":\"ListItem\",\"position\":1,\"name\":\"Home\",\"item\":\"https:\/\/longchangchemical.com\/\"},{\"@type\":\"ListItem\",\"position\":2,\"name\":\"Products Longchang\",\"item\":\"https:\/\/longchangchemical.com\/product\/\"},{\"@type\":\"ListItem\",\"position\":3,\"name\":\"cysteamine hydrochloride CAS 156-57-0\"}]},{\"@type\":\"WebSite\",\"@id\":\"https:\/\/longchangchemical.com\/#website\",\"url\":\"https:\/\/longchangchemical.com\/\",\"name\":\"Longchang Chemical\",\"description\":\"China chemical manufacturer \uff06 supplier\",\"publisher\":{\"@id\":\"https:\/\/longchangchemical.com\/#organization\"},\"potentialAction\":[{\"@type\":\"SearchAction\",\"target\":{\"@type\":\"EntryPoint\",\"urlTemplate\":\"https:\/\/longchangchemical.com\/?s={search_term_string}\"},\"query-input\":{\"@type\":\"PropertyValueSpecification\",\"valueRequired\":true,\"valueName\":\"search_term_string\"}}],\"inLanguage\":\"pt-BR\"},{\"@type\":\"Organization\",\"@id\":\"https:\/\/longchangchemical.com\/#organization\",\"name\":\"Longchang Chemical\",\"url\":\"https:\/\/longchangchemical.com\/\",\"logo\":{\"@type\":\"ImageObject\",\"inLanguage\":\"pt-BR\",\"@id\":\"https:\/\/longchangchemical.com\/#\/schema\/logo\/image\/\",\"url\":\"https:\/\/longchangchemical.com\/wp-content\/uploads\/2020\/08\/cropped-longchang-logo.png\",\"contentUrl\":\"https:\/\/longchangchemical.com\/wp-content\/uploads\/2020\/08\/cropped-longchang-logo.png\",\"width\":512,\"height\":512,\"caption\":\"Longchang Chemical\"},\"image\":{\"@id\":\"https:\/\/longchangchemical.com\/#\/schema\/logo\/image\/\"}}]}<\/script>\n<!-- \/ Yoast SEO plugin. -->","yoast_head_json":{"title":"Fabricante de cloridrato de cisteamina na China \uff06 Fornecedor - Longchang chemical Co., Ltd.","description":"A Longchang Chemical \u00e9 um dos principais fabricantes e fornecedores de cloridrato de cisteamina na China. Compre cloridrato de cisteamina na China. Podemos fornecer o melhor pre\u00e7o de cloridrato de cisteamina.","robots":{"index":"index","follow":"follow","max-snippet":"max-snippet:-1","max-image-preview":"max-image-preview:large","max-video-preview":"max-video-preview:-1"},"canonical":"https:\/\/longchangchemical.com\/pt\/product\/cysteamine-hydrochloride-cas-156-57-0\/","og_locale":"pt_BR","og_type":"article","og_title":"China Cysteamine hydrochloride Manufacturer \uff06 Supplier - Longchang chemical Co., Ltd.","og_description":"Longchang Chemical is a leading manufacturer and supplier of Cysteamine hydrochloride in China. Buy Cysteamine hydrochloride in china. We can provide the best Cysteamine hydrochloride price.","og_url":"https:\/\/longchangchemical.com\/pt\/product\/cysteamine-hydrochloride-cas-156-57-0\/","og_site_name":"Longchang Chemical","article_modified_time":"2025-12-23T06:19:56+00:00","og_image":[{"width":600,"height":800,"url":"https:\/\/longchangchemical.com\/wp-content\/uploads\/2021\/01\/Appearance-5.jpg","type":"image\/jpeg"}],"twitter_card":"summary_large_image","schema":{"@context":"https:\/\/schema.org","@graph":[{"@type":"WebPage","@id":"https:\/\/longchangchemical.com\/product\/cysteamine-hydrochloride-cas-156-57-0\/","url":"https:\/\/longchangchemical.com\/product\/cysteamine-hydrochloride-cas-156-57-0\/","name":"Fabricante de cloridrato de cisteamina na China \uff06 Fornecedor - Longchang chemical Co., Ltd.","isPartOf":{"@id":"https:\/\/longchangchemical.com\/#website"},"primaryImageOfPage":{"@id":"https:\/\/longchangchemical.com\/product\/cysteamine-hydrochloride-cas-156-57-0\/#primaryimage"},"image":{"@id":"https:\/\/longchangchemical.com\/product\/cysteamine-hydrochloride-cas-156-57-0\/#primaryimage"},"thumbnailUrl":"https:\/\/longchangchemical.com\/wp-content\/uploads\/2021\/01\/Appearance-5.jpg","datePublished":"2021-01-21T12:22:49+00:00","dateModified":"2025-12-23T06:19:56+00:00","description":"A Longchang Chemical \u00e9 um dos principais fabricantes e fornecedores de cloridrato de cisteamina na China. Compre cloridrato de cisteamina na China. Podemos fornecer o melhor pre\u00e7o de cloridrato de cisteamina.","breadcrumb":{"@id":"https:\/\/longchangchemical.com\/product\/cysteamine-hydrochloride-cas-156-57-0\/#breadcrumb"},"inLanguage":"pt-BR","potentialAction":[{"@type":"ReadAction","target":["https:\/\/longchangchemical.com\/product\/cysteamine-hydrochloride-cas-156-57-0\/"]}]},{"@type":"ImageObject","inLanguage":"pt-BR","@id":"https:\/\/longchangchemical.com\/product\/cysteamine-hydrochloride-cas-156-57-0\/#primaryimage","url":"https:\/\/longchangchemical.com\/wp-content\/uploads\/2021\/01\/Appearance-5.jpg","contentUrl":"https:\/\/longchangchemical.com\/wp-content\/uploads\/2021\/01\/Appearance-5.jpg","width":600,"height":800,"caption":"Cysteamine hydrochloride Appearance"},{"@type":"BreadcrumbList","@id":"https:\/\/longchangchemical.com\/product\/cysteamine-hydrochloride-cas-156-57-0\/#breadcrumb","itemListElement":[{"@type":"ListItem","position":1,"name":"Home","item":"https:\/\/longchangchemical.com\/"},{"@type":"ListItem","position":2,"name":"Products Longchang","item":"https:\/\/longchangchemical.com\/product\/"},{"@type":"ListItem","position":3,"name":"cysteamine hydrochloride CAS 156-57-0"}]},{"@type":"WebSite","@id":"https:\/\/longchangchemical.com\/#website","url":"https:\/\/longchangchemical.com\/","name":"Qu\u00edmica Longchang","description":"Fabricante de produtos qu\u00edmicos na China \uff06 fornecedor","publisher":{"@id":"https:\/\/longchangchemical.com\/#organization"},"potentialAction":[{"@type":"SearchAction","target":{"@type":"EntryPoint","urlTemplate":"https:\/\/longchangchemical.com\/?s={search_term_string}"},"query-input":{"@type":"PropertyValueSpecification","valueRequired":true,"valueName":"search_term_string"}}],"inLanguage":"pt-BR"},{"@type":"Organization","@id":"https:\/\/longchangchemical.com\/#organization","name":"Qu\u00edmica Longchang","url":"https:\/\/longchangchemical.com\/","logo":{"@type":"ImageObject","inLanguage":"pt-BR","@id":"https:\/\/longchangchemical.com\/#\/schema\/logo\/image\/","url":"https:\/\/longchangchemical.com\/wp-content\/uploads\/2020\/08\/cropped-longchang-logo.png","contentUrl":"https:\/\/longchangchemical.com\/wp-content\/uploads\/2020\/08\/cropped-longchang-logo.png","width":512,"height":512,"caption":"Longchang Chemical"},"image":{"@id":"https:\/\/longchangchemical.com\/#\/schema\/logo\/image\/"}}]}},"_links":{"self":[{"href":"https:\/\/longchangchemical.com\/pt\/wp-json\/wp\/v2\/product\/3514","targetHints":{"allow":["GET"]}}],"collection":[{"href":"https:\/\/longchangchemical.com\/pt\/wp-json\/wp\/v2\/product"}],"about":[{"href":"https:\/\/longchangchemical.com\/pt\/wp-json\/wp\/v2\/types\/product"}],"replies":[{"embeddable":true,"href":"https:\/\/longchangchemical.com\/pt\/wp-json\/wp\/v2\/comments?post=3514"}],"wp:featuredmedia":[{"embeddable":true,"href":"https:\/\/longchangchemical.com\/pt\/wp-json\/wp\/v2\/media\/4302"}],"wp:attachment":[{"href":"https:\/\/longchangchemical.com\/pt\/wp-json\/wp\/v2\/media?parent=3514"}],"wp:term":[{"taxonomy":"product_brand","embeddable":true,"href":"https:\/\/longchangchemical.com\/pt\/wp-json\/wp\/v2\/product_brand?post=3514"},{"taxonomy":"product_cat","embeddable":true,"href":"https:\/\/longchangchemical.com\/pt\/wp-json\/wp\/v2\/product_cat?post=3514"},{"taxonomy":"product_tag","embeddable":true,"href":"https:\/\/longchangchemical.com\/pt\/wp-json\/wp\/v2\/product_tag?post=3514"}],"curies":[{"name":"wp","href":"https:\/\/api.w.org\/{rel}","templated":true}]}}