{"id":3513,"date":"2021-01-21T12:14:52","date_gmt":"2021-01-21T12:14:52","guid":{"rendered":"https:\/\/longchangchemical.com\/?post_type=product&#038;p=3513"},"modified":"2025-12-23T06:16:36","modified_gmt":"2025-12-23T06:16:36","slug":"ceramides-cas-100403-19-8","status":"publish","type":"product","link":"https:\/\/longchangchemical.com\/pt\/product\/ceramides-cas-100403-19-8\/","title":{"rendered":"Ceramidas CAS 100403-19-8"},"content":{"rendered":"<h1>Ceramidas CAS 100403-19-8<\/h1>\n<table class=\"table-1\">\n<tbody>\n<tr>\n<td>\n<h4><strong>Itens<\/strong><\/h4>\n<\/td>\n<td>\n<h4><strong>Especifica\u00e7\u00e3o<\/strong><\/h4>\n<\/td>\n<\/tr>\n<tr>\n<td>\n<h4>Apar\u00eancia<\/h4>\n<\/td>\n<td>\n<h4>P\u00f3 branco<\/h4>\n<\/td>\n<\/tr>\n<tr>\n<td>\n<h4>Odor<\/h4>\n<\/td>\n<td>\n<h4>Caracter\u00edstica<\/h4>\n<\/td>\n<\/tr>\n<tr>\n<td>\n<h4>An\u00e1lise de peneira<\/h4>\n<\/td>\n<td>\n<h4>100% pass 60 mesh<\/h4>\n<\/td>\n<\/tr>\n<tr>\n<td>\n<h4>\u00c1gua (KF)<\/h4>\n<\/td>\n<td>\n<h4>\u22645.0%<\/h4>\n<\/td>\n<\/tr>\n<tr>\n<td>\n<h4>Res\u00edduo de igni\u00e7\u00e3o<\/h4>\n<\/td>\n<td>\n<h4>&lt;0,5%<\/h4>\n<\/td>\n<\/tr>\n<tr>\n<td>\n<h4>Metais pesados<\/h4>\n<\/td>\n<td>\n<h4>&lt;20ppm<\/h4>\n<\/td>\n<\/tr>\n<tr>\n<td>\n<h4>Como<\/h4>\n<\/td>\n<td>\n<h4>&lt;2ppm<\/h4>\n<\/td>\n<\/tr>\n<tr>\n<td>\n<h4>Contagem total de placas<\/h4>\n<\/td>\n<td>\n<h4>&lt;1000cfu\/g<\/h4>\n<\/td>\n<\/tr>\n<tr>\n<td>\n<h4>Mofo de levedura<\/h4>\n<\/td>\n<td>\n<h4>&lt;100cfu\/g<\/h4>\n<\/td>\n<\/tr>\n<tr>\n<td>\n<h4>E.Coli<\/h4>\n<\/td>\n<td>\n<h4>Negativo<\/h4>\n<\/td>\n<\/tr>\n<tr>\n<td>\n<h4>Salmonela<\/h4>\n<\/td>\n<td>\n<h4>Negativo<\/h4>\n<\/td>\n<\/tr>\n<tr>\n<td>\n<h4>Ensaio (Ceramida)<\/h4>\n<\/td>\n<td>\n<h4>\u226510%<\/h4>\n<\/td>\n<\/tr>\n<\/tbody>\n<\/table>\n<h2><\/h2>\n<h2><strong>Aplica\u00e7\u00f5es de ceramidas<\/strong><\/h2>\n<h3>1. Cosm\u00e9ticos<\/h3>\n<h4>A ceramida \u00e9 uma nova gera\u00e7\u00e3o de agente hidratante desenvolvida nos \u00faltimos anos.<\/h4>\n<h4>\u00c9 uma subst\u00e2ncia sol\u00favel em lip\u00eddios que constitui a estrutura f\u00edsica do estrato c\u00f3rneo da pele.<\/h4>\n<h4>Ele pode penetrar rapidamente na pele e formar uma estrutura de rede para reter a \u00e1gua.<\/h4>\n<h4>A ceramida diminui com a idade, o que causa pele seca, pele \u00e1spera e outros sintomas anormais. Portanto, a suplementa\u00e7\u00e3o de ceramida \u00e9 a maneira ideal de manter a pele jovem.<\/h4>\n<h4><\/h4>\n<h3>2. Alimentos funcionais<\/h3>\n<h4>A ceramida \u00e9 absorvida no intestino delgado, transferida para o sangue e depois transportada para o corpo.<\/h4>\n<h4>Ele proporciona \u00e0s c\u00e9lulas da pele uma boa recupera\u00e7\u00e3o e regenera\u00e7\u00e3o sem influenciar a bioss\u00edntese de \u00e1cidos neurais do pr\u00f3prio corpo.<\/h4>\n<p>&nbsp;<\/p>\n<h2><strong>Embalagem e remessa de ceramidas<\/strong><\/h2>\n<h4>25 kg\/tambor<\/h4>\n<p>&nbsp;<\/p>\n<h2><strong>Armazenamento de ceramidas<\/strong><\/h2>\n<h4>Armazenado em local fresco e seco, longe de luz e calor fortes.<\/h4>\n<p>&nbsp;<\/p>\n<h2><strong><b>Entre em contato conosco agora!<\/b><\/strong><\/h2>\n<h4><strong><b>Oferecemos servi\u00e7os personalizados e, normalmente, entraremos em contato com voc\u00ea dentro de 24 horas. Voc\u00ea tamb\u00e9m pode me enviar um e-mail para info@longchangchemical.com durante o hor\u00e1rio comercial (das 8h30 \u00e0s 18h UTC+8 de segunda a s\u00e1bado) ou usar o bate-papo ao vivo do site para obter uma resposta r\u00e1pida.<\/b><\/strong><\/h4>","protected":false},"excerpt":{"rendered":"<h4>Nome qu\u00edmico: Ceramidas<\/h4>\n<h4>N\u00famero CAS: 100403-19-8<\/h4>\n<h4>F\u00f3rmula molecular: C24H47NO3<\/h4>\n<h4>Peso molecular: 397,63488<\/h4>\n<h4>Apar\u00eancia: P\u00f3 branco<\/h4>\n<h4>Ensaio: \u226510%<\/h4>","protected":false},"featured_media":4301,"comment_status":"open","ping_status":"closed","template":"","meta":[],"product_brand":[],"product_cat":[103],"product_tag":[],"class_list":{"0":"post-3513","1":"product","2":"type-product","3":"status-publish","4":"has-post-thumbnail","6":"product_cat-cosmetic-additives","8":"first","9":"instock","10":"shipping-taxable","11":"product-type-simple"},"yoast_head":"<!-- This site is optimized with the Yoast SEO plugin v25.3.1 - https:\/\/yoast.com\/wordpress\/plugins\/seo\/ -->\n<title>China Ceramide Manufacturer \uff06 Supplier - Longchang chemical Co., Ltd.<\/title>\n<meta name=\"description\" content=\"Longchang Chemical is a leading manufacturer and supplier of Ceramide in China. Buy Ceramide in china. We can provide the best Ceramide price.\" \/>\n<meta name=\"robots\" content=\"index, follow, max-snippet:-1, max-image-preview:large, max-video-preview:-1\" \/>\n<link rel=\"canonical\" href=\"https:\/\/longchangchemical.com\/pt\/product\/ceramides-cas-100403-19-8\/\" \/>\n<meta property=\"og:locale\" content=\"pt_BR\" \/>\n<meta property=\"og:type\" content=\"article\" \/>\n<meta property=\"og:title\" content=\"China Ceramide Manufacturer \uff06 Supplier - Longchang chemical Co., Ltd.\" \/>\n<meta property=\"og:description\" content=\"Longchang Chemical is a leading manufacturer and supplier of Ceramide in China. Buy Ceramide in china. We can provide the best Ceramide price.\" \/>\n<meta property=\"og:url\" content=\"https:\/\/longchangchemical.com\/pt\/product\/ceramides-cas-100403-19-8\/\" \/>\n<meta property=\"og:site_name\" content=\"Longchang Chemical\" \/>\n<meta property=\"article:modified_time\" content=\"2025-12-23T06:16:36+00:00\" \/>\n<meta property=\"og:image\" content=\"https:\/\/longchangchemical.com\/wp-content\/uploads\/2021\/01\/Ceramides-Appearance.jpg\" \/>\n\t<meta property=\"og:image:width\" content=\"600\" \/>\n\t<meta property=\"og:image:height\" content=\"800\" \/>\n\t<meta property=\"og:image:type\" content=\"image\/jpeg\" \/>\n<meta name=\"twitter:card\" content=\"summary_large_image\" \/>\n<script type=\"application\/ld+json\" class=\"yoast-schema-graph\">{\"@context\":\"https:\/\/schema.org\",\"@graph\":[{\"@type\":\"WebPage\",\"@id\":\"https:\/\/longchangchemical.com\/product\/ceramides-cas-100403-19-8\/\",\"url\":\"https:\/\/longchangchemical.com\/product\/ceramides-cas-100403-19-8\/\",\"name\":\"China Ceramide Manufacturer \uff06 Supplier - Longchang chemical Co., Ltd.\",\"isPartOf\":{\"@id\":\"https:\/\/longchangchemical.com\/#website\"},\"primaryImageOfPage\":{\"@id\":\"https:\/\/longchangchemical.com\/product\/ceramides-cas-100403-19-8\/#primaryimage\"},\"image\":{\"@id\":\"https:\/\/longchangchemical.com\/product\/ceramides-cas-100403-19-8\/#primaryimage\"},\"thumbnailUrl\":\"https:\/\/longchangchemical.com\/wp-content\/uploads\/2021\/01\/Ceramides-Appearance.jpg\",\"datePublished\":\"2021-01-21T12:14:52+00:00\",\"dateModified\":\"2025-12-23T06:16:36+00:00\",\"description\":\"Longchang Chemical is a leading manufacturer and supplier of Ceramide in China. Buy Ceramide in china. We can provide the best Ceramide price.\",\"breadcrumb\":{\"@id\":\"https:\/\/longchangchemical.com\/product\/ceramides-cas-100403-19-8\/#breadcrumb\"},\"inLanguage\":\"pt-BR\",\"potentialAction\":[{\"@type\":\"ReadAction\",\"target\":[\"https:\/\/longchangchemical.com\/product\/ceramides-cas-100403-19-8\/\"]}]},{\"@type\":\"ImageObject\",\"inLanguage\":\"pt-BR\",\"@id\":\"https:\/\/longchangchemical.com\/product\/ceramides-cas-100403-19-8\/#primaryimage\",\"url\":\"https:\/\/longchangchemical.com\/wp-content\/uploads\/2021\/01\/Ceramides-Appearance.jpg\",\"contentUrl\":\"https:\/\/longchangchemical.com\/wp-content\/uploads\/2021\/01\/Ceramides-Appearance.jpg\",\"width\":600,\"height\":800,\"caption\":\"Ceramides Appearance\"},{\"@type\":\"BreadcrumbList\",\"@id\":\"https:\/\/longchangchemical.com\/product\/ceramides-cas-100403-19-8\/#breadcrumb\",\"itemListElement\":[{\"@type\":\"ListItem\",\"position\":1,\"name\":\"Home\",\"item\":\"https:\/\/longchangchemical.com\/\"},{\"@type\":\"ListItem\",\"position\":2,\"name\":\"Products Longchang\",\"item\":\"https:\/\/longchangchemical.com\/product\/\"},{\"@type\":\"ListItem\",\"position\":3,\"name\":\"Ceramides CAS 100403-19-8\"}]},{\"@type\":\"WebSite\",\"@id\":\"https:\/\/longchangchemical.com\/#website\",\"url\":\"https:\/\/longchangchemical.com\/\",\"name\":\"Longchang Chemical\",\"description\":\"China chemical manufacturer \uff06 supplier\",\"publisher\":{\"@id\":\"https:\/\/longchangchemical.com\/#organization\"},\"potentialAction\":[{\"@type\":\"SearchAction\",\"target\":{\"@type\":\"EntryPoint\",\"urlTemplate\":\"https:\/\/longchangchemical.com\/?s={search_term_string}\"},\"query-input\":{\"@type\":\"PropertyValueSpecification\",\"valueRequired\":true,\"valueName\":\"search_term_string\"}}],\"inLanguage\":\"pt-BR\"},{\"@type\":\"Organization\",\"@id\":\"https:\/\/longchangchemical.com\/#organization\",\"name\":\"Longchang Chemical\",\"url\":\"https:\/\/longchangchemical.com\/\",\"logo\":{\"@type\":\"ImageObject\",\"inLanguage\":\"pt-BR\",\"@id\":\"https:\/\/longchangchemical.com\/#\/schema\/logo\/image\/\",\"url\":\"https:\/\/longchangchemical.com\/wp-content\/uploads\/2020\/08\/cropped-longchang-logo.png\",\"contentUrl\":\"https:\/\/longchangchemical.com\/wp-content\/uploads\/2020\/08\/cropped-longchang-logo.png\",\"width\":512,\"height\":512,\"caption\":\"Longchang Chemical\"},\"image\":{\"@id\":\"https:\/\/longchangchemical.com\/#\/schema\/logo\/image\/\"}}]}<\/script>\n<!-- \/ Yoast SEO plugin. -->","yoast_head_json":{"title":"Fabricante de ceramida da China \uff06 Fornecedor - Longchang chemical Co., Ltd.","description":"A Longchang Chemical \u00e9 um dos principais fabricantes e fornecedores de Ceramida na China. Compre Ceramida na China. Podemos oferecer o melhor pre\u00e7o de Ceramida.","robots":{"index":"index","follow":"follow","max-snippet":"max-snippet:-1","max-image-preview":"max-image-preview:large","max-video-preview":"max-video-preview:-1"},"canonical":"https:\/\/longchangchemical.com\/pt\/product\/ceramides-cas-100403-19-8\/","og_locale":"pt_BR","og_type":"article","og_title":"China Ceramide Manufacturer \uff06 Supplier - Longchang chemical Co., Ltd.","og_description":"Longchang Chemical is a leading manufacturer and supplier of Ceramide in China. Buy Ceramide in china. We can provide the best Ceramide price.","og_url":"https:\/\/longchangchemical.com\/pt\/product\/ceramides-cas-100403-19-8\/","og_site_name":"Longchang Chemical","article_modified_time":"2025-12-23T06:16:36+00:00","og_image":[{"width":600,"height":800,"url":"https:\/\/longchangchemical.com\/wp-content\/uploads\/2021\/01\/Ceramides-Appearance.jpg","type":"image\/jpeg"}],"twitter_card":"summary_large_image","schema":{"@context":"https:\/\/schema.org","@graph":[{"@type":"WebPage","@id":"https:\/\/longchangchemical.com\/product\/ceramides-cas-100403-19-8\/","url":"https:\/\/longchangchemical.com\/product\/ceramides-cas-100403-19-8\/","name":"Fabricante de ceramida da China \uff06 Fornecedor - Longchang chemical Co., Ltd.","isPartOf":{"@id":"https:\/\/longchangchemical.com\/#website"},"primaryImageOfPage":{"@id":"https:\/\/longchangchemical.com\/product\/ceramides-cas-100403-19-8\/#primaryimage"},"image":{"@id":"https:\/\/longchangchemical.com\/product\/ceramides-cas-100403-19-8\/#primaryimage"},"thumbnailUrl":"https:\/\/longchangchemical.com\/wp-content\/uploads\/2021\/01\/Ceramides-Appearance.jpg","datePublished":"2021-01-21T12:14:52+00:00","dateModified":"2025-12-23T06:16:36+00:00","description":"A Longchang Chemical \u00e9 um dos principais fabricantes e fornecedores de Ceramida na China. Compre Ceramida na China. Podemos oferecer o melhor pre\u00e7o de Ceramida.","breadcrumb":{"@id":"https:\/\/longchangchemical.com\/product\/ceramides-cas-100403-19-8\/#breadcrumb"},"inLanguage":"pt-BR","potentialAction":[{"@type":"ReadAction","target":["https:\/\/longchangchemical.com\/product\/ceramides-cas-100403-19-8\/"]}]},{"@type":"ImageObject","inLanguage":"pt-BR","@id":"https:\/\/longchangchemical.com\/product\/ceramides-cas-100403-19-8\/#primaryimage","url":"https:\/\/longchangchemical.com\/wp-content\/uploads\/2021\/01\/Ceramides-Appearance.jpg","contentUrl":"https:\/\/longchangchemical.com\/wp-content\/uploads\/2021\/01\/Ceramides-Appearance.jpg","width":600,"height":800,"caption":"Ceramides Appearance"},{"@type":"BreadcrumbList","@id":"https:\/\/longchangchemical.com\/product\/ceramides-cas-100403-19-8\/#breadcrumb","itemListElement":[{"@type":"ListItem","position":1,"name":"Home","item":"https:\/\/longchangchemical.com\/"},{"@type":"ListItem","position":2,"name":"Products Longchang","item":"https:\/\/longchangchemical.com\/product\/"},{"@type":"ListItem","position":3,"name":"Ceramides CAS 100403-19-8"}]},{"@type":"WebSite","@id":"https:\/\/longchangchemical.com\/#website","url":"https:\/\/longchangchemical.com\/","name":"Qu\u00edmica Longchang","description":"Fabricante de produtos qu\u00edmicos na China \uff06 fornecedor","publisher":{"@id":"https:\/\/longchangchemical.com\/#organization"},"potentialAction":[{"@type":"SearchAction","target":{"@type":"EntryPoint","urlTemplate":"https:\/\/longchangchemical.com\/?s={search_term_string}"},"query-input":{"@type":"PropertyValueSpecification","valueRequired":true,"valueName":"search_term_string"}}],"inLanguage":"pt-BR"},{"@type":"Organization","@id":"https:\/\/longchangchemical.com\/#organization","name":"Qu\u00edmica Longchang","url":"https:\/\/longchangchemical.com\/","logo":{"@type":"ImageObject","inLanguage":"pt-BR","@id":"https:\/\/longchangchemical.com\/#\/schema\/logo\/image\/","url":"https:\/\/longchangchemical.com\/wp-content\/uploads\/2020\/08\/cropped-longchang-logo.png","contentUrl":"https:\/\/longchangchemical.com\/wp-content\/uploads\/2020\/08\/cropped-longchang-logo.png","width":512,"height":512,"caption":"Longchang Chemical"},"image":{"@id":"https:\/\/longchangchemical.com\/#\/schema\/logo\/image\/"}}]}},"_links":{"self":[{"href":"https:\/\/longchangchemical.com\/pt\/wp-json\/wp\/v2\/product\/3513","targetHints":{"allow":["GET"]}}],"collection":[{"href":"https:\/\/longchangchemical.com\/pt\/wp-json\/wp\/v2\/product"}],"about":[{"href":"https:\/\/longchangchemical.com\/pt\/wp-json\/wp\/v2\/types\/product"}],"replies":[{"embeddable":true,"href":"https:\/\/longchangchemical.com\/pt\/wp-json\/wp\/v2\/comments?post=3513"}],"wp:featuredmedia":[{"embeddable":true,"href":"https:\/\/longchangchemical.com\/pt\/wp-json\/wp\/v2\/media\/4301"}],"wp:attachment":[{"href":"https:\/\/longchangchemical.com\/pt\/wp-json\/wp\/v2\/media?parent=3513"}],"wp:term":[{"taxonomy":"product_brand","embeddable":true,"href":"https:\/\/longchangchemical.com\/pt\/wp-json\/wp\/v2\/product_brand?post=3513"},{"taxonomy":"product_cat","embeddable":true,"href":"https:\/\/longchangchemical.com\/pt\/wp-json\/wp\/v2\/product_cat?post=3513"},{"taxonomy":"product_tag","embeddable":true,"href":"https:\/\/longchangchemical.com\/pt\/wp-json\/wp\/v2\/product_tag?post=3513"}],"curies":[{"name":"wp","href":"https:\/\/api.w.org\/{rel}","templated":true}]}}