{"id":3503,"date":"2021-01-20T11:23:17","date_gmt":"2021-01-20T11:23:17","guid":{"rendered":"https:\/\/longchangchemical.com\/?post_type=product&#038;p=3503"},"modified":"2025-12-23T05:55:22","modified_gmt":"2025-12-23T05:55:22","slug":"benzotrifluoride-cas-98-08-8","status":"publish","type":"product","link":"https:\/\/longchangchemical.com\/pt\/product\/benzotrifluoride-cas-98-08-8\/","title":{"rendered":"Benzotrifluoreto CAS 98-08-8"},"content":{"rendered":"<h1>Benzotrifluoreto CAS 98-08-8<\/h1>\n<table class=\"table-1\" cellspacing=\"0\" cellpadding=\"0\">\n<tbody>\n<tr align=\"left\">\n<td>\n<h4>Inspecionar item<\/h4>\n<\/td>\n<td>\n<h4>Especifica\u00e7\u00e3o<\/h4>\n<\/td>\n<td>\n<h4>Resultados<\/h4>\n<\/td>\n<\/tr>\n<tr align=\"left\">\n<td>\n<h4>Apar\u00eancia<\/h4>\n<\/td>\n<td>\n<h4>L\u00edquido transparente incolor<\/h4>\n<\/td>\n<td>\n<h4>L\u00edquido transparente incolor<\/h4>\n<\/td>\n<\/tr>\n<tr align=\"left\">\n<td>\n<h4>Ensaio<\/h4>\n<\/td>\n<td>\n<h4>99.50%Min<\/h4>\n<\/td>\n<td>\n<h4>99.80%<\/h4>\n<\/td>\n<\/tr>\n<tr align=\"left\">\n<td>\n<h4>\u00c1gua(Por karl fischer)<\/h4>\n<\/td>\n<td>\n<h4>0,05%Max<\/h4>\n<\/td>\n<td>\n<h4>0.02%<\/h4>\n<\/td>\n<\/tr>\n<tr align=\"left\">\n<td>\n<h4>Conclus\u00e3o<\/h4>\n<\/td>\n<td colspan=\"2\">\n<h4>Qualificado.<\/h4>\n<\/td>\n<\/tr>\n<\/tbody>\n<\/table>\n<p>&nbsp;<\/p>\n<h2><strong>Uso do Benzotrifluoreto<\/strong><\/h2>\n<h4><span class=\"JLqJ4b ChMk0b\" data-language-for-alternatives=\"en\" data-language-to-translate-into=\"auto\" data-phrase-index=\"0\">1. O benzotrifluoreto \u00e9 um importante intermedi\u00e1rio na qu\u00edmica do fl\u00faor. Ele pode ser usado para preparar herbicidas como fluroxipir, flurocloridona e diflufenic\u00e3o.<\/span><\/h4>\n<h4><span class=\"JLqJ4b ChMk0b\" data-language-for-alternatives=\"en\" data-language-to-translate-into=\"auto\" data-phrase-index=\"2\">2. O benzotrifluoreto pode ser usado na fabrica\u00e7\u00e3o de medicamentos, corantes, agentes de vulcaniza\u00e7\u00e3o, pesticidas etc.<\/span><\/h4>\n<h4><span class=\"JLqJ4b ChMk0b\" data-language-for-alternatives=\"en\" data-language-to-translate-into=\"auto\" data-phrase-index=\"4\">3. O benzotrifluoreto pode ser usado para determinar o valor calor\u00edfico do combust\u00edvel, pode ser formulado como um agente extintor de inc\u00eandio em p\u00f3 e tamb\u00e9m pode ser usado como um aditivo pl\u00e1stico fotodegrad\u00e1vel.<\/span><\/h4>\n<p>&nbsp;<\/p>\n<h2><strong>Detalhes da embalagem de benzotrifluoreto<\/strong><\/h2>\n<h4>250 kg\/tambor<\/h4>\n<p>&nbsp;<\/p>\n<h2><strong><b>Entre em contato conosco agora!<\/b><\/strong><\/h2>\n<h4><strong><b>Oferecemos servi\u00e7os personalizados e, normalmente, entraremos em contato com voc\u00ea dentro de 24 horas. Voc\u00ea tamb\u00e9m pode me enviar um e-mail para info@longchangchemical.com durante o hor\u00e1rio comercial (das 8h30 \u00e0s 18h UTC+8 de segunda a s\u00e1bado) ou usar o bate-papo ao vivo do site para obter uma resposta r\u00e1pida.<\/b><\/strong><\/h4>","protected":false},"excerpt":{"rendered":"<h4>Nome qu\u00edmico: Benzotrifluoreto<\/h4>\n<h4>CAS: 98-08-8<\/h4>\n<h4>F\u00f3rmula molecular:C7H5F3<\/h4>\n<h4>Peso molecular: 146,11<\/h4>\n<h4>Apar\u00eancia: L\u00edquido transparente incolor<\/h4>\n<h4>Pureza: 99,5%<\/h4>","protected":false},"featured_media":4184,"comment_status":"open","ping_status":"closed","template":"","meta":[],"product_brand":[],"product_cat":[69],"product_tag":[],"class_list":{"0":"post-3503","1":"product","2":"type-product","3":"status-publish","4":"has-post-thumbnail","6":"product_cat-catalysts-chemical-auxiliary-agents","8":"first","9":"instock","10":"shipping-taxable","11":"product-type-simple"},"yoast_head":"<!-- This site is optimized with the Yoast SEO plugin v25.3.1 - https:\/\/yoast.com\/wordpress\/plugins\/seo\/ -->\n<title>China Benzotrifluoride CAS 98-08-8 Manufacturer \uff06 Supplier - Longchang chemical Co., Ltd.<\/title>\n<meta name=\"description\" content=\"Longchang Chemical is a leading manufacturer and supplier of Benzotrifluoride CAS 98-08-8 in China. Buy Benzotrifluoride in china. We can provide the best Benzotrifluoride price.\" \/>\n<meta name=\"robots\" content=\"index, follow, max-snippet:-1, max-image-preview:large, max-video-preview:-1\" \/>\n<link rel=\"canonical\" href=\"https:\/\/longchangchemical.com\/pt\/product\/benzotrifluoride-cas-98-08-8\/\" \/>\n<meta property=\"og:locale\" content=\"pt_BR\" \/>\n<meta property=\"og:type\" content=\"article\" \/>\n<meta property=\"og:title\" content=\"China Benzotrifluoride CAS 98-08-8 Manufacturer \uff06 Supplier - Longchang chemical Co., Ltd.\" \/>\n<meta property=\"og:description\" content=\"Longchang Chemical is a leading manufacturer and supplier of Benzotrifluoride CAS 98-08-8 in China. Buy Benzotrifluoride in china. We can provide the best Benzotrifluoride price.\" \/>\n<meta property=\"og:url\" content=\"https:\/\/longchangchemical.com\/pt\/product\/benzotrifluoride-cas-98-08-8\/\" \/>\n<meta property=\"og:site_name\" content=\"Longchang Chemical\" \/>\n<meta property=\"article:modified_time\" content=\"2025-12-23T05:55:22+00:00\" \/>\n<meta property=\"og:image\" content=\"https:\/\/longchangchemical.com\/wp-content\/uploads\/2021\/01\/Benzotrifluoride-Packaging.jpg\" \/>\n\t<meta property=\"og:image:width\" content=\"600\" \/>\n\t<meta property=\"og:image:height\" content=\"800\" \/>\n\t<meta property=\"og:image:type\" content=\"image\/jpeg\" \/>\n<meta name=\"twitter:card\" content=\"summary_large_image\" \/>\n<script type=\"application\/ld+json\" class=\"yoast-schema-graph\">{\"@context\":\"https:\/\/schema.org\",\"@graph\":[{\"@type\":\"WebPage\",\"@id\":\"https:\/\/longchangchemical.com\/product\/benzotrifluoride-cas-98-08-8\/\",\"url\":\"https:\/\/longchangchemical.com\/product\/benzotrifluoride-cas-98-08-8\/\",\"name\":\"China Benzotrifluoride CAS 98-08-8 Manufacturer \uff06 Supplier - Longchang chemical Co., Ltd.\",\"isPartOf\":{\"@id\":\"https:\/\/longchangchemical.com\/#website\"},\"primaryImageOfPage\":{\"@id\":\"https:\/\/longchangchemical.com\/product\/benzotrifluoride-cas-98-08-8\/#primaryimage\"},\"image\":{\"@id\":\"https:\/\/longchangchemical.com\/product\/benzotrifluoride-cas-98-08-8\/#primaryimage\"},\"thumbnailUrl\":\"https:\/\/longchangchemical.com\/wp-content\/uploads\/2021\/01\/Benzotrifluoride-Packaging.jpg\",\"datePublished\":\"2021-01-20T11:23:17+00:00\",\"dateModified\":\"2025-12-23T05:55:22+00:00\",\"description\":\"Longchang Chemical is a leading manufacturer and supplier of Benzotrifluoride CAS 98-08-8 in China. Buy Benzotrifluoride in china. We can provide the best Benzotrifluoride price.\",\"breadcrumb\":{\"@id\":\"https:\/\/longchangchemical.com\/product\/benzotrifluoride-cas-98-08-8\/#breadcrumb\"},\"inLanguage\":\"pt-BR\",\"potentialAction\":[{\"@type\":\"ReadAction\",\"target\":[\"https:\/\/longchangchemical.com\/product\/benzotrifluoride-cas-98-08-8\/\"]}]},{\"@type\":\"ImageObject\",\"inLanguage\":\"pt-BR\",\"@id\":\"https:\/\/longchangchemical.com\/product\/benzotrifluoride-cas-98-08-8\/#primaryimage\",\"url\":\"https:\/\/longchangchemical.com\/wp-content\/uploads\/2021\/01\/Benzotrifluoride-Packaging.jpg\",\"contentUrl\":\"https:\/\/longchangchemical.com\/wp-content\/uploads\/2021\/01\/Benzotrifluoride-Packaging.jpg\",\"width\":600,\"height\":800,\"caption\":\"Benzotrifluoride Packaging\"},{\"@type\":\"BreadcrumbList\",\"@id\":\"https:\/\/longchangchemical.com\/product\/benzotrifluoride-cas-98-08-8\/#breadcrumb\",\"itemListElement\":[{\"@type\":\"ListItem\",\"position\":1,\"name\":\"Home\",\"item\":\"https:\/\/longchangchemical.com\/\"},{\"@type\":\"ListItem\",\"position\":2,\"name\":\"Products Longchang\",\"item\":\"https:\/\/longchangchemical.com\/product\/\"},{\"@type\":\"ListItem\",\"position\":3,\"name\":\"Benzotrifluoride CAS 98-08-8\"}]},{\"@type\":\"WebSite\",\"@id\":\"https:\/\/longchangchemical.com\/#website\",\"url\":\"https:\/\/longchangchemical.com\/\",\"name\":\"Longchang Chemical\",\"description\":\"China chemical manufacturer \uff06 supplier\",\"publisher\":{\"@id\":\"https:\/\/longchangchemical.com\/#organization\"},\"potentialAction\":[{\"@type\":\"SearchAction\",\"target\":{\"@type\":\"EntryPoint\",\"urlTemplate\":\"https:\/\/longchangchemical.com\/?s={search_term_string}\"},\"query-input\":{\"@type\":\"PropertyValueSpecification\",\"valueRequired\":true,\"valueName\":\"search_term_string\"}}],\"inLanguage\":\"pt-BR\"},{\"@type\":\"Organization\",\"@id\":\"https:\/\/longchangchemical.com\/#organization\",\"name\":\"Longchang Chemical\",\"url\":\"https:\/\/longchangchemical.com\/\",\"logo\":{\"@type\":\"ImageObject\",\"inLanguage\":\"pt-BR\",\"@id\":\"https:\/\/longchangchemical.com\/#\/schema\/logo\/image\/\",\"url\":\"https:\/\/longchangchemical.com\/wp-content\/uploads\/2020\/08\/cropped-longchang-logo.png\",\"contentUrl\":\"https:\/\/longchangchemical.com\/wp-content\/uploads\/2020\/08\/cropped-longchang-logo.png\",\"width\":512,\"height\":512,\"caption\":\"Longchang Chemical\"},\"image\":{\"@id\":\"https:\/\/longchangchemical.com\/#\/schema\/logo\/image\/\"}}]}<\/script>\n<!-- \/ Yoast SEO plugin. -->","yoast_head_json":{"title":"China Benzotrifluoreto CAS 98-08-8 Fabricante \uff06 Fornecedor - Longchang chemical Co., Ltd.","description":"A Longchang Chemical \u00e9 um fabricante e fornecedor l\u00edder de Benzotrifluoreto CAS 98-08-8 na China. Compre Benzotrifluoreto na China. Podemos fornecer o melhor pre\u00e7o de Benzotrifluoreto.","robots":{"index":"index","follow":"follow","max-snippet":"max-snippet:-1","max-image-preview":"max-image-preview:large","max-video-preview":"max-video-preview:-1"},"canonical":"https:\/\/longchangchemical.com\/pt\/product\/benzotrifluoride-cas-98-08-8\/","og_locale":"pt_BR","og_type":"article","og_title":"China Benzotrifluoride CAS 98-08-8 Manufacturer \uff06 Supplier - Longchang chemical Co., Ltd.","og_description":"Longchang Chemical is a leading manufacturer and supplier of Benzotrifluoride CAS 98-08-8 in China. Buy Benzotrifluoride in china. We can provide the best Benzotrifluoride price.","og_url":"https:\/\/longchangchemical.com\/pt\/product\/benzotrifluoride-cas-98-08-8\/","og_site_name":"Longchang Chemical","article_modified_time":"2025-12-23T05:55:22+00:00","og_image":[{"width":600,"height":800,"url":"https:\/\/longchangchemical.com\/wp-content\/uploads\/2021\/01\/Benzotrifluoride-Packaging.jpg","type":"image\/jpeg"}],"twitter_card":"summary_large_image","schema":{"@context":"https:\/\/schema.org","@graph":[{"@type":"WebPage","@id":"https:\/\/longchangchemical.com\/product\/benzotrifluoride-cas-98-08-8\/","url":"https:\/\/longchangchemical.com\/product\/benzotrifluoride-cas-98-08-8\/","name":"China Benzotrifluoreto CAS 98-08-8 Fabricante \uff06 Fornecedor - Longchang chemical Co., Ltd.","isPartOf":{"@id":"https:\/\/longchangchemical.com\/#website"},"primaryImageOfPage":{"@id":"https:\/\/longchangchemical.com\/product\/benzotrifluoride-cas-98-08-8\/#primaryimage"},"image":{"@id":"https:\/\/longchangchemical.com\/product\/benzotrifluoride-cas-98-08-8\/#primaryimage"},"thumbnailUrl":"https:\/\/longchangchemical.com\/wp-content\/uploads\/2021\/01\/Benzotrifluoride-Packaging.jpg","datePublished":"2021-01-20T11:23:17+00:00","dateModified":"2025-12-23T05:55:22+00:00","description":"A Longchang Chemical \u00e9 um fabricante e fornecedor l\u00edder de Benzotrifluoreto CAS 98-08-8 na China. Compre Benzotrifluoreto na China. Podemos fornecer o melhor pre\u00e7o de Benzotrifluoreto.","breadcrumb":{"@id":"https:\/\/longchangchemical.com\/product\/benzotrifluoride-cas-98-08-8\/#breadcrumb"},"inLanguage":"pt-BR","potentialAction":[{"@type":"ReadAction","target":["https:\/\/longchangchemical.com\/product\/benzotrifluoride-cas-98-08-8\/"]}]},{"@type":"ImageObject","inLanguage":"pt-BR","@id":"https:\/\/longchangchemical.com\/product\/benzotrifluoride-cas-98-08-8\/#primaryimage","url":"https:\/\/longchangchemical.com\/wp-content\/uploads\/2021\/01\/Benzotrifluoride-Packaging.jpg","contentUrl":"https:\/\/longchangchemical.com\/wp-content\/uploads\/2021\/01\/Benzotrifluoride-Packaging.jpg","width":600,"height":800,"caption":"Benzotrifluoride Packaging"},{"@type":"BreadcrumbList","@id":"https:\/\/longchangchemical.com\/product\/benzotrifluoride-cas-98-08-8\/#breadcrumb","itemListElement":[{"@type":"ListItem","position":1,"name":"Home","item":"https:\/\/longchangchemical.com\/"},{"@type":"ListItem","position":2,"name":"Products Longchang","item":"https:\/\/longchangchemical.com\/product\/"},{"@type":"ListItem","position":3,"name":"Benzotrifluoride CAS 98-08-8"}]},{"@type":"WebSite","@id":"https:\/\/longchangchemical.com\/#website","url":"https:\/\/longchangchemical.com\/","name":"Qu\u00edmica Longchang","description":"Fabricante de produtos qu\u00edmicos na China \uff06 fornecedor","publisher":{"@id":"https:\/\/longchangchemical.com\/#organization"},"potentialAction":[{"@type":"SearchAction","target":{"@type":"EntryPoint","urlTemplate":"https:\/\/longchangchemical.com\/?s={search_term_string}"},"query-input":{"@type":"PropertyValueSpecification","valueRequired":true,"valueName":"search_term_string"}}],"inLanguage":"pt-BR"},{"@type":"Organization","@id":"https:\/\/longchangchemical.com\/#organization","name":"Qu\u00edmica Longchang","url":"https:\/\/longchangchemical.com\/","logo":{"@type":"ImageObject","inLanguage":"pt-BR","@id":"https:\/\/longchangchemical.com\/#\/schema\/logo\/image\/","url":"https:\/\/longchangchemical.com\/wp-content\/uploads\/2020\/08\/cropped-longchang-logo.png","contentUrl":"https:\/\/longchangchemical.com\/wp-content\/uploads\/2020\/08\/cropped-longchang-logo.png","width":512,"height":512,"caption":"Longchang Chemical"},"image":{"@id":"https:\/\/longchangchemical.com\/#\/schema\/logo\/image\/"}}]}},"_links":{"self":[{"href":"https:\/\/longchangchemical.com\/pt\/wp-json\/wp\/v2\/product\/3503","targetHints":{"allow":["GET"]}}],"collection":[{"href":"https:\/\/longchangchemical.com\/pt\/wp-json\/wp\/v2\/product"}],"about":[{"href":"https:\/\/longchangchemical.com\/pt\/wp-json\/wp\/v2\/types\/product"}],"replies":[{"embeddable":true,"href":"https:\/\/longchangchemical.com\/pt\/wp-json\/wp\/v2\/comments?post=3503"}],"wp:featuredmedia":[{"embeddable":true,"href":"https:\/\/longchangchemical.com\/pt\/wp-json\/wp\/v2\/media\/4184"}],"wp:attachment":[{"href":"https:\/\/longchangchemical.com\/pt\/wp-json\/wp\/v2\/media?parent=3503"}],"wp:term":[{"taxonomy":"product_brand","embeddable":true,"href":"https:\/\/longchangchemical.com\/pt\/wp-json\/wp\/v2\/product_brand?post=3503"},{"taxonomy":"product_cat","embeddable":true,"href":"https:\/\/longchangchemical.com\/pt\/wp-json\/wp\/v2\/product_cat?post=3503"},{"taxonomy":"product_tag","embeddable":true,"href":"https:\/\/longchangchemical.com\/pt\/wp-json\/wp\/v2\/product_tag?post=3503"}],"curies":[{"name":"wp","href":"https:\/\/api.w.org\/{rel}","templated":true}]}}