{"id":3502,"date":"2021-01-20T11:16:54","date_gmt":"2021-01-20T11:16:54","guid":{"rendered":"https:\/\/longchangchemical.com\/?post_type=product&#038;p=3502"},"modified":"2026-01-09T09:40:55","modified_gmt":"2026-01-09T09:40:55","slug":"diethylamino-hydroxybenzoyl-hexyl-benzoate-dhhb-uvinul-a-plus-cas-302776-68-7","status":"publish","type":"product","link":"https:\/\/longchangchemical.com\/pt\/product\/diethylamino-hydroxybenzoyl-hexyl-benzoate-dhhb-uvinul-a-plus-cas-302776-68-7\/","title":{"rendered":"DHHB \/ Uvinul A Plus CAS 302776-68-7"},"content":{"rendered":"<h1>Benzoato de dietilamino hidroxibenzoil hexil \/ DHHB \/<\/h1>\n<h1 class=\"title\">Uvinul A Plus CAS 302776-68-7<\/h1>\n<table>\n<tbody>\n<tr>\n<td width=\"213\">Item<\/td>\n<td width=\"329\">Padr\u00e3o<\/td>\n<td width=\"152\">Resultados<\/td>\n<\/tr>\n<tr>\n<td width=\"213\">Apar\u00eancia<\/td>\n<td width=\"329\">P\u00f3 ligeiramente branco ou granular<\/td>\n<td width=\"152\">Em conformidade<\/td>\n<\/tr>\n<tr>\n<td width=\"213\">Perda na secagem<\/td>\n<td width=\"329\">\u22640,5%<\/td>\n<td width=\"152\">0.07%<\/td>\n<\/tr>\n<tr>\n<td width=\"213\">Ensaio (GC)<\/td>\n<td width=\"329\">98.0~105.0%<\/td>\n<td width=\"152\">99.1%<\/td>\n<\/tr>\n<tr>\n<td width=\"213\">Conclus\u00e3o<\/td>\n<td colspan=\"2\" width=\"481\">Qualificado<\/td>\n<\/tr>\n<\/tbody>\n<\/table>\n<p>&nbsp;<\/p>\n<p><strong>Uso do dietilamino hidroxibenzoil hexil benzoato<\/strong><\/p>\n<p>&nbsp;<\/p>\n<h4><span class=\"JLqJ4b ChMk0b\" data-language-for-alternatives=\"en\" data-language-to-translate-into=\"auto\" data-phrase-index=\"0\">1. O m\u00e9todo de adi\u00e7\u00e3o de Uvinul A Plus a prepara\u00e7\u00f5es cosm\u00e9ticas para reduzir a polui\u00e7\u00e3o do tecido e aumentar o fator de prote\u00e7\u00e3o solar (FPS), e o Uvinul A Plus \u00e9 usado em prepara\u00e7\u00f5es cosm\u00e9ticas para reduzir a polui\u00e7\u00e3o do tecido causada por prepara\u00e7\u00f5es e aumentar o fator de prote\u00e7\u00e3o solar (FPS) das prepara\u00e7\u00f5es<\/span> <span class=\"JLqJ4b ChMk0b\" data-language-for-alternatives=\"en\" data-language-to-translate-into=\"auto\" data-phrase-index=\"1\">uso.<\/span><\/h4>\n<h4><span class=\"JLqJ4b ChMk0b\" data-language-for-alternatives=\"en\" data-language-to-translate-into=\"auto\" data-phrase-index=\"3\">2. Absorvedor de UV O UV-A PLUS \u00e9 um absorvedor de UV de benzoato, o absorvedor de UVA com a mais forte capacidade de absor\u00e7\u00e3o de UVA. Ele pode absorver de 320 a 400 nan\u00f4metros de luz ultravioleta, e o valor de pico de absor\u00e7\u00e3o \u00e9 de 354 nan\u00f4metros. Caracteriza-se pela boa compatibilidade, baixa migra\u00e7\u00e3o, boa estabilidade t\u00e9rmica, alta efici\u00eancia de absor\u00e7\u00e3o, etc. \u00c9 adequado para cosm\u00e9ticos, protetores solares e filtros. A dosagem geral \u00e9 de 0,2-0,5%.<\/span><\/h4>\n<p>&nbsp;<\/p>\n<h2><strong>Embalagem de dietilamino hidroxibenzoil hexil benzoato<\/strong><\/h2>\n<h4>25 kg\/tambor<\/h4>\n<p>&nbsp;<\/p>\n<h2><strong>Armazenamento de dietilamino hidroxibenzoil hexil benzoato<\/strong><\/h2>\n<h4>O DHHB deve ser armazenado em um sistema fechado e mantido em um local seco e escuro, sem exposi\u00e7\u00e3o \u00e0 luz. O prazo de validade do DHHB \u00e9 de dois anos nas embalagens originais e fechadas.<\/h4>\n<p>&nbsp;<\/p>\n<h2><strong><b>Entre em contato conosco agora!<\/b><\/strong><\/h2>\n<h4><strong><b>Se precisar de COA, MSDS ou TDS, preencha suas informa\u00e7\u00f5es de contato no formul\u00e1rio abaixo. Normalmente, entraremos em contato em 24 horas. Voc\u00ea tamb\u00e9m pode me enviar um e-mail <span style=\"color: #0000ff;\"><a style=\"color: #0000ff;\" href=\"mailto:info@longchangchemical.com\">info@longchangchemical.com<\/a><\/span> durante o hor\u00e1rio comercial (das 8h30 \u00e0s 18h UTC+8 de segunda a s\u00e1bado) ou use o bate-papo ao vivo do site para obter uma resposta imediata.<\/b><\/strong><\/h4>","protected":false},"excerpt":{"rendered":"<h4>Nome qu\u00edmico: Hexilbenzoato de dietilamino hidroxibenzo\u00edla<\/h4>\n<h4>N\u00famero CAS: 302776-68-7<\/h4>\n<h4>F\u00f3rmula molecular: C24H31NO4<\/h4>\n<h4>Peso molecular: 397,51<\/h4>\n<h4><\/h4>\n<h4>Estrutura qu\u00edmica:<img decoding=\"async\" title=\"Hexilbenzoato de dietilamino hidroxibenzo\u00edla\" src=\"https:\/\/www.longchangchemical.com\/wp-content\/uploads\/product-details\/20200612257136.png\" alt=\"Hexilbenzoato de dietilamino hidroxibenzo\u00edla\" width=\"310\" height=\"116\" border=\"0\" vspace=\"0\" \/><\/h4>\n<h4>Apar\u00eancia: p\u00f3 levemente branco ou granulado<\/h4>","protected":false},"featured_media":7967,"comment_status":"open","ping_status":"closed","template":"","meta":[],"product_brand":[],"product_cat":[139],"product_tag":[],"class_list":{"0":"post-3502","1":"product","2":"type-product","3":"status-publish","4":"has-post-thumbnail","6":"product_cat-lcsorb-uv-absorber","8":"first","9":"instock","10":"shipping-taxable","11":"product-type-simple"},"yoast_head":"<!-- This site is optimized with the Yoast SEO plugin v25.3.1 - https:\/\/yoast.com\/wordpress\/plugins\/seo\/ -->\n<title>China Uvinul A Plus \/ Diethylamino Hydroxybenzoyl Hexyl Benzoate CAS 302776-68-7 Manufacturer \uff06 Supplier - Longchang chemical Co., Ltd.<\/title>\n<meta name=\"description\" content=\"Longchang Chemical is a leading DHHB manufacturer and supplier of Diethylamino Hydroxybenzoyl Hexyl Benzoate CAS 302776-68-7 in China. Buy Uvinul A Plus in china. We can provide the best Diethylamino Hydroxybenzoyl Hexyl Benzoate price.\" \/>\n<meta name=\"robots\" content=\"index, follow, max-snippet:-1, max-image-preview:large, max-video-preview:-1\" \/>\n<link rel=\"canonical\" href=\"https:\/\/longchangchemical.com\/pt\/product\/diethylamino-hydroxybenzoyl-hexyl-benzoate-dhhb-uvinul-a-plus-cas-302776-68-7\/\" \/>\n<meta property=\"og:locale\" content=\"pt_BR\" \/>\n<meta property=\"og:type\" content=\"article\" \/>\n<meta property=\"og:title\" content=\"China Uvinul A Plus \/ Diethylamino Hydroxybenzoyl Hexyl Benzoate CAS 302776-68-7 Manufacturer \uff06 Supplier - Longchang chemical Co., Ltd.\" \/>\n<meta property=\"og:description\" content=\"Longchang Chemical is a leading DHHB manufacturer and supplier of Diethylamino Hydroxybenzoyl Hexyl Benzoate CAS 302776-68-7 in China. Buy Uvinul A Plus in china. We can provide the best Diethylamino Hydroxybenzoyl Hexyl Benzoate price.\" \/>\n<meta property=\"og:url\" content=\"https:\/\/longchangchemical.com\/pt\/product\/diethylamino-hydroxybenzoyl-hexyl-benzoate-dhhb-uvinul-a-plus-cas-302776-68-7\/\" \/>\n<meta property=\"og:site_name\" content=\"Longchang Chemical\" \/>\n<meta property=\"article:modified_time\" content=\"2026-01-09T09:40:55+00:00\" \/>\n<meta property=\"og:image\" content=\"https:\/\/longchangchemical.com\/wp-content\/uploads\/2021\/01\/302776-68-7.jpg\" \/>\n\t<meta property=\"og:image:width\" content=\"600\" \/>\n\t<meta property=\"og:image:height\" content=\"600\" \/>\n\t<meta property=\"og:image:type\" content=\"image\/jpeg\" \/>\n<meta name=\"twitter:card\" content=\"summary_large_image\" \/>\n<script type=\"application\/ld+json\" class=\"yoast-schema-graph\">{\"@context\":\"https:\/\/schema.org\",\"@graph\":[{\"@type\":\"WebPage\",\"@id\":\"https:\/\/longchangchemical.com\/product\/diethylamino-hydroxybenzoyl-hexyl-benzoate-dhhb-uvinul-a-plus-cas-302776-68-7\/\",\"url\":\"https:\/\/longchangchemical.com\/product\/diethylamino-hydroxybenzoyl-hexyl-benzoate-dhhb-uvinul-a-plus-cas-302776-68-7\/\",\"name\":\"China Uvinul A Plus \/ Diethylamino Hydroxybenzoyl Hexyl Benzoate CAS 302776-68-7 Manufacturer \uff06 Supplier - Longchang chemical Co., Ltd.\",\"isPartOf\":{\"@id\":\"https:\/\/longchangchemical.com\/#website\"},\"primaryImageOfPage\":{\"@id\":\"https:\/\/longchangchemical.com\/product\/diethylamino-hydroxybenzoyl-hexyl-benzoate-dhhb-uvinul-a-plus-cas-302776-68-7\/#primaryimage\"},\"image\":{\"@id\":\"https:\/\/longchangchemical.com\/product\/diethylamino-hydroxybenzoyl-hexyl-benzoate-dhhb-uvinul-a-plus-cas-302776-68-7\/#primaryimage\"},\"thumbnailUrl\":\"https:\/\/longchangchemical.com\/wp-content\/uploads\/2021\/01\/302776-68-7.jpg\",\"datePublished\":\"2021-01-20T11:16:54+00:00\",\"dateModified\":\"2026-01-09T09:40:55+00:00\",\"description\":\"Longchang Chemical is a leading DHHB manufacturer and supplier of Diethylamino Hydroxybenzoyl Hexyl Benzoate CAS 302776-68-7 in China. Buy Uvinul A Plus in china. We can provide the best Diethylamino Hydroxybenzoyl Hexyl Benzoate price.\",\"breadcrumb\":{\"@id\":\"https:\/\/longchangchemical.com\/product\/diethylamino-hydroxybenzoyl-hexyl-benzoate-dhhb-uvinul-a-plus-cas-302776-68-7\/#breadcrumb\"},\"inLanguage\":\"pt-BR\",\"potentialAction\":[{\"@type\":\"ReadAction\",\"target\":[\"https:\/\/longchangchemical.com\/product\/diethylamino-hydroxybenzoyl-hexyl-benzoate-dhhb-uvinul-a-plus-cas-302776-68-7\/\"]}]},{\"@type\":\"ImageObject\",\"inLanguage\":\"pt-BR\",\"@id\":\"https:\/\/longchangchemical.com\/product\/diethylamino-hydroxybenzoyl-hexyl-benzoate-dhhb-uvinul-a-plus-cas-302776-68-7\/#primaryimage\",\"url\":\"https:\/\/longchangchemical.com\/wp-content\/uploads\/2021\/01\/302776-68-7.jpg\",\"contentUrl\":\"https:\/\/longchangchemical.com\/wp-content\/uploads\/2021\/01\/302776-68-7.jpg\",\"width\":600,\"height\":600},{\"@type\":\"BreadcrumbList\",\"@id\":\"https:\/\/longchangchemical.com\/product\/diethylamino-hydroxybenzoyl-hexyl-benzoate-dhhb-uvinul-a-plus-cas-302776-68-7\/#breadcrumb\",\"itemListElement\":[{\"@type\":\"ListItem\",\"position\":1,\"name\":\"Home\",\"item\":\"https:\/\/longchangchemical.com\/\"},{\"@type\":\"ListItem\",\"position\":2,\"name\":\"Products Longchang\",\"item\":\"https:\/\/longchangchemical.com\/product\/\"},{\"@type\":\"ListItem\",\"position\":3,\"name\":\"DHHB \/ Uvinul A Plus CAS 302776-68-7\"}]},{\"@type\":\"WebSite\",\"@id\":\"https:\/\/longchangchemical.com\/#website\",\"url\":\"https:\/\/longchangchemical.com\/\",\"name\":\"Longchang Chemical\",\"description\":\"China chemical manufacturer \uff06 supplier\",\"publisher\":{\"@id\":\"https:\/\/longchangchemical.com\/#organization\"},\"potentialAction\":[{\"@type\":\"SearchAction\",\"target\":{\"@type\":\"EntryPoint\",\"urlTemplate\":\"https:\/\/longchangchemical.com\/?s={search_term_string}\"},\"query-input\":{\"@type\":\"PropertyValueSpecification\",\"valueRequired\":true,\"valueName\":\"search_term_string\"}}],\"inLanguage\":\"pt-BR\"},{\"@type\":\"Organization\",\"@id\":\"https:\/\/longchangchemical.com\/#organization\",\"name\":\"Longchang Chemical\",\"url\":\"https:\/\/longchangchemical.com\/\",\"logo\":{\"@type\":\"ImageObject\",\"inLanguage\":\"pt-BR\",\"@id\":\"https:\/\/longchangchemical.com\/#\/schema\/logo\/image\/\",\"url\":\"https:\/\/longchangchemical.com\/wp-content\/uploads\/2020\/08\/cropped-longchang-logo.png\",\"contentUrl\":\"https:\/\/longchangchemical.com\/wp-content\/uploads\/2020\/08\/cropped-longchang-logo.png\",\"width\":512,\"height\":512,\"caption\":\"Longchang Chemical\"},\"image\":{\"@id\":\"https:\/\/longchangchemical.com\/#\/schema\/logo\/image\/\"}}]}<\/script>\n<!-- \/ Yoast SEO plugin. -->","yoast_head_json":{"title":"China Uvinul A Plus \/ Hexil Benzoato de dietilamino hidroxibenzo\u00edla CAS 302776-68-7 Fabricante \uff06 Fornecedor - Longchang chemical Co.","description":"A Longchang Chemical \u00e9 l\u00edder na fabrica\u00e7\u00e3o de DHHB e fornecedora de Benzoato de Hexila Hexil Diethylamino Hydroxybenzoyl CAS 302776-68-7 na China. Compre Uvinul A Plus na China. Podemos fornecer o melhor pre\u00e7o para o Benzoato de Hexila e Hidroxibenzo\u00edla de Dietilamino.","robots":{"index":"index","follow":"follow","max-snippet":"max-snippet:-1","max-image-preview":"max-image-preview:large","max-video-preview":"max-video-preview:-1"},"canonical":"https:\/\/longchangchemical.com\/pt\/product\/diethylamino-hydroxybenzoyl-hexyl-benzoate-dhhb-uvinul-a-plus-cas-302776-68-7\/","og_locale":"pt_BR","og_type":"article","og_title":"China Uvinul A Plus \/ Diethylamino Hydroxybenzoyl Hexyl Benzoate CAS 302776-68-7 Manufacturer \uff06 Supplier - Longchang chemical Co., Ltd.","og_description":"Longchang Chemical is a leading DHHB manufacturer and supplier of Diethylamino Hydroxybenzoyl Hexyl Benzoate CAS 302776-68-7 in China. Buy Uvinul A Plus in china. We can provide the best Diethylamino Hydroxybenzoyl Hexyl Benzoate price.","og_url":"https:\/\/longchangchemical.com\/pt\/product\/diethylamino-hydroxybenzoyl-hexyl-benzoate-dhhb-uvinul-a-plus-cas-302776-68-7\/","og_site_name":"Longchang Chemical","article_modified_time":"2026-01-09T09:40:55+00:00","og_image":[{"width":600,"height":600,"url":"https:\/\/longchangchemical.com\/wp-content\/uploads\/2021\/01\/302776-68-7.jpg","type":"image\/jpeg"}],"twitter_card":"summary_large_image","schema":{"@context":"https:\/\/schema.org","@graph":[{"@type":"WebPage","@id":"https:\/\/longchangchemical.com\/product\/diethylamino-hydroxybenzoyl-hexyl-benzoate-dhhb-uvinul-a-plus-cas-302776-68-7\/","url":"https:\/\/longchangchemical.com\/product\/diethylamino-hydroxybenzoyl-hexyl-benzoate-dhhb-uvinul-a-plus-cas-302776-68-7\/","name":"China Uvinul A Plus \/ Hexil Benzoato de dietilamino hidroxibenzo\u00edla CAS 302776-68-7 Fabricante \uff06 Fornecedor - Longchang chemical Co.","isPartOf":{"@id":"https:\/\/longchangchemical.com\/#website"},"primaryImageOfPage":{"@id":"https:\/\/longchangchemical.com\/product\/diethylamino-hydroxybenzoyl-hexyl-benzoate-dhhb-uvinul-a-plus-cas-302776-68-7\/#primaryimage"},"image":{"@id":"https:\/\/longchangchemical.com\/product\/diethylamino-hydroxybenzoyl-hexyl-benzoate-dhhb-uvinul-a-plus-cas-302776-68-7\/#primaryimage"},"thumbnailUrl":"https:\/\/longchangchemical.com\/wp-content\/uploads\/2021\/01\/302776-68-7.jpg","datePublished":"2021-01-20T11:16:54+00:00","dateModified":"2026-01-09T09:40:55+00:00","description":"A Longchang Chemical \u00e9 l\u00edder na fabrica\u00e7\u00e3o de DHHB e fornecedora de Benzoato de Hexila Hexil Diethylamino Hydroxybenzoyl CAS 302776-68-7 na China. Compre Uvinul A Plus na China. Podemos fornecer o melhor pre\u00e7o para o Benzoato de Hexila e Hidroxibenzo\u00edla de Dietilamino.","breadcrumb":{"@id":"https:\/\/longchangchemical.com\/product\/diethylamino-hydroxybenzoyl-hexyl-benzoate-dhhb-uvinul-a-plus-cas-302776-68-7\/#breadcrumb"},"inLanguage":"pt-BR","potentialAction":[{"@type":"ReadAction","target":["https:\/\/longchangchemical.com\/product\/diethylamino-hydroxybenzoyl-hexyl-benzoate-dhhb-uvinul-a-plus-cas-302776-68-7\/"]}]},{"@type":"ImageObject","inLanguage":"pt-BR","@id":"https:\/\/longchangchemical.com\/product\/diethylamino-hydroxybenzoyl-hexyl-benzoate-dhhb-uvinul-a-plus-cas-302776-68-7\/#primaryimage","url":"https:\/\/longchangchemical.com\/wp-content\/uploads\/2021\/01\/302776-68-7.jpg","contentUrl":"https:\/\/longchangchemical.com\/wp-content\/uploads\/2021\/01\/302776-68-7.jpg","width":600,"height":600},{"@type":"BreadcrumbList","@id":"https:\/\/longchangchemical.com\/product\/diethylamino-hydroxybenzoyl-hexyl-benzoate-dhhb-uvinul-a-plus-cas-302776-68-7\/#breadcrumb","itemListElement":[{"@type":"ListItem","position":1,"name":"Home","item":"https:\/\/longchangchemical.com\/"},{"@type":"ListItem","position":2,"name":"Products Longchang","item":"https:\/\/longchangchemical.com\/product\/"},{"@type":"ListItem","position":3,"name":"DHHB \/ Uvinul A Plus CAS 302776-68-7"}]},{"@type":"WebSite","@id":"https:\/\/longchangchemical.com\/#website","url":"https:\/\/longchangchemical.com\/","name":"Qu\u00edmica Longchang","description":"Fabricante de produtos qu\u00edmicos na China \uff06 fornecedor","publisher":{"@id":"https:\/\/longchangchemical.com\/#organization"},"potentialAction":[{"@type":"SearchAction","target":{"@type":"EntryPoint","urlTemplate":"https:\/\/longchangchemical.com\/?s={search_term_string}"},"query-input":{"@type":"PropertyValueSpecification","valueRequired":true,"valueName":"search_term_string"}}],"inLanguage":"pt-BR"},{"@type":"Organization","@id":"https:\/\/longchangchemical.com\/#organization","name":"Qu\u00edmica Longchang","url":"https:\/\/longchangchemical.com\/","logo":{"@type":"ImageObject","inLanguage":"pt-BR","@id":"https:\/\/longchangchemical.com\/#\/schema\/logo\/image\/","url":"https:\/\/longchangchemical.com\/wp-content\/uploads\/2020\/08\/cropped-longchang-logo.png","contentUrl":"https:\/\/longchangchemical.com\/wp-content\/uploads\/2020\/08\/cropped-longchang-logo.png","width":512,"height":512,"caption":"Longchang Chemical"},"image":{"@id":"https:\/\/longchangchemical.com\/#\/schema\/logo\/image\/"}}]}},"_links":{"self":[{"href":"https:\/\/longchangchemical.com\/pt\/wp-json\/wp\/v2\/product\/3502","targetHints":{"allow":["GET"]}}],"collection":[{"href":"https:\/\/longchangchemical.com\/pt\/wp-json\/wp\/v2\/product"}],"about":[{"href":"https:\/\/longchangchemical.com\/pt\/wp-json\/wp\/v2\/types\/product"}],"replies":[{"embeddable":true,"href":"https:\/\/longchangchemical.com\/pt\/wp-json\/wp\/v2\/comments?post=3502"}],"wp:featuredmedia":[{"embeddable":true,"href":"https:\/\/longchangchemical.com\/pt\/wp-json\/wp\/v2\/media\/7967"}],"wp:attachment":[{"href":"https:\/\/longchangchemical.com\/pt\/wp-json\/wp\/v2\/media?parent=3502"}],"wp:term":[{"taxonomy":"product_brand","embeddable":true,"href":"https:\/\/longchangchemical.com\/pt\/wp-json\/wp\/v2\/product_brand?post=3502"},{"taxonomy":"product_cat","embeddable":true,"href":"https:\/\/longchangchemical.com\/pt\/wp-json\/wp\/v2\/product_cat?post=3502"},{"taxonomy":"product_tag","embeddable":true,"href":"https:\/\/longchangchemical.com\/pt\/wp-json\/wp\/v2\/product_tag?post=3502"}],"curies":[{"name":"wp","href":"https:\/\/api.w.org\/{rel}","templated":true}]}}