{"id":3472,"date":"2020-12-16T02:42:13","date_gmt":"2020-12-16T02:42:13","guid":{"rendered":"https:\/\/longchangchemical.com\/?post_type=product&#038;p=3472"},"modified":"2025-12-23T04:16:43","modified_gmt":"2025-12-23T04:16:43","slug":"benzenemethanol-benzyl-alcohol-cas-100-51-6","status":"publish","type":"product","link":"https:\/\/longchangchemical.com\/pt\/product\/benzenemethanol-benzyl-alcohol-cas-100-51-6\/","title":{"rendered":"Benzenometanol \/ \u00c1lcool benz\u00edlico cas 100-51-6"},"content":{"rendered":"<h1><strong>Benzenometanol \/ \u00c1lcool benz\u00edlico cas 100-51-6<\/strong><\/h1>\n<table>\n<tbody>\n<tr>\n<td width=\"171\">\n<h4><strong><b>Itens<\/b><\/strong><\/h4>\n<\/td>\n<td width=\"213\">\n<h4><strong><b>Padr\u00e3o<\/b><\/strong><\/h4>\n<\/td>\n<td width=\"315\">\n<h4><strong><b>Resultado da inspe\u00e7\u00e3o<\/b><\/strong><\/h4>\n<\/td>\n<\/tr>\n<tr>\n<td width=\"171\">\n<h4>APAR\u00caNCIA<\/h4>\n<\/td>\n<td width=\"213\">\n<h4>L\u00cdQUIDO INCOLOR<\/h4>\n<\/td>\n<td width=\"315\">\n<h4>APROVADO<\/h4>\n<\/td>\n<\/tr>\n<tr>\n<td width=\"171\">\n<h4>PURITY(%)<\/h4>\n<\/td>\n<td width=\"213\">\n<h4>99,97MIN<\/h4>\n<\/td>\n<td width=\"315\">\n<h4>99.99<\/h4>\n<\/td>\n<\/tr>\n<tr>\n<td width=\"171\">\n<h4>BENZALDE\u00cdDO (PPM):<\/h4>\n<\/td>\n<td width=\"213\">\n<h4>200MAX<\/h4>\n<\/td>\n<td width=\"315\">\n<h4>98PPM<\/h4>\n<\/td>\n<\/tr>\n<tr>\n<td width=\"171\">\n<h4>ACIDEZ<\/h4>\n<h4>(COMO \u00c1CIDO BENZ\u00d3ICO) ( ) :<\/h4>\n<\/td>\n<td width=\"213\">\n<h4>0,1MAX<\/h4>\n<\/td>\n<td width=\"315\">\n<h4>0.05<\/h4>\n<\/td>\n<\/tr>\n<tr>\n<td width=\"171\">\n<h4>CLORIDE ():<\/h4>\n<\/td>\n<td width=\"213\">\n<h4>0,005 MAX<\/h4>\n<\/td>\n<td width=\"315\">\n<h4>APROVADO<\/h4>\n<\/td>\n<\/tr>\n<tr>\n<td width=\"171\">\n<h4>COR (HAZEN):<\/h4>\n<\/td>\n<td width=\"213\">\n<h4>10 MAX<\/h4>\n<\/td>\n<td width=\"315\">\n<h4>5<\/h4>\n<\/td>\n<\/tr>\n<tr>\n<td width=\"171\">\n<h4>GRAVIDADE ESPEC\u00cdFICA (20\u2103):<\/h4>\n<\/td>\n<td width=\"213\">\n<h4>1.043-1.048<\/h4>\n<\/td>\n<td width=\"315\">\n<h4>1.047<\/h4>\n<\/td>\n<\/tr>\n<tr>\n<td width=\"171\">\n<h4>\u00cdNDICE DE REFRA\u00c7\u00c3O (20\u2103):<\/h4>\n<\/td>\n<td width=\"213\">\n<h4>1.538-1.541<\/h4>\n<\/td>\n<td width=\"315\">\n<h4>1.540<\/h4>\n<\/td>\n<\/tr>\n<tr>\n<td width=\"171\">\n<h4>\u00c1GUA( )<\/h4>\n<\/td>\n<td width=\"213\">\n<h4>0,1MAX<\/h4>\n<\/td>\n<td width=\"315\">\n<h4>0.014<\/h4>\n<\/td>\n<\/tr>\n<tr>\n<td width=\"171\">\n<h4>CLAREZA DA SOLU\u00c7\u00c3O (1+30):<\/h4>\n<\/td>\n<td width=\"213\">\n<h4>99,97MIN<\/h4>\n<\/td>\n<td width=\"315\">\n<h4>APROVADO<\/h4>\n<\/td>\n<\/tr>\n<\/tbody>\n<\/table>\n<h2><strong>O que \u00e9 \u00e1lcool benz\u00edlico?<\/strong><\/h2>\n<h4>O \u00e1lcool benz\u00edlico \u00e9 um composto org\u00e2nico com a f\u00f3rmula molecular C7H8O. \u00c9 um dos \u00e1lcoois arom\u00e1ticos mais simples e pode ser considerado como metanol substitu\u00eddo por fenil. Na natureza, a maioria dos \u00f3leos essenciais est\u00e1 presente na forma de \u00e9steres, como o \u00f3leo de jasmim, o \u00f3leo de jacinto e o b\u00e1lsamo do Peru, todos contendo esse ingrediente.<\/h4>\n<p>&nbsp;<\/p>\n<h2><strong>Uso do \u00e1lcool benz\u00edlico<\/strong><\/h2>\n<h4>1. O \u00e1lcool benz\u00edlico pode ser usado como conservante para pomadas.<\/h4>\n<h4>2. O \u00e1lcool benz\u00edlico pode ser usado como dessecante para fibras, filamentos de n\u00e1ilon e filmes pl\u00e1sticos, e como estabilizador para cloreto de polivinila.<\/h4>\n<h4>3. O \u00e1lcool benz\u00edlico pode ser usado como revelador fotogr\u00e1fico, como solvente para acetato de celulose, tinta, tinta, tinta ep\u00f3xi, corantes, case\u00edna, goma-laca e gelatina, etc., para preparar \u00e9ster benz\u00edlico ou intermedi\u00e1rios de \u00e9ter.<\/h4>\n<h4>4. Por ter quase o mesmo \u00edndice de refra\u00e7\u00e3o que as fibras de quartzo e de l\u00e3, \u00e9 usado como agente de distin\u00e7\u00e3o para fibras de quartzo e de l\u00e3.<\/h4>\n<h4>5. O \u00e1lcool benz\u00edlico \u00e9 usado como diluente na ind\u00fastria de perfumes. Pode ser usado como agente de mistura com acetato de benzila em jasmim, gard\u00eania, lil\u00e1s, ylang-ylang, tuberosa, jacinto, ac\u00e1cia e outras fragr\u00e2ncias florais. Atua como aditivo em sabonetes, perfumes, cosm\u00e9ticos e outros produtos. Tamb\u00e9m \u00e9 frequentemente usado como solvente para dissolver alm\u00edscares artificiais e outras especiarias. Tamb\u00e9m \u00e9 frequentemente usado como aroma comest\u00edvel para aromas de cereja, uva, mel, laranja doce, framboesa, nozes, fava de baunilha e outros aromas comest\u00edveis.<\/h4>\n<p>&nbsp;<\/p>\n<h2><strong>Embalagem e remessa de \u00e1lcool benz\u00edlico<\/strong><\/h2>\n<h4>Embalagem: 210 kg\/tambor<\/h4>\n<h4>Entrega: Mar\u00edtima ou a\u00e9rea<\/h4>\n<p>&nbsp;<\/p>\n<h2><strong>Armazenamento de \u00e1lcool benz\u00edlico<\/strong><\/h2>\n<h4>Armazene em um dep\u00f3sito fresco e ventilado. Mantenha-o longe do fogo e de fontes de calor. Deve ser armazenado separadamente de oxidantes e produtos qu\u00edmicos comest\u00edveis e evitar o armazenamento misto. Equipado com a variedade e a quantidade adequadas de equipamentos contra inc\u00eandio. A \u00e1rea de armazenamento deve ser equipada com equipamentos de tratamento emergencial de vazamentos e materiais de armazenamento adequados.<\/h4>\n<p>&nbsp;<\/p>\n<h2><strong><b>Entre em contato conosco agora!<\/b><\/strong><\/h2>\n<h4><strong><b>Oferecemos servi\u00e7os personalizados e, normalmente, entraremos em contato com voc\u00ea dentro de 24 horas. Voc\u00ea tamb\u00e9m pode me enviar um e-mail para info@longchangchemical.com durante o hor\u00e1rio comercial (das 8h30 \u00e0s 18h UTC+8 de segunda a s\u00e1bado) ou usar o bate-papo ao vivo do site para obter uma resposta r\u00e1pida.<\/b><\/strong><\/h4>","protected":false},"excerpt":{"rendered":"<p>Nome qu\u00edmico: \u00c1lcool benz\u00edlico; Benzenometanol; BnOH<\/p>\n<p>N\u00famero CAS: 100-51-6<\/p>\n<p>F\u00f3rmula molecular: C7H8O<\/p>\n<p>Estrutura qu\u00edmica:<img decoding=\"async\" title=\"Estrutura do \u00e1lcool benz\u00edlico\" src=\"https:\/\/www.longchangchemical.com\/wp-content\/uploads\/product-details\/20200612315450.png\" alt=\"Estrutura do \u00e1lcool benz\u00edlico\" width=\"161\" height=\"74\" border=\"0\" vspace=\"0\" \/><\/p>\n<p>Peso molecular: 108,14<\/p>\n<p>Apar\u00eancia: L\u00edquido oleoso incolor claro<\/p>\n<p>Ensaio: 99.95%<\/p>","protected":false},"featured_media":3473,"comment_status":"open","ping_status":"closed","template":"","meta":[],"product_brand":[],"product_cat":[103],"product_tag":[],"class_list":{"0":"post-3472","1":"product","2":"type-product","3":"status-publish","4":"has-post-thumbnail","6":"product_cat-cosmetic-additives","8":"first","9":"instock","10":"shipping-taxable","11":"product-type-simple"},"yoast_head":"<!-- This site is optimized with the Yoast SEO plugin v25.3.1 - https:\/\/yoast.com\/wordpress\/plugins\/seo\/ -->\n<title>China Benzenemethanol \/ Benzyl alcohol cas 100-51-6 manufacturer and supplier - Longchang Chemical<\/title>\n<meta name=\"description\" content=\"Longchang Chemical is a leading manufacturer and supplier of Benzenemethanol \/ Benzyl alcohol in China. Buy Benzenemethanol \/ Benzyl alcohol in china. We can provide the best Benzenemethanol \/ Benzyl alcohol price.\" \/>\n<meta name=\"robots\" content=\"index, follow, max-snippet:-1, max-image-preview:large, max-video-preview:-1\" \/>\n<link rel=\"canonical\" href=\"https:\/\/longchangchemical.com\/pt\/product\/benzenemethanol-benzyl-alcohol-cas-100-51-6\/\" \/>\n<meta property=\"og:locale\" content=\"pt_BR\" \/>\n<meta property=\"og:type\" content=\"article\" \/>\n<meta property=\"og:title\" content=\"China Benzenemethanol \/ Benzyl alcohol cas 100-51-6 manufacturer and supplier - Longchang Chemical\" \/>\n<meta property=\"og:description\" content=\"Longchang Chemical is a leading manufacturer and supplier of Benzenemethanol \/ Benzyl alcohol in China. Buy Benzenemethanol \/ Benzyl alcohol in china. We can provide the best Benzenemethanol \/ Benzyl alcohol price.\" \/>\n<meta property=\"og:url\" content=\"https:\/\/longchangchemical.com\/pt\/product\/benzenemethanol-benzyl-alcohol-cas-100-51-6\/\" \/>\n<meta property=\"og:site_name\" content=\"Longchang Chemical\" \/>\n<meta property=\"article:modified_time\" content=\"2025-12-23T04:16:43+00:00\" \/>\n<meta property=\"og:image\" content=\"https:\/\/longchangchemical.com\/wp-content\/uploads\/2020\/12\/Benzyl-alcohol-Appearance.jpg\" \/>\n\t<meta property=\"og:image:width\" content=\"600\" \/>\n\t<meta property=\"og:image:height\" content=\"800\" \/>\n\t<meta property=\"og:image:type\" content=\"image\/jpeg\" \/>\n<meta name=\"twitter:card\" content=\"summary_large_image\" \/>\n<script type=\"application\/ld+json\" class=\"yoast-schema-graph\">{\"@context\":\"https:\/\/schema.org\",\"@graph\":[{\"@type\":\"WebPage\",\"@id\":\"https:\/\/longchangchemical.com\/product\/benzenemethanol-benzyl-alcohol-cas-100-51-6\/\",\"url\":\"https:\/\/longchangchemical.com\/product\/benzenemethanol-benzyl-alcohol-cas-100-51-6\/\",\"name\":\"China Benzenemethanol \/ Benzyl alcohol cas 100-51-6 manufacturer and supplier - Longchang Chemical\",\"isPartOf\":{\"@id\":\"https:\/\/longchangchemical.com\/#website\"},\"primaryImageOfPage\":{\"@id\":\"https:\/\/longchangchemical.com\/product\/benzenemethanol-benzyl-alcohol-cas-100-51-6\/#primaryimage\"},\"image\":{\"@id\":\"https:\/\/longchangchemical.com\/product\/benzenemethanol-benzyl-alcohol-cas-100-51-6\/#primaryimage\"},\"thumbnailUrl\":\"https:\/\/longchangchemical.com\/wp-content\/uploads\/2020\/12\/Benzyl-alcohol-Appearance.jpg\",\"datePublished\":\"2020-12-16T02:42:13+00:00\",\"dateModified\":\"2025-12-23T04:16:43+00:00\",\"description\":\"Longchang Chemical is a leading manufacturer and supplier of Benzenemethanol \/ Benzyl alcohol in China. Buy Benzenemethanol \/ Benzyl alcohol in china. We can provide the best Benzenemethanol \/ Benzyl alcohol price.\",\"breadcrumb\":{\"@id\":\"https:\/\/longchangchemical.com\/product\/benzenemethanol-benzyl-alcohol-cas-100-51-6\/#breadcrumb\"},\"inLanguage\":\"pt-BR\",\"potentialAction\":[{\"@type\":\"ReadAction\",\"target\":[\"https:\/\/longchangchemical.com\/product\/benzenemethanol-benzyl-alcohol-cas-100-51-6\/\"]}]},{\"@type\":\"ImageObject\",\"inLanguage\":\"pt-BR\",\"@id\":\"https:\/\/longchangchemical.com\/product\/benzenemethanol-benzyl-alcohol-cas-100-51-6\/#primaryimage\",\"url\":\"https:\/\/longchangchemical.com\/wp-content\/uploads\/2020\/12\/Benzyl-alcohol-Appearance.jpg\",\"contentUrl\":\"https:\/\/longchangchemical.com\/wp-content\/uploads\/2020\/12\/Benzyl-alcohol-Appearance.jpg\",\"width\":600,\"height\":800,\"caption\":\"Benzyl alcohol Appearance\"},{\"@type\":\"BreadcrumbList\",\"@id\":\"https:\/\/longchangchemical.com\/product\/benzenemethanol-benzyl-alcohol-cas-100-51-6\/#breadcrumb\",\"itemListElement\":[{\"@type\":\"ListItem\",\"position\":1,\"name\":\"Home\",\"item\":\"https:\/\/longchangchemical.com\/\"},{\"@type\":\"ListItem\",\"position\":2,\"name\":\"Products Longchang\",\"item\":\"https:\/\/longchangchemical.com\/product\/\"},{\"@type\":\"ListItem\",\"position\":3,\"name\":\"Benzenemethanol \/ Benzyl alcohol cas 100-51-6\"}]},{\"@type\":\"WebSite\",\"@id\":\"https:\/\/longchangchemical.com\/#website\",\"url\":\"https:\/\/longchangchemical.com\/\",\"name\":\"Longchang Chemical\",\"description\":\"China chemical manufacturer \uff06 supplier\",\"publisher\":{\"@id\":\"https:\/\/longchangchemical.com\/#organization\"},\"potentialAction\":[{\"@type\":\"SearchAction\",\"target\":{\"@type\":\"EntryPoint\",\"urlTemplate\":\"https:\/\/longchangchemical.com\/?s={search_term_string}\"},\"query-input\":{\"@type\":\"PropertyValueSpecification\",\"valueRequired\":true,\"valueName\":\"search_term_string\"}}],\"inLanguage\":\"pt-BR\"},{\"@type\":\"Organization\",\"@id\":\"https:\/\/longchangchemical.com\/#organization\",\"name\":\"Longchang Chemical\",\"url\":\"https:\/\/longchangchemical.com\/\",\"logo\":{\"@type\":\"ImageObject\",\"inLanguage\":\"pt-BR\",\"@id\":\"https:\/\/longchangchemical.com\/#\/schema\/logo\/image\/\",\"url\":\"https:\/\/longchangchemical.com\/wp-content\/uploads\/2020\/08\/cropped-longchang-logo.png\",\"contentUrl\":\"https:\/\/longchangchemical.com\/wp-content\/uploads\/2020\/08\/cropped-longchang-logo.png\",\"width\":512,\"height\":512,\"caption\":\"Longchang Chemical\"},\"image\":{\"@id\":\"https:\/\/longchangchemical.com\/#\/schema\/logo\/image\/\"}}]}<\/script>\n<!-- \/ Yoast SEO plugin. -->","yoast_head_json":{"title":"Fabricante e fornecedor de Benzenometanol \/ \u00c1lcool benz\u00edlico cas 100-51-6 na China - Longchang Chemical","description":"A Longchang Chemical \u00e9 um fabricante e fornecedor l\u00edder de Benzenometanol \/ \u00c1lcool benz\u00edlico na China. Compre Benzenometanol \/ \u00c1lcool Benz\u00edlico na China. Podemos fornecer o melhor pre\u00e7o de Benzenometanol \/ \u00c1lcool Benz\u00edlico.","robots":{"index":"index","follow":"follow","max-snippet":"max-snippet:-1","max-image-preview":"max-image-preview:large","max-video-preview":"max-video-preview:-1"},"canonical":"https:\/\/longchangchemical.com\/pt\/product\/benzenemethanol-benzyl-alcohol-cas-100-51-6\/","og_locale":"pt_BR","og_type":"article","og_title":"China Benzenemethanol \/ Benzyl alcohol cas 100-51-6 manufacturer and supplier - Longchang Chemical","og_description":"Longchang Chemical is a leading manufacturer and supplier of Benzenemethanol \/ Benzyl alcohol in China. Buy Benzenemethanol \/ Benzyl alcohol in china. We can provide the best Benzenemethanol \/ Benzyl alcohol price.","og_url":"https:\/\/longchangchemical.com\/pt\/product\/benzenemethanol-benzyl-alcohol-cas-100-51-6\/","og_site_name":"Longchang Chemical","article_modified_time":"2025-12-23T04:16:43+00:00","og_image":[{"width":600,"height":800,"url":"https:\/\/longchangchemical.com\/wp-content\/uploads\/2020\/12\/Benzyl-alcohol-Appearance.jpg","type":"image\/jpeg"}],"twitter_card":"summary_large_image","schema":{"@context":"https:\/\/schema.org","@graph":[{"@type":"WebPage","@id":"https:\/\/longchangchemical.com\/product\/benzenemethanol-benzyl-alcohol-cas-100-51-6\/","url":"https:\/\/longchangchemical.com\/product\/benzenemethanol-benzyl-alcohol-cas-100-51-6\/","name":"Fabricante e fornecedor de Benzenometanol \/ \u00c1lcool benz\u00edlico cas 100-51-6 na China - Longchang Chemical","isPartOf":{"@id":"https:\/\/longchangchemical.com\/#website"},"primaryImageOfPage":{"@id":"https:\/\/longchangchemical.com\/product\/benzenemethanol-benzyl-alcohol-cas-100-51-6\/#primaryimage"},"image":{"@id":"https:\/\/longchangchemical.com\/product\/benzenemethanol-benzyl-alcohol-cas-100-51-6\/#primaryimage"},"thumbnailUrl":"https:\/\/longchangchemical.com\/wp-content\/uploads\/2020\/12\/Benzyl-alcohol-Appearance.jpg","datePublished":"2020-12-16T02:42:13+00:00","dateModified":"2025-12-23T04:16:43+00:00","description":"A Longchang Chemical \u00e9 um fabricante e fornecedor l\u00edder de Benzenometanol \/ \u00c1lcool benz\u00edlico na China. Compre Benzenometanol \/ \u00c1lcool Benz\u00edlico na China. Podemos fornecer o melhor pre\u00e7o de Benzenometanol \/ \u00c1lcool Benz\u00edlico.","breadcrumb":{"@id":"https:\/\/longchangchemical.com\/product\/benzenemethanol-benzyl-alcohol-cas-100-51-6\/#breadcrumb"},"inLanguage":"pt-BR","potentialAction":[{"@type":"ReadAction","target":["https:\/\/longchangchemical.com\/product\/benzenemethanol-benzyl-alcohol-cas-100-51-6\/"]}]},{"@type":"ImageObject","inLanguage":"pt-BR","@id":"https:\/\/longchangchemical.com\/product\/benzenemethanol-benzyl-alcohol-cas-100-51-6\/#primaryimage","url":"https:\/\/longchangchemical.com\/wp-content\/uploads\/2020\/12\/Benzyl-alcohol-Appearance.jpg","contentUrl":"https:\/\/longchangchemical.com\/wp-content\/uploads\/2020\/12\/Benzyl-alcohol-Appearance.jpg","width":600,"height":800,"caption":"Benzyl alcohol Appearance"},{"@type":"BreadcrumbList","@id":"https:\/\/longchangchemical.com\/product\/benzenemethanol-benzyl-alcohol-cas-100-51-6\/#breadcrumb","itemListElement":[{"@type":"ListItem","position":1,"name":"Home","item":"https:\/\/longchangchemical.com\/"},{"@type":"ListItem","position":2,"name":"Products Longchang","item":"https:\/\/longchangchemical.com\/product\/"},{"@type":"ListItem","position":3,"name":"Benzenemethanol \/ Benzyl alcohol cas 100-51-6"}]},{"@type":"WebSite","@id":"https:\/\/longchangchemical.com\/#website","url":"https:\/\/longchangchemical.com\/","name":"Qu\u00edmica Longchang","description":"Fabricante de produtos qu\u00edmicos na China \uff06 fornecedor","publisher":{"@id":"https:\/\/longchangchemical.com\/#organization"},"potentialAction":[{"@type":"SearchAction","target":{"@type":"EntryPoint","urlTemplate":"https:\/\/longchangchemical.com\/?s={search_term_string}"},"query-input":{"@type":"PropertyValueSpecification","valueRequired":true,"valueName":"search_term_string"}}],"inLanguage":"pt-BR"},{"@type":"Organization","@id":"https:\/\/longchangchemical.com\/#organization","name":"Qu\u00edmica Longchang","url":"https:\/\/longchangchemical.com\/","logo":{"@type":"ImageObject","inLanguage":"pt-BR","@id":"https:\/\/longchangchemical.com\/#\/schema\/logo\/image\/","url":"https:\/\/longchangchemical.com\/wp-content\/uploads\/2020\/08\/cropped-longchang-logo.png","contentUrl":"https:\/\/longchangchemical.com\/wp-content\/uploads\/2020\/08\/cropped-longchang-logo.png","width":512,"height":512,"caption":"Longchang Chemical"},"image":{"@id":"https:\/\/longchangchemical.com\/#\/schema\/logo\/image\/"}}]}},"_links":{"self":[{"href":"https:\/\/longchangchemical.com\/pt\/wp-json\/wp\/v2\/product\/3472","targetHints":{"allow":["GET"]}}],"collection":[{"href":"https:\/\/longchangchemical.com\/pt\/wp-json\/wp\/v2\/product"}],"about":[{"href":"https:\/\/longchangchemical.com\/pt\/wp-json\/wp\/v2\/types\/product"}],"replies":[{"embeddable":true,"href":"https:\/\/longchangchemical.com\/pt\/wp-json\/wp\/v2\/comments?post=3472"}],"wp:featuredmedia":[{"embeddable":true,"href":"https:\/\/longchangchemical.com\/pt\/wp-json\/wp\/v2\/media\/3473"}],"wp:attachment":[{"href":"https:\/\/longchangchemical.com\/pt\/wp-json\/wp\/v2\/media?parent=3472"}],"wp:term":[{"taxonomy":"product_brand","embeddable":true,"href":"https:\/\/longchangchemical.com\/pt\/wp-json\/wp\/v2\/product_brand?post=3472"},{"taxonomy":"product_cat","embeddable":true,"href":"https:\/\/longchangchemical.com\/pt\/wp-json\/wp\/v2\/product_cat?post=3472"},{"taxonomy":"product_tag","embeddable":true,"href":"https:\/\/longchangchemical.com\/pt\/wp-json\/wp\/v2\/product_tag?post=3472"}],"curies":[{"name":"wp","href":"https:\/\/api.w.org\/{rel}","templated":true}]}}