{"id":3451,"date":"2020-12-08T03:36:02","date_gmt":"2020-12-08T03:36:02","guid":{"rendered":"https:\/\/longchangchemical.com\/?post_type=product&#038;p=3451"},"modified":"2025-12-23T04:09:57","modified_gmt":"2025-12-23T04:09:57","slug":"potassium-thioglycolate-cas-34452-51-2","status":"publish","type":"product","link":"https:\/\/longchangchemical.com\/pt\/product\/potassium-thioglycolate-cas-34452-51-2\/","title":{"rendered":"Tioglicolato de pot\u00e1ssio CAS 34452-51-2"},"content":{"rendered":"<h1><strong>Tioglicolato de pot\u00e1ssio CAS 34452-51-2<\/strong><\/h1>\n<table class=\"table-1\" cellspacing=\"0\">\n<tbody>\n<tr>\n<td>\n<h4><strong>Item<\/strong><\/h4>\n<\/td>\n<td>\n<h4><strong>Especifica\u00e7\u00f5es<\/strong><\/h4>\n<\/td>\n<td>\n<h4><strong>Resultados<\/strong><\/h4>\n<\/td>\n<\/tr>\n<tr>\n<td>\n<h4>Apar\u00eancia<\/h4>\n<\/td>\n<td>\n<h4>L\u00edquido transparente incolor ou avermelhado<\/h4>\n<\/td>\n<td>\n<h4>L\u00edquido transparente de cor avermelhada<\/h4>\n<\/td>\n<\/tr>\n<tr>\n<td>\n<h4>Ensaio<\/h4>\n<\/td>\n<td>\n<h4>\u226543.0%<\/h4>\n<\/td>\n<td>\n<h4>43.4%<\/h4>\n<\/td>\n<\/tr>\n<tr>\n<td>\n<h4>Pb Metal pesado PPM (mg\/kg)<\/h4>\n<\/td>\n<td>\n<h4>\u22645.0%<\/h4>\n<\/td>\n<td>\n<h4>Cumprir<\/h4>\n<\/td>\n<\/tr>\n<tr>\n<td>\n<h4>Fe PPM (mg\/kg)<\/h4>\n<\/td>\n<td>\n<h4>\u22640,5%<\/h4>\n<\/td>\n<td>\n<h4>Cumprir<\/h4>\n<\/td>\n<\/tr>\n<tr>\n<td>\n<h4>Como PPM (mg\/kg)<\/h4>\n<\/td>\n<td>\n<h4>\u22645.0%<\/h4>\n<\/td>\n<td>\n<h4>Cumprir<\/h4>\n<\/td>\n<\/tr>\n<tr>\n<td>\n<h4>Densidade relativa<\/h4>\n<\/td>\n<td>\n<h4>1.26~1.30<\/h4>\n<\/td>\n<td>\n<h4>1.27<\/h4>\n<\/td>\n<\/tr>\n<tr>\n<td>\n<h4>PH<\/h4>\n<\/td>\n<td>\n<h4>6.5~7.5<\/h4>\n<\/td>\n<td>\n<h4>6.9<\/h4>\n<\/td>\n<\/tr>\n<tr>\n<td>\n<h4>Conclus\u00e3o<\/h4>\n<\/td>\n<td colspan=\"2\">\n<h4>Os resultados est\u00e3o em conformidade com os padr\u00f5es empresariais<\/h4>\n<\/td>\n<\/tr>\n<\/tbody>\n<\/table>\n<p>&nbsp;<\/p>\n<h2><strong>Uso do tioglicolato de pot\u00e1ssio<\/strong><\/h2>\n<h4>1. O tioglicolato de pot\u00e1ssio \u00e9 amplamente utilizado na remo\u00e7\u00e3o de pelos (como couro, corpo humano), principal agente para permanente e tingimento, e na prepara\u00e7\u00e3o de meio l\u00edquido s\u00f3lido.<\/h4>\n<h4>2. O tioglicolato de pot\u00e1ssio pode ser usado no beneficiamento de molibd\u00eanio como inibidor de cobre e enxofre.<\/h4>\n<h4>3. O tioglicolato de pot\u00e1ssio tamb\u00e9m pode ser usado como um agente redutor altamente eficaz.<\/h4>\n<p>&nbsp;<\/p>\n<h2><strong>Tioglicolato de pot\u00e1ssio em cosm\u00e9ticos<\/strong><\/h2>\n<p>&nbsp;<\/p>\n<h4>1. De acordo com o Regulamento da Uni\u00e3o Europeia (EC) n\u00ba 1223\/2009, Diretiva 88\/233\/EEC, est\u00e1 inclu\u00eddo no Anexo III\/2a.<\/h4>\n<h4>Pode ser aplicado a:<\/h4>\n<h4>(1) Produtos Perm<\/h4>\n<h4>(1a), uso geral: a concentra\u00e7\u00e3o m\u00e1xima de uso \u00e9 8% (calculada como \u00e1cido tioglic\u00f3lico), e o valor do pH \u00e9 7-9,5.<\/h4>\n<h4>(1b) Uso profissional: A concentra\u00e7\u00e3o m\u00e1xima de uso \u00e9 11% (calculada como \u00e1cido tioglic\u00f3lico), e o valor do pH \u00e9 7-9,5.<\/h4>\n<h4>(2) Produtos para remo\u00e7\u00e3o de pelos<\/h4>\n<h4>A concentra\u00e7\u00e3o m\u00e1xima de uso \u00e9 de 5% (com base no \u00e1cido tioglic\u00f3lico), e o valor do pH \u00e9 de 7 a 12,7.<\/h4>\n<h4>(3) Produtos capilares para lavagem<\/h4>\n<h4>A concentra\u00e7\u00e3o m\u00e1xima de uso \u00e9 de 2% (calculada como \u00e1cido tioglic\u00f3lico), e o valor do pH \u00e9 de 7 a 9,5.<\/h4>\n<h4>(4) Produtos para permanente de c\u00edlios<\/h4>\n<h4>A concentra\u00e7\u00e3o m\u00e1xima de uso \u00e9 11% (calculada como \u00e1cido tioglic\u00f3lico), e o valor do pH \u00e9 7-9,5.<\/h4>\n<h4>2. De acordo com a Especifica\u00e7\u00e3o T\u00e9cnica de Seguran\u00e7a de Cosm\u00e9ticos da China (edi\u00e7\u00e3o de 2015), ele est\u00e1 inclu\u00eddo nos componentes restritos de cosm\u00e9ticos.<\/h4>\n<h4>Pode ser aplicado a:<\/h4>\n<h4>(1) Produtos Perm<\/h4>\n<h4>(1a), uso geral: a concentra\u00e7\u00e3o m\u00e1xima de uso \u00e9 8% (calculada como \u00e1cido tioglic\u00f3lico), e o valor do pH \u00e9 7-9,5.<\/h4>\n<h4>(1b) Uso profissional: A concentra\u00e7\u00e3o m\u00e1xima de uso \u00e9 11% (calculada como \u00e1cido tioglic\u00f3lico), e o valor do pH \u00e9 7-9,5.<\/h4>\n<h4>(2) Produtos para remo\u00e7\u00e3o de pelos<\/h4>\n<h4>A concentra\u00e7\u00e3o m\u00e1xima de uso \u00e9 de 5% (com base no \u00e1cido tioglic\u00f3lico), e o valor do pH \u00e9 de 7 a 12,7.<\/h4>\n<h4>(3) Produtos capilares para lavagem<\/h4>\n<h4>A concentra\u00e7\u00e3o m\u00e1xima de uso \u00e9 de 2% (calculada como \u00e1cido tioglic\u00f3lico), e o valor do pH \u00e9 de 7 a 9,5.<\/h4>\n<p>&nbsp;<\/p>\n<h2><strong>Pacote de tioglicolato de pot\u00e1ssio<\/strong><\/h2>\n<h4>Sacos, 1g,5g,1kg,25 kg<br \/>\nTambor,25 kg ,180kg<\/h4>\n<p>&nbsp;<\/p>\n<h2><strong><b>Entre em contato conosco agora!<\/b><\/strong><\/h2>\n<h4><strong><b>Oferecemos servi\u00e7os personalizados e, em geral, entraremos em contato com voc\u00ea dentro de 24 horas. Voc\u00ea tamb\u00e9m pode me enviar um e-mail <a href=\"mailto:info@longchangchemical.com\"><span style=\"color: #00ccff;\">info@longchangchemical.com<\/span><\/a> durante o hor\u00e1rio comercial (das 8h30 \u00e0s 18h UTC+8 de segunda a s\u00e1bado) ou use o bate-papo ao vivo do site para obter uma resposta imediata.<\/b><\/strong><\/h4>","protected":false},"excerpt":{"rendered":"<h4>Nome qu\u00edmico: Tioglicolato de pot\u00e1ssio<\/h4>\n<h4>CAS: 34452-51-2<\/h4>\n<h4>F\u00f3rmula molecular: C2H3KO2S<\/h4>\n<h4>Peso molecular: 130,21<\/h4>\n<h4>Apar\u00eancia: L\u00edquido incolor ou avermelhado<\/h4>\n<h4>Pureza: 43%<\/h4>","protected":false},"featured_media":3452,"comment_status":"open","ping_status":"closed","template":"","meta":[],"product_brand":[],"product_cat":[103],"product_tag":[],"class_list":{"0":"post-3451","1":"product","2":"type-product","3":"status-publish","4":"has-post-thumbnail","6":"product_cat-cosmetic-additives","8":"first","9":"instock","10":"shipping-taxable","11":"product-type-simple"},"yoast_head":"<!-- This site is optimized with the Yoast SEO plugin v25.3.1 - https:\/\/yoast.com\/wordpress\/plugins\/seo\/ -->\n<title>China Potassium thioglycolate CAS 34452-51-2 manufacturer and supplier - Longchang Chemical<\/title>\n<meta name=\"description\" content=\"Longchang Chemical is a leading manufacturer and supplier of Potassium thioglycolate in China. Buy Potassium thioglycolate in china. We can provide the best Potassium thioglycolate price. Other Name: Thioglycollic acid potassium salt; potassium 2-Mercaptoacetate; 2-sulfanylacetate; mercapto-aceticacimonopotassiumsalt; POTASSIUM THIOGLYCOLATE; POTASSIUM THIOGLYCOLLATE; potassium mercaptoacetate\" \/>\n<meta name=\"robots\" content=\"index, follow, max-snippet:-1, max-image-preview:large, max-video-preview:-1\" \/>\n<link rel=\"canonical\" href=\"https:\/\/longchangchemical.com\/pt\/product\/potassium-thioglycolate-cas-34452-51-2\/\" \/>\n<meta property=\"og:locale\" content=\"pt_BR\" \/>\n<meta property=\"og:type\" content=\"article\" \/>\n<meta property=\"og:title\" content=\"China Potassium thioglycolate CAS 34452-51-2 manufacturer and supplier - Longchang Chemical\" \/>\n<meta property=\"og:description\" content=\"Longchang Chemical is a leading manufacturer and supplier of Potassium thioglycolate in China. Buy Potassium thioglycolate in china. We can provide the best Potassium thioglycolate price. Other Name: Thioglycollic acid potassium salt; potassium 2-Mercaptoacetate; 2-sulfanylacetate; mercapto-aceticacimonopotassiumsalt; POTASSIUM THIOGLYCOLATE; POTASSIUM THIOGLYCOLLATE; potassium mercaptoacetate\" \/>\n<meta property=\"og:url\" content=\"https:\/\/longchangchemical.com\/pt\/product\/potassium-thioglycolate-cas-34452-51-2\/\" \/>\n<meta property=\"og:site_name\" content=\"Longchang Chemical\" \/>\n<meta property=\"article:modified_time\" content=\"2025-12-23T04:09:57+00:00\" \/>\n<meta property=\"og:image\" content=\"https:\/\/longchangchemical.com\/wp-content\/uploads\/2020\/12\/Potassium-thioglycolate-Appearance.jpg\" \/>\n\t<meta property=\"og:image:width\" content=\"600\" \/>\n\t<meta property=\"og:image:height\" content=\"800\" \/>\n\t<meta property=\"og:image:type\" content=\"image\/jpeg\" \/>\n<meta name=\"twitter:card\" content=\"summary_large_image\" \/>\n<script type=\"application\/ld+json\" class=\"yoast-schema-graph\">{\"@context\":\"https:\/\/schema.org\",\"@graph\":[{\"@type\":\"WebPage\",\"@id\":\"https:\/\/longchangchemical.com\/product\/potassium-thioglycolate-cas-34452-51-2\/\",\"url\":\"https:\/\/longchangchemical.com\/product\/potassium-thioglycolate-cas-34452-51-2\/\",\"name\":\"China Potassium thioglycolate CAS 34452-51-2 manufacturer and supplier - Longchang Chemical\",\"isPartOf\":{\"@id\":\"https:\/\/longchangchemical.com\/#website\"},\"primaryImageOfPage\":{\"@id\":\"https:\/\/longchangchemical.com\/product\/potassium-thioglycolate-cas-34452-51-2\/#primaryimage\"},\"image\":{\"@id\":\"https:\/\/longchangchemical.com\/product\/potassium-thioglycolate-cas-34452-51-2\/#primaryimage\"},\"thumbnailUrl\":\"https:\/\/longchangchemical.com\/wp-content\/uploads\/2020\/12\/Potassium-thioglycolate-Appearance.jpg\",\"datePublished\":\"2020-12-08T03:36:02+00:00\",\"dateModified\":\"2025-12-23T04:09:57+00:00\",\"description\":\"Longchang Chemical is a leading manufacturer and supplier of Potassium thioglycolate in China. Buy Potassium thioglycolate in china. We can provide the best Potassium thioglycolate price. Other Name: Thioglycollic acid potassium salt; potassium 2-Mercaptoacetate; 2-sulfanylacetate; mercapto-aceticacimonopotassiumsalt; POTASSIUM THIOGLYCOLATE; POTASSIUM THIOGLYCOLLATE; potassium mercaptoacetate\",\"breadcrumb\":{\"@id\":\"https:\/\/longchangchemical.com\/product\/potassium-thioglycolate-cas-34452-51-2\/#breadcrumb\"},\"inLanguage\":\"pt-BR\",\"potentialAction\":[{\"@type\":\"ReadAction\",\"target\":[\"https:\/\/longchangchemical.com\/product\/potassium-thioglycolate-cas-34452-51-2\/\"]}]},{\"@type\":\"ImageObject\",\"inLanguage\":\"pt-BR\",\"@id\":\"https:\/\/longchangchemical.com\/product\/potassium-thioglycolate-cas-34452-51-2\/#primaryimage\",\"url\":\"https:\/\/longchangchemical.com\/wp-content\/uploads\/2020\/12\/Potassium-thioglycolate-Appearance.jpg\",\"contentUrl\":\"https:\/\/longchangchemical.com\/wp-content\/uploads\/2020\/12\/Potassium-thioglycolate-Appearance.jpg\",\"width\":600,\"height\":800,\"caption\":\"Potassium thioglycolate Appearance\"},{\"@type\":\"BreadcrumbList\",\"@id\":\"https:\/\/longchangchemical.com\/product\/potassium-thioglycolate-cas-34452-51-2\/#breadcrumb\",\"itemListElement\":[{\"@type\":\"ListItem\",\"position\":1,\"name\":\"Home\",\"item\":\"https:\/\/longchangchemical.com\/\"},{\"@type\":\"ListItem\",\"position\":2,\"name\":\"Products Longchang\",\"item\":\"https:\/\/longchangchemical.com\/product\/\"},{\"@type\":\"ListItem\",\"position\":3,\"name\":\"Potassium thioglycolate CAS 34452-51-2\"}]},{\"@type\":\"WebSite\",\"@id\":\"https:\/\/longchangchemical.com\/#website\",\"url\":\"https:\/\/longchangchemical.com\/\",\"name\":\"Longchang Chemical\",\"description\":\"China chemical manufacturer \uff06 supplier\",\"publisher\":{\"@id\":\"https:\/\/longchangchemical.com\/#organization\"},\"potentialAction\":[{\"@type\":\"SearchAction\",\"target\":{\"@type\":\"EntryPoint\",\"urlTemplate\":\"https:\/\/longchangchemical.com\/?s={search_term_string}\"},\"query-input\":{\"@type\":\"PropertyValueSpecification\",\"valueRequired\":true,\"valueName\":\"search_term_string\"}}],\"inLanguage\":\"pt-BR\"},{\"@type\":\"Organization\",\"@id\":\"https:\/\/longchangchemical.com\/#organization\",\"name\":\"Longchang Chemical\",\"url\":\"https:\/\/longchangchemical.com\/\",\"logo\":{\"@type\":\"ImageObject\",\"inLanguage\":\"pt-BR\",\"@id\":\"https:\/\/longchangchemical.com\/#\/schema\/logo\/image\/\",\"url\":\"https:\/\/longchangchemical.com\/wp-content\/uploads\/2020\/08\/cropped-longchang-logo.png\",\"contentUrl\":\"https:\/\/longchangchemical.com\/wp-content\/uploads\/2020\/08\/cropped-longchang-logo.png\",\"width\":512,\"height\":512,\"caption\":\"Longchang Chemical\"},\"image\":{\"@id\":\"https:\/\/longchangchemical.com\/#\/schema\/logo\/image\/\"}}]}<\/script>\n<!-- \/ Yoast SEO plugin. -->","yoast_head_json":{"title":"Fabricante e fornecedor de tioglicolato de pot\u00e1ssio CAS 34452-51-2 na China - Longchang Chemical","description":"A Longchang Chemical \u00e9 um dos principais fabricantes e fornecedores de tioglicolato de pot\u00e1ssio na China. Compre Tioglicolato de Pot\u00e1ssio na China. N\u00f3s podemos fornecer o melhor pre\u00e7o de tioglicolato de pot\u00e1ssio. Outro nome: Sal de pot\u00e1ssio do \u00e1cido tioglic\u00f3lico; 2-Mercaptoacetato de pot\u00e1ssio; 2-sulfanilacetato; sal de mercapto-ac\u00e9ticoacimonopot\u00e1ssio; tioglicolato de pot\u00e1ssio; tioglicolato de pot\u00e1ssio; mercaptoacetato de pot\u00e1ssio","robots":{"index":"index","follow":"follow","max-snippet":"max-snippet:-1","max-image-preview":"max-image-preview:large","max-video-preview":"max-video-preview:-1"},"canonical":"https:\/\/longchangchemical.com\/pt\/product\/potassium-thioglycolate-cas-34452-51-2\/","og_locale":"pt_BR","og_type":"article","og_title":"China Potassium thioglycolate CAS 34452-51-2 manufacturer and supplier - Longchang Chemical","og_description":"Longchang Chemical is a leading manufacturer and supplier of Potassium thioglycolate in China. Buy Potassium thioglycolate in china. We can provide the best Potassium thioglycolate price. Other Name: Thioglycollic acid potassium salt; potassium 2-Mercaptoacetate; 2-sulfanylacetate; mercapto-aceticacimonopotassiumsalt; POTASSIUM THIOGLYCOLATE; POTASSIUM THIOGLYCOLLATE; potassium mercaptoacetate","og_url":"https:\/\/longchangchemical.com\/pt\/product\/potassium-thioglycolate-cas-34452-51-2\/","og_site_name":"Longchang Chemical","article_modified_time":"2025-12-23T04:09:57+00:00","og_image":[{"width":600,"height":800,"url":"https:\/\/longchangchemical.com\/wp-content\/uploads\/2020\/12\/Potassium-thioglycolate-Appearance.jpg","type":"image\/jpeg"}],"twitter_card":"summary_large_image","schema":{"@context":"https:\/\/schema.org","@graph":[{"@type":"WebPage","@id":"https:\/\/longchangchemical.com\/product\/potassium-thioglycolate-cas-34452-51-2\/","url":"https:\/\/longchangchemical.com\/product\/potassium-thioglycolate-cas-34452-51-2\/","name":"Fabricante e fornecedor de tioglicolato de pot\u00e1ssio CAS 34452-51-2 na China - Longchang Chemical","isPartOf":{"@id":"https:\/\/longchangchemical.com\/#website"},"primaryImageOfPage":{"@id":"https:\/\/longchangchemical.com\/product\/potassium-thioglycolate-cas-34452-51-2\/#primaryimage"},"image":{"@id":"https:\/\/longchangchemical.com\/product\/potassium-thioglycolate-cas-34452-51-2\/#primaryimage"},"thumbnailUrl":"https:\/\/longchangchemical.com\/wp-content\/uploads\/2020\/12\/Potassium-thioglycolate-Appearance.jpg","datePublished":"2020-12-08T03:36:02+00:00","dateModified":"2025-12-23T04:09:57+00:00","description":"A Longchang Chemical \u00e9 um dos principais fabricantes e fornecedores de tioglicolato de pot\u00e1ssio na China. Compre Tioglicolato de Pot\u00e1ssio na China. N\u00f3s podemos fornecer o melhor pre\u00e7o de tioglicolato de pot\u00e1ssio. Outro nome: Sal de pot\u00e1ssio do \u00e1cido tioglic\u00f3lico; 2-Mercaptoacetato de pot\u00e1ssio; 2-sulfanilacetato; sal de mercapto-ac\u00e9ticoacimonopot\u00e1ssio; tioglicolato de pot\u00e1ssio; tioglicolato de pot\u00e1ssio; mercaptoacetato de pot\u00e1ssio","breadcrumb":{"@id":"https:\/\/longchangchemical.com\/product\/potassium-thioglycolate-cas-34452-51-2\/#breadcrumb"},"inLanguage":"pt-BR","potentialAction":[{"@type":"ReadAction","target":["https:\/\/longchangchemical.com\/product\/potassium-thioglycolate-cas-34452-51-2\/"]}]},{"@type":"ImageObject","inLanguage":"pt-BR","@id":"https:\/\/longchangchemical.com\/product\/potassium-thioglycolate-cas-34452-51-2\/#primaryimage","url":"https:\/\/longchangchemical.com\/wp-content\/uploads\/2020\/12\/Potassium-thioglycolate-Appearance.jpg","contentUrl":"https:\/\/longchangchemical.com\/wp-content\/uploads\/2020\/12\/Potassium-thioglycolate-Appearance.jpg","width":600,"height":800,"caption":"Potassium thioglycolate Appearance"},{"@type":"BreadcrumbList","@id":"https:\/\/longchangchemical.com\/product\/potassium-thioglycolate-cas-34452-51-2\/#breadcrumb","itemListElement":[{"@type":"ListItem","position":1,"name":"Home","item":"https:\/\/longchangchemical.com\/"},{"@type":"ListItem","position":2,"name":"Products Longchang","item":"https:\/\/longchangchemical.com\/product\/"},{"@type":"ListItem","position":3,"name":"Potassium thioglycolate CAS 34452-51-2"}]},{"@type":"WebSite","@id":"https:\/\/longchangchemical.com\/#website","url":"https:\/\/longchangchemical.com\/","name":"Qu\u00edmica Longchang","description":"Fabricante de produtos qu\u00edmicos na China \uff06 fornecedor","publisher":{"@id":"https:\/\/longchangchemical.com\/#organization"},"potentialAction":[{"@type":"SearchAction","target":{"@type":"EntryPoint","urlTemplate":"https:\/\/longchangchemical.com\/?s={search_term_string}"},"query-input":{"@type":"PropertyValueSpecification","valueRequired":true,"valueName":"search_term_string"}}],"inLanguage":"pt-BR"},{"@type":"Organization","@id":"https:\/\/longchangchemical.com\/#organization","name":"Qu\u00edmica Longchang","url":"https:\/\/longchangchemical.com\/","logo":{"@type":"ImageObject","inLanguage":"pt-BR","@id":"https:\/\/longchangchemical.com\/#\/schema\/logo\/image\/","url":"https:\/\/longchangchemical.com\/wp-content\/uploads\/2020\/08\/cropped-longchang-logo.png","contentUrl":"https:\/\/longchangchemical.com\/wp-content\/uploads\/2020\/08\/cropped-longchang-logo.png","width":512,"height":512,"caption":"Longchang Chemical"},"image":{"@id":"https:\/\/longchangchemical.com\/#\/schema\/logo\/image\/"}}]}},"_links":{"self":[{"href":"https:\/\/longchangchemical.com\/pt\/wp-json\/wp\/v2\/product\/3451","targetHints":{"allow":["GET"]}}],"collection":[{"href":"https:\/\/longchangchemical.com\/pt\/wp-json\/wp\/v2\/product"}],"about":[{"href":"https:\/\/longchangchemical.com\/pt\/wp-json\/wp\/v2\/types\/product"}],"replies":[{"embeddable":true,"href":"https:\/\/longchangchemical.com\/pt\/wp-json\/wp\/v2\/comments?post=3451"}],"wp:featuredmedia":[{"embeddable":true,"href":"https:\/\/longchangchemical.com\/pt\/wp-json\/wp\/v2\/media\/3452"}],"wp:attachment":[{"href":"https:\/\/longchangchemical.com\/pt\/wp-json\/wp\/v2\/media?parent=3451"}],"wp:term":[{"taxonomy":"product_brand","embeddable":true,"href":"https:\/\/longchangchemical.com\/pt\/wp-json\/wp\/v2\/product_brand?post=3451"},{"taxonomy":"product_cat","embeddable":true,"href":"https:\/\/longchangchemical.com\/pt\/wp-json\/wp\/v2\/product_cat?post=3451"},{"taxonomy":"product_tag","embeddable":true,"href":"https:\/\/longchangchemical.com\/pt\/wp-json\/wp\/v2\/product_tag?post=3451"}],"curies":[{"name":"wp","href":"https:\/\/api.w.org\/{rel}","templated":true}]}}