{"id":3449,"date":"2020-12-08T01:42:18","date_gmt":"2020-12-08T01:42:18","guid":{"rendered":"https:\/\/longchangchemical.com\/?post_type=product&#038;p=3449"},"modified":"2025-12-23T04:06:06","modified_gmt":"2025-12-23T04:06:06","slug":"ammonium-thioglycolate-cas-5421-46-5","status":"publish","type":"product","link":"https:\/\/longchangchemical.com\/pt\/product\/ammonium-thioglycolate-cas-5421-46-5\/","title":{"rendered":"Tioglicolato de am\u00f4nio CAS 5421-46-5"},"content":{"rendered":"<h1><strong>Tioglicolato de am\u00f4nio CAS 5421-46-5<\/strong><\/h1>\n<table class=\"table-1\">\n<tbody>\n<tr>\n<td>\n<h4>Item<\/h4>\n<\/td>\n<td>\n<h4>Especifica\u00e7\u00f5es<\/h4>\n<\/td>\n<td>\n<h4>Resultados<\/h4>\n<\/td>\n<td><\/td>\n<\/tr>\n<tr>\n<td>\n<h4>Apar\u00eancia<\/h4>\n<\/td>\n<td>\n<h4>incolor ou rosa lavanda<\/h4>\n<\/td>\n<td>\n<h4>incolor<\/h4>\n<\/td>\n<td><\/td>\n<\/tr>\n<tr>\n<td>\n<h4>Atividade %<\/h4>\n<\/td>\n<td>\n<h4>\u226570.0%<\/h4>\n<\/td>\n<td>\n<h4>70.3%<\/h4>\n<\/td>\n<td><\/td>\n<\/tr>\n<tr>\n<td>\n<h4>Gravidade espec\u00edfica (\u03c120,g\/cm3)<\/h4>\n<\/td>\n<td>\n<h4>1.24(25\u2103)<\/h4>\n<\/td>\n<td>\n<h4>1.24(25\u2103)<\/h4>\n<\/td>\n<td><\/td>\n<\/tr>\n<tr>\n<td>\n<h4>PH<\/h4>\n<\/td>\n<td>\n<h4>6.0-6.8(25\u2103)<\/h4>\n<\/td>\n<td>\n<h4>6.2<\/h4>\n<\/td>\n<td><\/td>\n<\/tr>\n<tr>\n<td>\n<h4>Conclus\u00e3o<\/h4>\n<\/td>\n<td colspan=\"3\">\n<h4>Os resultados est\u00e3o em conformidade com os padr\u00f5es empresariais<\/h4>\n<\/td>\n<\/tr>\n<\/tbody>\n<\/table>\n<p><strong>\u00a0<\/strong><\/p>\n<h2><strong>Uso do tioglicolato de am\u00f4nio<\/strong><\/h2>\n<h4>1. O tioglicolato de am\u00f4nio pode ser usado como reagente para a determina\u00e7\u00e3o de ferro.<\/h4>\n<h4>2. O tioglicolato de am\u00f4nio pode ser usado na ind\u00fastria farmac\u00eautica.<\/h4>\n<h4>3. O tioglicolato de am\u00f4nio \u00e9 usado em cosm\u00e9ticos como agente modelador e solu\u00e7\u00e3o nutritiva, e tem um efeito modelador.<\/h4>\n<h4>4. O tioglicolato de am\u00f4nio tamb\u00e9m pode ser usado como estabilizador de PVC.<\/h4>\n<p>&nbsp;<\/p>\n<h2><strong>Tioglicolato de am\u00f4nio em cosm\u00e9ticos<\/strong><\/h2>\n<p>&nbsp;<\/p>\n<h4>1. De acordo com o Regulamento da Uni\u00e3o Europeia (EC) n\u00ba 1223\/2009, Diretiva 88\/233\/EEC, est\u00e1 inclu\u00eddo no Anexo III\/2a.<\/h4>\n<h4>Pode ser aplicado a:<\/h4>\n<h4>(1) Produtos Perm<\/h4>\n<h4>(1a), uso geral: a concentra\u00e7\u00e3o m\u00e1xima de uso \u00e9 8% (calculada como \u00e1cido tioglic\u00f3lico), e o valor do pH \u00e9 7-9,5.<\/h4>\n<h4>(1b) Uso profissional: A concentra\u00e7\u00e3o m\u00e1xima de uso \u00e9 11% (calculada como \u00e1cido tioglic\u00f3lico), e o valor do pH \u00e9 7-9,5.<\/h4>\n<h4>(2) Produtos para remo\u00e7\u00e3o de pelos<\/h4>\n<h4>A concentra\u00e7\u00e3o m\u00e1xima de uso \u00e9 de 5% (com base no \u00e1cido tioglic\u00f3lico), e o valor do pH \u00e9 de 7 a 12,7.<\/h4>\n<h4>(3) Produtos capilares para lavagem<\/h4>\n<h4>A concentra\u00e7\u00e3o m\u00e1xima de uso \u00e9 de 2% (calculada como \u00e1cido tioglic\u00f3lico), e o valor do pH \u00e9 de 7 a 9,5.<\/h4>\n<h4>(4) Produtos para permanente de c\u00edlios<\/h4>\n<h4>A concentra\u00e7\u00e3o m\u00e1xima de uso \u00e9 11% (calculada como \u00e1cido tioglic\u00f3lico), e o valor do pH \u00e9 7-9,5.<\/h4>\n<h4>2. De acordo com a Especifica\u00e7\u00e3o T\u00e9cnica de Seguran\u00e7a de Cosm\u00e9ticos da China (edi\u00e7\u00e3o de 2015), ele est\u00e1 inclu\u00eddo nos componentes restritos de cosm\u00e9ticos.<\/h4>\n<h4>Pode ser aplicado a:<\/h4>\n<h4>(1) Produtos Perm<\/h4>\n<h4>(1a), uso geral: a concentra\u00e7\u00e3o m\u00e1xima de uso \u00e9 8% (calculada como \u00e1cido tioglic\u00f3lico), e o valor do pH \u00e9 7-9,5.<\/h4>\n<h4>(1b) Uso profissional: A concentra\u00e7\u00e3o m\u00e1xima de uso \u00e9 11% (calculada como \u00e1cido tioglic\u00f3lico), e o valor do pH \u00e9 7-9,5.<\/h4>\n<h4>(2) Produtos para remo\u00e7\u00e3o de pelos<\/h4>\n<h4>A concentra\u00e7\u00e3o m\u00e1xima de uso \u00e9 de 5% (com base no \u00e1cido tioglic\u00f3lico), e o valor do pH \u00e9 de 7 a 12,7.<\/h4>\n<h4>(3) Produtos capilares para lavagem<\/h4>\n<h4>A concentra\u00e7\u00e3o m\u00e1xima de uso \u00e9 de 2% (calculada como \u00e1cido tioglic\u00f3lico), e o valor do pH \u00e9 de 7 a 9,5.<\/h4>\n<p>&nbsp;<\/p>\n<h2><strong>Embalagem de tioglicolato de am\u00f4nio<\/strong><\/h2>\n<h4>250\/tambor<\/h4>\n<p>&nbsp;<\/p>\n<h2><strong><b>Entre em contato conosco agora!<\/b><\/strong><\/h2>\n<h4><strong><b>Oferecemos servi\u00e7os personalizados e, normalmente, entraremos em contato com voc\u00ea dentro de 24 horas. Voc\u00ea tamb\u00e9m pode me enviar um e-mail para info@longchangchemical.com durante o hor\u00e1rio comercial (das 8h30 \u00e0s 18h UTC+8 de segunda a s\u00e1bado) ou usar o bate-papo ao vivo do site para obter uma resposta r\u00e1pida.<\/b><\/strong><\/h4>","protected":false},"excerpt":{"rendered":"<h4>Nome qu\u00edmico: Tioglicolato de am\u00f4nio<\/h4>\n<h4>N\u00famero CAS: 5421-46-5<\/h4>\n<h4>F\u00f3rmula molecular: C2H7NO2S<\/h4>\n<h4>F\u00f3rmula molecular: 109,15<\/h4>\n<h4>Estrutura qu\u00edmica:<img decoding=\"async\" title=\"Estrutura do tioglicolato de am\u00f4nio\" src=\"https:\/\/www.longchangchemical.com\/wp-content\/uploads\/product-details\/20200616155341.png\" alt=\"Estrutura do tioglicolato de am\u00f4nio\" width=\"75\" height=\"58\" border=\"0\" vspace=\"0\" \/><\/h4>\n<h4>Apar\u00eancia: L\u00edquido incolor<\/h4>\n<h4>Pureza: 50% 60% 70%<\/h4>","protected":false},"featured_media":3450,"comment_status":"open","ping_status":"closed","template":"","meta":[],"product_brand":[],"product_cat":[103],"product_tag":[],"class_list":{"0":"post-3449","1":"product","2":"type-product","3":"status-publish","4":"has-post-thumbnail","6":"product_cat-cosmetic-additives","8":"first","9":"instock","10":"shipping-taxable","11":"product-type-simple"},"yoast_head":"<!-- This site is optimized with the Yoast SEO plugin v25.3.1 - https:\/\/yoast.com\/wordpress\/plugins\/seo\/ -->\n<title>China Ammonium thioglycolate CAS 5421-46-5 manufacturer and supplier - Longchang Chemical<\/title>\n<meta name=\"description\" content=\"Longchang Chemical is a leading manufacturer and supplier of Ammonium thioglycolate in China. Buy Ammonium thioglycolate in china. We can provide the best Ammonium thioglycolate price.\" \/>\n<meta name=\"robots\" content=\"index, follow, max-snippet:-1, max-image-preview:large, max-video-preview:-1\" \/>\n<link rel=\"canonical\" href=\"https:\/\/longchangchemical.com\/pt\/product\/ammonium-thioglycolate-cas-5421-46-5\/\" \/>\n<meta property=\"og:locale\" content=\"pt_BR\" \/>\n<meta property=\"og:type\" content=\"article\" \/>\n<meta property=\"og:title\" content=\"China Ammonium thioglycolate CAS 5421-46-5 manufacturer and supplier - Longchang Chemical\" \/>\n<meta property=\"og:description\" content=\"Longchang Chemical is a leading manufacturer and supplier of Ammonium thioglycolate in China. Buy Ammonium thioglycolate in china. We can provide the best Ammonium thioglycolate price.\" \/>\n<meta property=\"og:url\" content=\"https:\/\/longchangchemical.com\/pt\/product\/ammonium-thioglycolate-cas-5421-46-5\/\" \/>\n<meta property=\"og:site_name\" content=\"Longchang Chemical\" \/>\n<meta property=\"article:modified_time\" content=\"2025-12-23T04:06:06+00:00\" \/>\n<meta property=\"og:image\" content=\"https:\/\/longchangchemical.com\/wp-content\/uploads\/2020\/12\/Ammonium-thioglycolate-Appearance.png\" \/>\n\t<meta property=\"og:image:width\" content=\"600\" \/>\n\t<meta property=\"og:image:height\" content=\"800\" \/>\n\t<meta property=\"og:image:type\" content=\"image\/png\" \/>\n<meta name=\"twitter:card\" content=\"summary_large_image\" \/>\n<script type=\"application\/ld+json\" class=\"yoast-schema-graph\">{\"@context\":\"https:\/\/schema.org\",\"@graph\":[{\"@type\":\"WebPage\",\"@id\":\"https:\/\/longchangchemical.com\/product\/ammonium-thioglycolate-cas-5421-46-5\/\",\"url\":\"https:\/\/longchangchemical.com\/product\/ammonium-thioglycolate-cas-5421-46-5\/\",\"name\":\"China Ammonium thioglycolate CAS 5421-46-5 manufacturer and supplier - Longchang Chemical\",\"isPartOf\":{\"@id\":\"https:\/\/longchangchemical.com\/#website\"},\"primaryImageOfPage\":{\"@id\":\"https:\/\/longchangchemical.com\/product\/ammonium-thioglycolate-cas-5421-46-5\/#primaryimage\"},\"image\":{\"@id\":\"https:\/\/longchangchemical.com\/product\/ammonium-thioglycolate-cas-5421-46-5\/#primaryimage\"},\"thumbnailUrl\":\"https:\/\/longchangchemical.com\/wp-content\/uploads\/2020\/12\/Ammonium-thioglycolate-Appearance.png\",\"datePublished\":\"2020-12-08T01:42:18+00:00\",\"dateModified\":\"2025-12-23T04:06:06+00:00\",\"description\":\"Longchang Chemical is a leading manufacturer and supplier of Ammonium thioglycolate in China. Buy Ammonium thioglycolate in china. We can provide the best Ammonium thioglycolate price.\",\"breadcrumb\":{\"@id\":\"https:\/\/longchangchemical.com\/product\/ammonium-thioglycolate-cas-5421-46-5\/#breadcrumb\"},\"inLanguage\":\"pt-BR\",\"potentialAction\":[{\"@type\":\"ReadAction\",\"target\":[\"https:\/\/longchangchemical.com\/product\/ammonium-thioglycolate-cas-5421-46-5\/\"]}]},{\"@type\":\"ImageObject\",\"inLanguage\":\"pt-BR\",\"@id\":\"https:\/\/longchangchemical.com\/product\/ammonium-thioglycolate-cas-5421-46-5\/#primaryimage\",\"url\":\"https:\/\/longchangchemical.com\/wp-content\/uploads\/2020\/12\/Ammonium-thioglycolate-Appearance.png\",\"contentUrl\":\"https:\/\/longchangchemical.com\/wp-content\/uploads\/2020\/12\/Ammonium-thioglycolate-Appearance.png\",\"width\":600,\"height\":800,\"caption\":\"Ammonium thioglycolate Appearance\"},{\"@type\":\"BreadcrumbList\",\"@id\":\"https:\/\/longchangchemical.com\/product\/ammonium-thioglycolate-cas-5421-46-5\/#breadcrumb\",\"itemListElement\":[{\"@type\":\"ListItem\",\"position\":1,\"name\":\"Home\",\"item\":\"https:\/\/longchangchemical.com\/\"},{\"@type\":\"ListItem\",\"position\":2,\"name\":\"Products Longchang\",\"item\":\"https:\/\/longchangchemical.com\/product\/\"},{\"@type\":\"ListItem\",\"position\":3,\"name\":\"Ammonium thioglycolate CAS 5421-46-5\"}]},{\"@type\":\"WebSite\",\"@id\":\"https:\/\/longchangchemical.com\/#website\",\"url\":\"https:\/\/longchangchemical.com\/\",\"name\":\"Longchang Chemical\",\"description\":\"China chemical manufacturer \uff06 supplier\",\"publisher\":{\"@id\":\"https:\/\/longchangchemical.com\/#organization\"},\"potentialAction\":[{\"@type\":\"SearchAction\",\"target\":{\"@type\":\"EntryPoint\",\"urlTemplate\":\"https:\/\/longchangchemical.com\/?s={search_term_string}\"},\"query-input\":{\"@type\":\"PropertyValueSpecification\",\"valueRequired\":true,\"valueName\":\"search_term_string\"}}],\"inLanguage\":\"pt-BR\"},{\"@type\":\"Organization\",\"@id\":\"https:\/\/longchangchemical.com\/#organization\",\"name\":\"Longchang Chemical\",\"url\":\"https:\/\/longchangchemical.com\/\",\"logo\":{\"@type\":\"ImageObject\",\"inLanguage\":\"pt-BR\",\"@id\":\"https:\/\/longchangchemical.com\/#\/schema\/logo\/image\/\",\"url\":\"https:\/\/longchangchemical.com\/wp-content\/uploads\/2020\/08\/cropped-longchang-logo.png\",\"contentUrl\":\"https:\/\/longchangchemical.com\/wp-content\/uploads\/2020\/08\/cropped-longchang-logo.png\",\"width\":512,\"height\":512,\"caption\":\"Longchang Chemical\"},\"image\":{\"@id\":\"https:\/\/longchangchemical.com\/#\/schema\/logo\/image\/\"}}]}<\/script>\n<!-- \/ Yoast SEO plugin. -->","yoast_head_json":{"title":"Fabricante e fornecedor de tioglicolato de am\u00f4nio CAS 5421-46-5 na China - Longchang Chemical","description":"A Longchang Chemical \u00e9 um dos principais fabricantes e fornecedores de tioglicolato de am\u00f4nio na China. Compre Tioglicolato de Am\u00f4nio na China. Podemos fornecer o melhor pre\u00e7o de tioglicolato de am\u00f4nia.","robots":{"index":"index","follow":"follow","max-snippet":"max-snippet:-1","max-image-preview":"max-image-preview:large","max-video-preview":"max-video-preview:-1"},"canonical":"https:\/\/longchangchemical.com\/pt\/product\/ammonium-thioglycolate-cas-5421-46-5\/","og_locale":"pt_BR","og_type":"article","og_title":"China Ammonium thioglycolate CAS 5421-46-5 manufacturer and supplier - Longchang Chemical","og_description":"Longchang Chemical is a leading manufacturer and supplier of Ammonium thioglycolate in China. Buy Ammonium thioglycolate in china. We can provide the best Ammonium thioglycolate price.","og_url":"https:\/\/longchangchemical.com\/pt\/product\/ammonium-thioglycolate-cas-5421-46-5\/","og_site_name":"Longchang Chemical","article_modified_time":"2025-12-23T04:06:06+00:00","og_image":[{"width":600,"height":800,"url":"https:\/\/longchangchemical.com\/wp-content\/uploads\/2020\/12\/Ammonium-thioglycolate-Appearance.png","type":"image\/png"}],"twitter_card":"summary_large_image","schema":{"@context":"https:\/\/schema.org","@graph":[{"@type":"WebPage","@id":"https:\/\/longchangchemical.com\/product\/ammonium-thioglycolate-cas-5421-46-5\/","url":"https:\/\/longchangchemical.com\/product\/ammonium-thioglycolate-cas-5421-46-5\/","name":"Fabricante e fornecedor de tioglicolato de am\u00f4nio CAS 5421-46-5 na China - Longchang Chemical","isPartOf":{"@id":"https:\/\/longchangchemical.com\/#website"},"primaryImageOfPage":{"@id":"https:\/\/longchangchemical.com\/product\/ammonium-thioglycolate-cas-5421-46-5\/#primaryimage"},"image":{"@id":"https:\/\/longchangchemical.com\/product\/ammonium-thioglycolate-cas-5421-46-5\/#primaryimage"},"thumbnailUrl":"https:\/\/longchangchemical.com\/wp-content\/uploads\/2020\/12\/Ammonium-thioglycolate-Appearance.png","datePublished":"2020-12-08T01:42:18+00:00","dateModified":"2025-12-23T04:06:06+00:00","description":"A Longchang Chemical \u00e9 um dos principais fabricantes e fornecedores de tioglicolato de am\u00f4nio na China. Compre Tioglicolato de Am\u00f4nio na China. Podemos fornecer o melhor pre\u00e7o de tioglicolato de am\u00f4nia.","breadcrumb":{"@id":"https:\/\/longchangchemical.com\/product\/ammonium-thioglycolate-cas-5421-46-5\/#breadcrumb"},"inLanguage":"pt-BR","potentialAction":[{"@type":"ReadAction","target":["https:\/\/longchangchemical.com\/product\/ammonium-thioglycolate-cas-5421-46-5\/"]}]},{"@type":"ImageObject","inLanguage":"pt-BR","@id":"https:\/\/longchangchemical.com\/product\/ammonium-thioglycolate-cas-5421-46-5\/#primaryimage","url":"https:\/\/longchangchemical.com\/wp-content\/uploads\/2020\/12\/Ammonium-thioglycolate-Appearance.png","contentUrl":"https:\/\/longchangchemical.com\/wp-content\/uploads\/2020\/12\/Ammonium-thioglycolate-Appearance.png","width":600,"height":800,"caption":"Ammonium thioglycolate Appearance"},{"@type":"BreadcrumbList","@id":"https:\/\/longchangchemical.com\/product\/ammonium-thioglycolate-cas-5421-46-5\/#breadcrumb","itemListElement":[{"@type":"ListItem","position":1,"name":"Home","item":"https:\/\/longchangchemical.com\/"},{"@type":"ListItem","position":2,"name":"Products Longchang","item":"https:\/\/longchangchemical.com\/product\/"},{"@type":"ListItem","position":3,"name":"Ammonium thioglycolate CAS 5421-46-5"}]},{"@type":"WebSite","@id":"https:\/\/longchangchemical.com\/#website","url":"https:\/\/longchangchemical.com\/","name":"Qu\u00edmica Longchang","description":"Fabricante de produtos qu\u00edmicos na China \uff06 fornecedor","publisher":{"@id":"https:\/\/longchangchemical.com\/#organization"},"potentialAction":[{"@type":"SearchAction","target":{"@type":"EntryPoint","urlTemplate":"https:\/\/longchangchemical.com\/?s={search_term_string}"},"query-input":{"@type":"PropertyValueSpecification","valueRequired":true,"valueName":"search_term_string"}}],"inLanguage":"pt-BR"},{"@type":"Organization","@id":"https:\/\/longchangchemical.com\/#organization","name":"Qu\u00edmica Longchang","url":"https:\/\/longchangchemical.com\/","logo":{"@type":"ImageObject","inLanguage":"pt-BR","@id":"https:\/\/longchangchemical.com\/#\/schema\/logo\/image\/","url":"https:\/\/longchangchemical.com\/wp-content\/uploads\/2020\/08\/cropped-longchang-logo.png","contentUrl":"https:\/\/longchangchemical.com\/wp-content\/uploads\/2020\/08\/cropped-longchang-logo.png","width":512,"height":512,"caption":"Longchang Chemical"},"image":{"@id":"https:\/\/longchangchemical.com\/#\/schema\/logo\/image\/"}}]}},"_links":{"self":[{"href":"https:\/\/longchangchemical.com\/pt\/wp-json\/wp\/v2\/product\/3449","targetHints":{"allow":["GET"]}}],"collection":[{"href":"https:\/\/longchangchemical.com\/pt\/wp-json\/wp\/v2\/product"}],"about":[{"href":"https:\/\/longchangchemical.com\/pt\/wp-json\/wp\/v2\/types\/product"}],"replies":[{"embeddable":true,"href":"https:\/\/longchangchemical.com\/pt\/wp-json\/wp\/v2\/comments?post=3449"}],"wp:featuredmedia":[{"embeddable":true,"href":"https:\/\/longchangchemical.com\/pt\/wp-json\/wp\/v2\/media\/3450"}],"wp:attachment":[{"href":"https:\/\/longchangchemical.com\/pt\/wp-json\/wp\/v2\/media?parent=3449"}],"wp:term":[{"taxonomy":"product_brand","embeddable":true,"href":"https:\/\/longchangchemical.com\/pt\/wp-json\/wp\/v2\/product_brand?post=3449"},{"taxonomy":"product_cat","embeddable":true,"href":"https:\/\/longchangchemical.com\/pt\/wp-json\/wp\/v2\/product_cat?post=3449"},{"taxonomy":"product_tag","embeddable":true,"href":"https:\/\/longchangchemical.com\/pt\/wp-json\/wp\/v2\/product_tag?post=3449"}],"curies":[{"name":"wp","href":"https:\/\/api.w.org\/{rel}","templated":true}]}}