{"id":3447,"date":"2020-12-07T13:00:32","date_gmt":"2020-12-07T13:00:32","guid":{"rendered":"https:\/\/longchangchemical.com\/?post_type=product&#038;p=3447"},"modified":"2025-12-23T04:02:30","modified_gmt":"2025-12-23T04:02:30","slug":"probenecid-cas-57-66-9","status":"publish","type":"product","link":"https:\/\/longchangchemical.com\/pt\/product\/probenecid-cas-57-66-9\/","title":{"rendered":"Probenecide CAS 57-66-9"},"content":{"rendered":"<h2><strong>O que \u00e9 Probenecid?<\/strong><\/h2>\n<p>&nbsp;<\/p>\n<div>\n<h4>1. O probenecide \u00e9 um novo tipo de antibi\u00f3tico altamente eficaz para penicilinas e cefalosporinas. Especialmente usado para penicilinas, sinergista de antibi\u00f3ticos cefalospor\u00ednicos, pode aumentar a efic\u00e1cia das cefalosporinas e penicilinas de 8 a 10 vezes.<\/h4>\n<h4>2. Al\u00e9m disso, esse produto tamb\u00e9m pode inibir competitivamente a secre\u00e7\u00e3o de \u00e1cidos org\u00e2nicos fracos (como penicilina e cefalosporina) nos t\u00fabulos renais, aumentando assim a concentra\u00e7\u00e3o sangu\u00ednea desses antibi\u00f3ticos e prolongando seu tempo de a\u00e7\u00e3o.<\/h4>\n<h4>3. Esse produto \u00e9 facilmente absorvido por administra\u00e7\u00e3o oral, e a taxa de liga\u00e7\u00e3o \u00e0 prote\u00edna plasm\u00e1tica \u00e9 de 85% a 90%. Adultos tomam 1g de cada vez, a concentra\u00e7\u00e3o plasm\u00e1tica atinge o pico em 2 a 4 horas e a meia-vida \u00e9 de 6 a 12 horas. A probenecida \u00e9 rapidamente metabolizada no f\u00edgado, e o principal metab\u00f3lito \u00e9 o \u00e1cido acetoglucur\u00f4nico da probenecida. Os metab\u00f3litos s\u00e3o excretados principalmente na urina. Esse produto n\u00e3o tem efeitos anti-inflamat\u00f3rios e analg\u00e9sicos, portanto \u00e9 ineficaz contra a gota aguda.<\/h4>\n<h2><strong>Uso do Probenecid<\/strong><\/h2>\n<div><\/div>\n<h4>1. Tratamento de gota, hiperuricemia, 1,25-2,5 g por cavalo, vaca, ovelha, porco 0,5 g, frango 40 mg, gato, cachorro 60 mg, duas vezes ao dia.<\/h4>\n<h4>2. Para aumentar a efic\u00e1cia e a dura\u00e7\u00e3o da a\u00e7\u00e3o da penicilina e das cefalosporinas, de acordo com 1 parte de probenecida (calculada como produto puro): 3,5 partes de penicilina, compatibilidade da propor\u00e7\u00e3o de cefalosporina.<\/h4>\n<div><\/div>\n<div><\/div>\n<h2><strong>Instru\u00e7\u00f5es do Probenecid<\/strong><\/h2>\n<div><\/div>\n<h4>Depois que o produto \u00e9 dissolvido pela adi\u00e7\u00e3o de \u00e1gua (a propor\u00e7\u00e3o de dissolu\u00e7\u00e3o pode ser determinada de acordo com a situa\u00e7\u00e3o real), ele \u00e9 sol\u00favel em solu\u00e7\u00e3o dilu\u00edda de hidr\u00f3xido de s\u00f3dio e quase insol\u00favel em \u00e1cido dilu\u00eddo.<\/h4>\n<div><\/div>\n<h2><strong>Probenecid Embalagem, armazenamento, transporte e data de validade<\/strong><\/h2>\n<div><\/div>\n<h4>O produto pode ser embalado em 1 kg, 5 kg, 10 kg, 20 kg, de acordo com as necessidades do cliente, ou embalado de acordo com as necessidades do usu\u00e1rio; pode ser armazenado em local escuro, seco e vedado e o per\u00edodo de validade \u00e9 de 24 meses.<\/h4>\n<p>&nbsp;<\/p>\n<\/div>\n<h2><strong><b>Entre em contato conosco agora!<\/b><\/strong><\/h2>\n<h4><strong><b>Se precisar de COA, MSDS ou TDS, preencha suas informa\u00e7\u00f5es de contato no formul\u00e1rio abaixo. Normalmente, entraremos em contato em 24 horas. Voc\u00ea tamb\u00e9m pode me enviar um e-mail <span style=\"color: #0000ff;\"><a style=\"color: #0000ff;\" href=\"mailto:info@longchangchemical.com\">info@longchangchemical.com<\/a><\/span> durante o hor\u00e1rio comercial (das 8h30 \u00e0s 18h UTC+8 de segunda a s\u00e1bado) ou use o bate-papo ao vivo do site para obter uma resposta imediata.<\/b><\/strong><\/h4>","protected":false},"excerpt":{"rendered":"<h1><strong>Probenecide CAS 57-66-9<\/strong><\/h1>\n<h4>Nome qu\u00edmico: Probenecide<\/h4>\n<h4>N\u00famero CAS: 57-66-9<\/h4>\n<h4>F\u00f3rmula molecular: C13H19NO4S<\/h4>\n<h4>Peso molecular: 285,36<\/h4>\n<h4>Apar\u00eancia: p\u00f3 cristalino branco<\/h4>\n<h4>Conte\u00fado efetivo (%): \u226595-99<\/h4>\n<h4><\/h4>","protected":false},"featured_media":3448,"comment_status":"open","ping_status":"closed","template":"","meta":[],"product_brand":[],"product_cat":[69],"product_tag":[],"class_list":{"0":"post-3447","1":"product","2":"type-product","3":"status-publish","4":"has-post-thumbnail","6":"product_cat-catalysts-chemical-auxiliary-agents","8":"first","9":"instock","10":"shipping-taxable","11":"product-type-simple"},"yoast_head":"<!-- This site is optimized with the Yoast SEO plugin v25.3.1 - https:\/\/yoast.com\/wordpress\/plugins\/seo\/ -->\n<title>China Probenecid CAS 57-66-9 manufacturer and supplier - Longchang chemical<\/title>\n<meta name=\"description\" content=\"Longchang Chemical is a leading manufacturer and supplier of Probenecid CAS 57-66-9 in China. Buy Probenecid in china. We can provide the best Probenecid CAS 57-66-9 price.\" \/>\n<meta name=\"robots\" content=\"index, follow, max-snippet:-1, max-image-preview:large, max-video-preview:-1\" \/>\n<link rel=\"canonical\" href=\"https:\/\/longchangchemical.com\/pt\/product\/probenecid-cas-57-66-9\/\" \/>\n<meta property=\"og:locale\" content=\"pt_BR\" \/>\n<meta property=\"og:type\" content=\"article\" \/>\n<meta property=\"og:title\" content=\"China Probenecid CAS 57-66-9 manufacturer and supplier - Longchang chemical\" \/>\n<meta property=\"og:description\" content=\"Longchang Chemical is a leading manufacturer and supplier of Probenecid CAS 57-66-9 in China. Buy Probenecid in china. We can provide the best Probenecid CAS 57-66-9 price.\" \/>\n<meta property=\"og:url\" content=\"https:\/\/longchangchemical.com\/pt\/product\/probenecid-cas-57-66-9\/\" \/>\n<meta property=\"og:site_name\" content=\"Longchang Chemical\" \/>\n<meta property=\"article:modified_time\" content=\"2025-12-23T04:02:30+00:00\" \/>\n<meta property=\"og:image\" content=\"https:\/\/longchangchemical.com\/wp-content\/uploads\/2020\/12\/Probenecid-Appearance.png\" \/>\n\t<meta property=\"og:image:width\" content=\"600\" \/>\n\t<meta property=\"og:image:height\" content=\"800\" \/>\n\t<meta property=\"og:image:type\" content=\"image\/png\" \/>\n<meta name=\"twitter:card\" content=\"summary_large_image\" \/>\n<script type=\"application\/ld+json\" class=\"yoast-schema-graph\">{\"@context\":\"https:\/\/schema.org\",\"@graph\":[{\"@type\":\"WebPage\",\"@id\":\"https:\/\/longchangchemical.com\/product\/probenecid-cas-57-66-9\/\",\"url\":\"https:\/\/longchangchemical.com\/product\/probenecid-cas-57-66-9\/\",\"name\":\"China Probenecid CAS 57-66-9 manufacturer and supplier - Longchang chemical\",\"isPartOf\":{\"@id\":\"https:\/\/longchangchemical.com\/#website\"},\"primaryImageOfPage\":{\"@id\":\"https:\/\/longchangchemical.com\/product\/probenecid-cas-57-66-9\/#primaryimage\"},\"image\":{\"@id\":\"https:\/\/longchangchemical.com\/product\/probenecid-cas-57-66-9\/#primaryimage\"},\"thumbnailUrl\":\"https:\/\/longchangchemical.com\/wp-content\/uploads\/2020\/12\/Probenecid-Appearance.png\",\"datePublished\":\"2020-12-07T13:00:32+00:00\",\"dateModified\":\"2025-12-23T04:02:30+00:00\",\"description\":\"Longchang Chemical is a leading manufacturer and supplier of Probenecid CAS 57-66-9 in China. Buy Probenecid in china. We can provide the best Probenecid CAS 57-66-9 price.\",\"breadcrumb\":{\"@id\":\"https:\/\/longchangchemical.com\/product\/probenecid-cas-57-66-9\/#breadcrumb\"},\"inLanguage\":\"pt-BR\",\"potentialAction\":[{\"@type\":\"ReadAction\",\"target\":[\"https:\/\/longchangchemical.com\/product\/probenecid-cas-57-66-9\/\"]}]},{\"@type\":\"ImageObject\",\"inLanguage\":\"pt-BR\",\"@id\":\"https:\/\/longchangchemical.com\/product\/probenecid-cas-57-66-9\/#primaryimage\",\"url\":\"https:\/\/longchangchemical.com\/wp-content\/uploads\/2020\/12\/Probenecid-Appearance.png\",\"contentUrl\":\"https:\/\/longchangchemical.com\/wp-content\/uploads\/2020\/12\/Probenecid-Appearance.png\",\"width\":600,\"height\":800,\"caption\":\"Probenecid Appearance\"},{\"@type\":\"BreadcrumbList\",\"@id\":\"https:\/\/longchangchemical.com\/product\/probenecid-cas-57-66-9\/#breadcrumb\",\"itemListElement\":[{\"@type\":\"ListItem\",\"position\":1,\"name\":\"Home\",\"item\":\"https:\/\/longchangchemical.com\/\"},{\"@type\":\"ListItem\",\"position\":2,\"name\":\"Products Longchang\",\"item\":\"https:\/\/longchangchemical.com\/product\/\"},{\"@type\":\"ListItem\",\"position\":3,\"name\":\"Probenecid CAS 57-66-9\"}]},{\"@type\":\"WebSite\",\"@id\":\"https:\/\/longchangchemical.com\/#website\",\"url\":\"https:\/\/longchangchemical.com\/\",\"name\":\"Longchang Chemical\",\"description\":\"China chemical manufacturer \uff06 supplier\",\"publisher\":{\"@id\":\"https:\/\/longchangchemical.com\/#organization\"},\"potentialAction\":[{\"@type\":\"SearchAction\",\"target\":{\"@type\":\"EntryPoint\",\"urlTemplate\":\"https:\/\/longchangchemical.com\/?s={search_term_string}\"},\"query-input\":{\"@type\":\"PropertyValueSpecification\",\"valueRequired\":true,\"valueName\":\"search_term_string\"}}],\"inLanguage\":\"pt-BR\"},{\"@type\":\"Organization\",\"@id\":\"https:\/\/longchangchemical.com\/#organization\",\"name\":\"Longchang Chemical\",\"url\":\"https:\/\/longchangchemical.com\/\",\"logo\":{\"@type\":\"ImageObject\",\"inLanguage\":\"pt-BR\",\"@id\":\"https:\/\/longchangchemical.com\/#\/schema\/logo\/image\/\",\"url\":\"https:\/\/longchangchemical.com\/wp-content\/uploads\/2020\/08\/cropped-longchang-logo.png\",\"contentUrl\":\"https:\/\/longchangchemical.com\/wp-content\/uploads\/2020\/08\/cropped-longchang-logo.png\",\"width\":512,\"height\":512,\"caption\":\"Longchang Chemical\"},\"image\":{\"@id\":\"https:\/\/longchangchemical.com\/#\/schema\/logo\/image\/\"}}]}<\/script>\n<!-- \/ Yoast SEO plugin. -->","yoast_head_json":{"title":"Fabricante e fornecedor de Probenecid CAS 57-66-9 na China - Longchang chemical","description":"A Longchang Chemical \u00e9 um fabricante e fornecedor l\u00edder de Probenecid CAS 57-66-9 na China. Compre Probenecid na China. N\u00f3s podemos fornecer o melhor pre\u00e7o de Probenecid CAS 57-66-9.","robots":{"index":"index","follow":"follow","max-snippet":"max-snippet:-1","max-image-preview":"max-image-preview:large","max-video-preview":"max-video-preview:-1"},"canonical":"https:\/\/longchangchemical.com\/pt\/product\/probenecid-cas-57-66-9\/","og_locale":"pt_BR","og_type":"article","og_title":"China Probenecid CAS 57-66-9 manufacturer and supplier - Longchang chemical","og_description":"Longchang Chemical is a leading manufacturer and supplier of Probenecid CAS 57-66-9 in China. Buy Probenecid in china. We can provide the best Probenecid CAS 57-66-9 price.","og_url":"https:\/\/longchangchemical.com\/pt\/product\/probenecid-cas-57-66-9\/","og_site_name":"Longchang Chemical","article_modified_time":"2025-12-23T04:02:30+00:00","og_image":[{"width":600,"height":800,"url":"https:\/\/longchangchemical.com\/wp-content\/uploads\/2020\/12\/Probenecid-Appearance.png","type":"image\/png"}],"twitter_card":"summary_large_image","schema":{"@context":"https:\/\/schema.org","@graph":[{"@type":"WebPage","@id":"https:\/\/longchangchemical.com\/product\/probenecid-cas-57-66-9\/","url":"https:\/\/longchangchemical.com\/product\/probenecid-cas-57-66-9\/","name":"Fabricante e fornecedor de Probenecid CAS 57-66-9 na China - Longchang chemical","isPartOf":{"@id":"https:\/\/longchangchemical.com\/#website"},"primaryImageOfPage":{"@id":"https:\/\/longchangchemical.com\/product\/probenecid-cas-57-66-9\/#primaryimage"},"image":{"@id":"https:\/\/longchangchemical.com\/product\/probenecid-cas-57-66-9\/#primaryimage"},"thumbnailUrl":"https:\/\/longchangchemical.com\/wp-content\/uploads\/2020\/12\/Probenecid-Appearance.png","datePublished":"2020-12-07T13:00:32+00:00","dateModified":"2025-12-23T04:02:30+00:00","description":"A Longchang Chemical \u00e9 um fabricante e fornecedor l\u00edder de Probenecid CAS 57-66-9 na China. Compre Probenecid na China. N\u00f3s podemos fornecer o melhor pre\u00e7o de Probenecid CAS 57-66-9.","breadcrumb":{"@id":"https:\/\/longchangchemical.com\/product\/probenecid-cas-57-66-9\/#breadcrumb"},"inLanguage":"pt-BR","potentialAction":[{"@type":"ReadAction","target":["https:\/\/longchangchemical.com\/product\/probenecid-cas-57-66-9\/"]}]},{"@type":"ImageObject","inLanguage":"pt-BR","@id":"https:\/\/longchangchemical.com\/product\/probenecid-cas-57-66-9\/#primaryimage","url":"https:\/\/longchangchemical.com\/wp-content\/uploads\/2020\/12\/Probenecid-Appearance.png","contentUrl":"https:\/\/longchangchemical.com\/wp-content\/uploads\/2020\/12\/Probenecid-Appearance.png","width":600,"height":800,"caption":"Probenecid Appearance"},{"@type":"BreadcrumbList","@id":"https:\/\/longchangchemical.com\/product\/probenecid-cas-57-66-9\/#breadcrumb","itemListElement":[{"@type":"ListItem","position":1,"name":"Home","item":"https:\/\/longchangchemical.com\/"},{"@type":"ListItem","position":2,"name":"Products Longchang","item":"https:\/\/longchangchemical.com\/product\/"},{"@type":"ListItem","position":3,"name":"Probenecid CAS 57-66-9"}]},{"@type":"WebSite","@id":"https:\/\/longchangchemical.com\/#website","url":"https:\/\/longchangchemical.com\/","name":"Qu\u00edmica Longchang","description":"Fabricante de produtos qu\u00edmicos na China \uff06 fornecedor","publisher":{"@id":"https:\/\/longchangchemical.com\/#organization"},"potentialAction":[{"@type":"SearchAction","target":{"@type":"EntryPoint","urlTemplate":"https:\/\/longchangchemical.com\/?s={search_term_string}"},"query-input":{"@type":"PropertyValueSpecification","valueRequired":true,"valueName":"search_term_string"}}],"inLanguage":"pt-BR"},{"@type":"Organization","@id":"https:\/\/longchangchemical.com\/#organization","name":"Qu\u00edmica Longchang","url":"https:\/\/longchangchemical.com\/","logo":{"@type":"ImageObject","inLanguage":"pt-BR","@id":"https:\/\/longchangchemical.com\/#\/schema\/logo\/image\/","url":"https:\/\/longchangchemical.com\/wp-content\/uploads\/2020\/08\/cropped-longchang-logo.png","contentUrl":"https:\/\/longchangchemical.com\/wp-content\/uploads\/2020\/08\/cropped-longchang-logo.png","width":512,"height":512,"caption":"Longchang Chemical"},"image":{"@id":"https:\/\/longchangchemical.com\/#\/schema\/logo\/image\/"}}]}},"_links":{"self":[{"href":"https:\/\/longchangchemical.com\/pt\/wp-json\/wp\/v2\/product\/3447","targetHints":{"allow":["GET"]}}],"collection":[{"href":"https:\/\/longchangchemical.com\/pt\/wp-json\/wp\/v2\/product"}],"about":[{"href":"https:\/\/longchangchemical.com\/pt\/wp-json\/wp\/v2\/types\/product"}],"replies":[{"embeddable":true,"href":"https:\/\/longchangchemical.com\/pt\/wp-json\/wp\/v2\/comments?post=3447"}],"wp:featuredmedia":[{"embeddable":true,"href":"https:\/\/longchangchemical.com\/pt\/wp-json\/wp\/v2\/media\/3448"}],"wp:attachment":[{"href":"https:\/\/longchangchemical.com\/pt\/wp-json\/wp\/v2\/media?parent=3447"}],"wp:term":[{"taxonomy":"product_brand","embeddable":true,"href":"https:\/\/longchangchemical.com\/pt\/wp-json\/wp\/v2\/product_brand?post=3447"},{"taxonomy":"product_cat","embeddable":true,"href":"https:\/\/longchangchemical.com\/pt\/wp-json\/wp\/v2\/product_cat?post=3447"},{"taxonomy":"product_tag","embeddable":true,"href":"https:\/\/longchangchemical.com\/pt\/wp-json\/wp\/v2\/product_tag?post=3447"}],"curies":[{"name":"wp","href":"https:\/\/api.w.org\/{rel}","templated":true}]}}