{"id":3417,"date":"2020-11-11T12:25:27","date_gmt":"2020-11-11T12:25:27","guid":{"rendered":"https:\/\/longchangchemical.com\/?post_type=product&#038;p=3417"},"modified":"2025-12-23T03:51:31","modified_gmt":"2025-12-23T03:51:31","slug":"decanoyl-octanoyl-glycerides-cas-65381-09-1","status":"publish","type":"product","link":"https:\/\/longchangchemical.com\/pt\/product\/decanoyl-octanoyl-glycerides-cas-65381-09-1\/","title":{"rendered":"Decanoil\/octanoil-glicer\u00eddeos CAS 65381-09-1"},"content":{"rendered":"<h2><strong>COA de Decanoil\/octanoil-glicer\u00eddeos\u00a0<\/strong><\/h2>\n<table class=\"table-1\" cellspacing=\"0\">\n<tbody>\n<tr>\n<td>\n<h4>Item<\/h4>\n<\/td>\n<td>\n<h4>Especifica\u00e7\u00f5es<\/h4>\n<\/td>\n<\/tr>\n<tr>\n<td>\n<h4>Apar\u00eancia<\/h4>\n<\/td>\n<td>\n<h4>Um l\u00edquido oleoso incolor ou ligeiramente amarelo<\/h4>\n<\/td>\n<\/tr>\n<tr>\n<td>\n<h4>Valor de lodina (mgl2\/100g)<\/h4>\n<\/td>\n<td>\n<h4>\u22641.0<\/h4>\n<\/td>\n<\/tr>\n<tr>\n<td>\n<h4>Valor de acidez (mg KOH\/g)<\/h4>\n<\/td>\n<td>\n<h4>\u22640.5<\/h4>\n<\/td>\n<\/tr>\n<tr>\n<td>\n<h4>Valor de saponifica\u00e7\u00e3o (mg KOH\/g)<\/h4>\n<\/td>\n<td>\n<h4>325~360<\/h4>\n<\/td>\n<\/tr>\n<tr>\n<td>\n<h4>Gravidade espec\u00edfica (20\u2103)<\/h4>\n<\/td>\n<td>\n<h4>0.940~0.955<\/h4>\n<\/td>\n<\/tr>\n<tr>\n<td>\n<h4>Metal pesado (mg\/kg)<\/h4>\n<\/td>\n<td>\n<h4>\u226410<\/h4>\n<\/td>\n<\/tr>\n<tr>\n<td>\n<h4>Ars\u00eanico (mg\/kg)<\/h4>\n<\/td>\n<td>\n<h4>2<\/h4>\n<\/td>\n<\/tr>\n<tr>\n<td>\n<h4>Valor de per\u00f3xido<\/h4>\n<\/td>\n<td>\n<h4>\u22641<\/h4>\n<\/td>\n<\/tr>\n<tr>\n<td>\n<h4>C8<\/h4>\n<\/td>\n<td>\n<h4>\u226553<\/h4>\n<\/td>\n<\/tr>\n<tr>\n<td>\n<h4>C10<\/h4>\n<\/td>\n<td>\n<h4>36-47<\/h4>\n<\/td>\n<\/tr>\n<\/tbody>\n<\/table>\n<h2>O que \u00e9 <strong>Decanoil\/octanoil-glicer\u00eddeos ?<\/strong><\/h2>\n<h4>O decanoil\/octanoil-glicer\u00eddeos \u00e9 um tri\u00e9ster misto de glicerina e \u00e1cidos graxos de m\u00e9dio carbono em \u00f3leos vegetais. \u00c9 um amaciante lipof\u00edlico incolor, inodoro e de baixa viscosidade com propriedades antioxidantes extremamente altas. Em cosm\u00e9ticos, os glicer\u00eddeos decanoil\/octanoil podem substituir uma variedade de \u00f3leos, como emolientes e agentes enriquecedores de gordura, e tamb\u00e9m podem ser usados como transportadores e diluentes para serem adicionados a agentes ativos ou ester\u00f3is e outros agentes condicionantes. Os cosm\u00e9ticos que usam decanoil\/octanoilglicer\u00eddeos podem evitar o uso de antioxidantes e outros estabilizadores e n\u00e3o causar\u00e3o efeitos colaterais adversos.<\/h4>\n<p>&nbsp;<\/p>\n<h2><strong>Decanoil\/octanoil-glicer\u00eddeos Uso<\/strong><\/h2>\n<h4>1. Os glicer\u00eddeos decanoil\/octanoil de grau aliment\u00edcio podem ser usados como aditivos alimentares. No revestimento de doces, \u00e9 necess\u00e1ria uma graxa de baixa viscosidade para obter o brilho ideal e a apar\u00eancia de vidro antiaderente. Os glicer\u00eddeos decanoil\/octanoil de grau aliment\u00edcio s\u00e3o a mat\u00e9ria-prima ideal. Ele pode ser usado em conjunto com cera de abelha para obter uma melhor apar\u00eancia de revestimento. Usado como agente de revestimento em balas macias, tem as vantagens de alta transpar\u00eancia, aus\u00eancia de odor peculiar, cor brilhante da bala e assim por diante. Suas fun\u00e7\u00f5es metab\u00f3licas e nutricionais o tornam uma boa mat\u00e9ria-prima para doces infantis.<\/h4>\n<h4>2. Os glicer\u00eddeos decanoil\/octanoil de grau cosm\u00e9tico podem ser amplamente utilizados em protetores solares, cremes e lo\u00e7\u00f5es; cremes e lo\u00e7\u00f5es p\u00f3s-sol; \u00f3leos, cremes e \u00f3leos capilares para cuidados com os cabelos; \u00f3leos de banho; adstringentes para a pele; cremes, lo\u00e7\u00f5es e leites de limpeza; \u00f3leos, cremes e lo\u00e7\u00f5es para beb\u00eas; produtos hidratantes e de cuidados com a pele; cremes e batons cosm\u00e9ticos; dilui\u00e7\u00f5es de medicamentos, etc.<\/h4>\n<h4>3. Os glicer\u00eddeos decanoil\/octanoil de grau cosm\u00e9tico podem ser rapidamente absorvidos pela pele e aumentar o brilho da pele. \u00c9 um emoliente respir\u00e1vel. Tamb\u00e9m \u00e9 um bom ve\u00edculo, condicionador de cabelo e diluente.<\/h4>\n<h4>4. Os decanoil\/octanoilglicer\u00eddeos t\u00eam propriedades antioxidantes em cosm\u00e9ticos. Em cosm\u00e9ticos com decanoil\/octanoilglicer\u00eddeos, os antioxidantes e outros aditivos estabilizadores podem ser omitidos.<\/h4>\n<h4>5. Esse produto tamb\u00e9m pode ser usado em batom, batom e creme de barbear para alterar a dispers\u00e3o e o brilho dos cosm\u00e9ticos. Dosagem geralmente recomendada: 1~15%<\/h4>\n<p>&nbsp;<\/p>\n<h2><strong>Armazenamento de decanoil\/octanoil-glicer\u00eddeos<\/strong><\/h2>\n<h4>manter a temperatura baixa e continuar secando<\/h4>\n<p>&nbsp;<\/p>\n<h2><strong>Decanoil\/octanoil-glicer\u00eddeos Prazo de validade<\/strong><\/h2>\n<h4>12 meses com pacote<\/h4>\n<p>&nbsp;<\/p>\n<h2><strong>Pacote de decanoil\/octanoil-glicer\u00eddeos\u00a0<\/strong><\/h2>\n<h4>Esse produto \u00e9 embalado em barris de pl\u00e1stico de polietileno com peso l\u00edquido de 50 kg por barril e em barris de ferro com peso l\u00edquido de 200 kg por barril.<\/h4>\n<h2><\/h2>\n<h2>Armazenamento de decanoil\/octanoil-glicer\u00eddeos<\/h2>\n<h4>Este produto deve ser armazenado em um local escuro, limpo, fresco e seco, e mantido bem fechado.<\/h4>\n<h2><strong><b>Entre em contato conosco agora!<\/b><\/strong><\/h2>\n<h4><strong><b>Aceitamos servi\u00e7os personalizados e, normalmente, entraremos em contato com voc\u00ea dentro de 24 horas. Voc\u00ea tamb\u00e9m pode me enviar um e-mail para info@longchangchemical.com durante o hor\u00e1rio comercial (das 8h30 \u00e0s 18h UTC+8 de segunda a s\u00e1bado) ou usar o bate-papo ao vivo do site para obter uma resposta r\u00e1pida.<\/b><\/strong><\/h4>","protected":false},"excerpt":{"rendered":"<h2><strong>Decanoil\/octanoil-glicer\u00eddeos CAS 65381-09-1<\/strong><\/h2>\n<h4>Nome qu\u00edmico: Decanoil\/octanoil-glicer\u00eddeos<\/h4>\n<h4>N\u00famero CAS: 65381-09-1<\/h4>\n<h4>F\u00f3rmula molecular: C13H26O4.C11H22O4<\/h4>\n<h4>Peso molecular: 500<\/h4>\n<h4>Estrutura qu\u00edmica:<img decoding=\"async\" title=\"Estrutura de decanoil\/octanoil-glicer\u00eddeos\" src=\"https:\/\/www.longchangchemical.com\/wp-content\/uploads\/product-details\/20200611355413.png\" alt=\"Estrutura de decanoil\/octanoil-glicer\u00eddeos\" width=\"169\" height=\"132\" border=\"0\" vspace=\"0\" \/><\/h4>\n<h4>Apar\u00eancia: L\u00edquido oleoso incolor ou ligeiramente amarelo<\/h4>","protected":false},"featured_media":3418,"comment_status":"open","ping_status":"closed","template":"","meta":[],"product_brand":[],"product_cat":[103],"product_tag":[],"class_list":{"0":"post-3417","1":"product","2":"type-product","3":"status-publish","4":"has-post-thumbnail","6":"product_cat-cosmetic-additives","8":"first","9":"instock","10":"shipping-taxable","11":"product-type-simple"},"yoast_head":"<!-- This site is optimized with the Yoast SEO plugin v25.3.1 - https:\/\/yoast.com\/wordpress\/plugins\/seo\/ -->\n<title>China top Decanoyl\/octanoyl-glycerides CAS 65381-09-1 manufacturer and supplier - Longchang Chemical<\/title>\n<meta name=\"description\" content=\"Longchang Chemical is a leading manufacturer and supplier of Decanoyl\/octanoyl-glycerides CAS 65381-09-1 in China. Buy Decanoyl\/octanoyl-glycerides in china. We can provide the best Decanoyl\/octanoyl-glycerides price.\" \/>\n<meta name=\"robots\" content=\"index, follow, max-snippet:-1, max-image-preview:large, max-video-preview:-1\" \/>\n<link rel=\"canonical\" href=\"https:\/\/longchangchemical.com\/pt\/product\/decanoyl-octanoyl-glycerides-cas-65381-09-1\/\" \/>\n<meta property=\"og:locale\" content=\"pt_BR\" \/>\n<meta property=\"og:type\" content=\"article\" \/>\n<meta property=\"og:title\" content=\"China top Decanoyl\/octanoyl-glycerides CAS 65381-09-1 manufacturer and supplier - Longchang Chemical\" \/>\n<meta property=\"og:description\" content=\"Longchang Chemical is a leading manufacturer and supplier of Decanoyl\/octanoyl-glycerides CAS 65381-09-1 in China. Buy Decanoyl\/octanoyl-glycerides in china. We can provide the best Decanoyl\/octanoyl-glycerides price.\" \/>\n<meta property=\"og:url\" content=\"https:\/\/longchangchemical.com\/pt\/product\/decanoyl-octanoyl-glycerides-cas-65381-09-1\/\" \/>\n<meta property=\"og:site_name\" content=\"Longchang Chemical\" \/>\n<meta property=\"article:modified_time\" content=\"2025-12-23T03:51:31+00:00\" \/>\n<meta property=\"og:image\" content=\"https:\/\/longchangchemical.com\/wp-content\/uploads\/2020\/11\/Decanoyloctanoyl-glycerides-Appearance.jpg\" \/>\n\t<meta property=\"og:image:width\" content=\"600\" \/>\n\t<meta property=\"og:image:height\" content=\"800\" \/>\n\t<meta property=\"og:image:type\" content=\"image\/jpeg\" \/>\n<meta name=\"twitter:card\" content=\"summary_large_image\" \/>\n<script type=\"application\/ld+json\" class=\"yoast-schema-graph\">{\"@context\":\"https:\/\/schema.org\",\"@graph\":[{\"@type\":\"WebPage\",\"@id\":\"https:\/\/longchangchemical.com\/product\/decanoyl-octanoyl-glycerides-cas-65381-09-1\/\",\"url\":\"https:\/\/longchangchemical.com\/product\/decanoyl-octanoyl-glycerides-cas-65381-09-1\/\",\"name\":\"China top Decanoyl\/octanoyl-glycerides CAS 65381-09-1 manufacturer and supplier - Longchang Chemical\",\"isPartOf\":{\"@id\":\"https:\/\/longchangchemical.com\/#website\"},\"primaryImageOfPage\":{\"@id\":\"https:\/\/longchangchemical.com\/product\/decanoyl-octanoyl-glycerides-cas-65381-09-1\/#primaryimage\"},\"image\":{\"@id\":\"https:\/\/longchangchemical.com\/product\/decanoyl-octanoyl-glycerides-cas-65381-09-1\/#primaryimage\"},\"thumbnailUrl\":\"https:\/\/longchangchemical.com\/wp-content\/uploads\/2020\/11\/Decanoyloctanoyl-glycerides-Appearance.jpg\",\"datePublished\":\"2020-11-11T12:25:27+00:00\",\"dateModified\":\"2025-12-23T03:51:31+00:00\",\"description\":\"Longchang Chemical is a leading manufacturer and supplier of Decanoyl\/octanoyl-glycerides CAS 65381-09-1 in China. Buy Decanoyl\/octanoyl-glycerides in china. We can provide the best Decanoyl\/octanoyl-glycerides price.\",\"breadcrumb\":{\"@id\":\"https:\/\/longchangchemical.com\/product\/decanoyl-octanoyl-glycerides-cas-65381-09-1\/#breadcrumb\"},\"inLanguage\":\"pt-BR\",\"potentialAction\":[{\"@type\":\"ReadAction\",\"target\":[\"https:\/\/longchangchemical.com\/product\/decanoyl-octanoyl-glycerides-cas-65381-09-1\/\"]}]},{\"@type\":\"ImageObject\",\"inLanguage\":\"pt-BR\",\"@id\":\"https:\/\/longchangchemical.com\/product\/decanoyl-octanoyl-glycerides-cas-65381-09-1\/#primaryimage\",\"url\":\"https:\/\/longchangchemical.com\/wp-content\/uploads\/2020\/11\/Decanoyloctanoyl-glycerides-Appearance.jpg\",\"contentUrl\":\"https:\/\/longchangchemical.com\/wp-content\/uploads\/2020\/11\/Decanoyloctanoyl-glycerides-Appearance.jpg\",\"width\":600,\"height\":800,\"caption\":\"Decanoyloctanoyl-glycerides Appearance\"},{\"@type\":\"BreadcrumbList\",\"@id\":\"https:\/\/longchangchemical.com\/product\/decanoyl-octanoyl-glycerides-cas-65381-09-1\/#breadcrumb\",\"itemListElement\":[{\"@type\":\"ListItem\",\"position\":1,\"name\":\"Home\",\"item\":\"https:\/\/longchangchemical.com\/\"},{\"@type\":\"ListItem\",\"position\":2,\"name\":\"Products Longchang\",\"item\":\"https:\/\/longchangchemical.com\/product\/\"},{\"@type\":\"ListItem\",\"position\":3,\"name\":\"Decanoyl\/octanoyl-glycerides CAS 65381-09-1\"}]},{\"@type\":\"WebSite\",\"@id\":\"https:\/\/longchangchemical.com\/#website\",\"url\":\"https:\/\/longchangchemical.com\/\",\"name\":\"Longchang Chemical\",\"description\":\"China chemical manufacturer \uff06 supplier\",\"publisher\":{\"@id\":\"https:\/\/longchangchemical.com\/#organization\"},\"potentialAction\":[{\"@type\":\"SearchAction\",\"target\":{\"@type\":\"EntryPoint\",\"urlTemplate\":\"https:\/\/longchangchemical.com\/?s={search_term_string}\"},\"query-input\":{\"@type\":\"PropertyValueSpecification\",\"valueRequired\":true,\"valueName\":\"search_term_string\"}}],\"inLanguage\":\"pt-BR\"},{\"@type\":\"Organization\",\"@id\":\"https:\/\/longchangchemical.com\/#organization\",\"name\":\"Longchang Chemical\",\"url\":\"https:\/\/longchangchemical.com\/\",\"logo\":{\"@type\":\"ImageObject\",\"inLanguage\":\"pt-BR\",\"@id\":\"https:\/\/longchangchemical.com\/#\/schema\/logo\/image\/\",\"url\":\"https:\/\/longchangchemical.com\/wp-content\/uploads\/2020\/08\/cropped-longchang-logo.png\",\"contentUrl\":\"https:\/\/longchangchemical.com\/wp-content\/uploads\/2020\/08\/cropped-longchang-logo.png\",\"width\":512,\"height\":512,\"caption\":\"Longchang Chemical\"},\"image\":{\"@id\":\"https:\/\/longchangchemical.com\/#\/schema\/logo\/image\/\"}}]}<\/script>\n<!-- \/ Yoast SEO plugin. -->","yoast_head_json":{"title":"Maior fabricante e fornecedor de decanoil\/octanoil-glicer\u00eddeos CAS 65381-09-1 da China - Longchang Chemical","description":"A Longchang Chemical \u00e9 uma fabricante e fornecedora l\u00edder de Decanoil\/octanoil-glicer\u00eddeos CAS 65381-09-1 na China. Compre Decanoil\/octanoil-glicer\u00eddeos na China. Podemos oferecer o melhor pre\u00e7o de Decanoil\/octoganoilglicer\u00eddeos.","robots":{"index":"index","follow":"follow","max-snippet":"max-snippet:-1","max-image-preview":"max-image-preview:large","max-video-preview":"max-video-preview:-1"},"canonical":"https:\/\/longchangchemical.com\/pt\/product\/decanoyl-octanoyl-glycerides-cas-65381-09-1\/","og_locale":"pt_BR","og_type":"article","og_title":"China top Decanoyl\/octanoyl-glycerides CAS 65381-09-1 manufacturer and supplier - Longchang Chemical","og_description":"Longchang Chemical is a leading manufacturer and supplier of Decanoyl\/octanoyl-glycerides CAS 65381-09-1 in China. Buy Decanoyl\/octanoyl-glycerides in china. We can provide the best Decanoyl\/octanoyl-glycerides price.","og_url":"https:\/\/longchangchemical.com\/pt\/product\/decanoyl-octanoyl-glycerides-cas-65381-09-1\/","og_site_name":"Longchang Chemical","article_modified_time":"2025-12-23T03:51:31+00:00","og_image":[{"width":600,"height":800,"url":"https:\/\/longchangchemical.com\/wp-content\/uploads\/2020\/11\/Decanoyloctanoyl-glycerides-Appearance.jpg","type":"image\/jpeg"}],"twitter_card":"summary_large_image","schema":{"@context":"https:\/\/schema.org","@graph":[{"@type":"WebPage","@id":"https:\/\/longchangchemical.com\/product\/decanoyl-octanoyl-glycerides-cas-65381-09-1\/","url":"https:\/\/longchangchemical.com\/product\/decanoyl-octanoyl-glycerides-cas-65381-09-1\/","name":"Maior fabricante e fornecedor de decanoil\/octanoil-glicer\u00eddeos CAS 65381-09-1 da China - Longchang Chemical","isPartOf":{"@id":"https:\/\/longchangchemical.com\/#website"},"primaryImageOfPage":{"@id":"https:\/\/longchangchemical.com\/product\/decanoyl-octanoyl-glycerides-cas-65381-09-1\/#primaryimage"},"image":{"@id":"https:\/\/longchangchemical.com\/product\/decanoyl-octanoyl-glycerides-cas-65381-09-1\/#primaryimage"},"thumbnailUrl":"https:\/\/longchangchemical.com\/wp-content\/uploads\/2020\/11\/Decanoyloctanoyl-glycerides-Appearance.jpg","datePublished":"2020-11-11T12:25:27+00:00","dateModified":"2025-12-23T03:51:31+00:00","description":"A Longchang Chemical \u00e9 uma fabricante e fornecedora l\u00edder de Decanoil\/octanoil-glicer\u00eddeos CAS 65381-09-1 na China. Compre Decanoil\/octanoil-glicer\u00eddeos na China. Podemos oferecer o melhor pre\u00e7o de Decanoil\/octoganoilglicer\u00eddeos.","breadcrumb":{"@id":"https:\/\/longchangchemical.com\/product\/decanoyl-octanoyl-glycerides-cas-65381-09-1\/#breadcrumb"},"inLanguage":"pt-BR","potentialAction":[{"@type":"ReadAction","target":["https:\/\/longchangchemical.com\/product\/decanoyl-octanoyl-glycerides-cas-65381-09-1\/"]}]},{"@type":"ImageObject","inLanguage":"pt-BR","@id":"https:\/\/longchangchemical.com\/product\/decanoyl-octanoyl-glycerides-cas-65381-09-1\/#primaryimage","url":"https:\/\/longchangchemical.com\/wp-content\/uploads\/2020\/11\/Decanoyloctanoyl-glycerides-Appearance.jpg","contentUrl":"https:\/\/longchangchemical.com\/wp-content\/uploads\/2020\/11\/Decanoyloctanoyl-glycerides-Appearance.jpg","width":600,"height":800,"caption":"Decanoyloctanoyl-glycerides Appearance"},{"@type":"BreadcrumbList","@id":"https:\/\/longchangchemical.com\/product\/decanoyl-octanoyl-glycerides-cas-65381-09-1\/#breadcrumb","itemListElement":[{"@type":"ListItem","position":1,"name":"Home","item":"https:\/\/longchangchemical.com\/"},{"@type":"ListItem","position":2,"name":"Products Longchang","item":"https:\/\/longchangchemical.com\/product\/"},{"@type":"ListItem","position":3,"name":"Decanoyl\/octanoyl-glycerides CAS 65381-09-1"}]},{"@type":"WebSite","@id":"https:\/\/longchangchemical.com\/#website","url":"https:\/\/longchangchemical.com\/","name":"Qu\u00edmica Longchang","description":"Fabricante de produtos qu\u00edmicos na China \uff06 fornecedor","publisher":{"@id":"https:\/\/longchangchemical.com\/#organization"},"potentialAction":[{"@type":"SearchAction","target":{"@type":"EntryPoint","urlTemplate":"https:\/\/longchangchemical.com\/?s={search_term_string}"},"query-input":{"@type":"PropertyValueSpecification","valueRequired":true,"valueName":"search_term_string"}}],"inLanguage":"pt-BR"},{"@type":"Organization","@id":"https:\/\/longchangchemical.com\/#organization","name":"Qu\u00edmica Longchang","url":"https:\/\/longchangchemical.com\/","logo":{"@type":"ImageObject","inLanguage":"pt-BR","@id":"https:\/\/longchangchemical.com\/#\/schema\/logo\/image\/","url":"https:\/\/longchangchemical.com\/wp-content\/uploads\/2020\/08\/cropped-longchang-logo.png","contentUrl":"https:\/\/longchangchemical.com\/wp-content\/uploads\/2020\/08\/cropped-longchang-logo.png","width":512,"height":512,"caption":"Longchang Chemical"},"image":{"@id":"https:\/\/longchangchemical.com\/#\/schema\/logo\/image\/"}}]}},"_links":{"self":[{"href":"https:\/\/longchangchemical.com\/pt\/wp-json\/wp\/v2\/product\/3417","targetHints":{"allow":["GET"]}}],"collection":[{"href":"https:\/\/longchangchemical.com\/pt\/wp-json\/wp\/v2\/product"}],"about":[{"href":"https:\/\/longchangchemical.com\/pt\/wp-json\/wp\/v2\/types\/product"}],"replies":[{"embeddable":true,"href":"https:\/\/longchangchemical.com\/pt\/wp-json\/wp\/v2\/comments?post=3417"}],"wp:featuredmedia":[{"embeddable":true,"href":"https:\/\/longchangchemical.com\/pt\/wp-json\/wp\/v2\/media\/3418"}],"wp:attachment":[{"href":"https:\/\/longchangchemical.com\/pt\/wp-json\/wp\/v2\/media?parent=3417"}],"wp:term":[{"taxonomy":"product_brand","embeddable":true,"href":"https:\/\/longchangchemical.com\/pt\/wp-json\/wp\/v2\/product_brand?post=3417"},{"taxonomy":"product_cat","embeddable":true,"href":"https:\/\/longchangchemical.com\/pt\/wp-json\/wp\/v2\/product_cat?post=3417"},{"taxonomy":"product_tag","embeddable":true,"href":"https:\/\/longchangchemical.com\/pt\/wp-json\/wp\/v2\/product_tag?post=3417"}],"curies":[{"name":"wp","href":"https:\/\/api.w.org\/{rel}","templated":true}]}}