{"id":3397,"date":"2020-11-05T10:49:55","date_gmt":"2020-11-05T10:49:55","guid":{"rendered":"https:\/\/longchangchemical.com\/?post_type=product&#038;p=3397"},"modified":"2025-12-23T03:49:46","modified_gmt":"2025-12-23T03:49:46","slug":"isopropyl-myristate-cas-110-27-0","status":"publish","type":"product","link":"https:\/\/longchangchemical.com\/pt\/product\/isopropyl-myristate-cas-110-27-0\/","title":{"rendered":"IPM \/ Miristato de isopropila CAS 110-27-0"},"content":{"rendered":"<h1><strong>COA de <\/strong>Miristato de isopropila CAS 110-27-0<\/h1>\n<table class=\"table-1\">\n<tbody>\n<tr>\n<td>\n<h4>Item<\/h4>\n<\/td>\n<td>\n<h4>Especifica\u00e7\u00f5es<\/h4>\n<\/td>\n<\/tr>\n<tr>\n<td>\n<h4>Apar\u00eancia<\/h4>\n<\/td>\n<td>\n<h4>L\u00edquido oleoso incolor ou amarelado.<\/h4>\n<\/td>\n<\/tr>\n<tr>\n<td>\n<h4>Conte\u00fado<\/h4>\n<\/td>\n<td>\n<h4>99%Min<\/h4>\n<\/td>\n<\/tr>\n<tr>\n<td>\n<h4>Valor de acidez (MgKOH\/g)<\/h4>\n<\/td>\n<td>\n<h4>0,5%Max<\/h4>\n<\/td>\n<\/tr>\n<tr>\n<td>\n<h4>Ponto de congelamento<\/h4>\n<\/td>\n<td>\n<h4>2\u2103Max<\/h4>\n<\/td>\n<\/tr>\n<tr>\n<td>\n<h4>\u00cdndice de refra\u00e7\u00e3o<\/h4>\n<\/td>\n<td>\n<h4>1.434-1.438<\/h4>\n<\/td>\n<\/tr>\n<tr>\n<td>\n<h4>Gravidade espec\u00edfica`<\/h4>\n<\/td>\n<td>\n<h4>0.850-0.860<\/h4>\n<\/td>\n<\/tr>\n<tr>\n<td>\n<h4>Ars\u00eanico<\/h4>\n<\/td>\n<td>\n<h4>2ppmMax<\/h4>\n<\/td>\n<\/tr>\n<tr>\n<td>\n<h4>Metais pesados<\/h4>\n<\/td>\n<td>\n<h4>5ppmMax<\/h4>\n<\/td>\n<\/tr>\n<\/tbody>\n<\/table>\n<p>&nbsp;<\/p>\n<h2>O que \u00e9 miristato de isopropila?<\/h2>\n<h4>O miristato de isopropila \u00e9 amplamente utilizado em cosm\u00e9ticos. Ele pode hidratar e hidratar a pele. A pele absorve bem o produto. Pode entrar em contato eficaz com os fol\u00edculos capilares no c\u00f3rtex, penetrar profundamente na pele e integrar os ingredientes ativos nos cosm\u00e9ticos.<\/h4>\n<h2><strong>Uso do miristato de isopropila<\/strong><\/h2>\n<h4>1. O miristato de isopropila \u00e9 um emoliente n\u00e3o gorduroso e \u00e9 facilmente absorvido pela pele. \u00c9 um dos componentes da matriz semiss\u00f3lida e tamb\u00e9m pode ser usado como solvente para muitas subst\u00e2ncias em prepara\u00e7\u00f5es para administra\u00e7\u00e3o t\u00f3pica.<\/h4>\n<h4>2. O miristato de isopropila \u00e9 usado em v\u00e1rias prepara\u00e7\u00f5es t\u00f3picas e cosm\u00e9ticos, incluindo \u00f3leos de banho, cosm\u00e9ticos, produtos para os cabelos, cremes faciais, lo\u00e7\u00f5es, protetor labial, creme de barbear, emolientes, desodorantes, suspens\u00e3o parcial para os ouvidos e creme vaginal. Por exemplo, o miristato de isopropila \u00e9 um ingrediente auto-emulsificante em uma receita de creme para resfriados, e essa receita de creme para resfriados pode ser usada como base para muitos medicamentos e rem\u00e9dios para a pele.<\/h4>\n<h4>3. \u00c9 usado como adesivo, emoliente e amaciante de queratina em cosm\u00e9ticos. Os produtos com esse ingrediente s\u00e3o mais f\u00e1ceis de aplicar e t\u00eam uma textura refrescante. O componente tem mol\u00e9culas pequenas, \u00e9 f\u00e1cil de penetrar e tem um bom efeito de limpeza para o removedor de maquiagem.<\/h4>\n<h4>4. O miristato de isopropila pode ser usado como um aprimorador de penetra\u00e7\u00e3o em prepara\u00e7\u00f5es de absor\u00e7\u00e3o transd\u00e9rmica e pode ser usado em combina\u00e7\u00e3o com ultrassom terap\u00eautico e iontoforese.<\/h4>\n<h4>5. O miristato de isopropila pode ser usado como o principal componente da fase oleosa na emuls\u00e3o de libera\u00e7\u00e3o prolongada de gel de \u00e1gua e \u00f3leo.<\/h4>\n<p>&nbsp;<\/p>\n<h2><strong>Miristato de isopropila <\/strong><strong>Embalagem e remessa<\/strong><\/h2>\n<h4>175 kg\/tambor de pl\u00e1stico<strong><br \/>\n<\/strong><\/h4>\n<p>&nbsp;<\/p>\n<h2><strong>Miristato de isopropila <\/strong><strong>Armazenamento<\/strong><strong><br \/>\n<\/strong><\/h2>\n<h4>O miristato de isopropila n\u00e3o \u00e9 f\u00e1cil de ser oxidado e hidrolisado, e n\u00e3o \u00e9 f\u00e1cil de ran\u00e7o. Deve ser colocado em um recipiente fechado, mantido em um local escuro, fresco e seco.<\/h4>\n<h2>Observe<\/h2>\n<h4>Quando o miristato de isopropila entra em contato com a borracha, ela incha, dissolve-se parcialmente e sua viscosidade diminui; quando entra em contato com pl\u00e1sticos (como n\u00e1ilon e polietileno), esses materiais incham. O miristato de isopropila e a cera de parafina t\u00eam contraindica\u00e7\u00f5es e formam uma mistura granular, al\u00e9m de n\u00e3o serem compat\u00edveis com oxidantes fortes.<\/h4>\n<p>&nbsp;<\/p>\n<h2>Produtos da mesma s\u00e9rie<\/h2>\n<table style=\"border-collapse: collapse; width: 318.02pt;\" border=\"0\" width=\"424\" cellspacing=\"0\" cellpadding=\"0\">\n<tbody>\n<tr style=\"height: 13.50pt;\">\n<td class=\"et2\" style=\"height: 13.50pt; width: 87.00pt;\" width=\"116\" height=\"18\">Nome do produto<\/td>\n<td class=\"et2\" style=\"width: 129.75pt;\" width=\"173\">Nome qu\u00edmico<\/td>\n<td class=\"et2\" style=\"width: 101.25pt;\" width=\"135\">N\u00famero CAS<\/td>\n<\/tr>\n<tr style=\"height: 13.50pt;\">\n<td class=\"et2\" style=\"height: 13.50pt;\" height=\"18\">IPP<\/td>\n<td class=\"et2\"><a href=\"https:\/\/longchangchemical.com\/pt\/product\/isopropyl-palmitate-cas-142-91-6\/\"><span style=\"color: #00ccff;\">Palmitato de isopropila<\/span><\/a><\/td>\n<td class=\"et2\">CAS 142-91-6<\/td>\n<\/tr>\n<tr style=\"height: 13.50pt;\">\n<td class=\"et2\" style=\"height: 13.50pt;\" height=\"18\">IPL<\/td>\n<td class=\"et2\"><a href=\"https:\/\/longchangchemical.com\/pt\/product\/isopropyl-laurate-cas-10233-13-3\/\"><span style=\"color: #00ccff;\">Laurato de isopropila<\/span><\/a><\/td>\n<td class=\"et2\">CAS 10233-13-3<\/td>\n<\/tr>\n<tr style=\"height: 13.50pt;\">\n<td class=\"et2\" style=\"height: 13.50pt;\" height=\"18\">2-EHP<\/td>\n<td class=\"et2\"><a href=\"https:\/\/longchangchemical.com\/pt\/product\/isooctyl-palmitate-cas-1341-38-4\/\"><span style=\"color: #00ccff;\">Palmitato de isooctilo<\/span><\/a><\/td>\n<td class=\"et2\">CAS 1341-38-4<\/td>\n<\/tr>\n<tr style=\"height: 13.50pt;\">\n<td class=\"et2\" style=\"height: 13.50pt;\" height=\"18\">IPM<\/td>\n<td class=\"et2\"><a href=\"https:\/\/longchangchemical.com\/pt\/product\/isopropyl-myristate-cas-110-27-0\/\"><span style=\"color: #00ccff;\">Miristato de isopropila<\/span><\/a><\/td>\n<td class=\"et2\">CAS 110-27-0<\/td>\n<\/tr>\n<\/tbody>\n<\/table>\n<h2><\/h2>\n<h2><strong><b>Entre em contato conosco agora!<\/b><\/strong><\/h2>\n<h4><strong><b>Se precisar de COA, MSDS ou TDS, preencha suas informa\u00e7\u00f5es de contato no formul\u00e1rio abaixo. Normalmente, entraremos em contato em 24 horas. Voc\u00ea tamb\u00e9m pode me enviar um e-mail <span style=\"color: #0000ff;\"><a style=\"color: #0000ff;\" href=\"mailto:info@longchangchemical.com\">info@longchangchemical.com<\/a><\/span> durante o hor\u00e1rio comercial (das 8h30 \u00e0s 18h UTC+8 de segunda a s\u00e1bado) ou use o bate-papo ao vivo do site para obter uma resposta imediata.<\/b><\/strong><\/h4>","protected":false},"excerpt":{"rendered":"<h4>Nome qu\u00edmico: Miristato de isopropila<\/h4>\n<h4>N\u00famero CAS: 110-27-0<\/h4>\n<h4>F\u00f3rmula molecular: C17H34O2<\/h4>\n<h4>Estrutura qu\u00edmica:<img decoding=\"async\" title=\"image.png\" src=\"https:\/\/www.longchangchemical.com\/wp-content\/uploads\/product-details\/20200617305486.png\" alt=\"image.png\" \/><\/h4>\n<h4>Peso molecular: 270,45<\/h4>\n<h4>Apar\u00eancia: L\u00edquido oleoso incolor ou amarelado.<\/h4>\n<h4>Ensaio: 98%<\/h4>","protected":false},"featured_media":3398,"comment_status":"open","ping_status":"closed","template":"","meta":[],"product_brand":[],"product_cat":[103],"product_tag":[],"class_list":{"0":"post-3397","1":"product","2":"type-product","3":"status-publish","4":"has-post-thumbnail","6":"product_cat-cosmetic-additives","8":"first","9":"instock","10":"shipping-taxable","11":"product-type-simple"},"yoast_head":"<!-- This site is optimized with the Yoast SEO plugin v25.3.1 - https:\/\/yoast.com\/wordpress\/plugins\/seo\/ -->\n<title>China Isopropyl myristate CAS 110-27-0 manufacturer and supplier - Longchang Chemical<\/title>\n<meta name=\"description\" content=\"Longchang Chemical is a leading manufacturer and supplier of Isopropyl myristate CAS 110-27-0 in China. Buy Isopropyl myristate CAS 110-27-0 in china. We can provide the best Isopropyl myristate price.\" \/>\n<meta name=\"robots\" content=\"index, follow, max-snippet:-1, max-image-preview:large, max-video-preview:-1\" \/>\n<link rel=\"canonical\" href=\"https:\/\/longchangchemical.com\/pt\/product\/isopropyl-myristate-cas-110-27-0\/\" \/>\n<meta property=\"og:locale\" content=\"pt_BR\" \/>\n<meta property=\"og:type\" content=\"article\" \/>\n<meta property=\"og:title\" content=\"China Isopropyl myristate CAS 110-27-0 manufacturer and supplier - Longchang Chemical\" \/>\n<meta property=\"og:description\" content=\"Longchang Chemical is a leading manufacturer and supplier of Isopropyl myristate CAS 110-27-0 in China. Buy Isopropyl myristate CAS 110-27-0 in china. We can provide the best Isopropyl myristate price.\" \/>\n<meta property=\"og:url\" content=\"https:\/\/longchangchemical.com\/pt\/product\/isopropyl-myristate-cas-110-27-0\/\" \/>\n<meta property=\"og:site_name\" content=\"Longchang Chemical\" \/>\n<meta property=\"article:modified_time\" content=\"2025-12-23T03:49:46+00:00\" \/>\n<meta property=\"og:image\" content=\"https:\/\/longchangchemical.com\/wp-content\/uploads\/2020\/11\/Isopropyl-myristate-Appearance.jpg\" \/>\n\t<meta property=\"og:image:width\" content=\"600\" \/>\n\t<meta property=\"og:image:height\" content=\"800\" \/>\n\t<meta property=\"og:image:type\" content=\"image\/jpeg\" \/>\n<meta name=\"twitter:card\" content=\"summary_large_image\" \/>\n<script type=\"application\/ld+json\" class=\"yoast-schema-graph\">{\"@context\":\"https:\/\/schema.org\",\"@graph\":[{\"@type\":\"WebPage\",\"@id\":\"https:\/\/longchangchemical.com\/product\/isopropyl-myristate-cas-110-27-0\/\",\"url\":\"https:\/\/longchangchemical.com\/product\/isopropyl-myristate-cas-110-27-0\/\",\"name\":\"China Isopropyl myristate CAS 110-27-0 manufacturer and supplier - Longchang Chemical\",\"isPartOf\":{\"@id\":\"https:\/\/longchangchemical.com\/#website\"},\"primaryImageOfPage\":{\"@id\":\"https:\/\/longchangchemical.com\/product\/isopropyl-myristate-cas-110-27-0\/#primaryimage\"},\"image\":{\"@id\":\"https:\/\/longchangchemical.com\/product\/isopropyl-myristate-cas-110-27-0\/#primaryimage\"},\"thumbnailUrl\":\"https:\/\/longchangchemical.com\/wp-content\/uploads\/2020\/11\/Isopropyl-myristate-Appearance.jpg\",\"datePublished\":\"2020-11-05T10:49:55+00:00\",\"dateModified\":\"2025-12-23T03:49:46+00:00\",\"description\":\"Longchang Chemical is a leading manufacturer and supplier of Isopropyl myristate CAS 110-27-0 in China. Buy Isopropyl myristate CAS 110-27-0 in china. We can provide the best Isopropyl myristate price.\",\"breadcrumb\":{\"@id\":\"https:\/\/longchangchemical.com\/product\/isopropyl-myristate-cas-110-27-0\/#breadcrumb\"},\"inLanguage\":\"pt-BR\",\"potentialAction\":[{\"@type\":\"ReadAction\",\"target\":[\"https:\/\/longchangchemical.com\/product\/isopropyl-myristate-cas-110-27-0\/\"]}]},{\"@type\":\"ImageObject\",\"inLanguage\":\"pt-BR\",\"@id\":\"https:\/\/longchangchemical.com\/product\/isopropyl-myristate-cas-110-27-0\/#primaryimage\",\"url\":\"https:\/\/longchangchemical.com\/wp-content\/uploads\/2020\/11\/Isopropyl-myristate-Appearance.jpg\",\"contentUrl\":\"https:\/\/longchangchemical.com\/wp-content\/uploads\/2020\/11\/Isopropyl-myristate-Appearance.jpg\",\"width\":600,\"height\":800,\"caption\":\"Isopropyl myristate Appearance\"},{\"@type\":\"BreadcrumbList\",\"@id\":\"https:\/\/longchangchemical.com\/product\/isopropyl-myristate-cas-110-27-0\/#breadcrumb\",\"itemListElement\":[{\"@type\":\"ListItem\",\"position\":1,\"name\":\"Home\",\"item\":\"https:\/\/longchangchemical.com\/\"},{\"@type\":\"ListItem\",\"position\":2,\"name\":\"Products Longchang\",\"item\":\"https:\/\/longchangchemical.com\/product\/\"},{\"@type\":\"ListItem\",\"position\":3,\"name\":\"IPM \/ Isopropyl myristate CAS 110-27-0\"}]},{\"@type\":\"WebSite\",\"@id\":\"https:\/\/longchangchemical.com\/#website\",\"url\":\"https:\/\/longchangchemical.com\/\",\"name\":\"Longchang Chemical\",\"description\":\"China chemical manufacturer \uff06 supplier\",\"publisher\":{\"@id\":\"https:\/\/longchangchemical.com\/#organization\"},\"potentialAction\":[{\"@type\":\"SearchAction\",\"target\":{\"@type\":\"EntryPoint\",\"urlTemplate\":\"https:\/\/longchangchemical.com\/?s={search_term_string}\"},\"query-input\":{\"@type\":\"PropertyValueSpecification\",\"valueRequired\":true,\"valueName\":\"search_term_string\"}}],\"inLanguage\":\"pt-BR\"},{\"@type\":\"Organization\",\"@id\":\"https:\/\/longchangchemical.com\/#organization\",\"name\":\"Longchang Chemical\",\"url\":\"https:\/\/longchangchemical.com\/\",\"logo\":{\"@type\":\"ImageObject\",\"inLanguage\":\"pt-BR\",\"@id\":\"https:\/\/longchangchemical.com\/#\/schema\/logo\/image\/\",\"url\":\"https:\/\/longchangchemical.com\/wp-content\/uploads\/2020\/08\/cropped-longchang-logo.png\",\"contentUrl\":\"https:\/\/longchangchemical.com\/wp-content\/uploads\/2020\/08\/cropped-longchang-logo.png\",\"width\":512,\"height\":512,\"caption\":\"Longchang Chemical\"},\"image\":{\"@id\":\"https:\/\/longchangchemical.com\/#\/schema\/logo\/image\/\"}}]}<\/script>\n<!-- \/ Yoast SEO plugin. -->","yoast_head_json":{"title":"Fabricante e fornecedor de miristato de isopropila CAS 110-27-0 na China - Longchang Chemical","description":"A Longchang Chemical \u00e9 um fabricante e fornecedor l\u00edder de miristato de isopropila CAS 110-27-0 na China. Compre Miristato de Isopropila CAS 110-27-0 na China. Podemos oferecer o melhor pre\u00e7o de miristato de isopropila.","robots":{"index":"index","follow":"follow","max-snippet":"max-snippet:-1","max-image-preview":"max-image-preview:large","max-video-preview":"max-video-preview:-1"},"canonical":"https:\/\/longchangchemical.com\/pt\/product\/isopropyl-myristate-cas-110-27-0\/","og_locale":"pt_BR","og_type":"article","og_title":"China Isopropyl myristate CAS 110-27-0 manufacturer and supplier - Longchang Chemical","og_description":"Longchang Chemical is a leading manufacturer and supplier of Isopropyl myristate CAS 110-27-0 in China. Buy Isopropyl myristate CAS 110-27-0 in china. We can provide the best Isopropyl myristate price.","og_url":"https:\/\/longchangchemical.com\/pt\/product\/isopropyl-myristate-cas-110-27-0\/","og_site_name":"Longchang Chemical","article_modified_time":"2025-12-23T03:49:46+00:00","og_image":[{"width":600,"height":800,"url":"https:\/\/longchangchemical.com\/wp-content\/uploads\/2020\/11\/Isopropyl-myristate-Appearance.jpg","type":"image\/jpeg"}],"twitter_card":"summary_large_image","schema":{"@context":"https:\/\/schema.org","@graph":[{"@type":"WebPage","@id":"https:\/\/longchangchemical.com\/product\/isopropyl-myristate-cas-110-27-0\/","url":"https:\/\/longchangchemical.com\/product\/isopropyl-myristate-cas-110-27-0\/","name":"Fabricante e fornecedor de miristato de isopropila CAS 110-27-0 na China - Longchang Chemical","isPartOf":{"@id":"https:\/\/longchangchemical.com\/#website"},"primaryImageOfPage":{"@id":"https:\/\/longchangchemical.com\/product\/isopropyl-myristate-cas-110-27-0\/#primaryimage"},"image":{"@id":"https:\/\/longchangchemical.com\/product\/isopropyl-myristate-cas-110-27-0\/#primaryimage"},"thumbnailUrl":"https:\/\/longchangchemical.com\/wp-content\/uploads\/2020\/11\/Isopropyl-myristate-Appearance.jpg","datePublished":"2020-11-05T10:49:55+00:00","dateModified":"2025-12-23T03:49:46+00:00","description":"A Longchang Chemical \u00e9 um fabricante e fornecedor l\u00edder de miristato de isopropila CAS 110-27-0 na China. Compre Miristato de Isopropila CAS 110-27-0 na China. Podemos oferecer o melhor pre\u00e7o de miristato de isopropila.","breadcrumb":{"@id":"https:\/\/longchangchemical.com\/product\/isopropyl-myristate-cas-110-27-0\/#breadcrumb"},"inLanguage":"pt-BR","potentialAction":[{"@type":"ReadAction","target":["https:\/\/longchangchemical.com\/product\/isopropyl-myristate-cas-110-27-0\/"]}]},{"@type":"ImageObject","inLanguage":"pt-BR","@id":"https:\/\/longchangchemical.com\/product\/isopropyl-myristate-cas-110-27-0\/#primaryimage","url":"https:\/\/longchangchemical.com\/wp-content\/uploads\/2020\/11\/Isopropyl-myristate-Appearance.jpg","contentUrl":"https:\/\/longchangchemical.com\/wp-content\/uploads\/2020\/11\/Isopropyl-myristate-Appearance.jpg","width":600,"height":800,"caption":"Isopropyl myristate Appearance"},{"@type":"BreadcrumbList","@id":"https:\/\/longchangchemical.com\/product\/isopropyl-myristate-cas-110-27-0\/#breadcrumb","itemListElement":[{"@type":"ListItem","position":1,"name":"Home","item":"https:\/\/longchangchemical.com\/"},{"@type":"ListItem","position":2,"name":"Products Longchang","item":"https:\/\/longchangchemical.com\/product\/"},{"@type":"ListItem","position":3,"name":"IPM \/ Isopropyl myristate CAS 110-27-0"}]},{"@type":"WebSite","@id":"https:\/\/longchangchemical.com\/#website","url":"https:\/\/longchangchemical.com\/","name":"Qu\u00edmica Longchang","description":"Fabricante de produtos qu\u00edmicos na China \uff06 fornecedor","publisher":{"@id":"https:\/\/longchangchemical.com\/#organization"},"potentialAction":[{"@type":"SearchAction","target":{"@type":"EntryPoint","urlTemplate":"https:\/\/longchangchemical.com\/?s={search_term_string}"},"query-input":{"@type":"PropertyValueSpecification","valueRequired":true,"valueName":"search_term_string"}}],"inLanguage":"pt-BR"},{"@type":"Organization","@id":"https:\/\/longchangchemical.com\/#organization","name":"Qu\u00edmica Longchang","url":"https:\/\/longchangchemical.com\/","logo":{"@type":"ImageObject","inLanguage":"pt-BR","@id":"https:\/\/longchangchemical.com\/#\/schema\/logo\/image\/","url":"https:\/\/longchangchemical.com\/wp-content\/uploads\/2020\/08\/cropped-longchang-logo.png","contentUrl":"https:\/\/longchangchemical.com\/wp-content\/uploads\/2020\/08\/cropped-longchang-logo.png","width":512,"height":512,"caption":"Longchang Chemical"},"image":{"@id":"https:\/\/longchangchemical.com\/#\/schema\/logo\/image\/"}}]}},"_links":{"self":[{"href":"https:\/\/longchangchemical.com\/pt\/wp-json\/wp\/v2\/product\/3397","targetHints":{"allow":["GET"]}}],"collection":[{"href":"https:\/\/longchangchemical.com\/pt\/wp-json\/wp\/v2\/product"}],"about":[{"href":"https:\/\/longchangchemical.com\/pt\/wp-json\/wp\/v2\/types\/product"}],"replies":[{"embeddable":true,"href":"https:\/\/longchangchemical.com\/pt\/wp-json\/wp\/v2\/comments?post=3397"}],"wp:featuredmedia":[{"embeddable":true,"href":"https:\/\/longchangchemical.com\/pt\/wp-json\/wp\/v2\/media\/3398"}],"wp:attachment":[{"href":"https:\/\/longchangchemical.com\/pt\/wp-json\/wp\/v2\/media?parent=3397"}],"wp:term":[{"taxonomy":"product_brand","embeddable":true,"href":"https:\/\/longchangchemical.com\/pt\/wp-json\/wp\/v2\/product_brand?post=3397"},{"taxonomy":"product_cat","embeddable":true,"href":"https:\/\/longchangchemical.com\/pt\/wp-json\/wp\/v2\/product_cat?post=3397"},{"taxonomy":"product_tag","embeddable":true,"href":"https:\/\/longchangchemical.com\/pt\/wp-json\/wp\/v2\/product_tag?post=3397"}],"curies":[{"name":"wp","href":"https:\/\/api.w.org\/{rel}","templated":true}]}}