{"id":3394,"date":"2020-11-04T01:59:19","date_gmt":"2020-11-04T01:59:19","guid":{"rendered":"https:\/\/longchangchemical.com\/?post_type=product&#038;p=3394"},"modified":"2025-12-23T03:46:32","modified_gmt":"2025-12-23T03:46:32","slug":"isopropyl-palmitate-cas-142-91-6","status":"publish","type":"product","link":"https:\/\/longchangchemical.com\/pt\/product\/isopropyl-palmitate-cas-142-91-6\/","title":{"rendered":"IPP \/ Palmitato de isopropila CAS 142-91-6"},"content":{"rendered":"<h2><strong><b>COA de <\/b><\/strong><strong><b>Palmitato de isopropila <\/b><\/strong><\/h2>\n<table>\n<tbody>\n<tr>\n<td>\n<h4>Item<\/h4>\n<\/td>\n<td>\n<h4>Especifica\u00e7\u00f5es<\/h4>\n<\/td>\n<\/tr>\n<tr>\n<td>\n<h4>Apar\u00eancia<\/h4>\n<\/td>\n<td>\n<h4>L\u00edquido oleoso incolor ou amarelado.<\/h4>\n<\/td>\n<\/tr>\n<tr>\n<td>\n<h4>Teor de \u00e9steres<\/h4>\n<\/td>\n<td>\n<h4>98%Min<\/h4>\n<\/td>\n<\/tr>\n<tr>\n<td>\n<h4>Valor de acidez<\/h4>\n<\/td>\n<td>\n<h4>0,5%Max<\/h4>\n<\/td>\n<\/tr>\n<tr>\n<td>\n<h4>Ponto de fus\u00e3o<\/h4>\n<\/td>\n<td>\n<h4>16\u2103Max<\/h4>\n<\/td>\n<\/tr>\n<\/tbody>\n<\/table>\n<p>&nbsp;<\/p>\n<h2><strong><b>O que \u00e9 o palmitato de isopropila?<\/b><\/strong><\/h2>\n<h4>O palmitato de isopropila \u00e9 um composto formado por \u00e1lcool isoprop\u00edlico e \u00e1cido palm\u00edtico, amplamente utilizado em umectantes artificiais. A parte da palma dessa f\u00f3rmula cont\u00e9m os principais \u00e1cidos graxos. Essa \u00e9 uma subst\u00e2ncia composta de vitamina A e antioxidantes. Essa f\u00f3rmula penetra facilmente na pele.<\/h4>\n<p>&nbsp;<\/p>\n<h2><strong><b>Uso do palmitato de isopropila<\/b><\/strong><\/h2>\n<h4>1. O palmitato de isopropila \u00e9 amplamente utilizado nos setores farmac\u00eautico e cosm\u00e9tico como aditivo.<\/h4>\n<h4>2. O palmitato de isopropila tem desempenho est\u00e1vel e n\u00e3o \u00e9 adequado para oxida\u00e7\u00e3o, produzindo um odor peculiar. \u00c9 um excelente hidratante para a pele em cuidados com a pele e cosm\u00e9ticos, o que pode tornar a pele macia e suave sem sensa\u00e7\u00e3o de oleosidade. Tem boa permeabilidade \u00e0 pele e pode ser usado como um bom solvente para o pigmento do r\u00edmel. \u00c9 frequentemente usado em cremes para a pele, \u00f3leos para o cabelo, sombras para os olhos, batons, r\u00edmel e outras formula\u00e7\u00f5es.<\/h4>\n<p>&nbsp;<\/p>\n<h2><strong><b>Palmitato de isopropila em cosm\u00e9ticos<\/b><\/strong><\/h2>\n<h4>1. \u00c9 usado como ingrediente antiest\u00e1tico e solvente. Produtos como hidratantes, protetores labiais, protetores solares, antitranspirantes, desodorantes e bases cont\u00eam palmitato de isopropila.<\/h4>\n<h4>2. Ao aplicar maquiagem, aplique produtos que contenham palmitato de isopropila na pele para que se espalhem uniformemente e permane\u00e7am na superf\u00edcie por um tempo antes de serem absorvidos. Portanto, ele pode ajudar a eliminar o ressecamento e tornar a pele macia e el\u00e1stica.<\/h4>\n<h4>3. Outro benef\u00edcio desse ingrediente \u00e9 ajudar a diminuir os poros e reduzir as rugas. Al\u00e9m disso, ele pode prevenir o eczema e a dermatite.<\/h4>\n<h4>4. O palmitato de isopropila pode eliminar fungos nas unhas, hidratando e promovendo a recupera\u00e7\u00e3o da pele doente.<\/h4>\n<p>&nbsp;<\/p>\n<h2><strong><b>Palmitato de isopropila em cuidados com os cabelos<\/b><\/strong><\/h2>\n<h4>Os \u00f3leos capilares que cont\u00eam palmitato de isopropila s\u00e3o frequentemente usados para remover caspa e piolhos e para reduzir a calv\u00edcie. A adi\u00e7\u00e3o desse ingrediente ao xampu pode deixar os cabelos mais macios e brilhantes. Portanto, ele \u00e9 bom para cabelos crespos e secos.<\/h4>\n<p>&nbsp;<\/p>\n<h2><strong><b>Pacote de palmitato de isopropila<\/b><\/strong><\/h2>\n<h4>175 kg\/tambor de pl\u00e1stico<\/h4>\n<p>&nbsp;<\/p>\n<h2><strong><b>Armazenamento de palmitato de isopropila<\/b><\/strong><\/h2>\n<h4>Armazenado em um local fresco, seco e bem ventilado<\/h4>\n<h4>Mantenha os recipientes bem fechados<\/h4>\n<p>&nbsp;<\/p>\n<h2>Produtos da mesma s\u00e9rie<\/h2>\n<table style=\"border-collapse: collapse; width: 318.02pt;\" border=\"0\" width=\"424\" cellspacing=\"0\" cellpadding=\"0\">\n<tbody>\n<tr style=\"height: 13.50pt;\">\n<td class=\"et2\" style=\"height: 13.50pt; width: 87.00pt;\" width=\"116\" height=\"18\">Nome do produto<\/td>\n<td class=\"et2\" style=\"width: 129.75pt;\" width=\"173\">Nome qu\u00edmico<\/td>\n<td class=\"et2\" style=\"width: 101.25pt;\" width=\"135\">N\u00famero CAS<\/td>\n<\/tr>\n<tr style=\"height: 13.50pt;\">\n<td class=\"et2\" style=\"height: 13.50pt;\" height=\"18\">IPP<\/td>\n<td class=\"et2\"><a href=\"https:\/\/longchangchemical.com\/pt\/product\/isopropyl-palmitate-cas-142-91-6\/\"><span style=\"color: #00ccff;\">Palmitato de isopropila<\/span><\/a><\/td>\n<td class=\"et2\">CAS 142-91-6<\/td>\n<\/tr>\n<tr style=\"height: 13.50pt;\">\n<td class=\"et2\" style=\"height: 13.50pt;\" height=\"18\">IPL<\/td>\n<td class=\"et2\"><a href=\"https:\/\/longchangchemical.com\/pt\/product\/isopropyl-laurate-cas-10233-13-3\/\"><span style=\"color: #00ccff;\">Laurato de isopropila<\/span><\/a><\/td>\n<td class=\"et2\">CAS 10233-13-3<\/td>\n<\/tr>\n<tr style=\"height: 13.50pt;\">\n<td class=\"et2\" style=\"height: 13.50pt;\" height=\"18\">2-EHP<\/td>\n<td class=\"et2\"><a href=\"https:\/\/longchangchemical.com\/pt\/product\/isooctyl-palmitate-cas-1341-38-4\/\"><span style=\"color: #00ccff;\">Palmitato de isooctilo<\/span><\/a><\/td>\n<td class=\"et2\">CAS 1341-38-4<\/td>\n<\/tr>\n<tr style=\"height: 13.50pt;\">\n<td class=\"et2\" style=\"height: 13.50pt;\" height=\"18\">IPM<\/td>\n<td class=\"et2\"><a href=\"https:\/\/longchangchemical.com\/pt\/product\/isopropyl-myristate-cas-110-27-0\/\"><span style=\"color: #00ccff;\">Miristato de isopropila<\/span><\/a><\/td>\n<td class=\"et2\">CAS 110-27-0<\/td>\n<\/tr>\n<\/tbody>\n<\/table>\n<h2><\/h2>\n<h2><strong><b>Entre em contato conosco agora!<\/b><\/strong><\/h2>\n<h4><strong><b>Se precisar de COA, MSDS ou TDS, preencha suas informa\u00e7\u00f5es de contato no formul\u00e1rio abaixo. Normalmente, entraremos em contato em 24 horas. Voc\u00ea tamb\u00e9m pode me enviar um e-mail <span style=\"color: #0000ff;\"><a style=\"color: #0000ff;\" href=\"mailto:info@longchangchemical.com\">info@longchangchemical.com<\/a><\/span> durante o hor\u00e1rio comercial (das 8h30 \u00e0s 18h UTC+8 de segunda a s\u00e1bado) ou use o bate-papo ao vivo do site para obter uma resposta imediata.<\/b><\/strong><\/h4>\n<p>&nbsp;<\/p>","protected":false},"excerpt":{"rendered":"<h1>Palmitato de isopropila CAS 142-91-6<\/h1>\n<h4>Nome qu\u00edmico: Palmitato de Isopropila;<\/h4>\n<h4>Outro nome: \u00e9ster isoprop\u00edlico do \u00e1cido palm\u00edtico; hexadecanoato de isopropila<\/h4>\n<h4>N\u00famero CAS: 142-91-6<\/h4>\n<h4>F\u00f3rmula molecular: C19H38O2<\/h4>\n<h4>Estrutura do Palmitato de Isopropila:<\/h4>\n<p><img decoding=\"async\" class=\"size-medium wp-image-3395\" src=\"https:\/\/longchangchemical.com\/wp-content\/uploads\/2020\/11\/Isopropyl-Palmitate-Structure-300x45.png\" alt=\"Estrutura do Palmitato de Isopropila\" width=\"300\" height=\"45\" srcset=\"https:\/\/longchangchemical.com\/wp-content\/uploads\/2020\/11\/Isopropyl-Palmitate-Structure-300x45.png 300w, https:\/\/longchangchemical.com\/wp-content\/uploads\/2020\/11\/Isopropyl-Palmitate-Structure.png 384w\" sizes=\"(max-width: 300px) 100vw, 300px\" \/><\/p>\n<h4>Peso molecular: 298,5<\/h4>\n<h4>Apar\u00eancia: L\u00edquido oleoso incolor ou amarelado.<\/h4>\n<h4>Ensaio:98%<\/h4>","protected":false},"featured_media":3396,"comment_status":"open","ping_status":"closed","template":"","meta":[],"product_brand":[],"product_cat":[103],"product_tag":[],"class_list":{"0":"post-3394","1":"product","2":"type-product","3":"status-publish","4":"has-post-thumbnail","6":"product_cat-cosmetic-additives","8":"first","9":"instock","10":"shipping-taxable","11":"product-type-simple"},"yoast_head":"<!-- This site is optimized with the Yoast SEO plugin v25.3.1 - https:\/\/yoast.com\/wordpress\/plugins\/seo\/ -->\n<title>China Isopropyl palmitate CAS 142-91-6 manufacturer and supplier - Longchang Chemical<\/title>\n<meta name=\"description\" content=\"Longchang Chemical is a leading manufacturer and supplier of Isopropyl palmitate CAS 142-91-6 in China. Buy Isopropyl palmitate CAS 142-91-6 in china. We can provide the best Isopropyl palmitate price. Other Names: palmitic acid isopropyl ester; Isopropyl hexadecanoate\" \/>\n<meta name=\"robots\" content=\"index, follow, max-snippet:-1, max-image-preview:large, max-video-preview:-1\" \/>\n<link rel=\"canonical\" href=\"https:\/\/longchangchemical.com\/pt\/product\/isopropyl-palmitate-cas-142-91-6\/\" \/>\n<meta property=\"og:locale\" content=\"pt_BR\" \/>\n<meta property=\"og:type\" content=\"article\" \/>\n<meta property=\"og:title\" content=\"China Isopropyl palmitate CAS 142-91-6 manufacturer and supplier - Longchang Chemical\" \/>\n<meta property=\"og:description\" content=\"Longchang Chemical is a leading manufacturer and supplier of Isopropyl palmitate CAS 142-91-6 in China. Buy Isopropyl palmitate CAS 142-91-6 in china. We can provide the best Isopropyl palmitate price. Other Names: palmitic acid isopropyl ester; Isopropyl hexadecanoate\" \/>\n<meta property=\"og:url\" content=\"https:\/\/longchangchemical.com\/pt\/product\/isopropyl-palmitate-cas-142-91-6\/\" \/>\n<meta property=\"og:site_name\" content=\"Longchang Chemical\" \/>\n<meta property=\"article:modified_time\" content=\"2025-12-23T03:46:32+00:00\" \/>\n<meta property=\"og:image\" content=\"https:\/\/longchangchemical.com\/wp-content\/uploads\/2020\/11\/Isopropyl-Palmitate-Appearance.jpg\" \/>\n\t<meta property=\"og:image:width\" content=\"600\" \/>\n\t<meta property=\"og:image:height\" content=\"800\" \/>\n\t<meta property=\"og:image:type\" content=\"image\/jpeg\" \/>\n<meta name=\"twitter:card\" content=\"summary_large_image\" \/>\n<script type=\"application\/ld+json\" class=\"yoast-schema-graph\">{\"@context\":\"https:\/\/schema.org\",\"@graph\":[{\"@type\":\"WebPage\",\"@id\":\"https:\/\/longchangchemical.com\/product\/isopropyl-palmitate-cas-142-91-6\/\",\"url\":\"https:\/\/longchangchemical.com\/product\/isopropyl-palmitate-cas-142-91-6\/\",\"name\":\"China Isopropyl palmitate CAS 142-91-6 manufacturer and supplier - Longchang Chemical\",\"isPartOf\":{\"@id\":\"https:\/\/longchangchemical.com\/#website\"},\"primaryImageOfPage\":{\"@id\":\"https:\/\/longchangchemical.com\/product\/isopropyl-palmitate-cas-142-91-6\/#primaryimage\"},\"image\":{\"@id\":\"https:\/\/longchangchemical.com\/product\/isopropyl-palmitate-cas-142-91-6\/#primaryimage\"},\"thumbnailUrl\":\"https:\/\/longchangchemical.com\/wp-content\/uploads\/2020\/11\/Isopropyl-Palmitate-Appearance.jpg\",\"datePublished\":\"2020-11-04T01:59:19+00:00\",\"dateModified\":\"2025-12-23T03:46:32+00:00\",\"description\":\"Longchang Chemical is a leading manufacturer and supplier of Isopropyl palmitate CAS 142-91-6 in China. Buy Isopropyl palmitate CAS 142-91-6 in china. We can provide the best Isopropyl palmitate price. Other Names: palmitic acid isopropyl ester; Isopropyl hexadecanoate\",\"breadcrumb\":{\"@id\":\"https:\/\/longchangchemical.com\/product\/isopropyl-palmitate-cas-142-91-6\/#breadcrumb\"},\"inLanguage\":\"pt-BR\",\"potentialAction\":[{\"@type\":\"ReadAction\",\"target\":[\"https:\/\/longchangchemical.com\/product\/isopropyl-palmitate-cas-142-91-6\/\"]}]},{\"@type\":\"ImageObject\",\"inLanguage\":\"pt-BR\",\"@id\":\"https:\/\/longchangchemical.com\/product\/isopropyl-palmitate-cas-142-91-6\/#primaryimage\",\"url\":\"https:\/\/longchangchemical.com\/wp-content\/uploads\/2020\/11\/Isopropyl-Palmitate-Appearance.jpg\",\"contentUrl\":\"https:\/\/longchangchemical.com\/wp-content\/uploads\/2020\/11\/Isopropyl-Palmitate-Appearance.jpg\",\"width\":600,\"height\":800,\"caption\":\"Isopropyl Palmitate Appearance\"},{\"@type\":\"BreadcrumbList\",\"@id\":\"https:\/\/longchangchemical.com\/product\/isopropyl-palmitate-cas-142-91-6\/#breadcrumb\",\"itemListElement\":[{\"@type\":\"ListItem\",\"position\":1,\"name\":\"Home\",\"item\":\"https:\/\/longchangchemical.com\/\"},{\"@type\":\"ListItem\",\"position\":2,\"name\":\"Products Longchang\",\"item\":\"https:\/\/longchangchemical.com\/product\/\"},{\"@type\":\"ListItem\",\"position\":3,\"name\":\"IPP \/ Isopropyl palmitate CAS 142-91-6\"}]},{\"@type\":\"WebSite\",\"@id\":\"https:\/\/longchangchemical.com\/#website\",\"url\":\"https:\/\/longchangchemical.com\/\",\"name\":\"Longchang Chemical\",\"description\":\"China chemical manufacturer \uff06 supplier\",\"publisher\":{\"@id\":\"https:\/\/longchangchemical.com\/#organization\"},\"potentialAction\":[{\"@type\":\"SearchAction\",\"target\":{\"@type\":\"EntryPoint\",\"urlTemplate\":\"https:\/\/longchangchemical.com\/?s={search_term_string}\"},\"query-input\":{\"@type\":\"PropertyValueSpecification\",\"valueRequired\":true,\"valueName\":\"search_term_string\"}}],\"inLanguage\":\"pt-BR\"},{\"@type\":\"Organization\",\"@id\":\"https:\/\/longchangchemical.com\/#organization\",\"name\":\"Longchang Chemical\",\"url\":\"https:\/\/longchangchemical.com\/\",\"logo\":{\"@type\":\"ImageObject\",\"inLanguage\":\"pt-BR\",\"@id\":\"https:\/\/longchangchemical.com\/#\/schema\/logo\/image\/\",\"url\":\"https:\/\/longchangchemical.com\/wp-content\/uploads\/2020\/08\/cropped-longchang-logo.png\",\"contentUrl\":\"https:\/\/longchangchemical.com\/wp-content\/uploads\/2020\/08\/cropped-longchang-logo.png\",\"width\":512,\"height\":512,\"caption\":\"Longchang Chemical\"},\"image\":{\"@id\":\"https:\/\/longchangchemical.com\/#\/schema\/logo\/image\/\"}}]}<\/script>\n<!-- \/ Yoast SEO plugin. -->","yoast_head_json":{"title":"Fabricante e fornecedor de palmitato de isopropila CAS 142-91-6 na China - Longchang Chemical","description":"A Longchang Chemical \u00e9 uma fabricante e fornecedora l\u00edder de palmitato de isopropila CAS 142-91-6 na China. Compre Palmitato de Isopropila CAS 142-91-6 na China. Podemos oferecer o melhor pre\u00e7o de Palmitato de Isopropila. Outros nomes: \u00e9ster isoprop\u00edlico de \u00e1cido palm\u00edtico; hexadecanoato de isopropila","robots":{"index":"index","follow":"follow","max-snippet":"max-snippet:-1","max-image-preview":"max-image-preview:large","max-video-preview":"max-video-preview:-1"},"canonical":"https:\/\/longchangchemical.com\/pt\/product\/isopropyl-palmitate-cas-142-91-6\/","og_locale":"pt_BR","og_type":"article","og_title":"China Isopropyl palmitate CAS 142-91-6 manufacturer and supplier - Longchang Chemical","og_description":"Longchang Chemical is a leading manufacturer and supplier of Isopropyl palmitate CAS 142-91-6 in China. Buy Isopropyl palmitate CAS 142-91-6 in china. We can provide the best Isopropyl palmitate price. Other Names: palmitic acid isopropyl ester; Isopropyl hexadecanoate","og_url":"https:\/\/longchangchemical.com\/pt\/product\/isopropyl-palmitate-cas-142-91-6\/","og_site_name":"Longchang Chemical","article_modified_time":"2025-12-23T03:46:32+00:00","og_image":[{"width":600,"height":800,"url":"https:\/\/longchangchemical.com\/wp-content\/uploads\/2020\/11\/Isopropyl-Palmitate-Appearance.jpg","type":"image\/jpeg"}],"twitter_card":"summary_large_image","schema":{"@context":"https:\/\/schema.org","@graph":[{"@type":"WebPage","@id":"https:\/\/longchangchemical.com\/product\/isopropyl-palmitate-cas-142-91-6\/","url":"https:\/\/longchangchemical.com\/product\/isopropyl-palmitate-cas-142-91-6\/","name":"Fabricante e fornecedor de palmitato de isopropila CAS 142-91-6 na China - Longchang Chemical","isPartOf":{"@id":"https:\/\/longchangchemical.com\/#website"},"primaryImageOfPage":{"@id":"https:\/\/longchangchemical.com\/product\/isopropyl-palmitate-cas-142-91-6\/#primaryimage"},"image":{"@id":"https:\/\/longchangchemical.com\/product\/isopropyl-palmitate-cas-142-91-6\/#primaryimage"},"thumbnailUrl":"https:\/\/longchangchemical.com\/wp-content\/uploads\/2020\/11\/Isopropyl-Palmitate-Appearance.jpg","datePublished":"2020-11-04T01:59:19+00:00","dateModified":"2025-12-23T03:46:32+00:00","description":"A Longchang Chemical \u00e9 uma fabricante e fornecedora l\u00edder de palmitato de isopropila CAS 142-91-6 na China. Compre Palmitato de Isopropila CAS 142-91-6 na China. Podemos oferecer o melhor pre\u00e7o de Palmitato de Isopropila. Outros nomes: \u00e9ster isoprop\u00edlico de \u00e1cido palm\u00edtico; hexadecanoato de isopropila","breadcrumb":{"@id":"https:\/\/longchangchemical.com\/product\/isopropyl-palmitate-cas-142-91-6\/#breadcrumb"},"inLanguage":"pt-BR","potentialAction":[{"@type":"ReadAction","target":["https:\/\/longchangchemical.com\/product\/isopropyl-palmitate-cas-142-91-6\/"]}]},{"@type":"ImageObject","inLanguage":"pt-BR","@id":"https:\/\/longchangchemical.com\/product\/isopropyl-palmitate-cas-142-91-6\/#primaryimage","url":"https:\/\/longchangchemical.com\/wp-content\/uploads\/2020\/11\/Isopropyl-Palmitate-Appearance.jpg","contentUrl":"https:\/\/longchangchemical.com\/wp-content\/uploads\/2020\/11\/Isopropyl-Palmitate-Appearance.jpg","width":600,"height":800,"caption":"Isopropyl Palmitate Appearance"},{"@type":"BreadcrumbList","@id":"https:\/\/longchangchemical.com\/product\/isopropyl-palmitate-cas-142-91-6\/#breadcrumb","itemListElement":[{"@type":"ListItem","position":1,"name":"Home","item":"https:\/\/longchangchemical.com\/"},{"@type":"ListItem","position":2,"name":"Products Longchang","item":"https:\/\/longchangchemical.com\/product\/"},{"@type":"ListItem","position":3,"name":"IPP \/ Isopropyl palmitate CAS 142-91-6"}]},{"@type":"WebSite","@id":"https:\/\/longchangchemical.com\/#website","url":"https:\/\/longchangchemical.com\/","name":"Qu\u00edmica Longchang","description":"Fabricante de produtos qu\u00edmicos na China \uff06 fornecedor","publisher":{"@id":"https:\/\/longchangchemical.com\/#organization"},"potentialAction":[{"@type":"SearchAction","target":{"@type":"EntryPoint","urlTemplate":"https:\/\/longchangchemical.com\/?s={search_term_string}"},"query-input":{"@type":"PropertyValueSpecification","valueRequired":true,"valueName":"search_term_string"}}],"inLanguage":"pt-BR"},{"@type":"Organization","@id":"https:\/\/longchangchemical.com\/#organization","name":"Qu\u00edmica Longchang","url":"https:\/\/longchangchemical.com\/","logo":{"@type":"ImageObject","inLanguage":"pt-BR","@id":"https:\/\/longchangchemical.com\/#\/schema\/logo\/image\/","url":"https:\/\/longchangchemical.com\/wp-content\/uploads\/2020\/08\/cropped-longchang-logo.png","contentUrl":"https:\/\/longchangchemical.com\/wp-content\/uploads\/2020\/08\/cropped-longchang-logo.png","width":512,"height":512,"caption":"Longchang Chemical"},"image":{"@id":"https:\/\/longchangchemical.com\/#\/schema\/logo\/image\/"}}]}},"_links":{"self":[{"href":"https:\/\/longchangchemical.com\/pt\/wp-json\/wp\/v2\/product\/3394","targetHints":{"allow":["GET"]}}],"collection":[{"href":"https:\/\/longchangchemical.com\/pt\/wp-json\/wp\/v2\/product"}],"about":[{"href":"https:\/\/longchangchemical.com\/pt\/wp-json\/wp\/v2\/types\/product"}],"replies":[{"embeddable":true,"href":"https:\/\/longchangchemical.com\/pt\/wp-json\/wp\/v2\/comments?post=3394"}],"wp:featuredmedia":[{"embeddable":true,"href":"https:\/\/longchangchemical.com\/pt\/wp-json\/wp\/v2\/media\/3396"}],"wp:attachment":[{"href":"https:\/\/longchangchemical.com\/pt\/wp-json\/wp\/v2\/media?parent=3394"}],"wp:term":[{"taxonomy":"product_brand","embeddable":true,"href":"https:\/\/longchangchemical.com\/pt\/wp-json\/wp\/v2\/product_brand?post=3394"},{"taxonomy":"product_cat","embeddable":true,"href":"https:\/\/longchangchemical.com\/pt\/wp-json\/wp\/v2\/product_cat?post=3394"},{"taxonomy":"product_tag","embeddable":true,"href":"https:\/\/longchangchemical.com\/pt\/wp-json\/wp\/v2\/product_tag?post=3394"}],"curies":[{"name":"wp","href":"https:\/\/api.w.org\/{rel}","templated":true}]}}