{"id":3387,"date":"2020-10-28T05:54:54","date_gmt":"2020-10-28T05:54:54","guid":{"rendered":"https:\/\/longchangchemical.com\/?post_type=product&#038;p=3387"},"modified":"2025-12-23T03:39:31","modified_gmt":"2025-12-23T03:39:31","slug":"isooctyl-palmitate-cas-1341-38-4","status":"publish","type":"product","link":"https:\/\/longchangchemical.com\/pt\/product\/isooctyl-palmitate-cas-1341-38-4\/","title":{"rendered":"2-EHP \/ Palmitato de isooctilo CAS 1341-38-4"},"content":{"rendered":"<h1><strong>Palmitato de isooctila CAS 1341-38-4<\/strong><\/h1>\n<table class=\"table-1\">\n<tbody>\n<tr>\n<td>\n<h4>Itens<\/h4>\n<\/td>\n<td>\n<h4>Especifica\u00e7\u00f5es<\/h4>\n<\/td>\n<\/tr>\n<tr>\n<td>\n<h4>Apar\u00eancia<\/h4>\n<\/td>\n<td>\n<h4>L\u00edquido oleoso incolor ou amarelo claro<\/h4>\n<\/td>\n<\/tr>\n<tr>\n<td>\n<h4>Densidade<\/h4>\n<\/td>\n<td>\n<h4>0.850\u4e000.862<\/h4>\n<\/td>\n<\/tr>\n<tr>\n<td>\n<h4>Valor de acidez\uff08mgKOH\/g\uff09<\/h4>\n<\/td>\n<td>\n<h4>\u22641.0<\/h4>\n<\/td>\n<\/tr>\n<tr>\n<td>\n<h4>Valor de saponifica\u00e7\u00e3o\uff08mgKOH\/g\uff09<\/h4>\n<\/td>\n<td>\n<h4>146-156<\/h4>\n<\/td>\n<\/tr>\n<tr>\n<td>\n<h4>\u00cdndice de refra\u00e7\u00e3o20\u2103<\/h4>\n<\/td>\n<td>\n<h4>1.445-1.447<\/h4>\n<\/td>\n<\/tr>\n<tr>\n<td>\n<h4>Valor de iodoI2\/100g<\/h4>\n<\/td>\n<td>\n<h4>\u22641.0<\/h4>\n<\/td>\n<\/tr>\n<\/tbody>\n<\/table>\n<h2><\/h2>\n<h2>O que \u00e9 palmitato de isooctila?<\/h2>\n<h4>O palmitato de isooctila \u00e9 um l\u00edquido oleoso ligeiramente amarelo, que n\u00e3o \u00e9 f\u00e1cil de oxidar, n\u00e3o muda de cor e tem boa estabilidade. \u00c9 um surfactante n\u00e3o t\u00f3xico, n\u00e3o irritante e n\u00e3o alerg\u00eanico n\u00e3o i\u00f4nico.<\/h4>\n<p>&nbsp;<\/p>\n<h2><strong>Uso do palmitato de isooctila<\/strong><\/h2>\n<h3>O palmitato de isooctila \u00e9 usado em cosm\u00e9ticos:<\/h3>\n<h4>1. Tem boa permeabilidade, efeito antitranspirante e forte afinidade com a pele. \u00c9 um \u00f3leo seco e respir\u00e1vel e um excelente amaciante de pele. Seu desempenho \u00e9 est\u00e1vel e n\u00e3o \u00e9 f\u00e1cil de oxidar ou produzir odores peculiares. Ele pode deixar a pele macia e suave sem oleosidade. Sens\u00edvel, com boa permeabilidade.<\/h4>\n<h4>2. O palmitato de isooctila pode ser usado em cremes, bases, batons, protetores solares, \u00f3leos capilares, m\u00e1scaras, sombras, tintas e outras formula\u00e7\u00f5es. Pode ser usado como um extensor e como uma boa ades\u00e3o e jun\u00e7\u00e3o em maquiagem. Pode ser usado como um agente de combina\u00e7\u00e3o para cosm\u00e9ticos em p\u00f3 e um bom solvente para pigmentos em cosm\u00e9ticos coloridos. Tamb\u00e9m pode ser usado como amaciante, extensor e dispersante.<\/h4>\n<h4>3. A dosagem de palmitato de isooctila em cosm\u00e9ticos \u00e9 geralmente de 2%~5%.<\/h4>\n<p>&nbsp;<\/p>\n<h2><strong>Embalagem e remessa de palmitato de isooctila<\/strong><\/h2>\n<h4>Tambor\uff0c175kg<\/h4>\n<p>&nbsp;<\/p>\n<h2><strong>Armazenamento de palmitato de isooctila<\/strong><\/h2>\n<h4>Deve ser armazenado em um local fresco e seco, selado e armazenado.<\/h4>\n<p>&nbsp;<\/p>\n<h2>Produtos da mesma s\u00e9rie<\/h2>\n<table style=\"border-collapse: collapse; width: 318.02pt;\" border=\"0\" width=\"424\" cellspacing=\"0\" cellpadding=\"0\">\n<tbody>\n<tr style=\"height: 13.50pt;\">\n<td class=\"et2\" style=\"height: 13.50pt; width: 87.00pt;\" width=\"116\" height=\"18\">Nome do produto<\/td>\n<td class=\"et2\" style=\"width: 129.75pt;\" width=\"173\">Nome qu\u00edmico<\/td>\n<td class=\"et2\" style=\"width: 101.25pt;\" width=\"135\">N\u00famero CAS<\/td>\n<\/tr>\n<tr style=\"height: 13.50pt;\">\n<td class=\"et2\" style=\"height: 13.50pt;\" height=\"18\">IPP<\/td>\n<td class=\"et2\"><a href=\"https:\/\/longchangchemical.com\/pt\/product\/isopropyl-palmitate-cas-142-91-6\/\"><span style=\"color: #00ccff;\">Palmitato de isopropila<\/span><\/a><\/td>\n<td class=\"et2\">CAS 142-91-6<\/td>\n<\/tr>\n<tr style=\"height: 13.50pt;\">\n<td class=\"et2\" style=\"height: 13.50pt;\" height=\"18\">IPL<\/td>\n<td class=\"et2\"><a href=\"https:\/\/longchangchemical.com\/pt\/product\/isopropyl-laurate-cas-10233-13-3\/\"><span style=\"color: #00ccff;\">Laurato de isopropila<\/span><\/a><\/td>\n<td class=\"et2\">CAS 10233-13-3<\/td>\n<\/tr>\n<tr style=\"height: 13.50pt;\">\n<td class=\"et2\" style=\"height: 13.50pt;\" height=\"18\">2-EHP<\/td>\n<td class=\"et2\"><a href=\"https:\/\/longchangchemical.com\/pt\/product\/isooctyl-palmitate-cas-1341-38-4\/\"><span style=\"color: #00ccff;\">Palmitato de isooctilo<\/span><\/a><\/td>\n<td class=\"et2\">CAS 1341-38-4<\/td>\n<\/tr>\n<tr style=\"height: 13.50pt;\">\n<td class=\"et2\" style=\"height: 13.50pt;\" height=\"18\">IPM<\/td>\n<td class=\"et2\"><a href=\"https:\/\/longchangchemical.com\/pt\/product\/isopropyl-myristate-cas-110-27-0\/\"><span style=\"color: #00ccff;\">Miristato de isopropila<\/span><\/a><\/td>\n<td class=\"et2\">CAS 110-27-0<\/td>\n<\/tr>\n<\/tbody>\n<\/table>\n<h2><\/h2>\n<h2><strong><b>Entre em contato conosco agora!<\/b><\/strong><\/h2>\n<h4><strong><b>Se precisar de COA, MSDS ou TDS, preencha suas informa\u00e7\u00f5es de contato no formul\u00e1rio abaixo. Normalmente, entraremos em contato em 24 horas. Voc\u00ea tamb\u00e9m pode me enviar um e-mail <span style=\"color: #0000ff;\"><a style=\"color: #0000ff;\" href=\"mailto:info@longchangchemical.com\">info@longchangchemical.com<\/a><\/span> durante o hor\u00e1rio comercial (das 8h30 \u00e0s 18h UTC+8 de segunda a s\u00e1bado) ou use o bate-papo ao vivo do site para obter uma resposta imediata.<\/b><\/strong><\/h4>","protected":false},"excerpt":{"rendered":"<h4>Nome qu\u00edmico: Palmitato de isooctila<\/h4>\n<h4>N\u00famero CAS: 1341-38-4<\/h4>\n<h4>F\u00f3rmula molecular: C24H48O2<\/h4>\n<h4>Estrutura qu\u00edmica:<img decoding=\"async\" title=\"image.png\" src=\"https:\/\/www.longchangchemical.com\/wp-content\/uploads\/product-details\/20200617270276.png\" alt=\"image.png\" \/><\/h4>\n<h4>Peso molecular: 368,64<\/h4>\n<h4>Apar\u00eancia: L\u00edquido oleoso incolor ou amarelo claro<\/h4>\n<h4>Valor de saponifica\u00e7\u00e3o: 146-156<\/h4>","protected":false},"featured_media":3388,"comment_status":"open","ping_status":"closed","template":"","meta":[],"product_brand":[],"product_cat":[103],"product_tag":[],"class_list":{"0":"post-3387","1":"product","2":"type-product","3":"status-publish","4":"has-post-thumbnail","6":"product_cat-cosmetic-additives","8":"first","9":"instock","10":"shipping-taxable","11":"product-type-simple"},"yoast_head":"<!-- This site is optimized with the Yoast SEO plugin v25.3.1 - https:\/\/yoast.com\/wordpress\/plugins\/seo\/ -->\n<title>China isooctyl palmitate CAS 1341-38-4 manufacturer and supplier - Longchang Chemical<\/title>\n<meta name=\"description\" content=\"Longchang Chemical is a leading manufacturer and supplier of isooctyl palmitate CAS 1341-38-4 in China. Buy isooctyl palmitate CAS 1341-38-4 in china. We can provide the best isooctyl palmitate price.\" \/>\n<meta name=\"robots\" content=\"index, follow, max-snippet:-1, max-image-preview:large, max-video-preview:-1\" \/>\n<link rel=\"canonical\" href=\"https:\/\/longchangchemical.com\/pt\/product\/isooctyl-palmitate-cas-1341-38-4\/\" \/>\n<meta property=\"og:locale\" content=\"pt_BR\" \/>\n<meta property=\"og:type\" content=\"article\" \/>\n<meta property=\"og:title\" content=\"China isooctyl palmitate CAS 1341-38-4 manufacturer and supplier - Longchang Chemical\" \/>\n<meta property=\"og:description\" content=\"Longchang Chemical is a leading manufacturer and supplier of isooctyl palmitate CAS 1341-38-4 in China. Buy isooctyl palmitate CAS 1341-38-4 in china. We can provide the best isooctyl palmitate price.\" \/>\n<meta property=\"og:url\" content=\"https:\/\/longchangchemical.com\/pt\/product\/isooctyl-palmitate-cas-1341-38-4\/\" \/>\n<meta property=\"og:site_name\" content=\"Longchang Chemical\" \/>\n<meta property=\"article:modified_time\" content=\"2025-12-23T03:39:31+00:00\" \/>\n<meta property=\"og:image\" content=\"https:\/\/longchangchemical.com\/wp-content\/uploads\/2020\/10\/Isooctyl-palmitate-Appearance.jpg\" \/>\n\t<meta property=\"og:image:width\" content=\"600\" \/>\n\t<meta property=\"og:image:height\" content=\"800\" \/>\n\t<meta property=\"og:image:type\" content=\"image\/jpeg\" \/>\n<meta name=\"twitter:card\" content=\"summary_large_image\" \/>\n<script type=\"application\/ld+json\" class=\"yoast-schema-graph\">{\"@context\":\"https:\/\/schema.org\",\"@graph\":[{\"@type\":\"WebPage\",\"@id\":\"https:\/\/longchangchemical.com\/product\/isooctyl-palmitate-cas-1341-38-4\/\",\"url\":\"https:\/\/longchangchemical.com\/product\/isooctyl-palmitate-cas-1341-38-4\/\",\"name\":\"China isooctyl palmitate CAS 1341-38-4 manufacturer and supplier - Longchang Chemical\",\"isPartOf\":{\"@id\":\"https:\/\/longchangchemical.com\/#website\"},\"primaryImageOfPage\":{\"@id\":\"https:\/\/longchangchemical.com\/product\/isooctyl-palmitate-cas-1341-38-4\/#primaryimage\"},\"image\":{\"@id\":\"https:\/\/longchangchemical.com\/product\/isooctyl-palmitate-cas-1341-38-4\/#primaryimage\"},\"thumbnailUrl\":\"https:\/\/longchangchemical.com\/wp-content\/uploads\/2020\/10\/Isooctyl-palmitate-Appearance.jpg\",\"datePublished\":\"2020-10-28T05:54:54+00:00\",\"dateModified\":\"2025-12-23T03:39:31+00:00\",\"description\":\"Longchang Chemical is a leading manufacturer and supplier of isooctyl palmitate CAS 1341-38-4 in China. Buy isooctyl palmitate CAS 1341-38-4 in china. We can provide the best isooctyl palmitate price.\",\"breadcrumb\":{\"@id\":\"https:\/\/longchangchemical.com\/product\/isooctyl-palmitate-cas-1341-38-4\/#breadcrumb\"},\"inLanguage\":\"pt-BR\",\"potentialAction\":[{\"@type\":\"ReadAction\",\"target\":[\"https:\/\/longchangchemical.com\/product\/isooctyl-palmitate-cas-1341-38-4\/\"]}]},{\"@type\":\"ImageObject\",\"inLanguage\":\"pt-BR\",\"@id\":\"https:\/\/longchangchemical.com\/product\/isooctyl-palmitate-cas-1341-38-4\/#primaryimage\",\"url\":\"https:\/\/longchangchemical.com\/wp-content\/uploads\/2020\/10\/Isooctyl-palmitate-Appearance.jpg\",\"contentUrl\":\"https:\/\/longchangchemical.com\/wp-content\/uploads\/2020\/10\/Isooctyl-palmitate-Appearance.jpg\",\"width\":600,\"height\":800,\"caption\":\"Isooctyl palmitate Appearance\"},{\"@type\":\"BreadcrumbList\",\"@id\":\"https:\/\/longchangchemical.com\/product\/isooctyl-palmitate-cas-1341-38-4\/#breadcrumb\",\"itemListElement\":[{\"@type\":\"ListItem\",\"position\":1,\"name\":\"Home\",\"item\":\"https:\/\/longchangchemical.com\/\"},{\"@type\":\"ListItem\",\"position\":2,\"name\":\"Products Longchang\",\"item\":\"https:\/\/longchangchemical.com\/product\/\"},{\"@type\":\"ListItem\",\"position\":3,\"name\":\"2-EHP \/ Isooctyl palmitate CAS 1341-38-4\"}]},{\"@type\":\"WebSite\",\"@id\":\"https:\/\/longchangchemical.com\/#website\",\"url\":\"https:\/\/longchangchemical.com\/\",\"name\":\"Longchang Chemical\",\"description\":\"China chemical manufacturer \uff06 supplier\",\"publisher\":{\"@id\":\"https:\/\/longchangchemical.com\/#organization\"},\"potentialAction\":[{\"@type\":\"SearchAction\",\"target\":{\"@type\":\"EntryPoint\",\"urlTemplate\":\"https:\/\/longchangchemical.com\/?s={search_term_string}\"},\"query-input\":{\"@type\":\"PropertyValueSpecification\",\"valueRequired\":true,\"valueName\":\"search_term_string\"}}],\"inLanguage\":\"pt-BR\"},{\"@type\":\"Organization\",\"@id\":\"https:\/\/longchangchemical.com\/#organization\",\"name\":\"Longchang Chemical\",\"url\":\"https:\/\/longchangchemical.com\/\",\"logo\":{\"@type\":\"ImageObject\",\"inLanguage\":\"pt-BR\",\"@id\":\"https:\/\/longchangchemical.com\/#\/schema\/logo\/image\/\",\"url\":\"https:\/\/longchangchemical.com\/wp-content\/uploads\/2020\/08\/cropped-longchang-logo.png\",\"contentUrl\":\"https:\/\/longchangchemical.com\/wp-content\/uploads\/2020\/08\/cropped-longchang-logo.png\",\"width\":512,\"height\":512,\"caption\":\"Longchang Chemical\"},\"image\":{\"@id\":\"https:\/\/longchangchemical.com\/#\/schema\/logo\/image\/\"}}]}<\/script>\n<!-- \/ Yoast SEO plugin. -->","yoast_head_json":{"title":"Fabricante e fornecedor de palmitato de isooctila CAS 1341-38-4 na China - Longchang Chemical","description":"A Longchang Chemical \u00e9 um fabricante e fornecedor l\u00edder de palmitato de isooctila CAS 1341-38-4 na China. Compre palmitato de isooctila CAS 1341-38-4 na China. Podemos oferecer o melhor pre\u00e7o de palmitato de isooctila.","robots":{"index":"index","follow":"follow","max-snippet":"max-snippet:-1","max-image-preview":"max-image-preview:large","max-video-preview":"max-video-preview:-1"},"canonical":"https:\/\/longchangchemical.com\/pt\/product\/isooctyl-palmitate-cas-1341-38-4\/","og_locale":"pt_BR","og_type":"article","og_title":"China isooctyl palmitate CAS 1341-38-4 manufacturer and supplier - Longchang Chemical","og_description":"Longchang Chemical is a leading manufacturer and supplier of isooctyl palmitate CAS 1341-38-4 in China. Buy isooctyl palmitate CAS 1341-38-4 in china. We can provide the best isooctyl palmitate price.","og_url":"https:\/\/longchangchemical.com\/pt\/product\/isooctyl-palmitate-cas-1341-38-4\/","og_site_name":"Longchang Chemical","article_modified_time":"2025-12-23T03:39:31+00:00","og_image":[{"width":600,"height":800,"url":"https:\/\/longchangchemical.com\/wp-content\/uploads\/2020\/10\/Isooctyl-palmitate-Appearance.jpg","type":"image\/jpeg"}],"twitter_card":"summary_large_image","schema":{"@context":"https:\/\/schema.org","@graph":[{"@type":"WebPage","@id":"https:\/\/longchangchemical.com\/product\/isooctyl-palmitate-cas-1341-38-4\/","url":"https:\/\/longchangchemical.com\/product\/isooctyl-palmitate-cas-1341-38-4\/","name":"Fabricante e fornecedor de palmitato de isooctila CAS 1341-38-4 na China - Longchang Chemical","isPartOf":{"@id":"https:\/\/longchangchemical.com\/#website"},"primaryImageOfPage":{"@id":"https:\/\/longchangchemical.com\/product\/isooctyl-palmitate-cas-1341-38-4\/#primaryimage"},"image":{"@id":"https:\/\/longchangchemical.com\/product\/isooctyl-palmitate-cas-1341-38-4\/#primaryimage"},"thumbnailUrl":"https:\/\/longchangchemical.com\/wp-content\/uploads\/2020\/10\/Isooctyl-palmitate-Appearance.jpg","datePublished":"2020-10-28T05:54:54+00:00","dateModified":"2025-12-23T03:39:31+00:00","description":"A Longchang Chemical \u00e9 um fabricante e fornecedor l\u00edder de palmitato de isooctila CAS 1341-38-4 na China. Compre palmitato de isooctila CAS 1341-38-4 na China. Podemos oferecer o melhor pre\u00e7o de palmitato de isooctila.","breadcrumb":{"@id":"https:\/\/longchangchemical.com\/product\/isooctyl-palmitate-cas-1341-38-4\/#breadcrumb"},"inLanguage":"pt-BR","potentialAction":[{"@type":"ReadAction","target":["https:\/\/longchangchemical.com\/product\/isooctyl-palmitate-cas-1341-38-4\/"]}]},{"@type":"ImageObject","inLanguage":"pt-BR","@id":"https:\/\/longchangchemical.com\/product\/isooctyl-palmitate-cas-1341-38-4\/#primaryimage","url":"https:\/\/longchangchemical.com\/wp-content\/uploads\/2020\/10\/Isooctyl-palmitate-Appearance.jpg","contentUrl":"https:\/\/longchangchemical.com\/wp-content\/uploads\/2020\/10\/Isooctyl-palmitate-Appearance.jpg","width":600,"height":800,"caption":"Isooctyl palmitate Appearance"},{"@type":"BreadcrumbList","@id":"https:\/\/longchangchemical.com\/product\/isooctyl-palmitate-cas-1341-38-4\/#breadcrumb","itemListElement":[{"@type":"ListItem","position":1,"name":"Home","item":"https:\/\/longchangchemical.com\/"},{"@type":"ListItem","position":2,"name":"Products Longchang","item":"https:\/\/longchangchemical.com\/product\/"},{"@type":"ListItem","position":3,"name":"2-EHP \/ Isooctyl palmitate CAS 1341-38-4"}]},{"@type":"WebSite","@id":"https:\/\/longchangchemical.com\/#website","url":"https:\/\/longchangchemical.com\/","name":"Qu\u00edmica Longchang","description":"Fabricante de produtos qu\u00edmicos na China \uff06 fornecedor","publisher":{"@id":"https:\/\/longchangchemical.com\/#organization"},"potentialAction":[{"@type":"SearchAction","target":{"@type":"EntryPoint","urlTemplate":"https:\/\/longchangchemical.com\/?s={search_term_string}"},"query-input":{"@type":"PropertyValueSpecification","valueRequired":true,"valueName":"search_term_string"}}],"inLanguage":"pt-BR"},{"@type":"Organization","@id":"https:\/\/longchangchemical.com\/#organization","name":"Qu\u00edmica Longchang","url":"https:\/\/longchangchemical.com\/","logo":{"@type":"ImageObject","inLanguage":"pt-BR","@id":"https:\/\/longchangchemical.com\/#\/schema\/logo\/image\/","url":"https:\/\/longchangchemical.com\/wp-content\/uploads\/2020\/08\/cropped-longchang-logo.png","contentUrl":"https:\/\/longchangchemical.com\/wp-content\/uploads\/2020\/08\/cropped-longchang-logo.png","width":512,"height":512,"caption":"Longchang Chemical"},"image":{"@id":"https:\/\/longchangchemical.com\/#\/schema\/logo\/image\/"}}]}},"_links":{"self":[{"href":"https:\/\/longchangchemical.com\/pt\/wp-json\/wp\/v2\/product\/3387","targetHints":{"allow":["GET"]}}],"collection":[{"href":"https:\/\/longchangchemical.com\/pt\/wp-json\/wp\/v2\/product"}],"about":[{"href":"https:\/\/longchangchemical.com\/pt\/wp-json\/wp\/v2\/types\/product"}],"replies":[{"embeddable":true,"href":"https:\/\/longchangchemical.com\/pt\/wp-json\/wp\/v2\/comments?post=3387"}],"wp:featuredmedia":[{"embeddable":true,"href":"https:\/\/longchangchemical.com\/pt\/wp-json\/wp\/v2\/media\/3388"}],"wp:attachment":[{"href":"https:\/\/longchangchemical.com\/pt\/wp-json\/wp\/v2\/media?parent=3387"}],"wp:term":[{"taxonomy":"product_brand","embeddable":true,"href":"https:\/\/longchangchemical.com\/pt\/wp-json\/wp\/v2\/product_brand?post=3387"},{"taxonomy":"product_cat","embeddable":true,"href":"https:\/\/longchangchemical.com\/pt\/wp-json\/wp\/v2\/product_cat?post=3387"},{"taxonomy":"product_tag","embeddable":true,"href":"https:\/\/longchangchemical.com\/pt\/wp-json\/wp\/v2\/product_tag?post=3387"}],"curies":[{"name":"wp","href":"https:\/\/api.w.org\/{rel}","templated":true}]}}