{"id":3384,"date":"2020-10-24T06:34:00","date_gmt":"2020-10-24T06:34:00","guid":{"rendered":"https:\/\/longchangchemical.com\/?post_type=product&#038;p=3384"},"modified":"2025-12-23T03:34:58","modified_gmt":"2025-12-23T03:34:58","slug":"allantoin-cas-97-59-6","status":"publish","type":"product","link":"https:\/\/longchangchemical.com\/pt\/product\/allantoin-cas-97-59-6\/","title":{"rendered":"Alanto\u00edna cas 97-59-6"},"content":{"rendered":"<h2><strong>Propriedades t\u00edpicas da alanto\u00edna<\/strong><\/h2>\n<table class=\"table-1\">\n<tbody>\n<tr>\n<td>\n<h4>Itens<\/h4>\n<\/td>\n<td>\n<h4>Especifica\u00e7\u00f5es<\/h4>\n<\/td>\n<\/tr>\n<tr>\n<td>\n<h4>Apar\u00eancia<\/h4>\n<\/td>\n<td>\n<h4>P\u00f3 cristalino branco<\/h4>\n<\/td>\n<\/tr>\n<tr>\n<td>\n<h4>Pureza<\/h4>\n<\/td>\n<td>\n<h4>98.5%-101%<\/h4>\n<\/td>\n<\/tr>\n<tr>\n<td>\n<h4>Ponto de fus\u00e3o<\/h4>\n<\/td>\n<td>\n<h4>225,0\u2103min<\/h4>\n<\/td>\n<\/tr>\n<tr>\n<td>\n<h4>DH(0,5% Solu\u00e7\u00e3o de \u00e1gua)<\/h4>\n<\/td>\n<td>\n<h4>4.0-6.5<\/h4>\n<\/td>\n<\/tr>\n<tr>\n<td>\n<h4>Secagem na perda<\/h4>\n<\/td>\n<td>\n<h4>0,5max<\/h4>\n<\/td>\n<\/tr>\n<\/tbody>\n<\/table>\n<h2><strong>Aplica\u00e7\u00e3o de alanto\u00edna<\/strong><\/h2>\n<h3><strong>1. Aplica\u00e7\u00e3o na \u00e1rea m\u00e9dica<\/strong><\/h3>\n<h4>A alanto\u00edna \u00e9 a hidanto\u00edna da ureia, e a observa\u00e7\u00e3o patol\u00f3gica do efeito da ureia na pele mostra que as principais altera\u00e7\u00f5es s\u00e3o a degenera\u00e7\u00e3o do estrato c\u00f3rneo, o incha\u00e7o e o espessamento queratinoso regional, o edema e as fissuras nas c\u00e9lulas espinhosas epid\u00e9rmicas e as fibras col\u00e1genas d\u00e9rmicas leves. O grau de degenera\u00e7\u00e3o indica que ele tem o efeito de dissolver e desnaturar o estrato c\u00f3rneo e aumentar a umidade da pele. A capacidade de absor\u00e7\u00e3o de \u00e1gua do estrato c\u00f3rneo epid\u00e9rmico depende principalmente da matriz de cimento el\u00e9tron-densa sem queratina que conecta os queratin\u00f3citos, e a queratina em si tem pouco efeito sobre a umidade total da pele.<\/h4>\n<h4>A alanto\u00edna hidrata a pele porque pode aumentar e promover a capacidade de hidrata\u00e7\u00e3o da matriz de liga\u00e7\u00e3o. Ela tamb\u00e9m pode agir sobre a queratina para aumentar sua capacidade de se ligar \u00e0 \u00e1gua, tornando a pele macia, hidratada e flex\u00edvel. No m\u00e9todo de an\u00e1lise de camada de papel para estudar a alanto\u00edna e o cloreto de \u00e1cido hidroxialant\u00f3ico de alum\u00ednio em experimentos in vitro, constatou-se que eles podem relaxar o estrato c\u00f3rneo normal e patol\u00f3gico, liberar \u00e1gua n\u00e3o queratina facilmente sol\u00favel e mais amino\u00e1cidos livres. A parte ureia da alanto\u00edna tamb\u00e9m tem efeitos antif\u00fangicos e antibacterianos. A literatura relata que 2%, 5% e 10% de ureia podem inibir a micose semelhante ao gesso e o epidermophyton flocculent no tubo; a observa\u00e7\u00e3o experimental do m\u00e9todo de disco plano mostra que 10%-60% de ureia podem inibir o crescimento de Staphylococcus aureus, E. coli e Pseudomonas aeruginosa. A parte hidanto\u00edna da alanto\u00edna \u00e9 semelhante ao barbit\u00farico (\u00e1cido barbit\u00farico) e tem efeitos analg\u00e9sicos, anest\u00e9sicos e anti-irritantes. Como ela pode acalmar a pele ao neutralizar e desintoxicar subst\u00e2ncias irritantes, \u00e9 considerada como tendo efeitos anti-irritantes e narc\u00f3ticos. A alanto\u00edna tamb\u00e9m \u00e9 um derivado do \u00e1cido \u00farico. Experimentos e estudos cl\u00ednicos mostraram que ela tem efeitos de cerat\u00f3lise, hidrata\u00e7\u00e3o, anestesia, analgesia, anti-irritante, promo\u00e7\u00e3o do crescimento epitelial, efeitos anti-inflamat\u00f3rios e antibacterianos. Em 1937, Kaplan usou a alanto\u00edna para tratar \u00falceras cir\u00fargicas cr\u00f4nicas e descobriu que ela tinha efeitos significativos sobre o tecido necr\u00f3tico, promovendo o crescimento do tecido de granula\u00e7\u00e3o e a cicatriza\u00e7\u00e3o de feridas. Em 1962, Cahen e seus colegas usaram pela primeira vez o sal de hidroxialum\u00ednio da alanto\u00edna para tratar \u00falceras g\u00e1stricas em animais experimentais e obtiveram efeitos significativos. Posteriormente, houve muitos relatos de efeitos cl\u00ednicos satisfat\u00f3rios na Europa e na Am\u00e9rica, especialmente no Jap\u00e3o. Em 1976, os comprimidos compostos de alanto\u00edna rec\u00e9m-desenvolvidos em meu pa\u00eds tiveram bons efeitos curativos para \u00falceras g\u00e1stricas e duodenais.<\/h4>\n<h4>Atualmente, a alanto\u00edna \u00e9 amplamente utilizada na dermatologia cl\u00ednica como prepara\u00e7\u00e3o t\u00f3pica, oferecendo novos tratamentos para rachaduras nas m\u00e3os e nos p\u00e9s, ictiose, psor\u00edase, v\u00e1rias doen\u00e7as querat\u00f3ticas da pele, expans\u00e3o e limpeza de feridas e \u00falceras p\u00e9pticas. Formas eficazes. Se a alanto\u00edna 2% for usada para tratar ceratose folicular, ceratodermia palmoplantar e cerat\u00f3lise esfoliativa, seu efeito curativo ser\u00e1 melhor do que o da ureia 30%. Usando o creme de alanto\u00edna 1% e o creme 6101 (creme simples) como controle, 46 casos de ictiose e doen\u00e7as de pele querat\u00f3sicas foram tratados, e verificou-se que o creme de alanto\u00edna 1% foi significativamente melhor do que o creme 6101, enquanto o creme ou pomada de \u00e1cido f\u00f3rmico com vitamina 0,1% n\u00e3o \u00e9 eficaz para a ictiose. De acordo com um relat\u00f3rio de patente japon\u00eas, a alanto\u00edna \u00e9 usada como um ingrediente importante no tratamento de diabetes, cirrose hep\u00e1tica e c\u00e2ncer, e tamb\u00e9m pode ser usada para tratar osteomielite.<\/h4>\n<h3><strong>2. Aplica\u00e7\u00e3o na ind\u00fastria qu\u00edmica leve<\/strong><\/h3>\n<h4>A alanto\u00edna \u00e9 um cristal branco n\u00e3o t\u00f3xico, inodoro e n\u00e3o irritante. \u00c9 uma mat\u00e9ria-prima cosm\u00e9tica de alta qualidade. Pode ser usada diretamente como aditivo para cosm\u00e9ticos de alta qualidade e outros aditivos qu\u00edmicos di\u00e1rios (como pasta de dente, xampu, sabonete etc.). Hidratante, protege o tecido, \u00e9 hidrof\u00edlico, absorve \u00e1gua e evita a perda de \u00e1gua. Al\u00e9m disso, tem um efeito protetor sobre o cabelo, para que ele n\u00e3o tenha pontas duplas e continue a crescer. Ela pode deixar a pele e os l\u00e1bios macios, el\u00e1sticos e brilhantes, e tem sido amplamente utilizada no exterior. Como a alanto\u00edna em si \u00e9 um composto anfot\u00e9rico, ela pode se combinar com diversas subst\u00e2ncias para formar sais met\u00e1licos e compostos de adi\u00e7\u00e3o, e os produtos de adi\u00e7\u00e3o de combina\u00e7\u00e3o qu\u00edmica formados por ela n\u00e3o destroem as fun\u00e7\u00f5es originais de cada componente. Por exemplo, a alanto\u00edna \u00e9 combinada com o \u00e1cido para-aminobenz\u00f3ico (PABA) 5%. Como o pr\u00f3prio PABA pode ser sintetizado com o estrato c\u00f3rneo, seu efeito n\u00e3o ser\u00e1 enfraquecido pelo banho e pela transpira\u00e7\u00e3o. Se for misturado com metilcetona, tamb\u00e9m pode reduzir o PABA. Ele tem a fun\u00e7\u00e3o de absorver e filtrar os raios ultravioleta do eritema com um comprimento de onda de 2800~3200 na luz solar. \u00c9 um dos protetores solares mais protetores e amplamente usados para queimaduras solares na faixa ultravioleta. Ele tem um bom efeito preventivo. O efeito do c\u00e2ncer de pele causado pelos raios ultravioleta.<\/h4>\n<h4>Os derivados da alanto\u00edna podem ser formulados em v\u00e1rias lo\u00e7\u00f5es, p\u00f3s, solu\u00e7\u00f5es aquosas e tinturas, que s\u00e3o muito populares. Por exemplo, o p\u00f3 de alpolygal, que tem efeitos de desintoxica\u00e7\u00e3o, suaviza\u00e7\u00e3o da pele, anti-inflamat\u00f3rios e antibacterianos. O xampu pode resistir \u00e0 irrita\u00e7\u00e3o, reduzir a escama\u00e7\u00e3o do couro cabeludo e deixar o cabelo macio. Outro exemplo \u00e9 o alcloxa, \u00e1cido hidroxialant\u00f3ico clorado com alum\u00ednio, que pode ser transformado em tintura de 0,2% a 0,5%, que pode ser formulada em perfume adstringente, lo\u00e7\u00e3o de barbear, desodorante, lo\u00e7\u00e3o de limpeza etc. N\u00e3o h\u00e1 relatos de irrita\u00e7\u00e3o da pele, fotossensibilidade, rea\u00e7\u00f5es al\u00e9rgicas e outros efeitos colaterais da alanto\u00edna e seus derivados em aplica\u00e7\u00f5es nacionais e estrangeiras, e ela \u00e9 segura para uso externo. Como um importante ingrediente de cosm\u00e9ticos de beleza, tem recebido cada vez mais aten\u00e7\u00e3o e tem amplas perspectivas.<\/h4>\n<h3><strong>3. Aplica\u00e7\u00e3o na agricultura<\/strong><\/h3>\n<h4>A alanto\u00edna \u00e9 um regulador de crescimento de plantas que pode aumentar a produ\u00e7\u00e3o de trigo, laranjas, arroz, legumes e soja, e tem os efeitos de endurecimento e amadurecimento. Ao mesmo tempo, \u00e9 o desenvolvimento de v\u00e1rios fertilizantes compostos, microfertilizantes, fertilizantes de libera\u00e7\u00e3o lenta e uma mat\u00e9ria-prima essencial para fertilizantes de terras raras. Por exemplo, de acordo com informa\u00e7\u00f5es relevantes, a soja \u00e9 dividida em crescimento vegetativo e crescimento reprodutivo durante o processo de crescimento. O chamado crescimento vegetativo absorve o nitrog\u00eanio dos fertilizantes nitrogenados comuns para promover o crescimento de caules e folhas; o chamado crescimento reprodutivo reduz o nitrog\u00eanio do ar pelo sistema de fixa\u00e7\u00e3o de nitrog\u00eanio dos n\u00f3dulos e fornece \u00e0s culturas na forma de nitrog\u00eanio comum para promover a flora\u00e7\u00e3o e a vagem para obter alto rendimento. No entanto, quando o nitrog\u00eanio reduzido \u00e9 excessivo, a soja produz um composto org\u00e2nico de nitrog\u00eanio chamado alanto\u00edna para armazenar efetivamente o nitrog\u00eanio reduzido.<\/h4>\n<h4>A alanto\u00edna raramente \u00e9 usada durante o per\u00edodo de caules e folhas exuberantes, mas \u00e9 transferida para as vagens de soja que precisam urgentemente de muito nitrog\u00eanio, sendo decomposta e usada aqui para formar efetivamente a prote\u00edna nas sementes de soja. Embora a alanto\u00edna desempenhe um papel decisivo no aumento da produ\u00e7\u00e3o de soja, seu conte\u00fado nas planta\u00e7\u00f5es \u00e9 muito pequeno. \u00c9 imposs\u00edvel controlar artificialmente a concentra\u00e7\u00e3o de alanto\u00edna produzida pela pr\u00f3pria cultura. Portanto, ela ser\u00e1 atingida durante o per\u00edodo de flora\u00e7\u00e3o da soja. Pulverize a alanto\u00edna durante a maturidade para atender \u00e0s necessidades de crescimento reprodutivo da soja e desempenhar o papel de auxina reprodutiva, de modo a atingir o objetivo de aumentar a produ\u00e7\u00e3o de soja. Se o aumento da produ\u00e7\u00e3o puder ser alcan\u00e7ado, ser\u00e1 um n\u00famero decente, o que \u00e9 de grande import\u00e2ncia para a produ\u00e7\u00e3o industrial e agr\u00edcola, a vida das pessoas e o com\u00e9rcio exterior.<\/h4>\n<h2><strong>AllantoinEmbalagem e envio<\/strong><\/h2>\n<h4>25 kg\/tambor<\/h4>\n<h2><strong>Armazenamento de alanto\u00edna<\/strong><\/h2>\n<h4>Baixa temperatura, seco, evitar luz solar direta.<\/h4>\n<h2><strong>Entre em contato conosco agora!<\/strong><\/h2>\n<h4>Aceitamos servi\u00e7os personalizados e, normalmente, entraremos em contato com voc\u00ea dentro de 24 horas. Voc\u00ea tamb\u00e9m pode me enviar um e-mail para info@longchangchemical.com durante o hor\u00e1rio comercial (das 8h30 \u00e0s 18h UTC+8 de segunda a s\u00e1bado) ou usar o bate-papo ao vivo do site para obter uma resposta r\u00e1pida.<\/h4>","protected":false},"excerpt":{"rendered":"<h1><strong>Alanto\u00edna CAS 97-59-6<\/strong><\/h1>\n<h4>Nome qu\u00edmico: Alanto\u00edna<\/h4>\n<h4>N\u00famero CAS: 97-59-6<\/h4>\n<h4>F\u00f3rmula molecular: C4H6N4O3<\/h4>\n<h4>Estrutura qu\u00edmica:<img decoding=\"async\" title=\"image.png\" src=\"https:\/\/www.longchangchemical.com\/wp-content\/uploads\/product-details\/20200617233976.png\" alt=\"image.png\" \/><\/h4>\n<h4>Peso molecular: 158,12<\/h4>\n<h4>Apar\u00eancia: P\u00f3 cristalino branco<\/h4>\n<h4>Assay\uff1a98.5%-101%<\/h4>","protected":false},"featured_media":3385,"comment_status":"open","ping_status":"closed","template":"","meta":[],"product_brand":[],"product_cat":[103],"product_tag":[],"class_list":{"0":"post-3384","1":"product","2":"type-product","3":"status-publish","4":"has-post-thumbnail","6":"product_cat-cosmetic-additives","8":"first","9":"instock","10":"shipping-taxable","11":"product-type-simple"},"yoast_head":"<!-- This site is optimized with the Yoast SEO plugin v25.3.1 - https:\/\/yoast.com\/wordpress\/plugins\/seo\/ -->\n<title>China Allantoin cas 97-59-6 manufacturer and supplier - Longchang Chemical<\/title>\n<meta name=\"description\" content=\"Longchang Chemical is a leading manufacturer and supplier of Allantoin cas 97-59-6 in China. Buy Allantoin cas 97-59-6 in china. We can provide the best Allantoin price.\" \/>\n<meta name=\"robots\" content=\"index, follow, max-snippet:-1, max-image-preview:large, max-video-preview:-1\" \/>\n<link rel=\"canonical\" href=\"https:\/\/longchangchemical.com\/pt\/product\/allantoin-cas-97-59-6\/\" \/>\n<meta property=\"og:locale\" content=\"pt_BR\" \/>\n<meta property=\"og:type\" content=\"article\" \/>\n<meta property=\"og:title\" content=\"China Allantoin cas 97-59-6 manufacturer and supplier - Longchang Chemical\" \/>\n<meta property=\"og:description\" content=\"Longchang Chemical is a leading manufacturer and supplier of Allantoin cas 97-59-6 in China. Buy Allantoin cas 97-59-6 in china. We can provide the best Allantoin price.\" \/>\n<meta property=\"og:url\" content=\"https:\/\/longchangchemical.com\/pt\/product\/allantoin-cas-97-59-6\/\" \/>\n<meta property=\"og:site_name\" content=\"Longchang Chemical\" \/>\n<meta property=\"article:modified_time\" content=\"2025-12-23T03:34:58+00:00\" \/>\n<meta property=\"og:image\" content=\"https:\/\/longchangchemical.com\/wp-content\/uploads\/2020\/10\/Appearnce.jpg\" \/>\n\t<meta property=\"og:image:width\" content=\"600\" \/>\n\t<meta property=\"og:image:height\" content=\"800\" \/>\n\t<meta property=\"og:image:type\" content=\"image\/jpeg\" \/>\n<meta name=\"twitter:card\" content=\"summary_large_image\" \/>\n<script type=\"application\/ld+json\" class=\"yoast-schema-graph\">{\"@context\":\"https:\/\/schema.org\",\"@graph\":[{\"@type\":\"WebPage\",\"@id\":\"https:\/\/longchangchemical.com\/product\/allantoin-cas-97-59-6\/\",\"url\":\"https:\/\/longchangchemical.com\/product\/allantoin-cas-97-59-6\/\",\"name\":\"China Allantoin cas 97-59-6 manufacturer and supplier - Longchang Chemical\",\"isPartOf\":{\"@id\":\"https:\/\/longchangchemical.com\/#website\"},\"primaryImageOfPage\":{\"@id\":\"https:\/\/longchangchemical.com\/product\/allantoin-cas-97-59-6\/#primaryimage\"},\"image\":{\"@id\":\"https:\/\/longchangchemical.com\/product\/allantoin-cas-97-59-6\/#primaryimage\"},\"thumbnailUrl\":\"https:\/\/longchangchemical.com\/wp-content\/uploads\/2020\/10\/Appearnce.jpg\",\"datePublished\":\"2020-10-24T06:34:00+00:00\",\"dateModified\":\"2025-12-23T03:34:58+00:00\",\"description\":\"Longchang Chemical is a leading manufacturer and supplier of Allantoin cas 97-59-6 in China. Buy Allantoin cas 97-59-6 in china. We can provide the best Allantoin price.\",\"breadcrumb\":{\"@id\":\"https:\/\/longchangchemical.com\/product\/allantoin-cas-97-59-6\/#breadcrumb\"},\"inLanguage\":\"pt-BR\",\"potentialAction\":[{\"@type\":\"ReadAction\",\"target\":[\"https:\/\/longchangchemical.com\/product\/allantoin-cas-97-59-6\/\"]}]},{\"@type\":\"ImageObject\",\"inLanguage\":\"pt-BR\",\"@id\":\"https:\/\/longchangchemical.com\/product\/allantoin-cas-97-59-6\/#primaryimage\",\"url\":\"https:\/\/longchangchemical.com\/wp-content\/uploads\/2020\/10\/Appearnce.jpg\",\"contentUrl\":\"https:\/\/longchangchemical.com\/wp-content\/uploads\/2020\/10\/Appearnce.jpg\",\"width\":600,\"height\":800,\"caption\":\"Allantoin Appearance\"},{\"@type\":\"BreadcrumbList\",\"@id\":\"https:\/\/longchangchemical.com\/product\/allantoin-cas-97-59-6\/#breadcrumb\",\"itemListElement\":[{\"@type\":\"ListItem\",\"position\":1,\"name\":\"Home\",\"item\":\"https:\/\/longchangchemical.com\/\"},{\"@type\":\"ListItem\",\"position\":2,\"name\":\"Products Longchang\",\"item\":\"https:\/\/longchangchemical.com\/product\/\"},{\"@type\":\"ListItem\",\"position\":3,\"name\":\"Allantoin cas 97-59-6\"}]},{\"@type\":\"WebSite\",\"@id\":\"https:\/\/longchangchemical.com\/#website\",\"url\":\"https:\/\/longchangchemical.com\/\",\"name\":\"Longchang Chemical\",\"description\":\"China chemical manufacturer \uff06 supplier\",\"publisher\":{\"@id\":\"https:\/\/longchangchemical.com\/#organization\"},\"potentialAction\":[{\"@type\":\"SearchAction\",\"target\":{\"@type\":\"EntryPoint\",\"urlTemplate\":\"https:\/\/longchangchemical.com\/?s={search_term_string}\"},\"query-input\":{\"@type\":\"PropertyValueSpecification\",\"valueRequired\":true,\"valueName\":\"search_term_string\"}}],\"inLanguage\":\"pt-BR\"},{\"@type\":\"Organization\",\"@id\":\"https:\/\/longchangchemical.com\/#organization\",\"name\":\"Longchang Chemical\",\"url\":\"https:\/\/longchangchemical.com\/\",\"logo\":{\"@type\":\"ImageObject\",\"inLanguage\":\"pt-BR\",\"@id\":\"https:\/\/longchangchemical.com\/#\/schema\/logo\/image\/\",\"url\":\"https:\/\/longchangchemical.com\/wp-content\/uploads\/2020\/08\/cropped-longchang-logo.png\",\"contentUrl\":\"https:\/\/longchangchemical.com\/wp-content\/uploads\/2020\/08\/cropped-longchang-logo.png\",\"width\":512,\"height\":512,\"caption\":\"Longchang Chemical\"},\"image\":{\"@id\":\"https:\/\/longchangchemical.com\/#\/schema\/logo\/image\/\"}}]}<\/script>\n<!-- \/ Yoast SEO plugin. -->","yoast_head_json":{"title":"Fabricante e fornecedor de Allantoin cas 97-59-6 na China - Longchang Chemical","description":"A Longchang Chemical \u00e9 um fabricante e fornecedor l\u00edder de Allantoin cas 97-59-6 na China. Compre Allantoin cas 97-59-6 na China. Podemos fornecer o melhor pre\u00e7o de Allantoin.","robots":{"index":"index","follow":"follow","max-snippet":"max-snippet:-1","max-image-preview":"max-image-preview:large","max-video-preview":"max-video-preview:-1"},"canonical":"https:\/\/longchangchemical.com\/pt\/product\/allantoin-cas-97-59-6\/","og_locale":"pt_BR","og_type":"article","og_title":"China Allantoin cas 97-59-6 manufacturer and supplier - Longchang Chemical","og_description":"Longchang Chemical is a leading manufacturer and supplier of Allantoin cas 97-59-6 in China. Buy Allantoin cas 97-59-6 in china. We can provide the best Allantoin price.","og_url":"https:\/\/longchangchemical.com\/pt\/product\/allantoin-cas-97-59-6\/","og_site_name":"Longchang Chemical","article_modified_time":"2025-12-23T03:34:58+00:00","og_image":[{"width":600,"height":800,"url":"https:\/\/longchangchemical.com\/wp-content\/uploads\/2020\/10\/Appearnce.jpg","type":"image\/jpeg"}],"twitter_card":"summary_large_image","schema":{"@context":"https:\/\/schema.org","@graph":[{"@type":"WebPage","@id":"https:\/\/longchangchemical.com\/product\/allantoin-cas-97-59-6\/","url":"https:\/\/longchangchemical.com\/product\/allantoin-cas-97-59-6\/","name":"Fabricante e fornecedor de Allantoin cas 97-59-6 na China - Longchang Chemical","isPartOf":{"@id":"https:\/\/longchangchemical.com\/#website"},"primaryImageOfPage":{"@id":"https:\/\/longchangchemical.com\/product\/allantoin-cas-97-59-6\/#primaryimage"},"image":{"@id":"https:\/\/longchangchemical.com\/product\/allantoin-cas-97-59-6\/#primaryimage"},"thumbnailUrl":"https:\/\/longchangchemical.com\/wp-content\/uploads\/2020\/10\/Appearnce.jpg","datePublished":"2020-10-24T06:34:00+00:00","dateModified":"2025-12-23T03:34:58+00:00","description":"A Longchang Chemical \u00e9 um fabricante e fornecedor l\u00edder de Allantoin cas 97-59-6 na China. Compre Allantoin cas 97-59-6 na China. Podemos fornecer o melhor pre\u00e7o de Allantoin.","breadcrumb":{"@id":"https:\/\/longchangchemical.com\/product\/allantoin-cas-97-59-6\/#breadcrumb"},"inLanguage":"pt-BR","potentialAction":[{"@type":"ReadAction","target":["https:\/\/longchangchemical.com\/product\/allantoin-cas-97-59-6\/"]}]},{"@type":"ImageObject","inLanguage":"pt-BR","@id":"https:\/\/longchangchemical.com\/product\/allantoin-cas-97-59-6\/#primaryimage","url":"https:\/\/longchangchemical.com\/wp-content\/uploads\/2020\/10\/Appearnce.jpg","contentUrl":"https:\/\/longchangchemical.com\/wp-content\/uploads\/2020\/10\/Appearnce.jpg","width":600,"height":800,"caption":"Allantoin Appearance"},{"@type":"BreadcrumbList","@id":"https:\/\/longchangchemical.com\/product\/allantoin-cas-97-59-6\/#breadcrumb","itemListElement":[{"@type":"ListItem","position":1,"name":"Home","item":"https:\/\/longchangchemical.com\/"},{"@type":"ListItem","position":2,"name":"Products Longchang","item":"https:\/\/longchangchemical.com\/product\/"},{"@type":"ListItem","position":3,"name":"Allantoin cas 97-59-6"}]},{"@type":"WebSite","@id":"https:\/\/longchangchemical.com\/#website","url":"https:\/\/longchangchemical.com\/","name":"Qu\u00edmica Longchang","description":"Fabricante de produtos qu\u00edmicos na China \uff06 fornecedor","publisher":{"@id":"https:\/\/longchangchemical.com\/#organization"},"potentialAction":[{"@type":"SearchAction","target":{"@type":"EntryPoint","urlTemplate":"https:\/\/longchangchemical.com\/?s={search_term_string}"},"query-input":{"@type":"PropertyValueSpecification","valueRequired":true,"valueName":"search_term_string"}}],"inLanguage":"pt-BR"},{"@type":"Organization","@id":"https:\/\/longchangchemical.com\/#organization","name":"Qu\u00edmica Longchang","url":"https:\/\/longchangchemical.com\/","logo":{"@type":"ImageObject","inLanguage":"pt-BR","@id":"https:\/\/longchangchemical.com\/#\/schema\/logo\/image\/","url":"https:\/\/longchangchemical.com\/wp-content\/uploads\/2020\/08\/cropped-longchang-logo.png","contentUrl":"https:\/\/longchangchemical.com\/wp-content\/uploads\/2020\/08\/cropped-longchang-logo.png","width":512,"height":512,"caption":"Longchang Chemical"},"image":{"@id":"https:\/\/longchangchemical.com\/#\/schema\/logo\/image\/"}}]}},"_links":{"self":[{"href":"https:\/\/longchangchemical.com\/pt\/wp-json\/wp\/v2\/product\/3384","targetHints":{"allow":["GET"]}}],"collection":[{"href":"https:\/\/longchangchemical.com\/pt\/wp-json\/wp\/v2\/product"}],"about":[{"href":"https:\/\/longchangchemical.com\/pt\/wp-json\/wp\/v2\/types\/product"}],"replies":[{"embeddable":true,"href":"https:\/\/longchangchemical.com\/pt\/wp-json\/wp\/v2\/comments?post=3384"}],"wp:featuredmedia":[{"embeddable":true,"href":"https:\/\/longchangchemical.com\/pt\/wp-json\/wp\/v2\/media\/3385"}],"wp:attachment":[{"href":"https:\/\/longchangchemical.com\/pt\/wp-json\/wp\/v2\/media?parent=3384"}],"wp:term":[{"taxonomy":"product_brand","embeddable":true,"href":"https:\/\/longchangchemical.com\/pt\/wp-json\/wp\/v2\/product_brand?post=3384"},{"taxonomy":"product_cat","embeddable":true,"href":"https:\/\/longchangchemical.com\/pt\/wp-json\/wp\/v2\/product_cat?post=3384"},{"taxonomy":"product_tag","embeddable":true,"href":"https:\/\/longchangchemical.com\/pt\/wp-json\/wp\/v2\/product_tag?post=3384"}],"curies":[{"name":"wp","href":"https:\/\/api.w.org\/{rel}","templated":true}]}}