{"id":3382,"date":"2020-10-23T12:00:12","date_gmt":"2020-10-23T12:00:12","guid":{"rendered":"https:\/\/longchangchemical.com\/?post_type=product&#038;p=3382"},"modified":"2026-05-08T02:59:26","modified_gmt":"2026-05-08T02:59:26","slug":"hals-119-light-stabilizer-119-chimassorb-119","status":"publish","type":"product","link":"https:\/\/longchangchemical.com\/pt\/product\/hals-119-light-stabilizer-119-chimassorb-119\/","title":{"rendered":"CHLUMILS\u00ae UV-119 \/ HALS 119 \/ Estabilizador de luz 119 \/ Chimassorb 119 CAS 106990-43-6"},"content":{"rendered":"<h2><strong>Propriedades t\u00edpicas do UV-119 Chimassorb 119<\/strong><\/h2>\n<table class=\"table-1\">\n<tbody>\n<tr>\n<td width=\"284\">\n<h4><strong><b>Item<\/b><\/strong><\/h4>\n<\/td>\n<td width=\"284\">\n<h4><strong><b>Especifica\u00e7\u00f5es<\/b><\/strong><\/h4>\n<\/td>\n<\/tr>\n<tr>\n<td width=\"284\">\n<h4>Apar\u00eancia<\/h4>\n<\/td>\n<td width=\"284\">\n<h4>Gr\u00e2nulos brancos ou amarelo-claros<\/h4>\n<\/td>\n<\/tr>\n<tr>\n<td width=\"284\">\n<h4>Vol\u00e1teis<\/h4>\n<\/td>\n<td width=\"284\">\n<h4>\u22640,50%<\/h4>\n<\/td>\n<\/tr>\n<tr>\n<td width=\"284\">\n<h4>Cinza<\/h4>\n<\/td>\n<td width=\"284\">\n<h4>\u22640,1%<\/h4>\n<\/td>\n<\/tr>\n<tr>\n<td width=\"284\">\n<h4>Ponto de amolecimento<\/h4>\n<\/td>\n<td width=\"284\">\n<h4>120-135\u2103<\/h4>\n<\/td>\n<\/tr>\n<tr>\n<td width=\"284\">\n<h4>Chroma(Apah)<\/h4>\n<\/td>\n<td width=\"284\">\n<h4>\u2264100<\/h4>\n<\/td>\n<\/tr>\n<tr>\n<td width=\"284\">\n<h4>Transmiss\u00e3o de luz<\/h4>\n<h4>\uff08425nm\uff09<\/h4>\n<\/td>\n<td width=\"284\">\n<h4><\/h4>\n<h4>\u226585%<\/h4>\n<\/td>\n<\/tr>\n<tr>\n<td width=\"284\">\n<h4>Transmiss\u00e3o de luz<\/h4>\n<h4>\uff08450nm\uff09<\/h4>\n<\/td>\n<td width=\"284\">\n<h4><\/h4>\n<h4>\u226587%<\/h4>\n<\/td>\n<\/tr>\n<tr>\n<td width=\"284\">\n<h4>Transmiss\u00e3o de luz<\/h4>\n<h4>\uff08500nm\uff09<\/h4>\n<\/td>\n<td width=\"284\">\n<h4><\/h4>\n<h4>\u226589%<\/h4>\n<\/td>\n<\/tr>\n<\/tbody>\n<\/table>\n<h2><\/h2>\n<h2><strong>Uso do Chimassorb 119<\/strong><\/h2>\n<h4>1. O produto \u00e9 especialmente adequado para o uso de filme de estufa agr\u00edcola de PE, fibras de PP, PP preenchido com p\u00f3 de talco e pe\u00e7as automotivas de TPO.<br \/>\n2. Ele tamb\u00e9m pode ser usado em EVA, EPDM, PA, PET, PMMA e outros materiais, al\u00e9m de revestimentos em p\u00f3.<\/h4>\n<p>&nbsp;<\/p>\n<h2><strong>Embalagem Chimassorb 119<\/strong><\/h2>\n<h4>Caixa de 25 kg com saco pl\u00e1stico interno ou conforme a exig\u00eancia do cliente.<\/h4>\n<p>&nbsp;<\/p>\n<h2><strong>Armazenamento Chimassorb 119<\/strong><\/h2>\n<h4>Mantenha o recipiente bem fechado em um local seco e bem ventilado.<\/h4>\n<p>&nbsp;<\/p>\n<h2><strong>Produtos da mesma s\u00e9rie<\/strong><\/h2>\n<table width=\"546\">\n<tbody>\n<tr>\n<td width=\"399\">\n<h4><a href=\"https:\/\/longchangchemical.com\/pt\/product\/hals-119-light-stabilizer-119-chimassorb-119\/\"><span style=\"color: #0000ff;\">HALS 119 \/ ESTABILIZADOR DE LUZ 119 \/ CHIMASSORB 119<\/span><\/a><\/h4>\n<\/td>\n<td width=\"147\">\n<h4>106990-43-6<\/h4>\n<\/td>\n<\/tr>\n<tr>\n<td>\n<h4><a href=\"https:\/\/longchangchemical.com\/pt\/product\/light-stabilizer-123-tinuvin-123-cas-129757-67-1\/\"><span style=\"color: #0000ff;\">HALS 123 \/ ESTABILIZADOR DE LUZ 123 \/ TINUVIN 123<\/span><\/a><\/h4>\n<\/td>\n<td>\n<h4>129757-67-1<\/h4>\n<\/td>\n<\/tr>\n<tr>\n<td>\n<h4><a href=\"https:\/\/longchangchemical.com\/pt\/product\/light-stabilizer-622-tinuvin-622-cas-65447-77-0\/\"><span style=\"color: #0000ff;\">HALS 622 \/ ESTABILIZADOR DE LUZ 622 \/ TINUVIN 622<\/span><\/a><\/h4>\n<\/td>\n<td>\n<h4><span style=\"color: #000000;\">65447-77-0<\/span><\/h4>\n<\/td>\n<\/tr>\n<tr>\n<td>\n<h4><a href=\"https:\/\/longchangchemical.com\/pt\/product\/light-stabilizer-770-tinuvin-770-cas-52829-07-9\/\"><span style=\"color: #0000ff;\">HALS 770 \/ ESTABILIZADOR DE LUZ 770 \/ TINUVIN 770<\/span><\/a><\/h4>\n<\/td>\n<td>\n<h4>52829-07-9<\/h4>\n<\/td>\n<\/tr>\n<tr>\n<td>\n<h4><a href=\"https:\/\/longchangchemical.com\/pt\/product\/uv-light-stabilizer-783-tinuvin-783\/\"><span style=\"color: #0000ff;\">HALS 783 \/ ESTABILIZADOR DE LUZ UV 783 \/ TINUVIN 783<\/span><\/a><\/h4>\n<\/td>\n<td><\/td>\n<\/tr>\n<tr>\n<td>\n<h4><a href=\"https:\/\/longchangchemical.com\/pt\/product\/light-stabilizer-791-tinuvin-791\/\"><span style=\"color: #0000ff;\">HALS 791 \/ ESTABILIZADOR DE LUZ 791 \/ TINUVIN 791<\/span><\/a><\/h4>\n<\/td>\n<td><\/td>\n<\/tr>\n<tr>\n<td>\n<h4><a href=\"https:\/\/longchangchemical.com\/pt\/product\/light-stabilizer-944-cas-70624-18-9\/\"><span style=\"color: #0000ff;\">HALS 944 LIGHT STABILIZER-944 CHIMASORB 944<\/span><\/a><\/h4>\n<\/td>\n<td>\n<h4>70624-18-9 \/ 71878-19-8<\/h4>\n<\/td>\n<\/tr>\n<\/tbody>\n<\/table>\n<p>&nbsp;<\/p>\n<h2><strong><b>Entre em contato conosco agora!<\/b><\/strong><\/h2>\n<h4><strong><b>Se precisar de COA, MSDS ou TDS, preencha suas informa\u00e7\u00f5es de contato no formul\u00e1rio abaixo. Normalmente, entraremos em contato em 24 horas. Voc\u00ea tamb\u00e9m pode me enviar um e-mail <span style=\"color: #0000ff;\"><a style=\"color: #0000ff;\" href=\"mailto:info@longchangchemical.com\">info@longchangchemical.com<\/a><\/span> durante o hor\u00e1rio comercial (das 8h30 \u00e0s 18h UTC+8 de segunda a s\u00e1bado) ou use o bate-papo ao vivo do site para obter uma resposta imediata.<\/b><\/strong><\/h4>","protected":false},"excerpt":{"rendered":"<p>Nome qu\u00edmico: Chimassorb 119<\/p>\n<p>Outros nomes: HALS 119; Estabilizador de luz 119<\/p>\n<p>N\u00famero CAS: 106990-43-6<\/p>\n<p>F\u00f3rmula molecular: C132H250N32<\/p>\n<p>Peso molecular: 2285,61<\/p>\n<p>Apar\u00eancia: Gr\u00e2nulos brancos ou amarelo-claros<\/p>","protected":false},"featured_media":3383,"comment_status":"open","ping_status":"closed","template":"","meta":[],"product_brand":[],"product_cat":[104],"product_tag":[],"class_list":{"0":"post-3382","1":"product","2":"type-product","3":"status-publish","4":"has-post-thumbnail","6":"product_cat-light-stabilizer","8":"first","9":"instock","10":"shipping-taxable","11":"product-type-simple"},"yoast_head":"<!-- This site is optimized with the Yoast SEO plugin v25.3.1 - https:\/\/yoast.com\/wordpress\/plugins\/seo\/ -->\n<title>China HALS 119 \/ Light Stabilizer 119 \/ Chimassorb 119 CAS 106990-43-6 manufacturer and supplier - Longchang Chemical<\/title>\n<meta name=\"description\" content=\"Longchang Chemical is a leading manufacturer and supplier of HALS 119 \/ Light Stabilizer 119 \/ Chimassorb 119 in China. Buy Chimassorb 119 in china. We can provide the best Chimassorb 119 price.\" \/>\n<meta name=\"robots\" content=\"index, follow, max-snippet:-1, max-image-preview:large, max-video-preview:-1\" \/>\n<link rel=\"canonical\" href=\"https:\/\/longchangchemical.com\/pt\/product\/hals-119-light-stabilizer-119-chimassorb-119\/\" \/>\n<meta property=\"og:locale\" content=\"pt_BR\" \/>\n<meta property=\"og:type\" content=\"article\" \/>\n<meta property=\"og:title\" content=\"China HALS 119 \/ Light Stabilizer 119 \/ Chimassorb 119 CAS 106990-43-6 manufacturer and supplier - Longchang Chemical\" \/>\n<meta property=\"og:description\" content=\"Longchang Chemical is a leading manufacturer and supplier of HALS 119 \/ Light Stabilizer 119 \/ Chimassorb 119 in China. Buy Chimassorb 119 in china. We can provide the best Chimassorb 119 price.\" \/>\n<meta property=\"og:url\" content=\"https:\/\/longchangchemical.com\/pt\/product\/hals-119-light-stabilizer-119-chimassorb-119\/\" \/>\n<meta property=\"og:site_name\" content=\"Longchang Chemical\" \/>\n<meta property=\"article:modified_time\" content=\"2026-05-08T02:59:26+00:00\" \/>\n<meta property=\"og:image\" content=\"https:\/\/longchangchemical.com\/wp-content\/uploads\/2020\/10\/Chimassorb-119-Appearance.jpg\" \/>\n\t<meta property=\"og:image:width\" content=\"600\" \/>\n\t<meta property=\"og:image:height\" content=\"800\" \/>\n\t<meta property=\"og:image:type\" content=\"image\/jpeg\" \/>\n<meta name=\"twitter:card\" content=\"summary_large_image\" \/>\n<script type=\"application\/ld+json\" class=\"yoast-schema-graph\">{\"@context\":\"https:\/\/schema.org\",\"@graph\":[{\"@type\":\"WebPage\",\"@id\":\"https:\/\/longchangchemical.com\/product\/hals-119-light-stabilizer-119-chimassorb-119\/\",\"url\":\"https:\/\/longchangchemical.com\/product\/hals-119-light-stabilizer-119-chimassorb-119\/\",\"name\":\"China HALS 119 \/ Light Stabilizer 119 \/ Chimassorb 119 CAS 106990-43-6 manufacturer and supplier - Longchang Chemical\",\"isPartOf\":{\"@id\":\"https:\/\/longchangchemical.com\/#website\"},\"primaryImageOfPage\":{\"@id\":\"https:\/\/longchangchemical.com\/product\/hals-119-light-stabilizer-119-chimassorb-119\/#primaryimage\"},\"image\":{\"@id\":\"https:\/\/longchangchemical.com\/product\/hals-119-light-stabilizer-119-chimassorb-119\/#primaryimage\"},\"thumbnailUrl\":\"https:\/\/longchangchemical.com\/wp-content\/uploads\/2020\/10\/Chimassorb-119-Appearance.jpg\",\"datePublished\":\"2020-10-23T12:00:12+00:00\",\"dateModified\":\"2026-05-08T02:59:26+00:00\",\"description\":\"Longchang Chemical is a leading manufacturer and supplier of HALS 119 \/ Light Stabilizer 119 \/ Chimassorb 119 in China. Buy Chimassorb 119 in china. We can provide the best Chimassorb 119 price.\",\"breadcrumb\":{\"@id\":\"https:\/\/longchangchemical.com\/product\/hals-119-light-stabilizer-119-chimassorb-119\/#breadcrumb\"},\"inLanguage\":\"pt-BR\",\"potentialAction\":[{\"@type\":\"ReadAction\",\"target\":[\"https:\/\/longchangchemical.com\/product\/hals-119-light-stabilizer-119-chimassorb-119\/\"]}]},{\"@type\":\"ImageObject\",\"inLanguage\":\"pt-BR\",\"@id\":\"https:\/\/longchangchemical.com\/product\/hals-119-light-stabilizer-119-chimassorb-119\/#primaryimage\",\"url\":\"https:\/\/longchangchemical.com\/wp-content\/uploads\/2020\/10\/Chimassorb-119-Appearance.jpg\",\"contentUrl\":\"https:\/\/longchangchemical.com\/wp-content\/uploads\/2020\/10\/Chimassorb-119-Appearance.jpg\",\"width\":600,\"height\":800,\"caption\":\"Chimassorb 119 Appearance\"},{\"@type\":\"BreadcrumbList\",\"@id\":\"https:\/\/longchangchemical.com\/product\/hals-119-light-stabilizer-119-chimassorb-119\/#breadcrumb\",\"itemListElement\":[{\"@type\":\"ListItem\",\"position\":1,\"name\":\"Home\",\"item\":\"https:\/\/longchangchemical.com\/\"},{\"@type\":\"ListItem\",\"position\":2,\"name\":\"Products Longchang\",\"item\":\"https:\/\/longchangchemical.com\/product\/\"},{\"@type\":\"ListItem\",\"position\":3,\"name\":\"CHLUMILS\u00ae UV-119 \/ HALS 119 \/ Light Stabilizer 119 \/ Chimassorb 119 CAS 106990-43-6\"}]},{\"@type\":\"WebSite\",\"@id\":\"https:\/\/longchangchemical.com\/#website\",\"url\":\"https:\/\/longchangchemical.com\/\",\"name\":\"Longchang Chemical\",\"description\":\"China chemical manufacturer \uff06 supplier\",\"publisher\":{\"@id\":\"https:\/\/longchangchemical.com\/#organization\"},\"potentialAction\":[{\"@type\":\"SearchAction\",\"target\":{\"@type\":\"EntryPoint\",\"urlTemplate\":\"https:\/\/longchangchemical.com\/?s={search_term_string}\"},\"query-input\":{\"@type\":\"PropertyValueSpecification\",\"valueRequired\":true,\"valueName\":\"search_term_string\"}}],\"inLanguage\":\"pt-BR\"},{\"@type\":\"Organization\",\"@id\":\"https:\/\/longchangchemical.com\/#organization\",\"name\":\"Longchang Chemical\",\"url\":\"https:\/\/longchangchemical.com\/\",\"logo\":{\"@type\":\"ImageObject\",\"inLanguage\":\"pt-BR\",\"@id\":\"https:\/\/longchangchemical.com\/#\/schema\/logo\/image\/\",\"url\":\"https:\/\/longchangchemical.com\/wp-content\/uploads\/2020\/08\/cropped-longchang-logo.png\",\"contentUrl\":\"https:\/\/longchangchemical.com\/wp-content\/uploads\/2020\/08\/cropped-longchang-logo.png\",\"width\":512,\"height\":512,\"caption\":\"Longchang Chemical\"},\"image\":{\"@id\":\"https:\/\/longchangchemical.com\/#\/schema\/logo\/image\/\"}}]}<\/script>\n<!-- \/ Yoast SEO plugin. -->","yoast_head_json":{"title":"China HALS 119 \/ Estabilizador de luz 119 \/ Chimassorb 119 CAS 106990-43-6 fabricante e fornecedor - Longchang Chemical","description":"A Longchang Chemical \u00e9 um dos principais fabricantes e fornecedores de HALS 119 \/ Estabilizador de Luz 119 \/ Chimassorb 119 na China. Compre Chimassorb 119 na China. Podemos fornecer o melhor pre\u00e7o de Chimassorb 119.","robots":{"index":"index","follow":"follow","max-snippet":"max-snippet:-1","max-image-preview":"max-image-preview:large","max-video-preview":"max-video-preview:-1"},"canonical":"https:\/\/longchangchemical.com\/pt\/product\/hals-119-light-stabilizer-119-chimassorb-119\/","og_locale":"pt_BR","og_type":"article","og_title":"China HALS 119 \/ Light Stabilizer 119 \/ Chimassorb 119 CAS 106990-43-6 manufacturer and supplier - Longchang Chemical","og_description":"Longchang Chemical is a leading manufacturer and supplier of HALS 119 \/ Light Stabilizer 119 \/ Chimassorb 119 in China. Buy Chimassorb 119 in china. We can provide the best Chimassorb 119 price.","og_url":"https:\/\/longchangchemical.com\/pt\/product\/hals-119-light-stabilizer-119-chimassorb-119\/","og_site_name":"Longchang Chemical","article_modified_time":"2026-05-08T02:59:26+00:00","og_image":[{"width":600,"height":800,"url":"https:\/\/longchangchemical.com\/wp-content\/uploads\/2020\/10\/Chimassorb-119-Appearance.jpg","type":"image\/jpeg"}],"twitter_card":"summary_large_image","schema":{"@context":"https:\/\/schema.org","@graph":[{"@type":"WebPage","@id":"https:\/\/longchangchemical.com\/product\/hals-119-light-stabilizer-119-chimassorb-119\/","url":"https:\/\/longchangchemical.com\/product\/hals-119-light-stabilizer-119-chimassorb-119\/","name":"China HALS 119 \/ Estabilizador de luz 119 \/ Chimassorb 119 CAS 106990-43-6 fabricante e fornecedor - Longchang Chemical","isPartOf":{"@id":"https:\/\/longchangchemical.com\/#website"},"primaryImageOfPage":{"@id":"https:\/\/longchangchemical.com\/product\/hals-119-light-stabilizer-119-chimassorb-119\/#primaryimage"},"image":{"@id":"https:\/\/longchangchemical.com\/product\/hals-119-light-stabilizer-119-chimassorb-119\/#primaryimage"},"thumbnailUrl":"https:\/\/longchangchemical.com\/wp-content\/uploads\/2020\/10\/Chimassorb-119-Appearance.jpg","datePublished":"2020-10-23T12:00:12+00:00","dateModified":"2026-05-08T02:59:26+00:00","description":"A Longchang Chemical \u00e9 um dos principais fabricantes e fornecedores de HALS 119 \/ Estabilizador de Luz 119 \/ Chimassorb 119 na China. Compre Chimassorb 119 na China. Podemos fornecer o melhor pre\u00e7o de Chimassorb 119.","breadcrumb":{"@id":"https:\/\/longchangchemical.com\/product\/hals-119-light-stabilizer-119-chimassorb-119\/#breadcrumb"},"inLanguage":"pt-BR","potentialAction":[{"@type":"ReadAction","target":["https:\/\/longchangchemical.com\/product\/hals-119-light-stabilizer-119-chimassorb-119\/"]}]},{"@type":"ImageObject","inLanguage":"pt-BR","@id":"https:\/\/longchangchemical.com\/product\/hals-119-light-stabilizer-119-chimassorb-119\/#primaryimage","url":"https:\/\/longchangchemical.com\/wp-content\/uploads\/2020\/10\/Chimassorb-119-Appearance.jpg","contentUrl":"https:\/\/longchangchemical.com\/wp-content\/uploads\/2020\/10\/Chimassorb-119-Appearance.jpg","width":600,"height":800,"caption":"Chimassorb 119 Appearance"},{"@type":"BreadcrumbList","@id":"https:\/\/longchangchemical.com\/product\/hals-119-light-stabilizer-119-chimassorb-119\/#breadcrumb","itemListElement":[{"@type":"ListItem","position":1,"name":"Home","item":"https:\/\/longchangchemical.com\/"},{"@type":"ListItem","position":2,"name":"Products Longchang","item":"https:\/\/longchangchemical.com\/product\/"},{"@type":"ListItem","position":3,"name":"CHLUMILS\u00ae UV-119 \/ HALS 119 \/ Light Stabilizer 119 \/ Chimassorb 119 CAS 106990-43-6"}]},{"@type":"WebSite","@id":"https:\/\/longchangchemical.com\/#website","url":"https:\/\/longchangchemical.com\/","name":"Qu\u00edmica Longchang","description":"Fabricante de produtos qu\u00edmicos na China \uff06 fornecedor","publisher":{"@id":"https:\/\/longchangchemical.com\/#organization"},"potentialAction":[{"@type":"SearchAction","target":{"@type":"EntryPoint","urlTemplate":"https:\/\/longchangchemical.com\/?s={search_term_string}"},"query-input":{"@type":"PropertyValueSpecification","valueRequired":true,"valueName":"search_term_string"}}],"inLanguage":"pt-BR"},{"@type":"Organization","@id":"https:\/\/longchangchemical.com\/#organization","name":"Qu\u00edmica Longchang","url":"https:\/\/longchangchemical.com\/","logo":{"@type":"ImageObject","inLanguage":"pt-BR","@id":"https:\/\/longchangchemical.com\/#\/schema\/logo\/image\/","url":"https:\/\/longchangchemical.com\/wp-content\/uploads\/2020\/08\/cropped-longchang-logo.png","contentUrl":"https:\/\/longchangchemical.com\/wp-content\/uploads\/2020\/08\/cropped-longchang-logo.png","width":512,"height":512,"caption":"Longchang Chemical"},"image":{"@id":"https:\/\/longchangchemical.com\/#\/schema\/logo\/image\/"}}]}},"_links":{"self":[{"href":"https:\/\/longchangchemical.com\/pt\/wp-json\/wp\/v2\/product\/3382","targetHints":{"allow":["GET"]}}],"collection":[{"href":"https:\/\/longchangchemical.com\/pt\/wp-json\/wp\/v2\/product"}],"about":[{"href":"https:\/\/longchangchemical.com\/pt\/wp-json\/wp\/v2\/types\/product"}],"replies":[{"embeddable":true,"href":"https:\/\/longchangchemical.com\/pt\/wp-json\/wp\/v2\/comments?post=3382"}],"wp:featuredmedia":[{"embeddable":true,"href":"https:\/\/longchangchemical.com\/pt\/wp-json\/wp\/v2\/media\/3383"}],"wp:attachment":[{"href":"https:\/\/longchangchemical.com\/pt\/wp-json\/wp\/v2\/media?parent=3382"}],"wp:term":[{"taxonomy":"product_brand","embeddable":true,"href":"https:\/\/longchangchemical.com\/pt\/wp-json\/wp\/v2\/product_brand?post=3382"},{"taxonomy":"product_cat","embeddable":true,"href":"https:\/\/longchangchemical.com\/pt\/wp-json\/wp\/v2\/product_cat?post=3382"},{"taxonomy":"product_tag","embeddable":true,"href":"https:\/\/longchangchemical.com\/pt\/wp-json\/wp\/v2\/product_tag?post=3382"}],"curies":[{"name":"wp","href":"https:\/\/api.w.org\/{rel}","templated":true}]}}