{"id":3375,"date":"2020-10-22T02:49:05","date_gmt":"2020-10-22T02:49:05","guid":{"rendered":"https:\/\/longchangchemical.com\/?post_type=product&#038;p=3375"},"modified":"2026-05-08T02:59:26","modified_gmt":"2026-05-08T02:59:26","slug":"light-stabilizer-791-tinuvin-791","status":"publish","type":"product","link":"https:\/\/longchangchemical.com\/pt\/product\/light-stabilizer-791-tinuvin-791\/","title":{"rendered":"CHLUMILS\u00ae UV-791 \/ HALS 791 \/ Estabilizador de luz 791 \/ Tinuvin 791"},"content":{"rendered":"<h2><strong><b>UV-791 \/ Tinuvin <\/b><\/strong><strong><b>791<\/b><\/strong><strong><b> \/ Estabilizador de luz <\/b><\/strong><strong><b>791<\/b><\/strong><\/h2>\n<table>\n<tbody>\n<tr>\n<td colspan=\"2\" width=\"196\">\n<h4>Item<\/h4>\n<\/td>\n<td width=\"119\">\n<h4>Especifica\u00e7\u00f5es<\/h4>\n<\/td>\n<\/tr>\n<tr>\n<td colspan=\"2\" width=\"196\">\n<h4>Apar\u00eancia<\/h4>\n<\/td>\n<td width=\"119\">\n<h4>Branco com granulado amarelo claro<\/h4>\n<\/td>\n<\/tr>\n<tr>\n<td colspan=\"2\" width=\"196\">\n<h4>Faixa de fus\u00e3o<\/h4>\n<\/td>\n<td width=\"119\">\n<h4>80-130\u2103<\/h4>\n<\/td>\n<\/tr>\n<tr>\n<td colspan=\"2\" width=\"196\">\n<h4>Volatiliza\u00e7\u00e3o<\/h4>\n<\/td>\n<td width=\"119\">\n<h4>Max.0.50%<\/h4>\n<\/td>\n<\/tr>\n<tr>\n<td rowspan=\"4\" width=\"106\">\n<h4>Solubilidade @20\u2103<\/h4>\n<\/td>\n<td width=\"90\">\n<h4>\u00c1gua<\/h4>\n<\/td>\n<td width=\"119\">\n<h4>Insol\u00favel<\/h4>\n<\/td>\n<\/tr>\n<tr>\n<td width=\"90\">\n<h4>\u00c1lcool<\/h4>\n<\/td>\n<td width=\"119\">\n<h4>Sol\u00favel<\/h4>\n<\/td>\n<\/tr>\n<tr>\n<td width=\"90\">\n<h4>Benzeno<\/h4>\n<\/td>\n<td width=\"119\">\n<h4>Sol\u00favel<\/h4>\n<\/td>\n<\/tr>\n<tr>\n<td width=\"90\">\n<h4>Acetidina<\/h4>\n<\/td>\n<td width=\"119\">\n<h4>Sol\u00favel<\/h4>\n<\/td>\n<\/tr>\n<tr>\n<td rowspan=\"2\" width=\"106\">\n<h4>Transmiss\u00e3o<\/h4>\n<\/td>\n<td width=\"90\">\n<h4>425nm:<\/h4>\n<\/td>\n<td width=\"119\">\n<h4>\u226590.0%<\/h4>\n<\/td>\n<\/tr>\n<tr>\n<td width=\"90\">\n<h4>500nm:<\/h4>\n<\/td>\n<td width=\"119\">\n<h4>\u226595%<\/h4>\n<\/td>\n<\/tr>\n<tr>\n<td colspan=\"2\">\n<h4>Cinza<\/h4>\n<\/td>\n<td>\n<h4>\u22640,1%<\/h4>\n<\/td>\n<\/tr>\n<tr>\n<td colspan=\"2\">\n<h4>Densidade relativa<\/h4>\n<\/td>\n<td>\n<h4>1,11g\/cm3<\/h4>\n<\/td>\n<\/tr>\n<\/tbody>\n<\/table>\n<h2><strong><b>Tinuvin <\/b><\/strong><strong><b>791 Estrutura<\/b><\/strong><\/h2>\n<p><img decoding=\"async\" class=\"size-medium wp-image-3380\" src=\"https:\/\/longchangchemical.com\/wp-content\/uploads\/2020\/10\/Tinuvin-791-Structure-300x231.png\" alt=\"Estrutura do Tinuvin 791\" width=\"300\" height=\"231\" srcset=\"https:\/\/longchangchemical.com\/wp-content\/uploads\/2020\/10\/Tinuvin-791-Structure-300x231.png 300w, https:\/\/longchangchemical.com\/wp-content\/uploads\/2020\/10\/Tinuvin-791-Structure.png 365w\" sizes=\"(max-width: 300px) 100vw, 300px\" \/><\/p>\n<h2><strong><b>O que \u00e9 Tinuvin <\/b><\/strong><strong><b>791<\/b><\/strong><strong><b>\u00a0(Estabilizador de luz <\/b><\/strong><strong><b>791<\/b><\/strong><strong><b>) ?<\/b><\/strong><\/h2>\n<h4>O Tinuvin 791 \u00e9 uma mistura sin\u00e9rgica do Chimassorb 944 e do Tinuvin770.  HALS copolimerizado com efeito estabilizador excelente e duradouro contra luz e calor; baixa volatilidade; dificilmente extra\u00edvel.<\/h4>\n<h2><\/h2>\n<h2><strong><b>Tinuvin <\/b><\/strong><strong><b>791<\/b><\/strong><strong><b>\u00a0(Estabilizador de luz UV <\/b><\/strong><strong><b>791<\/b><\/strong><strong><b>) utiliza\u00e7\u00e3o<\/b><\/strong><\/h2>\n<h4>1. O estabilizador de luz 791 \u00e9 particularmente adequado para produtos espessos de PP, PP\/EPDM e copol\u00edmeros de PP\/PE\/EPDM e fita de PP e HDPE, proporcionando excelente prote\u00e7\u00e3o de superf\u00edcie.<\/h4>\n<h4>2. As concentra\u00e7\u00f5es do estabilizador de luz 791 variam entre 0,1 % e 1,0 %, dependendo do substrato, das condi\u00e7\u00f5es de processamento e da aplica\u00e7\u00e3o.<\/h4>\n<h4>3. O estabilizador de luz 791 pode ser usado em eletrodom\u00e9sticos, tecido \u00e0 prova de chuva, saco de tecido pl\u00e1stico, saco de cont\u00eainer, geot\u00eaxtil, grama artificial, rede \u00e0 prova de insetos e autom\u00f3veis.<\/h4>\n<h2><strong><b>Tinuvin <\/b><\/strong><strong><b>791<\/b><\/strong><strong><b>\u00a0(Estabilizador de luz UV <\/b><\/strong><strong><b>791<\/b><\/strong><strong><b>) Embalagem e envio<\/b><\/strong><\/h2>\n<h4>Embalagem: caixa de 25 kg com saco pl\u00e1stico interno ou conforme a necessidade do cliente.<\/h4>\n<p>&nbsp;<\/p>\n<h2><strong><b>Tinuvin <\/b><\/strong><strong><b>791<\/b><\/strong><strong><b>\u00a0(Estabilizador de luz UV <\/b><\/strong><strong><b>791<\/b><\/strong><strong><b>) Armazenamento<\/b><\/strong><\/h2>\n<h4>Armazenamento: Mantenha o recipiente bem fechado em um local seco e bem ventilado.<\/h4>\n<p>&nbsp;<\/p>\n<h2><strong><b>Tinuvin <\/b><\/strong><strong><b>791<\/b><\/strong><strong><b>\u00a0(Estabilizador de luz UV <\/b><\/strong><strong><b>791<\/b><\/strong><strong><b>) Seguran\u00e7a<\/b><\/strong><\/h2>\n<h4>De acordo com as boas pr\u00e1ticas industriais, manuseie com cuidado e evite contato pessoal desnecess\u00e1rio. Evite a respira\u00e7\u00e3o cont\u00ednua ou repetitiva de poeira. Use somente com ventila\u00e7\u00e3o adequada. Evite a forma\u00e7\u00e3o de poeira e fontes de igni\u00e7\u00e3o.<\/h4>\n<h3><strong>Observa\u00e7\u00e3o: evite luz solar, umidade, alta temperatura, evite contato com estabilizadores, retardadores de chama ou pesticidas que contenham enxofre ou elementos hal\u00f3genos, etc., teste antes de usar.<\/strong><\/h3>\n<p>&nbsp;<\/p>\n<h2><strong>Produtos da mesma s\u00e9rie<\/strong><\/h2>\n<table width=\"546\">\n<tbody>\n<tr>\n<td width=\"399\">\n<h4><a href=\"https:\/\/longchangchemical.com\/pt\/product\/hals-119-light-stabilizer-119-chimassorb-119\/\"><span style=\"color: #0000ff;\">HALS 119 \/ ESTABILIZADOR DE LUZ 119 \/ CHIMASSORB 119<\/span><\/a><\/h4>\n<\/td>\n<td width=\"147\">\n<h4>106990-43-6<\/h4>\n<\/td>\n<\/tr>\n<tr>\n<td>\n<h4><a href=\"https:\/\/longchangchemical.com\/pt\/product\/light-stabilizer-123-tinuvin-123-cas-129757-67-1\/\"><span style=\"color: #0000ff;\">HALS 123 \/ ESTABILIZADOR DE LUZ 123 \/ TINUVIN 123<\/span><\/a><\/h4>\n<\/td>\n<td>\n<h4>129757-67-1<\/h4>\n<\/td>\n<\/tr>\n<tr>\n<td>\n<h4><a href=\"https:\/\/longchangchemical.com\/pt\/product\/light-stabilizer-622-tinuvin-622-cas-65447-77-0\/\"><span style=\"color: #0000ff;\">HALS 622 \/ ESTABILIZADOR DE LUZ 622 \/ TINUVIN 622<\/span><\/a><\/h4>\n<\/td>\n<td>\n<h4><span style=\"color: #000000;\">65447-77-0<\/span><\/h4>\n<\/td>\n<\/tr>\n<tr>\n<td>\n<h4><a href=\"https:\/\/longchangchemical.com\/pt\/product\/light-stabilizer-770-tinuvin-770-cas-52829-07-9\/\"><span style=\"color: #0000ff;\">HALS 770 \/ ESTABILIZADOR DE LUZ 770 \/ TINUVIN 770<\/span><\/a><\/h4>\n<\/td>\n<td>\n<h4>52829-07-9<\/h4>\n<\/td>\n<\/tr>\n<tr>\n<td>\n<h4><a href=\"https:\/\/longchangchemical.com\/pt\/product\/uv-light-stabilizer-783-tinuvin-783\/\"><span style=\"color: #0000ff;\">HALS 783 \/ ESTABILIZADOR DE LUZ UV 783 \/ TINUVIN 783<\/span><\/a><\/h4>\n<\/td>\n<td><\/td>\n<\/tr>\n<tr>\n<td>\n<h4><a href=\"https:\/\/longchangchemical.com\/pt\/product\/light-stabilizer-791-tinuvin-791\/\"><span style=\"color: #0000ff;\">HALS 791 \/ ESTABILIZADOR DE LUZ 791 \/ TINUVIN 791<\/span><\/a><\/h4>\n<\/td>\n<td><\/td>\n<\/tr>\n<tr>\n<td>\n<h4><a href=\"https:\/\/longchangchemical.com\/pt\/product\/light-stabilizer-944-cas-70624-18-9\/\"><span style=\"color: #0000ff;\">HALS 944 LIGHT STABILIZER-944 CHIMASORB 944<\/span><\/a><\/h4>\n<\/td>\n<td>\n<h4>70624-18-9 \/ 71878-19-8<\/h4>\n<\/td>\n<\/tr>\n<\/tbody>\n<\/table>\n<h2><\/h2>\n<h2><strong><b>Entre em contato conosco agora!<\/b><\/strong><\/h2>\n<h4><strong><b>Se precisar de COA, MSDS ou TDS, preencha suas informa\u00e7\u00f5es de contato no formul\u00e1rio abaixo. Normalmente, entraremos em contato em 24 horas. Voc\u00ea tamb\u00e9m pode me enviar um e-mail <span style=\"color: #0000ff;\"><a style=\"color: #0000ff;\" href=\"mailto:info@longchangchemical.com\">info@longchangchemical.com<\/a><\/span> durante o hor\u00e1rio comercial (das 8h30 \u00e0s 18h UTC+8 de segunda a s\u00e1bado) ou use o bate-papo ao vivo do site para obter uma resposta imediata.<\/b><\/strong><\/h4>","protected":false},"excerpt":{"rendered":"<h4>Nome qu\u00edmico: Tinuvin 791<\/h4>\n<h4>Outros nomes: Estabilizador de luz UV 783 (estabilizador de luz composto)<\/h4>\n<h4>N\u00ba CAS: 70624-18-9 (944) + 52829-07-9 (770)<\/h4>\n<h4>Apar\u00eancia: Branco com granulado amarelo claro<\/h4>\n<h4>F\u00f3rmula qu\u00edmica: [C<sub>35<\/sub>H<sub>66<\/sub>N<sub>8<\/sub>]<sub>n<\/sub>\u00a0(n=4-5); C<sub>28<\/sub>H<sub>52<\/sub>O<sub>4<\/sub>N<sub>2<\/sub><\/h4>\n<h4>Amostra: dispon\u00edvel<\/h4>","protected":false},"featured_media":3381,"comment_status":"open","ping_status":"closed","template":"","meta":[],"product_brand":[],"product_cat":[104],"product_tag":[],"class_list":{"0":"post-3375","1":"product","2":"type-product","3":"status-publish","4":"has-post-thumbnail","6":"product_cat-light-stabilizer","8":"first","9":"instock","10":"shipping-taxable","11":"product-type-simple"},"yoast_head":"<!-- This site is optimized with the Yoast SEO plugin v25.3.1 - https:\/\/yoast.com\/wordpress\/plugins\/seo\/ -->\n<title>China HALS 791 \/ Light Stabilizer 791 \/ Tinuvin 791 manufacturer and supplier - Longchang Chemical<\/title>\n<meta name=\"description\" content=\"Longchang Chemical is a leading manufacturer and supplier of HALS 791 \/ UV Light Stabilizer 791 \/ Tinuvin 791 in China. Buy UV Light Stabilizer 791 \/ Tinuvin 791 in china. We can provide the best Tinuvin 791 price.\" \/>\n<meta name=\"robots\" content=\"index, follow, max-snippet:-1, max-image-preview:large, max-video-preview:-1\" \/>\n<link rel=\"canonical\" href=\"https:\/\/longchangchemical.com\/pt\/product\/light-stabilizer-791-tinuvin-791\/\" \/>\n<meta property=\"og:locale\" content=\"pt_BR\" \/>\n<meta property=\"og:type\" content=\"article\" \/>\n<meta property=\"og:title\" content=\"China HALS 791 \/ Light Stabilizer 791 \/ Tinuvin 791 manufacturer and supplier - Longchang Chemical\" \/>\n<meta property=\"og:description\" content=\"Longchang Chemical is a leading manufacturer and supplier of HALS 791 \/ UV Light Stabilizer 791 \/ Tinuvin 791 in China. Buy UV Light Stabilizer 791 \/ Tinuvin 791 in china. We can provide the best Tinuvin 791 price.\" \/>\n<meta property=\"og:url\" content=\"https:\/\/longchangchemical.com\/pt\/product\/light-stabilizer-791-tinuvin-791\/\" \/>\n<meta property=\"og:site_name\" content=\"Longchang Chemical\" \/>\n<meta property=\"article:modified_time\" content=\"2026-05-08T02:59:26+00:00\" \/>\n<meta property=\"og:image\" content=\"https:\/\/longchangchemical.com\/wp-content\/uploads\/2020\/10\/Tinuvin-791-Appearance.jpg\" \/>\n\t<meta property=\"og:image:width\" content=\"600\" \/>\n\t<meta property=\"og:image:height\" content=\"800\" \/>\n\t<meta property=\"og:image:type\" content=\"image\/jpeg\" \/>\n<meta name=\"twitter:card\" content=\"summary_large_image\" \/>\n<script type=\"application\/ld+json\" class=\"yoast-schema-graph\">{\"@context\":\"https:\/\/schema.org\",\"@graph\":[{\"@type\":\"WebPage\",\"@id\":\"https:\/\/longchangchemical.com\/product\/light-stabilizer-791-tinuvin-791\/\",\"url\":\"https:\/\/longchangchemical.com\/product\/light-stabilizer-791-tinuvin-791\/\",\"name\":\"China HALS 791 \/ Light Stabilizer 791 \/ Tinuvin 791 manufacturer and supplier - Longchang Chemical\",\"isPartOf\":{\"@id\":\"https:\/\/longchangchemical.com\/#website\"},\"primaryImageOfPage\":{\"@id\":\"https:\/\/longchangchemical.com\/product\/light-stabilizer-791-tinuvin-791\/#primaryimage\"},\"image\":{\"@id\":\"https:\/\/longchangchemical.com\/product\/light-stabilizer-791-tinuvin-791\/#primaryimage\"},\"thumbnailUrl\":\"https:\/\/longchangchemical.com\/wp-content\/uploads\/2020\/10\/Tinuvin-791-Appearance.jpg\",\"datePublished\":\"2020-10-22T02:49:05+00:00\",\"dateModified\":\"2026-05-08T02:59:26+00:00\",\"description\":\"Longchang Chemical is a leading manufacturer and supplier of HALS 791 \/ UV Light Stabilizer 791 \/ Tinuvin 791 in China. Buy UV Light Stabilizer 791 \/ Tinuvin 791 in china. We can provide the best Tinuvin 791 price.\",\"breadcrumb\":{\"@id\":\"https:\/\/longchangchemical.com\/product\/light-stabilizer-791-tinuvin-791\/#breadcrumb\"},\"inLanguage\":\"pt-BR\",\"potentialAction\":[{\"@type\":\"ReadAction\",\"target\":[\"https:\/\/longchangchemical.com\/product\/light-stabilizer-791-tinuvin-791\/\"]}]},{\"@type\":\"ImageObject\",\"inLanguage\":\"pt-BR\",\"@id\":\"https:\/\/longchangchemical.com\/product\/light-stabilizer-791-tinuvin-791\/#primaryimage\",\"url\":\"https:\/\/longchangchemical.com\/wp-content\/uploads\/2020\/10\/Tinuvin-791-Appearance.jpg\",\"contentUrl\":\"https:\/\/longchangchemical.com\/wp-content\/uploads\/2020\/10\/Tinuvin-791-Appearance.jpg\",\"width\":600,\"height\":800,\"caption\":\"Tinuvin 791 Appearance\"},{\"@type\":\"BreadcrumbList\",\"@id\":\"https:\/\/longchangchemical.com\/product\/light-stabilizer-791-tinuvin-791\/#breadcrumb\",\"itemListElement\":[{\"@type\":\"ListItem\",\"position\":1,\"name\":\"Home\",\"item\":\"https:\/\/longchangchemical.com\/\"},{\"@type\":\"ListItem\",\"position\":2,\"name\":\"Products Longchang\",\"item\":\"https:\/\/longchangchemical.com\/product\/\"},{\"@type\":\"ListItem\",\"position\":3,\"name\":\"CHLUMILS\u00ae UV-791 \/ HALS 791 \/ Light Stabilizer 791 \/ Tinuvin 791\"}]},{\"@type\":\"WebSite\",\"@id\":\"https:\/\/longchangchemical.com\/#website\",\"url\":\"https:\/\/longchangchemical.com\/\",\"name\":\"Longchang Chemical\",\"description\":\"China chemical manufacturer \uff06 supplier\",\"publisher\":{\"@id\":\"https:\/\/longchangchemical.com\/#organization\"},\"potentialAction\":[{\"@type\":\"SearchAction\",\"target\":{\"@type\":\"EntryPoint\",\"urlTemplate\":\"https:\/\/longchangchemical.com\/?s={search_term_string}\"},\"query-input\":{\"@type\":\"PropertyValueSpecification\",\"valueRequired\":true,\"valueName\":\"search_term_string\"}}],\"inLanguage\":\"pt-BR\"},{\"@type\":\"Organization\",\"@id\":\"https:\/\/longchangchemical.com\/#organization\",\"name\":\"Longchang Chemical\",\"url\":\"https:\/\/longchangchemical.com\/\",\"logo\":{\"@type\":\"ImageObject\",\"inLanguage\":\"pt-BR\",\"@id\":\"https:\/\/longchangchemical.com\/#\/schema\/logo\/image\/\",\"url\":\"https:\/\/longchangchemical.com\/wp-content\/uploads\/2020\/08\/cropped-longchang-logo.png\",\"contentUrl\":\"https:\/\/longchangchemical.com\/wp-content\/uploads\/2020\/08\/cropped-longchang-logo.png\",\"width\":512,\"height\":512,\"caption\":\"Longchang Chemical\"},\"image\":{\"@id\":\"https:\/\/longchangchemical.com\/#\/schema\/logo\/image\/\"}}]}<\/script>\n<!-- \/ Yoast SEO plugin. -->","yoast_head_json":{"title":"China HALS 791 \/ Estabilizador de luz 791 \/ Tinuvin 791 fabricante e fornecedor - Longchang Chemical","description":"A Longchang Chemical \u00e9 um fabricante e fornecedor l\u00edder de HALS 791 \/ Estabilizador de luz UV 791 \/ Tinuvin 791 na China. Compre Estabilizador de Luz UV 791 \/ Tinuvin 791 na China. Podemos fornecer o melhor pre\u00e7o de Tinuvin 791.","robots":{"index":"index","follow":"follow","max-snippet":"max-snippet:-1","max-image-preview":"max-image-preview:large","max-video-preview":"max-video-preview:-1"},"canonical":"https:\/\/longchangchemical.com\/pt\/product\/light-stabilizer-791-tinuvin-791\/","og_locale":"pt_BR","og_type":"article","og_title":"China HALS 791 \/ Light Stabilizer 791 \/ Tinuvin 791 manufacturer and supplier - Longchang Chemical","og_description":"Longchang Chemical is a leading manufacturer and supplier of HALS 791 \/ UV Light Stabilizer 791 \/ Tinuvin 791 in China. Buy UV Light Stabilizer 791 \/ Tinuvin 791 in china. We can provide the best Tinuvin 791 price.","og_url":"https:\/\/longchangchemical.com\/pt\/product\/light-stabilizer-791-tinuvin-791\/","og_site_name":"Longchang Chemical","article_modified_time":"2026-05-08T02:59:26+00:00","og_image":[{"width":600,"height":800,"url":"https:\/\/longchangchemical.com\/wp-content\/uploads\/2020\/10\/Tinuvin-791-Appearance.jpg","type":"image\/jpeg"}],"twitter_card":"summary_large_image","schema":{"@context":"https:\/\/schema.org","@graph":[{"@type":"WebPage","@id":"https:\/\/longchangchemical.com\/product\/light-stabilizer-791-tinuvin-791\/","url":"https:\/\/longchangchemical.com\/product\/light-stabilizer-791-tinuvin-791\/","name":"China HALS 791 \/ Estabilizador de luz 791 \/ Tinuvin 791 fabricante e fornecedor - Longchang Chemical","isPartOf":{"@id":"https:\/\/longchangchemical.com\/#website"},"primaryImageOfPage":{"@id":"https:\/\/longchangchemical.com\/product\/light-stabilizer-791-tinuvin-791\/#primaryimage"},"image":{"@id":"https:\/\/longchangchemical.com\/product\/light-stabilizer-791-tinuvin-791\/#primaryimage"},"thumbnailUrl":"https:\/\/longchangchemical.com\/wp-content\/uploads\/2020\/10\/Tinuvin-791-Appearance.jpg","datePublished":"2020-10-22T02:49:05+00:00","dateModified":"2026-05-08T02:59:26+00:00","description":"A Longchang Chemical \u00e9 um fabricante e fornecedor l\u00edder de HALS 791 \/ Estabilizador de luz UV 791 \/ Tinuvin 791 na China. Compre Estabilizador de Luz UV 791 \/ Tinuvin 791 na China. Podemos fornecer o melhor pre\u00e7o de Tinuvin 791.","breadcrumb":{"@id":"https:\/\/longchangchemical.com\/product\/light-stabilizer-791-tinuvin-791\/#breadcrumb"},"inLanguage":"pt-BR","potentialAction":[{"@type":"ReadAction","target":["https:\/\/longchangchemical.com\/product\/light-stabilizer-791-tinuvin-791\/"]}]},{"@type":"ImageObject","inLanguage":"pt-BR","@id":"https:\/\/longchangchemical.com\/product\/light-stabilizer-791-tinuvin-791\/#primaryimage","url":"https:\/\/longchangchemical.com\/wp-content\/uploads\/2020\/10\/Tinuvin-791-Appearance.jpg","contentUrl":"https:\/\/longchangchemical.com\/wp-content\/uploads\/2020\/10\/Tinuvin-791-Appearance.jpg","width":600,"height":800,"caption":"Tinuvin 791 Appearance"},{"@type":"BreadcrumbList","@id":"https:\/\/longchangchemical.com\/product\/light-stabilizer-791-tinuvin-791\/#breadcrumb","itemListElement":[{"@type":"ListItem","position":1,"name":"Home","item":"https:\/\/longchangchemical.com\/"},{"@type":"ListItem","position":2,"name":"Products Longchang","item":"https:\/\/longchangchemical.com\/product\/"},{"@type":"ListItem","position":3,"name":"CHLUMILS\u00ae UV-791 \/ HALS 791 \/ Light Stabilizer 791 \/ Tinuvin 791"}]},{"@type":"WebSite","@id":"https:\/\/longchangchemical.com\/#website","url":"https:\/\/longchangchemical.com\/","name":"Qu\u00edmica Longchang","description":"Fabricante de produtos qu\u00edmicos na China \uff06 fornecedor","publisher":{"@id":"https:\/\/longchangchemical.com\/#organization"},"potentialAction":[{"@type":"SearchAction","target":{"@type":"EntryPoint","urlTemplate":"https:\/\/longchangchemical.com\/?s={search_term_string}"},"query-input":{"@type":"PropertyValueSpecification","valueRequired":true,"valueName":"search_term_string"}}],"inLanguage":"pt-BR"},{"@type":"Organization","@id":"https:\/\/longchangchemical.com\/#organization","name":"Qu\u00edmica Longchang","url":"https:\/\/longchangchemical.com\/","logo":{"@type":"ImageObject","inLanguage":"pt-BR","@id":"https:\/\/longchangchemical.com\/#\/schema\/logo\/image\/","url":"https:\/\/longchangchemical.com\/wp-content\/uploads\/2020\/08\/cropped-longchang-logo.png","contentUrl":"https:\/\/longchangchemical.com\/wp-content\/uploads\/2020\/08\/cropped-longchang-logo.png","width":512,"height":512,"caption":"Longchang Chemical"},"image":{"@id":"https:\/\/longchangchemical.com\/#\/schema\/logo\/image\/"}}]}},"_links":{"self":[{"href":"https:\/\/longchangchemical.com\/pt\/wp-json\/wp\/v2\/product\/3375","targetHints":{"allow":["GET"]}}],"collection":[{"href":"https:\/\/longchangchemical.com\/pt\/wp-json\/wp\/v2\/product"}],"about":[{"href":"https:\/\/longchangchemical.com\/pt\/wp-json\/wp\/v2\/types\/product"}],"replies":[{"embeddable":true,"href":"https:\/\/longchangchemical.com\/pt\/wp-json\/wp\/v2\/comments?post=3375"}],"wp:featuredmedia":[{"embeddable":true,"href":"https:\/\/longchangchemical.com\/pt\/wp-json\/wp\/v2\/media\/3381"}],"wp:attachment":[{"href":"https:\/\/longchangchemical.com\/pt\/wp-json\/wp\/v2\/media?parent=3375"}],"wp:term":[{"taxonomy":"product_brand","embeddable":true,"href":"https:\/\/longchangchemical.com\/pt\/wp-json\/wp\/v2\/product_brand?post=3375"},{"taxonomy":"product_cat","embeddable":true,"href":"https:\/\/longchangchemical.com\/pt\/wp-json\/wp\/v2\/product_cat?post=3375"},{"taxonomy":"product_tag","embeddable":true,"href":"https:\/\/longchangchemical.com\/pt\/wp-json\/wp\/v2\/product_tag?post=3375"}],"curies":[{"name":"wp","href":"https:\/\/api.w.org\/{rel}","templated":true}]}}