{"id":3372,"date":"2020-10-21T07:36:33","date_gmt":"2020-10-21T07:36:33","guid":{"rendered":"https:\/\/longchangchemical.com\/?post_type=product&#038;p=3372"},"modified":"2025-04-01T05:53:53","modified_gmt":"2025-04-01T05:53:53","slug":"uv-light-stabilizer-783-tinuvin-783","status":"publish","type":"product","link":"https:\/\/longchangchemical.com\/pt\/product\/uv-light-stabilizer-783-tinuvin-783\/","title":{"rendered":"CHLUMILS\u00ae UV-783 \/ HALS 783 \/ Estabilizador de luz UV 783 \/ Tinuvin 783"},"content":{"rendered":"<h2><strong>Tinuvin 783 (Estabilizador de luz 783) Propriedades t\u00edpicas<\/strong><\/h2>\n<table class=\"table-1\">\n<tbody>\n<tr>\n<td width=\"233\">\n<h4><strong><b>Item<\/b><\/strong><\/h4>\n<\/td>\n<td width=\"276\">\n<h4><strong><b>Especifica\u00e7\u00f5es<\/b><\/strong><\/h4>\n<\/td>\n<\/tr>\n<tr>\n<td width=\"233\">\n<h4>Apar\u00eancia<\/h4>\n<\/td>\n<td width=\"276\">\n<h4>S\u00f3lido branco ou amarelo claro<\/h4>\n<\/td>\n<\/tr>\n<tr>\n<td width=\"233\">\n<h4>Transmiss\u00e3o de luz<\/h4>\n<\/td>\n<td width=\"276\">\n<h4>\u226590% \uff08425nm\uff09 \u226591.5% \uff08450nm\uff09 \u226593% \uff08500nm\uff09<\/h4>\n<\/td>\n<\/tr>\n<tr>\n<td width=\"233\">\n<h4>Chroma(Apah)<\/h4>\n<\/td>\n<td width=\"276\">\n<h4>\u2264120<\/h4>\n<\/td>\n<\/tr>\n<tr>\n<td width=\"233\">\n<h4>Ponto de fus\u00e3o<\/h4>\n<\/td>\n<td width=\"276\">\n<h4>50-130oC<\/h4>\n<\/td>\n<\/tr>\n<tr>\n<td width=\"233\">\n<h4>Vol\u00e1teis<\/h4>\n<\/td>\n<td width=\"276\">\n<h4>\u22640,5%<\/h4>\n<\/td>\n<\/tr>\n<tr>\n<td width=\"233\">\n<h4>Cinza<\/h4>\n<\/td>\n<td width=\"276\">\n<h4>\u22640,1%<\/h4>\n<\/td>\n<\/tr>\n<\/tbody>\n<\/table>\n<h2><\/h2>\n<h2>O que \u00e9 o Tinuvin 783 (estabilizador de luz UV 783)?<\/h2>\n<h4>O estabilizador de luz 783 \u00e9 um tipo de amina impedida composta de alto peso molecular<br \/>\nestabilizador de luz, que tem as caracter\u00edsticas de excelente estabilidade de luz e longa vida \u00fatil.<br \/>\nestabilidade t\u00e9rmica a longo prazo, baixa volatiliza\u00e7\u00e3o e resist\u00eancia \u00e0 extra\u00e7\u00e3o, e tem boa<br \/>\ncompatibilidade com a maioria dos pol\u00edmeros.<\/h4>\n<p>&nbsp;<\/p>\n<h2><strong>Tinuvin 783 (Estabilizador de luz UV 783) Uso t\u00edpico<\/strong><\/h2>\n<h4>1. ESTABILIZADOR DE LUZ UV 783 As \u00e1reas de aplica\u00e7\u00e3o incluem poliolefina (PP, PE), poliuretano, poliformalde\u00eddo, poliamida e poli\u00e9ster e poli\u00e9ster com elast\u00f4meros. E pode ser usado em pl\u00e1sticos de engenharia, como o ABS. Quando usado em sistema de filme agr\u00edcola de baixa concentra\u00e7\u00e3o (LDPE ou LLDPE), oferece excelentes benef\u00edcios de custo\/desempenho.<\/h4>\n<h4>2. Ele tamb\u00e9m \u00e9 o produto preferido para se\u00e7\u00f5es espessas em que \u00e9 necess\u00e1ria a aprova\u00e7\u00e3o de contato indireto com alimentos.<\/h4>\n<h4>3. <a href=\"https:\/\/longchangchemical.com\/pt\/product\/sinolistab-uv-783\/\" rel=\"nofollow\">UV 783<\/a> variam entre 0,1 % e 1,5 %, dependendo do substrato, das condi\u00e7\u00f5es de processamento e da aplica\u00e7\u00e3o.<\/h4>\n<p>&nbsp;<\/p>\n<h2><strong>Tinuvin 783 (Estabilizador de luz UV 783) Embalagem e envio<\/strong><\/h2>\n<h4>Embalagem: caixa de 25 kg com saco pl\u00e1stico interno ou conforme a necessidade do cliente.<\/h4>\n<p>&nbsp;<\/p>\n<h2><strong>Tinuvin 783 (estabilizador de luz UV 783) Armazenamento<\/strong><\/h2>\n<h4>Armazenamento: Mantenha o recipiente bem fechado em um local seco e bem ventilado.<\/h4>\n<p>&nbsp;<\/p>\n<h2><strong>Tinuvin 783 (Estabilizador de luz UV 783) Seguran\u00e7a<\/strong><\/h2>\n<h4>Recomenda-se o uso de equipamentos de prote\u00e7\u00e3o adequados. A exposi\u00e7\u00e3o excessiva ao<br \/>\nproduto deve ser evitado. Lave bem ap\u00f3s o manuseio. Todas as informa\u00e7\u00f5es de seguran\u00e7a s\u00e3o fornecidas na Ficha de Dados de Seguran\u00e7a.<\/h4>\n<p>&nbsp;<\/p>\n<h2><strong>Produtos da mesma s\u00e9rie<\/strong><\/h2>\n<table width=\"546\">\n<tbody>\n<tr>\n<td width=\"399\">\n<h4><a href=\"https:\/\/longchangchemical.com\/pt\/product\/hals-119-light-stabilizer-119-chimassorb-119\/\"><span style=\"color: #0000ff;\">HALS 119 \/ ESTABILIZADOR DE LUZ 119 \/ CHIMASSORB 119<\/span><\/a><\/h4>\n<\/td>\n<td width=\"147\">\n<h4>106990-43-6<\/h4>\n<\/td>\n<\/tr>\n<tr>\n<td>\n<h4><a href=\"https:\/\/longchangchemical.com\/pt\/product\/light-stabilizer-123-tinuvin-123-cas-129757-67-1\/\"><span style=\"color: #0000ff;\">HALS 123 \/ ESTABILIZADOR DE LUZ 123 \/ TINUVIN 123<\/span><\/a><\/h4>\n<\/td>\n<td>\n<h4>129757-67-1<\/h4>\n<\/td>\n<\/tr>\n<tr>\n<td>\n<h4><a href=\"https:\/\/longchangchemical.com\/pt\/product\/light-stabilizer-622-tinuvin-622-cas-65447-77-0\/\"><span style=\"color: #0000ff;\">HALS 622 \/ ESTABILIZADOR DE LUZ 622 \/ TINUVIN 622<\/span><\/a><\/h4>\n<\/td>\n<td>\n<h4><span style=\"color: #000000;\">65447-77-0<\/span><\/h4>\n<\/td>\n<\/tr>\n<tr>\n<td>\n<h4><a href=\"https:\/\/longchangchemical.com\/pt\/product\/light-stabilizer-770-tinuvin-770-cas-52829-07-9\/\"><span style=\"color: #0000ff;\">HALS 770 \/ ESTABILIZADOR DE LUZ 770 \/ TINUVIN 770<\/span><\/a><\/h4>\n<\/td>\n<td>\n<h4>52829-07-9<\/h4>\n<\/td>\n<\/tr>\n<tr>\n<td>\n<h4><a href=\"https:\/\/longchangchemical.com\/pt\/product\/uv-light-stabilizer-783-tinuvin-783\/\"><span style=\"color: #0000ff;\">HALS 783 \/ ESTABILIZADOR DE LUZ UV 783 \/ TINUVIN 783<\/span><\/a><\/h4>\n<\/td>\n<td><\/td>\n<\/tr>\n<tr>\n<td>\n<h4><a href=\"https:\/\/longchangchemical.com\/pt\/product\/light-stabilizer-791-tinuvin-791\/\"><span style=\"color: #0000ff;\">HALS 791 \/ ESTABILIZADOR DE LUZ 791 \/ TINUVIN 791<\/span><\/a><\/h4>\n<\/td>\n<td><\/td>\n<\/tr>\n<tr>\n<td>\n<h4><a href=\"https:\/\/longchangchemical.com\/pt\/product\/light-stabilizer-944-cas-70624-18-9\/\"><span style=\"color: #0000ff;\">HALS 944 LIGHT STABILIZER-944 CHIMASORB 944<\/span><\/a><\/h4>\n<\/td>\n<td>\n<h4>70624-18-9 \/ 71878-19-8<\/h4>\n<\/td>\n<\/tr>\n<\/tbody>\n<\/table>\n<h2><\/h2>\n<h2><strong><b>Entre em contato conosco agora!<\/b><\/strong><\/h2>\n<h4><strong><b>Se precisar de COA, MSDS ou TDS, preencha suas informa\u00e7\u00f5es de contato no formul\u00e1rio abaixo. Normalmente, entraremos em contato em 24 horas. Voc\u00ea tamb\u00e9m pode me enviar um e-mail <span style=\"color: #0000ff;\"><a style=\"color: #0000ff;\" href=\"mailto:info@longchangchemical.com\">info@longchangchemical.com<\/a><\/span> durante o hor\u00e1rio comercial (das 8h30 \u00e0s 18h UTC+8 de segunda a s\u00e1bado) ou use o bate-papo ao vivo do site para obter uma resposta imediata.<\/b><\/strong><\/h4>","protected":false},"excerpt":{"rendered":"<h4>Nome qu\u00edmico: Tinuvin 783<\/h4>\n<h4>Outros nomes: Estabilizador de luz UV 783 (estabilizador de luz composto)<\/h4>\n<h4>N\u00ba CAS: 70624-18-9 \uff08944\uff09 + 70198-29-7 \uff08622\uff09<\/h4>\n<h4>Apar\u00eancia: Part\u00edculas brancas ou amarelas claras<\/h4>\n<h4>Embalagem: caixa de 25 kg com saco pl\u00e1stico interno ou conforme a necessidade do cliente.<\/h4>\n<h4>Amostra: dispon\u00edvel<\/h4>","protected":false},"featured_media":3373,"comment_status":"open","ping_status":"closed","template":"","meta":[],"product_brand":[],"product_cat":[104],"product_tag":[],"class_list":{"0":"post-3372","1":"product","2":"type-product","3":"status-publish","4":"has-post-thumbnail","6":"product_cat-light-stabilizer","8":"first","9":"instock","10":"shipping-taxable","11":"product-type-simple"},"yoast_head":"<!-- This site is optimized with the Yoast SEO plugin v25.3.1 - https:\/\/yoast.com\/wordpress\/plugins\/seo\/ -->\n<title>China HALS 783 \/ UV Light Stabilizer 783 \/ Tinuvin 783 manufacturer and supplier - Longchang Chemical<\/title>\n<meta name=\"description\" content=\"Longchang Chemical is a leading supplier and manufacturer of HALS 783 \/ UV Light Stabilizer 783 \/ Tinuvin 783 in China. Buy UV Light Stabilizer 783 \/ Tinuvin 783 in china. We can provide the best Tinuvin 783 price. UV-783.\" \/>\n<meta name=\"robots\" content=\"index, follow, max-snippet:-1, max-image-preview:large, max-video-preview:-1\" \/>\n<link rel=\"canonical\" href=\"https:\/\/longchangchemical.com\/pt\/product\/uv-light-stabilizer-783-tinuvin-783\/\" \/>\n<meta property=\"og:locale\" content=\"pt_BR\" \/>\n<meta property=\"og:type\" content=\"article\" \/>\n<meta property=\"og:title\" content=\"China HALS 783 \/ UV Light Stabilizer 783 \/ Tinuvin 783 manufacturer and supplier - Longchang Chemical\" \/>\n<meta property=\"og:description\" content=\"Longchang Chemical is a leading supplier and manufacturer of HALS 783 \/ UV Light Stabilizer 783 \/ Tinuvin 783 in China. Buy UV Light Stabilizer 783 \/ Tinuvin 783 in china. We can provide the best Tinuvin 783 price. UV-783.\" \/>\n<meta property=\"og:url\" content=\"https:\/\/longchangchemical.com\/pt\/product\/uv-light-stabilizer-783-tinuvin-783\/\" \/>\n<meta property=\"og:site_name\" content=\"Longchang Chemical\" \/>\n<meta property=\"article:modified_time\" content=\"2025-04-01T05:53:53+00:00\" \/>\n<meta property=\"og:image\" content=\"https:\/\/longchangchemical.com\/wp-content\/uploads\/2020\/10\/Tinuvin-783-UV-Light-stabilizer-783-appearance-2.jpg\" \/>\n\t<meta property=\"og:image:width\" content=\"600\" \/>\n\t<meta property=\"og:image:height\" content=\"800\" \/>\n\t<meta property=\"og:image:type\" content=\"image\/jpeg\" \/>\n<meta name=\"twitter:card\" content=\"summary_large_image\" \/>\n<script type=\"application\/ld+json\" class=\"yoast-schema-graph\">{\"@context\":\"https:\/\/schema.org\",\"@graph\":[{\"@type\":\"WebPage\",\"@id\":\"https:\/\/longchangchemical.com\/product\/uv-light-stabilizer-783-tinuvin-783\/\",\"url\":\"https:\/\/longchangchemical.com\/product\/uv-light-stabilizer-783-tinuvin-783\/\",\"name\":\"China HALS 783 \/ UV Light Stabilizer 783 \/ Tinuvin 783 manufacturer and supplier - Longchang Chemical\",\"isPartOf\":{\"@id\":\"https:\/\/longchangchemical.com\/#website\"},\"primaryImageOfPage\":{\"@id\":\"https:\/\/longchangchemical.com\/product\/uv-light-stabilizer-783-tinuvin-783\/#primaryimage\"},\"image\":{\"@id\":\"https:\/\/longchangchemical.com\/product\/uv-light-stabilizer-783-tinuvin-783\/#primaryimage\"},\"thumbnailUrl\":\"https:\/\/longchangchemical.com\/wp-content\/uploads\/2020\/10\/Tinuvin-783-UV-Light-stabilizer-783-appearance-2.jpg\",\"datePublished\":\"2020-10-21T07:36:33+00:00\",\"dateModified\":\"2025-04-01T05:53:53+00:00\",\"description\":\"Longchang Chemical is a leading supplier and manufacturer of HALS 783 \/ UV Light Stabilizer 783 \/ Tinuvin 783 in China. Buy UV Light Stabilizer 783 \/ Tinuvin 783 in china. We can provide the best Tinuvin 783 price. UV-783.\",\"breadcrumb\":{\"@id\":\"https:\/\/longchangchemical.com\/product\/uv-light-stabilizer-783-tinuvin-783\/#breadcrumb\"},\"inLanguage\":\"pt-BR\",\"potentialAction\":[{\"@type\":\"ReadAction\",\"target\":[\"https:\/\/longchangchemical.com\/product\/uv-light-stabilizer-783-tinuvin-783\/\"]}]},{\"@type\":\"ImageObject\",\"inLanguage\":\"pt-BR\",\"@id\":\"https:\/\/longchangchemical.com\/product\/uv-light-stabilizer-783-tinuvin-783\/#primaryimage\",\"url\":\"https:\/\/longchangchemical.com\/wp-content\/uploads\/2020\/10\/Tinuvin-783-UV-Light-stabilizer-783-appearance-2.jpg\",\"contentUrl\":\"https:\/\/longchangchemical.com\/wp-content\/uploads\/2020\/10\/Tinuvin-783-UV-Light-stabilizer-783-appearance-2.jpg\",\"width\":600,\"height\":800,\"caption\":\"Tinuvin 783 (UV Light stabilizer 783) appearance (2)\"},{\"@type\":\"BreadcrumbList\",\"@id\":\"https:\/\/longchangchemical.com\/product\/uv-light-stabilizer-783-tinuvin-783\/#breadcrumb\",\"itemListElement\":[{\"@type\":\"ListItem\",\"position\":1,\"name\":\"Home\",\"item\":\"https:\/\/longchangchemical.com\/\"},{\"@type\":\"ListItem\",\"position\":2,\"name\":\"Products Longchang\",\"item\":\"https:\/\/longchangchemical.com\/product\/\"},{\"@type\":\"ListItem\",\"position\":3,\"name\":\"CHLUMILS\u00ae UV-783 \/ HALS 783 \/ UV Light Stabilizer 783 \/ Tinuvin 783\"}]},{\"@type\":\"WebSite\",\"@id\":\"https:\/\/longchangchemical.com\/#website\",\"url\":\"https:\/\/longchangchemical.com\/\",\"name\":\"Longchang Chemical\",\"description\":\"China chemical manufacturer \uff06 supplier\",\"publisher\":{\"@id\":\"https:\/\/longchangchemical.com\/#organization\"},\"potentialAction\":[{\"@type\":\"SearchAction\",\"target\":{\"@type\":\"EntryPoint\",\"urlTemplate\":\"https:\/\/longchangchemical.com\/?s={search_term_string}\"},\"query-input\":{\"@type\":\"PropertyValueSpecification\",\"valueRequired\":true,\"valueName\":\"search_term_string\"}}],\"inLanguage\":\"pt-BR\"},{\"@type\":\"Organization\",\"@id\":\"https:\/\/longchangchemical.com\/#organization\",\"name\":\"Longchang Chemical\",\"url\":\"https:\/\/longchangchemical.com\/\",\"logo\":{\"@type\":\"ImageObject\",\"inLanguage\":\"pt-BR\",\"@id\":\"https:\/\/longchangchemical.com\/#\/schema\/logo\/image\/\",\"url\":\"https:\/\/longchangchemical.com\/wp-content\/uploads\/2020\/08\/cropped-longchang-logo.png\",\"contentUrl\":\"https:\/\/longchangchemical.com\/wp-content\/uploads\/2020\/08\/cropped-longchang-logo.png\",\"width\":512,\"height\":512,\"caption\":\"Longchang Chemical\"},\"image\":{\"@id\":\"https:\/\/longchangchemical.com\/#\/schema\/logo\/image\/\"}}]}<\/script>\n<!-- \/ Yoast SEO plugin. -->","yoast_head_json":{"title":"China HALS 783 \/ Estabilizador de luz UV 783 \/ Tinuvin 783 fabricante e fornecedor - Longchang Chemical","description":"A Longchang Chemical \u00e9 uma fornecedora l\u00edder e fabricante de HALS 783 \/ Estabilizador de Luz UV 783 \/ Tinuvin 783 na China. Compre Estabilizador de Luz UV 783 \/ Tinuvin 783 na China. Podemos fornecer o melhor pre\u00e7o para o Tinuvin 783. UV-783.","robots":{"index":"index","follow":"follow","max-snippet":"max-snippet:-1","max-image-preview":"max-image-preview:large","max-video-preview":"max-video-preview:-1"},"canonical":"https:\/\/longchangchemical.com\/pt\/product\/uv-light-stabilizer-783-tinuvin-783\/","og_locale":"pt_BR","og_type":"article","og_title":"China HALS 783 \/ UV Light Stabilizer 783 \/ Tinuvin 783 manufacturer and supplier - Longchang Chemical","og_description":"Longchang Chemical is a leading supplier and manufacturer of HALS 783 \/ UV Light Stabilizer 783 \/ Tinuvin 783 in China. Buy UV Light Stabilizer 783 \/ Tinuvin 783 in china. We can provide the best Tinuvin 783 price. UV-783.","og_url":"https:\/\/longchangchemical.com\/pt\/product\/uv-light-stabilizer-783-tinuvin-783\/","og_site_name":"Longchang Chemical","article_modified_time":"2025-04-01T05:53:53+00:00","og_image":[{"width":600,"height":800,"url":"https:\/\/longchangchemical.com\/wp-content\/uploads\/2020\/10\/Tinuvin-783-UV-Light-stabilizer-783-appearance-2.jpg","type":"image\/jpeg"}],"twitter_card":"summary_large_image","schema":{"@context":"https:\/\/schema.org","@graph":[{"@type":"WebPage","@id":"https:\/\/longchangchemical.com\/product\/uv-light-stabilizer-783-tinuvin-783\/","url":"https:\/\/longchangchemical.com\/product\/uv-light-stabilizer-783-tinuvin-783\/","name":"China HALS 783 \/ Estabilizador de luz UV 783 \/ Tinuvin 783 fabricante e fornecedor - Longchang Chemical","isPartOf":{"@id":"https:\/\/longchangchemical.com\/#website"},"primaryImageOfPage":{"@id":"https:\/\/longchangchemical.com\/product\/uv-light-stabilizer-783-tinuvin-783\/#primaryimage"},"image":{"@id":"https:\/\/longchangchemical.com\/product\/uv-light-stabilizer-783-tinuvin-783\/#primaryimage"},"thumbnailUrl":"https:\/\/longchangchemical.com\/wp-content\/uploads\/2020\/10\/Tinuvin-783-UV-Light-stabilizer-783-appearance-2.jpg","datePublished":"2020-10-21T07:36:33+00:00","dateModified":"2025-04-01T05:53:53+00:00","description":"A Longchang Chemical \u00e9 uma fornecedora l\u00edder e fabricante de HALS 783 \/ Estabilizador de Luz UV 783 \/ Tinuvin 783 na China. Compre Estabilizador de Luz UV 783 \/ Tinuvin 783 na China. Podemos fornecer o melhor pre\u00e7o para o Tinuvin 783. UV-783.","breadcrumb":{"@id":"https:\/\/longchangchemical.com\/product\/uv-light-stabilizer-783-tinuvin-783\/#breadcrumb"},"inLanguage":"pt-BR","potentialAction":[{"@type":"ReadAction","target":["https:\/\/longchangchemical.com\/product\/uv-light-stabilizer-783-tinuvin-783\/"]}]},{"@type":"ImageObject","inLanguage":"pt-BR","@id":"https:\/\/longchangchemical.com\/product\/uv-light-stabilizer-783-tinuvin-783\/#primaryimage","url":"https:\/\/longchangchemical.com\/wp-content\/uploads\/2020\/10\/Tinuvin-783-UV-Light-stabilizer-783-appearance-2.jpg","contentUrl":"https:\/\/longchangchemical.com\/wp-content\/uploads\/2020\/10\/Tinuvin-783-UV-Light-stabilizer-783-appearance-2.jpg","width":600,"height":800,"caption":"Tinuvin 783 (UV Light stabilizer 783) appearance (2)"},{"@type":"BreadcrumbList","@id":"https:\/\/longchangchemical.com\/product\/uv-light-stabilizer-783-tinuvin-783\/#breadcrumb","itemListElement":[{"@type":"ListItem","position":1,"name":"Home","item":"https:\/\/longchangchemical.com\/"},{"@type":"ListItem","position":2,"name":"Products Longchang","item":"https:\/\/longchangchemical.com\/product\/"},{"@type":"ListItem","position":3,"name":"CHLUMILS\u00ae UV-783 \/ HALS 783 \/ UV Light Stabilizer 783 \/ Tinuvin 783"}]},{"@type":"WebSite","@id":"https:\/\/longchangchemical.com\/#website","url":"https:\/\/longchangchemical.com\/","name":"Qu\u00edmica Longchang","description":"Fabricante de produtos qu\u00edmicos na China \uff06 fornecedor","publisher":{"@id":"https:\/\/longchangchemical.com\/#organization"},"potentialAction":[{"@type":"SearchAction","target":{"@type":"EntryPoint","urlTemplate":"https:\/\/longchangchemical.com\/?s={search_term_string}"},"query-input":{"@type":"PropertyValueSpecification","valueRequired":true,"valueName":"search_term_string"}}],"inLanguage":"pt-BR"},{"@type":"Organization","@id":"https:\/\/longchangchemical.com\/#organization","name":"Qu\u00edmica Longchang","url":"https:\/\/longchangchemical.com\/","logo":{"@type":"ImageObject","inLanguage":"pt-BR","@id":"https:\/\/longchangchemical.com\/#\/schema\/logo\/image\/","url":"https:\/\/longchangchemical.com\/wp-content\/uploads\/2020\/08\/cropped-longchang-logo.png","contentUrl":"https:\/\/longchangchemical.com\/wp-content\/uploads\/2020\/08\/cropped-longchang-logo.png","width":512,"height":512,"caption":"Longchang Chemical"},"image":{"@id":"https:\/\/longchangchemical.com\/#\/schema\/logo\/image\/"}}]}},"_links":{"self":[{"href":"https:\/\/longchangchemical.com\/pt\/wp-json\/wp\/v2\/product\/3372","targetHints":{"allow":["GET"]}}],"collection":[{"href":"https:\/\/longchangchemical.com\/pt\/wp-json\/wp\/v2\/product"}],"about":[{"href":"https:\/\/longchangchemical.com\/pt\/wp-json\/wp\/v2\/types\/product"}],"replies":[{"embeddable":true,"href":"https:\/\/longchangchemical.com\/pt\/wp-json\/wp\/v2\/comments?post=3372"}],"wp:featuredmedia":[{"embeddable":true,"href":"https:\/\/longchangchemical.com\/pt\/wp-json\/wp\/v2\/media\/3373"}],"wp:attachment":[{"href":"https:\/\/longchangchemical.com\/pt\/wp-json\/wp\/v2\/media?parent=3372"}],"wp:term":[{"taxonomy":"product_brand","embeddable":true,"href":"https:\/\/longchangchemical.com\/pt\/wp-json\/wp\/v2\/product_brand?post=3372"},{"taxonomy":"product_cat","embeddable":true,"href":"https:\/\/longchangchemical.com\/pt\/wp-json\/wp\/v2\/product_cat?post=3372"},{"taxonomy":"product_tag","embeddable":true,"href":"https:\/\/longchangchemical.com\/pt\/wp-json\/wp\/v2\/product_tag?post=3372"}],"curies":[{"name":"wp","href":"https:\/\/api.w.org\/{rel}","templated":true}]}}